{"id":22551,"date":"2025-10-07T16:11:02","date_gmt":"2025-10-07T13:11:02","guid":{"rendered":"https:\/\/ranoja.ee\/?post_type=product&#038;p=22551"},"modified":"2026-04-08T10:00:06","modified_gmt":"2026-04-08T07:00:06","slug":"konner-sohnen-akutoitel-kompressoriga-kaivitusabi-ks-jsp-1300","status":"publish","type":"product","link":"https:\/\/ranoja.ee\/en\/toode\/konner-sohnen-akutoitel-kompressoriga-kaivitusabi-ks-jsp-1300\/","title":{"rendered":"K\u00f6nner &#038; S\u00f6hnen akutoitel kompressoriga k\u00e4ivitusabi KS JSP-1300"},"content":{"rendered":"<p>K\u00f6nner &#038; S\u00f6hnen akutoitel kompressoriga k\u00e4ivitusabi KS JSP-1300<\/p>\n<p>Universaalne ja v\u00f5imas mitmefunktsiooniline seade, mis \u00fchendab endas auto k\u00e4ivitusabi, \u00f5hukompressori ja kaasaskantava varutoiteallika. See praktiline abimees on loodud pakkuma usaldusv\u00e4\u00e4rset tuge nii igap\u00e4evases kasutuses kui ka h\u00e4daolukordades. Muutes selle asendamatuks kaaslaseks igale autojuhile. KS JSP-1300 tagab kiire ja ohutu mootori k\u00e4ivitamise ka siis, kui aku on t\u00e4iesti t\u00fchi v\u00f5i ilm on k\u00fclm.<\/p>\n<p>T\u00e4nu oma tippvoolule kuni 1300 A suudab seade k\u00e4ivitada bensiinimootoriga s\u00f5idukeid kuni 6,5 liitrit ja diiselmootoriga kuni 4,5 liitrit. Sobides seega nii s\u00f5iduautodele, maasturitele, v\u00e4ikekaubikutele kui ka mootorratastele. V\u00f5imas liitiumioonaku tagab pika t\u00f6\u00f6ea ja v\u00f5imaluse teha mitu k\u00e4ivitusts\u00fcklit \u00fche laadimisega.<\/p>\n<p>Sisseehitatud \u00f5hukompressor muudab KS JSP-1300 eriti mitmek\u00fclgseks \u2013 sellega saab kiiresti ja mugavalt t\u00e4is pumbata autorehve, jalgrattakumme, palli v\u00f5i muid t\u00e4ispuhutavaid esemeid. Selge ja loetav manomeeter tagab t\u00e4pse r\u00f5hu j\u00e4lgimise, mis muudab kasutamise turvaliseks ja lihtsaks.<\/p>\n<p>Lisaks on seadmel USB- ja 12V DC-v\u00e4ljundid, mis v\u00f5imaldavad laadida erinevaid elektroonikaseadmeid, nagu mobiiltelefone, tahvleid, kaameraid v\u00f5i s\u00fclearvuteid. Sisseehitatud LED-taskulamp pakub kolme t\u00f6\u00f6re\u017eiimi (pidev valgus, vilkur ja SOS), mis on eriti kasulikud \u00f6istes v\u00f5i h\u00e4daolukordades.<\/p>\n<p>KS JSP-1300 on varustatud t\u00e4ieliku kaitses\u00fcsteemiga, mis hoiab \u00e4ra \u00fclelaadimise, \u00fclekuumenemise, l\u00fchise ja p\u00f6\u00f6rdpolaarsuse. Tugev ja kompaktne korpus tagab seadme vastupidavuse ning mugava kaasaskandmise.<\/p>\n<p>T\u00f5hus ja t\u00f6\u00f6kindel kolm-\u00fches lahendus, mis tagab, et teie s\u00f5iduk k\u00e4ivitub alati, rehvir\u00f5hk on korras ning elektroonilised seadmed saavad vajadusel toidet ka liikvel olles.<\/p>\n<p>K\u00f6nner &#038; S\u00f6hnen akutoitel kompressoriga k\u00e4ivitusabi KS JSP-1300<\/p>\n","protected":false},"excerpt":{"rendered":"<p>K\u00f6nner &#038; S\u00f6hnen akutoitel kompressoriga k\u00e4ivitusabi KS JSP-1300<br \/>\nAku t\u00fc\u00fcp: Liitiumioonaku<br \/>\nLiitiumioonaku mahutavus: 16 000 mAh (4 x 4000 mAh)<br \/>\nMaksimaalne pneumaatiline r\u00f5hk: 150 psi<br \/>\nMaksimaalne \u00f5huhulk: 26 l\/min<br \/>\nUSB-v\u00e4ljund: 2\u00d75V\/3A, 9V\/2A, 12V\/1,5A<br \/>\nLED-taskulamp<br \/>\nNimik\u00e4ivitusvool: 650 A<br \/>\nTippvool: 1300 A<br \/>\nLaadimisaeg: 4-5 tundi<br \/>\nT\u00f6\u00f6temperatuur \u00b0C: -20 \u00b0C &#8230; +60 \u00b0C<br \/>\nM\u00f5\u00f5tmed (P x L x K): 205 \u00d7 105 \u00d7 58 mm<br \/>\nKaal: 1.74 kg<br \/>\n<strong>Eeldatav tarneaeg 1-7 t\u00f6\u00f6p\u00e4eva<\/strong><\/p>\n","protected":false},"featured_media":22556,"template":"","meta":{"inline_featured_image":false},"product_cat":[1101,1094,1090,121,120],"product_tag":[293,2302,292,1813,2307],"class_list":{"0":"post-22551","1":"product","2":"type-product","3":"status-publish","4":"has-post-thumbnail","6":"product_brand-konner-sohnen","7":"product_cat-akukompressorid","8":"product_cat-akutooriistad","9":"product_cat-ehitustehnika","10":"product_cat-kaivitusakud-ja-laadijad","11":"product_cat-kompressorid","12":"product_tag-akukompressor","13":"product_tag-kaivitusabi","14":"product_tag-kompressor","15":"product_tag-konner-sohnen","16":"product_tag-ks-jsp-1300","18":"first","19":"outofstock","20":"taxable","21":"shipping-taxable","22":"purchasable","23":"product-type-simple"},"yoast_head":"<!-- This site is optimized with the Yoast SEO plugin v27.4 - https:\/\/yoast.com\/product\/yoast-seo-wordpress\/ -->\n<title>K\u00f6nner &amp; S\u00f6hnen akutoitel kompressoriga k\u00e4ivitusabi KS JSP-1300<\/title>\n<meta name=\"description\" content=\"K\u00f6nner &amp; S\u00f6hnen akutoitel kompressoriga k\u00e4ivitusabi KS JSP-1300 Suudab k\u00e4ivitada bensiinimootoriga s\u00f5idukeid kuni 6,5 l ja diiselmootoriga kuni 4,5 liitrit.\" \/>\n<meta name=\"robots\" content=\"index, follow, max-snippet:-1, max-image-preview:large, max-video-preview:-1\" \/>\n<link rel=\"canonical\" href=\"https:\/\/ranoja.ee\/toode\/konner-sohnen-akutoitel-kompressoriga-kaivitusabi-ks-jsp-1300\/\" \/>\n<meta property=\"og:locale\" content=\"en_US\" \/>\n<meta property=\"og:type\" content=\"article\" \/>\n<meta property=\"og:title\" content=\"K\u00f6nner &amp; S\u00f6hnen akutoitel kompressoriga k\u00e4ivitusabi KS JSP-1300\" \/>\n<meta property=\"og:description\" content=\"K\u00f6nner &amp; S\u00f6hnen akutoitel kompressoriga k\u00e4ivitusabi KS JSP-1300 Suudab k\u00e4ivitada bensiinimootoriga s\u00f5idukeid kuni 6,5 l ja diiselmootoriga kuni 4,5 liitrit.\" \/>\n<meta property=\"og:url\" content=\"https:\/\/ranoja.ee\/toode\/konner-sohnen-akutoitel-kompressoriga-kaivitusabi-ks-jsp-1300\/\" \/>\n<meta property=\"og:site_name\" content=\"Ranoja\" \/>\n<meta property=\"article:publisher\" content=\"https:\/\/www.facebook.com\/ranoja.ee\" \/>\n<meta property=\"article:modified_time\" content=\"2026-04-08T07:00:06+00:00\" \/>\n<meta property=\"og:image\" content=\"https:\/\/ranoja.ee\/wp-content\/uploads\/2025\/10\/Konner-Sohnen-akutoitel-kompressoriga-kaivitusabi-KS-JSP-1300.webp\" \/>\n\t<meta property=\"og:image:width\" content=\"1600\" \/>\n\t<meta property=\"og:image:height\" content=\"1200\" \/>\n\t<meta property=\"og:image:type\" content=\"image\/webp\" \/>\n<meta name=\"twitter:card\" content=\"summary_large_image\" \/>\n<meta name=\"twitter:label1\" content=\"Est. reading time\" \/>\n\t<meta name=\"twitter:data1\" content=\"2 minutes\" \/>\n<script type=\"application\/ld+json\" class=\"yoast-schema-graph\">{\"@context\":\"https:\\\/\\\/schema.org\",\"@graph\":[{\"@type\":\"WebPage\",\"@id\":\"https:\\\/\\\/ranoja.ee\\\/toode\\\/konner-sohnen-akutoitel-kompressoriga-kaivitusabi-ks-jsp-1300\\\/\",\"url\":\"https:\\\/\\\/ranoja.ee\\\/toode\\\/konner-sohnen-akutoitel-kompressoriga-kaivitusabi-ks-jsp-1300\\\/\",\"name\":\"K\u00f6nner & S\u00f6hnen akutoitel kompressoriga k\u00e4ivitusabi KS JSP-1300\",\"isPartOf\":{\"@id\":\"https:\\\/\\\/ranoja.ee\\\/#website\"},\"primaryImageOfPage\":{\"@id\":\"https:\\\/\\\/ranoja.ee\\\/toode\\\/konner-sohnen-akutoitel-kompressoriga-kaivitusabi-ks-jsp-1300\\\/#primaryimage\"},\"image\":{\"@id\":\"https:\\\/\\\/ranoja.ee\\\/toode\\\/konner-sohnen-akutoitel-kompressoriga-kaivitusabi-ks-jsp-1300\\\/#primaryimage\"},\"thumbnailUrl\":\"https:\\\/\\\/ranoja.ee\\\/wp-content\\\/uploads\\\/2025\\\/10\\\/Konner-Sohnen-akutoitel-kompressoriga-kaivitusabi-KS-JSP-1300.webp\",\"datePublished\":\"2025-10-07T13:11:02+00:00\",\"dateModified\":\"2026-04-08T07:00:06+00:00\",\"description\":\"K\u00f6nner & S\u00f6hnen akutoitel kompressoriga k\u00e4ivitusabi KS JSP-1300 Suudab k\u00e4ivitada bensiinimootoriga s\u00f5idukeid kuni 6,5 l ja diiselmootoriga kuni 4,5 liitrit.\",\"breadcrumb\":{\"@id\":\"https:\\\/\\\/ranoja.ee\\\/toode\\\/konner-sohnen-akutoitel-kompressoriga-kaivitusabi-ks-jsp-1300\\\/#breadcrumb\"},\"inLanguage\":\"en-US\",\"potentialAction\":[{\"@type\":\"ReadAction\",\"target\":[\"https:\\\/\\\/ranoja.ee\\\/toode\\\/konner-sohnen-akutoitel-kompressoriga-kaivitusabi-ks-jsp-1300\\\/\"]}]},{\"@type\":\"ImageObject\",\"inLanguage\":\"en-US\",\"@id\":\"https:\\\/\\\/ranoja.ee\\\/toode\\\/konner-sohnen-akutoitel-kompressoriga-kaivitusabi-ks-jsp-1300\\\/#primaryimage\",\"url\":\"https:\\\/\\\/ranoja.ee\\\/wp-content\\\/uploads\\\/2025\\\/10\\\/Konner-Sohnen-akutoitel-kompressoriga-kaivitusabi-KS-JSP-1300.webp\",\"contentUrl\":\"https:\\\/\\\/ranoja.ee\\\/wp-content\\\/uploads\\\/2025\\\/10\\\/Konner-Sohnen-akutoitel-kompressoriga-kaivitusabi-KS-JSP-1300.webp\",\"width\":1600,\"height\":1200,\"caption\":\"K\u00f6nner & S\u00f6hnen akutoitel kompressoriga k\u00e4ivitusabi KS JSP-1300\"},{\"@type\":\"BreadcrumbList\",\"@id\":\"https:\\\/\\\/ranoja.ee\\\/toode\\\/konner-sohnen-akutoitel-kompressoriga-kaivitusabi-ks-jsp-1300\\\/#breadcrumb\",\"itemListElement\":[{\"@type\":\"ListItem\",\"position\":1,\"name\":\"Home\",\"item\":\"https:\\\/\\\/ranoja.ee\\\/\"},{\"@type\":\"ListItem\",\"position\":2,\"name\":\"Shop\",\"item\":\"https:\\\/\\\/ranoja.ee\\\/en\\\/shop\\\/\"},{\"@type\":\"ListItem\",\"position\":3,\"name\":\"K\u00f6nner &#038; S\u00f6hnen akutoitel kompressoriga k\u00e4ivitusabi KS JSP-1300\"}]},{\"@type\":\"WebSite\",\"@id\":\"https:\\\/\\\/ranoja.ee\\\/#website\",\"url\":\"https:\\\/\\\/ranoja.ee\\\/\",\"name\":\"Ranoja\",\"description\":\"Equipment Shop WooCommerce WordPress Theme for Machine &amp; Tools\",\"publisher\":{\"@id\":\"https:\\\/\\\/ranoja.ee\\\/#organization\"},\"potentialAction\":[{\"@type\":\"SearchAction\",\"target\":{\"@type\":\"EntryPoint\",\"urlTemplate\":\"https:\\\/\\\/ranoja.ee\\\/?s={search_term_string}\"},\"query-input\":{\"@type\":\"PropertyValueSpecification\",\"valueRequired\":true,\"valueName\":\"search_term_string\"}}],\"inLanguage\":\"en-US\"},{\"@type\":\"Organization\",\"@id\":\"https:\\\/\\\/ranoja.ee\\\/#organization\",\"name\":\"Ranoja O\u00dc\",\"url\":\"https:\\\/\\\/ranoja.ee\\\/\",\"logo\":{\"@type\":\"ImageObject\",\"inLanguage\":\"en-US\",\"@id\":\"https:\\\/\\\/ranoja.ee\\\/#\\\/schema\\\/logo\\\/image\\\/\",\"url\":\"https:\\\/\\\/ranoja.ee\\\/wp-content\\\/uploads\\\/2023\\\/11\\\/ranoja-Logo.png\",\"contentUrl\":\"https:\\\/\\\/ranoja.ee\\\/wp-content\\\/uploads\\\/2023\\\/11\\\/ranoja-Logo.png\",\"width\":207,\"height\":58,\"caption\":\"Ranoja O\u00dc\"},\"image\":{\"@id\":\"https:\\\/\\\/ranoja.ee\\\/#\\\/schema\\\/logo\\\/image\\\/\"},\"sameAs\":[\"https:\\\/\\\/www.facebook.com\\\/ranoja.ee\",\"https:\\\/\\\/www.instagram.com\\\/ranoja__\\\/\"]}]}<\/script>\n<!-- \/ Yoast SEO plugin. -->","yoast_head_json":{"title":"K\u00f6nner & S\u00f6hnen akutoitel kompressoriga k\u00e4ivitusabi KS JSP-1300","description":"K\u00f6nner & S\u00f6hnen akutoitel kompressoriga k\u00e4ivitusabi KS JSP-1300 Suudab k\u00e4ivitada bensiinimootoriga s\u00f5idukeid kuni 6,5 l ja diiselmootoriga kuni 4,5 liitrit.","robots":{"index":"index","follow":"follow","max-snippet":"max-snippet:-1","max-image-preview":"max-image-preview:large","max-video-preview":"max-video-preview:-1"},"canonical":"https:\/\/ranoja.ee\/toode\/konner-sohnen-akutoitel-kompressoriga-kaivitusabi-ks-jsp-1300\/","og_locale":"en_US","og_type":"article","og_title":"K\u00f6nner & S\u00f6hnen akutoitel kompressoriga k\u00e4ivitusabi KS JSP-1300","og_description":"K\u00f6nner & S\u00f6hnen akutoitel kompressoriga k\u00e4ivitusabi KS JSP-1300 Suudab k\u00e4ivitada bensiinimootoriga s\u00f5idukeid kuni 6,5 l ja diiselmootoriga kuni 4,5 liitrit.","og_url":"https:\/\/ranoja.ee\/toode\/konner-sohnen-akutoitel-kompressoriga-kaivitusabi-ks-jsp-1300\/","og_site_name":"Ranoja","article_publisher":"https:\/\/www.facebook.com\/ranoja.ee","article_modified_time":"2026-04-08T07:00:06+00:00","og_image":[{"width":1600,"height":1200,"url":"https:\/\/ranoja.ee\/wp-content\/uploads\/2025\/10\/Konner-Sohnen-akutoitel-kompressoriga-kaivitusabi-KS-JSP-1300.webp","type":"image\/webp"}],"twitter_card":"summary_large_image","twitter_misc":{"Est. reading time":"2 minutes"},"schema":{"@context":"https:\/\/schema.org","@graph":[{"@type":"WebPage","@id":"https:\/\/ranoja.ee\/toode\/konner-sohnen-akutoitel-kompressoriga-kaivitusabi-ks-jsp-1300\/","url":"https:\/\/ranoja.ee\/toode\/konner-sohnen-akutoitel-kompressoriga-kaivitusabi-ks-jsp-1300\/","name":"K\u00f6nner & S\u00f6hnen akutoitel kompressoriga k\u00e4ivitusabi KS JSP-1300","isPartOf":{"@id":"https:\/\/ranoja.ee\/#website"},"primaryImageOfPage":{"@id":"https:\/\/ranoja.ee\/toode\/konner-sohnen-akutoitel-kompressoriga-kaivitusabi-ks-jsp-1300\/#primaryimage"},"image":{"@id":"https:\/\/ranoja.ee\/toode\/konner-sohnen-akutoitel-kompressoriga-kaivitusabi-ks-jsp-1300\/#primaryimage"},"thumbnailUrl":"https:\/\/ranoja.ee\/wp-content\/uploads\/2025\/10\/Konner-Sohnen-akutoitel-kompressoriga-kaivitusabi-KS-JSP-1300.webp","datePublished":"2025-10-07T13:11:02+00:00","dateModified":"2026-04-08T07:00:06+00:00","description":"K\u00f6nner & S\u00f6hnen akutoitel kompressoriga k\u00e4ivitusabi KS JSP-1300 Suudab k\u00e4ivitada bensiinimootoriga s\u00f5idukeid kuni 6,5 l ja diiselmootoriga kuni 4,5 liitrit.","breadcrumb":{"@id":"https:\/\/ranoja.ee\/toode\/konner-sohnen-akutoitel-kompressoriga-kaivitusabi-ks-jsp-1300\/#breadcrumb"},"inLanguage":"en-US","potentialAction":[{"@type":"ReadAction","target":["https:\/\/ranoja.ee\/toode\/konner-sohnen-akutoitel-kompressoriga-kaivitusabi-ks-jsp-1300\/"]}]},{"@type":"ImageObject","inLanguage":"en-US","@id":"https:\/\/ranoja.ee\/toode\/konner-sohnen-akutoitel-kompressoriga-kaivitusabi-ks-jsp-1300\/#primaryimage","url":"https:\/\/ranoja.ee\/wp-content\/uploads\/2025\/10\/Konner-Sohnen-akutoitel-kompressoriga-kaivitusabi-KS-JSP-1300.webp","contentUrl":"https:\/\/ranoja.ee\/wp-content\/uploads\/2025\/10\/Konner-Sohnen-akutoitel-kompressoriga-kaivitusabi-KS-JSP-1300.webp","width":1600,"height":1200,"caption":"K\u00f6nner & S\u00f6hnen akutoitel kompressoriga k\u00e4ivitusabi KS JSP-1300"},{"@type":"BreadcrumbList","@id":"https:\/\/ranoja.ee\/toode\/konner-sohnen-akutoitel-kompressoriga-kaivitusabi-ks-jsp-1300\/#breadcrumb","itemListElement":[{"@type":"ListItem","position":1,"name":"Home","item":"https:\/\/ranoja.ee\/"},{"@type":"ListItem","position":2,"name":"Shop","item":"https:\/\/ranoja.ee\/en\/shop\/"},{"@type":"ListItem","position":3,"name":"K\u00f6nner &#038; S\u00f6hnen akutoitel kompressoriga k\u00e4ivitusabi KS JSP-1300"}]},{"@type":"WebSite","@id":"https:\/\/ranoja.ee\/#website","url":"https:\/\/ranoja.ee\/","name":"Ranoja","description":"Equipment Shop WooCommerce WordPress Theme for Machine &amp; Tools","publisher":{"@id":"https:\/\/ranoja.ee\/#organization"},"potentialAction":[{"@type":"SearchAction","target":{"@type":"EntryPoint","urlTemplate":"https:\/\/ranoja.ee\/?s={search_term_string}"},"query-input":{"@type":"PropertyValueSpecification","valueRequired":true,"valueName":"search_term_string"}}],"inLanguage":"en-US"},{"@type":"Organization","@id":"https:\/\/ranoja.ee\/#organization","name":"Ranoja O\u00dc","url":"https:\/\/ranoja.ee\/","logo":{"@type":"ImageObject","inLanguage":"en-US","@id":"https:\/\/ranoja.ee\/#\/schema\/logo\/image\/","url":"https:\/\/ranoja.ee\/wp-content\/uploads\/2023\/11\/ranoja-Logo.png","contentUrl":"https:\/\/ranoja.ee\/wp-content\/uploads\/2023\/11\/ranoja-Logo.png","width":207,"height":58,"caption":"Ranoja O\u00dc"},"image":{"@id":"https:\/\/ranoja.ee\/#\/schema\/logo\/image\/"},"sameAs":["https:\/\/www.facebook.com\/ranoja.ee","https:\/\/www.instagram.com\/ranoja__\/"]}]}},"_links":{"self":[{"href":"https:\/\/ranoja.ee\/en\/wp-json\/wp\/v2\/product\/22551","targetHints":{"allow":["GET"]}}],"collection":[{"href":"https:\/\/ranoja.ee\/en\/wp-json\/wp\/v2\/product"}],"about":[{"href":"https:\/\/ranoja.ee\/en\/wp-json\/wp\/v2\/types\/product"}],"wp:featuredmedia":[{"embeddable":true,"href":"https:\/\/ranoja.ee\/en\/wp-json\/wp\/v2\/media\/22556"}],"wp:attachment":[{"href":"https:\/\/ranoja.ee\/en\/wp-json\/wp\/v2\/media?parent=22551"}],"wp:term":[{"taxonomy":"product_cat","embeddable":true,"href":"https:\/\/ranoja.ee\/en\/wp-json\/wp\/v2\/product_cat?post=22551"},{"taxonomy":"product_tag","embeddable":true,"href":"https:\/\/ranoja.ee\/en\/wp-json\/wp\/v2\/product_tag?post=22551"}],"curies":[{"name":"wp","href":"https:\/\/api.w.org\/{rel}","templated":true}]}}