{"id":22534,"date":"2025-10-07T15:56:36","date_gmt":"2025-10-07T12:56:36","guid":{"rendered":"https:\/\/ranoja.ee\/?post_type=product&#038;p=22534"},"modified":"2026-04-08T10:00:06","modified_gmt":"2026-04-08T07:00:06","slug":"konner-sohnen-akutoitel-kompressoriga-kaivitusabi-ks-jsp-1200","status":"publish","type":"product","link":"https:\/\/ranoja.ee\/en\/toode\/konner-sohnen-akutoitel-kompressoriga-kaivitusabi-ks-jsp-1200\/","title":{"rendered":"K\u00f6nner &#038; S\u00f6hnen akutoitel kompressoriga k\u00e4ivitusabi KS JSP-1200"},"content":{"rendered":"<p>K\u00f6nner &#038; S\u00f6hnen akutoitel kompressoriga k\u00e4ivitusabi KS JSP-1200<\/p>\n<p>Kompaktne, kuid v\u00f5imas mitmefunktsiooniline seade, mis \u00fchendab endas s\u00f5iduki k\u00e4ivitusabi, \u00f5hukompressori ja varutoiteallika. See praktiline ja usaldusv\u00e4\u00e4rne t\u00f6\u00f6riist on loodud tagama abi igas olukorras. Olgu tegemist t\u00fchja aku, t\u00fchjenenud rehvide v\u00f5i mobiilseadmete laadimisvajadusega. KS JSP-1200 on m\u00f5eldud kasutamiseks nii bensiinimootoriga s\u00f5idukitel kuni 6,0 liitrit kui ka diiselmootoritel kuni 4,0 liitrit. Pakkudes piisavat j\u00f5udlust enamikele s\u00f5iduautodele, mootorratastele, ATV-dele ja v\u00e4ikekaubikutele.<\/p>\n<p>Seadme nimivool 600 A ja tippvool 1200 A tagavad kiire ja kindla k\u00e4ivituse ka ekstreemsetes ilmastikuoludes. T\u00e4nu sisseehitatud liitiumioonakule on KS JSP-1200 v\u00f5imeline s\u00e4ilitama oma laetust pikka aega ning pakkuma mitut k\u00e4ivitusts\u00fcklit \u00fche laadimisega. Seadme integreeritud \u00f5hukompressor v\u00f5imaldab kiirelt ja mugavalt rehve, jalgpalle, jalgrattarehve v\u00f5i muid t\u00e4ispuhutavaid esemeid t\u00e4ita. Mis teeb sellest suurep\u00e4rase kaaslase nii autosse kui ka vaba aja tegevusteks.<\/p>\n<p>Jump starteril on mitmek\u00fclgsed v\u00e4ljundid \u2013 USB, DC ja 12V pistikud, mis v\u00f5imaldavad laadida mobiiltelefone, s\u00fclearvuteid, kaameraid ja teisi elektroonikaseadmeid. Samuti on seadmel LED-taskulamp kolmes t\u00f6\u00f6re\u017eiimis. Tavaline valgus, vilkur ja SOS valgus, mis pakub valgust h\u00e4daolukordades v\u00f5i pimedas t\u00f6\u00f6tamisel.<\/p>\n<p>KS JSP-1200 on varustatud t\u00e4iustatud turvas\u00fcsteemiga, mis kaitseb kasutajat ja seadet \u00fclelaadimise, l\u00fchise, \u00fclekuumenemise ja p\u00f6\u00f6rdpolaarsuse eest. Tugev ja ergonoomiline korpus tagab mugava k\u00e4sitsemise ja pika kasutusea.<\/p>\n<p>Ideaalne seade autojuhtidele, kes otsivad kompaktset ja usaldusv\u00e4\u00e4rset lahendust, mis \u00fchendab endas k\u00e4ivitusabi, kompressori ja varutoiteallika. T\u00f5eline kolm-\u00fches abimees, mis tagab kindlustunde igas olukorras.<\/p>\n<p>K\u00f6nner &#038; S\u00f6hnen akutoitel kompressoriga k\u00e4ivitusabi KS JSP-1200<\/p>\n","protected":false},"excerpt":{"rendered":"<p>K\u00f6nner &#038; S\u00f6hnen akutoitel kompressoriga k\u00e4ivitusabi KS JSP-1200<br \/>\nAku t\u00fc\u00fcp: Liitiumioonaku<br \/>\nLiitiumioonaku mahutavus: 14 000 mAh (4 x 3500 mAh)<br \/>\nMaksimaalne pneumaatiline r\u00f5hk: 150 psi<br \/>\nUSB-v\u00e4ljund: 2 x 5V\/2A<br \/>\nLED-taskulamp<br \/>\nNimik\u00e4ivitusvool: 600 A<br \/>\nTippvool: 1200 A<br \/>\nLaadimisaeg: 4-5 tundi<br \/>\nT\u00f6\u00f6temperatuur \u00b0C: -20 \u00b0C &#8230; +60 \u00b0C<br \/>\nM\u00f5\u00f5tmed (P x L x K): 200 \u00d7 130 \u00d7 52 mm<br \/>\nKaal: 1.45 kg<br \/>\n<strong>Eeldatav tarneaeg 1-7 t\u00f6\u00f6p\u00e4eva<\/strong><\/p>\n","protected":false},"featured_media":22549,"template":"","meta":{"inline_featured_image":false},"product_cat":[1101,1094,1090,121,120],"product_tag":[293,2302,292,1813,2306],"class_list":{"0":"post-22534","1":"product","2":"type-product","3":"status-publish","4":"has-post-thumbnail","6":"product_brand-konner-sohnen","7":"product_cat-akukompressorid","8":"product_cat-akutooriistad","9":"product_cat-ehitustehnika","10":"product_cat-kaivitusakud-ja-laadijad","11":"product_cat-kompressorid","12":"product_tag-akukompressor","13":"product_tag-kaivitusabi","14":"product_tag-kompressor","15":"product_tag-konner-sohnen","16":"product_tag-ks-jsp-1200","18":"first","19":"outofstock","20":"taxable","21":"shipping-taxable","22":"purchasable","23":"product-type-simple"},"yoast_head":"<!-- This site is optimized with the Yoast SEO plugin v27.4 - https:\/\/yoast.com\/product\/yoast-seo-wordpress\/ -->\n<title>K\u00f6nner &amp; S\u00f6hnen akutoitel kompressoriga k\u00e4ivitusabi KS JSP-1200<\/title>\n<meta name=\"description\" content=\"K\u00f6nner &amp; S\u00f6hnen akutoitel kompressoriga k\u00e4ivitusabi KS JSP-1200 T\u00f5eline ja mitmek\u00fclgne kolm-\u00fches abimees, mis tagab kindlustunde igas olukorras.\" \/>\n<meta name=\"robots\" content=\"index, follow, max-snippet:-1, max-image-preview:large, max-video-preview:-1\" \/>\n<link rel=\"canonical\" href=\"https:\/\/ranoja.ee\/toode\/konner-sohnen-akutoitel-kompressoriga-kaivitusabi-ks-jsp-1200\/\" \/>\n<meta property=\"og:locale\" content=\"en_US\" \/>\n<meta property=\"og:type\" content=\"article\" \/>\n<meta property=\"og:title\" content=\"K\u00f6nner &amp; S\u00f6hnen akutoitel kompressoriga k\u00e4ivitusabi KS JSP-1200\" \/>\n<meta property=\"og:description\" content=\"K\u00f6nner &amp; S\u00f6hnen akutoitel kompressoriga k\u00e4ivitusabi KS JSP-1200 T\u00f5eline ja mitmek\u00fclgne kolm-\u00fches abimees, mis tagab kindlustunde igas olukorras.\" \/>\n<meta property=\"og:url\" content=\"https:\/\/ranoja.ee\/toode\/konner-sohnen-akutoitel-kompressoriga-kaivitusabi-ks-jsp-1200\/\" \/>\n<meta property=\"og:site_name\" content=\"Ranoja\" \/>\n<meta property=\"article:publisher\" content=\"https:\/\/www.facebook.com\/ranoja.ee\" \/>\n<meta property=\"article:modified_time\" content=\"2026-04-08T07:00:06+00:00\" \/>\n<meta property=\"og:image\" content=\"https:\/\/ranoja.ee\/wp-content\/uploads\/2025\/10\/Konner-Sohnen-akutoitel-kompressoriga-kaivitusabi-KS-JSP-1200.webp\" \/>\n\t<meta property=\"og:image:width\" content=\"1600\" \/>\n\t<meta property=\"og:image:height\" content=\"1200\" \/>\n\t<meta property=\"og:image:type\" content=\"image\/webp\" \/>\n<meta name=\"twitter:card\" content=\"summary_large_image\" \/>\n<meta name=\"twitter:label1\" content=\"Est. reading time\" \/>\n\t<meta name=\"twitter:data1\" content=\"2 minutes\" \/>\n<script type=\"application\/ld+json\" class=\"yoast-schema-graph\">{\"@context\":\"https:\\\/\\\/schema.org\",\"@graph\":[{\"@type\":\"WebPage\",\"@id\":\"https:\\\/\\\/ranoja.ee\\\/toode\\\/konner-sohnen-akutoitel-kompressoriga-kaivitusabi-ks-jsp-1200\\\/\",\"url\":\"https:\\\/\\\/ranoja.ee\\\/toode\\\/konner-sohnen-akutoitel-kompressoriga-kaivitusabi-ks-jsp-1200\\\/\",\"name\":\"K\u00f6nner & S\u00f6hnen akutoitel kompressoriga k\u00e4ivitusabi KS JSP-1200\",\"isPartOf\":{\"@id\":\"https:\\\/\\\/ranoja.ee\\\/#website\"},\"primaryImageOfPage\":{\"@id\":\"https:\\\/\\\/ranoja.ee\\\/toode\\\/konner-sohnen-akutoitel-kompressoriga-kaivitusabi-ks-jsp-1200\\\/#primaryimage\"},\"image\":{\"@id\":\"https:\\\/\\\/ranoja.ee\\\/toode\\\/konner-sohnen-akutoitel-kompressoriga-kaivitusabi-ks-jsp-1200\\\/#primaryimage\"},\"thumbnailUrl\":\"https:\\\/\\\/ranoja.ee\\\/wp-content\\\/uploads\\\/2025\\\/10\\\/Konner-Sohnen-akutoitel-kompressoriga-kaivitusabi-KS-JSP-1200.webp\",\"datePublished\":\"2025-10-07T12:56:36+00:00\",\"dateModified\":\"2026-04-08T07:00:06+00:00\",\"description\":\"K\u00f6nner & S\u00f6hnen akutoitel kompressoriga k\u00e4ivitusabi KS JSP-1200 T\u00f5eline ja mitmek\u00fclgne kolm-\u00fches abimees, mis tagab kindlustunde igas olukorras.\",\"breadcrumb\":{\"@id\":\"https:\\\/\\\/ranoja.ee\\\/toode\\\/konner-sohnen-akutoitel-kompressoriga-kaivitusabi-ks-jsp-1200\\\/#breadcrumb\"},\"inLanguage\":\"en-US\",\"potentialAction\":[{\"@type\":\"ReadAction\",\"target\":[\"https:\\\/\\\/ranoja.ee\\\/toode\\\/konner-sohnen-akutoitel-kompressoriga-kaivitusabi-ks-jsp-1200\\\/\"]}]},{\"@type\":\"ImageObject\",\"inLanguage\":\"en-US\",\"@id\":\"https:\\\/\\\/ranoja.ee\\\/toode\\\/konner-sohnen-akutoitel-kompressoriga-kaivitusabi-ks-jsp-1200\\\/#primaryimage\",\"url\":\"https:\\\/\\\/ranoja.ee\\\/wp-content\\\/uploads\\\/2025\\\/10\\\/Konner-Sohnen-akutoitel-kompressoriga-kaivitusabi-KS-JSP-1200.webp\",\"contentUrl\":\"https:\\\/\\\/ranoja.ee\\\/wp-content\\\/uploads\\\/2025\\\/10\\\/Konner-Sohnen-akutoitel-kompressoriga-kaivitusabi-KS-JSP-1200.webp\",\"width\":1600,\"height\":1200,\"caption\":\"K\u00f6nner & S\u00f6hnen akutoitel kompressoriga k\u00e4ivitusabi KS JSP-1200\"},{\"@type\":\"BreadcrumbList\",\"@id\":\"https:\\\/\\\/ranoja.ee\\\/toode\\\/konner-sohnen-akutoitel-kompressoriga-kaivitusabi-ks-jsp-1200\\\/#breadcrumb\",\"itemListElement\":[{\"@type\":\"ListItem\",\"position\":1,\"name\":\"Home\",\"item\":\"https:\\\/\\\/ranoja.ee\\\/\"},{\"@type\":\"ListItem\",\"position\":2,\"name\":\"Shop\",\"item\":\"https:\\\/\\\/ranoja.ee\\\/en\\\/shop\\\/\"},{\"@type\":\"ListItem\",\"position\":3,\"name\":\"K\u00f6nner &#038; S\u00f6hnen akutoitel kompressoriga k\u00e4ivitusabi KS JSP-1200\"}]},{\"@type\":\"WebSite\",\"@id\":\"https:\\\/\\\/ranoja.ee\\\/#website\",\"url\":\"https:\\\/\\\/ranoja.ee\\\/\",\"name\":\"Ranoja\",\"description\":\"Equipment Shop WooCommerce WordPress Theme for Machine &amp; Tools\",\"publisher\":{\"@id\":\"https:\\\/\\\/ranoja.ee\\\/#organization\"},\"potentialAction\":[{\"@type\":\"SearchAction\",\"target\":{\"@type\":\"EntryPoint\",\"urlTemplate\":\"https:\\\/\\\/ranoja.ee\\\/?s={search_term_string}\"},\"query-input\":{\"@type\":\"PropertyValueSpecification\",\"valueRequired\":true,\"valueName\":\"search_term_string\"}}],\"inLanguage\":\"en-US\"},{\"@type\":\"Organization\",\"@id\":\"https:\\\/\\\/ranoja.ee\\\/#organization\",\"name\":\"Ranoja O\u00dc\",\"url\":\"https:\\\/\\\/ranoja.ee\\\/\",\"logo\":{\"@type\":\"ImageObject\",\"inLanguage\":\"en-US\",\"@id\":\"https:\\\/\\\/ranoja.ee\\\/#\\\/schema\\\/logo\\\/image\\\/\",\"url\":\"https:\\\/\\\/ranoja.ee\\\/wp-content\\\/uploads\\\/2023\\\/11\\\/ranoja-Logo.png\",\"contentUrl\":\"https:\\\/\\\/ranoja.ee\\\/wp-content\\\/uploads\\\/2023\\\/11\\\/ranoja-Logo.png\",\"width\":207,\"height\":58,\"caption\":\"Ranoja O\u00dc\"},\"image\":{\"@id\":\"https:\\\/\\\/ranoja.ee\\\/#\\\/schema\\\/logo\\\/image\\\/\"},\"sameAs\":[\"https:\\\/\\\/www.facebook.com\\\/ranoja.ee\",\"https:\\\/\\\/www.instagram.com\\\/ranoja__\\\/\"]}]}<\/script>\n<!-- \/ Yoast SEO plugin. -->","yoast_head_json":{"title":"K\u00f6nner & S\u00f6hnen akutoitel kompressoriga k\u00e4ivitusabi KS JSP-1200","description":"K\u00f6nner & S\u00f6hnen akutoitel kompressoriga k\u00e4ivitusabi KS JSP-1200 T\u00f5eline ja mitmek\u00fclgne kolm-\u00fches abimees, mis tagab kindlustunde igas olukorras.","robots":{"index":"index","follow":"follow","max-snippet":"max-snippet:-1","max-image-preview":"max-image-preview:large","max-video-preview":"max-video-preview:-1"},"canonical":"https:\/\/ranoja.ee\/toode\/konner-sohnen-akutoitel-kompressoriga-kaivitusabi-ks-jsp-1200\/","og_locale":"en_US","og_type":"article","og_title":"K\u00f6nner & S\u00f6hnen akutoitel kompressoriga k\u00e4ivitusabi KS JSP-1200","og_description":"K\u00f6nner & S\u00f6hnen akutoitel kompressoriga k\u00e4ivitusabi KS JSP-1200 T\u00f5eline ja mitmek\u00fclgne kolm-\u00fches abimees, mis tagab kindlustunde igas olukorras.","og_url":"https:\/\/ranoja.ee\/toode\/konner-sohnen-akutoitel-kompressoriga-kaivitusabi-ks-jsp-1200\/","og_site_name":"Ranoja","article_publisher":"https:\/\/www.facebook.com\/ranoja.ee","article_modified_time":"2026-04-08T07:00:06+00:00","og_image":[{"width":1600,"height":1200,"url":"https:\/\/ranoja.ee\/wp-content\/uploads\/2025\/10\/Konner-Sohnen-akutoitel-kompressoriga-kaivitusabi-KS-JSP-1200.webp","type":"image\/webp"}],"twitter_card":"summary_large_image","twitter_misc":{"Est. reading time":"2 minutes"},"schema":{"@context":"https:\/\/schema.org","@graph":[{"@type":"WebPage","@id":"https:\/\/ranoja.ee\/toode\/konner-sohnen-akutoitel-kompressoriga-kaivitusabi-ks-jsp-1200\/","url":"https:\/\/ranoja.ee\/toode\/konner-sohnen-akutoitel-kompressoriga-kaivitusabi-ks-jsp-1200\/","name":"K\u00f6nner & S\u00f6hnen akutoitel kompressoriga k\u00e4ivitusabi KS JSP-1200","isPartOf":{"@id":"https:\/\/ranoja.ee\/#website"},"primaryImageOfPage":{"@id":"https:\/\/ranoja.ee\/toode\/konner-sohnen-akutoitel-kompressoriga-kaivitusabi-ks-jsp-1200\/#primaryimage"},"image":{"@id":"https:\/\/ranoja.ee\/toode\/konner-sohnen-akutoitel-kompressoriga-kaivitusabi-ks-jsp-1200\/#primaryimage"},"thumbnailUrl":"https:\/\/ranoja.ee\/wp-content\/uploads\/2025\/10\/Konner-Sohnen-akutoitel-kompressoriga-kaivitusabi-KS-JSP-1200.webp","datePublished":"2025-10-07T12:56:36+00:00","dateModified":"2026-04-08T07:00:06+00:00","description":"K\u00f6nner & S\u00f6hnen akutoitel kompressoriga k\u00e4ivitusabi KS JSP-1200 T\u00f5eline ja mitmek\u00fclgne kolm-\u00fches abimees, mis tagab kindlustunde igas olukorras.","breadcrumb":{"@id":"https:\/\/ranoja.ee\/toode\/konner-sohnen-akutoitel-kompressoriga-kaivitusabi-ks-jsp-1200\/#breadcrumb"},"inLanguage":"en-US","potentialAction":[{"@type":"ReadAction","target":["https:\/\/ranoja.ee\/toode\/konner-sohnen-akutoitel-kompressoriga-kaivitusabi-ks-jsp-1200\/"]}]},{"@type":"ImageObject","inLanguage":"en-US","@id":"https:\/\/ranoja.ee\/toode\/konner-sohnen-akutoitel-kompressoriga-kaivitusabi-ks-jsp-1200\/#primaryimage","url":"https:\/\/ranoja.ee\/wp-content\/uploads\/2025\/10\/Konner-Sohnen-akutoitel-kompressoriga-kaivitusabi-KS-JSP-1200.webp","contentUrl":"https:\/\/ranoja.ee\/wp-content\/uploads\/2025\/10\/Konner-Sohnen-akutoitel-kompressoriga-kaivitusabi-KS-JSP-1200.webp","width":1600,"height":1200,"caption":"K\u00f6nner & S\u00f6hnen akutoitel kompressoriga k\u00e4ivitusabi KS JSP-1200"},{"@type":"BreadcrumbList","@id":"https:\/\/ranoja.ee\/toode\/konner-sohnen-akutoitel-kompressoriga-kaivitusabi-ks-jsp-1200\/#breadcrumb","itemListElement":[{"@type":"ListItem","position":1,"name":"Home","item":"https:\/\/ranoja.ee\/"},{"@type":"ListItem","position":2,"name":"Shop","item":"https:\/\/ranoja.ee\/en\/shop\/"},{"@type":"ListItem","position":3,"name":"K\u00f6nner &#038; S\u00f6hnen akutoitel kompressoriga k\u00e4ivitusabi KS JSP-1200"}]},{"@type":"WebSite","@id":"https:\/\/ranoja.ee\/#website","url":"https:\/\/ranoja.ee\/","name":"Ranoja","description":"Equipment Shop WooCommerce WordPress Theme for Machine &amp; Tools","publisher":{"@id":"https:\/\/ranoja.ee\/#organization"},"potentialAction":[{"@type":"SearchAction","target":{"@type":"EntryPoint","urlTemplate":"https:\/\/ranoja.ee\/?s={search_term_string}"},"query-input":{"@type":"PropertyValueSpecification","valueRequired":true,"valueName":"search_term_string"}}],"inLanguage":"en-US"},{"@type":"Organization","@id":"https:\/\/ranoja.ee\/#organization","name":"Ranoja O\u00dc","url":"https:\/\/ranoja.ee\/","logo":{"@type":"ImageObject","inLanguage":"en-US","@id":"https:\/\/ranoja.ee\/#\/schema\/logo\/image\/","url":"https:\/\/ranoja.ee\/wp-content\/uploads\/2023\/11\/ranoja-Logo.png","contentUrl":"https:\/\/ranoja.ee\/wp-content\/uploads\/2023\/11\/ranoja-Logo.png","width":207,"height":58,"caption":"Ranoja O\u00dc"},"image":{"@id":"https:\/\/ranoja.ee\/#\/schema\/logo\/image\/"},"sameAs":["https:\/\/www.facebook.com\/ranoja.ee","https:\/\/www.instagram.com\/ranoja__\/"]}]}},"_links":{"self":[{"href":"https:\/\/ranoja.ee\/en\/wp-json\/wp\/v2\/product\/22534","targetHints":{"allow":["GET"]}}],"collection":[{"href":"https:\/\/ranoja.ee\/en\/wp-json\/wp\/v2\/product"}],"about":[{"href":"https:\/\/ranoja.ee\/en\/wp-json\/wp\/v2\/types\/product"}],"wp:featuredmedia":[{"embeddable":true,"href":"https:\/\/ranoja.ee\/en\/wp-json\/wp\/v2\/media\/22549"}],"wp:attachment":[{"href":"https:\/\/ranoja.ee\/en\/wp-json\/wp\/v2\/media?parent=22534"}],"wp:term":[{"taxonomy":"product_cat","embeddable":true,"href":"https:\/\/ranoja.ee\/en\/wp-json\/wp\/v2\/product_cat?post=22534"},{"taxonomy":"product_tag","embeddable":true,"href":"https:\/\/ranoja.ee\/en\/wp-json\/wp\/v2\/product_tag?post=22534"}],"curies":[{"name":"wp","href":"https:\/\/api.w.org\/{rel}","templated":true}]}}