{"id":22517,"date":"2025-10-07T15:31:43","date_gmt":"2025-10-07T12:31:43","guid":{"rendered":"https:\/\/ranoja.ee\/?post_type=product&#038;p=22517"},"modified":"2026-04-08T10:00:06","modified_gmt":"2026-04-08T07:00:06","slug":"konner-sohnen-kaivitusabi-ks-js-1400","status":"publish","type":"product","link":"https:\/\/ranoja.ee\/en\/toode\/konner-sohnen-kaivitusabi-ks-js-1400\/","title":{"rendered":"K\u00f6nner &#038; S\u00f6hnen k\u00e4ivitusabi KS JS-1400"},"content":{"rendered":"<p>K\u00f6nner &#038; S\u00f6hnen k\u00e4ivitusabi KS JS-1400<\/p>\n<p>V\u00f5imas ja mitmeotstarbeline k\u00e4ivitusseade, mis on loodud s\u00f5idukite kiireks ja ohutuks k\u00e4ivitamiseks ka k\u00f5ige keerulisemates tingimustes. Seade \u00fchendab endas professionaalse k\u00e4ivitusabi, varutoiteallika ja kaasaskantava akupanga. Muutes selle asendamatuks abiliseks igale juhile, reisijale v\u00f5i t\u00f6\u00f6mehele. T\u00e4nu oma suurele v\u00f5imsusele suudab KS JS-1400 k\u00e4ivitada nii bensiinimootoriga autosid kuni 7,0 liitrit kui ka diiselmootoriga s\u00f5idukeid kuni 5,5 liitrit, pakkudes usaldusv\u00e4\u00e4rset j\u00f5udlust igas olukorras.<\/p>\n<p>Seade on varustatud tippvooluga kuni 1400 A. Mis tagab mootori kiire k\u00e4ivitamise ka siis, kui aku on t\u00e4iesti t\u00fchi v\u00f5i temperatuur on v\u00e4ga madal. T\u00e4nu kvaliteetsele liitium-pol\u00fcmeerakule s\u00e4ilitab jump starter oma laetuse pikka aega ning tagab mitmeid k\u00e4ivitusts\u00fckleid \u00fche laadimisega. Lisaks on KS JS-1400-l mitmek\u00fclgsed v\u00e4ljundid (USB, DC ja 12 V pistikud), mis v\u00f5imaldavad laadida mobiiltelefone, s\u00fclearvuteid, tahvleid ja teisi kaasaskantavaid seadmeid.<\/p>\n<p>Sisseehitatud LED-taskulamp kolmes t\u00f6\u00f6re\u017eiimis. Tavaline valgus, vilkur, SOS-signaal, muudab seadme praktiliseks ka h\u00e4daolukordades v\u00f5i pimedas t\u00f6\u00f6tamisel. Turvas\u00fcsteem tagab kaitse \u00fclelaadimise, \u00fclevoolu, l\u00fchise ja p\u00f6\u00f6rdpolaarsuse eest, mis muudab kasutamise t\u00e4iesti ohutuks ka algajale.<\/p>\n<p>T\u00e4nu oma kompaktsele ja vastupidavale korpusele mahub KS JS-1400 h\u00f5lpsasti autosse, t\u00f6\u00f6riistakasti v\u00f5i reisikotti. Seade sobib suurep\u00e4raselt nii igap\u00e4evaseks kasutamiseks kui ka h\u00e4daabikomplekti osaks.<br \/>\nUsaldusv\u00e4\u00e4rne, v\u00f5imas ja mitmeotstarbeline kaaslane, mis tagab, et Teie s\u00f5iduk k\u00e4ivitub alati \u2013 s\u00f5ltumata ilmast, kohast v\u00f5i olukorrast.<\/p>\n<p>K\u00f6nner &#038; S\u00f6hnen k\u00e4ivitusabi KS JS-1400  <\/p>\n","protected":false},"excerpt":{"rendered":"<p>K\u00f6nner &#038; S\u00f6hnen k\u00e4ivitusabi KS JS-1400<br \/>\nAku mahtuvus: 18000 mAh (4 x 4500 mAh)<br \/>\nUSB-v\u00e4ljund: 5V\/3A, 5V\/2A<br \/>\nLED-taskulamp<br \/>\nNimiline k\u00e4ivitusvool: 700 A<br \/>\nTippvool: 1400 A<br \/>\nLaadimisaeg: 4-5 tundi<br \/>\nT\u00f6\u00f6temperatuur \u00b0C: -20 \u00b0C &#8230; +60 \u00b0C<br \/>\nM\u00f5\u00f5tmed (P x L x K): 193 \u0445 98 \u0445 39 mm<br \/>\nKaal: 0.95 kg<br \/>\n<strong>Eeldatav tarneaeg 1-7 t\u00f6\u00f6p\u00e4eva<\/strong><\/p>\n","protected":false},"featured_media":22532,"template":"","meta":{"inline_featured_image":false},"product_cat":[1090,121],"product_tag":[2304,2302,1813,2305],"class_list":{"0":"post-22517","1":"product","2":"type-product","3":"status-publish","4":"has-post-thumbnail","6":"product_brand-konner-sohnen","7":"product_cat-ehitustehnika","8":"product_cat-kaivitusakud-ja-laadijad","9":"product_tag-akuga-kaivitusabi","10":"product_tag-kaivitusabi","11":"product_tag-konner-sohnen","12":"product_tag-ks-js-1400","14":"first","15":"outofstock","16":"taxable","17":"shipping-taxable","18":"purchasable","19":"product-type-simple"},"yoast_head":"<!-- This site is optimized with the Yoast SEO plugin v27.4 - https:\/\/yoast.com\/product\/yoast-seo-wordpress\/ -->\n<title>K\u00f6nner &amp; S\u00f6hnen k\u00e4ivitusabi KS JS-1400<\/title>\n<meta name=\"description\" content=\"K\u00f6nner &amp; S\u00f6hnen k\u00e4ivitusabi KS JS-1400 T\u00e4nu oma kompaktsele ja vastupidavale korpusele mahub KS JS-1400 h\u00f5lpsasti autosse, t\u00f6\u00f6riistakasti v\u00f5i reisikotti.\" \/>\n<meta name=\"robots\" content=\"index, follow, max-snippet:-1, max-image-preview:large, max-video-preview:-1\" \/>\n<link rel=\"canonical\" href=\"https:\/\/ranoja.ee\/toode\/konner-sohnen-kaivitusabi-ks-js-1400\/\" \/>\n<meta property=\"og:locale\" content=\"en_US\" \/>\n<meta property=\"og:type\" content=\"article\" \/>\n<meta property=\"og:title\" content=\"K\u00f6nner &amp; S\u00f6hnen k\u00e4ivitusabi KS JS-1400\" \/>\n<meta property=\"og:description\" content=\"K\u00f6nner &amp; S\u00f6hnen k\u00e4ivitusabi KS JS-1400 T\u00e4nu oma kompaktsele ja vastupidavale korpusele mahub KS JS-1400 h\u00f5lpsasti autosse, t\u00f6\u00f6riistakasti v\u00f5i reisikotti.\" \/>\n<meta property=\"og:url\" content=\"https:\/\/ranoja.ee\/toode\/konner-sohnen-kaivitusabi-ks-js-1400\/\" \/>\n<meta property=\"og:site_name\" content=\"Ranoja\" \/>\n<meta property=\"article:publisher\" content=\"https:\/\/www.facebook.com\/ranoja.ee\" \/>\n<meta property=\"article:modified_time\" content=\"2026-04-08T07:00:06+00:00\" \/>\n<meta property=\"og:image\" content=\"https:\/\/ranoja.ee\/wp-content\/uploads\/2025\/10\/Konner-Sohnen-kaivitusabi-KS-JS-1400.webp\" \/>\n\t<meta property=\"og:image:width\" content=\"1600\" \/>\n\t<meta property=\"og:image:height\" content=\"1200\" \/>\n\t<meta property=\"og:image:type\" content=\"image\/webp\" \/>\n<meta name=\"twitter:card\" content=\"summary_large_image\" \/>\n<meta name=\"twitter:label1\" content=\"Est. reading time\" \/>\n\t<meta name=\"twitter:data1\" content=\"2 minutes\" \/>\n<script type=\"application\/ld+json\" class=\"yoast-schema-graph\">{\"@context\":\"https:\\\/\\\/schema.org\",\"@graph\":[{\"@type\":\"WebPage\",\"@id\":\"https:\\\/\\\/ranoja.ee\\\/toode\\\/konner-sohnen-kaivitusabi-ks-js-1400\\\/\",\"url\":\"https:\\\/\\\/ranoja.ee\\\/toode\\\/konner-sohnen-kaivitusabi-ks-js-1400\\\/\",\"name\":\"K\u00f6nner & S\u00f6hnen k\u00e4ivitusabi KS JS-1400\",\"isPartOf\":{\"@id\":\"https:\\\/\\\/ranoja.ee\\\/#website\"},\"primaryImageOfPage\":{\"@id\":\"https:\\\/\\\/ranoja.ee\\\/toode\\\/konner-sohnen-kaivitusabi-ks-js-1400\\\/#primaryimage\"},\"image\":{\"@id\":\"https:\\\/\\\/ranoja.ee\\\/toode\\\/konner-sohnen-kaivitusabi-ks-js-1400\\\/#primaryimage\"},\"thumbnailUrl\":\"https:\\\/\\\/ranoja.ee\\\/wp-content\\\/uploads\\\/2025\\\/10\\\/Konner-Sohnen-kaivitusabi-KS-JS-1400.webp\",\"datePublished\":\"2025-10-07T12:31:43+00:00\",\"dateModified\":\"2026-04-08T07:00:06+00:00\",\"description\":\"K\u00f6nner & S\u00f6hnen k\u00e4ivitusabi KS JS-1400 T\u00e4nu oma kompaktsele ja vastupidavale korpusele mahub KS JS-1400 h\u00f5lpsasti autosse, t\u00f6\u00f6riistakasti v\u00f5i reisikotti.\",\"breadcrumb\":{\"@id\":\"https:\\\/\\\/ranoja.ee\\\/toode\\\/konner-sohnen-kaivitusabi-ks-js-1400\\\/#breadcrumb\"},\"inLanguage\":\"en-US\",\"potentialAction\":[{\"@type\":\"ReadAction\",\"target\":[\"https:\\\/\\\/ranoja.ee\\\/toode\\\/konner-sohnen-kaivitusabi-ks-js-1400\\\/\"]}]},{\"@type\":\"ImageObject\",\"inLanguage\":\"en-US\",\"@id\":\"https:\\\/\\\/ranoja.ee\\\/toode\\\/konner-sohnen-kaivitusabi-ks-js-1400\\\/#primaryimage\",\"url\":\"https:\\\/\\\/ranoja.ee\\\/wp-content\\\/uploads\\\/2025\\\/10\\\/Konner-Sohnen-kaivitusabi-KS-JS-1400.webp\",\"contentUrl\":\"https:\\\/\\\/ranoja.ee\\\/wp-content\\\/uploads\\\/2025\\\/10\\\/Konner-Sohnen-kaivitusabi-KS-JS-1400.webp\",\"width\":1600,\"height\":1200,\"caption\":\"K\u00f6nner & S\u00f6hnen k\u00e4ivitusabi KS JS-1400\"},{\"@type\":\"BreadcrumbList\",\"@id\":\"https:\\\/\\\/ranoja.ee\\\/toode\\\/konner-sohnen-kaivitusabi-ks-js-1400\\\/#breadcrumb\",\"itemListElement\":[{\"@type\":\"ListItem\",\"position\":1,\"name\":\"Home\",\"item\":\"https:\\\/\\\/ranoja.ee\\\/\"},{\"@type\":\"ListItem\",\"position\":2,\"name\":\"Shop\",\"item\":\"https:\\\/\\\/ranoja.ee\\\/en\\\/shop\\\/\"},{\"@type\":\"ListItem\",\"position\":3,\"name\":\"K\u00f6nner &#038; S\u00f6hnen k\u00e4ivitusabi KS JS-1400\"}]},{\"@type\":\"WebSite\",\"@id\":\"https:\\\/\\\/ranoja.ee\\\/#website\",\"url\":\"https:\\\/\\\/ranoja.ee\\\/\",\"name\":\"Ranoja\",\"description\":\"Equipment Shop WooCommerce WordPress Theme for Machine &amp; Tools\",\"publisher\":{\"@id\":\"https:\\\/\\\/ranoja.ee\\\/#organization\"},\"potentialAction\":[{\"@type\":\"SearchAction\",\"target\":{\"@type\":\"EntryPoint\",\"urlTemplate\":\"https:\\\/\\\/ranoja.ee\\\/?s={search_term_string}\"},\"query-input\":{\"@type\":\"PropertyValueSpecification\",\"valueRequired\":true,\"valueName\":\"search_term_string\"}}],\"inLanguage\":\"en-US\"},{\"@type\":\"Organization\",\"@id\":\"https:\\\/\\\/ranoja.ee\\\/#organization\",\"name\":\"Ranoja O\u00dc\",\"url\":\"https:\\\/\\\/ranoja.ee\\\/\",\"logo\":{\"@type\":\"ImageObject\",\"inLanguage\":\"en-US\",\"@id\":\"https:\\\/\\\/ranoja.ee\\\/#\\\/schema\\\/logo\\\/image\\\/\",\"url\":\"https:\\\/\\\/ranoja.ee\\\/wp-content\\\/uploads\\\/2023\\\/11\\\/ranoja-Logo.png\",\"contentUrl\":\"https:\\\/\\\/ranoja.ee\\\/wp-content\\\/uploads\\\/2023\\\/11\\\/ranoja-Logo.png\",\"width\":207,\"height\":58,\"caption\":\"Ranoja O\u00dc\"},\"image\":{\"@id\":\"https:\\\/\\\/ranoja.ee\\\/#\\\/schema\\\/logo\\\/image\\\/\"},\"sameAs\":[\"https:\\\/\\\/www.facebook.com\\\/ranoja.ee\",\"https:\\\/\\\/www.instagram.com\\\/ranoja__\\\/\"]}]}<\/script>\n<!-- \/ Yoast SEO plugin. -->","yoast_head_json":{"title":"K\u00f6nner & S\u00f6hnen k\u00e4ivitusabi KS JS-1400","description":"K\u00f6nner & S\u00f6hnen k\u00e4ivitusabi KS JS-1400 T\u00e4nu oma kompaktsele ja vastupidavale korpusele mahub KS JS-1400 h\u00f5lpsasti autosse, t\u00f6\u00f6riistakasti v\u00f5i reisikotti.","robots":{"index":"index","follow":"follow","max-snippet":"max-snippet:-1","max-image-preview":"max-image-preview:large","max-video-preview":"max-video-preview:-1"},"canonical":"https:\/\/ranoja.ee\/toode\/konner-sohnen-kaivitusabi-ks-js-1400\/","og_locale":"en_US","og_type":"article","og_title":"K\u00f6nner & S\u00f6hnen k\u00e4ivitusabi KS JS-1400","og_description":"K\u00f6nner & S\u00f6hnen k\u00e4ivitusabi KS JS-1400 T\u00e4nu oma kompaktsele ja vastupidavale korpusele mahub KS JS-1400 h\u00f5lpsasti autosse, t\u00f6\u00f6riistakasti v\u00f5i reisikotti.","og_url":"https:\/\/ranoja.ee\/toode\/konner-sohnen-kaivitusabi-ks-js-1400\/","og_site_name":"Ranoja","article_publisher":"https:\/\/www.facebook.com\/ranoja.ee","article_modified_time":"2026-04-08T07:00:06+00:00","og_image":[{"width":1600,"height":1200,"url":"https:\/\/ranoja.ee\/wp-content\/uploads\/2025\/10\/Konner-Sohnen-kaivitusabi-KS-JS-1400.webp","type":"image\/webp"}],"twitter_card":"summary_large_image","twitter_misc":{"Est. reading time":"2 minutes"},"schema":{"@context":"https:\/\/schema.org","@graph":[{"@type":"WebPage","@id":"https:\/\/ranoja.ee\/toode\/konner-sohnen-kaivitusabi-ks-js-1400\/","url":"https:\/\/ranoja.ee\/toode\/konner-sohnen-kaivitusabi-ks-js-1400\/","name":"K\u00f6nner & S\u00f6hnen k\u00e4ivitusabi KS JS-1400","isPartOf":{"@id":"https:\/\/ranoja.ee\/#website"},"primaryImageOfPage":{"@id":"https:\/\/ranoja.ee\/toode\/konner-sohnen-kaivitusabi-ks-js-1400\/#primaryimage"},"image":{"@id":"https:\/\/ranoja.ee\/toode\/konner-sohnen-kaivitusabi-ks-js-1400\/#primaryimage"},"thumbnailUrl":"https:\/\/ranoja.ee\/wp-content\/uploads\/2025\/10\/Konner-Sohnen-kaivitusabi-KS-JS-1400.webp","datePublished":"2025-10-07T12:31:43+00:00","dateModified":"2026-04-08T07:00:06+00:00","description":"K\u00f6nner & S\u00f6hnen k\u00e4ivitusabi KS JS-1400 T\u00e4nu oma kompaktsele ja vastupidavale korpusele mahub KS JS-1400 h\u00f5lpsasti autosse, t\u00f6\u00f6riistakasti v\u00f5i reisikotti.","breadcrumb":{"@id":"https:\/\/ranoja.ee\/toode\/konner-sohnen-kaivitusabi-ks-js-1400\/#breadcrumb"},"inLanguage":"en-US","potentialAction":[{"@type":"ReadAction","target":["https:\/\/ranoja.ee\/toode\/konner-sohnen-kaivitusabi-ks-js-1400\/"]}]},{"@type":"ImageObject","inLanguage":"en-US","@id":"https:\/\/ranoja.ee\/toode\/konner-sohnen-kaivitusabi-ks-js-1400\/#primaryimage","url":"https:\/\/ranoja.ee\/wp-content\/uploads\/2025\/10\/Konner-Sohnen-kaivitusabi-KS-JS-1400.webp","contentUrl":"https:\/\/ranoja.ee\/wp-content\/uploads\/2025\/10\/Konner-Sohnen-kaivitusabi-KS-JS-1400.webp","width":1600,"height":1200,"caption":"K\u00f6nner & S\u00f6hnen k\u00e4ivitusabi KS JS-1400"},{"@type":"BreadcrumbList","@id":"https:\/\/ranoja.ee\/toode\/konner-sohnen-kaivitusabi-ks-js-1400\/#breadcrumb","itemListElement":[{"@type":"ListItem","position":1,"name":"Home","item":"https:\/\/ranoja.ee\/"},{"@type":"ListItem","position":2,"name":"Shop","item":"https:\/\/ranoja.ee\/en\/shop\/"},{"@type":"ListItem","position":3,"name":"K\u00f6nner &#038; S\u00f6hnen k\u00e4ivitusabi KS JS-1400"}]},{"@type":"WebSite","@id":"https:\/\/ranoja.ee\/#website","url":"https:\/\/ranoja.ee\/","name":"Ranoja","description":"Equipment Shop WooCommerce WordPress Theme for Machine &amp; Tools","publisher":{"@id":"https:\/\/ranoja.ee\/#organization"},"potentialAction":[{"@type":"SearchAction","target":{"@type":"EntryPoint","urlTemplate":"https:\/\/ranoja.ee\/?s={search_term_string}"},"query-input":{"@type":"PropertyValueSpecification","valueRequired":true,"valueName":"search_term_string"}}],"inLanguage":"en-US"},{"@type":"Organization","@id":"https:\/\/ranoja.ee\/#organization","name":"Ranoja O\u00dc","url":"https:\/\/ranoja.ee\/","logo":{"@type":"ImageObject","inLanguage":"en-US","@id":"https:\/\/ranoja.ee\/#\/schema\/logo\/image\/","url":"https:\/\/ranoja.ee\/wp-content\/uploads\/2023\/11\/ranoja-Logo.png","contentUrl":"https:\/\/ranoja.ee\/wp-content\/uploads\/2023\/11\/ranoja-Logo.png","width":207,"height":58,"caption":"Ranoja O\u00dc"},"image":{"@id":"https:\/\/ranoja.ee\/#\/schema\/logo\/image\/"},"sameAs":["https:\/\/www.facebook.com\/ranoja.ee","https:\/\/www.instagram.com\/ranoja__\/"]}]}},"_links":{"self":[{"href":"https:\/\/ranoja.ee\/en\/wp-json\/wp\/v2\/product\/22517","targetHints":{"allow":["GET"]}}],"collection":[{"href":"https:\/\/ranoja.ee\/en\/wp-json\/wp\/v2\/product"}],"about":[{"href":"https:\/\/ranoja.ee\/en\/wp-json\/wp\/v2\/types\/product"}],"wp:featuredmedia":[{"embeddable":true,"href":"https:\/\/ranoja.ee\/en\/wp-json\/wp\/v2\/media\/22532"}],"wp:attachment":[{"href":"https:\/\/ranoja.ee\/en\/wp-json\/wp\/v2\/media?parent=22517"}],"wp:term":[{"taxonomy":"product_cat","embeddable":true,"href":"https:\/\/ranoja.ee\/en\/wp-json\/wp\/v2\/product_cat?post=22517"},{"taxonomy":"product_tag","embeddable":true,"href":"https:\/\/ranoja.ee\/en\/wp-json\/wp\/v2\/product_tag?post=22517"}],"curies":[{"name":"wp","href":"https:\/\/api.w.org\/{rel}","templated":true}]}}