{"id":22483,"date":"2025-10-07T15:11:23","date_gmt":"2025-10-07T12:11:23","guid":{"rendered":"https:\/\/ranoja.ee\/?post_type=product&#038;p=22483"},"modified":"2026-04-08T10:00:06","modified_gmt":"2026-04-08T07:00:06","slug":"konner-sohnen-akutoitel-kompressoriga-kaivitusabi-ks-jsp-2000","status":"publish","type":"product","link":"https:\/\/ranoja.ee\/en\/toode\/konner-sohnen-akutoitel-kompressoriga-kaivitusabi-ks-jsp-2000\/","title":{"rendered":"K\u00f6nner &#038; S\u00f6hnen akutoitel kompressoriga k\u00e4ivitusabi KS JSP-2000"},"content":{"rendered":"<p>K\u00f6nner &#038; S\u00f6hnen akutoitel kompressoriga k\u00e4ivitusabi KS JSP-2000<\/p>\n<p>Uuenduslik ja mitmefunktsiooniline seade, mis \u00fchendab endas k\u00e4ivitusabi (jump starteri) ja aku-toitel t\u00f6\u00f6tava kompressori v\u00f5imalused. See on loodud autojuhtidele, kes hindavad s\u00f5ltumatust, ohutust ja mugavust. Eriti olukordades, kus aku t\u00fchjeneb v\u00f5i rehv vajab kiiret t\u00e4itmist. KS JSP-2000 on ideaalne kaaslane nii igap\u00e4evasel kasutamisel kui ka h\u00e4daolukordades, pakkudes usaldusv\u00e4\u00e4rset j\u00f5udu ja mitmek\u00fclgsust.<\/p>\n<p>Seadme s\u00fcdameks on v\u00f5imas liitiumioonaku mahutavusega 20 000 mAh, mis suudab pakkuda k\u00e4ivitusvoolu kuni 1000 A ja hetkeline tippvool ulatub isegi 2000 A-ni. T\u00e4nu sellele saab sellega k\u00e4ivitada erinevaid s\u00f5idukeid. Autosid, mootorrattaid, paate ja v\u00e4iksemaid diiselmootoreid, ilma vajaduseta teise s\u00f5iduki v\u00f5i v\u00e4list toiteallikat.<\/p>\n<p>Integreeritud \u00f5hukompressor suudab tekitada r\u00f5hu kuni 150 psi, v\u00f5imaldades kiiresti t\u00e4ita autorehve, jalgrattarehve, palli v\u00f5i muid t\u00e4ispuhutavaid esemeid. Seadmel on digitaalne r\u00f5hun\u00e4idik ja automaatne v\u00e4ljal\u00fclitus, mis peatab pumpamise, kui soovitud r\u00f5hk on saavutatud.<\/p>\n<p>On varustatud LED-taskulambi, USB-v\u00e4ljundite ja 12 V DC pistikuga, mis v\u00f5imaldavad laadida telefone, tahvelarvuteid, s\u00fclearvuteid v\u00f5i muid elektroonikaseadmeid. T\u00e4nu sellele on see praktiline kaaslane ka matkadel ja reisidel, kus elektriv\u00f5rgu \u00fchendus puudub.<\/p>\n<p>Ergonoomiline disain, tugev korpus ja kaasas olevad krokodillklemmid teevad seadme kasutamise turvaliseks ja mugavaks. Seade sisaldab ka mitmeid kaitsemehhanisme. \u00dclepingekaitse, l\u00fchisekaitse ja \u00fclekuumenemiskaitse \u2013 mis tagavad ohutu t\u00f6\u00f6 igas olukorras.<\/p>\n<p>KS JSP-2000 on t\u00f5eline k\u00f5ik-\u00fches abimees: see aitab k\u00e4ivitada mootorit, t\u00e4ita rehve ja laadida elektroonikat. Pakkudes kindlustunnet igas s\u00f5idusituatsioonis.<\/p>\n<p>K\u00f6nner &#038; S\u00f6hnen akutoitel kompressoriga k\u00e4ivitusabi KS JSP-2000<\/p>\n","protected":false},"excerpt":{"rendered":"<p>K\u00f6nner &#038; S\u00f6hnen akutoitel kompressoriga k\u00e4ivitusabi KS JSP-2000<br \/>\nPinge: 15 V<br \/>\nAku t\u00fc\u00fcp: Liitiumioonaku<br \/>\nLiitiumioonaku mahutavus: 20 000 mAh<br \/>\nMaksimaalne pneumaatiline r\u00f5hk: 140 psi<br \/>\nPumpamise kiirus: 22 l\/min<br \/>\nMaksimaalne \u00f5huhulk: 360 l\/min<br \/>\nPidev t\u00f6\u00f6aeg: 8 minutit<br \/>\nSaadaval olevad \u00fchikud: PSI, BAR<br \/>\nUSB-v\u00e4ljund: 5V\/2A<br \/>\nLED-taskulamp<br \/>\nNimik\u00e4ivitusvool: 800 A<br \/>\nTippvool: 2000 A<br \/>\nLaadimisaeg: 6 tundi<br \/>\nT\u00f6\u00f6temperatuur \u00b0C: -4 \u00b0C &#8230; +50 \u00b0C<br \/>\nM\u00f5\u00f5tmed (P x L x K): 205 \u00d7 77 \u00d7 114 mm<br \/>\nKaal: 1.6 kg<br \/>\n<strong>Eeldatav tarneaeg 1-7 t\u00f6\u00f6p\u00e4eva<\/strong><\/p>\n","protected":false},"featured_media":22484,"template":"","meta":{"inline_featured_image":false},"product_cat":[1101,1094,1090,121,120],"product_tag":[293,2302,292,1813,2301],"class_list":{"0":"post-22483","1":"product","2":"type-product","3":"status-publish","4":"has-post-thumbnail","6":"product_brand-konner-sohnen","7":"product_cat-akukompressorid","8":"product_cat-akutooriistad","9":"product_cat-ehitustehnika","10":"product_cat-kaivitusakud-ja-laadijad","11":"product_cat-kompressorid","12":"product_tag-akukompressor","13":"product_tag-kaivitusabi","14":"product_tag-kompressor","15":"product_tag-konner-sohnen","16":"product_tag-ks-jsp-2000","18":"first","19":"outofstock","20":"taxable","21":"shipping-taxable","22":"purchasable","23":"product-type-simple"},"yoast_head":"<!-- This site is optimized with the Yoast SEO plugin v27.4 - https:\/\/yoast.com\/product\/yoast-seo-wordpress\/ -->\n<title>K\u00f6nner &amp; S\u00f6hnen akutoitel kompressoriga k\u00e4ivitusabi KS JSP-2000<\/title>\n<meta name=\"description\" content=\"K\u00f6nner &amp; S\u00f6hnen akutoitel kompressoriga k\u00e4ivitusabi KS JSP-2000 Seade sisaldab mitmeid kaitsemehhanisme, \u00fclepingekaitse, l\u00fchisekaitse ja \u00fclekuumenemiskaitse\" \/>\n<meta name=\"robots\" content=\"index, follow, max-snippet:-1, max-image-preview:large, max-video-preview:-1\" \/>\n<link rel=\"canonical\" href=\"https:\/\/ranoja.ee\/toode\/konner-sohnen-akutoitel-kompressoriga-kaivitusabi-ks-jsp-2000\/\" \/>\n<meta property=\"og:locale\" content=\"en_US\" \/>\n<meta property=\"og:type\" content=\"article\" \/>\n<meta property=\"og:title\" content=\"K\u00f6nner &amp; S\u00f6hnen akutoitel kompressoriga k\u00e4ivitusabi KS JSP-2000\" \/>\n<meta property=\"og:description\" content=\"K\u00f6nner &amp; S\u00f6hnen akutoitel kompressoriga k\u00e4ivitusabi KS JSP-2000 Seade sisaldab mitmeid kaitsemehhanisme, \u00fclepingekaitse, l\u00fchisekaitse ja \u00fclekuumenemiskaitse\" \/>\n<meta property=\"og:url\" content=\"https:\/\/ranoja.ee\/toode\/konner-sohnen-akutoitel-kompressoriga-kaivitusabi-ks-jsp-2000\/\" \/>\n<meta property=\"og:site_name\" content=\"Ranoja\" \/>\n<meta property=\"article:publisher\" content=\"https:\/\/www.facebook.com\/ranoja.ee\" \/>\n<meta property=\"article:modified_time\" content=\"2026-04-08T07:00:06+00:00\" \/>\n<meta property=\"og:image\" content=\"https:\/\/ranoja.ee\/wp-content\/uploads\/2025\/10\/Konner-Sohnen-akutoitel-kompressoriga-kaivitusabi-KS-JSP-2000-2.webp\" \/>\n\t<meta property=\"og:image:width\" content=\"1600\" \/>\n\t<meta property=\"og:image:height\" content=\"1200\" \/>\n\t<meta property=\"og:image:type\" content=\"image\/webp\" \/>\n<meta name=\"twitter:card\" content=\"summary_large_image\" \/>\n<meta name=\"twitter:label1\" content=\"Est. reading time\" \/>\n\t<meta name=\"twitter:data1\" content=\"2 minutes\" \/>\n<script type=\"application\/ld+json\" class=\"yoast-schema-graph\">{\"@context\":\"https:\\\/\\\/schema.org\",\"@graph\":[{\"@type\":\"WebPage\",\"@id\":\"https:\\\/\\\/ranoja.ee\\\/toode\\\/konner-sohnen-akutoitel-kompressoriga-kaivitusabi-ks-jsp-2000\\\/\",\"url\":\"https:\\\/\\\/ranoja.ee\\\/toode\\\/konner-sohnen-akutoitel-kompressoriga-kaivitusabi-ks-jsp-2000\\\/\",\"name\":\"K\u00f6nner & S\u00f6hnen akutoitel kompressoriga k\u00e4ivitusabi KS JSP-2000\",\"isPartOf\":{\"@id\":\"https:\\\/\\\/ranoja.ee\\\/#website\"},\"primaryImageOfPage\":{\"@id\":\"https:\\\/\\\/ranoja.ee\\\/toode\\\/konner-sohnen-akutoitel-kompressoriga-kaivitusabi-ks-jsp-2000\\\/#primaryimage\"},\"image\":{\"@id\":\"https:\\\/\\\/ranoja.ee\\\/toode\\\/konner-sohnen-akutoitel-kompressoriga-kaivitusabi-ks-jsp-2000\\\/#primaryimage\"},\"thumbnailUrl\":\"https:\\\/\\\/ranoja.ee\\\/wp-content\\\/uploads\\\/2025\\\/10\\\/Konner-Sohnen-akutoitel-kompressoriga-kaivitusabi-KS-JSP-2000-2.webp\",\"datePublished\":\"2025-10-07T12:11:23+00:00\",\"dateModified\":\"2026-04-08T07:00:06+00:00\",\"description\":\"K\u00f6nner & S\u00f6hnen akutoitel kompressoriga k\u00e4ivitusabi KS JSP-2000 Seade sisaldab mitmeid kaitsemehhanisme, \u00fclepingekaitse, l\u00fchisekaitse ja \u00fclekuumenemiskaitse\",\"breadcrumb\":{\"@id\":\"https:\\\/\\\/ranoja.ee\\\/toode\\\/konner-sohnen-akutoitel-kompressoriga-kaivitusabi-ks-jsp-2000\\\/#breadcrumb\"},\"inLanguage\":\"en-US\",\"potentialAction\":[{\"@type\":\"ReadAction\",\"target\":[\"https:\\\/\\\/ranoja.ee\\\/toode\\\/konner-sohnen-akutoitel-kompressoriga-kaivitusabi-ks-jsp-2000\\\/\"]}]},{\"@type\":\"ImageObject\",\"inLanguage\":\"en-US\",\"@id\":\"https:\\\/\\\/ranoja.ee\\\/toode\\\/konner-sohnen-akutoitel-kompressoriga-kaivitusabi-ks-jsp-2000\\\/#primaryimage\",\"url\":\"https:\\\/\\\/ranoja.ee\\\/wp-content\\\/uploads\\\/2025\\\/10\\\/Konner-Sohnen-akutoitel-kompressoriga-kaivitusabi-KS-JSP-2000-2.webp\",\"contentUrl\":\"https:\\\/\\\/ranoja.ee\\\/wp-content\\\/uploads\\\/2025\\\/10\\\/Konner-Sohnen-akutoitel-kompressoriga-kaivitusabi-KS-JSP-2000-2.webp\",\"width\":1600,\"height\":1200,\"caption\":\"K\u00f6nner & S\u00f6hnen akutoitel kompressoriga k\u00e4ivitusabi KS JSP-2000\"},{\"@type\":\"BreadcrumbList\",\"@id\":\"https:\\\/\\\/ranoja.ee\\\/toode\\\/konner-sohnen-akutoitel-kompressoriga-kaivitusabi-ks-jsp-2000\\\/#breadcrumb\",\"itemListElement\":[{\"@type\":\"ListItem\",\"position\":1,\"name\":\"Home\",\"item\":\"https:\\\/\\\/ranoja.ee\\\/\"},{\"@type\":\"ListItem\",\"position\":2,\"name\":\"Shop\",\"item\":\"https:\\\/\\\/ranoja.ee\\\/en\\\/shop\\\/\"},{\"@type\":\"ListItem\",\"position\":3,\"name\":\"K\u00f6nner &#038; S\u00f6hnen akutoitel kompressoriga k\u00e4ivitusabi KS JSP-2000\"}]},{\"@type\":\"WebSite\",\"@id\":\"https:\\\/\\\/ranoja.ee\\\/#website\",\"url\":\"https:\\\/\\\/ranoja.ee\\\/\",\"name\":\"Ranoja\",\"description\":\"Equipment Shop WooCommerce WordPress Theme for Machine &amp; Tools\",\"publisher\":{\"@id\":\"https:\\\/\\\/ranoja.ee\\\/#organization\"},\"potentialAction\":[{\"@type\":\"SearchAction\",\"target\":{\"@type\":\"EntryPoint\",\"urlTemplate\":\"https:\\\/\\\/ranoja.ee\\\/?s={search_term_string}\"},\"query-input\":{\"@type\":\"PropertyValueSpecification\",\"valueRequired\":true,\"valueName\":\"search_term_string\"}}],\"inLanguage\":\"en-US\"},{\"@type\":\"Organization\",\"@id\":\"https:\\\/\\\/ranoja.ee\\\/#organization\",\"name\":\"Ranoja O\u00dc\",\"url\":\"https:\\\/\\\/ranoja.ee\\\/\",\"logo\":{\"@type\":\"ImageObject\",\"inLanguage\":\"en-US\",\"@id\":\"https:\\\/\\\/ranoja.ee\\\/#\\\/schema\\\/logo\\\/image\\\/\",\"url\":\"https:\\\/\\\/ranoja.ee\\\/wp-content\\\/uploads\\\/2023\\\/11\\\/ranoja-Logo.png\",\"contentUrl\":\"https:\\\/\\\/ranoja.ee\\\/wp-content\\\/uploads\\\/2023\\\/11\\\/ranoja-Logo.png\",\"width\":207,\"height\":58,\"caption\":\"Ranoja O\u00dc\"},\"image\":{\"@id\":\"https:\\\/\\\/ranoja.ee\\\/#\\\/schema\\\/logo\\\/image\\\/\"},\"sameAs\":[\"https:\\\/\\\/www.facebook.com\\\/ranoja.ee\",\"https:\\\/\\\/www.instagram.com\\\/ranoja__\\\/\"]}]}<\/script>\n<!-- \/ Yoast SEO plugin. -->","yoast_head_json":{"title":"K\u00f6nner & S\u00f6hnen akutoitel kompressoriga k\u00e4ivitusabi KS JSP-2000","description":"K\u00f6nner & S\u00f6hnen akutoitel kompressoriga k\u00e4ivitusabi KS JSP-2000 Seade sisaldab mitmeid kaitsemehhanisme, \u00fclepingekaitse, l\u00fchisekaitse ja \u00fclekuumenemiskaitse","robots":{"index":"index","follow":"follow","max-snippet":"max-snippet:-1","max-image-preview":"max-image-preview:large","max-video-preview":"max-video-preview:-1"},"canonical":"https:\/\/ranoja.ee\/toode\/konner-sohnen-akutoitel-kompressoriga-kaivitusabi-ks-jsp-2000\/","og_locale":"en_US","og_type":"article","og_title":"K\u00f6nner & S\u00f6hnen akutoitel kompressoriga k\u00e4ivitusabi KS JSP-2000","og_description":"K\u00f6nner & S\u00f6hnen akutoitel kompressoriga k\u00e4ivitusabi KS JSP-2000 Seade sisaldab mitmeid kaitsemehhanisme, \u00fclepingekaitse, l\u00fchisekaitse ja \u00fclekuumenemiskaitse","og_url":"https:\/\/ranoja.ee\/toode\/konner-sohnen-akutoitel-kompressoriga-kaivitusabi-ks-jsp-2000\/","og_site_name":"Ranoja","article_publisher":"https:\/\/www.facebook.com\/ranoja.ee","article_modified_time":"2026-04-08T07:00:06+00:00","og_image":[{"width":1600,"height":1200,"url":"https:\/\/ranoja.ee\/wp-content\/uploads\/2025\/10\/Konner-Sohnen-akutoitel-kompressoriga-kaivitusabi-KS-JSP-2000-2.webp","type":"image\/webp"}],"twitter_card":"summary_large_image","twitter_misc":{"Est. reading time":"2 minutes"},"schema":{"@context":"https:\/\/schema.org","@graph":[{"@type":"WebPage","@id":"https:\/\/ranoja.ee\/toode\/konner-sohnen-akutoitel-kompressoriga-kaivitusabi-ks-jsp-2000\/","url":"https:\/\/ranoja.ee\/toode\/konner-sohnen-akutoitel-kompressoriga-kaivitusabi-ks-jsp-2000\/","name":"K\u00f6nner & S\u00f6hnen akutoitel kompressoriga k\u00e4ivitusabi KS JSP-2000","isPartOf":{"@id":"https:\/\/ranoja.ee\/#website"},"primaryImageOfPage":{"@id":"https:\/\/ranoja.ee\/toode\/konner-sohnen-akutoitel-kompressoriga-kaivitusabi-ks-jsp-2000\/#primaryimage"},"image":{"@id":"https:\/\/ranoja.ee\/toode\/konner-sohnen-akutoitel-kompressoriga-kaivitusabi-ks-jsp-2000\/#primaryimage"},"thumbnailUrl":"https:\/\/ranoja.ee\/wp-content\/uploads\/2025\/10\/Konner-Sohnen-akutoitel-kompressoriga-kaivitusabi-KS-JSP-2000-2.webp","datePublished":"2025-10-07T12:11:23+00:00","dateModified":"2026-04-08T07:00:06+00:00","description":"K\u00f6nner & S\u00f6hnen akutoitel kompressoriga k\u00e4ivitusabi KS JSP-2000 Seade sisaldab mitmeid kaitsemehhanisme, \u00fclepingekaitse, l\u00fchisekaitse ja \u00fclekuumenemiskaitse","breadcrumb":{"@id":"https:\/\/ranoja.ee\/toode\/konner-sohnen-akutoitel-kompressoriga-kaivitusabi-ks-jsp-2000\/#breadcrumb"},"inLanguage":"en-US","potentialAction":[{"@type":"ReadAction","target":["https:\/\/ranoja.ee\/toode\/konner-sohnen-akutoitel-kompressoriga-kaivitusabi-ks-jsp-2000\/"]}]},{"@type":"ImageObject","inLanguage":"en-US","@id":"https:\/\/ranoja.ee\/toode\/konner-sohnen-akutoitel-kompressoriga-kaivitusabi-ks-jsp-2000\/#primaryimage","url":"https:\/\/ranoja.ee\/wp-content\/uploads\/2025\/10\/Konner-Sohnen-akutoitel-kompressoriga-kaivitusabi-KS-JSP-2000-2.webp","contentUrl":"https:\/\/ranoja.ee\/wp-content\/uploads\/2025\/10\/Konner-Sohnen-akutoitel-kompressoriga-kaivitusabi-KS-JSP-2000-2.webp","width":1600,"height":1200,"caption":"K\u00f6nner & S\u00f6hnen akutoitel kompressoriga k\u00e4ivitusabi KS JSP-2000"},{"@type":"BreadcrumbList","@id":"https:\/\/ranoja.ee\/toode\/konner-sohnen-akutoitel-kompressoriga-kaivitusabi-ks-jsp-2000\/#breadcrumb","itemListElement":[{"@type":"ListItem","position":1,"name":"Home","item":"https:\/\/ranoja.ee\/"},{"@type":"ListItem","position":2,"name":"Shop","item":"https:\/\/ranoja.ee\/en\/shop\/"},{"@type":"ListItem","position":3,"name":"K\u00f6nner &#038; S\u00f6hnen akutoitel kompressoriga k\u00e4ivitusabi KS JSP-2000"}]},{"@type":"WebSite","@id":"https:\/\/ranoja.ee\/#website","url":"https:\/\/ranoja.ee\/","name":"Ranoja","description":"Equipment Shop WooCommerce WordPress Theme for Machine &amp; Tools","publisher":{"@id":"https:\/\/ranoja.ee\/#organization"},"potentialAction":[{"@type":"SearchAction","target":{"@type":"EntryPoint","urlTemplate":"https:\/\/ranoja.ee\/?s={search_term_string}"},"query-input":{"@type":"PropertyValueSpecification","valueRequired":true,"valueName":"search_term_string"}}],"inLanguage":"en-US"},{"@type":"Organization","@id":"https:\/\/ranoja.ee\/#organization","name":"Ranoja O\u00dc","url":"https:\/\/ranoja.ee\/","logo":{"@type":"ImageObject","inLanguage":"en-US","@id":"https:\/\/ranoja.ee\/#\/schema\/logo\/image\/","url":"https:\/\/ranoja.ee\/wp-content\/uploads\/2023\/11\/ranoja-Logo.png","contentUrl":"https:\/\/ranoja.ee\/wp-content\/uploads\/2023\/11\/ranoja-Logo.png","width":207,"height":58,"caption":"Ranoja O\u00dc"},"image":{"@id":"https:\/\/ranoja.ee\/#\/schema\/logo\/image\/"},"sameAs":["https:\/\/www.facebook.com\/ranoja.ee","https:\/\/www.instagram.com\/ranoja__\/"]}]}},"_links":{"self":[{"href":"https:\/\/ranoja.ee\/en\/wp-json\/wp\/v2\/product\/22483","targetHints":{"allow":["GET"]}}],"collection":[{"href":"https:\/\/ranoja.ee\/en\/wp-json\/wp\/v2\/product"}],"about":[{"href":"https:\/\/ranoja.ee\/en\/wp-json\/wp\/v2\/types\/product"}],"wp:featuredmedia":[{"embeddable":true,"href":"https:\/\/ranoja.ee\/en\/wp-json\/wp\/v2\/media\/22484"}],"wp:attachment":[{"href":"https:\/\/ranoja.ee\/en\/wp-json\/wp\/v2\/media?parent=22483"}],"wp:term":[{"taxonomy":"product_cat","embeddable":true,"href":"https:\/\/ranoja.ee\/en\/wp-json\/wp\/v2\/product_cat?post=22483"},{"taxonomy":"product_tag","embeddable":true,"href":"https:\/\/ranoja.ee\/en\/wp-json\/wp\/v2\/product_tag?post=22483"}],"curies":[{"name":"wp","href":"https:\/\/api.w.org\/{rel}","templated":true}]}}