{"id":22421,"date":"2025-10-07T12:35:21","date_gmt":"2025-10-07T09:35:21","guid":{"rendered":"https:\/\/ranoja.ee\/?post_type=product&#038;p=22421"},"modified":"2026-04-08T10:00:06","modified_gmt":"2026-04-08T07:00:06","slug":"konner-sohnen-auto-ohukompressor-ks-p30","status":"publish","type":"product","link":"https:\/\/ranoja.ee\/en\/toode\/konner-sohnen-auto-ohukompressor-ks-p30\/","title":{"rendered":"K\u00f6nner &#038; S\u00f6hnen auto \u00f5hukompressor KS P30"},"content":{"rendered":"<p>K\u00f6nner &#038; S\u00f6hnen auto \u00f5hukompressor KS P30<\/p>\n<p>K\u00f6nner &#038; S\u00f6hnen 120 W v\u00f5imsusega \u00f5hukompressor, mis on m\u00f5eldud igap\u00e4evaseks mugavaks kasutamiseks kodus, autos v\u00f5i v\u00e4ljas\u00f5itudel. See seade aitab kiiresti pumpata, autode, mootorrataste, jalgrataste, k\u00e4rude rehve ja ka ujumis-\/huvej\u00f5ude v\u00f5i t\u00e4ispuhutavaid basseine, paate jne. <\/p>\n<p>Maksimaalne t\u00f6\u00f6v\u00f5imeus 150 psi \u00f5hur\u00f5hk, mis sobib enamiku autode rehvide jaoks, ja \u00f5huvool 35 liitrit minutis (35 l\/min), mis t\u00e4hendab, et pump t\u00f6\u00f6tab suhteliselt kiiresti ka suurema rehvi puhul. <\/p>\n<p>Pumba t\u00f6\u00f6tab nii 12 V autopistiku kaudu kui ka 110\/220 V vooluv\u00f5rgust. See annab paindlikkuse, sest saad kasutada seda nii s\u00f5idukis kui ka kodus.<br \/>\nSeade toetab automaatset stopp-funktsiooni, mis l\u00fclitab pumpamise v\u00e4lja, kui saavutatakse eelnevalt seadistatud soovitud r\u00f5hk. See kaitseb rehvi \u00fcle pumpamise eest ja teeb kasutamise mugavamaks. <\/p>\n<p>Kompressor on varustatud digitaalse ekraaniga, mis n\u00e4itab r\u00f5hku valitud \u00fchikutes \u2014 BAR, PSI v\u00f5i kPa \u2014 ning mitme adapteriga otsikutega. Komplektis tulevad 3 erinevat adapterit. Auto ja \u00f5hun\u00f5ela \u00f5hkm\u00e4nguasjade, pallide jms t\u00e4ispumpamiseks. Kaasas LED-taskulamp, mis teeb seadme kasutamise lihtsamaks h\u00e4maras v\u00f5i \u00f6ises olukorras. <\/p>\n<p>T\u00f6\u00f6aeg maksimaalsel tugevusel on ligikaudu 8 minutit. Mis sobib enamikuks kiiretest vajadustest pumpamiseks, v\u00e4ikeste teiste esemete t\u00e4ispuhumiseks.<br \/>\nSeade kaalub umbes 1,8 kg brutokaaluga ja m\u00f5\u00f5tmed on 190 \u00d7 203 \u00d7 272 mm, muutes selle piisavalt kompaktseks, et mahuks auto pagasiruumi. <\/p>\n<p>Kokkuv\u00f5tteks on KS P30 praktiline ja mitmek\u00fclgne pump. Mis sobib h\u00e4sti nii autoomanikule kui ka inimestele, kes soovivad kodus v\u00f5i puhkusel kiiret lahendust rehvidele, basseini v\u00f5i muude t\u00e4ispuhutavate esemetega seotud \u00fclesannetele. See annab kombineeritud kasutusv\u00f5imaluse, piisava r\u00f5hu, kiiruse ja mugavuse. Eriti kui on vaja seadet kasutada nii autos kui ka kodustest allikatest.<\/p>\n<p>K\u00f6nner &#038; S\u00f6hnen auto \u00f5hukompressor KS P30<\/p>\n","protected":false},"excerpt":{"rendered":"<p>K\u00f6nner &#038; S\u00f6hnen auto \u00f5hukompressor KS P30<br \/>\nNimiv\u00f5imsus: 120 W<br \/>\nAlalisvoolu pinge (DC): 12V\/10A<br \/>\nSisendpinge vahelduvvoolu (AC): 110V\/1A, 220V\/0,5A<br \/>\nMaksimaalne pneumaatiline r\u00f5hk: 150 psi<br \/>\nPumpamis kiirus: 35 l\/min<br \/>\nPidev t\u00f6\u00f6aeg: 8 minutit<br \/>\nKaabli pikkus: 2.7 m (12 V) ja 1.5 m (230 V)<br \/>\nKompressoril olevad \u00fchikud: PSI, BAR, KPA<br \/>\nLED-taskulamp<br \/>\nBrutokaal: 1.8 kg<br \/>\n<strong>Eeldatav tarneaeg 1-7 t\u00f6\u00f6p\u00e4eva<\/strong><\/p>\n","protected":false},"featured_media":22436,"template":"","meta":{"inline_featured_image":false},"product_cat":[1090,120],"product_tag":[2300,292,1813,1927],"class_list":{"0":"post-22421","1":"product","2":"type-product","3":"status-publish","4":"has-post-thumbnail","6":"product_brand-konner-sohnen","7":"product_cat-ehitustehnika","8":"product_cat-kompressorid","9":"product_tag-auto-ohukompressor","10":"product_tag-kompressor","11":"product_tag-konner-sohnen","12":"product_tag-ks-p30","14":"first","15":"outofstock","16":"taxable","17":"shipping-taxable","18":"purchasable","19":"product-type-simple"},"yoast_head":"<!-- This site is optimized with the Yoast SEO plugin v27.4 - https:\/\/yoast.com\/product\/yoast-seo-wordpress\/ -->\n<title>K\u00f6nner &amp; S\u00f6hnen auto \u00f5hukompressor KS P30<\/title>\n<meta name=\"description\" content=\"K\u00f6nner &amp; S\u00f6hnen auto \u00f5hukompressor KS P30 120 W v\u00f5imsusega \u00f5hukompressor, mis on m\u00f5eldud igap\u00e4evaseks mugavaks kasutamiseks kodus, autos v\u00f5i v\u00e4ljas\u00f5itudel.\" \/>\n<meta name=\"robots\" content=\"index, follow, max-snippet:-1, max-image-preview:large, max-video-preview:-1\" \/>\n<link rel=\"canonical\" href=\"https:\/\/ranoja.ee\/toode\/konner-sohnen-auto-ohukompressor-ks-p30\/\" \/>\n<meta property=\"og:locale\" content=\"en_US\" \/>\n<meta property=\"og:type\" content=\"article\" \/>\n<meta property=\"og:title\" content=\"K\u00f6nner &amp; S\u00f6hnen auto \u00f5hukompressor KS P30\" \/>\n<meta property=\"og:description\" content=\"K\u00f6nner &amp; S\u00f6hnen auto \u00f5hukompressor KS P30 120 W v\u00f5imsusega \u00f5hukompressor, mis on m\u00f5eldud igap\u00e4evaseks mugavaks kasutamiseks kodus, autos v\u00f5i v\u00e4ljas\u00f5itudel.\" \/>\n<meta property=\"og:url\" content=\"https:\/\/ranoja.ee\/toode\/konner-sohnen-auto-ohukompressor-ks-p30\/\" \/>\n<meta property=\"og:site_name\" content=\"Ranoja\" \/>\n<meta property=\"article:publisher\" content=\"https:\/\/www.facebook.com\/ranoja.ee\" \/>\n<meta property=\"article:modified_time\" content=\"2026-04-08T07:00:06+00:00\" \/>\n<meta property=\"og:image\" content=\"https:\/\/ranoja.ee\/wp-content\/uploads\/2025\/10\/Konner-Sohnen-auto-ohukompressor-KS-P30.webp\" \/>\n\t<meta property=\"og:image:width\" content=\"1600\" \/>\n\t<meta property=\"og:image:height\" content=\"1200\" \/>\n\t<meta property=\"og:image:type\" content=\"image\/webp\" \/>\n<meta name=\"twitter:card\" content=\"summary_large_image\" \/>\n<meta name=\"twitter:label1\" content=\"Est. reading time\" \/>\n\t<meta name=\"twitter:data1\" content=\"2 minutes\" \/>\n<script type=\"application\/ld+json\" class=\"yoast-schema-graph\">{\"@context\":\"https:\\\/\\\/schema.org\",\"@graph\":[{\"@type\":\"WebPage\",\"@id\":\"https:\\\/\\\/ranoja.ee\\\/toode\\\/konner-sohnen-auto-ohukompressor-ks-p30\\\/\",\"url\":\"https:\\\/\\\/ranoja.ee\\\/toode\\\/konner-sohnen-auto-ohukompressor-ks-p30\\\/\",\"name\":\"K\u00f6nner & S\u00f6hnen auto \u00f5hukompressor KS P30\",\"isPartOf\":{\"@id\":\"https:\\\/\\\/ranoja.ee\\\/#website\"},\"primaryImageOfPage\":{\"@id\":\"https:\\\/\\\/ranoja.ee\\\/toode\\\/konner-sohnen-auto-ohukompressor-ks-p30\\\/#primaryimage\"},\"image\":{\"@id\":\"https:\\\/\\\/ranoja.ee\\\/toode\\\/konner-sohnen-auto-ohukompressor-ks-p30\\\/#primaryimage\"},\"thumbnailUrl\":\"https:\\\/\\\/ranoja.ee\\\/wp-content\\\/uploads\\\/2025\\\/10\\\/Konner-Sohnen-auto-ohukompressor-KS-P30.webp\",\"datePublished\":\"2025-10-07T09:35:21+00:00\",\"dateModified\":\"2026-04-08T07:00:06+00:00\",\"description\":\"K\u00f6nner & S\u00f6hnen auto \u00f5hukompressor KS P30 120 W v\u00f5imsusega \u00f5hukompressor, mis on m\u00f5eldud igap\u00e4evaseks mugavaks kasutamiseks kodus, autos v\u00f5i v\u00e4ljas\u00f5itudel.\",\"breadcrumb\":{\"@id\":\"https:\\\/\\\/ranoja.ee\\\/toode\\\/konner-sohnen-auto-ohukompressor-ks-p30\\\/#breadcrumb\"},\"inLanguage\":\"en-US\",\"potentialAction\":[{\"@type\":\"ReadAction\",\"target\":[\"https:\\\/\\\/ranoja.ee\\\/toode\\\/konner-sohnen-auto-ohukompressor-ks-p30\\\/\"]}]},{\"@type\":\"ImageObject\",\"inLanguage\":\"en-US\",\"@id\":\"https:\\\/\\\/ranoja.ee\\\/toode\\\/konner-sohnen-auto-ohukompressor-ks-p30\\\/#primaryimage\",\"url\":\"https:\\\/\\\/ranoja.ee\\\/wp-content\\\/uploads\\\/2025\\\/10\\\/Konner-Sohnen-auto-ohukompressor-KS-P30.webp\",\"contentUrl\":\"https:\\\/\\\/ranoja.ee\\\/wp-content\\\/uploads\\\/2025\\\/10\\\/Konner-Sohnen-auto-ohukompressor-KS-P30.webp\",\"width\":1600,\"height\":1200,\"caption\":\"K\u00f6nner & S\u00f6hnen auto \u00f5hukompressor KS P30\"},{\"@type\":\"BreadcrumbList\",\"@id\":\"https:\\\/\\\/ranoja.ee\\\/toode\\\/konner-sohnen-auto-ohukompressor-ks-p30\\\/#breadcrumb\",\"itemListElement\":[{\"@type\":\"ListItem\",\"position\":1,\"name\":\"Home\",\"item\":\"https:\\\/\\\/ranoja.ee\\\/\"},{\"@type\":\"ListItem\",\"position\":2,\"name\":\"Shop\",\"item\":\"https:\\\/\\\/ranoja.ee\\\/en\\\/shop\\\/\"},{\"@type\":\"ListItem\",\"position\":3,\"name\":\"K\u00f6nner &#038; S\u00f6hnen auto \u00f5hukompressor KS P30\"}]},{\"@type\":\"WebSite\",\"@id\":\"https:\\\/\\\/ranoja.ee\\\/#website\",\"url\":\"https:\\\/\\\/ranoja.ee\\\/\",\"name\":\"Ranoja\",\"description\":\"Equipment Shop WooCommerce WordPress Theme for Machine &amp; Tools\",\"publisher\":{\"@id\":\"https:\\\/\\\/ranoja.ee\\\/#organization\"},\"potentialAction\":[{\"@type\":\"SearchAction\",\"target\":{\"@type\":\"EntryPoint\",\"urlTemplate\":\"https:\\\/\\\/ranoja.ee\\\/?s={search_term_string}\"},\"query-input\":{\"@type\":\"PropertyValueSpecification\",\"valueRequired\":true,\"valueName\":\"search_term_string\"}}],\"inLanguage\":\"en-US\"},{\"@type\":\"Organization\",\"@id\":\"https:\\\/\\\/ranoja.ee\\\/#organization\",\"name\":\"Ranoja O\u00dc\",\"url\":\"https:\\\/\\\/ranoja.ee\\\/\",\"logo\":{\"@type\":\"ImageObject\",\"inLanguage\":\"en-US\",\"@id\":\"https:\\\/\\\/ranoja.ee\\\/#\\\/schema\\\/logo\\\/image\\\/\",\"url\":\"https:\\\/\\\/ranoja.ee\\\/wp-content\\\/uploads\\\/2023\\\/11\\\/ranoja-Logo.png\",\"contentUrl\":\"https:\\\/\\\/ranoja.ee\\\/wp-content\\\/uploads\\\/2023\\\/11\\\/ranoja-Logo.png\",\"width\":207,\"height\":58,\"caption\":\"Ranoja O\u00dc\"},\"image\":{\"@id\":\"https:\\\/\\\/ranoja.ee\\\/#\\\/schema\\\/logo\\\/image\\\/\"},\"sameAs\":[\"https:\\\/\\\/www.facebook.com\\\/ranoja.ee\",\"https:\\\/\\\/www.instagram.com\\\/ranoja__\\\/\"]}]}<\/script>\n<!-- \/ Yoast SEO plugin. -->","yoast_head_json":{"title":"K\u00f6nner & S\u00f6hnen auto \u00f5hukompressor KS P30","description":"K\u00f6nner & S\u00f6hnen auto \u00f5hukompressor KS P30 120 W v\u00f5imsusega \u00f5hukompressor, mis on m\u00f5eldud igap\u00e4evaseks mugavaks kasutamiseks kodus, autos v\u00f5i v\u00e4ljas\u00f5itudel.","robots":{"index":"index","follow":"follow","max-snippet":"max-snippet:-1","max-image-preview":"max-image-preview:large","max-video-preview":"max-video-preview:-1"},"canonical":"https:\/\/ranoja.ee\/toode\/konner-sohnen-auto-ohukompressor-ks-p30\/","og_locale":"en_US","og_type":"article","og_title":"K\u00f6nner & S\u00f6hnen auto \u00f5hukompressor KS P30","og_description":"K\u00f6nner & S\u00f6hnen auto \u00f5hukompressor KS P30 120 W v\u00f5imsusega \u00f5hukompressor, mis on m\u00f5eldud igap\u00e4evaseks mugavaks kasutamiseks kodus, autos v\u00f5i v\u00e4ljas\u00f5itudel.","og_url":"https:\/\/ranoja.ee\/toode\/konner-sohnen-auto-ohukompressor-ks-p30\/","og_site_name":"Ranoja","article_publisher":"https:\/\/www.facebook.com\/ranoja.ee","article_modified_time":"2026-04-08T07:00:06+00:00","og_image":[{"width":1600,"height":1200,"url":"https:\/\/ranoja.ee\/wp-content\/uploads\/2025\/10\/Konner-Sohnen-auto-ohukompressor-KS-P30.webp","type":"image\/webp"}],"twitter_card":"summary_large_image","twitter_misc":{"Est. reading time":"2 minutes"},"schema":{"@context":"https:\/\/schema.org","@graph":[{"@type":"WebPage","@id":"https:\/\/ranoja.ee\/toode\/konner-sohnen-auto-ohukompressor-ks-p30\/","url":"https:\/\/ranoja.ee\/toode\/konner-sohnen-auto-ohukompressor-ks-p30\/","name":"K\u00f6nner & S\u00f6hnen auto \u00f5hukompressor KS P30","isPartOf":{"@id":"https:\/\/ranoja.ee\/#website"},"primaryImageOfPage":{"@id":"https:\/\/ranoja.ee\/toode\/konner-sohnen-auto-ohukompressor-ks-p30\/#primaryimage"},"image":{"@id":"https:\/\/ranoja.ee\/toode\/konner-sohnen-auto-ohukompressor-ks-p30\/#primaryimage"},"thumbnailUrl":"https:\/\/ranoja.ee\/wp-content\/uploads\/2025\/10\/Konner-Sohnen-auto-ohukompressor-KS-P30.webp","datePublished":"2025-10-07T09:35:21+00:00","dateModified":"2026-04-08T07:00:06+00:00","description":"K\u00f6nner & S\u00f6hnen auto \u00f5hukompressor KS P30 120 W v\u00f5imsusega \u00f5hukompressor, mis on m\u00f5eldud igap\u00e4evaseks mugavaks kasutamiseks kodus, autos v\u00f5i v\u00e4ljas\u00f5itudel.","breadcrumb":{"@id":"https:\/\/ranoja.ee\/toode\/konner-sohnen-auto-ohukompressor-ks-p30\/#breadcrumb"},"inLanguage":"en-US","potentialAction":[{"@type":"ReadAction","target":["https:\/\/ranoja.ee\/toode\/konner-sohnen-auto-ohukompressor-ks-p30\/"]}]},{"@type":"ImageObject","inLanguage":"en-US","@id":"https:\/\/ranoja.ee\/toode\/konner-sohnen-auto-ohukompressor-ks-p30\/#primaryimage","url":"https:\/\/ranoja.ee\/wp-content\/uploads\/2025\/10\/Konner-Sohnen-auto-ohukompressor-KS-P30.webp","contentUrl":"https:\/\/ranoja.ee\/wp-content\/uploads\/2025\/10\/Konner-Sohnen-auto-ohukompressor-KS-P30.webp","width":1600,"height":1200,"caption":"K\u00f6nner & S\u00f6hnen auto \u00f5hukompressor KS P30"},{"@type":"BreadcrumbList","@id":"https:\/\/ranoja.ee\/toode\/konner-sohnen-auto-ohukompressor-ks-p30\/#breadcrumb","itemListElement":[{"@type":"ListItem","position":1,"name":"Home","item":"https:\/\/ranoja.ee\/"},{"@type":"ListItem","position":2,"name":"Shop","item":"https:\/\/ranoja.ee\/en\/shop\/"},{"@type":"ListItem","position":3,"name":"K\u00f6nner &#038; S\u00f6hnen auto \u00f5hukompressor KS P30"}]},{"@type":"WebSite","@id":"https:\/\/ranoja.ee\/#website","url":"https:\/\/ranoja.ee\/","name":"Ranoja","description":"Equipment Shop WooCommerce WordPress Theme for Machine &amp; Tools","publisher":{"@id":"https:\/\/ranoja.ee\/#organization"},"potentialAction":[{"@type":"SearchAction","target":{"@type":"EntryPoint","urlTemplate":"https:\/\/ranoja.ee\/?s={search_term_string}"},"query-input":{"@type":"PropertyValueSpecification","valueRequired":true,"valueName":"search_term_string"}}],"inLanguage":"en-US"},{"@type":"Organization","@id":"https:\/\/ranoja.ee\/#organization","name":"Ranoja O\u00dc","url":"https:\/\/ranoja.ee\/","logo":{"@type":"ImageObject","inLanguage":"en-US","@id":"https:\/\/ranoja.ee\/#\/schema\/logo\/image\/","url":"https:\/\/ranoja.ee\/wp-content\/uploads\/2023\/11\/ranoja-Logo.png","contentUrl":"https:\/\/ranoja.ee\/wp-content\/uploads\/2023\/11\/ranoja-Logo.png","width":207,"height":58,"caption":"Ranoja O\u00dc"},"image":{"@id":"https:\/\/ranoja.ee\/#\/schema\/logo\/image\/"},"sameAs":["https:\/\/www.facebook.com\/ranoja.ee","https:\/\/www.instagram.com\/ranoja__\/"]}]}},"_links":{"self":[{"href":"https:\/\/ranoja.ee\/en\/wp-json\/wp\/v2\/product\/22421","targetHints":{"allow":["GET"]}}],"collection":[{"href":"https:\/\/ranoja.ee\/en\/wp-json\/wp\/v2\/product"}],"about":[{"href":"https:\/\/ranoja.ee\/en\/wp-json\/wp\/v2\/types\/product"}],"wp:featuredmedia":[{"embeddable":true,"href":"https:\/\/ranoja.ee\/en\/wp-json\/wp\/v2\/media\/22436"}],"wp:attachment":[{"href":"https:\/\/ranoja.ee\/en\/wp-json\/wp\/v2\/media?parent=22421"}],"wp:term":[{"taxonomy":"product_cat","embeddable":true,"href":"https:\/\/ranoja.ee\/en\/wp-json\/wp\/v2\/product_cat?post=22421"},{"taxonomy":"product_tag","embeddable":true,"href":"https:\/\/ranoja.ee\/en\/wp-json\/wp\/v2\/product_tag?post=22421"}],"curies":[{"name":"wp","href":"https:\/\/api.w.org\/{rel}","templated":true}]}}