{"id":22321,"date":"2025-10-06T17:32:21","date_gmt":"2025-10-06T14:32:21","guid":{"rendered":"https:\/\/ranoja.ee\/?post_type=product&#038;p=22321"},"modified":"2026-04-08T10:00:06","modified_gmt":"2026-04-08T07:00:06","slug":"konner-sohnen-mootorsaag-ks-cs31g-20-1","status":"publish","type":"product","link":"https:\/\/ranoja.ee\/en\/toode\/konner-sohnen-mootorsaag-ks-cs31g-20-1\/","title":{"rendered":"K\u00f6nner &#038; S\u00f6hnen mootorsaag KS CS31G-20-1"},"content":{"rendered":"<p>K\u00f6nner &#038; S\u00f6hnen mootorsaag KS CS31G-20-1<\/p>\n<p>V\u00f5imas ja t\u00f6\u00f6kindel bensiinimootoriga mootorsaag, mis sobib h\u00e4sti n\u00f5udlikumateks aiat\u00f6\u00f6deks. Puude l\u00f5ikamiseks, oksade eemaldamiseks ja koduaiaga seotud suuremateks projektideks. See mudel t\u00f6\u00f6tab sisep\u00f5lemismootoriga \u2013 mootorimaht on 54.5 cm\u00b3, mille v\u00f5imsus on umbes 3.1 hj \/ 2.3 kW.<br \/>\nMootori maksimaalne p\u00f6\u00f6rlemissagedus on ca 11 000 \u00b1 500 p\/min ja t\u00f6\u00f6p\u00f6\u00f6rded koormusega j\u00e4\u00e4vad umbes 8500 p\/min, mis annab paraja j\u00f5u ka raskemate l\u00f5igetega hakkamasaamiseks. <\/p>\n<p>Seade on varustatud 16-tollise (40 cm) juhtrauaga ja ketiliiniga KS 28FC66, mille samm (pitch) on 0,325 tolli (\u2248 8,25 mm) ja ketipaksus (gauge) 0,058 tolli (\u2248 1,5 mm).<br \/>\nKeti veohammaste arv on 66 tk.<\/p>\n<p>KS CS31G-16 on varustatud automaatse ketim\u00e4\u00e4rimise s\u00fcsteemiga, millel on reguleeritav pump, et tagada keti ja juhtraua pidev m\u00e4\u00e4rimine t\u00f6\u00f6 ajal. \u00d5lipaagi maht on 260 ml.<br \/>\nSeade kasutab ka k\u00fclgpingutusmehhanismi, mis teeb ketipingutuse lihtsamaks. <\/p>\n<p>Turvalisuse osas on mudelil inertspidur (ketipidur), ketip\u00fc\u00fcdja (chain catcher), mis aitab v\u00e4ltida ketilahenduse v\u00f5i katkemise tagaj\u00e4rjel tekkivaid vigastusi. K\u00e4epidemed on ergonoomilised ja seade sisaldab anti-vibratsioonis\u00fcsteemi, et v\u00e4hendada vibratsiooni kasutaja k\u00e4tes ja k\u00e4ivitada t\u00f6\u00f6 mugavamalt. <\/p>\n<p>Helitase t\u00f6\u00f6 ajal on \u00fcsna k\u00f5rge \u2013 117 dB(A) (LpA 7 m \/ LwA), mis t\u00e4hendab, et sae kasutamisel tuleb kasutada kaitsevarustust.<br \/>\nK\u00fctusepaagi maht on 0.55 l, mis v\u00f5imaldab \u00fcsna pikka t\u00f6\u00f6aega enne j\u00e4relk\u00fctuse lisamist. <\/p>\n<p>Kokkuv\u00f5ttes on KS CS31G-16 tugev ja mitmek\u00fclgne bensiinimootoriga mudel, mis pakub head l\u00f5ikev\u00f5imsust ja t\u00f5husust. Sobib neile, kes vajavad saagi, mis kestab, l\u00f5ikab h\u00e4sti ja kellel on vaja tegutseda piirkondades, kus voolu\u00fchendus pole v\u00f5imalik.<\/p>\n<p>K\u00f6nner &#038; S\u00f6hnen mootorsaag KS CS31G-20-1<\/p>\n","protected":false},"excerpt":{"rendered":"<p>K\u00f6nner &#038; S\u00f6hnen mootorsaag KS CS31G-20-1<br \/>\nMootori maht: 54.5 cm\u00b3<br \/>\nMootori v\u00f5imsus: 3.1hj\/2.3kW<br \/>\nT\u00f6\u00f6kiirus: 8500 p\/min<br \/>\nMaksimaalne kiirus: 11000 \u00b1500 p\/min<br \/>\nKoormuseta kiirus: 3000 \u00b1300 p\/min<br \/>\nK\u00fctusepaagi maht: 0.55 l<br \/>\n\u00d5lipaagi maht: 260 ml<br \/>\nJuhtplaat: Oregon 208PXBK095<br \/>\nKett: Oregon 21LPX078X<br \/>\nKeti pikkus: 20\u201d (50 cm)<br \/>\nKeti samm: 0.325\u201d (8.25 mm)<br \/>\nKeti paksus: 0.058\u201d (1.5 mm)<br \/>\nVeohammaste arv: 78 tk<br \/>\nKeti m\u00e4\u00e4rimiss\u00fcsteem: Automaatne pump regulaatoriga<br \/>\nKarburaator: WALBRO \u2013 WT-966<br \/>\nM\u00fcratase: Lpa (7m)\/Lwa, dB 117<br \/>\nKaal: 5.6 kg<br \/>\n<strong>Eeldatav tarneaeg 1-7 t\u00f6\u00f6p\u00e4eva<\/strong><\/p>\n","protected":false},"featured_media":22342,"template":"","meta":{"inline_featured_image":false},"product_cat":[1079,793],"product_tag":[227,1813,2296,228],"class_list":{"0":"post-22321","1":"product","2":"type-product","3":"status-publish","4":"has-post-thumbnail","6":"product_brand-konner-sohnen","7":"product_cat-aiatehnika-ja-niidutehnika","8":"product_cat-mootorsaed-ja-kettsaed","9":"product_tag-kettsaag","10":"product_tag-konner-sohnen","11":"product_tag-ks-cs31g-20-1","12":"product_tag-mootorsaag","14":"first","15":"outofstock","16":"taxable","17":"shipping-taxable","18":"purchasable","19":"product-type-simple"},"yoast_head":"<!-- This site is optimized with the Yoast SEO plugin v27.4 - https:\/\/yoast.com\/product\/yoast-seo-wordpress\/ -->\n<title>K\u00f6nner &amp; S\u00f6hnen mootorsaag KS CS31G-20-1<\/title>\n<meta name=\"description\" content=\"K\u00f6nner &amp; S\u00f6hnen mootorsaag KS CS31G-20-1 Mootori maksimaalne p\u00f6\u00f6rlemissagedus on ca 11 000 \u00b1 500 p\/min ja t\u00f6\u00f6p\u00f6\u00f6rded koormusega j\u00e4\u00e4vad umbes 8500 p\/min.\" \/>\n<meta name=\"robots\" content=\"index, follow, max-snippet:-1, max-image-preview:large, max-video-preview:-1\" \/>\n<link rel=\"canonical\" href=\"https:\/\/ranoja.ee\/toode\/konner-sohnen-mootorsaag-ks-cs31g-20-1\/\" \/>\n<meta property=\"og:locale\" content=\"en_US\" \/>\n<meta property=\"og:type\" content=\"article\" \/>\n<meta property=\"og:title\" content=\"K\u00f6nner &amp; S\u00f6hnen mootorsaag KS CS31G-20-1\" \/>\n<meta property=\"og:description\" content=\"K\u00f6nner &amp; S\u00f6hnen mootorsaag KS CS31G-20-1 Mootori maksimaalne p\u00f6\u00f6rlemissagedus on ca 11 000 \u00b1 500 p\/min ja t\u00f6\u00f6p\u00f6\u00f6rded koormusega j\u00e4\u00e4vad umbes 8500 p\/min.\" \/>\n<meta property=\"og:url\" content=\"https:\/\/ranoja.ee\/toode\/konner-sohnen-mootorsaag-ks-cs31g-20-1\/\" \/>\n<meta property=\"og:site_name\" content=\"Ranoja\" \/>\n<meta property=\"article:publisher\" content=\"https:\/\/www.facebook.com\/ranoja.ee\" \/>\n<meta property=\"article:modified_time\" content=\"2026-04-08T07:00:06+00:00\" \/>\n<meta property=\"og:image\" content=\"https:\/\/ranoja.ee\/wp-content\/uploads\/2025\/10\/Konner-Sohnen-mootorsaag-KS-CS31G-20-1-12.webp\" \/>\n\t<meta property=\"og:image:width\" content=\"1600\" \/>\n\t<meta property=\"og:image:height\" content=\"1600\" \/>\n\t<meta property=\"og:image:type\" content=\"image\/webp\" \/>\n<meta name=\"twitter:card\" content=\"summary_large_image\" \/>\n<meta name=\"twitter:label1\" content=\"Est. reading time\" \/>\n\t<meta name=\"twitter:data1\" content=\"2 minutes\" \/>\n<script type=\"application\/ld+json\" class=\"yoast-schema-graph\">{\"@context\":\"https:\\\/\\\/schema.org\",\"@graph\":[{\"@type\":\"WebPage\",\"@id\":\"https:\\\/\\\/ranoja.ee\\\/toode\\\/konner-sohnen-mootorsaag-ks-cs31g-20-1\\\/\",\"url\":\"https:\\\/\\\/ranoja.ee\\\/toode\\\/konner-sohnen-mootorsaag-ks-cs31g-20-1\\\/\",\"name\":\"K\u00f6nner & S\u00f6hnen mootorsaag KS CS31G-20-1\",\"isPartOf\":{\"@id\":\"https:\\\/\\\/ranoja.ee\\\/#website\"},\"primaryImageOfPage\":{\"@id\":\"https:\\\/\\\/ranoja.ee\\\/toode\\\/konner-sohnen-mootorsaag-ks-cs31g-20-1\\\/#primaryimage\"},\"image\":{\"@id\":\"https:\\\/\\\/ranoja.ee\\\/toode\\\/konner-sohnen-mootorsaag-ks-cs31g-20-1\\\/#primaryimage\"},\"thumbnailUrl\":\"https:\\\/\\\/ranoja.ee\\\/wp-content\\\/uploads\\\/2025\\\/10\\\/Konner-Sohnen-mootorsaag-KS-CS31G-20-1-12.webp\",\"datePublished\":\"2025-10-06T14:32:21+00:00\",\"dateModified\":\"2026-04-08T07:00:06+00:00\",\"description\":\"K\u00f6nner & S\u00f6hnen mootorsaag KS CS31G-20-1 Mootori maksimaalne p\u00f6\u00f6rlemissagedus on ca 11 000 \u00b1 500 p\\\/min ja t\u00f6\u00f6p\u00f6\u00f6rded koormusega j\u00e4\u00e4vad umbes 8500 p\\\/min.\",\"breadcrumb\":{\"@id\":\"https:\\\/\\\/ranoja.ee\\\/toode\\\/konner-sohnen-mootorsaag-ks-cs31g-20-1\\\/#breadcrumb\"},\"inLanguage\":\"en-US\",\"potentialAction\":[{\"@type\":\"ReadAction\",\"target\":[\"https:\\\/\\\/ranoja.ee\\\/toode\\\/konner-sohnen-mootorsaag-ks-cs31g-20-1\\\/\"]}]},{\"@type\":\"ImageObject\",\"inLanguage\":\"en-US\",\"@id\":\"https:\\\/\\\/ranoja.ee\\\/toode\\\/konner-sohnen-mootorsaag-ks-cs31g-20-1\\\/#primaryimage\",\"url\":\"https:\\\/\\\/ranoja.ee\\\/wp-content\\\/uploads\\\/2025\\\/10\\\/Konner-Sohnen-mootorsaag-KS-CS31G-20-1-12.webp\",\"contentUrl\":\"https:\\\/\\\/ranoja.ee\\\/wp-content\\\/uploads\\\/2025\\\/10\\\/Konner-Sohnen-mootorsaag-KS-CS31G-20-1-12.webp\",\"width\":1600,\"height\":1600,\"caption\":\"K\u00f6nner & S\u00f6hnen mootorsaag KS CS31G-20-1\"},{\"@type\":\"BreadcrumbList\",\"@id\":\"https:\\\/\\\/ranoja.ee\\\/toode\\\/konner-sohnen-mootorsaag-ks-cs31g-20-1\\\/#breadcrumb\",\"itemListElement\":[{\"@type\":\"ListItem\",\"position\":1,\"name\":\"Home\",\"item\":\"https:\\\/\\\/ranoja.ee\\\/\"},{\"@type\":\"ListItem\",\"position\":2,\"name\":\"Shop\",\"item\":\"https:\\\/\\\/ranoja.ee\\\/en\\\/shop\\\/\"},{\"@type\":\"ListItem\",\"position\":3,\"name\":\"K\u00f6nner &#038; S\u00f6hnen mootorsaag KS CS31G-20-1\"}]},{\"@type\":\"WebSite\",\"@id\":\"https:\\\/\\\/ranoja.ee\\\/#website\",\"url\":\"https:\\\/\\\/ranoja.ee\\\/\",\"name\":\"Ranoja\",\"description\":\"Equipment Shop WooCommerce WordPress Theme for Machine &amp; Tools\",\"publisher\":{\"@id\":\"https:\\\/\\\/ranoja.ee\\\/#organization\"},\"potentialAction\":[{\"@type\":\"SearchAction\",\"target\":{\"@type\":\"EntryPoint\",\"urlTemplate\":\"https:\\\/\\\/ranoja.ee\\\/?s={search_term_string}\"},\"query-input\":{\"@type\":\"PropertyValueSpecification\",\"valueRequired\":true,\"valueName\":\"search_term_string\"}}],\"inLanguage\":\"en-US\"},{\"@type\":\"Organization\",\"@id\":\"https:\\\/\\\/ranoja.ee\\\/#organization\",\"name\":\"Ranoja O\u00dc\",\"url\":\"https:\\\/\\\/ranoja.ee\\\/\",\"logo\":{\"@type\":\"ImageObject\",\"inLanguage\":\"en-US\",\"@id\":\"https:\\\/\\\/ranoja.ee\\\/#\\\/schema\\\/logo\\\/image\\\/\",\"url\":\"https:\\\/\\\/ranoja.ee\\\/wp-content\\\/uploads\\\/2023\\\/11\\\/ranoja-Logo.png\",\"contentUrl\":\"https:\\\/\\\/ranoja.ee\\\/wp-content\\\/uploads\\\/2023\\\/11\\\/ranoja-Logo.png\",\"width\":207,\"height\":58,\"caption\":\"Ranoja O\u00dc\"},\"image\":{\"@id\":\"https:\\\/\\\/ranoja.ee\\\/#\\\/schema\\\/logo\\\/image\\\/\"},\"sameAs\":[\"https:\\\/\\\/www.facebook.com\\\/ranoja.ee\",\"https:\\\/\\\/www.instagram.com\\\/ranoja__\\\/\"]}]}<\/script>\n<!-- \/ Yoast SEO plugin. -->","yoast_head_json":{"title":"K\u00f6nner & S\u00f6hnen mootorsaag KS CS31G-20-1","description":"K\u00f6nner & S\u00f6hnen mootorsaag KS CS31G-20-1 Mootori maksimaalne p\u00f6\u00f6rlemissagedus on ca 11 000 \u00b1 500 p\/min ja t\u00f6\u00f6p\u00f6\u00f6rded koormusega j\u00e4\u00e4vad umbes 8500 p\/min.","robots":{"index":"index","follow":"follow","max-snippet":"max-snippet:-1","max-image-preview":"max-image-preview:large","max-video-preview":"max-video-preview:-1"},"canonical":"https:\/\/ranoja.ee\/toode\/konner-sohnen-mootorsaag-ks-cs31g-20-1\/","og_locale":"en_US","og_type":"article","og_title":"K\u00f6nner & S\u00f6hnen mootorsaag KS CS31G-20-1","og_description":"K\u00f6nner & S\u00f6hnen mootorsaag KS CS31G-20-1 Mootori maksimaalne p\u00f6\u00f6rlemissagedus on ca 11 000 \u00b1 500 p\/min ja t\u00f6\u00f6p\u00f6\u00f6rded koormusega j\u00e4\u00e4vad umbes 8500 p\/min.","og_url":"https:\/\/ranoja.ee\/toode\/konner-sohnen-mootorsaag-ks-cs31g-20-1\/","og_site_name":"Ranoja","article_publisher":"https:\/\/www.facebook.com\/ranoja.ee","article_modified_time":"2026-04-08T07:00:06+00:00","og_image":[{"width":1600,"height":1600,"url":"https:\/\/ranoja.ee\/wp-content\/uploads\/2025\/10\/Konner-Sohnen-mootorsaag-KS-CS31G-20-1-12.webp","type":"image\/webp"}],"twitter_card":"summary_large_image","twitter_misc":{"Est. reading time":"2 minutes"},"schema":{"@context":"https:\/\/schema.org","@graph":[{"@type":"WebPage","@id":"https:\/\/ranoja.ee\/toode\/konner-sohnen-mootorsaag-ks-cs31g-20-1\/","url":"https:\/\/ranoja.ee\/toode\/konner-sohnen-mootorsaag-ks-cs31g-20-1\/","name":"K\u00f6nner & S\u00f6hnen mootorsaag KS CS31G-20-1","isPartOf":{"@id":"https:\/\/ranoja.ee\/#website"},"primaryImageOfPage":{"@id":"https:\/\/ranoja.ee\/toode\/konner-sohnen-mootorsaag-ks-cs31g-20-1\/#primaryimage"},"image":{"@id":"https:\/\/ranoja.ee\/toode\/konner-sohnen-mootorsaag-ks-cs31g-20-1\/#primaryimage"},"thumbnailUrl":"https:\/\/ranoja.ee\/wp-content\/uploads\/2025\/10\/Konner-Sohnen-mootorsaag-KS-CS31G-20-1-12.webp","datePublished":"2025-10-06T14:32:21+00:00","dateModified":"2026-04-08T07:00:06+00:00","description":"K\u00f6nner & S\u00f6hnen mootorsaag KS CS31G-20-1 Mootori maksimaalne p\u00f6\u00f6rlemissagedus on ca 11 000 \u00b1 500 p\/min ja t\u00f6\u00f6p\u00f6\u00f6rded koormusega j\u00e4\u00e4vad umbes 8500 p\/min.","breadcrumb":{"@id":"https:\/\/ranoja.ee\/toode\/konner-sohnen-mootorsaag-ks-cs31g-20-1\/#breadcrumb"},"inLanguage":"en-US","potentialAction":[{"@type":"ReadAction","target":["https:\/\/ranoja.ee\/toode\/konner-sohnen-mootorsaag-ks-cs31g-20-1\/"]}]},{"@type":"ImageObject","inLanguage":"en-US","@id":"https:\/\/ranoja.ee\/toode\/konner-sohnen-mootorsaag-ks-cs31g-20-1\/#primaryimage","url":"https:\/\/ranoja.ee\/wp-content\/uploads\/2025\/10\/Konner-Sohnen-mootorsaag-KS-CS31G-20-1-12.webp","contentUrl":"https:\/\/ranoja.ee\/wp-content\/uploads\/2025\/10\/Konner-Sohnen-mootorsaag-KS-CS31G-20-1-12.webp","width":1600,"height":1600,"caption":"K\u00f6nner & S\u00f6hnen mootorsaag KS CS31G-20-1"},{"@type":"BreadcrumbList","@id":"https:\/\/ranoja.ee\/toode\/konner-sohnen-mootorsaag-ks-cs31g-20-1\/#breadcrumb","itemListElement":[{"@type":"ListItem","position":1,"name":"Home","item":"https:\/\/ranoja.ee\/"},{"@type":"ListItem","position":2,"name":"Shop","item":"https:\/\/ranoja.ee\/en\/shop\/"},{"@type":"ListItem","position":3,"name":"K\u00f6nner &#038; S\u00f6hnen mootorsaag KS CS31G-20-1"}]},{"@type":"WebSite","@id":"https:\/\/ranoja.ee\/#website","url":"https:\/\/ranoja.ee\/","name":"Ranoja","description":"Equipment Shop WooCommerce WordPress Theme for Machine &amp; Tools","publisher":{"@id":"https:\/\/ranoja.ee\/#organization"},"potentialAction":[{"@type":"SearchAction","target":{"@type":"EntryPoint","urlTemplate":"https:\/\/ranoja.ee\/?s={search_term_string}"},"query-input":{"@type":"PropertyValueSpecification","valueRequired":true,"valueName":"search_term_string"}}],"inLanguage":"en-US"},{"@type":"Organization","@id":"https:\/\/ranoja.ee\/#organization","name":"Ranoja O\u00dc","url":"https:\/\/ranoja.ee\/","logo":{"@type":"ImageObject","inLanguage":"en-US","@id":"https:\/\/ranoja.ee\/#\/schema\/logo\/image\/","url":"https:\/\/ranoja.ee\/wp-content\/uploads\/2023\/11\/ranoja-Logo.png","contentUrl":"https:\/\/ranoja.ee\/wp-content\/uploads\/2023\/11\/ranoja-Logo.png","width":207,"height":58,"caption":"Ranoja O\u00dc"},"image":{"@id":"https:\/\/ranoja.ee\/#\/schema\/logo\/image\/"},"sameAs":["https:\/\/www.facebook.com\/ranoja.ee","https:\/\/www.instagram.com\/ranoja__\/"]}]}},"_links":{"self":[{"href":"https:\/\/ranoja.ee\/en\/wp-json\/wp\/v2\/product\/22321","targetHints":{"allow":["GET"]}}],"collection":[{"href":"https:\/\/ranoja.ee\/en\/wp-json\/wp\/v2\/product"}],"about":[{"href":"https:\/\/ranoja.ee\/en\/wp-json\/wp\/v2\/types\/product"}],"wp:featuredmedia":[{"embeddable":true,"href":"https:\/\/ranoja.ee\/en\/wp-json\/wp\/v2\/media\/22342"}],"wp:attachment":[{"href":"https:\/\/ranoja.ee\/en\/wp-json\/wp\/v2\/media?parent=22321"}],"wp:term":[{"taxonomy":"product_cat","embeddable":true,"href":"https:\/\/ranoja.ee\/en\/wp-json\/wp\/v2\/product_cat?post=22321"},{"taxonomy":"product_tag","embeddable":true,"href":"https:\/\/ranoja.ee\/en\/wp-json\/wp\/v2\/product_tag?post=22321"}],"curies":[{"name":"wp","href":"https:\/\/api.w.org\/{rel}","templated":true}]}}