{"id":22251,"date":"2025-10-06T16:10:00","date_gmt":"2025-10-06T13:10:00","guid":{"rendered":"https:\/\/ranoja.ee\/?post_type=product&#038;p=22251"},"modified":"2026-04-08T10:00:07","modified_gmt":"2026-04-08T07:00:07","slug":"konner-sohnen-mootorsaag-ks-cs21g-16","status":"publish","type":"product","link":"https:\/\/ranoja.ee\/en\/toode\/konner-sohnen-mootorsaag-ks-cs21g-16\/","title":{"rendered":"K\u00f6nner &#038; S\u00f6hnen mootorsaag KS CS21G-16"},"content":{"rendered":"<p>K\u00f6nner &#038; S\u00f6hnen mootorsaag KS CS21G-16<\/p>\n<p>T\u00f6\u00f6kindel ja v\u00f5imas bensiinimootoriga kettsaag, mis on m\u00f5eldud aia-, metsa ja kodumajapidamise t\u00f6\u00f6deks, kus on vaja j\u00f5udu ja mobiilsust. Seade t\u00f6\u00f6tab 45 cm\u00b3 bensiinimootoriga, pakkudes umbes 2,1 hobuj\u00f5u (\u2248 1,6 kW) v\u00f5imsust. Mootori seaded v\u00f5imaldavad kasutajal saada tugeva l\u00f5ikev\u00f5imsuse ja sujuva t\u00f6\u00f6 \u2013 t\u00f6\u00f6p\u00f6\u00f6rded normaalkoormusel on ~ 8500 p\/min. <\/p>\n<p>Ketisael on juhtraua pikkus 16 tolli (\u2248 40 cm). Mis annab piisavalt ulatust keskmise suurusega oksade, palkide ja muu puidu l\u00f5ikamiseks. Ketiliin on KS 28FC66, ja kettisamm (chain pitch) on 0,325\u2033 (\u2248 8,25 mm) ning ketipaksus (gauge) 0,058\u2033 (\u2248 1,5 mm), mis tagab hea tasakaalu l\u00f5iket\u00e4psuse, j\u00f5udluse ja vastupidavuse. <\/p>\n<p>Seade on varustatud mitmete funktsioonidega, mis teevad kasutamise mugavamaks ja ohutumaks. Automaatne ketim\u00e4\u00e4rimis\u00ads\u00fcsteem, k\u00fclgse p\u00e4\u00e4stega ketipingutus, inertspidur, mis peatab keti tagasil\u00f6\u00f6gil (kickback), kett-p\u00fc\u00fcdja (chain catcher). Turvalukustus hoobadele, et v\u00e4ltida juhuslikku k\u00e4ivitamist. Ergonomilised k\u00e4epidemed kummipinnaga ja anti-vibratsioonimehhanism aitavad v\u00e4hendada k\u00e4te v\u00e4simust.<br \/>\nKeti\u00f5li mahutavus on 260 ml, mis v\u00f5imaldab pikemat t\u00f6\u00f6d ilma pideva \u00f5litaseme j\u00e4lgimiseta.<\/p>\n<p>K\u00f6nner &#038; S\u00f6hnen mootorsaag KS CS21G-16<\/p>\n","protected":false},"excerpt":{"rendered":"<p>K\u00f6nner &#038; S\u00f6hnen mootorsaag KS CS21G-16<br \/>\nMootori maht: 45 cm\u00b3<br \/>\nMootori v\u00f5imsus: 2.1hj\/1.6kW<br \/>\nT\u00f6\u00f6kiirus: 8500 p\/min<br \/>\nMaksimaalne kiirus: 11500 \u00b1500 p\/min<br \/>\nKoormuseta kiirus: 3000 \u00b1300 p\/min<br \/>\nK\u00fctusepaagi maht: 550 ml<br \/>\n\u00d5lipaagi maht: 260 ml<br \/>\nJuhtplaat: KS 168THBK095<br \/>\nKett: KS 28FC66<br \/>\nKeti pikkus: 16\u201d (40 cm)<br \/>\nKeti samm: 0.325\u201d (8.25 mm)<br \/>\nKeti paksus: 0.058\u201d (1.5 mm)<br \/>\nVeohammaste arv: 66 tk<br \/>\nKeti m\u00e4\u00e4rimiss\u00fcsteem: Automaatne pump regulaatoriga<br \/>\nKarburaator: HUALONG \u2013 MC16<br \/>\nM\u00fcratase: Lpa (7m)\/Lwa, dB 117<br \/>\nKaal: 5.6 kg<br \/>\n<strong>Eeldatav tarneaeg 1-7 t\u00f6\u00f6p\u00e4eva<\/strong><\/p>\n","protected":false},"featured_media":22262,"template":"","meta":{"inline_featured_image":false},"product_cat":[1079,793],"product_tag":[227,1813,2293,228],"class_list":{"0":"post-22251","1":"product","2":"type-product","3":"status-publish","4":"has-post-thumbnail","6":"product_brand-konner-sohnen","7":"product_cat-aiatehnika-ja-niidutehnika","8":"product_cat-mootorsaed-ja-kettsaed","9":"product_tag-kettsaag","10":"product_tag-konner-sohnen","11":"product_tag-ks-cs21g-16","12":"product_tag-mootorsaag","14":"first","15":"outofstock","16":"taxable","17":"shipping-taxable","18":"purchasable","19":"product-type-simple"},"yoast_head":"<!-- This site is optimized with the Yoast SEO plugin v27.4 - https:\/\/yoast.com\/product\/yoast-seo-wordpress\/ -->\n<title>K\u00f6nner &amp; S\u00f6hnen mootorsaag KS CS21G-16<\/title>\n<meta name=\"description\" content=\"K\u00f6nner &amp; S\u00f6hnen mootorsaag KS CS21G-16 Keti\u00f5li mahutavus on 260 ml, mis v\u00f5imaldab pikemat t\u00f6\u00f6d ilma pideva \u00f5litaseme j\u00e4lgimiseta.\" \/>\n<meta name=\"robots\" content=\"index, follow, max-snippet:-1, max-image-preview:large, max-video-preview:-1\" \/>\n<link rel=\"canonical\" href=\"https:\/\/ranoja.ee\/toode\/konner-sohnen-mootorsaag-ks-cs21g-16\/\" \/>\n<meta property=\"og:locale\" content=\"en_US\" \/>\n<meta property=\"og:type\" content=\"article\" \/>\n<meta property=\"og:title\" content=\"K\u00f6nner &amp; S\u00f6hnen mootorsaag KS CS21G-16\" \/>\n<meta property=\"og:description\" content=\"K\u00f6nner &amp; S\u00f6hnen mootorsaag KS CS21G-16 Keti\u00f5li mahutavus on 260 ml, mis v\u00f5imaldab pikemat t\u00f6\u00f6d ilma pideva \u00f5litaseme j\u00e4lgimiseta.\" \/>\n<meta property=\"og:url\" content=\"https:\/\/ranoja.ee\/toode\/konner-sohnen-mootorsaag-ks-cs21g-16\/\" \/>\n<meta property=\"og:site_name\" content=\"Ranoja\" \/>\n<meta property=\"article:publisher\" content=\"https:\/\/www.facebook.com\/ranoja.ee\" \/>\n<meta property=\"article:modified_time\" content=\"2026-04-08T07:00:07+00:00\" \/>\n<meta property=\"og:image\" content=\"https:\/\/ranoja.ee\/wp-content\/uploads\/2025\/10\/Konner-Sohnen-mootorsaag-KS-CS21G-16-7.webp\" \/>\n\t<meta property=\"og:image:width\" content=\"1600\" \/>\n\t<meta property=\"og:image:height\" content=\"1600\" \/>\n\t<meta property=\"og:image:type\" content=\"image\/webp\" \/>\n<meta name=\"twitter:card\" content=\"summary_large_image\" \/>\n<meta name=\"twitter:label1\" content=\"Est. reading time\" \/>\n\t<meta name=\"twitter:data1\" content=\"2 minutes\" \/>\n<script type=\"application\/ld+json\" class=\"yoast-schema-graph\">{\"@context\":\"https:\\\/\\\/schema.org\",\"@graph\":[{\"@type\":\"WebPage\",\"@id\":\"https:\\\/\\\/ranoja.ee\\\/toode\\\/konner-sohnen-mootorsaag-ks-cs21g-16\\\/\",\"url\":\"https:\\\/\\\/ranoja.ee\\\/toode\\\/konner-sohnen-mootorsaag-ks-cs21g-16\\\/\",\"name\":\"K\u00f6nner & S\u00f6hnen mootorsaag KS CS21G-16\",\"isPartOf\":{\"@id\":\"https:\\\/\\\/ranoja.ee\\\/#website\"},\"primaryImageOfPage\":{\"@id\":\"https:\\\/\\\/ranoja.ee\\\/toode\\\/konner-sohnen-mootorsaag-ks-cs21g-16\\\/#primaryimage\"},\"image\":{\"@id\":\"https:\\\/\\\/ranoja.ee\\\/toode\\\/konner-sohnen-mootorsaag-ks-cs21g-16\\\/#primaryimage\"},\"thumbnailUrl\":\"https:\\\/\\\/ranoja.ee\\\/wp-content\\\/uploads\\\/2025\\\/10\\\/Konner-Sohnen-mootorsaag-KS-CS21G-16-7.webp\",\"datePublished\":\"2025-10-06T13:10:00+00:00\",\"dateModified\":\"2026-04-08T07:00:07+00:00\",\"description\":\"K\u00f6nner & S\u00f6hnen mootorsaag KS CS21G-16 Keti\u00f5li mahutavus on 260 ml, mis v\u00f5imaldab pikemat t\u00f6\u00f6d ilma pideva \u00f5litaseme j\u00e4lgimiseta.\",\"breadcrumb\":{\"@id\":\"https:\\\/\\\/ranoja.ee\\\/toode\\\/konner-sohnen-mootorsaag-ks-cs21g-16\\\/#breadcrumb\"},\"inLanguage\":\"en-US\",\"potentialAction\":[{\"@type\":\"ReadAction\",\"target\":[\"https:\\\/\\\/ranoja.ee\\\/toode\\\/konner-sohnen-mootorsaag-ks-cs21g-16\\\/\"]}]},{\"@type\":\"ImageObject\",\"inLanguage\":\"en-US\",\"@id\":\"https:\\\/\\\/ranoja.ee\\\/toode\\\/konner-sohnen-mootorsaag-ks-cs21g-16\\\/#primaryimage\",\"url\":\"https:\\\/\\\/ranoja.ee\\\/wp-content\\\/uploads\\\/2025\\\/10\\\/Konner-Sohnen-mootorsaag-KS-CS21G-16-7.webp\",\"contentUrl\":\"https:\\\/\\\/ranoja.ee\\\/wp-content\\\/uploads\\\/2025\\\/10\\\/Konner-Sohnen-mootorsaag-KS-CS21G-16-7.webp\",\"width\":1600,\"height\":1600,\"caption\":\"K\u00f6nner & S\u00f6hnen mootorsaag KS CS21G-16\"},{\"@type\":\"BreadcrumbList\",\"@id\":\"https:\\\/\\\/ranoja.ee\\\/toode\\\/konner-sohnen-mootorsaag-ks-cs21g-16\\\/#breadcrumb\",\"itemListElement\":[{\"@type\":\"ListItem\",\"position\":1,\"name\":\"Home\",\"item\":\"https:\\\/\\\/ranoja.ee\\\/\"},{\"@type\":\"ListItem\",\"position\":2,\"name\":\"Shop\",\"item\":\"https:\\\/\\\/ranoja.ee\\\/en\\\/shop\\\/\"},{\"@type\":\"ListItem\",\"position\":3,\"name\":\"K\u00f6nner &#038; S\u00f6hnen mootorsaag KS CS21G-16\"}]},{\"@type\":\"WebSite\",\"@id\":\"https:\\\/\\\/ranoja.ee\\\/#website\",\"url\":\"https:\\\/\\\/ranoja.ee\\\/\",\"name\":\"Ranoja\",\"description\":\"Equipment Shop WooCommerce WordPress Theme for Machine &amp; Tools\",\"publisher\":{\"@id\":\"https:\\\/\\\/ranoja.ee\\\/#organization\"},\"potentialAction\":[{\"@type\":\"SearchAction\",\"target\":{\"@type\":\"EntryPoint\",\"urlTemplate\":\"https:\\\/\\\/ranoja.ee\\\/?s={search_term_string}\"},\"query-input\":{\"@type\":\"PropertyValueSpecification\",\"valueRequired\":true,\"valueName\":\"search_term_string\"}}],\"inLanguage\":\"en-US\"},{\"@type\":\"Organization\",\"@id\":\"https:\\\/\\\/ranoja.ee\\\/#organization\",\"name\":\"Ranoja O\u00dc\",\"url\":\"https:\\\/\\\/ranoja.ee\\\/\",\"logo\":{\"@type\":\"ImageObject\",\"inLanguage\":\"en-US\",\"@id\":\"https:\\\/\\\/ranoja.ee\\\/#\\\/schema\\\/logo\\\/image\\\/\",\"url\":\"https:\\\/\\\/ranoja.ee\\\/wp-content\\\/uploads\\\/2023\\\/11\\\/ranoja-Logo.png\",\"contentUrl\":\"https:\\\/\\\/ranoja.ee\\\/wp-content\\\/uploads\\\/2023\\\/11\\\/ranoja-Logo.png\",\"width\":207,\"height\":58,\"caption\":\"Ranoja O\u00dc\"},\"image\":{\"@id\":\"https:\\\/\\\/ranoja.ee\\\/#\\\/schema\\\/logo\\\/image\\\/\"},\"sameAs\":[\"https:\\\/\\\/www.facebook.com\\\/ranoja.ee\",\"https:\\\/\\\/www.instagram.com\\\/ranoja__\\\/\"]}]}<\/script>\n<!-- \/ Yoast SEO plugin. -->","yoast_head_json":{"title":"K\u00f6nner & S\u00f6hnen mootorsaag KS CS21G-16","description":"K\u00f6nner & S\u00f6hnen mootorsaag KS CS21G-16 Keti\u00f5li mahutavus on 260 ml, mis v\u00f5imaldab pikemat t\u00f6\u00f6d ilma pideva \u00f5litaseme j\u00e4lgimiseta.","robots":{"index":"index","follow":"follow","max-snippet":"max-snippet:-1","max-image-preview":"max-image-preview:large","max-video-preview":"max-video-preview:-1"},"canonical":"https:\/\/ranoja.ee\/toode\/konner-sohnen-mootorsaag-ks-cs21g-16\/","og_locale":"en_US","og_type":"article","og_title":"K\u00f6nner & S\u00f6hnen mootorsaag KS CS21G-16","og_description":"K\u00f6nner & S\u00f6hnen mootorsaag KS CS21G-16 Keti\u00f5li mahutavus on 260 ml, mis v\u00f5imaldab pikemat t\u00f6\u00f6d ilma pideva \u00f5litaseme j\u00e4lgimiseta.","og_url":"https:\/\/ranoja.ee\/toode\/konner-sohnen-mootorsaag-ks-cs21g-16\/","og_site_name":"Ranoja","article_publisher":"https:\/\/www.facebook.com\/ranoja.ee","article_modified_time":"2026-04-08T07:00:07+00:00","og_image":[{"width":1600,"height":1600,"url":"https:\/\/ranoja.ee\/wp-content\/uploads\/2025\/10\/Konner-Sohnen-mootorsaag-KS-CS21G-16-7.webp","type":"image\/webp"}],"twitter_card":"summary_large_image","twitter_misc":{"Est. reading time":"2 minutes"},"schema":{"@context":"https:\/\/schema.org","@graph":[{"@type":"WebPage","@id":"https:\/\/ranoja.ee\/toode\/konner-sohnen-mootorsaag-ks-cs21g-16\/","url":"https:\/\/ranoja.ee\/toode\/konner-sohnen-mootorsaag-ks-cs21g-16\/","name":"K\u00f6nner & S\u00f6hnen mootorsaag KS CS21G-16","isPartOf":{"@id":"https:\/\/ranoja.ee\/#website"},"primaryImageOfPage":{"@id":"https:\/\/ranoja.ee\/toode\/konner-sohnen-mootorsaag-ks-cs21g-16\/#primaryimage"},"image":{"@id":"https:\/\/ranoja.ee\/toode\/konner-sohnen-mootorsaag-ks-cs21g-16\/#primaryimage"},"thumbnailUrl":"https:\/\/ranoja.ee\/wp-content\/uploads\/2025\/10\/Konner-Sohnen-mootorsaag-KS-CS21G-16-7.webp","datePublished":"2025-10-06T13:10:00+00:00","dateModified":"2026-04-08T07:00:07+00:00","description":"K\u00f6nner & S\u00f6hnen mootorsaag KS CS21G-16 Keti\u00f5li mahutavus on 260 ml, mis v\u00f5imaldab pikemat t\u00f6\u00f6d ilma pideva \u00f5litaseme j\u00e4lgimiseta.","breadcrumb":{"@id":"https:\/\/ranoja.ee\/toode\/konner-sohnen-mootorsaag-ks-cs21g-16\/#breadcrumb"},"inLanguage":"en-US","potentialAction":[{"@type":"ReadAction","target":["https:\/\/ranoja.ee\/toode\/konner-sohnen-mootorsaag-ks-cs21g-16\/"]}]},{"@type":"ImageObject","inLanguage":"en-US","@id":"https:\/\/ranoja.ee\/toode\/konner-sohnen-mootorsaag-ks-cs21g-16\/#primaryimage","url":"https:\/\/ranoja.ee\/wp-content\/uploads\/2025\/10\/Konner-Sohnen-mootorsaag-KS-CS21G-16-7.webp","contentUrl":"https:\/\/ranoja.ee\/wp-content\/uploads\/2025\/10\/Konner-Sohnen-mootorsaag-KS-CS21G-16-7.webp","width":1600,"height":1600,"caption":"K\u00f6nner & S\u00f6hnen mootorsaag KS CS21G-16"},{"@type":"BreadcrumbList","@id":"https:\/\/ranoja.ee\/toode\/konner-sohnen-mootorsaag-ks-cs21g-16\/#breadcrumb","itemListElement":[{"@type":"ListItem","position":1,"name":"Home","item":"https:\/\/ranoja.ee\/"},{"@type":"ListItem","position":2,"name":"Shop","item":"https:\/\/ranoja.ee\/en\/shop\/"},{"@type":"ListItem","position":3,"name":"K\u00f6nner &#038; S\u00f6hnen mootorsaag KS CS21G-16"}]},{"@type":"WebSite","@id":"https:\/\/ranoja.ee\/#website","url":"https:\/\/ranoja.ee\/","name":"Ranoja","description":"Equipment Shop WooCommerce WordPress Theme for Machine &amp; Tools","publisher":{"@id":"https:\/\/ranoja.ee\/#organization"},"potentialAction":[{"@type":"SearchAction","target":{"@type":"EntryPoint","urlTemplate":"https:\/\/ranoja.ee\/?s={search_term_string}"},"query-input":{"@type":"PropertyValueSpecification","valueRequired":true,"valueName":"search_term_string"}}],"inLanguage":"en-US"},{"@type":"Organization","@id":"https:\/\/ranoja.ee\/#organization","name":"Ranoja O\u00dc","url":"https:\/\/ranoja.ee\/","logo":{"@type":"ImageObject","inLanguage":"en-US","@id":"https:\/\/ranoja.ee\/#\/schema\/logo\/image\/","url":"https:\/\/ranoja.ee\/wp-content\/uploads\/2023\/11\/ranoja-Logo.png","contentUrl":"https:\/\/ranoja.ee\/wp-content\/uploads\/2023\/11\/ranoja-Logo.png","width":207,"height":58,"caption":"Ranoja O\u00dc"},"image":{"@id":"https:\/\/ranoja.ee\/#\/schema\/logo\/image\/"},"sameAs":["https:\/\/www.facebook.com\/ranoja.ee","https:\/\/www.instagram.com\/ranoja__\/"]}]}},"_links":{"self":[{"href":"https:\/\/ranoja.ee\/en\/wp-json\/wp\/v2\/product\/22251","targetHints":{"allow":["GET"]}}],"collection":[{"href":"https:\/\/ranoja.ee\/en\/wp-json\/wp\/v2\/product"}],"about":[{"href":"https:\/\/ranoja.ee\/en\/wp-json\/wp\/v2\/types\/product"}],"wp:featuredmedia":[{"embeddable":true,"href":"https:\/\/ranoja.ee\/en\/wp-json\/wp\/v2\/media\/22262"}],"wp:attachment":[{"href":"https:\/\/ranoja.ee\/en\/wp-json\/wp\/v2\/media?parent=22251"}],"wp:term":[{"taxonomy":"product_cat","embeddable":true,"href":"https:\/\/ranoja.ee\/en\/wp-json\/wp\/v2\/product_cat?post=22251"},{"taxonomy":"product_tag","embeddable":true,"href":"https:\/\/ranoja.ee\/en\/wp-json\/wp\/v2\/product_tag?post=22251"}],"curies":[{"name":"wp","href":"https:\/\/api.w.org\/{rel}","templated":true}]}}