{"id":22104,"date":"2025-11-18T17:02:40","date_gmt":"2025-11-18T14:02:40","guid":{"rendered":"https:\/\/ranoja.ee\/?post_type=product&#038;p=22104"},"modified":"2026-03-05T17:20:10","modified_gmt":"2026-03-05T14:20:10","slug":"akupuurvasar-makita-dhr202z-18v-sugavuspiirikuga","status":"publish","type":"product","link":"https:\/\/ranoja.ee\/en\/toode\/akupuurvasar-makita-dhr202z-18v-sugavuspiirikuga\/","title":{"rendered":"Akupuurvasar Makita DHR202Z 18V s\u00fcgavuspiirikuga"},"content":{"rendered":"<p>Akupuurvasar Makita DHR202Z 18V s\u00fcgavuspiirikuga<\/p>\n<p>Akupuurvasar on v\u00f5imas ja t\u00f6\u00f6kindel t\u00f6\u00f6riist, mis on m\u00f5eldud professionaalseks kasutamiseks nii ehitusel kui ka remondit\u00f6\u00f6del. See t\u00f6\u00f6tab Makita 18 V Li-Ion akus\u00fcsteemiga, pakkudes head j\u00f5udlust ja liikumisvabadust ilma juhtmeta t\u00f6\u00f6tamisel. Kompaktne ja vastupidav konstruktsioon v\u00f5imaldab t\u00f6\u00f6riista kasutada nii puurimiseks kui ka kergemateks meiseldust\u00f6\u00f6deks erinevates materjalides, nagu betoon, tellis, puit ja metall.<\/p>\n<p>Seade on varustatud SDS-Plus kinnituss\u00fcsteemiga, mis v\u00f5imaldab puuride ja tarvikute kiiret ning mugavat vahetamist ilma lisat\u00f6\u00f6riistadeta. Maksimaalne l\u00f6\u00f6gienergia on 1.9 J, mis tagab piisava j\u00f5u betooni ja m\u00fc\u00fcritise t\u00f5husaks puurimiseks. Puurvasara maksimaalne p\u00f6\u00f6rlemiskiirus on kuni 1100 p\/min ning l\u00f6\u00f6gisagedus kuni 4000 l\u00f6\u00f6ki minutis, mis v\u00f5imaldab kiiret ja efektiivset t\u00f6\u00f6protsessi.<\/p>\n<p>Makita DHR202Z on varustatud s\u00fcgavuspiirikuga, mis aitab puurimisel saavutada t\u00e4pse ja \u00fchtlase puurimiss\u00fcgavuse. See on eriti kasulik ankrute, t\u00fc\u00fcblite ja muude kinnituste paigaldamisel. T\u00f6\u00f6riista ergonoomiline disain ja kummist kattega k\u00e4epide tagavad mugava ning kindla haarde ka pikema t\u00f6\u00f6 ajal. Tasakaalustatud konstruktsioon v\u00e4hendab v\u00e4simust ja parandab t\u00f6\u00f6 t\u00e4psust.<\/p>\n<p>Akupuurvasar sobib ideaalselt kasutajatele, kes vajavad mitmek\u00fclgset t\u00f6\u00f6riista erinevateks puurimis- ja paigaldust\u00f6\u00f6deks. Kuna tegemist on Z-seeria mudeliga, tarnitakse t\u00f6\u00f6riist ilma aku ja laadijata, mis teeb selle heaks valikuks neile, kellel on juba olemas Makita 18 V akus\u00fcsteemi t\u00f6\u00f6riistad ja akud.<\/p>\n<p>Akupuurvasar Makita DHR202Z 18V s\u00fcgavuspiirikuga<\/p>\n","protected":false},"excerpt":{"rendered":"<p>Akupuurvasar Makita DHR202Z 18V s\u00fcgavuspiirikuga<br \/>\nModel: DHR202Z<br \/>\nEAN\/UPC: 0088381658119. 1110003467515<br \/>\nL\u00f6\u00f6gienergia: 1.9 J<br \/>\nP\u00f6\u00f6rete arv: 1100 p\/min<br \/>\nL\u00f6\u00f6gisagedus: 4000 l\/min<br \/>\nAku pinge: 18 V<br \/>\nAku t\u00fc\u00fcp: Liitium-ioon (Li-Ion)<br \/>\nAku komplektis: Ei<br \/>\nAku kontrolls\u00fcsteem (BCCD): Jah<br \/>\n<strong>Eeldatav tarneaeg 1-7 t\u00f6\u00f6p\u00e4eva<\/strong><\/p>\n","protected":false},"featured_media":45140,"template":"","meta":{"inline_featured_image":false},"product_cat":[2486],"product_tag":[4265,4266,2381],"class_list":{"0":"post-22104","1":"product","2":"type-product","3":"status-publish","4":"has-post-thumbnail","6":"product_brand-makita","7":"product_cat-outlet","8":"product_tag-akupuurvasar-makita-dhr202z-18v-sugavuspiirikuga","9":"product_tag-dhr202z","10":"product_tag-makita","12":"first","13":"instock","14":"featured","15":"purchasable","16":"product-type-simple"},"yoast_head":"<!-- This site is optimized with the Yoast SEO plugin v27.4 - https:\/\/yoast.com\/product\/yoast-seo-wordpress\/ -->\n<title>Akupuurvasar Makita DHR202Z 18V s\u00fcgavuspiirikuga<\/title>\n<meta name=\"description\" content=\"Akupuurvasar Makita DHR202Z 18V s\u00fcgavuspiirikuga Sobib ideaalselt kasutajatele, kes vajavad mitmek\u00fclgset t\u00f6\u00f6riista erinevateks puurimis- ja paigaldust\u00f6\u00f6deks\" \/>\n<meta name=\"robots\" content=\"index, follow, max-snippet:-1, max-image-preview:large, max-video-preview:-1\" \/>\n<link rel=\"canonical\" href=\"https:\/\/ranoja.ee\/toode\/akupuurvasar-makita-dhr202z-18v-sugavuspiirikuga\/\" \/>\n<meta property=\"og:locale\" content=\"en_US\" \/>\n<meta property=\"og:type\" content=\"article\" \/>\n<meta property=\"og:title\" content=\"Akupuurvasar Makita DHR202Z 18V s\u00fcgavuspiirikuga\" \/>\n<meta property=\"og:description\" content=\"Akupuurvasar Makita DHR202Z 18V s\u00fcgavuspiirikuga Sobib ideaalselt kasutajatele, kes vajavad mitmek\u00fclgset t\u00f6\u00f6riista erinevateks puurimis- ja paigaldust\u00f6\u00f6deks\" \/>\n<meta property=\"og:url\" content=\"https:\/\/ranoja.ee\/toode\/akupuurvasar-makita-dhr202z-18v-sugavuspiirikuga\/\" \/>\n<meta property=\"og:site_name\" content=\"Ranoja\" \/>\n<meta property=\"article:publisher\" content=\"https:\/\/www.facebook.com\/ranoja.ee\" \/>\n<meta property=\"article:modified_time\" content=\"2026-03-05T14:20:10+00:00\" \/>\n<meta property=\"og:image\" content=\"https:\/\/ranoja.ee\/wp-content\/uploads\/2025\/11\/45.jpg\" \/>\n\t<meta property=\"og:image:width\" content=\"500\" \/>\n\t<meta property=\"og:image:height\" content=\"500\" \/>\n\t<meta property=\"og:image:type\" content=\"image\/jpeg\" \/>\n<meta name=\"twitter:card\" content=\"summary_large_image\" \/>\n<meta name=\"twitter:label1\" content=\"Est. reading time\" \/>\n\t<meta name=\"twitter:data1\" content=\"1 minute\" \/>\n<script type=\"application\/ld+json\" class=\"yoast-schema-graph\">{\"@context\":\"https:\\\/\\\/schema.org\",\"@graph\":[{\"@type\":\"WebPage\",\"@id\":\"https:\\\/\\\/ranoja.ee\\\/toode\\\/akupuurvasar-makita-dhr202z-18v-sugavuspiirikuga\\\/\",\"url\":\"https:\\\/\\\/ranoja.ee\\\/toode\\\/akupuurvasar-makita-dhr202z-18v-sugavuspiirikuga\\\/\",\"name\":\"Akupuurvasar Makita DHR202Z 18V s\u00fcgavuspiirikuga\",\"isPartOf\":{\"@id\":\"https:\\\/\\\/ranoja.ee\\\/#website\"},\"primaryImageOfPage\":{\"@id\":\"https:\\\/\\\/ranoja.ee\\\/toode\\\/akupuurvasar-makita-dhr202z-18v-sugavuspiirikuga\\\/#primaryimage\"},\"image\":{\"@id\":\"https:\\\/\\\/ranoja.ee\\\/toode\\\/akupuurvasar-makita-dhr202z-18v-sugavuspiirikuga\\\/#primaryimage\"},\"thumbnailUrl\":\"https:\\\/\\\/ranoja.ee\\\/wp-content\\\/uploads\\\/2025\\\/11\\\/45.jpg\",\"datePublished\":\"2025-11-18T14:02:40+00:00\",\"dateModified\":\"2026-03-05T14:20:10+00:00\",\"description\":\"Akupuurvasar Makita DHR202Z 18V s\u00fcgavuspiirikuga Sobib ideaalselt kasutajatele, kes vajavad mitmek\u00fclgset t\u00f6\u00f6riista erinevateks puurimis- ja paigaldust\u00f6\u00f6deks\",\"breadcrumb\":{\"@id\":\"https:\\\/\\\/ranoja.ee\\\/toode\\\/akupuurvasar-makita-dhr202z-18v-sugavuspiirikuga\\\/#breadcrumb\"},\"inLanguage\":\"en-US\",\"potentialAction\":[{\"@type\":\"ReadAction\",\"target\":[\"https:\\\/\\\/ranoja.ee\\\/toode\\\/akupuurvasar-makita-dhr202z-18v-sugavuspiirikuga\\\/\"]}]},{\"@type\":\"ImageObject\",\"inLanguage\":\"en-US\",\"@id\":\"https:\\\/\\\/ranoja.ee\\\/toode\\\/akupuurvasar-makita-dhr202z-18v-sugavuspiirikuga\\\/#primaryimage\",\"url\":\"https:\\\/\\\/ranoja.ee\\\/wp-content\\\/uploads\\\/2025\\\/11\\\/45.jpg\",\"contentUrl\":\"https:\\\/\\\/ranoja.ee\\\/wp-content\\\/uploads\\\/2025\\\/11\\\/45.jpg\",\"width\":500,\"height\":500,\"caption\":\"Akupuurvasar Makita DHR202Z 18V s\u00fcgavuspiirikuga\"},{\"@type\":\"BreadcrumbList\",\"@id\":\"https:\\\/\\\/ranoja.ee\\\/toode\\\/akupuurvasar-makita-dhr202z-18v-sugavuspiirikuga\\\/#breadcrumb\",\"itemListElement\":[{\"@type\":\"ListItem\",\"position\":1,\"name\":\"Home\",\"item\":\"https:\\\/\\\/ranoja.ee\\\/\"},{\"@type\":\"ListItem\",\"position\":2,\"name\":\"Shop\",\"item\":\"https:\\\/\\\/ranoja.ee\\\/en\\\/shop\\\/\"},{\"@type\":\"ListItem\",\"position\":3,\"name\":\"Akupuurvasar Makita DHR202Z 18V s\u00fcgavuspiirikuga\"}]},{\"@type\":\"WebSite\",\"@id\":\"https:\\\/\\\/ranoja.ee\\\/#website\",\"url\":\"https:\\\/\\\/ranoja.ee\\\/\",\"name\":\"Ranoja\",\"description\":\"Equipment Shop WooCommerce WordPress Theme for Machine &amp; Tools\",\"publisher\":{\"@id\":\"https:\\\/\\\/ranoja.ee\\\/#organization\"},\"potentialAction\":[{\"@type\":\"SearchAction\",\"target\":{\"@type\":\"EntryPoint\",\"urlTemplate\":\"https:\\\/\\\/ranoja.ee\\\/?s={search_term_string}\"},\"query-input\":{\"@type\":\"PropertyValueSpecification\",\"valueRequired\":true,\"valueName\":\"search_term_string\"}}],\"inLanguage\":\"en-US\"},{\"@type\":\"Organization\",\"@id\":\"https:\\\/\\\/ranoja.ee\\\/#organization\",\"name\":\"Ranoja O\u00dc\",\"url\":\"https:\\\/\\\/ranoja.ee\\\/\",\"logo\":{\"@type\":\"ImageObject\",\"inLanguage\":\"en-US\",\"@id\":\"https:\\\/\\\/ranoja.ee\\\/#\\\/schema\\\/logo\\\/image\\\/\",\"url\":\"https:\\\/\\\/ranoja.ee\\\/wp-content\\\/uploads\\\/2023\\\/11\\\/ranoja-Logo.png\",\"contentUrl\":\"https:\\\/\\\/ranoja.ee\\\/wp-content\\\/uploads\\\/2023\\\/11\\\/ranoja-Logo.png\",\"width\":207,\"height\":58,\"caption\":\"Ranoja O\u00dc\"},\"image\":{\"@id\":\"https:\\\/\\\/ranoja.ee\\\/#\\\/schema\\\/logo\\\/image\\\/\"},\"sameAs\":[\"https:\\\/\\\/www.facebook.com\\\/ranoja.ee\",\"https:\\\/\\\/www.instagram.com\\\/ranoja__\\\/\"]}]}<\/script>\n<!-- \/ Yoast SEO plugin. -->","yoast_head_json":{"title":"Akupuurvasar Makita DHR202Z 18V s\u00fcgavuspiirikuga","description":"Akupuurvasar Makita DHR202Z 18V s\u00fcgavuspiirikuga Sobib ideaalselt kasutajatele, kes vajavad mitmek\u00fclgset t\u00f6\u00f6riista erinevateks puurimis- ja paigaldust\u00f6\u00f6deks","robots":{"index":"index","follow":"follow","max-snippet":"max-snippet:-1","max-image-preview":"max-image-preview:large","max-video-preview":"max-video-preview:-1"},"canonical":"https:\/\/ranoja.ee\/toode\/akupuurvasar-makita-dhr202z-18v-sugavuspiirikuga\/","og_locale":"en_US","og_type":"article","og_title":"Akupuurvasar Makita DHR202Z 18V s\u00fcgavuspiirikuga","og_description":"Akupuurvasar Makita DHR202Z 18V s\u00fcgavuspiirikuga Sobib ideaalselt kasutajatele, kes vajavad mitmek\u00fclgset t\u00f6\u00f6riista erinevateks puurimis- ja paigaldust\u00f6\u00f6deks","og_url":"https:\/\/ranoja.ee\/toode\/akupuurvasar-makita-dhr202z-18v-sugavuspiirikuga\/","og_site_name":"Ranoja","article_publisher":"https:\/\/www.facebook.com\/ranoja.ee","article_modified_time":"2026-03-05T14:20:10+00:00","og_image":[{"width":500,"height":500,"url":"https:\/\/ranoja.ee\/wp-content\/uploads\/2025\/11\/45.jpg","type":"image\/jpeg"}],"twitter_card":"summary_large_image","twitter_misc":{"Est. reading time":"1 minute"},"schema":{"@context":"https:\/\/schema.org","@graph":[{"@type":"WebPage","@id":"https:\/\/ranoja.ee\/toode\/akupuurvasar-makita-dhr202z-18v-sugavuspiirikuga\/","url":"https:\/\/ranoja.ee\/toode\/akupuurvasar-makita-dhr202z-18v-sugavuspiirikuga\/","name":"Akupuurvasar Makita DHR202Z 18V s\u00fcgavuspiirikuga","isPartOf":{"@id":"https:\/\/ranoja.ee\/#website"},"primaryImageOfPage":{"@id":"https:\/\/ranoja.ee\/toode\/akupuurvasar-makita-dhr202z-18v-sugavuspiirikuga\/#primaryimage"},"image":{"@id":"https:\/\/ranoja.ee\/toode\/akupuurvasar-makita-dhr202z-18v-sugavuspiirikuga\/#primaryimage"},"thumbnailUrl":"https:\/\/ranoja.ee\/wp-content\/uploads\/2025\/11\/45.jpg","datePublished":"2025-11-18T14:02:40+00:00","dateModified":"2026-03-05T14:20:10+00:00","description":"Akupuurvasar Makita DHR202Z 18V s\u00fcgavuspiirikuga Sobib ideaalselt kasutajatele, kes vajavad mitmek\u00fclgset t\u00f6\u00f6riista erinevateks puurimis- ja paigaldust\u00f6\u00f6deks","breadcrumb":{"@id":"https:\/\/ranoja.ee\/toode\/akupuurvasar-makita-dhr202z-18v-sugavuspiirikuga\/#breadcrumb"},"inLanguage":"en-US","potentialAction":[{"@type":"ReadAction","target":["https:\/\/ranoja.ee\/toode\/akupuurvasar-makita-dhr202z-18v-sugavuspiirikuga\/"]}]},{"@type":"ImageObject","inLanguage":"en-US","@id":"https:\/\/ranoja.ee\/toode\/akupuurvasar-makita-dhr202z-18v-sugavuspiirikuga\/#primaryimage","url":"https:\/\/ranoja.ee\/wp-content\/uploads\/2025\/11\/45.jpg","contentUrl":"https:\/\/ranoja.ee\/wp-content\/uploads\/2025\/11\/45.jpg","width":500,"height":500,"caption":"Akupuurvasar Makita DHR202Z 18V s\u00fcgavuspiirikuga"},{"@type":"BreadcrumbList","@id":"https:\/\/ranoja.ee\/toode\/akupuurvasar-makita-dhr202z-18v-sugavuspiirikuga\/#breadcrumb","itemListElement":[{"@type":"ListItem","position":1,"name":"Home","item":"https:\/\/ranoja.ee\/"},{"@type":"ListItem","position":2,"name":"Shop","item":"https:\/\/ranoja.ee\/en\/shop\/"},{"@type":"ListItem","position":3,"name":"Akupuurvasar Makita DHR202Z 18V s\u00fcgavuspiirikuga"}]},{"@type":"WebSite","@id":"https:\/\/ranoja.ee\/#website","url":"https:\/\/ranoja.ee\/","name":"Ranoja","description":"Equipment Shop WooCommerce WordPress Theme for Machine &amp; Tools","publisher":{"@id":"https:\/\/ranoja.ee\/#organization"},"potentialAction":[{"@type":"SearchAction","target":{"@type":"EntryPoint","urlTemplate":"https:\/\/ranoja.ee\/?s={search_term_string}"},"query-input":{"@type":"PropertyValueSpecification","valueRequired":true,"valueName":"search_term_string"}}],"inLanguage":"en-US"},{"@type":"Organization","@id":"https:\/\/ranoja.ee\/#organization","name":"Ranoja O\u00dc","url":"https:\/\/ranoja.ee\/","logo":{"@type":"ImageObject","inLanguage":"en-US","@id":"https:\/\/ranoja.ee\/#\/schema\/logo\/image\/","url":"https:\/\/ranoja.ee\/wp-content\/uploads\/2023\/11\/ranoja-Logo.png","contentUrl":"https:\/\/ranoja.ee\/wp-content\/uploads\/2023\/11\/ranoja-Logo.png","width":207,"height":58,"caption":"Ranoja O\u00dc"},"image":{"@id":"https:\/\/ranoja.ee\/#\/schema\/logo\/image\/"},"sameAs":["https:\/\/www.facebook.com\/ranoja.ee","https:\/\/www.instagram.com\/ranoja__\/"]}]}},"_links":{"self":[{"href":"https:\/\/ranoja.ee\/en\/wp-json\/wp\/v2\/product\/22104","targetHints":{"allow":["GET"]}}],"collection":[{"href":"https:\/\/ranoja.ee\/en\/wp-json\/wp\/v2\/product"}],"about":[{"href":"https:\/\/ranoja.ee\/en\/wp-json\/wp\/v2\/types\/product"}],"wp:featuredmedia":[{"embeddable":true,"href":"https:\/\/ranoja.ee\/en\/wp-json\/wp\/v2\/media\/45140"}],"wp:attachment":[{"href":"https:\/\/ranoja.ee\/en\/wp-json\/wp\/v2\/media?parent=22104"}],"wp:term":[{"taxonomy":"product_cat","embeddable":true,"href":"https:\/\/ranoja.ee\/en\/wp-json\/wp\/v2\/product_cat?post=22104"},{"taxonomy":"product_tag","embeddable":true,"href":"https:\/\/ranoja.ee\/en\/wp-json\/wp\/v2\/product_tag?post=22104"}],"curies":[{"name":"wp","href":"https:\/\/api.w.org\/{rel}","templated":true}]}}