{"id":22094,"date":"2025-11-18T17:02:52","date_gmt":"2025-11-18T14:02:52","guid":{"rendered":"https:\/\/ranoja.ee\/?post_type=product&#038;p=22094"},"modified":"2026-03-11T18:10:44","modified_gmt":"2026-03-11T15:10:44","slug":"makita-dvc750lz-akuga-vee-ja-tolmuimeja-ilma-aku-ja-laadijata","status":"publish","type":"product","link":"https:\/\/ranoja.ee\/en\/toode\/makita-dvc750lz-akuga-vee-ja-tolmuimeja-ilma-aku-ja-laadijata\/","title":{"rendered":"Makita DVC750LZ akuga vee- ja tolmuimeja &#8211; ilma aku ja laadijata"},"content":{"rendered":"<p>Makita DVC750LZ akuga vee- ja tolmuimeja &#8211; ilma aku ja laadijata<\/p>\n<p>Kompaktne ja v\u00f5imas akutoitel vee- ja tolmuimeja, mis on loodud kasutamiseks t\u00f6\u00f6objektil, t\u00f6\u00f6kojas v\u00f5i kodustes tingimustes. See praktiline puhastusseade sobib suurep\u00e4raselt ehitus- ja paigaldust\u00f6\u00f6de j\u00e4rel koristamiseks. Samuti vedelike ja tolmu eemaldamiseks erinevatelt pindadelt. Kuna tegemist on akutoitel seadmega, v\u00f5imaldab see t\u00f6\u00f6tada kohtades, kus elektriv\u00f5rk ei ole kergesti k\u00e4ttesaadav. Pakkudes kasutajale suurt liikumisvabadust ja mugavust.<\/p>\n<p>Seade t\u00f6\u00f6tab Makita 18 V LXT liitiumioonakuga ning on ilma akude ja laadijata komplektis. See teeb selle eriti sobivaks neile, kellel on juba Makita 18 V akus\u00fcsteemi t\u00f6\u00f6riistad olemas. V\u00f5imas harjavaba mootor tagab suure efektiivsuse, pikema t\u00f6\u00f6ea ja stabiilse imemisv\u00f5imsuse. T\u00e4nu sellele suudab tolmuimeja pakkuda maksimaalset \u00f5huvoolu kuni umbes 1.6 m\u00b3 minutis ning maksimaalset vaakumit umbes 6.7 kPa. See tagab t\u00f5husa puhastuse ka n\u00f5udlikumates tingimustes.<\/p>\n<p>DVC750LZ on loodud nii kuiva kui ka m\u00e4rja mustuse eemaldamiseks. Seadme tolmumahuti mahutavus on umbes 7.5 liitrit kuiva tolmu jaoks ning vedelike kogumiseks umbes 4.5 liitrit. Mis v\u00f5imaldab puhastada suuremaid alasid ilma mahutit pidevalt t\u00fchjendamata. Tolmuimeja on varustatud HEPA filtriga, mis p\u00fc\u00fcab kinni v\u00e4ga peened tolmuosakesed ja aitab hoida t\u00f6\u00f6koha \u00f5hu puhtamana.<\/p>\n<p>Seadmel on kaks imemisv\u00f5imsuse taset, mis v\u00f5imaldavad valida t\u00f6\u00f6ks sobiva j\u00f5udluse ja s\u00e4\u00e4sta vajadusel akut. N\u00e4iteks 5.0 Ah akuga v\u00f5ib t\u00f6\u00f6aeg ulatuda umbes 60 minutini madalal v\u00f5imsusel v\u00f5i 30 minutini suurel v\u00f5imsusel.<\/p>\n<p>Makita DVC750LZ akuga vee- ja tolmuimeja &#8211; ilma aku ja laadijata<\/p>\n","protected":false},"excerpt":{"rendered":"<p>Makita DVC750LZ akuga vee- ja tolmuimeja &#8211; ilma aku ja laadijata<br \/>\nAku kaitses\u00fcsteem<br \/>\nAku nominaalpinge: 18 V<br \/>\nMaksimaalne voolukiirus: 1.3 &#8211; 1. 6 m\u22833;\/min<br \/>\nMaksimaalne alar\u00f5hk: 67 mbar<br \/>\nPidev kasutamine 18 V \/ 5 Ah aku: 30 \/ 60 min<br \/>\nTolmupaagi maht: 7.5 L<br \/>\nImemisvoolik: 38 mm x 0,5-2 m<br \/>\nPestav PET filter: Jah<br \/>\nHelir\u00f5hu tase (LpA): 76 dB(A)<br \/>\nVibratsioonitase 3 teljel: \u2266 2,5 m\/sec\u22832;<br \/>\nM\u00f5\u00f5dud P x L x K: 418 x 251 x 278 mm<br \/>\nKaal koos standardse akuga: 4.3 &#8211; 4.6 kg<br \/>\n<strong>Eeldatav tarneaeg 1-7 t\u00f6\u00f6p\u00e4eva<\/strong><\/p>\n","protected":false},"featured_media":0,"template":"","meta":{"inline_featured_image":false},"product_cat":[2486],"product_tag":[4593,4592,4591,2381,4590,279],"class_list":{"0":"post-22094","1":"product","2":"type-product","3":"status-publish","5":"product_brand-makita","6":"product_cat-outlet","7":"product_tag-4593","8":"product_tag-akuga-vee-ja-tolmuimeja","9":"product_tag-dvc750lz","10":"product_tag-makita","11":"product_tag-makita-dvc750lz-akuga-vee-ja-tolmuimeja-ilma-aku-ja-laadijata","12":"product_tag-tolmuimeja","14":"first","15":"instock","16":"featured","17":"purchasable","18":"product-type-simple"},"yoast_head":"<!-- This site is optimized with the Yoast SEO plugin v27.4 - https:\/\/yoast.com\/product\/yoast-seo-wordpress\/ -->\n<title>Makita DVC750LZ akuga vee- ja tolmuimeja - ilma aku ja laadijata<\/title>\n<meta name=\"description\" content=\"Makita DVC750LZ akuga vee- ja tolmuimeja - ilma aku ja laadijata See Makita aku vee- ja tolmuimeja on varustatud HEPA filtriga.\" \/>\n<meta name=\"robots\" content=\"index, follow, max-snippet:-1, max-image-preview:large, max-video-preview:-1\" \/>\n<link rel=\"canonical\" href=\"https:\/\/ranoja.ee\/toode\/makita-dvc750lz-akuga-vee-ja-tolmuimeja-ilma-aku-ja-laadijata\/\" \/>\n<meta property=\"og:locale\" content=\"en_US\" \/>\n<meta property=\"og:type\" content=\"article\" \/>\n<meta property=\"og:title\" content=\"Makita DVC750LZ akuga vee- ja tolmuimeja - ilma aku ja laadijata\" \/>\n<meta property=\"og:description\" content=\"Makita DVC750LZ akuga vee- ja tolmuimeja - ilma aku ja laadijata See Makita aku vee- ja tolmuimeja on varustatud HEPA filtriga.\" \/>\n<meta property=\"og:url\" content=\"https:\/\/ranoja.ee\/toode\/makita-dvc750lz-akuga-vee-ja-tolmuimeja-ilma-aku-ja-laadijata\/\" \/>\n<meta property=\"og:site_name\" content=\"Ranoja\" \/>\n<meta property=\"article:publisher\" content=\"https:\/\/www.facebook.com\/ranoja.ee\" \/>\n<meta property=\"article:modified_time\" content=\"2026-03-11T15:10:44+00:00\" \/>\n<meta name=\"twitter:card\" content=\"summary_large_image\" \/>\n<script type=\"application\/ld+json\" class=\"yoast-schema-graph\">{\"@context\":\"https:\\\/\\\/schema.org\",\"@graph\":[{\"@type\":\"WebPage\",\"@id\":\"https:\\\/\\\/ranoja.ee\\\/toode\\\/makita-dvc750lz-akuga-vee-ja-tolmuimeja-ilma-aku-ja-laadijata\\\/\",\"url\":\"https:\\\/\\\/ranoja.ee\\\/toode\\\/makita-dvc750lz-akuga-vee-ja-tolmuimeja-ilma-aku-ja-laadijata\\\/\",\"name\":\"Makita DVC750LZ akuga vee- ja tolmuimeja - ilma aku ja laadijata\",\"isPartOf\":{\"@id\":\"https:\\\/\\\/ranoja.ee\\\/#website\"},\"datePublished\":\"2025-11-18T14:02:52+00:00\",\"dateModified\":\"2026-03-11T15:10:44+00:00\",\"description\":\"Makita DVC750LZ akuga vee- ja tolmuimeja - ilma aku ja laadijata See Makita aku vee- ja tolmuimeja on varustatud HEPA filtriga.\",\"breadcrumb\":{\"@id\":\"https:\\\/\\\/ranoja.ee\\\/toode\\\/makita-dvc750lz-akuga-vee-ja-tolmuimeja-ilma-aku-ja-laadijata\\\/#breadcrumb\"},\"inLanguage\":\"en-US\",\"potentialAction\":[{\"@type\":\"ReadAction\",\"target\":[\"https:\\\/\\\/ranoja.ee\\\/toode\\\/makita-dvc750lz-akuga-vee-ja-tolmuimeja-ilma-aku-ja-laadijata\\\/\"]}]},{\"@type\":\"BreadcrumbList\",\"@id\":\"https:\\\/\\\/ranoja.ee\\\/toode\\\/makita-dvc750lz-akuga-vee-ja-tolmuimeja-ilma-aku-ja-laadijata\\\/#breadcrumb\",\"itemListElement\":[{\"@type\":\"ListItem\",\"position\":1,\"name\":\"Home\",\"item\":\"https:\\\/\\\/ranoja.ee\\\/\"},{\"@type\":\"ListItem\",\"position\":2,\"name\":\"Shop\",\"item\":\"https:\\\/\\\/ranoja.ee\\\/en\\\/shop\\\/\"},{\"@type\":\"ListItem\",\"position\":3,\"name\":\"Makita DVC750LZ akuga vee- ja tolmuimeja &#8211; ilma aku ja laadijata\"}]},{\"@type\":\"WebSite\",\"@id\":\"https:\\\/\\\/ranoja.ee\\\/#website\",\"url\":\"https:\\\/\\\/ranoja.ee\\\/\",\"name\":\"Ranoja\",\"description\":\"Equipment Shop WooCommerce WordPress Theme for Machine &amp; Tools\",\"publisher\":{\"@id\":\"https:\\\/\\\/ranoja.ee\\\/#organization\"},\"potentialAction\":[{\"@type\":\"SearchAction\",\"target\":{\"@type\":\"EntryPoint\",\"urlTemplate\":\"https:\\\/\\\/ranoja.ee\\\/?s={search_term_string}\"},\"query-input\":{\"@type\":\"PropertyValueSpecification\",\"valueRequired\":true,\"valueName\":\"search_term_string\"}}],\"inLanguage\":\"en-US\"},{\"@type\":\"Organization\",\"@id\":\"https:\\\/\\\/ranoja.ee\\\/#organization\",\"name\":\"Ranoja O\u00dc\",\"url\":\"https:\\\/\\\/ranoja.ee\\\/\",\"logo\":{\"@type\":\"ImageObject\",\"inLanguage\":\"en-US\",\"@id\":\"https:\\\/\\\/ranoja.ee\\\/#\\\/schema\\\/logo\\\/image\\\/\",\"url\":\"https:\\\/\\\/ranoja.ee\\\/wp-content\\\/uploads\\\/2023\\\/11\\\/ranoja-Logo.png\",\"contentUrl\":\"https:\\\/\\\/ranoja.ee\\\/wp-content\\\/uploads\\\/2023\\\/11\\\/ranoja-Logo.png\",\"width\":207,\"height\":58,\"caption\":\"Ranoja O\u00dc\"},\"image\":{\"@id\":\"https:\\\/\\\/ranoja.ee\\\/#\\\/schema\\\/logo\\\/image\\\/\"},\"sameAs\":[\"https:\\\/\\\/www.facebook.com\\\/ranoja.ee\",\"https:\\\/\\\/www.instagram.com\\\/ranoja__\\\/\"]}]}<\/script>\n<!-- \/ Yoast SEO plugin. -->","yoast_head_json":{"title":"Makita DVC750LZ akuga vee- ja tolmuimeja - ilma aku ja laadijata","description":"Makita DVC750LZ akuga vee- ja tolmuimeja - ilma aku ja laadijata See Makita aku vee- ja tolmuimeja on varustatud HEPA filtriga.","robots":{"index":"index","follow":"follow","max-snippet":"max-snippet:-1","max-image-preview":"max-image-preview:large","max-video-preview":"max-video-preview:-1"},"canonical":"https:\/\/ranoja.ee\/toode\/makita-dvc750lz-akuga-vee-ja-tolmuimeja-ilma-aku-ja-laadijata\/","og_locale":"en_US","og_type":"article","og_title":"Makita DVC750LZ akuga vee- ja tolmuimeja - ilma aku ja laadijata","og_description":"Makita DVC750LZ akuga vee- ja tolmuimeja - ilma aku ja laadijata See Makita aku vee- ja tolmuimeja on varustatud HEPA filtriga.","og_url":"https:\/\/ranoja.ee\/toode\/makita-dvc750lz-akuga-vee-ja-tolmuimeja-ilma-aku-ja-laadijata\/","og_site_name":"Ranoja","article_publisher":"https:\/\/www.facebook.com\/ranoja.ee","article_modified_time":"2026-03-11T15:10:44+00:00","twitter_card":"summary_large_image","schema":{"@context":"https:\/\/schema.org","@graph":[{"@type":"WebPage","@id":"https:\/\/ranoja.ee\/toode\/makita-dvc750lz-akuga-vee-ja-tolmuimeja-ilma-aku-ja-laadijata\/","url":"https:\/\/ranoja.ee\/toode\/makita-dvc750lz-akuga-vee-ja-tolmuimeja-ilma-aku-ja-laadijata\/","name":"Makita DVC750LZ akuga vee- ja tolmuimeja - ilma aku ja laadijata","isPartOf":{"@id":"https:\/\/ranoja.ee\/#website"},"datePublished":"2025-11-18T14:02:52+00:00","dateModified":"2026-03-11T15:10:44+00:00","description":"Makita DVC750LZ akuga vee- ja tolmuimeja - ilma aku ja laadijata See Makita aku vee- ja tolmuimeja on varustatud HEPA filtriga.","breadcrumb":{"@id":"https:\/\/ranoja.ee\/toode\/makita-dvc750lz-akuga-vee-ja-tolmuimeja-ilma-aku-ja-laadijata\/#breadcrumb"},"inLanguage":"en-US","potentialAction":[{"@type":"ReadAction","target":["https:\/\/ranoja.ee\/toode\/makita-dvc750lz-akuga-vee-ja-tolmuimeja-ilma-aku-ja-laadijata\/"]}]},{"@type":"BreadcrumbList","@id":"https:\/\/ranoja.ee\/toode\/makita-dvc750lz-akuga-vee-ja-tolmuimeja-ilma-aku-ja-laadijata\/#breadcrumb","itemListElement":[{"@type":"ListItem","position":1,"name":"Home","item":"https:\/\/ranoja.ee\/"},{"@type":"ListItem","position":2,"name":"Shop","item":"https:\/\/ranoja.ee\/en\/shop\/"},{"@type":"ListItem","position":3,"name":"Makita DVC750LZ akuga vee- ja tolmuimeja &#8211; ilma aku ja laadijata"}]},{"@type":"WebSite","@id":"https:\/\/ranoja.ee\/#website","url":"https:\/\/ranoja.ee\/","name":"Ranoja","description":"Equipment Shop WooCommerce WordPress Theme for Machine &amp; Tools","publisher":{"@id":"https:\/\/ranoja.ee\/#organization"},"potentialAction":[{"@type":"SearchAction","target":{"@type":"EntryPoint","urlTemplate":"https:\/\/ranoja.ee\/?s={search_term_string}"},"query-input":{"@type":"PropertyValueSpecification","valueRequired":true,"valueName":"search_term_string"}}],"inLanguage":"en-US"},{"@type":"Organization","@id":"https:\/\/ranoja.ee\/#organization","name":"Ranoja O\u00dc","url":"https:\/\/ranoja.ee\/","logo":{"@type":"ImageObject","inLanguage":"en-US","@id":"https:\/\/ranoja.ee\/#\/schema\/logo\/image\/","url":"https:\/\/ranoja.ee\/wp-content\/uploads\/2023\/11\/ranoja-Logo.png","contentUrl":"https:\/\/ranoja.ee\/wp-content\/uploads\/2023\/11\/ranoja-Logo.png","width":207,"height":58,"caption":"Ranoja O\u00dc"},"image":{"@id":"https:\/\/ranoja.ee\/#\/schema\/logo\/image\/"},"sameAs":["https:\/\/www.facebook.com\/ranoja.ee","https:\/\/www.instagram.com\/ranoja__\/"]}]}},"_links":{"self":[{"href":"https:\/\/ranoja.ee\/en\/wp-json\/wp\/v2\/product\/22094","targetHints":{"allow":["GET"]}}],"collection":[{"href":"https:\/\/ranoja.ee\/en\/wp-json\/wp\/v2\/product"}],"about":[{"href":"https:\/\/ranoja.ee\/en\/wp-json\/wp\/v2\/types\/product"}],"wp:attachment":[{"href":"https:\/\/ranoja.ee\/en\/wp-json\/wp\/v2\/media?parent=22094"}],"wp:term":[{"taxonomy":"product_cat","embeddable":true,"href":"https:\/\/ranoja.ee\/en\/wp-json\/wp\/v2\/product_cat?post=22094"},{"taxonomy":"product_tag","embeddable":true,"href":"https:\/\/ranoja.ee\/en\/wp-json\/wp\/v2\/product_tag?post=22094"}],"curies":[{"name":"wp","href":"https:\/\/api.w.org\/{rel}","templated":true}]}}