{"id":22052,"date":"2025-11-18T17:02:10","date_gmt":"2025-11-18T14:02:10","guid":{"rendered":"https:\/\/ranoja.ee\/?post_type=product&#038;p=22052"},"modified":"2026-03-06T12:13:21","modified_gmt":"2026-03-06T09:13:21","slug":"dewalt-dcm5713n-akutoitel-murutrimmer-solo-18-54v","status":"publish","type":"product","link":"https:\/\/ranoja.ee\/en\/toode\/dewalt-dcm5713n-akutoitel-murutrimmer-solo-18-54v\/","title":{"rendered":"DeWalt DCM5713N akutoitel murutrimmer Solo 18\/54V"},"content":{"rendered":"<p>DeWalt DCM5713N akutoitel murutrimmer Solo 18\/54V <\/p>\n<p>V\u00f5imas ja vastupidav akutoitel murutrimmer, mis on m\u00f5eldud nii professionaalseks haljastust\u00f6\u00f6ks kui ka koduaia hooldamiseks. Seade kuulub DeWalt XR FLEXVOLT 54 V akus\u00fcsteemi, mis pakub v\u00e4ga suurt j\u00f5udlust ja v\u00f5imaldab t\u00f6\u00f6tada ilma voolukaablita. T\u00e4nu sellele suudab trimmer pakkuda j\u00f5udlust, mis on v\u00f5rreldav bensiinimootoriga seadmetega, kuid samas on see vaiksem, lihtsam hooldada ja keskkonnas\u00f5bralikum.<\/p>\n<p>Trimmer on varustatud harjavaba mootoriga, mis tagab suurema efektiivsuse, pikema t\u00f6\u00f6aja \u00fche akulaadimisega ning v\u00e4iksema kulumise. Harjavaba tehnoloogia v\u00e4hendab energiakadu ja aitab pikendada nii mootori kui ka kogu seadme eluiga. T\u00e4nu tugevale \u00fclekandes\u00fcsteemile s\u00e4ilitab seade l\u00f5ikej\u00f5u ka suurema koormuse all. See v\u00f5imaldab l\u00f5igata nii rohtu kui ka tugevamat taimestikku.<\/p>\n<p>Seadmel on 38 cm l\u00f5ikelaius, mis v\u00f5imaldab kiiresti t\u00f6\u00f6delda suuremaid alasid ning teeb murutrimmeri sobivaks nii aia servade korrastamiseks kui ka suuremate rohumaade hooldamiseks. Trimmer kasutab 2 mm l\u00f5iketraati ja automaatset \u201ebump feed\u201c s\u00fcsteemi, mis v\u00f5imaldab traati kiiresti juurde anda lihtsalt trimmeripead vastu maad vajutades.<\/p>\n<p>DeWalt on loodud kasutusmugavust silmas pidades. Seadmel on muudetava kiirusega p\u00e4\u00e4stik ja kaks kiirusastet, mis v\u00f5imaldavad reguleerida l\u00f5ikamisv\u00f5imsust vastavalt t\u00f6\u00f6 iseloomule ning pikendada aku t\u00f6\u00f6aega.<\/p>\n<p>DeWalt DCM5713N akutoitel murutrimmer Solo 18\/54V <\/p>\n","protected":false},"excerpt":{"rendered":"<p>DeWalt DCM5713N akutoitel murutrimmer Solo 18\/54V<br \/>\nMudel: DCM5713N<br \/>\nAku pinge: 54 V<br \/>\nAku kontrolls\u00fcsteem (BCCD): Jah<br \/>\nAku komplektis: Ei<br \/>\nAku t\u00fc\u00fcp: Liitium-ioon (Li-Ion)<br \/>\n<strong>Eeldatav tarneaeg 1-7 t\u00f6\u00f6p\u00e4eva<\/strong><\/p>\n","protected":false},"featured_media":45281,"template":"","meta":{"inline_featured_image":false},"product_cat":[2486],"product_tag":[4293,1309,4292],"class_list":{"0":"post-22052","1":"product","2":"type-product","3":"status-publish","4":"has-post-thumbnail","6":"product_brand-dewalt","7":"product_cat-outlet","8":"product_tag-dcm5713n","9":"product_tag-dewalt","10":"product_tag-dewalt-dcm5713n-akutoitel-murutrimmer-solo-18-54v","12":"first","13":"instock","14":"purchasable","15":"product-type-simple"},"yoast_head":"<!-- This site is optimized with the Yoast SEO plugin v27.4 - https:\/\/yoast.com\/product\/yoast-seo-wordpress\/ -->\n<title>DeWalt DCM5713N akutoitel murutrimmer Solo 18\/54V<\/title>\n<meta name=\"description\" content=\"DeWalt DCM5713N akutoitel murutrimmer Solo 18\/54V Trimmer on varustatud harjavaba mootoriga, mis tagab suurema efektiivsuse, pikema t\u00f6\u00f6aja.\" \/>\n<meta name=\"robots\" content=\"index, follow, max-snippet:-1, max-image-preview:large, max-video-preview:-1\" \/>\n<link rel=\"canonical\" href=\"https:\/\/ranoja.ee\/toode\/dewalt-dcm5713n-akutoitel-murutrimmer-solo-18-54v\/\" \/>\n<meta property=\"og:locale\" content=\"en_US\" \/>\n<meta property=\"og:type\" content=\"article\" \/>\n<meta property=\"og:title\" content=\"DeWalt DCM5713N akutoitel murutrimmer Solo 18\/54V\" \/>\n<meta property=\"og:description\" content=\"DeWalt DCM5713N akutoitel murutrimmer Solo 18\/54V Trimmer on varustatud harjavaba mootoriga, mis tagab suurema efektiivsuse, pikema t\u00f6\u00f6aja.\" \/>\n<meta property=\"og:url\" content=\"https:\/\/ranoja.ee\/toode\/dewalt-dcm5713n-akutoitel-murutrimmer-solo-18-54v\/\" \/>\n<meta property=\"og:site_name\" content=\"Ranoja\" \/>\n<meta property=\"article:publisher\" content=\"https:\/\/www.facebook.com\/ranoja.ee\" \/>\n<meta property=\"article:modified_time\" content=\"2026-03-06T09:13:21+00:00\" \/>\n<meta property=\"og:image\" content=\"https:\/\/ranoja.ee\/wp-content\/uploads\/2025\/11\/99.jpg\" \/>\n\t<meta property=\"og:image:width\" content=\"500\" \/>\n\t<meta property=\"og:image:height\" content=\"462\" \/>\n\t<meta property=\"og:image:type\" content=\"image\/jpeg\" \/>\n<meta name=\"twitter:card\" content=\"summary_large_image\" \/>\n<meta name=\"twitter:label1\" content=\"Est. reading time\" \/>\n\t<meta name=\"twitter:data1\" content=\"1 minute\" \/>\n<script type=\"application\/ld+json\" class=\"yoast-schema-graph\">{\"@context\":\"https:\\\/\\\/schema.org\",\"@graph\":[{\"@type\":\"WebPage\",\"@id\":\"https:\\\/\\\/ranoja.ee\\\/toode\\\/dewalt-dcm5713n-akutoitel-murutrimmer-solo-18-54v\\\/\",\"url\":\"https:\\\/\\\/ranoja.ee\\\/toode\\\/dewalt-dcm5713n-akutoitel-murutrimmer-solo-18-54v\\\/\",\"name\":\"DeWalt DCM5713N akutoitel murutrimmer Solo 18\\\/54V\",\"isPartOf\":{\"@id\":\"https:\\\/\\\/ranoja.ee\\\/#website\"},\"primaryImageOfPage\":{\"@id\":\"https:\\\/\\\/ranoja.ee\\\/toode\\\/dewalt-dcm5713n-akutoitel-murutrimmer-solo-18-54v\\\/#primaryimage\"},\"image\":{\"@id\":\"https:\\\/\\\/ranoja.ee\\\/toode\\\/dewalt-dcm5713n-akutoitel-murutrimmer-solo-18-54v\\\/#primaryimage\"},\"thumbnailUrl\":\"https:\\\/\\\/ranoja.ee\\\/wp-content\\\/uploads\\\/2025\\\/11\\\/99.jpg\",\"datePublished\":\"2025-11-18T14:02:10+00:00\",\"dateModified\":\"2026-03-06T09:13:21+00:00\",\"description\":\"DeWalt DCM5713N akutoitel murutrimmer Solo 18\\\/54V Trimmer on varustatud harjavaba mootoriga, mis tagab suurema efektiivsuse, pikema t\u00f6\u00f6aja.\",\"breadcrumb\":{\"@id\":\"https:\\\/\\\/ranoja.ee\\\/toode\\\/dewalt-dcm5713n-akutoitel-murutrimmer-solo-18-54v\\\/#breadcrumb\"},\"inLanguage\":\"en-US\",\"potentialAction\":[{\"@type\":\"ReadAction\",\"target\":[\"https:\\\/\\\/ranoja.ee\\\/toode\\\/dewalt-dcm5713n-akutoitel-murutrimmer-solo-18-54v\\\/\"]}]},{\"@type\":\"ImageObject\",\"inLanguage\":\"en-US\",\"@id\":\"https:\\\/\\\/ranoja.ee\\\/toode\\\/dewalt-dcm5713n-akutoitel-murutrimmer-solo-18-54v\\\/#primaryimage\",\"url\":\"https:\\\/\\\/ranoja.ee\\\/wp-content\\\/uploads\\\/2025\\\/11\\\/99.jpg\",\"contentUrl\":\"https:\\\/\\\/ranoja.ee\\\/wp-content\\\/uploads\\\/2025\\\/11\\\/99.jpg\",\"width\":500,\"height\":462,\"caption\":\"DeWalt DCM5713N akutoitel murutrimmer Solo 18\\\/54V\"},{\"@type\":\"BreadcrumbList\",\"@id\":\"https:\\\/\\\/ranoja.ee\\\/toode\\\/dewalt-dcm5713n-akutoitel-murutrimmer-solo-18-54v\\\/#breadcrumb\",\"itemListElement\":[{\"@type\":\"ListItem\",\"position\":1,\"name\":\"Home\",\"item\":\"https:\\\/\\\/ranoja.ee\\\/\"},{\"@type\":\"ListItem\",\"position\":2,\"name\":\"Shop\",\"item\":\"https:\\\/\\\/ranoja.ee\\\/en\\\/shop\\\/\"},{\"@type\":\"ListItem\",\"position\":3,\"name\":\"DeWalt DCM5713N akutoitel murutrimmer Solo 18\\\/54V\"}]},{\"@type\":\"WebSite\",\"@id\":\"https:\\\/\\\/ranoja.ee\\\/#website\",\"url\":\"https:\\\/\\\/ranoja.ee\\\/\",\"name\":\"Ranoja\",\"description\":\"Equipment Shop WooCommerce WordPress Theme for Machine &amp; Tools\",\"publisher\":{\"@id\":\"https:\\\/\\\/ranoja.ee\\\/#organization\"},\"potentialAction\":[{\"@type\":\"SearchAction\",\"target\":{\"@type\":\"EntryPoint\",\"urlTemplate\":\"https:\\\/\\\/ranoja.ee\\\/?s={search_term_string}\"},\"query-input\":{\"@type\":\"PropertyValueSpecification\",\"valueRequired\":true,\"valueName\":\"search_term_string\"}}],\"inLanguage\":\"en-US\"},{\"@type\":\"Organization\",\"@id\":\"https:\\\/\\\/ranoja.ee\\\/#organization\",\"name\":\"Ranoja O\u00dc\",\"url\":\"https:\\\/\\\/ranoja.ee\\\/\",\"logo\":{\"@type\":\"ImageObject\",\"inLanguage\":\"en-US\",\"@id\":\"https:\\\/\\\/ranoja.ee\\\/#\\\/schema\\\/logo\\\/image\\\/\",\"url\":\"https:\\\/\\\/ranoja.ee\\\/wp-content\\\/uploads\\\/2023\\\/11\\\/ranoja-Logo.png\",\"contentUrl\":\"https:\\\/\\\/ranoja.ee\\\/wp-content\\\/uploads\\\/2023\\\/11\\\/ranoja-Logo.png\",\"width\":207,\"height\":58,\"caption\":\"Ranoja O\u00dc\"},\"image\":{\"@id\":\"https:\\\/\\\/ranoja.ee\\\/#\\\/schema\\\/logo\\\/image\\\/\"},\"sameAs\":[\"https:\\\/\\\/www.facebook.com\\\/ranoja.ee\",\"https:\\\/\\\/www.instagram.com\\\/ranoja__\\\/\"]}]}<\/script>\n<!-- \/ Yoast SEO plugin. -->","yoast_head_json":{"title":"DeWalt DCM5713N akutoitel murutrimmer Solo 18\/54V","description":"DeWalt DCM5713N akutoitel murutrimmer Solo 18\/54V Trimmer on varustatud harjavaba mootoriga, mis tagab suurema efektiivsuse, pikema t\u00f6\u00f6aja.","robots":{"index":"index","follow":"follow","max-snippet":"max-snippet:-1","max-image-preview":"max-image-preview:large","max-video-preview":"max-video-preview:-1"},"canonical":"https:\/\/ranoja.ee\/toode\/dewalt-dcm5713n-akutoitel-murutrimmer-solo-18-54v\/","og_locale":"en_US","og_type":"article","og_title":"DeWalt DCM5713N akutoitel murutrimmer Solo 18\/54V","og_description":"DeWalt DCM5713N akutoitel murutrimmer Solo 18\/54V Trimmer on varustatud harjavaba mootoriga, mis tagab suurema efektiivsuse, pikema t\u00f6\u00f6aja.","og_url":"https:\/\/ranoja.ee\/toode\/dewalt-dcm5713n-akutoitel-murutrimmer-solo-18-54v\/","og_site_name":"Ranoja","article_publisher":"https:\/\/www.facebook.com\/ranoja.ee","article_modified_time":"2026-03-06T09:13:21+00:00","og_image":[{"width":500,"height":462,"url":"https:\/\/ranoja.ee\/wp-content\/uploads\/2025\/11\/99.jpg","type":"image\/jpeg"}],"twitter_card":"summary_large_image","twitter_misc":{"Est. reading time":"1 minute"},"schema":{"@context":"https:\/\/schema.org","@graph":[{"@type":"WebPage","@id":"https:\/\/ranoja.ee\/toode\/dewalt-dcm5713n-akutoitel-murutrimmer-solo-18-54v\/","url":"https:\/\/ranoja.ee\/toode\/dewalt-dcm5713n-akutoitel-murutrimmer-solo-18-54v\/","name":"DeWalt DCM5713N akutoitel murutrimmer Solo 18\/54V","isPartOf":{"@id":"https:\/\/ranoja.ee\/#website"},"primaryImageOfPage":{"@id":"https:\/\/ranoja.ee\/toode\/dewalt-dcm5713n-akutoitel-murutrimmer-solo-18-54v\/#primaryimage"},"image":{"@id":"https:\/\/ranoja.ee\/toode\/dewalt-dcm5713n-akutoitel-murutrimmer-solo-18-54v\/#primaryimage"},"thumbnailUrl":"https:\/\/ranoja.ee\/wp-content\/uploads\/2025\/11\/99.jpg","datePublished":"2025-11-18T14:02:10+00:00","dateModified":"2026-03-06T09:13:21+00:00","description":"DeWalt DCM5713N akutoitel murutrimmer Solo 18\/54V Trimmer on varustatud harjavaba mootoriga, mis tagab suurema efektiivsuse, pikema t\u00f6\u00f6aja.","breadcrumb":{"@id":"https:\/\/ranoja.ee\/toode\/dewalt-dcm5713n-akutoitel-murutrimmer-solo-18-54v\/#breadcrumb"},"inLanguage":"en-US","potentialAction":[{"@type":"ReadAction","target":["https:\/\/ranoja.ee\/toode\/dewalt-dcm5713n-akutoitel-murutrimmer-solo-18-54v\/"]}]},{"@type":"ImageObject","inLanguage":"en-US","@id":"https:\/\/ranoja.ee\/toode\/dewalt-dcm5713n-akutoitel-murutrimmer-solo-18-54v\/#primaryimage","url":"https:\/\/ranoja.ee\/wp-content\/uploads\/2025\/11\/99.jpg","contentUrl":"https:\/\/ranoja.ee\/wp-content\/uploads\/2025\/11\/99.jpg","width":500,"height":462,"caption":"DeWalt DCM5713N akutoitel murutrimmer Solo 18\/54V"},{"@type":"BreadcrumbList","@id":"https:\/\/ranoja.ee\/toode\/dewalt-dcm5713n-akutoitel-murutrimmer-solo-18-54v\/#breadcrumb","itemListElement":[{"@type":"ListItem","position":1,"name":"Home","item":"https:\/\/ranoja.ee\/"},{"@type":"ListItem","position":2,"name":"Shop","item":"https:\/\/ranoja.ee\/en\/shop\/"},{"@type":"ListItem","position":3,"name":"DeWalt DCM5713N akutoitel murutrimmer Solo 18\/54V"}]},{"@type":"WebSite","@id":"https:\/\/ranoja.ee\/#website","url":"https:\/\/ranoja.ee\/","name":"Ranoja","description":"Equipment Shop WooCommerce WordPress Theme for Machine &amp; Tools","publisher":{"@id":"https:\/\/ranoja.ee\/#organization"},"potentialAction":[{"@type":"SearchAction","target":{"@type":"EntryPoint","urlTemplate":"https:\/\/ranoja.ee\/?s={search_term_string}"},"query-input":{"@type":"PropertyValueSpecification","valueRequired":true,"valueName":"search_term_string"}}],"inLanguage":"en-US"},{"@type":"Organization","@id":"https:\/\/ranoja.ee\/#organization","name":"Ranoja O\u00dc","url":"https:\/\/ranoja.ee\/","logo":{"@type":"ImageObject","inLanguage":"en-US","@id":"https:\/\/ranoja.ee\/#\/schema\/logo\/image\/","url":"https:\/\/ranoja.ee\/wp-content\/uploads\/2023\/11\/ranoja-Logo.png","contentUrl":"https:\/\/ranoja.ee\/wp-content\/uploads\/2023\/11\/ranoja-Logo.png","width":207,"height":58,"caption":"Ranoja O\u00dc"},"image":{"@id":"https:\/\/ranoja.ee\/#\/schema\/logo\/image\/"},"sameAs":["https:\/\/www.facebook.com\/ranoja.ee","https:\/\/www.instagram.com\/ranoja__\/"]}]}},"_links":{"self":[{"href":"https:\/\/ranoja.ee\/en\/wp-json\/wp\/v2\/product\/22052","targetHints":{"allow":["GET"]}}],"collection":[{"href":"https:\/\/ranoja.ee\/en\/wp-json\/wp\/v2\/product"}],"about":[{"href":"https:\/\/ranoja.ee\/en\/wp-json\/wp\/v2\/types\/product"}],"wp:featuredmedia":[{"embeddable":true,"href":"https:\/\/ranoja.ee\/en\/wp-json\/wp\/v2\/media\/45281"}],"wp:attachment":[{"href":"https:\/\/ranoja.ee\/en\/wp-json\/wp\/v2\/media?parent=22052"}],"wp:term":[{"taxonomy":"product_cat","embeddable":true,"href":"https:\/\/ranoja.ee\/en\/wp-json\/wp\/v2\/product_cat?post=22052"},{"taxonomy":"product_tag","embeddable":true,"href":"https:\/\/ranoja.ee\/en\/wp-json\/wp\/v2\/product_tag?post=22052"}],"curies":[{"name":"wp","href":"https:\/\/api.w.org\/{rel}","templated":true}]}}