{"id":22051,"date":"2025-11-18T17:02:10","date_gmt":"2025-11-18T14:02:10","guid":{"rendered":"https:\/\/ranoja.ee\/?post_type=product&#038;p=22051"},"modified":"2026-03-06T17:39:48","modified_gmt":"2026-03-06T14:39:48","slug":"dewalt-dcm565n-xj-akutoitel-kettsaag-solo-18v","status":"publish","type":"product","link":"https:\/\/ranoja.ee\/en\/toode\/dewalt-dcm565n-xj-akutoitel-kettsaag-solo-18v\/","title":{"rendered":"DeWalt DCM565N-XJ akutoitel kettsaag Solo 18V"},"content":{"rendered":"<p>DeWalt DCM565N-XJ akutoitel kettsaag Solo 18V <\/p>\n<p>Kompaktne ja v\u00f5imas akutoitel kettsaag, mis on m\u00f5eldud puude l\u00f5ikamiseks, okste eemaldamiseks ning erinevateks puidut\u00f6\u00f6deks nii aias kui ka ehitusel. Seade t\u00f6\u00f6tab DeWalt 18 V XR Li-Ion akus\u00fcsteemiga, pakkudes head j\u00f5udlust ja liikumisvabadust ilma voolukaablita. T\u00e4nu oma kompaktsele konstruktsioonile ja v\u00e4ikesele kaalule on kettsaagi mugav kasutada ka kitsamates kohtades.<\/p>\n<p>Kettsaag on varustatud harjavaba mootoriga, mis tagab suurema efektiivsuse, pikema t\u00f6\u00f6aja ning v\u00e4iksema kulumise v\u00f5rreldes tavaliste mootoritega. Harjavaba tehnoloogia aitab v\u00e4hendada energiakadu ja pikendab seadme kasutusiga. Seade kasutab 30 cm Oregon juhtplaati ja ketti, mis v\u00f5imaldab l\u00f5igata nii k\u00fcttepuid, palke kui ka puitkonstruktsioone. Ketikiirus ulatub umbes 7.68 m\/s, mis tagab kiire ja kontrollitud l\u00f5ikamise.<\/p>\n<p>DCM565N-XJ on loodud kasutusmugavust silmas pidades. Kettsael on muudetava kiirusega p\u00e4\u00e4stik, mis v\u00f5imaldab l\u00f5ikekiirust t\u00e4pselt reguleerida vastavalt t\u00f6\u00f6 iseloomule. Lisaks on seadmel automaatne keti \u00f5lituss\u00fcsteem, mis aitab v\u00e4hendada hooldusvajadust ja hoiab keti t\u00f6\u00f6 ajal h\u00e4sti m\u00e4\u00e4rituna. Kiireks ja mugavaks hoolduseks on ketti ja juhtplaati v\u00f5imalik reguleerida ilma lisat\u00f6\u00f6riistadeta.<\/p>\n<p>Turvalisuse tagamiseks on kettsaag varustatud ketipiduriga, mis peatab keti v\u00e4ga kiiresti ning aitab v\u00e4hendada v\u00f5imalike \u00f5nnetuste riski. Ergonoomiline k\u00e4epide ja lisak\u00e4epide tagavad parema tasakaalu ning mugava haarde ka pikema t\u00f6\u00f6 ajal.<\/p>\n<p>DCM565N-XJ tarnitakse solo-versioonina, mis t\u00e4hendab, et komplekt ei sisalda akut ega laadijat. See teeb sellest hea valiku kasutajatele, kellel on juba olemas DeWalt 18 V XR akus\u00fcsteemi t\u00f6\u00f6riistad ja akud.<\/p>\n<p>DeWalt DCM565N-XJ akutoitel kettsaag Solo 18V <\/p>\n","protected":false},"excerpt":{"rendered":"<p>DeWalt DCM565N-XJ akutoitel kettsaag Solo 18V<br \/>\nMudel: DCM565N-XJ<br \/>\nEAN\/UPC: 5035048667569<br \/>\nAku pinge: 18 V<br \/>\nAku t\u00fc\u00fcp: Liitium-ioon (Li-Ion)<br \/>\nAku komplektis: Ei<br \/>\nLaadia komplektis: Ei<br \/>\n<strong>Eeldatav tarneaeg 1-7 t\u00f6\u00f6p\u00e4eva<\/strong><\/p>\n","protected":false},"featured_media":0,"template":"","meta":{"inline_featured_image":false},"product_cat":[2486],"product_tag":[4295,1309,4294,227],"class_list":{"0":"post-22051","1":"product","2":"type-product","3":"status-publish","5":"product_brand-dewalt","6":"product_cat-outlet","7":"product_tag-dcm565n-xj","8":"product_tag-dewalt","9":"product_tag-dewalt-dcm565n-xj-akutoitel-kettsaag-solo-18v","10":"product_tag-kettsaag","12":"first","13":"instock","14":"purchasable","15":"product-type-simple"},"yoast_head":"<!-- This site is optimized with the Yoast SEO plugin v27.4 - https:\/\/yoast.com\/product\/yoast-seo-wordpress\/ -->\n<title>DeWalt DCM565N-XJ akutoitel kettsaag Solo 18V<\/title>\n<meta name=\"description\" content=\"DeWalt DCM565N-XJ akutoitel kettsaag Solo 18V Ergonoomiline k\u00e4epide ja lisak\u00e4epide tagavad parema tasakaalu ning mugava haarde ka pikema t\u00f6\u00f6 ajal.\" \/>\n<meta name=\"robots\" content=\"index, follow, max-snippet:-1, max-image-preview:large, max-video-preview:-1\" \/>\n<link rel=\"canonical\" href=\"https:\/\/ranoja.ee\/toode\/dewalt-dcm565n-xj-akutoitel-kettsaag-solo-18v\/\" \/>\n<meta property=\"og:locale\" content=\"en_US\" \/>\n<meta property=\"og:type\" content=\"article\" \/>\n<meta property=\"og:title\" content=\"DeWalt DCM565N-XJ akutoitel kettsaag Solo 18V\" \/>\n<meta property=\"og:description\" content=\"DeWalt DCM565N-XJ akutoitel kettsaag Solo 18V Ergonoomiline k\u00e4epide ja lisak\u00e4epide tagavad parema tasakaalu ning mugava haarde ka pikema t\u00f6\u00f6 ajal.\" \/>\n<meta property=\"og:url\" content=\"https:\/\/ranoja.ee\/toode\/dewalt-dcm565n-xj-akutoitel-kettsaag-solo-18v\/\" \/>\n<meta property=\"og:site_name\" content=\"Ranoja\" \/>\n<meta property=\"article:publisher\" content=\"https:\/\/www.facebook.com\/ranoja.ee\" \/>\n<meta property=\"article:modified_time\" content=\"2026-03-06T14:39:48+00:00\" \/>\n<meta name=\"twitter:card\" content=\"summary_large_image\" \/>\n<script type=\"application\/ld+json\" class=\"yoast-schema-graph\">{\"@context\":\"https:\\\/\\\/schema.org\",\"@graph\":[{\"@type\":\"WebPage\",\"@id\":\"https:\\\/\\\/ranoja.ee\\\/toode\\\/dewalt-dcm565n-xj-akutoitel-kettsaag-solo-18v\\\/\",\"url\":\"https:\\\/\\\/ranoja.ee\\\/toode\\\/dewalt-dcm565n-xj-akutoitel-kettsaag-solo-18v\\\/\",\"name\":\"DeWalt DCM565N-XJ akutoitel kettsaag Solo 18V\",\"isPartOf\":{\"@id\":\"https:\\\/\\\/ranoja.ee\\\/#website\"},\"datePublished\":\"2025-11-18T14:02:10+00:00\",\"dateModified\":\"2026-03-06T14:39:48+00:00\",\"description\":\"DeWalt DCM565N-XJ akutoitel kettsaag Solo 18V Ergonoomiline k\u00e4epide ja lisak\u00e4epide tagavad parema tasakaalu ning mugava haarde ka pikema t\u00f6\u00f6 ajal.\",\"breadcrumb\":{\"@id\":\"https:\\\/\\\/ranoja.ee\\\/toode\\\/dewalt-dcm565n-xj-akutoitel-kettsaag-solo-18v\\\/#breadcrumb\"},\"inLanguage\":\"en-US\",\"potentialAction\":[{\"@type\":\"ReadAction\",\"target\":[\"https:\\\/\\\/ranoja.ee\\\/toode\\\/dewalt-dcm565n-xj-akutoitel-kettsaag-solo-18v\\\/\"]}]},{\"@type\":\"BreadcrumbList\",\"@id\":\"https:\\\/\\\/ranoja.ee\\\/toode\\\/dewalt-dcm565n-xj-akutoitel-kettsaag-solo-18v\\\/#breadcrumb\",\"itemListElement\":[{\"@type\":\"ListItem\",\"position\":1,\"name\":\"Home\",\"item\":\"https:\\\/\\\/ranoja.ee\\\/\"},{\"@type\":\"ListItem\",\"position\":2,\"name\":\"Shop\",\"item\":\"https:\\\/\\\/ranoja.ee\\\/en\\\/shop\\\/\"},{\"@type\":\"ListItem\",\"position\":3,\"name\":\"DeWalt DCM565N-XJ akutoitel kettsaag Solo 18V\"}]},{\"@type\":\"WebSite\",\"@id\":\"https:\\\/\\\/ranoja.ee\\\/#website\",\"url\":\"https:\\\/\\\/ranoja.ee\\\/\",\"name\":\"Ranoja\",\"description\":\"Equipment Shop WooCommerce WordPress Theme for Machine &amp; Tools\",\"publisher\":{\"@id\":\"https:\\\/\\\/ranoja.ee\\\/#organization\"},\"potentialAction\":[{\"@type\":\"SearchAction\",\"target\":{\"@type\":\"EntryPoint\",\"urlTemplate\":\"https:\\\/\\\/ranoja.ee\\\/?s={search_term_string}\"},\"query-input\":{\"@type\":\"PropertyValueSpecification\",\"valueRequired\":true,\"valueName\":\"search_term_string\"}}],\"inLanguage\":\"en-US\"},{\"@type\":\"Organization\",\"@id\":\"https:\\\/\\\/ranoja.ee\\\/#organization\",\"name\":\"Ranoja O\u00dc\",\"url\":\"https:\\\/\\\/ranoja.ee\\\/\",\"logo\":{\"@type\":\"ImageObject\",\"inLanguage\":\"en-US\",\"@id\":\"https:\\\/\\\/ranoja.ee\\\/#\\\/schema\\\/logo\\\/image\\\/\",\"url\":\"https:\\\/\\\/ranoja.ee\\\/wp-content\\\/uploads\\\/2023\\\/11\\\/ranoja-Logo.png\",\"contentUrl\":\"https:\\\/\\\/ranoja.ee\\\/wp-content\\\/uploads\\\/2023\\\/11\\\/ranoja-Logo.png\",\"width\":207,\"height\":58,\"caption\":\"Ranoja O\u00dc\"},\"image\":{\"@id\":\"https:\\\/\\\/ranoja.ee\\\/#\\\/schema\\\/logo\\\/image\\\/\"},\"sameAs\":[\"https:\\\/\\\/www.facebook.com\\\/ranoja.ee\",\"https:\\\/\\\/www.instagram.com\\\/ranoja__\\\/\"]}]}<\/script>\n<!-- \/ Yoast SEO plugin. -->","yoast_head_json":{"title":"DeWalt DCM565N-XJ akutoitel kettsaag Solo 18V","description":"DeWalt DCM565N-XJ akutoitel kettsaag Solo 18V Ergonoomiline k\u00e4epide ja lisak\u00e4epide tagavad parema tasakaalu ning mugava haarde ka pikema t\u00f6\u00f6 ajal.","robots":{"index":"index","follow":"follow","max-snippet":"max-snippet:-1","max-image-preview":"max-image-preview:large","max-video-preview":"max-video-preview:-1"},"canonical":"https:\/\/ranoja.ee\/toode\/dewalt-dcm565n-xj-akutoitel-kettsaag-solo-18v\/","og_locale":"en_US","og_type":"article","og_title":"DeWalt DCM565N-XJ akutoitel kettsaag Solo 18V","og_description":"DeWalt DCM565N-XJ akutoitel kettsaag Solo 18V Ergonoomiline k\u00e4epide ja lisak\u00e4epide tagavad parema tasakaalu ning mugava haarde ka pikema t\u00f6\u00f6 ajal.","og_url":"https:\/\/ranoja.ee\/toode\/dewalt-dcm565n-xj-akutoitel-kettsaag-solo-18v\/","og_site_name":"Ranoja","article_publisher":"https:\/\/www.facebook.com\/ranoja.ee","article_modified_time":"2026-03-06T14:39:48+00:00","twitter_card":"summary_large_image","schema":{"@context":"https:\/\/schema.org","@graph":[{"@type":"WebPage","@id":"https:\/\/ranoja.ee\/toode\/dewalt-dcm565n-xj-akutoitel-kettsaag-solo-18v\/","url":"https:\/\/ranoja.ee\/toode\/dewalt-dcm565n-xj-akutoitel-kettsaag-solo-18v\/","name":"DeWalt DCM565N-XJ akutoitel kettsaag Solo 18V","isPartOf":{"@id":"https:\/\/ranoja.ee\/#website"},"datePublished":"2025-11-18T14:02:10+00:00","dateModified":"2026-03-06T14:39:48+00:00","description":"DeWalt DCM565N-XJ akutoitel kettsaag Solo 18V Ergonoomiline k\u00e4epide ja lisak\u00e4epide tagavad parema tasakaalu ning mugava haarde ka pikema t\u00f6\u00f6 ajal.","breadcrumb":{"@id":"https:\/\/ranoja.ee\/toode\/dewalt-dcm565n-xj-akutoitel-kettsaag-solo-18v\/#breadcrumb"},"inLanguage":"en-US","potentialAction":[{"@type":"ReadAction","target":["https:\/\/ranoja.ee\/toode\/dewalt-dcm565n-xj-akutoitel-kettsaag-solo-18v\/"]}]},{"@type":"BreadcrumbList","@id":"https:\/\/ranoja.ee\/toode\/dewalt-dcm565n-xj-akutoitel-kettsaag-solo-18v\/#breadcrumb","itemListElement":[{"@type":"ListItem","position":1,"name":"Home","item":"https:\/\/ranoja.ee\/"},{"@type":"ListItem","position":2,"name":"Shop","item":"https:\/\/ranoja.ee\/en\/shop\/"},{"@type":"ListItem","position":3,"name":"DeWalt DCM565N-XJ akutoitel kettsaag Solo 18V"}]},{"@type":"WebSite","@id":"https:\/\/ranoja.ee\/#website","url":"https:\/\/ranoja.ee\/","name":"Ranoja","description":"Equipment Shop WooCommerce WordPress Theme for Machine &amp; Tools","publisher":{"@id":"https:\/\/ranoja.ee\/#organization"},"potentialAction":[{"@type":"SearchAction","target":{"@type":"EntryPoint","urlTemplate":"https:\/\/ranoja.ee\/?s={search_term_string}"},"query-input":{"@type":"PropertyValueSpecification","valueRequired":true,"valueName":"search_term_string"}}],"inLanguage":"en-US"},{"@type":"Organization","@id":"https:\/\/ranoja.ee\/#organization","name":"Ranoja O\u00dc","url":"https:\/\/ranoja.ee\/","logo":{"@type":"ImageObject","inLanguage":"en-US","@id":"https:\/\/ranoja.ee\/#\/schema\/logo\/image\/","url":"https:\/\/ranoja.ee\/wp-content\/uploads\/2023\/11\/ranoja-Logo.png","contentUrl":"https:\/\/ranoja.ee\/wp-content\/uploads\/2023\/11\/ranoja-Logo.png","width":207,"height":58,"caption":"Ranoja O\u00dc"},"image":{"@id":"https:\/\/ranoja.ee\/#\/schema\/logo\/image\/"},"sameAs":["https:\/\/www.facebook.com\/ranoja.ee","https:\/\/www.instagram.com\/ranoja__\/"]}]}},"_links":{"self":[{"href":"https:\/\/ranoja.ee\/en\/wp-json\/wp\/v2\/product\/22051","targetHints":{"allow":["GET"]}}],"collection":[{"href":"https:\/\/ranoja.ee\/en\/wp-json\/wp\/v2\/product"}],"about":[{"href":"https:\/\/ranoja.ee\/en\/wp-json\/wp\/v2\/types\/product"}],"wp:attachment":[{"href":"https:\/\/ranoja.ee\/en\/wp-json\/wp\/v2\/media?parent=22051"}],"wp:term":[{"taxonomy":"product_cat","embeddable":true,"href":"https:\/\/ranoja.ee\/en\/wp-json\/wp\/v2\/product_cat?post=22051"},{"taxonomy":"product_tag","embeddable":true,"href":"https:\/\/ranoja.ee\/en\/wp-json\/wp\/v2\/product_tag?post=22051"}],"curies":[{"name":"wp","href":"https:\/\/api.w.org\/{rel}","templated":true}]}}