{"id":22033,"date":"2025-11-18T17:02:04","date_gmt":"2025-11-18T14:02:04","guid":{"rendered":"https:\/\/ranoja.ee\/?post_type=product&#038;p=22033"},"modified":"2026-03-11T15:26:26","modified_gmt":"2026-03-11T12:26:26","slug":"bosch-akulamp-gli-18v-800-ilma-aku-ja-laadijata","status":"publish","type":"product","link":"https:\/\/ranoja.ee\/en\/toode\/bosch-akulamp-gli-18v-800-ilma-aku-ja-laadijata\/","title":{"rendered":"Bosch akulamp GLI 18V-800 &#8211; ilma aku ja laadijata"},"content":{"rendered":"<p>Bosch akulamp GLI 18V-800 &#8211; ilma aku ja laadijata<\/p>\n<p>Kompaktne ja vastupidav akutoitel t\u00f6\u00f6tav t\u00f6\u00f6valgusti, mis on m\u00f5eldud professionaalidele ja k\u00f5igile, kes vajavad t\u00f6\u00f6 tegemisel head valgustust. Tegemist on nn \u201esolo\u201c versiooniga ehk lamp m\u00fc\u00fcakse ilma aku ja laadijata. Mist\u00f5ttu sobib see eriti h\u00e4sti kasutajatele, kellel on juba olemas Bosch Professional 18 V akus\u00fcsteemi akud ja laadija. Lamp t\u00f6\u00f6tab 18-voldise akuga, mis tagab hea t\u00f6\u00f6aja ja piisava v\u00f5imsuse erinevates t\u00f6\u00f6tingimustes.<\/p>\n<p>Valgusti kasutab 20 LED-dioodi, mis annavad kuni 800 luumenit valgusvoogu. See v\u00f5imaldab valgustada v\u00e4iksemaid ja keskmise suurusega t\u00f6\u00f6alasid \u00fchtlaselt ja eredalt. Seadmel on kolm erinevat heledusastet, mille vahel saab kasutaja vajaduse j\u00e4rgi valida. N\u00e4iteks n\u00f5rgem valgustus pikemaks t\u00f6\u00f6ajaks v\u00f5i tugevam valgustus detailse t\u00f6\u00f6 tegemiseks.<\/p>\n<p>Bosch GLI 18V-800 paistab silma oma praktilise ja mitmek\u00fclgse disaini poolest. Valgusti pea on 360 kraadi p\u00f6\u00f6ratav ja kuni 180 kraadi kallutatav, mis v\u00f5imaldab suunata valguse t\u00e4pselt sinna, kus seda parasjagu vaja on. Lisaks on seadmel tugev magnet ja metallist p\u00f6\u00f6rdkonks, mis annavad v\u00f5imaluse lamp kinnitada n\u00e4iteks metallpinnale, t\u00f6\u00f6riistariiulile v\u00f5i toru k\u00fclge. See teeb valgusti kasutamise mugavaks ka kitsastes v\u00f5i raskesti ligip\u00e4\u00e4setavates kohtades.<\/p>\n<p>Seade kaalub ilma akuta umbes 0.5 kilogrammi, mist\u00f5ttu on see kerge ja h\u00f5lpsasti kaasaskantav. T\u00e4nu kompaktsele ehitusele mahub lamp mugavalt t\u00f6\u00f6riistakasti v\u00f5i t\u00f6\u00f6riistakotti ning on hea abivahend nii t\u00f6\u00f6kojas, ehitusobjektil kui ka remondit\u00f6\u00f6del.<\/p>\n<p>Kokkuv\u00f5ttes on Bosch GLI 18V-800 praktiline ja t\u00f6\u00f6kindel akulamp, mis pakub head valgustust, mitmek\u00fclgseid paigaldusv\u00f5imalusi ning sobib suurep\u00e4raselt igap\u00e4evaseks professionaalseks kasutamiseks.<\/p>\n<p>Bosch akulamp GLI 18V-800 &#8211; ilma aku ja laadijata<\/p>\n","protected":false},"excerpt":{"rendered":"<p>Bosch akulamp GLI 18V-800 &#8211; ilma aku ja laadijata<br \/>\nPinge: 18 V<br \/>\nAku t\u00fc\u00fcp: Li-ion<br \/>\nAku \u00fchilduvus: Bosch 18V Professional<br \/>\nAku ja laadija komplektis: Ei ole<br \/>\nMaksimaalne valgustusv\u00f5imsus: 800 lm<br \/>\nValgustusv\u00f5imsuse astmed: 3 lm<br \/>\nHeledustasemete arv: 3<br \/>\nKokkupanemise mehhanism p\u00f6\u00f6ramiseks: 360\u00b0 ja kallutamiseks 180\u00b0<br \/>\nKaal ilma akuta: 0.5 kg<\/p>\n","protected":false},"featured_media":56245,"template":"","meta":{"inline_featured_image":false},"product_cat":[2486],"product_tag":[816,1310,4570,4571,4572],"class_list":{"0":"post-22033","1":"product","2":"type-product","3":"status-publish","4":"has-post-thumbnail","6":"product_brand-bosch","7":"product_cat-outlet","8":"product_tag-akulamp","9":"product_tag-bosch","10":"product_tag-bosch-akulamp-gli-18v-800-ilma-aku-ja-laadijata","11":"product_tag-gli-18v-800","12":"product_tag-gli18v-800","14":"first","15":"instock","16":"purchasable","17":"product-type-simple"},"yoast_head":"<!-- This site is optimized with the Yoast SEO plugin v27.4 - https:\/\/yoast.com\/product\/yoast-seo-wordpress\/ -->\n<title>Bosch akulamp GLI 18V-800 - ilma aku ja laadijata<\/title>\n<meta name=\"description\" content=\"Bosch akulamp GLI 18V-800 - ilma aku ja laadijata Seade kaalub ilma akuta umbes 0.5 kilogrammi, mist\u00f5ttu on see kerge ja h\u00f5lpsasti kaasaskantav.\" \/>\n<meta name=\"robots\" content=\"index, follow, max-snippet:-1, max-image-preview:large, max-video-preview:-1\" \/>\n<link rel=\"canonical\" href=\"https:\/\/ranoja.ee\/toode\/bosch-akulamp-gli-18v-800-ilma-aku-ja-laadijata\/\" \/>\n<meta property=\"og:locale\" content=\"en_US\" \/>\n<meta property=\"og:type\" content=\"article\" \/>\n<meta property=\"og:title\" content=\"Bosch akulamp GLI 18V-800 - ilma aku ja laadijata\" \/>\n<meta property=\"og:description\" content=\"Bosch akulamp GLI 18V-800 - ilma aku ja laadijata Seade kaalub ilma akuta umbes 0.5 kilogrammi, mist\u00f5ttu on see kerge ja h\u00f5lpsasti kaasaskantav.\" \/>\n<meta property=\"og:url\" content=\"https:\/\/ranoja.ee\/toode\/bosch-akulamp-gli-18v-800-ilma-aku-ja-laadijata\/\" \/>\n<meta property=\"og:site_name\" content=\"Ranoja\" \/>\n<meta property=\"article:publisher\" content=\"https:\/\/www.facebook.com\/ranoja.ee\" \/>\n<meta property=\"article:modified_time\" content=\"2026-03-11T12:26:26+00:00\" \/>\n<meta property=\"og:image\" content=\"https:\/\/ranoja.ee\/wp-content\/uploads\/2025\/11\/25.jpg\" \/>\n\t<meta property=\"og:image:width\" content=\"500\" \/>\n\t<meta property=\"og:image:height\" content=\"492\" \/>\n\t<meta property=\"og:image:type\" content=\"image\/jpeg\" \/>\n<meta name=\"twitter:card\" content=\"summary_large_image\" \/>\n<meta name=\"twitter:label1\" content=\"Est. reading time\" \/>\n\t<meta name=\"twitter:data1\" content=\"1 minute\" \/>\n<script type=\"application\/ld+json\" class=\"yoast-schema-graph\">{\"@context\":\"https:\\\/\\\/schema.org\",\"@graph\":[{\"@type\":\"WebPage\",\"@id\":\"https:\\\/\\\/ranoja.ee\\\/toode\\\/bosch-akulamp-gli-18v-800-ilma-aku-ja-laadijata\\\/\",\"url\":\"https:\\\/\\\/ranoja.ee\\\/toode\\\/bosch-akulamp-gli-18v-800-ilma-aku-ja-laadijata\\\/\",\"name\":\"Bosch akulamp GLI 18V-800 - ilma aku ja laadijata\",\"isPartOf\":{\"@id\":\"https:\\\/\\\/ranoja.ee\\\/#website\"},\"primaryImageOfPage\":{\"@id\":\"https:\\\/\\\/ranoja.ee\\\/toode\\\/bosch-akulamp-gli-18v-800-ilma-aku-ja-laadijata\\\/#primaryimage\"},\"image\":{\"@id\":\"https:\\\/\\\/ranoja.ee\\\/toode\\\/bosch-akulamp-gli-18v-800-ilma-aku-ja-laadijata\\\/#primaryimage\"},\"thumbnailUrl\":\"https:\\\/\\\/ranoja.ee\\\/wp-content\\\/uploads\\\/2025\\\/11\\\/25.jpg\",\"datePublished\":\"2025-11-18T14:02:04+00:00\",\"dateModified\":\"2026-03-11T12:26:26+00:00\",\"description\":\"Bosch akulamp GLI 18V-800 - ilma aku ja laadijata Seade kaalub ilma akuta umbes 0.5 kilogrammi, mist\u00f5ttu on see kerge ja h\u00f5lpsasti kaasaskantav.\",\"breadcrumb\":{\"@id\":\"https:\\\/\\\/ranoja.ee\\\/toode\\\/bosch-akulamp-gli-18v-800-ilma-aku-ja-laadijata\\\/#breadcrumb\"},\"inLanguage\":\"en-US\",\"potentialAction\":[{\"@type\":\"ReadAction\",\"target\":[\"https:\\\/\\\/ranoja.ee\\\/toode\\\/bosch-akulamp-gli-18v-800-ilma-aku-ja-laadijata\\\/\"]}]},{\"@type\":\"ImageObject\",\"inLanguage\":\"en-US\",\"@id\":\"https:\\\/\\\/ranoja.ee\\\/toode\\\/bosch-akulamp-gli-18v-800-ilma-aku-ja-laadijata\\\/#primaryimage\",\"url\":\"https:\\\/\\\/ranoja.ee\\\/wp-content\\\/uploads\\\/2025\\\/11\\\/25.jpg\",\"contentUrl\":\"https:\\\/\\\/ranoja.ee\\\/wp-content\\\/uploads\\\/2025\\\/11\\\/25.jpg\",\"width\":500,\"height\":492,\"caption\":\"Bosch akulamp GLI 18V-800 - ilma aku ja laadijata\"},{\"@type\":\"BreadcrumbList\",\"@id\":\"https:\\\/\\\/ranoja.ee\\\/toode\\\/bosch-akulamp-gli-18v-800-ilma-aku-ja-laadijata\\\/#breadcrumb\",\"itemListElement\":[{\"@type\":\"ListItem\",\"position\":1,\"name\":\"Home\",\"item\":\"https:\\\/\\\/ranoja.ee\\\/\"},{\"@type\":\"ListItem\",\"position\":2,\"name\":\"Shop\",\"item\":\"https:\\\/\\\/ranoja.ee\\\/en\\\/shop\\\/\"},{\"@type\":\"ListItem\",\"position\":3,\"name\":\"Bosch akulamp GLI 18V-800 &#8211; ilma aku ja laadijata\"}]},{\"@type\":\"WebSite\",\"@id\":\"https:\\\/\\\/ranoja.ee\\\/#website\",\"url\":\"https:\\\/\\\/ranoja.ee\\\/\",\"name\":\"Ranoja\",\"description\":\"Equipment Shop WooCommerce WordPress Theme for Machine &amp; Tools\",\"publisher\":{\"@id\":\"https:\\\/\\\/ranoja.ee\\\/#organization\"},\"potentialAction\":[{\"@type\":\"SearchAction\",\"target\":{\"@type\":\"EntryPoint\",\"urlTemplate\":\"https:\\\/\\\/ranoja.ee\\\/?s={search_term_string}\"},\"query-input\":{\"@type\":\"PropertyValueSpecification\",\"valueRequired\":true,\"valueName\":\"search_term_string\"}}],\"inLanguage\":\"en-US\"},{\"@type\":\"Organization\",\"@id\":\"https:\\\/\\\/ranoja.ee\\\/#organization\",\"name\":\"Ranoja O\u00dc\",\"url\":\"https:\\\/\\\/ranoja.ee\\\/\",\"logo\":{\"@type\":\"ImageObject\",\"inLanguage\":\"en-US\",\"@id\":\"https:\\\/\\\/ranoja.ee\\\/#\\\/schema\\\/logo\\\/image\\\/\",\"url\":\"https:\\\/\\\/ranoja.ee\\\/wp-content\\\/uploads\\\/2023\\\/11\\\/ranoja-Logo.png\",\"contentUrl\":\"https:\\\/\\\/ranoja.ee\\\/wp-content\\\/uploads\\\/2023\\\/11\\\/ranoja-Logo.png\",\"width\":207,\"height\":58,\"caption\":\"Ranoja O\u00dc\"},\"image\":{\"@id\":\"https:\\\/\\\/ranoja.ee\\\/#\\\/schema\\\/logo\\\/image\\\/\"},\"sameAs\":[\"https:\\\/\\\/www.facebook.com\\\/ranoja.ee\",\"https:\\\/\\\/www.instagram.com\\\/ranoja__\\\/\"]}]}<\/script>\n<!-- \/ Yoast SEO plugin. -->","yoast_head_json":{"title":"Bosch akulamp GLI 18V-800 - ilma aku ja laadijata","description":"Bosch akulamp GLI 18V-800 - ilma aku ja laadijata Seade kaalub ilma akuta umbes 0.5 kilogrammi, mist\u00f5ttu on see kerge ja h\u00f5lpsasti kaasaskantav.","robots":{"index":"index","follow":"follow","max-snippet":"max-snippet:-1","max-image-preview":"max-image-preview:large","max-video-preview":"max-video-preview:-1"},"canonical":"https:\/\/ranoja.ee\/toode\/bosch-akulamp-gli-18v-800-ilma-aku-ja-laadijata\/","og_locale":"en_US","og_type":"article","og_title":"Bosch akulamp GLI 18V-800 - ilma aku ja laadijata","og_description":"Bosch akulamp GLI 18V-800 - ilma aku ja laadijata Seade kaalub ilma akuta umbes 0.5 kilogrammi, mist\u00f5ttu on see kerge ja h\u00f5lpsasti kaasaskantav.","og_url":"https:\/\/ranoja.ee\/toode\/bosch-akulamp-gli-18v-800-ilma-aku-ja-laadijata\/","og_site_name":"Ranoja","article_publisher":"https:\/\/www.facebook.com\/ranoja.ee","article_modified_time":"2026-03-11T12:26:26+00:00","og_image":[{"width":500,"height":492,"url":"https:\/\/ranoja.ee\/wp-content\/uploads\/2025\/11\/25.jpg","type":"image\/jpeg"}],"twitter_card":"summary_large_image","twitter_misc":{"Est. reading time":"1 minute"},"schema":{"@context":"https:\/\/schema.org","@graph":[{"@type":"WebPage","@id":"https:\/\/ranoja.ee\/toode\/bosch-akulamp-gli-18v-800-ilma-aku-ja-laadijata\/","url":"https:\/\/ranoja.ee\/toode\/bosch-akulamp-gli-18v-800-ilma-aku-ja-laadijata\/","name":"Bosch akulamp GLI 18V-800 - ilma aku ja laadijata","isPartOf":{"@id":"https:\/\/ranoja.ee\/#website"},"primaryImageOfPage":{"@id":"https:\/\/ranoja.ee\/toode\/bosch-akulamp-gli-18v-800-ilma-aku-ja-laadijata\/#primaryimage"},"image":{"@id":"https:\/\/ranoja.ee\/toode\/bosch-akulamp-gli-18v-800-ilma-aku-ja-laadijata\/#primaryimage"},"thumbnailUrl":"https:\/\/ranoja.ee\/wp-content\/uploads\/2025\/11\/25.jpg","datePublished":"2025-11-18T14:02:04+00:00","dateModified":"2026-03-11T12:26:26+00:00","description":"Bosch akulamp GLI 18V-800 - ilma aku ja laadijata Seade kaalub ilma akuta umbes 0.5 kilogrammi, mist\u00f5ttu on see kerge ja h\u00f5lpsasti kaasaskantav.","breadcrumb":{"@id":"https:\/\/ranoja.ee\/toode\/bosch-akulamp-gli-18v-800-ilma-aku-ja-laadijata\/#breadcrumb"},"inLanguage":"en-US","potentialAction":[{"@type":"ReadAction","target":["https:\/\/ranoja.ee\/toode\/bosch-akulamp-gli-18v-800-ilma-aku-ja-laadijata\/"]}]},{"@type":"ImageObject","inLanguage":"en-US","@id":"https:\/\/ranoja.ee\/toode\/bosch-akulamp-gli-18v-800-ilma-aku-ja-laadijata\/#primaryimage","url":"https:\/\/ranoja.ee\/wp-content\/uploads\/2025\/11\/25.jpg","contentUrl":"https:\/\/ranoja.ee\/wp-content\/uploads\/2025\/11\/25.jpg","width":500,"height":492,"caption":"Bosch akulamp GLI 18V-800 - ilma aku ja laadijata"},{"@type":"BreadcrumbList","@id":"https:\/\/ranoja.ee\/toode\/bosch-akulamp-gli-18v-800-ilma-aku-ja-laadijata\/#breadcrumb","itemListElement":[{"@type":"ListItem","position":1,"name":"Home","item":"https:\/\/ranoja.ee\/"},{"@type":"ListItem","position":2,"name":"Shop","item":"https:\/\/ranoja.ee\/en\/shop\/"},{"@type":"ListItem","position":3,"name":"Bosch akulamp GLI 18V-800 &#8211; ilma aku ja laadijata"}]},{"@type":"WebSite","@id":"https:\/\/ranoja.ee\/#website","url":"https:\/\/ranoja.ee\/","name":"Ranoja","description":"Equipment Shop WooCommerce WordPress Theme for Machine &amp; Tools","publisher":{"@id":"https:\/\/ranoja.ee\/#organization"},"potentialAction":[{"@type":"SearchAction","target":{"@type":"EntryPoint","urlTemplate":"https:\/\/ranoja.ee\/?s={search_term_string}"},"query-input":{"@type":"PropertyValueSpecification","valueRequired":true,"valueName":"search_term_string"}}],"inLanguage":"en-US"},{"@type":"Organization","@id":"https:\/\/ranoja.ee\/#organization","name":"Ranoja O\u00dc","url":"https:\/\/ranoja.ee\/","logo":{"@type":"ImageObject","inLanguage":"en-US","@id":"https:\/\/ranoja.ee\/#\/schema\/logo\/image\/","url":"https:\/\/ranoja.ee\/wp-content\/uploads\/2023\/11\/ranoja-Logo.png","contentUrl":"https:\/\/ranoja.ee\/wp-content\/uploads\/2023\/11\/ranoja-Logo.png","width":207,"height":58,"caption":"Ranoja O\u00dc"},"image":{"@id":"https:\/\/ranoja.ee\/#\/schema\/logo\/image\/"},"sameAs":["https:\/\/www.facebook.com\/ranoja.ee","https:\/\/www.instagram.com\/ranoja__\/"]}]}},"_links":{"self":[{"href":"https:\/\/ranoja.ee\/en\/wp-json\/wp\/v2\/product\/22033","targetHints":{"allow":["GET"]}}],"collection":[{"href":"https:\/\/ranoja.ee\/en\/wp-json\/wp\/v2\/product"}],"about":[{"href":"https:\/\/ranoja.ee\/en\/wp-json\/wp\/v2\/types\/product"}],"wp:featuredmedia":[{"embeddable":true,"href":"https:\/\/ranoja.ee\/en\/wp-json\/wp\/v2\/media\/56245"}],"wp:attachment":[{"href":"https:\/\/ranoja.ee\/en\/wp-json\/wp\/v2\/media?parent=22033"}],"wp:term":[{"taxonomy":"product_cat","embeddable":true,"href":"https:\/\/ranoja.ee\/en\/wp-json\/wp\/v2\/product_cat?post=22033"},{"taxonomy":"product_tag","embeddable":true,"href":"https:\/\/ranoja.ee\/en\/wp-json\/wp\/v2\/product_tag?post=22033"}],"curies":[{"name":"wp","href":"https:\/\/api.w.org\/{rel}","templated":true}]}}