{"id":22014,"date":"2025-11-18T17:01:57","date_gmt":"2025-11-18T14:01:57","guid":{"rendered":"https:\/\/ranoja.ee\/?post_type=product&#038;p=22014"},"modified":"2026-03-05T17:07:45","modified_gmt":"2026-03-05T14:07:45","slug":"bosch-tikksae-terade-komplekt-3-tk","status":"publish","type":"product","link":"https:\/\/ranoja.ee\/en\/toode\/bosch-tikksae-terade-komplekt-3-tk\/","title":{"rendered":"Bosch tikksae terade komplekt 3 tk"},"content":{"rendered":"<p>Bosch tikksae terade komplekt 3 tk<\/p>\n<p>Tikksae terade komplekt 3 tk on praktiline ja mitmek\u00fclgne lisatarvik. See on m\u00f5eldud kasutamiseks tikksaagidega erinevate materjalide l\u00f5ikamiseks. Komplekt sisaldab kolme kvaliteetset saetera, mis on valmistatud vastupidavast terasest ning sobivad nii puidu, laminaadi, plastiku kui ka muude sarnaste materjalide t\u00f6\u00f6tlemiseks. See teeb komplektist hea valiku nii kodukasutajatele kui ka professionaalsetele meistritele.<\/p>\n<p>Boschi tikksae terad on loodud tagama puhta ja t\u00e4pse l\u00f5ike. Terade hammaste kuju ja paigutus on optimeeritud nii, et l\u00f5ikamine oleks v\u00f5imalikult sujuv ning materjal ei hakkaks l\u00f5ikamise ajal murduma v\u00f5i killustuma. T\u00e4nu kvaliteetsele tootmisprotsessile p\u00fcsivad terad teravad pikemat aega ning s\u00e4ilitavad hea l\u00f5ikev\u00f5ime ka intensiivsel kasutamisel.<\/p>\n<p>Komplekt sobib kasutamiseks enamiku t\u00e4nap\u00e4evaste tikksaagidega, millel on T-varrega kinnituss\u00fcsteem, mis on \u00fcks levinumaid standardeid. See v\u00f5imaldab tera kiiresti ja lihtsalt saele kinnitada ning vajadusel ka kiiresti vahetada. T\u00e4nu sellele on t\u00f6\u00f6 sujuv ja katkestused minimaalsed.<\/p>\n<p>Boschi tikksae terade komplekt on kompaktne ja mugav lahendus igap\u00e4evasteks l\u00f5iket\u00f6\u00f6deks. Kolme erineva tera olemasolu annab kasutajale paindlikkuse valida sobiv tera vastavalt materjalile ja t\u00f6\u00f6 iseloomule. See teeb komplektist hea varu nii t\u00f6\u00f6kojas kui ka ehitusplatsil, kus usaldusv\u00e4\u00e4rsed l\u00f5iketarvikud on h\u00e4davajalikud.<\/p>\n<p>Bosch tikksae terade komplekt 3 tk<\/p>\n","protected":false},"excerpt":{"rendered":"<p>Bosch tikksae terade komplekt 3 tk<br \/>\nTootekood: 2608900567<\/p>\n","protected":false},"featured_media":45133,"template":"","meta":{"inline_featured_image":false},"product_cat":[2486],"product_tag":[4263,1310,4264],"class_list":{"0":"post-22014","1":"product","2":"type-product","3":"status-publish","4":"has-post-thumbnail","6":"product_brand-bosch","7":"product_cat-outlet","8":"product_tag-4263","9":"product_tag-bosch","10":"product_tag-bosch-tikksae-terade-komplekt-3-tk","12":"first","13":"instock","14":"purchasable","15":"product-type-simple"},"yoast_head":"<!-- This site is optimized with the Yoast SEO plugin v27.4 - https:\/\/yoast.com\/product\/yoast-seo-wordpress\/ -->\n<title>Bosch tikksae terade komplekt 3 tk<\/title>\n<meta name=\"description\" content=\"Bosch tikksae terade komplekt 3 tk Boschi tikksae terade komplekt on kompaktne ja mugav lahendus igap\u00e4evasteks l\u00f5iket\u00f6\u00f6deks.\" \/>\n<meta name=\"robots\" content=\"index, follow, max-snippet:-1, max-image-preview:large, max-video-preview:-1\" \/>\n<link rel=\"canonical\" href=\"https:\/\/ranoja.ee\/toode\/bosch-tikksae-terade-komplekt-3-tk\/\" \/>\n<meta property=\"og:locale\" content=\"en_US\" \/>\n<meta property=\"og:type\" content=\"article\" \/>\n<meta property=\"og:title\" content=\"Bosch tikksae terade komplekt 3 tk\" \/>\n<meta property=\"og:description\" content=\"Bosch tikksae terade komplekt 3 tk Boschi tikksae terade komplekt on kompaktne ja mugav lahendus igap\u00e4evasteks l\u00f5iket\u00f6\u00f6deks.\" \/>\n<meta property=\"og:url\" content=\"https:\/\/ranoja.ee\/toode\/bosch-tikksae-terade-komplekt-3-tk\/\" \/>\n<meta property=\"og:site_name\" content=\"Ranoja\" \/>\n<meta property=\"article:publisher\" content=\"https:\/\/www.facebook.com\/ranoja.ee\" \/>\n<meta property=\"article:modified_time\" content=\"2026-03-05T14:07:45+00:00\" \/>\n<meta property=\"og:image\" content=\"https:\/\/ranoja.ee\/wp-content\/uploads\/2025\/11\/Bosch-33.jpg\" \/>\n\t<meta property=\"og:image:width\" content=\"483\" \/>\n\t<meta property=\"og:image:height\" content=\"500\" \/>\n\t<meta property=\"og:image:type\" content=\"image\/jpeg\" \/>\n<meta name=\"twitter:card\" content=\"summary_large_image\" \/>\n<meta name=\"twitter:label1\" content=\"Est. reading time\" \/>\n\t<meta name=\"twitter:data1\" content=\"1 minute\" \/>\n<script type=\"application\/ld+json\" class=\"yoast-schema-graph\">{\"@context\":\"https:\\\/\\\/schema.org\",\"@graph\":[{\"@type\":\"WebPage\",\"@id\":\"https:\\\/\\\/ranoja.ee\\\/toode\\\/bosch-tikksae-terade-komplekt-3-tk\\\/\",\"url\":\"https:\\\/\\\/ranoja.ee\\\/toode\\\/bosch-tikksae-terade-komplekt-3-tk\\\/\",\"name\":\"Bosch tikksae terade komplekt 3 tk\",\"isPartOf\":{\"@id\":\"https:\\\/\\\/ranoja.ee\\\/#website\"},\"primaryImageOfPage\":{\"@id\":\"https:\\\/\\\/ranoja.ee\\\/toode\\\/bosch-tikksae-terade-komplekt-3-tk\\\/#primaryimage\"},\"image\":{\"@id\":\"https:\\\/\\\/ranoja.ee\\\/toode\\\/bosch-tikksae-terade-komplekt-3-tk\\\/#primaryimage\"},\"thumbnailUrl\":\"https:\\\/\\\/ranoja.ee\\\/wp-content\\\/uploads\\\/2025\\\/11\\\/Bosch-33.jpg\",\"datePublished\":\"2025-11-18T14:01:57+00:00\",\"dateModified\":\"2026-03-05T14:07:45+00:00\",\"description\":\"Bosch tikksae terade komplekt 3 tk Boschi tikksae terade komplekt on kompaktne ja mugav lahendus igap\u00e4evasteks l\u00f5iket\u00f6\u00f6deks.\",\"breadcrumb\":{\"@id\":\"https:\\\/\\\/ranoja.ee\\\/toode\\\/bosch-tikksae-terade-komplekt-3-tk\\\/#breadcrumb\"},\"inLanguage\":\"en-US\",\"potentialAction\":[{\"@type\":\"ReadAction\",\"target\":[\"https:\\\/\\\/ranoja.ee\\\/toode\\\/bosch-tikksae-terade-komplekt-3-tk\\\/\"]}]},{\"@type\":\"ImageObject\",\"inLanguage\":\"en-US\",\"@id\":\"https:\\\/\\\/ranoja.ee\\\/toode\\\/bosch-tikksae-terade-komplekt-3-tk\\\/#primaryimage\",\"url\":\"https:\\\/\\\/ranoja.ee\\\/wp-content\\\/uploads\\\/2025\\\/11\\\/Bosch-33.jpg\",\"contentUrl\":\"https:\\\/\\\/ranoja.ee\\\/wp-content\\\/uploads\\\/2025\\\/11\\\/Bosch-33.jpg\",\"width\":483,\"height\":500,\"caption\":\"Bosch tikksae terade komplekt 3 tk\"},{\"@type\":\"BreadcrumbList\",\"@id\":\"https:\\\/\\\/ranoja.ee\\\/toode\\\/bosch-tikksae-terade-komplekt-3-tk\\\/#breadcrumb\",\"itemListElement\":[{\"@type\":\"ListItem\",\"position\":1,\"name\":\"Home\",\"item\":\"https:\\\/\\\/ranoja.ee\\\/\"},{\"@type\":\"ListItem\",\"position\":2,\"name\":\"Shop\",\"item\":\"https:\\\/\\\/ranoja.ee\\\/en\\\/shop\\\/\"},{\"@type\":\"ListItem\",\"position\":3,\"name\":\"Bosch tikksae terade komplekt 3 tk\"}]},{\"@type\":\"WebSite\",\"@id\":\"https:\\\/\\\/ranoja.ee\\\/#website\",\"url\":\"https:\\\/\\\/ranoja.ee\\\/\",\"name\":\"Ranoja\",\"description\":\"Equipment Shop WooCommerce WordPress Theme for Machine &amp; Tools\",\"publisher\":{\"@id\":\"https:\\\/\\\/ranoja.ee\\\/#organization\"},\"potentialAction\":[{\"@type\":\"SearchAction\",\"target\":{\"@type\":\"EntryPoint\",\"urlTemplate\":\"https:\\\/\\\/ranoja.ee\\\/?s={search_term_string}\"},\"query-input\":{\"@type\":\"PropertyValueSpecification\",\"valueRequired\":true,\"valueName\":\"search_term_string\"}}],\"inLanguage\":\"en-US\"},{\"@type\":\"Organization\",\"@id\":\"https:\\\/\\\/ranoja.ee\\\/#organization\",\"name\":\"Ranoja O\u00dc\",\"url\":\"https:\\\/\\\/ranoja.ee\\\/\",\"logo\":{\"@type\":\"ImageObject\",\"inLanguage\":\"en-US\",\"@id\":\"https:\\\/\\\/ranoja.ee\\\/#\\\/schema\\\/logo\\\/image\\\/\",\"url\":\"https:\\\/\\\/ranoja.ee\\\/wp-content\\\/uploads\\\/2023\\\/11\\\/ranoja-Logo.png\",\"contentUrl\":\"https:\\\/\\\/ranoja.ee\\\/wp-content\\\/uploads\\\/2023\\\/11\\\/ranoja-Logo.png\",\"width\":207,\"height\":58,\"caption\":\"Ranoja O\u00dc\"},\"image\":{\"@id\":\"https:\\\/\\\/ranoja.ee\\\/#\\\/schema\\\/logo\\\/image\\\/\"},\"sameAs\":[\"https:\\\/\\\/www.facebook.com\\\/ranoja.ee\",\"https:\\\/\\\/www.instagram.com\\\/ranoja__\\\/\"]}]}<\/script>\n<!-- \/ Yoast SEO plugin. -->","yoast_head_json":{"title":"Bosch tikksae terade komplekt 3 tk","description":"Bosch tikksae terade komplekt 3 tk Boschi tikksae terade komplekt on kompaktne ja mugav lahendus igap\u00e4evasteks l\u00f5iket\u00f6\u00f6deks.","robots":{"index":"index","follow":"follow","max-snippet":"max-snippet:-1","max-image-preview":"max-image-preview:large","max-video-preview":"max-video-preview:-1"},"canonical":"https:\/\/ranoja.ee\/toode\/bosch-tikksae-terade-komplekt-3-tk\/","og_locale":"en_US","og_type":"article","og_title":"Bosch tikksae terade komplekt 3 tk","og_description":"Bosch tikksae terade komplekt 3 tk Boschi tikksae terade komplekt on kompaktne ja mugav lahendus igap\u00e4evasteks l\u00f5iket\u00f6\u00f6deks.","og_url":"https:\/\/ranoja.ee\/toode\/bosch-tikksae-terade-komplekt-3-tk\/","og_site_name":"Ranoja","article_publisher":"https:\/\/www.facebook.com\/ranoja.ee","article_modified_time":"2026-03-05T14:07:45+00:00","og_image":[{"width":483,"height":500,"url":"https:\/\/ranoja.ee\/wp-content\/uploads\/2025\/11\/Bosch-33.jpg","type":"image\/jpeg"}],"twitter_card":"summary_large_image","twitter_misc":{"Est. reading time":"1 minute"},"schema":{"@context":"https:\/\/schema.org","@graph":[{"@type":"WebPage","@id":"https:\/\/ranoja.ee\/toode\/bosch-tikksae-terade-komplekt-3-tk\/","url":"https:\/\/ranoja.ee\/toode\/bosch-tikksae-terade-komplekt-3-tk\/","name":"Bosch tikksae terade komplekt 3 tk","isPartOf":{"@id":"https:\/\/ranoja.ee\/#website"},"primaryImageOfPage":{"@id":"https:\/\/ranoja.ee\/toode\/bosch-tikksae-terade-komplekt-3-tk\/#primaryimage"},"image":{"@id":"https:\/\/ranoja.ee\/toode\/bosch-tikksae-terade-komplekt-3-tk\/#primaryimage"},"thumbnailUrl":"https:\/\/ranoja.ee\/wp-content\/uploads\/2025\/11\/Bosch-33.jpg","datePublished":"2025-11-18T14:01:57+00:00","dateModified":"2026-03-05T14:07:45+00:00","description":"Bosch tikksae terade komplekt 3 tk Boschi tikksae terade komplekt on kompaktne ja mugav lahendus igap\u00e4evasteks l\u00f5iket\u00f6\u00f6deks.","breadcrumb":{"@id":"https:\/\/ranoja.ee\/toode\/bosch-tikksae-terade-komplekt-3-tk\/#breadcrumb"},"inLanguage":"en-US","potentialAction":[{"@type":"ReadAction","target":["https:\/\/ranoja.ee\/toode\/bosch-tikksae-terade-komplekt-3-tk\/"]}]},{"@type":"ImageObject","inLanguage":"en-US","@id":"https:\/\/ranoja.ee\/toode\/bosch-tikksae-terade-komplekt-3-tk\/#primaryimage","url":"https:\/\/ranoja.ee\/wp-content\/uploads\/2025\/11\/Bosch-33.jpg","contentUrl":"https:\/\/ranoja.ee\/wp-content\/uploads\/2025\/11\/Bosch-33.jpg","width":483,"height":500,"caption":"Bosch tikksae terade komplekt 3 tk"},{"@type":"BreadcrumbList","@id":"https:\/\/ranoja.ee\/toode\/bosch-tikksae-terade-komplekt-3-tk\/#breadcrumb","itemListElement":[{"@type":"ListItem","position":1,"name":"Home","item":"https:\/\/ranoja.ee\/"},{"@type":"ListItem","position":2,"name":"Shop","item":"https:\/\/ranoja.ee\/en\/shop\/"},{"@type":"ListItem","position":3,"name":"Bosch tikksae terade komplekt 3 tk"}]},{"@type":"WebSite","@id":"https:\/\/ranoja.ee\/#website","url":"https:\/\/ranoja.ee\/","name":"Ranoja","description":"Equipment Shop WooCommerce WordPress Theme for Machine &amp; Tools","publisher":{"@id":"https:\/\/ranoja.ee\/#organization"},"potentialAction":[{"@type":"SearchAction","target":{"@type":"EntryPoint","urlTemplate":"https:\/\/ranoja.ee\/?s={search_term_string}"},"query-input":{"@type":"PropertyValueSpecification","valueRequired":true,"valueName":"search_term_string"}}],"inLanguage":"en-US"},{"@type":"Organization","@id":"https:\/\/ranoja.ee\/#organization","name":"Ranoja O\u00dc","url":"https:\/\/ranoja.ee\/","logo":{"@type":"ImageObject","inLanguage":"en-US","@id":"https:\/\/ranoja.ee\/#\/schema\/logo\/image\/","url":"https:\/\/ranoja.ee\/wp-content\/uploads\/2023\/11\/ranoja-Logo.png","contentUrl":"https:\/\/ranoja.ee\/wp-content\/uploads\/2023\/11\/ranoja-Logo.png","width":207,"height":58,"caption":"Ranoja O\u00dc"},"image":{"@id":"https:\/\/ranoja.ee\/#\/schema\/logo\/image\/"},"sameAs":["https:\/\/www.facebook.com\/ranoja.ee","https:\/\/www.instagram.com\/ranoja__\/"]}]}},"_links":{"self":[{"href":"https:\/\/ranoja.ee\/en\/wp-json\/wp\/v2\/product\/22014","targetHints":{"allow":["GET"]}}],"collection":[{"href":"https:\/\/ranoja.ee\/en\/wp-json\/wp\/v2\/product"}],"about":[{"href":"https:\/\/ranoja.ee\/en\/wp-json\/wp\/v2\/types\/product"}],"wp:featuredmedia":[{"embeddable":true,"href":"https:\/\/ranoja.ee\/en\/wp-json\/wp\/v2\/media\/45133"}],"wp:attachment":[{"href":"https:\/\/ranoja.ee\/en\/wp-json\/wp\/v2\/media?parent=22014"}],"wp:term":[{"taxonomy":"product_cat","embeddable":true,"href":"https:\/\/ranoja.ee\/en\/wp-json\/wp\/v2\/product_cat?post=22014"},{"taxonomy":"product_tag","embeddable":true,"href":"https:\/\/ranoja.ee\/en\/wp-json\/wp\/v2\/product_tag?post=22014"}],"curies":[{"name":"wp","href":"https:\/\/api.w.org\/{rel}","templated":true}]}}