{"id":22004,"date":"2025-11-18T17:01:46","date_gmt":"2025-11-18T14:01:46","guid":{"rendered":"https:\/\/ranoja.ee\/?post_type=product&#038;p=22004"},"modified":"2026-03-06T11:37:57","modified_gmt":"2026-03-06T08:37:57","slug":"bosch-gic120c-akutoitel-kontrollkaamera-1-x-1-5ah-12v","status":"publish","type":"product","link":"https:\/\/ranoja.ee\/en\/toode\/bosch-gic120c-akutoitel-kontrollkaamera-1-x-1-5ah-12v\/","title":{"rendered":"Bosch GIC120C akutoitel kontrollkaamera 1 x 1.5Ah 12V"},"content":{"rendered":"<p>Bosch GIC120C akutoitel kontrollkaamera 1 x 1.5Ah 12V <\/p>\n<p>Akutoitel kontrollkaamera on professionaalne t\u00f6\u00f6riist, mis on m\u00f5eldud raskesti ligip\u00e4\u00e4setavate kohtade kontrollimiseks ja dokumenteerimiseks. See seade on eriti kasulik torustike, ventilatsioonikanalite, mootorite, seinte, lagede ja teiste konstruktsioonide sisemuse kontrollimisel ilma suuremate lahtiv\u00f5tmisteta. T\u00e4nu kompaktsele konstruktsioonile ja painduvale kaamerakaablile v\u00f5imaldab see kiiresti leida probleemid. Nagu ummistused, lekked v\u00f5i kahjustused.<\/p>\n<p>Seade t\u00f6\u00f6tab Bosch 12 V liitium-ioon akus\u00fcsteemiga ning komplektis olev 1.5 Ah aku tagab piisava t\u00f6\u00f6aja igap\u00e4evasteks kontrollt\u00f6\u00f6deks. Kontrollkaamera on varustatud 3.5-tollise v\u00e4rvilise ekraaniga, mille eraldusv\u00f5ime on 320 \u00d7 240 pikslit, pakkudes selget ja detailset pilti kontrollitavast piirkonnast.<\/p>\n<p>GIC 120 C erip\u00e4raks on \u201cUp is Up\u201d funktsioon, mis p\u00f6\u00f6rab ekraanil kuvatava pildi automaatselt \u00f5igesse asendisse, isegi kui kaamera on p\u00f6\u00f6ratud. See muudab t\u00f6\u00f6 palju mugavamaks ja aitab v\u00e4ltida segadust kitsastes v\u00f5i keerulistes kohtades.<\/p>\n<p>Kaamera on varustatud umbes 120 cm pikkuse painduva kaabliga ning 8.5 mm l\u00e4bim\u00f5\u00f5duga kaamerapeaga. See v\u00f5imaldab p\u00e4\u00e4seda kitsastesse avadesse ja torudesse. Sisseehitatud LED-valgustus aitab valgustada tumedaid kohti ning parandab n\u00e4htavust kontrolli ajal.<\/p>\n<p>Seade v\u00f5imaldab salvestada pilte ja videoid MicroSD kaardile ning neid hiljem arvutisse \u00fcle kanda USB kaudu, mis on kasulik dokumenteerimiseks ja probleemide anal\u00fc\u00fcsimiseks.<\/p>\n<p>Bosch GIC120C akutoitel kontrollkaamera 1 x 1.5Ah 12V <\/p>\n","protected":false},"excerpt":{"rendered":"<p>Bosch GIC120C akutoitel kontrollkaamera 1 x 1.5Ah 12V<br \/>\nMudel: 0601241201<br \/>\nEAN\/UPC: 3165140817929<br \/>\nAku mahtuvus: 1.5 Ah<br \/>\nAku pinge: 12 V<br \/>\nAkude arv: 1<br \/>\nAku komplektis: Jah<br \/>\nAku t\u00fc\u00fcp: Liitium-ioon (Li-Ion)<\/p>\n","protected":false},"featured_media":45272,"template":"","meta":{"inline_featured_image":false},"product_cat":[2486],"product_tag":[4289,4288],"class_list":{"0":"post-22004","1":"product","2":"type-product","3":"status-publish","4":"has-post-thumbnail","6":"product_brand-bosch","7":"product_cat-outlet","8":"product_tag-4289","9":"product_tag-bosch-gic120c-akutoitel-kontrollkaamera-1-x-1-5ah-12v","11":"first","12":"instock","13":"purchasable","14":"product-type-simple"},"yoast_head":"<!-- This site is optimized with the Yoast SEO plugin v27.4 - https:\/\/yoast.com\/product\/yoast-seo-wordpress\/ -->\n<title>Bosch GIC120C akutoitel kontrollkaamera 1 x 1.5Ah 12V<\/title>\n<meta name=\"description\" content=\"Bosch GIC120C akutoitel kontrollkaamera 1 x 1.5Ah 12V Seade t\u00f6\u00f6tab Bosch 12 V liitium-ioon akus\u00fcsteemiga ning komplektis olev 1.5 Ah aku.\" \/>\n<meta name=\"robots\" content=\"index, follow, max-snippet:-1, max-image-preview:large, max-video-preview:-1\" \/>\n<link rel=\"canonical\" href=\"https:\/\/ranoja.ee\/toode\/bosch-gic120c-akutoitel-kontrollkaamera-1-x-1-5ah-12v\/\" \/>\n<meta property=\"og:locale\" content=\"en_US\" \/>\n<meta property=\"og:type\" content=\"article\" \/>\n<meta property=\"og:title\" content=\"Bosch GIC120C akutoitel kontrollkaamera 1 x 1.5Ah 12V\" \/>\n<meta property=\"og:description\" content=\"Bosch GIC120C akutoitel kontrollkaamera 1 x 1.5Ah 12V Seade t\u00f6\u00f6tab Bosch 12 V liitium-ioon akus\u00fcsteemiga ning komplektis olev 1.5 Ah aku.\" \/>\n<meta property=\"og:url\" content=\"https:\/\/ranoja.ee\/toode\/bosch-gic120c-akutoitel-kontrollkaamera-1-x-1-5ah-12v\/\" \/>\n<meta property=\"og:site_name\" content=\"Ranoja\" \/>\n<meta property=\"article:publisher\" content=\"https:\/\/www.facebook.com\/ranoja.ee\" \/>\n<meta property=\"article:modified_time\" content=\"2026-03-06T08:37:57+00:00\" \/>\n<meta property=\"og:image\" content=\"https:\/\/ranoja.ee\/wp-content\/uploads\/2025\/11\/Bosch-GIC120C-akutoitel-kontrollkaamera-1-x-1.5Ah-12V.jpg\" \/>\n\t<meta property=\"og:image:width\" content=\"500\" \/>\n\t<meta property=\"og:image:height\" content=\"500\" \/>\n\t<meta property=\"og:image:type\" content=\"image\/jpeg\" \/>\n<meta name=\"twitter:card\" content=\"summary_large_image\" \/>\n<meta name=\"twitter:label1\" content=\"Est. reading time\" \/>\n\t<meta name=\"twitter:data1\" content=\"1 minute\" \/>\n<script type=\"application\/ld+json\" class=\"yoast-schema-graph\">{\"@context\":\"https:\\\/\\\/schema.org\",\"@graph\":[{\"@type\":\"WebPage\",\"@id\":\"https:\\\/\\\/ranoja.ee\\\/toode\\\/bosch-gic120c-akutoitel-kontrollkaamera-1-x-1-5ah-12v\\\/\",\"url\":\"https:\\\/\\\/ranoja.ee\\\/toode\\\/bosch-gic120c-akutoitel-kontrollkaamera-1-x-1-5ah-12v\\\/\",\"name\":\"Bosch GIC120C akutoitel kontrollkaamera 1 x 1.5Ah 12V\",\"isPartOf\":{\"@id\":\"https:\\\/\\\/ranoja.ee\\\/#website\"},\"primaryImageOfPage\":{\"@id\":\"https:\\\/\\\/ranoja.ee\\\/toode\\\/bosch-gic120c-akutoitel-kontrollkaamera-1-x-1-5ah-12v\\\/#primaryimage\"},\"image\":{\"@id\":\"https:\\\/\\\/ranoja.ee\\\/toode\\\/bosch-gic120c-akutoitel-kontrollkaamera-1-x-1-5ah-12v\\\/#primaryimage\"},\"thumbnailUrl\":\"https:\\\/\\\/ranoja.ee\\\/wp-content\\\/uploads\\\/2025\\\/11\\\/Bosch-GIC120C-akutoitel-kontrollkaamera-1-x-1.5Ah-12V.jpg\",\"datePublished\":\"2025-11-18T14:01:46+00:00\",\"dateModified\":\"2026-03-06T08:37:57+00:00\",\"description\":\"Bosch GIC120C akutoitel kontrollkaamera 1 x 1.5Ah 12V Seade t\u00f6\u00f6tab Bosch 12 V liitium-ioon akus\u00fcsteemiga ning komplektis olev 1.5 Ah aku.\",\"breadcrumb\":{\"@id\":\"https:\\\/\\\/ranoja.ee\\\/toode\\\/bosch-gic120c-akutoitel-kontrollkaamera-1-x-1-5ah-12v\\\/#breadcrumb\"},\"inLanguage\":\"en-US\",\"potentialAction\":[{\"@type\":\"ReadAction\",\"target\":[\"https:\\\/\\\/ranoja.ee\\\/toode\\\/bosch-gic120c-akutoitel-kontrollkaamera-1-x-1-5ah-12v\\\/\"]}]},{\"@type\":\"ImageObject\",\"inLanguage\":\"en-US\",\"@id\":\"https:\\\/\\\/ranoja.ee\\\/toode\\\/bosch-gic120c-akutoitel-kontrollkaamera-1-x-1-5ah-12v\\\/#primaryimage\",\"url\":\"https:\\\/\\\/ranoja.ee\\\/wp-content\\\/uploads\\\/2025\\\/11\\\/Bosch-GIC120C-akutoitel-kontrollkaamera-1-x-1.5Ah-12V.jpg\",\"contentUrl\":\"https:\\\/\\\/ranoja.ee\\\/wp-content\\\/uploads\\\/2025\\\/11\\\/Bosch-GIC120C-akutoitel-kontrollkaamera-1-x-1.5Ah-12V.jpg\",\"width\":500,\"height\":500,\"caption\":\"Bosch GIC120C akutoitel kontrollkaamera 1 x 1.5Ah 12V\"},{\"@type\":\"BreadcrumbList\",\"@id\":\"https:\\\/\\\/ranoja.ee\\\/toode\\\/bosch-gic120c-akutoitel-kontrollkaamera-1-x-1-5ah-12v\\\/#breadcrumb\",\"itemListElement\":[{\"@type\":\"ListItem\",\"position\":1,\"name\":\"Home\",\"item\":\"https:\\\/\\\/ranoja.ee\\\/\"},{\"@type\":\"ListItem\",\"position\":2,\"name\":\"Shop\",\"item\":\"https:\\\/\\\/ranoja.ee\\\/en\\\/shop\\\/\"},{\"@type\":\"ListItem\",\"position\":3,\"name\":\"Bosch GIC120C akutoitel kontrollkaamera 1 x 1.5Ah 12V\"}]},{\"@type\":\"WebSite\",\"@id\":\"https:\\\/\\\/ranoja.ee\\\/#website\",\"url\":\"https:\\\/\\\/ranoja.ee\\\/\",\"name\":\"Ranoja\",\"description\":\"Equipment Shop WooCommerce WordPress Theme for Machine &amp; Tools\",\"publisher\":{\"@id\":\"https:\\\/\\\/ranoja.ee\\\/#organization\"},\"potentialAction\":[{\"@type\":\"SearchAction\",\"target\":{\"@type\":\"EntryPoint\",\"urlTemplate\":\"https:\\\/\\\/ranoja.ee\\\/?s={search_term_string}\"},\"query-input\":{\"@type\":\"PropertyValueSpecification\",\"valueRequired\":true,\"valueName\":\"search_term_string\"}}],\"inLanguage\":\"en-US\"},{\"@type\":\"Organization\",\"@id\":\"https:\\\/\\\/ranoja.ee\\\/#organization\",\"name\":\"Ranoja O\u00dc\",\"url\":\"https:\\\/\\\/ranoja.ee\\\/\",\"logo\":{\"@type\":\"ImageObject\",\"inLanguage\":\"en-US\",\"@id\":\"https:\\\/\\\/ranoja.ee\\\/#\\\/schema\\\/logo\\\/image\\\/\",\"url\":\"https:\\\/\\\/ranoja.ee\\\/wp-content\\\/uploads\\\/2023\\\/11\\\/ranoja-Logo.png\",\"contentUrl\":\"https:\\\/\\\/ranoja.ee\\\/wp-content\\\/uploads\\\/2023\\\/11\\\/ranoja-Logo.png\",\"width\":207,\"height\":58,\"caption\":\"Ranoja O\u00dc\"},\"image\":{\"@id\":\"https:\\\/\\\/ranoja.ee\\\/#\\\/schema\\\/logo\\\/image\\\/\"},\"sameAs\":[\"https:\\\/\\\/www.facebook.com\\\/ranoja.ee\",\"https:\\\/\\\/www.instagram.com\\\/ranoja__\\\/\"]}]}<\/script>\n<!-- \/ Yoast SEO plugin. -->","yoast_head_json":{"title":"Bosch GIC120C akutoitel kontrollkaamera 1 x 1.5Ah 12V","description":"Bosch GIC120C akutoitel kontrollkaamera 1 x 1.5Ah 12V Seade t\u00f6\u00f6tab Bosch 12 V liitium-ioon akus\u00fcsteemiga ning komplektis olev 1.5 Ah aku.","robots":{"index":"index","follow":"follow","max-snippet":"max-snippet:-1","max-image-preview":"max-image-preview:large","max-video-preview":"max-video-preview:-1"},"canonical":"https:\/\/ranoja.ee\/toode\/bosch-gic120c-akutoitel-kontrollkaamera-1-x-1-5ah-12v\/","og_locale":"en_US","og_type":"article","og_title":"Bosch GIC120C akutoitel kontrollkaamera 1 x 1.5Ah 12V","og_description":"Bosch GIC120C akutoitel kontrollkaamera 1 x 1.5Ah 12V Seade t\u00f6\u00f6tab Bosch 12 V liitium-ioon akus\u00fcsteemiga ning komplektis olev 1.5 Ah aku.","og_url":"https:\/\/ranoja.ee\/toode\/bosch-gic120c-akutoitel-kontrollkaamera-1-x-1-5ah-12v\/","og_site_name":"Ranoja","article_publisher":"https:\/\/www.facebook.com\/ranoja.ee","article_modified_time":"2026-03-06T08:37:57+00:00","og_image":[{"width":500,"height":500,"url":"https:\/\/ranoja.ee\/wp-content\/uploads\/2025\/11\/Bosch-GIC120C-akutoitel-kontrollkaamera-1-x-1.5Ah-12V.jpg","type":"image\/jpeg"}],"twitter_card":"summary_large_image","twitter_misc":{"Est. reading time":"1 minute"},"schema":{"@context":"https:\/\/schema.org","@graph":[{"@type":"WebPage","@id":"https:\/\/ranoja.ee\/toode\/bosch-gic120c-akutoitel-kontrollkaamera-1-x-1-5ah-12v\/","url":"https:\/\/ranoja.ee\/toode\/bosch-gic120c-akutoitel-kontrollkaamera-1-x-1-5ah-12v\/","name":"Bosch GIC120C akutoitel kontrollkaamera 1 x 1.5Ah 12V","isPartOf":{"@id":"https:\/\/ranoja.ee\/#website"},"primaryImageOfPage":{"@id":"https:\/\/ranoja.ee\/toode\/bosch-gic120c-akutoitel-kontrollkaamera-1-x-1-5ah-12v\/#primaryimage"},"image":{"@id":"https:\/\/ranoja.ee\/toode\/bosch-gic120c-akutoitel-kontrollkaamera-1-x-1-5ah-12v\/#primaryimage"},"thumbnailUrl":"https:\/\/ranoja.ee\/wp-content\/uploads\/2025\/11\/Bosch-GIC120C-akutoitel-kontrollkaamera-1-x-1.5Ah-12V.jpg","datePublished":"2025-11-18T14:01:46+00:00","dateModified":"2026-03-06T08:37:57+00:00","description":"Bosch GIC120C akutoitel kontrollkaamera 1 x 1.5Ah 12V Seade t\u00f6\u00f6tab Bosch 12 V liitium-ioon akus\u00fcsteemiga ning komplektis olev 1.5 Ah aku.","breadcrumb":{"@id":"https:\/\/ranoja.ee\/toode\/bosch-gic120c-akutoitel-kontrollkaamera-1-x-1-5ah-12v\/#breadcrumb"},"inLanguage":"en-US","potentialAction":[{"@type":"ReadAction","target":["https:\/\/ranoja.ee\/toode\/bosch-gic120c-akutoitel-kontrollkaamera-1-x-1-5ah-12v\/"]}]},{"@type":"ImageObject","inLanguage":"en-US","@id":"https:\/\/ranoja.ee\/toode\/bosch-gic120c-akutoitel-kontrollkaamera-1-x-1-5ah-12v\/#primaryimage","url":"https:\/\/ranoja.ee\/wp-content\/uploads\/2025\/11\/Bosch-GIC120C-akutoitel-kontrollkaamera-1-x-1.5Ah-12V.jpg","contentUrl":"https:\/\/ranoja.ee\/wp-content\/uploads\/2025\/11\/Bosch-GIC120C-akutoitel-kontrollkaamera-1-x-1.5Ah-12V.jpg","width":500,"height":500,"caption":"Bosch GIC120C akutoitel kontrollkaamera 1 x 1.5Ah 12V"},{"@type":"BreadcrumbList","@id":"https:\/\/ranoja.ee\/toode\/bosch-gic120c-akutoitel-kontrollkaamera-1-x-1-5ah-12v\/#breadcrumb","itemListElement":[{"@type":"ListItem","position":1,"name":"Home","item":"https:\/\/ranoja.ee\/"},{"@type":"ListItem","position":2,"name":"Shop","item":"https:\/\/ranoja.ee\/en\/shop\/"},{"@type":"ListItem","position":3,"name":"Bosch GIC120C akutoitel kontrollkaamera 1 x 1.5Ah 12V"}]},{"@type":"WebSite","@id":"https:\/\/ranoja.ee\/#website","url":"https:\/\/ranoja.ee\/","name":"Ranoja","description":"Equipment Shop WooCommerce WordPress Theme for Machine &amp; Tools","publisher":{"@id":"https:\/\/ranoja.ee\/#organization"},"potentialAction":[{"@type":"SearchAction","target":{"@type":"EntryPoint","urlTemplate":"https:\/\/ranoja.ee\/?s={search_term_string}"},"query-input":{"@type":"PropertyValueSpecification","valueRequired":true,"valueName":"search_term_string"}}],"inLanguage":"en-US"},{"@type":"Organization","@id":"https:\/\/ranoja.ee\/#organization","name":"Ranoja O\u00dc","url":"https:\/\/ranoja.ee\/","logo":{"@type":"ImageObject","inLanguage":"en-US","@id":"https:\/\/ranoja.ee\/#\/schema\/logo\/image\/","url":"https:\/\/ranoja.ee\/wp-content\/uploads\/2023\/11\/ranoja-Logo.png","contentUrl":"https:\/\/ranoja.ee\/wp-content\/uploads\/2023\/11\/ranoja-Logo.png","width":207,"height":58,"caption":"Ranoja O\u00dc"},"image":{"@id":"https:\/\/ranoja.ee\/#\/schema\/logo\/image\/"},"sameAs":["https:\/\/www.facebook.com\/ranoja.ee","https:\/\/www.instagram.com\/ranoja__\/"]}]}},"_links":{"self":[{"href":"https:\/\/ranoja.ee\/en\/wp-json\/wp\/v2\/product\/22004","targetHints":{"allow":["GET"]}}],"collection":[{"href":"https:\/\/ranoja.ee\/en\/wp-json\/wp\/v2\/product"}],"about":[{"href":"https:\/\/ranoja.ee\/en\/wp-json\/wp\/v2\/types\/product"}],"wp:featuredmedia":[{"embeddable":true,"href":"https:\/\/ranoja.ee\/en\/wp-json\/wp\/v2\/media\/45272"}],"wp:attachment":[{"href":"https:\/\/ranoja.ee\/en\/wp-json\/wp\/v2\/media?parent=22004"}],"wp:term":[{"taxonomy":"product_cat","embeddable":true,"href":"https:\/\/ranoja.ee\/en\/wp-json\/wp\/v2\/product_cat?post=22004"},{"taxonomy":"product_tag","embeddable":true,"href":"https:\/\/ranoja.ee\/en\/wp-json\/wp\/v2\/product_tag?post=22004"}],"curies":[{"name":"wp","href":"https:\/\/api.w.org\/{rel}","templated":true}]}}