{"id":21980,"date":"2025-10-02T17:13:08","date_gmt":"2025-10-02T14:13:08","guid":{"rendered":"https:\/\/ranoja.ee\/?post_type=product&#038;p=21980"},"modified":"2026-04-08T10:00:07","modified_gmt":"2026-04-08T07:00:07","slug":"konner-sohnen-vosaloikur-ks-bc16g-4t","status":"publish","type":"product","link":"https:\/\/ranoja.ee\/en\/toode\/konner-sohnen-vosaloikur-ks-bc16g-4t\/","title":{"rendered":"K\u00f6nner &#038; S\u00f6hnen v\u00f5sal\u00f5ikur KS BC16G-4T"},"content":{"rendered":"<p>K\u00f6nner &#038; S\u00f6hnen v\u00f5sal\u00f5ikur KS BC16G-4T<\/p>\n<p>V\u00f5imas ja multifunktsionaalne bensiini v\u00f5sal\u00f5ikur, sobides h\u00e4sti aeda, parki v\u00f5i suvemaja \u00fcmbrusse korrastamiseks.  Kohtadesse, kus elektri- v\u00f5i akutoitel seade ei ulatu v\u00f5i kus n\u00f5utakse tugevamat l\u00f5ikev\u00f5imsust. See seade t\u00f6\u00f6tab 4-taktilise bensiinimootoriga, mille silindrim\u00f5\u00f5t on 38.9 cm\u00b3 ja v\u00f5imsus umbes 1.63 hj \/ 1.2 kW. Mootor t\u00f6\u00f6tab maksimaalselt kuni 7000 p\u00f6\u00f6rdet minutis.<\/p>\n<p>Rohimismasinal on kaks l\u00f5ikepead: \u00fcks n\u00f6\u00f6ril spool (Tap-&#038;-Go t\u00fc\u00fcpi) ja teine l\u00f5ikurketas. N\u00f6\u00f6riga spool-ots v\u00f5imaldab l\u00f5igata kuni 420 mm laiuses ala, samas ketas-teraga saab t\u00f6\u00f6delda ka paksemaid rohu\u00fcletusi ja v\u00f5saseid alasid \u2013 ketastera t\u00f6\u00f6laius on 255 mm<br \/>\nNiidun\u00f6\u00f6ri paksus spooli peal on umbes 3.3 mm, mis sobib tugevamate rohuliblede ja rohukamaratega toimetulekuks <\/p>\n<p>Seade on ehitatud mugavust silmas pidades: kaheosaline vars koos alumiiniumist \u00fchendusega v\u00f5imaldab jagatud pikkuse ja kerge transpordi\/hoiustamise mugavuse.<\/p>\n<p>Seade sisaldab seljakoti rihma (backpack strap), millega saab raskust paremini jagada \u00f5lgadel, mis samuti lisab kasutusmugavust.<br \/>\nM\u00fcratase ei ole k\u00f5ige madalam \u2013 umbes 107 dB (Lpa 7m \/ Lwa), mis t\u00e4hendab, et t\u00f6\u00f6 tegemisel on soovitatav kasutada kuulmiskaitsevahendeid ning muud isikukaitseriidestikku.<\/p>\n<p>T\u00f6\u00f6 kasutusalad: KS BC16G-4T sobib tugevate umbrohtude, rohukamarate, v\u00f5saste ning aia \u00e4\u00e4rte ja piiride korrashoiuks. Ketas-ots on eriti kasulik paksemate rohu t\u00fc\u00fcpide ja v\u00e4iksemate v\u00f5sastega. Spooli n\u00f6\u00f6riosa v\u00f5imaldab t\u00f6\u00f6d teha t\u00e4psemas re\u017eimis \u2014 servade, lillepeenarde, silla\u00e4\u00e4rte jm kallakute juures.<\/p>\n<p>K\u00f6nner &#038; S\u00f6hnen v\u00f5sal\u00f5ikur KS BC16G-4T<\/p>\n","protected":false},"excerpt":{"rendered":"<p>K\u00f6nner &#038; S\u00f6hnen v\u00f5sal\u00f5ikur KS BC16G-4T<br \/>\n<strong>Komplektis: T\u00e4iustatud seljakotirihm, trimmeri tera, Tap&#038;Go trimmeripea, n\u00e4okaitse, k\u00f5rvaklapid, t\u00f6\u00f6riistakott, k\u00fctusesegu pudel<\/strong><strong><br \/>\nMootori t\u00fc\u00fcp: Bensiin mootor 4-taktiline<br \/>\nMootori t\u00f6\u00f6maht: 38.9 cm\u00b3<br \/>\nMootori v\u00f5imsus: 1.63hj\/1.2Kw<br \/>\nMootori mudel: KS 40<br \/>\nMaksimaalne kiirus: 7000 p\/min<br \/>\nL\u00f5ikelaius tamiiliga: 420 mm<br \/>\nL\u00f5ikelaius l\u00f5ikekettaga: 255 mm<br \/>\nL\u00f5ikepaksus tamiiliga: 3.3 mm<br \/>\nTera: 3 &#8211; Hambuline<br \/>\nToru l\u00e4bim\u00f5\u00f5t: 28 mm<br \/>\nKaal: 7.5 kg<br \/>\n<strong>Eeldatav tarneaeg 1-7 t\u00f6\u00f6p\u00e4eva<\/strong><\/p>\n","protected":false},"featured_media":21993,"template":"","meta":{"inline_featured_image":false},"product_cat":[1079,896],"product_tag":[907,1813,2270,897],"class_list":{"0":"post-21980","1":"product","2":"type-product","3":"status-publish","4":"has-post-thumbnail","6":"product_brand-konner-sohnen","7":"product_cat-aiatehnika-ja-niidutehnika","8":"product_cat-trimmerid-vosaloikurid","9":"product_tag-bensiinimootoriga-vosaloikur","10":"product_tag-konner-sohnen","11":"product_tag-ks-bc16g-4t","12":"product_tag-vosaloikur","14":"first","15":"outofstock","16":"taxable","17":"shipping-taxable","18":"purchasable","19":"product-type-simple"},"yoast_head":"<!-- This site is optimized with the Yoast SEO plugin v27.4 - https:\/\/yoast.com\/product\/yoast-seo-wordpress\/ -->\n<title>K\u00f6nner &amp; S\u00f6hnen v\u00f5sal\u00f5ikur KS BC16G-4T<\/title>\n<meta name=\"description\" content=\"K\u00f6nner &amp; S\u00f6hnen v\u00f5sal\u00f5ikur KS BC16G-4T V\u00f5imas ja multifunktsionaalne bensiini v\u00f5sal\u00f5ikur, sobides h\u00e4sti aeda, parki v\u00f5i suvemaja \u00fcmbrusse korrastamiseks.\" \/>\n<meta name=\"robots\" content=\"index, follow, max-snippet:-1, max-image-preview:large, max-video-preview:-1\" \/>\n<link rel=\"canonical\" href=\"https:\/\/ranoja.ee\/toode\/konner-sohnen-vosaloikur-ks-bc16g-4t\/\" \/>\n<meta property=\"og:locale\" content=\"en_US\" \/>\n<meta property=\"og:type\" content=\"article\" \/>\n<meta property=\"og:title\" content=\"K\u00f6nner &amp; S\u00f6hnen v\u00f5sal\u00f5ikur KS BC16G-4T\" \/>\n<meta property=\"og:description\" content=\"K\u00f6nner &amp; S\u00f6hnen v\u00f5sal\u00f5ikur KS BC16G-4T V\u00f5imas ja multifunktsionaalne bensiini v\u00f5sal\u00f5ikur, sobides h\u00e4sti aeda, parki v\u00f5i suvemaja \u00fcmbrusse korrastamiseks.\" \/>\n<meta property=\"og:url\" content=\"https:\/\/ranoja.ee\/toode\/konner-sohnen-vosaloikur-ks-bc16g-4t\/\" \/>\n<meta property=\"og:site_name\" content=\"Ranoja\" \/>\n<meta property=\"article:publisher\" content=\"https:\/\/www.facebook.com\/ranoja.ee\" \/>\n<meta property=\"article:modified_time\" content=\"2026-04-08T07:00:07+00:00\" \/>\n<meta property=\"og:image\" content=\"https:\/\/ranoja.ee\/wp-content\/uploads\/2025\/10\/Konner-Sohnen-vosaloikur-KS-BC16G-4T.webp\" \/>\n\t<meta property=\"og:image:width\" content=\"1600\" \/>\n\t<meta property=\"og:image:height\" content=\"1600\" \/>\n\t<meta property=\"og:image:type\" content=\"image\/webp\" \/>\n<meta name=\"twitter:card\" content=\"summary_large_image\" \/>\n<meta name=\"twitter:label1\" content=\"Est. reading time\" \/>\n\t<meta name=\"twitter:data1\" content=\"1 minute\" \/>\n<script type=\"application\/ld+json\" class=\"yoast-schema-graph\">{\"@context\":\"https:\\\/\\\/schema.org\",\"@graph\":[{\"@type\":\"WebPage\",\"@id\":\"https:\\\/\\\/ranoja.ee\\\/toode\\\/konner-sohnen-vosaloikur-ks-bc16g-4t\\\/\",\"url\":\"https:\\\/\\\/ranoja.ee\\\/toode\\\/konner-sohnen-vosaloikur-ks-bc16g-4t\\\/\",\"name\":\"K\u00f6nner & S\u00f6hnen v\u00f5sal\u00f5ikur KS BC16G-4T\",\"isPartOf\":{\"@id\":\"https:\\\/\\\/ranoja.ee\\\/#website\"},\"primaryImageOfPage\":{\"@id\":\"https:\\\/\\\/ranoja.ee\\\/toode\\\/konner-sohnen-vosaloikur-ks-bc16g-4t\\\/#primaryimage\"},\"image\":{\"@id\":\"https:\\\/\\\/ranoja.ee\\\/toode\\\/konner-sohnen-vosaloikur-ks-bc16g-4t\\\/#primaryimage\"},\"thumbnailUrl\":\"https:\\\/\\\/ranoja.ee\\\/wp-content\\\/uploads\\\/2025\\\/10\\\/Konner-Sohnen-vosaloikur-KS-BC16G-4T.webp\",\"datePublished\":\"2025-10-02T14:13:08+00:00\",\"dateModified\":\"2026-04-08T07:00:07+00:00\",\"description\":\"K\u00f6nner & S\u00f6hnen v\u00f5sal\u00f5ikur KS BC16G-4T V\u00f5imas ja multifunktsionaalne bensiini v\u00f5sal\u00f5ikur, sobides h\u00e4sti aeda, parki v\u00f5i suvemaja \u00fcmbrusse korrastamiseks.\",\"breadcrumb\":{\"@id\":\"https:\\\/\\\/ranoja.ee\\\/toode\\\/konner-sohnen-vosaloikur-ks-bc16g-4t\\\/#breadcrumb\"},\"inLanguage\":\"en-US\",\"potentialAction\":[{\"@type\":\"ReadAction\",\"target\":[\"https:\\\/\\\/ranoja.ee\\\/toode\\\/konner-sohnen-vosaloikur-ks-bc16g-4t\\\/\"]}]},{\"@type\":\"ImageObject\",\"inLanguage\":\"en-US\",\"@id\":\"https:\\\/\\\/ranoja.ee\\\/toode\\\/konner-sohnen-vosaloikur-ks-bc16g-4t\\\/#primaryimage\",\"url\":\"https:\\\/\\\/ranoja.ee\\\/wp-content\\\/uploads\\\/2025\\\/10\\\/Konner-Sohnen-vosaloikur-KS-BC16G-4T.webp\",\"contentUrl\":\"https:\\\/\\\/ranoja.ee\\\/wp-content\\\/uploads\\\/2025\\\/10\\\/Konner-Sohnen-vosaloikur-KS-BC16G-4T.webp\",\"width\":1600,\"height\":1600,\"caption\":\"K\u00f6nner & S\u00f6hnen v\u00f5sal\u00f5ikur KS BC16G-4T\"},{\"@type\":\"BreadcrumbList\",\"@id\":\"https:\\\/\\\/ranoja.ee\\\/toode\\\/konner-sohnen-vosaloikur-ks-bc16g-4t\\\/#breadcrumb\",\"itemListElement\":[{\"@type\":\"ListItem\",\"position\":1,\"name\":\"Home\",\"item\":\"https:\\\/\\\/ranoja.ee\\\/\"},{\"@type\":\"ListItem\",\"position\":2,\"name\":\"Shop\",\"item\":\"https:\\\/\\\/ranoja.ee\\\/en\\\/shop\\\/\"},{\"@type\":\"ListItem\",\"position\":3,\"name\":\"K\u00f6nner &#038; S\u00f6hnen v\u00f5sal\u00f5ikur KS BC16G-4T\"}]},{\"@type\":\"WebSite\",\"@id\":\"https:\\\/\\\/ranoja.ee\\\/#website\",\"url\":\"https:\\\/\\\/ranoja.ee\\\/\",\"name\":\"Ranoja\",\"description\":\"Equipment Shop WooCommerce WordPress Theme for Machine &amp; Tools\",\"publisher\":{\"@id\":\"https:\\\/\\\/ranoja.ee\\\/#organization\"},\"potentialAction\":[{\"@type\":\"SearchAction\",\"target\":{\"@type\":\"EntryPoint\",\"urlTemplate\":\"https:\\\/\\\/ranoja.ee\\\/?s={search_term_string}\"},\"query-input\":{\"@type\":\"PropertyValueSpecification\",\"valueRequired\":true,\"valueName\":\"search_term_string\"}}],\"inLanguage\":\"en-US\"},{\"@type\":\"Organization\",\"@id\":\"https:\\\/\\\/ranoja.ee\\\/#organization\",\"name\":\"Ranoja O\u00dc\",\"url\":\"https:\\\/\\\/ranoja.ee\\\/\",\"logo\":{\"@type\":\"ImageObject\",\"inLanguage\":\"en-US\",\"@id\":\"https:\\\/\\\/ranoja.ee\\\/#\\\/schema\\\/logo\\\/image\\\/\",\"url\":\"https:\\\/\\\/ranoja.ee\\\/wp-content\\\/uploads\\\/2023\\\/11\\\/ranoja-Logo.png\",\"contentUrl\":\"https:\\\/\\\/ranoja.ee\\\/wp-content\\\/uploads\\\/2023\\\/11\\\/ranoja-Logo.png\",\"width\":207,\"height\":58,\"caption\":\"Ranoja O\u00dc\"},\"image\":{\"@id\":\"https:\\\/\\\/ranoja.ee\\\/#\\\/schema\\\/logo\\\/image\\\/\"},\"sameAs\":[\"https:\\\/\\\/www.facebook.com\\\/ranoja.ee\",\"https:\\\/\\\/www.instagram.com\\\/ranoja__\\\/\"]}]}<\/script>\n<!-- \/ Yoast SEO plugin. -->","yoast_head_json":{"title":"K\u00f6nner & S\u00f6hnen v\u00f5sal\u00f5ikur KS BC16G-4T","description":"K\u00f6nner & S\u00f6hnen v\u00f5sal\u00f5ikur KS BC16G-4T V\u00f5imas ja multifunktsionaalne bensiini v\u00f5sal\u00f5ikur, sobides h\u00e4sti aeda, parki v\u00f5i suvemaja \u00fcmbrusse korrastamiseks.","robots":{"index":"index","follow":"follow","max-snippet":"max-snippet:-1","max-image-preview":"max-image-preview:large","max-video-preview":"max-video-preview:-1"},"canonical":"https:\/\/ranoja.ee\/toode\/konner-sohnen-vosaloikur-ks-bc16g-4t\/","og_locale":"en_US","og_type":"article","og_title":"K\u00f6nner & S\u00f6hnen v\u00f5sal\u00f5ikur KS BC16G-4T","og_description":"K\u00f6nner & S\u00f6hnen v\u00f5sal\u00f5ikur KS BC16G-4T V\u00f5imas ja multifunktsionaalne bensiini v\u00f5sal\u00f5ikur, sobides h\u00e4sti aeda, parki v\u00f5i suvemaja \u00fcmbrusse korrastamiseks.","og_url":"https:\/\/ranoja.ee\/toode\/konner-sohnen-vosaloikur-ks-bc16g-4t\/","og_site_name":"Ranoja","article_publisher":"https:\/\/www.facebook.com\/ranoja.ee","article_modified_time":"2026-04-08T07:00:07+00:00","og_image":[{"width":1600,"height":1600,"url":"https:\/\/ranoja.ee\/wp-content\/uploads\/2025\/10\/Konner-Sohnen-vosaloikur-KS-BC16G-4T.webp","type":"image\/webp"}],"twitter_card":"summary_large_image","twitter_misc":{"Est. reading time":"1 minute"},"schema":{"@context":"https:\/\/schema.org","@graph":[{"@type":"WebPage","@id":"https:\/\/ranoja.ee\/toode\/konner-sohnen-vosaloikur-ks-bc16g-4t\/","url":"https:\/\/ranoja.ee\/toode\/konner-sohnen-vosaloikur-ks-bc16g-4t\/","name":"K\u00f6nner & S\u00f6hnen v\u00f5sal\u00f5ikur KS BC16G-4T","isPartOf":{"@id":"https:\/\/ranoja.ee\/#website"},"primaryImageOfPage":{"@id":"https:\/\/ranoja.ee\/toode\/konner-sohnen-vosaloikur-ks-bc16g-4t\/#primaryimage"},"image":{"@id":"https:\/\/ranoja.ee\/toode\/konner-sohnen-vosaloikur-ks-bc16g-4t\/#primaryimage"},"thumbnailUrl":"https:\/\/ranoja.ee\/wp-content\/uploads\/2025\/10\/Konner-Sohnen-vosaloikur-KS-BC16G-4T.webp","datePublished":"2025-10-02T14:13:08+00:00","dateModified":"2026-04-08T07:00:07+00:00","description":"K\u00f6nner & S\u00f6hnen v\u00f5sal\u00f5ikur KS BC16G-4T V\u00f5imas ja multifunktsionaalne bensiini v\u00f5sal\u00f5ikur, sobides h\u00e4sti aeda, parki v\u00f5i suvemaja \u00fcmbrusse korrastamiseks.","breadcrumb":{"@id":"https:\/\/ranoja.ee\/toode\/konner-sohnen-vosaloikur-ks-bc16g-4t\/#breadcrumb"},"inLanguage":"en-US","potentialAction":[{"@type":"ReadAction","target":["https:\/\/ranoja.ee\/toode\/konner-sohnen-vosaloikur-ks-bc16g-4t\/"]}]},{"@type":"ImageObject","inLanguage":"en-US","@id":"https:\/\/ranoja.ee\/toode\/konner-sohnen-vosaloikur-ks-bc16g-4t\/#primaryimage","url":"https:\/\/ranoja.ee\/wp-content\/uploads\/2025\/10\/Konner-Sohnen-vosaloikur-KS-BC16G-4T.webp","contentUrl":"https:\/\/ranoja.ee\/wp-content\/uploads\/2025\/10\/Konner-Sohnen-vosaloikur-KS-BC16G-4T.webp","width":1600,"height":1600,"caption":"K\u00f6nner & S\u00f6hnen v\u00f5sal\u00f5ikur KS BC16G-4T"},{"@type":"BreadcrumbList","@id":"https:\/\/ranoja.ee\/toode\/konner-sohnen-vosaloikur-ks-bc16g-4t\/#breadcrumb","itemListElement":[{"@type":"ListItem","position":1,"name":"Home","item":"https:\/\/ranoja.ee\/"},{"@type":"ListItem","position":2,"name":"Shop","item":"https:\/\/ranoja.ee\/en\/shop\/"},{"@type":"ListItem","position":3,"name":"K\u00f6nner &#038; S\u00f6hnen v\u00f5sal\u00f5ikur KS BC16G-4T"}]},{"@type":"WebSite","@id":"https:\/\/ranoja.ee\/#website","url":"https:\/\/ranoja.ee\/","name":"Ranoja","description":"Equipment Shop WooCommerce WordPress Theme for Machine &amp; Tools","publisher":{"@id":"https:\/\/ranoja.ee\/#organization"},"potentialAction":[{"@type":"SearchAction","target":{"@type":"EntryPoint","urlTemplate":"https:\/\/ranoja.ee\/?s={search_term_string}"},"query-input":{"@type":"PropertyValueSpecification","valueRequired":true,"valueName":"search_term_string"}}],"inLanguage":"en-US"},{"@type":"Organization","@id":"https:\/\/ranoja.ee\/#organization","name":"Ranoja O\u00dc","url":"https:\/\/ranoja.ee\/","logo":{"@type":"ImageObject","inLanguage":"en-US","@id":"https:\/\/ranoja.ee\/#\/schema\/logo\/image\/","url":"https:\/\/ranoja.ee\/wp-content\/uploads\/2023\/11\/ranoja-Logo.png","contentUrl":"https:\/\/ranoja.ee\/wp-content\/uploads\/2023\/11\/ranoja-Logo.png","width":207,"height":58,"caption":"Ranoja O\u00dc"},"image":{"@id":"https:\/\/ranoja.ee\/#\/schema\/logo\/image\/"},"sameAs":["https:\/\/www.facebook.com\/ranoja.ee","https:\/\/www.instagram.com\/ranoja__\/"]}]}},"_links":{"self":[{"href":"https:\/\/ranoja.ee\/en\/wp-json\/wp\/v2\/product\/21980","targetHints":{"allow":["GET"]}}],"collection":[{"href":"https:\/\/ranoja.ee\/en\/wp-json\/wp\/v2\/product"}],"about":[{"href":"https:\/\/ranoja.ee\/en\/wp-json\/wp\/v2\/types\/product"}],"wp:featuredmedia":[{"embeddable":true,"href":"https:\/\/ranoja.ee\/en\/wp-json\/wp\/v2\/media\/21993"}],"wp:attachment":[{"href":"https:\/\/ranoja.ee\/en\/wp-json\/wp\/v2\/media?parent=21980"}],"wp:term":[{"taxonomy":"product_cat","embeddable":true,"href":"https:\/\/ranoja.ee\/en\/wp-json\/wp\/v2\/product_cat?post=21980"},{"taxonomy":"product_tag","embeddable":true,"href":"https:\/\/ranoja.ee\/en\/wp-json\/wp\/v2\/product_tag?post=21980"}],"curies":[{"name":"wp","href":"https:\/\/api.w.org\/{rel}","templated":true}]}}