{"id":21895,"date":"2025-09-30T10:46:35","date_gmt":"2025-09-30T07:46:35","guid":{"rendered":"https:\/\/ranoja.ee\/?post_type=product&#038;p=21895"},"modified":"2025-09-30T10:52:16","modified_gmt":"2025-09-30T07:52:16","slug":"lumag-minikallur-md-500-rent","status":"publish","type":"product","link":"https:\/\/ranoja.ee\/en\/toode\/lumag-minikallur-md-500-rent\/","title":{"rendered":"Lumag minikallur MD 500 (RENT)"},"content":{"rendered":"<p>Lumag minikallur MD 500 (RENT)<br \/>\nLumagi bensiini roomikkallur MD500 on ideaalne universaalne era- ja \u00e4rikasutuseks. Oma roomikajamiga liigutab see raskel maastikul koormaid vaevata ja transpordib kuni 500 kg materjale ohutult sihtkohta. T\u00e4nu suurele k\u00fcnale ja mugavale t\u00fchjendamisele kallurkonteineri abil on kallur asendamatu t\u00f6\u00f6riist k\u00f5igile, kes peavad teisaldama raskeid koormaid. Ja talvel on valikulise lumeteraga MD500 ideaalne valik teie hoovist v\u00f5i s\u00f5iduteelt lume koristamiseks. T\u00e4nu gaasisurvevedrule, mis h\u00f5lbustab k\u00fcna mahalaadimist, muutub t\u00f6\u00f6 veelgi lihtsamaks ja t\u00f5husamaks.<\/p>\n<p>Lumagi bensiini roomikkallur MD500 on meie valikus olnud ligi 20 aastat ning seda arendatakse pidevalt edasi: tugevdatud kaablid, k\u00f5rge kliirens ja uuenduslik k\u00e4igukast v\u00f5imaldavad lihtsat ja kasutajas\u00f5bralikku t\u00f6\u00f6d peaaegu igas keskkonnas. Selle mudeli jaoks on valikuliselt saadaval ka puidust tugipostid ja suletud puistematerjali renn.<br \/>\nLumag minikallur MD 500<\/p>\n<p>Materjalide transportimine: Minidumperid on m\u00f5eldud v\u00e4ikeste materjalide, nagu muld, kruus, liiv v\u00f5i ehituspr\u00fcgi, transportimiseks l\u00fchikese vahemaa taha. Need v\u00f5ivad olla kas elektrilised v\u00f5i sisep\u00f5lemismootoriga ning neil on tavaliselt kaarja kasti t\u00fc\u00fcpi kast, mis mahutab ja hoiab materjale.<\/p>\n<p>Laadimine: Minidumperite kast saab tavaliselt kallutada, v\u00f5imaldades materjalide lihtsat mahalaadimist. Kui kast on t\u00e4is laetud, saab selle kallutada ettepoole, et lasti maapinnast eemaldada.<\/p>\n<p>Man\u00f6\u00f6verdusv\u00f5ime: Minidumperid on varustatud man\u00f6\u00f6verdusv\u00f5imega, mis v\u00f5imaldab neil liikuda kitsastes oludes ja keerukates t\u00f6\u00f6kohtades, kus suuremad masinad ei pruugi mahtuda.<\/p>\n<p>K\u00e4sitsemise lihtsus: Minidumperid on tavaliselt lihtsalt k\u00e4sitsetavad ja neid saavad kasutada ka need, kellel puudub ulatuslik kogemus raskemasinate juhtimisel. Enne kasutamist on siiski soovitatav lugeda l\u00e4bi kasutusjuhend ja omandada baasoskused masina k\u00e4sitsemiseks.<br \/>\nLumag minikallur MD 500 (RENT)<\/p>\n<p>Peaaegu 20 aastat tagasi alustas LUMAG ettev\u00f5ttena LVG \u200b\u200bHartham GmbH.<br \/>\nEesm\u00e4rk oli pakkuda kvaliteetseid ja soodsa hinnaga ehitusmasinaid algajatele ja hobimeistritele.<br \/>\nPidev edasiarendus ja Saksa insenerid on teinud LUMAGist tuntud kaubam\u00e4rgi.<br \/>\nLUMAG teenindab n\u00fc\u00fcd ka professionaale ja ehitusettev\u00f5tteid, kes saavad kasu meie kvaliteetsetest masinatest ja seadmetest.<br \/>\nTervikteenust pakutakse t\u00e4nu t\u00fctarettev\u00f5tetele ja partneritele kogu Euroopas.<br \/>\n<img decoding=\"async\" src=\"https:\/\/www.ranoja.ee\/wp-content\/uploads\/2023\/07\/LUMAG_Germany_logo_black-300x105.png\" alt=\"\" width=\"300\" height=\"105\" class=\"alignnone size-medium wp-image-5899\" srcset=\"https:\/\/ranoja.ee\/wp-content\/uploads\/2023\/07\/LUMAG_Germany_logo_black-300x105.png 300w, https:\/\/ranoja.ee\/wp-content\/uploads\/2023\/07\/LUMAG_Germany_logo_black-768x270.png 768w, https:\/\/ranoja.ee\/wp-content\/uploads\/2023\/07\/LUMAG_Germany_logo_black-850x299.png 850w, https:\/\/ranoja.ee\/wp-content\/uploads\/2023\/07\/LUMAG_Germany_logo_black-800x281.png 800w, https:\/\/ranoja.ee\/wp-content\/uploads\/2023\/07\/LUMAG_Germany_logo_black.png 852w\" sizes=\"(max-width: 300px) 100vw, 300px\" \/><\/p>\n","protected":false},"excerpt":{"rendered":"<p><strong><span style=\"color: #ff0000;\">Kasutada ainult 98 bensiini!<\/span><\/strong><\/p>\n<p>Loncin 4 taktiline bensiinimootor 6kw, 270cc<br \/>\nK\u00e4sistarter<br \/>\nKallutamine: mehaaniline<br \/>\nKaal 228 kg, kandev\u00f5ime 500kg<br \/>\nKallutava kasti k\u00f5rgus:325mm<br \/>\nMasina enda m\u00f5\u00f5tmed:1725x750x1010mm<br \/>\nMaksimaalne liikumiskiirus: edaspidi 3,6km\/h , tagurpidi 1,2km\/h<\/p>\n<p>https:\/\/youtube.com\/shorts\/7WwQ6EAMskM?si=5IQyE32hA6CkP2eC<\/p>\n","protected":false},"featured_media":21896,"template":"","meta":{"inline_featured_image":false},"product_cat":[154],"product_tag":[347,134,358,356,346,156],"class_list":{"0":"post-21895","1":"product","2":"type-product","3":"status-publish","4":"has-post-thumbnail","6":"product_brand-lumag","7":"product_cat-rent-jarvamaal","8":"product_tag-dumper","9":"product_tag-lumag","10":"product_tag-md500","11":"product_tag-minidumper","12":"product_tag-minikallur","13":"product_tag-rent","15":"first","16":"instock","17":"taxable","18":"shipping-taxable","19":"product-type-simple"},"yoast_head":"<!-- This site is optimized with the Yoast SEO plugin v27.4 - https:\/\/yoast.com\/product\/yoast-seo-wordpress\/ -->\n<title>Lumag minikallur MD 500 (RENT)<\/title>\n<meta name=\"description\" content=\"Lumag minikallur MD 500 (RENT) - minikalluri rent roomikutel. Korista ehitusobjekte v\u00f5i liigu kitsastes kohtades kus rasketehnikaga liikuda ei saa!\" \/>\n<meta name=\"robots\" content=\"index, follow, max-snippet:-1, max-image-preview:large, max-video-preview:-1\" \/>\n<link rel=\"canonical\" href=\"https:\/\/ranoja.ee\/toode\/lumag-minikallur-md-500-rent\/\" \/>\n<meta property=\"og:locale\" content=\"en_US\" \/>\n<meta property=\"og:type\" content=\"article\" \/>\n<meta property=\"og:title\" content=\"Lumag minikallur MD 500 (RENT)\" \/>\n<meta property=\"og:description\" content=\"Lumag minikallur MD 500 (RENT) - minikalluri rent roomikutel. Korista ehitusobjekte v\u00f5i liigu kitsastes kohtades kus rasketehnikaga liikuda ei saa!\" \/>\n<meta property=\"og:url\" content=\"https:\/\/ranoja.ee\/toode\/lumag-minikallur-md-500-rent\/\" \/>\n<meta property=\"og:site_name\" content=\"Ranoja\" \/>\n<meta property=\"article:publisher\" content=\"https:\/\/www.facebook.com\/ranoja.ee\" \/>\n<meta property=\"article:modified_time\" content=\"2025-09-30T07:52:16+00:00\" \/>\n<meta property=\"og:image\" content=\"https:\/\/ranoja.ee\/wp-content\/uploads\/2025\/09\/minikallur-RENT.jpg\" \/>\n\t<meta property=\"og:image:width\" content=\"1000\" \/>\n\t<meta property=\"og:image:height\" content=\"750\" \/>\n\t<meta property=\"og:image:type\" content=\"image\/jpeg\" \/>\n<meta name=\"twitter:card\" content=\"summary_large_image\" \/>\n<meta name=\"twitter:label1\" content=\"Est. reading time\" \/>\n\t<meta name=\"twitter:data1\" content=\"2 minutes\" \/>\n<script type=\"application\/ld+json\" class=\"yoast-schema-graph\">{\"@context\":\"https:\\\/\\\/schema.org\",\"@graph\":[{\"@type\":\"WebPage\",\"@id\":\"https:\\\/\\\/ranoja.ee\\\/toode\\\/lumag-minikallur-md-500-rent\\\/\",\"url\":\"https:\\\/\\\/ranoja.ee\\\/toode\\\/lumag-minikallur-md-500-rent\\\/\",\"name\":\"Lumag minikallur MD 500 (RENT)\",\"isPartOf\":{\"@id\":\"https:\\\/\\\/ranoja.ee\\\/#website\"},\"primaryImageOfPage\":{\"@id\":\"https:\\\/\\\/ranoja.ee\\\/toode\\\/lumag-minikallur-md-500-rent\\\/#primaryimage\"},\"image\":{\"@id\":\"https:\\\/\\\/ranoja.ee\\\/toode\\\/lumag-minikallur-md-500-rent\\\/#primaryimage\"},\"thumbnailUrl\":\"https:\\\/\\\/ranoja.ee\\\/wp-content\\\/uploads\\\/2025\\\/09\\\/minikallur-RENT.jpg\",\"datePublished\":\"2025-09-30T07:46:35+00:00\",\"dateModified\":\"2025-09-30T07:52:16+00:00\",\"description\":\"Lumag minikallur MD 500 (RENT) - minikalluri rent roomikutel. Korista ehitusobjekte v\u00f5i liigu kitsastes kohtades kus rasketehnikaga liikuda ei saa!\",\"breadcrumb\":{\"@id\":\"https:\\\/\\\/ranoja.ee\\\/toode\\\/lumag-minikallur-md-500-rent\\\/#breadcrumb\"},\"inLanguage\":\"en-US\",\"potentialAction\":[{\"@type\":\"ReadAction\",\"target\":[\"https:\\\/\\\/ranoja.ee\\\/toode\\\/lumag-minikallur-md-500-rent\\\/\"]}]},{\"@type\":\"ImageObject\",\"inLanguage\":\"en-US\",\"@id\":\"https:\\\/\\\/ranoja.ee\\\/toode\\\/lumag-minikallur-md-500-rent\\\/#primaryimage\",\"url\":\"https:\\\/\\\/ranoja.ee\\\/wp-content\\\/uploads\\\/2025\\\/09\\\/minikallur-RENT.jpg\",\"contentUrl\":\"https:\\\/\\\/ranoja.ee\\\/wp-content\\\/uploads\\\/2025\\\/09\\\/minikallur-RENT.jpg\",\"width\":1000,\"height\":750,\"caption\":\"minikallur (RENT)\"},{\"@type\":\"BreadcrumbList\",\"@id\":\"https:\\\/\\\/ranoja.ee\\\/toode\\\/lumag-minikallur-md-500-rent\\\/#breadcrumb\",\"itemListElement\":[{\"@type\":\"ListItem\",\"position\":1,\"name\":\"Home\",\"item\":\"https:\\\/\\\/ranoja.ee\\\/\"},{\"@type\":\"ListItem\",\"position\":2,\"name\":\"Shop\",\"item\":\"https:\\\/\\\/ranoja.ee\\\/en\\\/shop\\\/\"},{\"@type\":\"ListItem\",\"position\":3,\"name\":\"Lumag minikallur MD 500 (RENT)\"}]},{\"@type\":\"WebSite\",\"@id\":\"https:\\\/\\\/ranoja.ee\\\/#website\",\"url\":\"https:\\\/\\\/ranoja.ee\\\/\",\"name\":\"Ranoja\",\"description\":\"Equipment Shop WooCommerce WordPress Theme for Machine &amp; Tools\",\"publisher\":{\"@id\":\"https:\\\/\\\/ranoja.ee\\\/#organization\"},\"potentialAction\":[{\"@type\":\"SearchAction\",\"target\":{\"@type\":\"EntryPoint\",\"urlTemplate\":\"https:\\\/\\\/ranoja.ee\\\/?s={search_term_string}\"},\"query-input\":{\"@type\":\"PropertyValueSpecification\",\"valueRequired\":true,\"valueName\":\"search_term_string\"}}],\"inLanguage\":\"en-US\"},{\"@type\":\"Organization\",\"@id\":\"https:\\\/\\\/ranoja.ee\\\/#organization\",\"name\":\"Ranoja O\u00dc\",\"url\":\"https:\\\/\\\/ranoja.ee\\\/\",\"logo\":{\"@type\":\"ImageObject\",\"inLanguage\":\"en-US\",\"@id\":\"https:\\\/\\\/ranoja.ee\\\/#\\\/schema\\\/logo\\\/image\\\/\",\"url\":\"https:\\\/\\\/ranoja.ee\\\/wp-content\\\/uploads\\\/2023\\\/11\\\/ranoja-Logo.png\",\"contentUrl\":\"https:\\\/\\\/ranoja.ee\\\/wp-content\\\/uploads\\\/2023\\\/11\\\/ranoja-Logo.png\",\"width\":207,\"height\":58,\"caption\":\"Ranoja O\u00dc\"},\"image\":{\"@id\":\"https:\\\/\\\/ranoja.ee\\\/#\\\/schema\\\/logo\\\/image\\\/\"},\"sameAs\":[\"https:\\\/\\\/www.facebook.com\\\/ranoja.ee\",\"https:\\\/\\\/www.instagram.com\\\/ranoja__\\\/\"]}]}<\/script>\n<!-- \/ Yoast SEO plugin. -->","yoast_head_json":{"title":"Lumag minikallur MD 500 (RENT)","description":"Lumag minikallur MD 500 (RENT) - minikalluri rent roomikutel. Korista ehitusobjekte v\u00f5i liigu kitsastes kohtades kus rasketehnikaga liikuda ei saa!","robots":{"index":"index","follow":"follow","max-snippet":"max-snippet:-1","max-image-preview":"max-image-preview:large","max-video-preview":"max-video-preview:-1"},"canonical":"https:\/\/ranoja.ee\/toode\/lumag-minikallur-md-500-rent\/","og_locale":"en_US","og_type":"article","og_title":"Lumag minikallur MD 500 (RENT)","og_description":"Lumag minikallur MD 500 (RENT) - minikalluri rent roomikutel. Korista ehitusobjekte v\u00f5i liigu kitsastes kohtades kus rasketehnikaga liikuda ei saa!","og_url":"https:\/\/ranoja.ee\/toode\/lumag-minikallur-md-500-rent\/","og_site_name":"Ranoja","article_publisher":"https:\/\/www.facebook.com\/ranoja.ee","article_modified_time":"2025-09-30T07:52:16+00:00","og_image":[{"width":1000,"height":750,"url":"https:\/\/ranoja.ee\/wp-content\/uploads\/2025\/09\/minikallur-RENT.jpg","type":"image\/jpeg"}],"twitter_card":"summary_large_image","twitter_misc":{"Est. reading time":"2 minutes"},"schema":{"@context":"https:\/\/schema.org","@graph":[{"@type":"WebPage","@id":"https:\/\/ranoja.ee\/toode\/lumag-minikallur-md-500-rent\/","url":"https:\/\/ranoja.ee\/toode\/lumag-minikallur-md-500-rent\/","name":"Lumag minikallur MD 500 (RENT)","isPartOf":{"@id":"https:\/\/ranoja.ee\/#website"},"primaryImageOfPage":{"@id":"https:\/\/ranoja.ee\/toode\/lumag-minikallur-md-500-rent\/#primaryimage"},"image":{"@id":"https:\/\/ranoja.ee\/toode\/lumag-minikallur-md-500-rent\/#primaryimage"},"thumbnailUrl":"https:\/\/ranoja.ee\/wp-content\/uploads\/2025\/09\/minikallur-RENT.jpg","datePublished":"2025-09-30T07:46:35+00:00","dateModified":"2025-09-30T07:52:16+00:00","description":"Lumag minikallur MD 500 (RENT) - minikalluri rent roomikutel. Korista ehitusobjekte v\u00f5i liigu kitsastes kohtades kus rasketehnikaga liikuda ei saa!","breadcrumb":{"@id":"https:\/\/ranoja.ee\/toode\/lumag-minikallur-md-500-rent\/#breadcrumb"},"inLanguage":"en-US","potentialAction":[{"@type":"ReadAction","target":["https:\/\/ranoja.ee\/toode\/lumag-minikallur-md-500-rent\/"]}]},{"@type":"ImageObject","inLanguage":"en-US","@id":"https:\/\/ranoja.ee\/toode\/lumag-minikallur-md-500-rent\/#primaryimage","url":"https:\/\/ranoja.ee\/wp-content\/uploads\/2025\/09\/minikallur-RENT.jpg","contentUrl":"https:\/\/ranoja.ee\/wp-content\/uploads\/2025\/09\/minikallur-RENT.jpg","width":1000,"height":750,"caption":"minikallur (RENT)"},{"@type":"BreadcrumbList","@id":"https:\/\/ranoja.ee\/toode\/lumag-minikallur-md-500-rent\/#breadcrumb","itemListElement":[{"@type":"ListItem","position":1,"name":"Home","item":"https:\/\/ranoja.ee\/"},{"@type":"ListItem","position":2,"name":"Shop","item":"https:\/\/ranoja.ee\/en\/shop\/"},{"@type":"ListItem","position":3,"name":"Lumag minikallur MD 500 (RENT)"}]},{"@type":"WebSite","@id":"https:\/\/ranoja.ee\/#website","url":"https:\/\/ranoja.ee\/","name":"Ranoja","description":"Equipment Shop WooCommerce WordPress Theme for Machine &amp; Tools","publisher":{"@id":"https:\/\/ranoja.ee\/#organization"},"potentialAction":[{"@type":"SearchAction","target":{"@type":"EntryPoint","urlTemplate":"https:\/\/ranoja.ee\/?s={search_term_string}"},"query-input":{"@type":"PropertyValueSpecification","valueRequired":true,"valueName":"search_term_string"}}],"inLanguage":"en-US"},{"@type":"Organization","@id":"https:\/\/ranoja.ee\/#organization","name":"Ranoja O\u00dc","url":"https:\/\/ranoja.ee\/","logo":{"@type":"ImageObject","inLanguage":"en-US","@id":"https:\/\/ranoja.ee\/#\/schema\/logo\/image\/","url":"https:\/\/ranoja.ee\/wp-content\/uploads\/2023\/11\/ranoja-Logo.png","contentUrl":"https:\/\/ranoja.ee\/wp-content\/uploads\/2023\/11\/ranoja-Logo.png","width":207,"height":58,"caption":"Ranoja O\u00dc"},"image":{"@id":"https:\/\/ranoja.ee\/#\/schema\/logo\/image\/"},"sameAs":["https:\/\/www.facebook.com\/ranoja.ee","https:\/\/www.instagram.com\/ranoja__\/"]}]}},"_links":{"self":[{"href":"https:\/\/ranoja.ee\/en\/wp-json\/wp\/v2\/product\/21895","targetHints":{"allow":["GET"]}}],"collection":[{"href":"https:\/\/ranoja.ee\/en\/wp-json\/wp\/v2\/product"}],"about":[{"href":"https:\/\/ranoja.ee\/en\/wp-json\/wp\/v2\/types\/product"}],"wp:featuredmedia":[{"embeddable":true,"href":"https:\/\/ranoja.ee\/en\/wp-json\/wp\/v2\/media\/21896"}],"wp:attachment":[{"href":"https:\/\/ranoja.ee\/en\/wp-json\/wp\/v2\/media?parent=21895"}],"wp:term":[{"taxonomy":"product_cat","embeddable":true,"href":"https:\/\/ranoja.ee\/en\/wp-json\/wp\/v2\/product_cat?post=21895"},{"taxonomy":"product_tag","embeddable":true,"href":"https:\/\/ranoja.ee\/en\/wp-json\/wp\/v2\/product_tag?post=21895"}],"curies":[{"name":"wp","href":"https:\/\/api.w.org\/{rel}","templated":true}]}}