{"id":21869,"date":"2025-09-30T10:09:51","date_gmt":"2025-09-30T07:09:51","guid":{"rendered":"https:\/\/ranoja.ee\/?post_type=product&#038;p=21869"},"modified":"2026-04-08T10:00:07","modified_gmt":"2026-04-08T07:00:07","slug":"konner-sohnen-elektriline-mootorsaag-ks-cs2200-16","status":"publish","type":"product","link":"https:\/\/ranoja.ee\/en\/toode\/konner-sohnen-elektriline-mootorsaag-ks-cs2200-16\/","title":{"rendered":"K\u00f6nner &#038; S\u00f6hnen elektriline mootorsaag KS CS2200-16"},"content":{"rendered":"<p>K\u00f6nner &amp; S\u00f6hnen elektriline mootorsaag KS CS2200-16<\/p>\n<p>V\u00f5imas elektriline kettsaag, mille eesm\u00e4rk on pakkuda tugevat l\u00f5ikev\u00f5imsust ilma aku v\u00f5i k\u00fctusevaidluste muredeta. See seade t\u00f6\u00f6tab 230 V \/ 50 Hz v\u00f5rgutoitel, nii et piisab lihtsalt pistikupessa \u00fchendamisest. Mudeli v\u00f5imsus on 2200 W, mis annab hea j\u00f5u v\u00e4iksemate puude, oksade ja palkide regulaarseks l\u00f5ikamiseks.<\/p>\n<p>Sae juhtrauda pikkus on 16 tolli (\u2248 40 cm), sobiv suurus koduseks l\u00f5ikamiseks ja v\u00e4iksemate metsapulkade t\u00f6\u00f6tlemiseks.<br \/>\nKeti mark on Oregon 91P057X, ning ketil on samm 3\/8 tolli ja keti paksus 0,050 tolli (\u2248 1,3 mm), mis on piisav tugevus ja universaalne suurus, et tagada hea l\u00f5iketulemus.<\/p>\n<p>Keti kiirus on kuni 14 m\/s, mis v\u00f5imaldab tundlikumaid ja efektiivsemaid l\u00f5ikeid. \u00d5lireservi maht on 140 ml, mis lubab pikema t\u00f6\u00f6 j\u00e4tkumist ilma sagedase t\u00e4itmiseta.<\/p>\n<p>Seadmel on mitmeid kasutajas\u00f5bralikke funktsioone:<\/p>\n<p>Ketipingutus ilma t\u00f6\u00f6riistadeta, lihtne hooldus ja ketti saab h\u00f5lpsasti pingutada juhul, kui see l\u00f5ikust\u00f6\u00f6 k\u00e4igus l\u00f5tvub.<br \/>\nAutomaatne ketim\u00e4\u00e4rimine (\u00f5lipump), et v\u00e4hendada h\u00f5\u00f5rdumist ja kulumist.<br \/>\nSoft start ehk sujuv k\u00e4ivitus, mis v\u00e4hendab elektrimootorile esialgset pinget ja aitab v\u00e4ltida \u00e4kilisi koormusi.<br \/>\nTopelt turvamehhanism (kahene kaitse), sealhulgas kaitse ees olev kilp, mis peatab ketti ootamatute olukordade puhul, ning luku-nupp v\u00f5i turval\u00fclitus et v\u00e4ltida kogemata sissel\u00fclitamist.<\/p>\n<p>K\u00f6nner &amp; S\u00f6hnen elektriline mootorsaag KS CS2200-16<\/p>\n","protected":false},"excerpt":{"rendered":"<p>K\u00f6nner &amp; S\u00f6hnen elektriline mootorsaag KS CS2200-16<br \/>\nMootori v\u00f5imsus: 2200 W<br \/>\nPinge: 230 V<br \/>\nSagedus: 50 Hz<br \/>\nKeti pikkus: 40 cm<br \/>\nKeti kiirus: 14 m\/s<br \/>\nKeti paksus: 1.3 mm<br \/>\n\u00d5lipaagi maht: 140 ml<br \/>\nAjamihammaste arv: 57<br \/>\nKeti pingutamine ilma t\u00f6\u00f6riistadeta<br \/>\nTopeltturvapidur<br \/>\nAutomaatne keti \u00f5litus<br \/>\nSujuv k\u00e4ivitus<br \/>\n\u00dclekoormuskaitse<br \/>\nSae kett: Oregon 91P057X<br \/>\nJuhtplaat: Oregon 160SDEA041<br \/>\nKaal: 5.2 kg<br \/>\n<strong>Eeldatav tarneaeg 1-7 t\u00f6\u00f6p\u00e4eva<\/strong><\/p>\n","protected":false},"featured_media":21878,"template":"","meta":{"inline_featured_image":false},"product_cat":[1079,793],"product_tag":[2266,1813,2268,228],"class_list":{"0":"post-21869","1":"product","2":"type-product","3":"status-publish","4":"has-post-thumbnail","6":"product_brand-konner-sohnen","7":"product_cat-aiatehnika-ja-niidutehnika","8":"product_cat-mootorsaed-ja-kettsaed","9":"product_tag-elektriline-mootorsaag","10":"product_tag-konner-sohnen","11":"product_tag-ks-cs2200-16","12":"product_tag-mootorsaag","14":"first","15":"outofstock","16":"taxable","17":"shipping-taxable","18":"purchasable","19":"product-type-simple"},"yoast_head":"<!-- This site is optimized with the Yoast SEO plugin v27.4 - https:\/\/yoast.com\/product\/yoast-seo-wordpress\/ -->\n<title>K\u00f6nner &amp; S\u00f6hnen elektriline mootorsaag KS CS2200-16<\/title>\n<meta name=\"description\" content=\"K\u00f6nner &amp; S\u00f6hnen elektriline mootorsaag KS CS2200-16 V\u00f5imsus on 2200 W, mis annab hea j\u00f5u v\u00e4iksemate puude, oksade ja palkide regulaarseks l\u00f5ikamiseks.\" \/>\n<meta name=\"robots\" content=\"index, follow, max-snippet:-1, max-image-preview:large, max-video-preview:-1\" \/>\n<link rel=\"canonical\" href=\"https:\/\/ranoja.ee\/toode\/konner-sohnen-elektriline-mootorsaag-ks-cs2200-16\/\" \/>\n<meta property=\"og:locale\" content=\"en_US\" \/>\n<meta property=\"og:type\" content=\"article\" \/>\n<meta property=\"og:title\" content=\"K\u00f6nner &amp; S\u00f6hnen elektriline mootorsaag KS CS2200-16\" \/>\n<meta property=\"og:description\" content=\"K\u00f6nner &amp; S\u00f6hnen elektriline mootorsaag KS CS2200-16 V\u00f5imsus on 2200 W, mis annab hea j\u00f5u v\u00e4iksemate puude, oksade ja palkide regulaarseks l\u00f5ikamiseks.\" \/>\n<meta property=\"og:url\" content=\"https:\/\/ranoja.ee\/toode\/konner-sohnen-elektriline-mootorsaag-ks-cs2200-16\/\" \/>\n<meta property=\"og:site_name\" content=\"Ranoja\" \/>\n<meta property=\"article:publisher\" content=\"https:\/\/www.facebook.com\/ranoja.ee\" \/>\n<meta property=\"article:modified_time\" content=\"2026-04-08T07:00:07+00:00\" \/>\n<meta property=\"og:image\" content=\"https:\/\/ranoja.ee\/wp-content\/uploads\/2025\/09\/Konner-Sohnen-elektriline-mootorsaag-KS-CS2200-16-8.webp\" \/>\n\t<meta property=\"og:image:width\" content=\"1600\" \/>\n\t<meta property=\"og:image:height\" content=\"1600\" \/>\n\t<meta property=\"og:image:type\" content=\"image\/webp\" \/>\n<meta name=\"twitter:card\" content=\"summary_large_image\" \/>\n<meta name=\"twitter:label1\" content=\"Est. reading time\" \/>\n\t<meta name=\"twitter:data1\" content=\"2 minutes\" \/>\n<script type=\"application\/ld+json\" class=\"yoast-schema-graph\">{\"@context\":\"https:\\\/\\\/schema.org\",\"@graph\":[{\"@type\":\"WebPage\",\"@id\":\"https:\\\/\\\/ranoja.ee\\\/toode\\\/konner-sohnen-elektriline-mootorsaag-ks-cs2200-16\\\/\",\"url\":\"https:\\\/\\\/ranoja.ee\\\/toode\\\/konner-sohnen-elektriline-mootorsaag-ks-cs2200-16\\\/\",\"name\":\"K\u00f6nner & S\u00f6hnen elektriline mootorsaag KS CS2200-16\",\"isPartOf\":{\"@id\":\"https:\\\/\\\/ranoja.ee\\\/#website\"},\"primaryImageOfPage\":{\"@id\":\"https:\\\/\\\/ranoja.ee\\\/toode\\\/konner-sohnen-elektriline-mootorsaag-ks-cs2200-16\\\/#primaryimage\"},\"image\":{\"@id\":\"https:\\\/\\\/ranoja.ee\\\/toode\\\/konner-sohnen-elektriline-mootorsaag-ks-cs2200-16\\\/#primaryimage\"},\"thumbnailUrl\":\"https:\\\/\\\/ranoja.ee\\\/wp-content\\\/uploads\\\/2025\\\/09\\\/Konner-Sohnen-elektriline-mootorsaag-KS-CS2200-16-8.webp\",\"datePublished\":\"2025-09-30T07:09:51+00:00\",\"dateModified\":\"2026-04-08T07:00:07+00:00\",\"description\":\"K\u00f6nner & S\u00f6hnen elektriline mootorsaag KS CS2200-16 V\u00f5imsus on 2200 W, mis annab hea j\u00f5u v\u00e4iksemate puude, oksade ja palkide regulaarseks l\u00f5ikamiseks.\",\"breadcrumb\":{\"@id\":\"https:\\\/\\\/ranoja.ee\\\/toode\\\/konner-sohnen-elektriline-mootorsaag-ks-cs2200-16\\\/#breadcrumb\"},\"inLanguage\":\"en-US\",\"potentialAction\":[{\"@type\":\"ReadAction\",\"target\":[\"https:\\\/\\\/ranoja.ee\\\/toode\\\/konner-sohnen-elektriline-mootorsaag-ks-cs2200-16\\\/\"]}]},{\"@type\":\"ImageObject\",\"inLanguage\":\"en-US\",\"@id\":\"https:\\\/\\\/ranoja.ee\\\/toode\\\/konner-sohnen-elektriline-mootorsaag-ks-cs2200-16\\\/#primaryimage\",\"url\":\"https:\\\/\\\/ranoja.ee\\\/wp-content\\\/uploads\\\/2025\\\/09\\\/Konner-Sohnen-elektriline-mootorsaag-KS-CS2200-16-8.webp\",\"contentUrl\":\"https:\\\/\\\/ranoja.ee\\\/wp-content\\\/uploads\\\/2025\\\/09\\\/Konner-Sohnen-elektriline-mootorsaag-KS-CS2200-16-8.webp\",\"width\":1600,\"height\":1600,\"caption\":\"K\u00f6nner & S\u00f6hnen elektriline mootorsaag KS CS2200-16\"},{\"@type\":\"BreadcrumbList\",\"@id\":\"https:\\\/\\\/ranoja.ee\\\/toode\\\/konner-sohnen-elektriline-mootorsaag-ks-cs2200-16\\\/#breadcrumb\",\"itemListElement\":[{\"@type\":\"ListItem\",\"position\":1,\"name\":\"Home\",\"item\":\"https:\\\/\\\/ranoja.ee\\\/\"},{\"@type\":\"ListItem\",\"position\":2,\"name\":\"Shop\",\"item\":\"https:\\\/\\\/ranoja.ee\\\/en\\\/shop\\\/\"},{\"@type\":\"ListItem\",\"position\":3,\"name\":\"K\u00f6nner &#038; S\u00f6hnen elektriline mootorsaag KS CS2200-16\"}]},{\"@type\":\"WebSite\",\"@id\":\"https:\\\/\\\/ranoja.ee\\\/#website\",\"url\":\"https:\\\/\\\/ranoja.ee\\\/\",\"name\":\"Ranoja\",\"description\":\"Equipment Shop WooCommerce WordPress Theme for Machine &amp; Tools\",\"publisher\":{\"@id\":\"https:\\\/\\\/ranoja.ee\\\/#organization\"},\"potentialAction\":[{\"@type\":\"SearchAction\",\"target\":{\"@type\":\"EntryPoint\",\"urlTemplate\":\"https:\\\/\\\/ranoja.ee\\\/?s={search_term_string}\"},\"query-input\":{\"@type\":\"PropertyValueSpecification\",\"valueRequired\":true,\"valueName\":\"search_term_string\"}}],\"inLanguage\":\"en-US\"},{\"@type\":\"Organization\",\"@id\":\"https:\\\/\\\/ranoja.ee\\\/#organization\",\"name\":\"Ranoja O\u00dc\",\"url\":\"https:\\\/\\\/ranoja.ee\\\/\",\"logo\":{\"@type\":\"ImageObject\",\"inLanguage\":\"en-US\",\"@id\":\"https:\\\/\\\/ranoja.ee\\\/#\\\/schema\\\/logo\\\/image\\\/\",\"url\":\"https:\\\/\\\/ranoja.ee\\\/wp-content\\\/uploads\\\/2023\\\/11\\\/ranoja-Logo.png\",\"contentUrl\":\"https:\\\/\\\/ranoja.ee\\\/wp-content\\\/uploads\\\/2023\\\/11\\\/ranoja-Logo.png\",\"width\":207,\"height\":58,\"caption\":\"Ranoja O\u00dc\"},\"image\":{\"@id\":\"https:\\\/\\\/ranoja.ee\\\/#\\\/schema\\\/logo\\\/image\\\/\"},\"sameAs\":[\"https:\\\/\\\/www.facebook.com\\\/ranoja.ee\",\"https:\\\/\\\/www.instagram.com\\\/ranoja__\\\/\"]}]}<\/script>\n<!-- \/ Yoast SEO plugin. -->","yoast_head_json":{"title":"K\u00f6nner & S\u00f6hnen elektriline mootorsaag KS CS2200-16","description":"K\u00f6nner & S\u00f6hnen elektriline mootorsaag KS CS2200-16 V\u00f5imsus on 2200 W, mis annab hea j\u00f5u v\u00e4iksemate puude, oksade ja palkide regulaarseks l\u00f5ikamiseks.","robots":{"index":"index","follow":"follow","max-snippet":"max-snippet:-1","max-image-preview":"max-image-preview:large","max-video-preview":"max-video-preview:-1"},"canonical":"https:\/\/ranoja.ee\/toode\/konner-sohnen-elektriline-mootorsaag-ks-cs2200-16\/","og_locale":"en_US","og_type":"article","og_title":"K\u00f6nner & S\u00f6hnen elektriline mootorsaag KS CS2200-16","og_description":"K\u00f6nner & S\u00f6hnen elektriline mootorsaag KS CS2200-16 V\u00f5imsus on 2200 W, mis annab hea j\u00f5u v\u00e4iksemate puude, oksade ja palkide regulaarseks l\u00f5ikamiseks.","og_url":"https:\/\/ranoja.ee\/toode\/konner-sohnen-elektriline-mootorsaag-ks-cs2200-16\/","og_site_name":"Ranoja","article_publisher":"https:\/\/www.facebook.com\/ranoja.ee","article_modified_time":"2026-04-08T07:00:07+00:00","og_image":[{"width":1600,"height":1600,"url":"https:\/\/ranoja.ee\/wp-content\/uploads\/2025\/09\/Konner-Sohnen-elektriline-mootorsaag-KS-CS2200-16-8.webp","type":"image\/webp"}],"twitter_card":"summary_large_image","twitter_misc":{"Est. reading time":"2 minutes"},"schema":{"@context":"https:\/\/schema.org","@graph":[{"@type":"WebPage","@id":"https:\/\/ranoja.ee\/toode\/konner-sohnen-elektriline-mootorsaag-ks-cs2200-16\/","url":"https:\/\/ranoja.ee\/toode\/konner-sohnen-elektriline-mootorsaag-ks-cs2200-16\/","name":"K\u00f6nner & S\u00f6hnen elektriline mootorsaag KS CS2200-16","isPartOf":{"@id":"https:\/\/ranoja.ee\/#website"},"primaryImageOfPage":{"@id":"https:\/\/ranoja.ee\/toode\/konner-sohnen-elektriline-mootorsaag-ks-cs2200-16\/#primaryimage"},"image":{"@id":"https:\/\/ranoja.ee\/toode\/konner-sohnen-elektriline-mootorsaag-ks-cs2200-16\/#primaryimage"},"thumbnailUrl":"https:\/\/ranoja.ee\/wp-content\/uploads\/2025\/09\/Konner-Sohnen-elektriline-mootorsaag-KS-CS2200-16-8.webp","datePublished":"2025-09-30T07:09:51+00:00","dateModified":"2026-04-08T07:00:07+00:00","description":"K\u00f6nner & S\u00f6hnen elektriline mootorsaag KS CS2200-16 V\u00f5imsus on 2200 W, mis annab hea j\u00f5u v\u00e4iksemate puude, oksade ja palkide regulaarseks l\u00f5ikamiseks.","breadcrumb":{"@id":"https:\/\/ranoja.ee\/toode\/konner-sohnen-elektriline-mootorsaag-ks-cs2200-16\/#breadcrumb"},"inLanguage":"en-US","potentialAction":[{"@type":"ReadAction","target":["https:\/\/ranoja.ee\/toode\/konner-sohnen-elektriline-mootorsaag-ks-cs2200-16\/"]}]},{"@type":"ImageObject","inLanguage":"en-US","@id":"https:\/\/ranoja.ee\/toode\/konner-sohnen-elektriline-mootorsaag-ks-cs2200-16\/#primaryimage","url":"https:\/\/ranoja.ee\/wp-content\/uploads\/2025\/09\/Konner-Sohnen-elektriline-mootorsaag-KS-CS2200-16-8.webp","contentUrl":"https:\/\/ranoja.ee\/wp-content\/uploads\/2025\/09\/Konner-Sohnen-elektriline-mootorsaag-KS-CS2200-16-8.webp","width":1600,"height":1600,"caption":"K\u00f6nner & S\u00f6hnen elektriline mootorsaag KS CS2200-16"},{"@type":"BreadcrumbList","@id":"https:\/\/ranoja.ee\/toode\/konner-sohnen-elektriline-mootorsaag-ks-cs2200-16\/#breadcrumb","itemListElement":[{"@type":"ListItem","position":1,"name":"Home","item":"https:\/\/ranoja.ee\/"},{"@type":"ListItem","position":2,"name":"Shop","item":"https:\/\/ranoja.ee\/en\/shop\/"},{"@type":"ListItem","position":3,"name":"K\u00f6nner &#038; S\u00f6hnen elektriline mootorsaag KS CS2200-16"}]},{"@type":"WebSite","@id":"https:\/\/ranoja.ee\/#website","url":"https:\/\/ranoja.ee\/","name":"Ranoja","description":"Equipment Shop WooCommerce WordPress Theme for Machine &amp; Tools","publisher":{"@id":"https:\/\/ranoja.ee\/#organization"},"potentialAction":[{"@type":"SearchAction","target":{"@type":"EntryPoint","urlTemplate":"https:\/\/ranoja.ee\/?s={search_term_string}"},"query-input":{"@type":"PropertyValueSpecification","valueRequired":true,"valueName":"search_term_string"}}],"inLanguage":"en-US"},{"@type":"Organization","@id":"https:\/\/ranoja.ee\/#organization","name":"Ranoja O\u00dc","url":"https:\/\/ranoja.ee\/","logo":{"@type":"ImageObject","inLanguage":"en-US","@id":"https:\/\/ranoja.ee\/#\/schema\/logo\/image\/","url":"https:\/\/ranoja.ee\/wp-content\/uploads\/2023\/11\/ranoja-Logo.png","contentUrl":"https:\/\/ranoja.ee\/wp-content\/uploads\/2023\/11\/ranoja-Logo.png","width":207,"height":58,"caption":"Ranoja O\u00dc"},"image":{"@id":"https:\/\/ranoja.ee\/#\/schema\/logo\/image\/"},"sameAs":["https:\/\/www.facebook.com\/ranoja.ee","https:\/\/www.instagram.com\/ranoja__\/"]}]}},"_links":{"self":[{"href":"https:\/\/ranoja.ee\/en\/wp-json\/wp\/v2\/product\/21869","targetHints":{"allow":["GET"]}}],"collection":[{"href":"https:\/\/ranoja.ee\/en\/wp-json\/wp\/v2\/product"}],"about":[{"href":"https:\/\/ranoja.ee\/en\/wp-json\/wp\/v2\/types\/product"}],"wp:featuredmedia":[{"embeddable":true,"href":"https:\/\/ranoja.ee\/en\/wp-json\/wp\/v2\/media\/21878"}],"wp:attachment":[{"href":"https:\/\/ranoja.ee\/en\/wp-json\/wp\/v2\/media?parent=21869"}],"wp:term":[{"taxonomy":"product_cat","embeddable":true,"href":"https:\/\/ranoja.ee\/en\/wp-json\/wp\/v2\/product_cat?post=21869"},{"taxonomy":"product_tag","embeddable":true,"href":"https:\/\/ranoja.ee\/en\/wp-json\/wp\/v2\/product_tag?post=21869"}],"curies":[{"name":"wp","href":"https:\/\/api.w.org\/{rel}","templated":true}]}}