{"id":21768,"date":"2025-09-26T15:54:23","date_gmt":"2025-09-26T12:54:23","guid":{"rendered":"https:\/\/ranoja.ee\/?post_type=product&#038;p=21768"},"modified":"2026-04-08T10:00:07","modified_gmt":"2026-04-08T07:00:07","slug":"konner-sohnen-akuga-mootorsaag-ks-cs40v-14","status":"publish","type":"product","link":"https:\/\/ranoja.ee\/en\/toode\/konner-sohnen-akuga-mootorsaag-ks-cs40v-14\/","title":{"rendered":"K\u00f6nner &#038; S\u00f6hnen akuga mootorsaag KS CS40V-14"},"content":{"rendered":"<p>K\u00f6nner &#038; S\u00f6hnen akuga mootorsaag KS CS40V-14<\/p>\n<p>V\u00f5imas ja kahetasandilise akus\u00fcsteemiga juhtmeta kettsaag, mis t\u00f6\u00f6tab kombinatsioonis 40 V, kaks 20 V akut paralleelselt. Tagades suurema j\u00f5u ja t\u00f6\u00f6kindluse elektriliste seadmete jaoks ilma vooluv\u00f5rgust s\u00f5ltumata. Seade on m\u00f5eldud kasutajatele, kes soovivad head l\u00f5ikev\u00f5imsust. V\u00e4iksemate kuni keskmise suurusega puude ja oksade l\u00f5ikamiseks, saagimiseks ,aiat\u00f6\u00f6deks ning suuremate t\u00f6\u00f6dega, kus vaja rohkem ulatust ja suuremat j\u00f5udu.<\/p>\n<p>Sael on harjavaba mootor, mis t\u00f5stab t\u00f6\u00f6 efektiivsust, v\u00e4hendab hooldusvajadust ja pikendab seadme eluiga. Mootori kiirus t\u00fchik\u00e4igul on umbes 8000 p\/min, mis v\u00f5imaldab piisavat l\u00f5ikekiirust ka tihedama puidu puhul. Seade on varustatud  35 cm juhtplaadiga ja kvaliteetse Oregon 91PJ053X ketiga, mille samm on 3\/8 tolli ja ketil\u00fcli paksus 1.3 mm. L\u00fclisid ehk veohambaid on umbes 53 TK. Keti t\u00f6\u00f6kiirus on ligikaudu 15 m\/s, mis on \u00fcsna hea suhteliselt n\u00f5udlike l\u00f5ikuste jaoks. <\/p>\n<p>\u00d5litank 250 ml, t\u00f6\u00f6riistavaba keti pingutusmehhanism ja automaatne keti\u00f5litus teevad seadme mugavaks intensiivseks kasutamiseks. Seadme kaal on umbes 3.6 kg  nii et seda saab mugavalt k\u00e4sitseda ilma liigse v\u00e4simuseta.<\/p>\n<p>K\u00f6nner &#038; S\u00f6hnen akuga mootorsaag KS CS40V-14<\/p>\n","protected":false},"excerpt":{"rendered":"<p>K\u00f6nner &#038; S\u00f6hnen akuga mootorsaag KS CS40V-14<br \/>\n<strong>Aku ja laadija ei kuulu komplekti<\/strong><br \/>\nPinge: 40 V, 20 V + 20 V<br \/>\nVajalike akude arv 2 TK<br \/>\nSoovitatav aku mahtuvus: 2 x 2 Ah, 2 x 4 Ah, 2 x 6 Ah, 2 x 8 Ah<br \/>\nAku t\u00fc\u00fcp: Liitiumioonaku<br \/>\nMootori t\u00fc\u00fcp: Harjamootor<br \/>\nT\u00f6\u00f6kiirus: 8000 p\/min<br \/>\nJuhtplaat: Oregon 140SDEA041<br \/>\nSae kett: Oregon 91PJ053X<br \/>\nKeti pikkus: 35 cm<br \/>\nKeti samm: 3\/8\u201d<br \/>\nKeti paksus: 1.3 mm<br \/>\nKeti hammaste arv: 45 tk<br \/>\nKeti kiirus: 15 m\/s<br \/>\n\u00d5lipaagi maht: 250 ml<br \/>\nKeti pingutamine ilma t\u00f6\u00f6riistadeta<br \/>\nKaal 3.6 kg<br \/>\n<strong>Eeldatav tarneaeg 1-7 t\u00f6\u00f6p\u00e4eva<\/strong><\/p>\n","protected":false},"featured_media":21793,"template":"","meta":{"inline_featured_image":false},"product_cat":[1079,1094,1105,793],"product_tag":[2259,1813,2238,2240,2244,2246,2250,2251,2261,228],"class_list":{"0":"post-21768","1":"product","2":"type-product","3":"status-publish","4":"has-post-thumbnail","6":"product_brand-konner-sohnen","7":"product_cat-aiatehnika-ja-niidutehnika","8":"product_cat-akutooriistad","9":"product_cat-kettsaed-ja-oksasaed","10":"product_cat-mootorsaed-ja-kettsaed","11":"product_tag-aku-mootorsaag","12":"product_tag-konner-sohnen","13":"product_tag-ks-20v2-1","14":"product_tag-ks-20v4-1","15":"product_tag-ks-20v6-2","16":"product_tag-ks-20v8-2","17":"product_tag-ks-c35a-2","18":"product_tag-ks-c45a","19":"product_tag-ks-cs40v-14","20":"product_tag-mootorsaag","22":"first","23":"outofstock","24":"taxable","25":"shipping-taxable","26":"purchasable","27":"product-type-simple"},"yoast_head":"<!-- This site is optimized with the Yoast SEO plugin v27.4 - https:\/\/yoast.com\/product\/yoast-seo-wordpress\/ -->\n<title>K\u00f6nner &amp; S\u00f6hnen akuga mootorsaag KS CS40V-14<\/title>\n<meta name=\"description\" content=\"K\u00f6nner &amp; S\u00f6hnen akuga mootorsaag KS CS40V-14 Sael on harjavaba mootor, mis t\u00f5stab t\u00f6\u00f6 efektiivsust, v\u00e4hendab hooldusvajadust ja pikendab seadme eluiga.\" \/>\n<meta name=\"robots\" content=\"index, follow, max-snippet:-1, max-image-preview:large, max-video-preview:-1\" \/>\n<link rel=\"canonical\" href=\"https:\/\/ranoja.ee\/toode\/konner-sohnen-akuga-mootorsaag-ks-cs40v-14\/\" \/>\n<meta property=\"og:locale\" content=\"en_US\" \/>\n<meta property=\"og:type\" content=\"article\" \/>\n<meta property=\"og:title\" content=\"K\u00f6nner &amp; S\u00f6hnen akuga mootorsaag KS CS40V-14\" \/>\n<meta property=\"og:description\" content=\"K\u00f6nner &amp; S\u00f6hnen akuga mootorsaag KS CS40V-14 Sael on harjavaba mootor, mis t\u00f5stab t\u00f6\u00f6 efektiivsust, v\u00e4hendab hooldusvajadust ja pikendab seadme eluiga.\" \/>\n<meta property=\"og:url\" content=\"https:\/\/ranoja.ee\/toode\/konner-sohnen-akuga-mootorsaag-ks-cs40v-14\/\" \/>\n<meta property=\"og:site_name\" content=\"Ranoja\" \/>\n<meta property=\"article:publisher\" content=\"https:\/\/www.facebook.com\/ranoja.ee\" \/>\n<meta property=\"article:modified_time\" content=\"2026-04-08T07:00:07+00:00\" \/>\n<meta property=\"og:image\" content=\"https:\/\/ranoja.ee\/wp-content\/uploads\/2025\/09\/Konner-Sohnen-akuga-mootorsaag-KS-CS40V-14.webp\" \/>\n\t<meta property=\"og:image:width\" content=\"1600\" \/>\n\t<meta property=\"og:image:height\" content=\"1600\" \/>\n\t<meta property=\"og:image:type\" content=\"image\/webp\" \/>\n<meta name=\"twitter:card\" content=\"summary_large_image\" \/>\n<meta name=\"twitter:label1\" content=\"Est. reading time\" \/>\n\t<meta name=\"twitter:data1\" content=\"2 minutes\" \/>\n<script type=\"application\/ld+json\" class=\"yoast-schema-graph\">{\"@context\":\"https:\\\/\\\/schema.org\",\"@graph\":[{\"@type\":\"WebPage\",\"@id\":\"https:\\\/\\\/ranoja.ee\\\/toode\\\/konner-sohnen-akuga-mootorsaag-ks-cs40v-14\\\/\",\"url\":\"https:\\\/\\\/ranoja.ee\\\/toode\\\/konner-sohnen-akuga-mootorsaag-ks-cs40v-14\\\/\",\"name\":\"K\u00f6nner & S\u00f6hnen akuga mootorsaag KS CS40V-14\",\"isPartOf\":{\"@id\":\"https:\\\/\\\/ranoja.ee\\\/#website\"},\"primaryImageOfPage\":{\"@id\":\"https:\\\/\\\/ranoja.ee\\\/toode\\\/konner-sohnen-akuga-mootorsaag-ks-cs40v-14\\\/#primaryimage\"},\"image\":{\"@id\":\"https:\\\/\\\/ranoja.ee\\\/toode\\\/konner-sohnen-akuga-mootorsaag-ks-cs40v-14\\\/#primaryimage\"},\"thumbnailUrl\":\"https:\\\/\\\/ranoja.ee\\\/wp-content\\\/uploads\\\/2025\\\/09\\\/Konner-Sohnen-akuga-mootorsaag-KS-CS40V-14.webp\",\"datePublished\":\"2025-09-26T12:54:23+00:00\",\"dateModified\":\"2026-04-08T07:00:07+00:00\",\"description\":\"K\u00f6nner & S\u00f6hnen akuga mootorsaag KS CS40V-14 Sael on harjavaba mootor, mis t\u00f5stab t\u00f6\u00f6 efektiivsust, v\u00e4hendab hooldusvajadust ja pikendab seadme eluiga.\",\"breadcrumb\":{\"@id\":\"https:\\\/\\\/ranoja.ee\\\/toode\\\/konner-sohnen-akuga-mootorsaag-ks-cs40v-14\\\/#breadcrumb\"},\"inLanguage\":\"en-US\",\"potentialAction\":[{\"@type\":\"ReadAction\",\"target\":[\"https:\\\/\\\/ranoja.ee\\\/toode\\\/konner-sohnen-akuga-mootorsaag-ks-cs40v-14\\\/\"]}]},{\"@type\":\"ImageObject\",\"inLanguage\":\"en-US\",\"@id\":\"https:\\\/\\\/ranoja.ee\\\/toode\\\/konner-sohnen-akuga-mootorsaag-ks-cs40v-14\\\/#primaryimage\",\"url\":\"https:\\\/\\\/ranoja.ee\\\/wp-content\\\/uploads\\\/2025\\\/09\\\/Konner-Sohnen-akuga-mootorsaag-KS-CS40V-14.webp\",\"contentUrl\":\"https:\\\/\\\/ranoja.ee\\\/wp-content\\\/uploads\\\/2025\\\/09\\\/Konner-Sohnen-akuga-mootorsaag-KS-CS40V-14.webp\",\"width\":1600,\"height\":1600,\"caption\":\"K\u00f6nner & S\u00f6hnen akuga mootorsaag KS CS40V-14\"},{\"@type\":\"BreadcrumbList\",\"@id\":\"https:\\\/\\\/ranoja.ee\\\/toode\\\/konner-sohnen-akuga-mootorsaag-ks-cs40v-14\\\/#breadcrumb\",\"itemListElement\":[{\"@type\":\"ListItem\",\"position\":1,\"name\":\"Home\",\"item\":\"https:\\\/\\\/ranoja.ee\\\/\"},{\"@type\":\"ListItem\",\"position\":2,\"name\":\"Shop\",\"item\":\"https:\\\/\\\/ranoja.ee\\\/en\\\/shop\\\/\"},{\"@type\":\"ListItem\",\"position\":3,\"name\":\"K\u00f6nner &#038; S\u00f6hnen akuga mootorsaag KS CS40V-14\"}]},{\"@type\":\"WebSite\",\"@id\":\"https:\\\/\\\/ranoja.ee\\\/#website\",\"url\":\"https:\\\/\\\/ranoja.ee\\\/\",\"name\":\"Ranoja\",\"description\":\"Equipment Shop WooCommerce WordPress Theme for Machine &amp; Tools\",\"publisher\":{\"@id\":\"https:\\\/\\\/ranoja.ee\\\/#organization\"},\"potentialAction\":[{\"@type\":\"SearchAction\",\"target\":{\"@type\":\"EntryPoint\",\"urlTemplate\":\"https:\\\/\\\/ranoja.ee\\\/?s={search_term_string}\"},\"query-input\":{\"@type\":\"PropertyValueSpecification\",\"valueRequired\":true,\"valueName\":\"search_term_string\"}}],\"inLanguage\":\"en-US\"},{\"@type\":\"Organization\",\"@id\":\"https:\\\/\\\/ranoja.ee\\\/#organization\",\"name\":\"Ranoja O\u00dc\",\"url\":\"https:\\\/\\\/ranoja.ee\\\/\",\"logo\":{\"@type\":\"ImageObject\",\"inLanguage\":\"en-US\",\"@id\":\"https:\\\/\\\/ranoja.ee\\\/#\\\/schema\\\/logo\\\/image\\\/\",\"url\":\"https:\\\/\\\/ranoja.ee\\\/wp-content\\\/uploads\\\/2023\\\/11\\\/ranoja-Logo.png\",\"contentUrl\":\"https:\\\/\\\/ranoja.ee\\\/wp-content\\\/uploads\\\/2023\\\/11\\\/ranoja-Logo.png\",\"width\":207,\"height\":58,\"caption\":\"Ranoja O\u00dc\"},\"image\":{\"@id\":\"https:\\\/\\\/ranoja.ee\\\/#\\\/schema\\\/logo\\\/image\\\/\"},\"sameAs\":[\"https:\\\/\\\/www.facebook.com\\\/ranoja.ee\",\"https:\\\/\\\/www.instagram.com\\\/ranoja__\\\/\"]}]}<\/script>\n<!-- \/ Yoast SEO plugin. -->","yoast_head_json":{"title":"K\u00f6nner & S\u00f6hnen akuga mootorsaag KS CS40V-14","description":"K\u00f6nner & S\u00f6hnen akuga mootorsaag KS CS40V-14 Sael on harjavaba mootor, mis t\u00f5stab t\u00f6\u00f6 efektiivsust, v\u00e4hendab hooldusvajadust ja pikendab seadme eluiga.","robots":{"index":"index","follow":"follow","max-snippet":"max-snippet:-1","max-image-preview":"max-image-preview:large","max-video-preview":"max-video-preview:-1"},"canonical":"https:\/\/ranoja.ee\/toode\/konner-sohnen-akuga-mootorsaag-ks-cs40v-14\/","og_locale":"en_US","og_type":"article","og_title":"K\u00f6nner & S\u00f6hnen akuga mootorsaag KS CS40V-14","og_description":"K\u00f6nner & S\u00f6hnen akuga mootorsaag KS CS40V-14 Sael on harjavaba mootor, mis t\u00f5stab t\u00f6\u00f6 efektiivsust, v\u00e4hendab hooldusvajadust ja pikendab seadme eluiga.","og_url":"https:\/\/ranoja.ee\/toode\/konner-sohnen-akuga-mootorsaag-ks-cs40v-14\/","og_site_name":"Ranoja","article_publisher":"https:\/\/www.facebook.com\/ranoja.ee","article_modified_time":"2026-04-08T07:00:07+00:00","og_image":[{"width":1600,"height":1600,"url":"https:\/\/ranoja.ee\/wp-content\/uploads\/2025\/09\/Konner-Sohnen-akuga-mootorsaag-KS-CS40V-14.webp","type":"image\/webp"}],"twitter_card":"summary_large_image","twitter_misc":{"Est. reading time":"2 minutes"},"schema":{"@context":"https:\/\/schema.org","@graph":[{"@type":"WebPage","@id":"https:\/\/ranoja.ee\/toode\/konner-sohnen-akuga-mootorsaag-ks-cs40v-14\/","url":"https:\/\/ranoja.ee\/toode\/konner-sohnen-akuga-mootorsaag-ks-cs40v-14\/","name":"K\u00f6nner & S\u00f6hnen akuga mootorsaag KS CS40V-14","isPartOf":{"@id":"https:\/\/ranoja.ee\/#website"},"primaryImageOfPage":{"@id":"https:\/\/ranoja.ee\/toode\/konner-sohnen-akuga-mootorsaag-ks-cs40v-14\/#primaryimage"},"image":{"@id":"https:\/\/ranoja.ee\/toode\/konner-sohnen-akuga-mootorsaag-ks-cs40v-14\/#primaryimage"},"thumbnailUrl":"https:\/\/ranoja.ee\/wp-content\/uploads\/2025\/09\/Konner-Sohnen-akuga-mootorsaag-KS-CS40V-14.webp","datePublished":"2025-09-26T12:54:23+00:00","dateModified":"2026-04-08T07:00:07+00:00","description":"K\u00f6nner & S\u00f6hnen akuga mootorsaag KS CS40V-14 Sael on harjavaba mootor, mis t\u00f5stab t\u00f6\u00f6 efektiivsust, v\u00e4hendab hooldusvajadust ja pikendab seadme eluiga.","breadcrumb":{"@id":"https:\/\/ranoja.ee\/toode\/konner-sohnen-akuga-mootorsaag-ks-cs40v-14\/#breadcrumb"},"inLanguage":"en-US","potentialAction":[{"@type":"ReadAction","target":["https:\/\/ranoja.ee\/toode\/konner-sohnen-akuga-mootorsaag-ks-cs40v-14\/"]}]},{"@type":"ImageObject","inLanguage":"en-US","@id":"https:\/\/ranoja.ee\/toode\/konner-sohnen-akuga-mootorsaag-ks-cs40v-14\/#primaryimage","url":"https:\/\/ranoja.ee\/wp-content\/uploads\/2025\/09\/Konner-Sohnen-akuga-mootorsaag-KS-CS40V-14.webp","contentUrl":"https:\/\/ranoja.ee\/wp-content\/uploads\/2025\/09\/Konner-Sohnen-akuga-mootorsaag-KS-CS40V-14.webp","width":1600,"height":1600,"caption":"K\u00f6nner & S\u00f6hnen akuga mootorsaag KS CS40V-14"},{"@type":"BreadcrumbList","@id":"https:\/\/ranoja.ee\/toode\/konner-sohnen-akuga-mootorsaag-ks-cs40v-14\/#breadcrumb","itemListElement":[{"@type":"ListItem","position":1,"name":"Home","item":"https:\/\/ranoja.ee\/"},{"@type":"ListItem","position":2,"name":"Shop","item":"https:\/\/ranoja.ee\/en\/shop\/"},{"@type":"ListItem","position":3,"name":"K\u00f6nner &#038; S\u00f6hnen akuga mootorsaag KS CS40V-14"}]},{"@type":"WebSite","@id":"https:\/\/ranoja.ee\/#website","url":"https:\/\/ranoja.ee\/","name":"Ranoja","description":"Equipment Shop WooCommerce WordPress Theme for Machine &amp; Tools","publisher":{"@id":"https:\/\/ranoja.ee\/#organization"},"potentialAction":[{"@type":"SearchAction","target":{"@type":"EntryPoint","urlTemplate":"https:\/\/ranoja.ee\/?s={search_term_string}"},"query-input":{"@type":"PropertyValueSpecification","valueRequired":true,"valueName":"search_term_string"}}],"inLanguage":"en-US"},{"@type":"Organization","@id":"https:\/\/ranoja.ee\/#organization","name":"Ranoja O\u00dc","url":"https:\/\/ranoja.ee\/","logo":{"@type":"ImageObject","inLanguage":"en-US","@id":"https:\/\/ranoja.ee\/#\/schema\/logo\/image\/","url":"https:\/\/ranoja.ee\/wp-content\/uploads\/2023\/11\/ranoja-Logo.png","contentUrl":"https:\/\/ranoja.ee\/wp-content\/uploads\/2023\/11\/ranoja-Logo.png","width":207,"height":58,"caption":"Ranoja O\u00dc"},"image":{"@id":"https:\/\/ranoja.ee\/#\/schema\/logo\/image\/"},"sameAs":["https:\/\/www.facebook.com\/ranoja.ee","https:\/\/www.instagram.com\/ranoja__\/"]}]}},"_links":{"self":[{"href":"https:\/\/ranoja.ee\/en\/wp-json\/wp\/v2\/product\/21768","targetHints":{"allow":["GET"]}}],"collection":[{"href":"https:\/\/ranoja.ee\/en\/wp-json\/wp\/v2\/product"}],"about":[{"href":"https:\/\/ranoja.ee\/en\/wp-json\/wp\/v2\/types\/product"}],"wp:featuredmedia":[{"embeddable":true,"href":"https:\/\/ranoja.ee\/en\/wp-json\/wp\/v2\/media\/21793"}],"wp:attachment":[{"href":"https:\/\/ranoja.ee\/en\/wp-json\/wp\/v2\/media?parent=21768"}],"wp:term":[{"taxonomy":"product_cat","embeddable":true,"href":"https:\/\/ranoja.ee\/en\/wp-json\/wp\/v2\/product_cat?post=21768"},{"taxonomy":"product_tag","embeddable":true,"href":"https:\/\/ranoja.ee\/en\/wp-json\/wp\/v2\/product_tag?post=21768"}],"curies":[{"name":"wp","href":"https:\/\/api.w.org\/{rel}","templated":true}]}}