{"id":21720,"date":"2025-09-26T13:38:36","date_gmt":"2025-09-26T10:38:36","guid":{"rendered":"https:\/\/ranoja.ee\/?post_type=product&#038;p=21720"},"modified":"2026-04-08T10:00:07","modified_gmt":"2026-04-08T07:00:07","slug":"konner-sohnen-akutrimmer-ks-mft-20v","status":"publish","type":"product","link":"https:\/\/ranoja.ee\/en\/toode\/konner-sohnen-akutrimmer-ks-mft-20v\/","title":{"rendered":"K\u00f6nner &#038; S\u00f6hnen akutrimmer KS MFT-20V"},"content":{"rendered":"<p>K\u00f6nner &#038; S\u00f6hnen akutrimmer KS MFT-20V<\/p>\n<p>Mitmek\u00fclgne ja praktiline akutoitel trimmer, mis on loodud aiatehnika mitmete t\u00f6\u00f6de jaoks. Muru niitmiseks, rohu\u00e4\u00e4rte korrastamiseks, servade kujundamiseks, vahede puhastamiseks ja isegi p\u00fchkimiseks. See mudel on osa K\u00f6nner &#038; S\u00f6hnen 20 V akus\u00fcsteemist, v\u00f5imaldades kasutada \u00fchte ja sama akut mitmes seadmes \u2013 see teeb s\u00fcsteemi kuluefektiivseks ja mugavaks.<\/p>\n<p>Trimmer t\u00f6\u00f6tab 20 V nominaalpinge ja on soovituslik kasutada akusid, mille mahutavus on 2 Ah v\u00f5i 4 Ah. Mootori t\u00fc\u00fcp on harjavaba ja t\u00fchik\u00e4igul p\u00f6\u00f6rded on umbes 2400 p\/min. Spool-n\u00f6\u00f6ri l\u00f5ikelaius on 250 mm, mis v\u00f5imaldab katta laiemat ala, ning ketas-l\u00f5iketeradega pea, annab lisaj\u00f5udu tihedama rohu, servade v\u00f5i muude kitsamate alade t\u00f6\u00f6tlemiseks. L\u00f5iken\u00f6\u00f6ri paksus on umbes 1.6 mm ning tamiili paari spooli etteandes umbes 2\u00d72 m, mis annab piisavalt l\u00f5ikeulatust ilma tihti n\u00f6\u00f6ri vahetamata.<\/p>\n<p>Seade sisaldab mitmeid t\u00f6\u00f6otsikuid: rohtu niitva spooli-pea, l\u00f5iketerade-pea, metalles-harjal\u00f5ikur-pea ja puhastushari\/vahede puhastamiseks. Teleskoopvarras alumiiniumist. V\u00f5imaldab reguleerida seadme pikkust vastavalt kasutaja k\u00f5rgusele ja t\u00f6\u00f6tingimustele, mis teeb t\u00f6\u00f6 mugavamaks. Trimmeril on ka rattake servade l\u00f5ikamiseks, mis aitab s\u00e4ilitada t\u00e4pseid servu ja v\u00e4hendab kasutaja pinget.<\/p>\n<p>M\u00fcra-tase on m\u00f5\u00f5dukas: umbes 71 dB(A) kasutaja l\u00e4hedal, k\u00f5rgemal koormusel kuni 96 dB(A). Kaal umbes 3.8 kg. Aku ja laadija ei kuulu komplekti; neid tuleb eraldi soetada.<\/p>\n<p>K\u00f6nner &#038; S\u00f6hnen akutrimmer KS MFT-20V<\/p>\n","protected":false},"excerpt":{"rendered":"<p>K\u00f6nner &#038; S\u00f6hnen akutrimmer KS MFT-20V<br \/>\n<strong>Aku ja laadija ei kuulu komplekti<\/strong><br \/>\nKomplektis: 20 V akutrimmeri alusseade, umbrohu eemaldamise p\u00f5hiseade, murutrimmeri pea, liigeste puhastuspea,<br \/>\n10 plasttera komplekt koos terahoidjaga, poolide ja plastterade korpus, 110 mm metallketashari, 3 mm kuuskantv\u00f5ti, 4 mm kuuskantv\u00f5ti<br \/>\nPinge: 20 V<br \/>\nVajalike akude arv: 1<br \/>\nSoovitatav aku mahtuvus: 2 Ah, 4 Ah<br \/>\nAku t\u00fc\u00fcp: Liitiumioonaku<br \/>\nMootori t\u00fc\u00fcp: Harjadeta mootor<br \/>\nTeleskooptoru: Alumiiniumist<br \/>\nT\u00fchik\u00e4igukiirus: 8500 p\/min<br \/>\nL\u00f5ikelaius: 250 mm<br \/>\nL\u00e4bim\u00f5\u00f5t nailon- ja metallharjad: 110\/110 mm<br \/>\nTrimmeri tamiili paksus: 1.6 mm<br \/>\nTamiili pikkus: 2 x 2 m<br \/>\nRattad: 1<br \/>\nKaal: 1.95 kg<br \/>\n<strong>Eeldatav tarneaeg 1-7 t\u00f6\u00f6p\u00e4eva<\/strong><\/p>\n","protected":false},"featured_media":21739,"template":"","meta":{"inline_featured_image":false},"product_cat":[1079,1094,1103,896],"product_tag":[257,1813,2238,2240,2247,2251,2258,259],"class_list":{"0":"post-21720","1":"product","2":"type-product","3":"status-publish","4":"has-post-thumbnail","6":"product_brand-konner-sohnen","7":"product_cat-aiatehnika-ja-niidutehnika","8":"product_cat-akutooriistad","9":"product_cat-akutrimmerid","10":"product_cat-trimmerid-vosaloikurid","11":"product_tag-akutrimmer","12":"product_tag-konner-sohnen","13":"product_tag-ks-20v2-1","14":"product_tag-ks-20v4-1","15":"product_tag-ks-c24a","16":"product_tag-ks-c45a","17":"product_tag-ks-mft-20v","18":"product_tag-trimmer","20":"first","21":"outofstock","22":"taxable","23":"shipping-taxable","24":"purchasable","25":"product-type-simple"},"yoast_head":"<!-- This site is optimized with the Yoast SEO plugin v27.4 - https:\/\/yoast.com\/product\/yoast-seo-wordpress\/ -->\n<title>K\u00f6nner &amp; S\u00f6hnen akutrimmer KS MFT-20V<\/title>\n<meta name=\"description\" content=\"K\u00f6nner &amp; S\u00f6hnen akutrimmer KS MFT-20V Trimmer t\u00f6\u00f6tab 20 V nominaalpinge ja on soovituslik kasutada akusid, mille mahutavus on 2 Ah v\u00f5i 4 Ah.\" \/>\n<meta name=\"robots\" content=\"index, follow, max-snippet:-1, max-image-preview:large, max-video-preview:-1\" \/>\n<link rel=\"canonical\" href=\"https:\/\/ranoja.ee\/toode\/konner-sohnen-akutrimmer-ks-mft-20v\/\" \/>\n<meta property=\"og:locale\" content=\"en_US\" \/>\n<meta property=\"og:type\" content=\"article\" \/>\n<meta property=\"og:title\" content=\"K\u00f6nner &amp; S\u00f6hnen akutrimmer KS MFT-20V\" \/>\n<meta property=\"og:description\" content=\"K\u00f6nner &amp; S\u00f6hnen akutrimmer KS MFT-20V Trimmer t\u00f6\u00f6tab 20 V nominaalpinge ja on soovituslik kasutada akusid, mille mahutavus on 2 Ah v\u00f5i 4 Ah.\" \/>\n<meta property=\"og:url\" content=\"https:\/\/ranoja.ee\/toode\/konner-sohnen-akutrimmer-ks-mft-20v\/\" \/>\n<meta property=\"og:site_name\" content=\"Ranoja\" \/>\n<meta property=\"article:publisher\" content=\"https:\/\/www.facebook.com\/ranoja.ee\" \/>\n<meta property=\"article:modified_time\" content=\"2026-04-08T07:00:07+00:00\" \/>\n<meta property=\"og:image\" content=\"https:\/\/ranoja.ee\/wp-content\/uploads\/2025\/09\/Konner-Sohnen-akutrimmer-KS-MFT-20V.webp\" \/>\n\t<meta property=\"og:image:width\" content=\"1600\" \/>\n\t<meta property=\"og:image:height\" content=\"1600\" \/>\n\t<meta property=\"og:image:type\" content=\"image\/webp\" \/>\n<meta name=\"twitter:card\" content=\"summary_large_image\" \/>\n<meta name=\"twitter:label1\" content=\"Est. reading time\" \/>\n\t<meta name=\"twitter:data1\" content=\"2 minutes\" \/>\n<script type=\"application\/ld+json\" class=\"yoast-schema-graph\">{\"@context\":\"https:\\\/\\\/schema.org\",\"@graph\":[{\"@type\":\"WebPage\",\"@id\":\"https:\\\/\\\/ranoja.ee\\\/toode\\\/konner-sohnen-akutrimmer-ks-mft-20v\\\/\",\"url\":\"https:\\\/\\\/ranoja.ee\\\/toode\\\/konner-sohnen-akutrimmer-ks-mft-20v\\\/\",\"name\":\"K\u00f6nner & S\u00f6hnen akutrimmer KS MFT-20V\",\"isPartOf\":{\"@id\":\"https:\\\/\\\/ranoja.ee\\\/#website\"},\"primaryImageOfPage\":{\"@id\":\"https:\\\/\\\/ranoja.ee\\\/toode\\\/konner-sohnen-akutrimmer-ks-mft-20v\\\/#primaryimage\"},\"image\":{\"@id\":\"https:\\\/\\\/ranoja.ee\\\/toode\\\/konner-sohnen-akutrimmer-ks-mft-20v\\\/#primaryimage\"},\"thumbnailUrl\":\"https:\\\/\\\/ranoja.ee\\\/wp-content\\\/uploads\\\/2025\\\/09\\\/Konner-Sohnen-akutrimmer-KS-MFT-20V.webp\",\"datePublished\":\"2025-09-26T10:38:36+00:00\",\"dateModified\":\"2026-04-08T07:00:07+00:00\",\"description\":\"K\u00f6nner & S\u00f6hnen akutrimmer KS MFT-20V Trimmer t\u00f6\u00f6tab 20 V nominaalpinge ja on soovituslik kasutada akusid, mille mahutavus on 2 Ah v\u00f5i 4 Ah.\",\"breadcrumb\":{\"@id\":\"https:\\\/\\\/ranoja.ee\\\/toode\\\/konner-sohnen-akutrimmer-ks-mft-20v\\\/#breadcrumb\"},\"inLanguage\":\"en-US\",\"potentialAction\":[{\"@type\":\"ReadAction\",\"target\":[\"https:\\\/\\\/ranoja.ee\\\/toode\\\/konner-sohnen-akutrimmer-ks-mft-20v\\\/\"]}]},{\"@type\":\"ImageObject\",\"inLanguage\":\"en-US\",\"@id\":\"https:\\\/\\\/ranoja.ee\\\/toode\\\/konner-sohnen-akutrimmer-ks-mft-20v\\\/#primaryimage\",\"url\":\"https:\\\/\\\/ranoja.ee\\\/wp-content\\\/uploads\\\/2025\\\/09\\\/Konner-Sohnen-akutrimmer-KS-MFT-20V.webp\",\"contentUrl\":\"https:\\\/\\\/ranoja.ee\\\/wp-content\\\/uploads\\\/2025\\\/09\\\/Konner-Sohnen-akutrimmer-KS-MFT-20V.webp\",\"width\":1600,\"height\":1600,\"caption\":\"K\u00f6nner & S\u00f6hnen akutrimmer KS MFT-20V\"},{\"@type\":\"BreadcrumbList\",\"@id\":\"https:\\\/\\\/ranoja.ee\\\/toode\\\/konner-sohnen-akutrimmer-ks-mft-20v\\\/#breadcrumb\",\"itemListElement\":[{\"@type\":\"ListItem\",\"position\":1,\"name\":\"Home\",\"item\":\"https:\\\/\\\/ranoja.ee\\\/\"},{\"@type\":\"ListItem\",\"position\":2,\"name\":\"Shop\",\"item\":\"https:\\\/\\\/ranoja.ee\\\/en\\\/shop\\\/\"},{\"@type\":\"ListItem\",\"position\":3,\"name\":\"K\u00f6nner &#038; S\u00f6hnen akutrimmer KS MFT-20V\"}]},{\"@type\":\"WebSite\",\"@id\":\"https:\\\/\\\/ranoja.ee\\\/#website\",\"url\":\"https:\\\/\\\/ranoja.ee\\\/\",\"name\":\"Ranoja\",\"description\":\"Equipment Shop WooCommerce WordPress Theme for Machine &amp; Tools\",\"publisher\":{\"@id\":\"https:\\\/\\\/ranoja.ee\\\/#organization\"},\"potentialAction\":[{\"@type\":\"SearchAction\",\"target\":{\"@type\":\"EntryPoint\",\"urlTemplate\":\"https:\\\/\\\/ranoja.ee\\\/?s={search_term_string}\"},\"query-input\":{\"@type\":\"PropertyValueSpecification\",\"valueRequired\":true,\"valueName\":\"search_term_string\"}}],\"inLanguage\":\"en-US\"},{\"@type\":\"Organization\",\"@id\":\"https:\\\/\\\/ranoja.ee\\\/#organization\",\"name\":\"Ranoja O\u00dc\",\"url\":\"https:\\\/\\\/ranoja.ee\\\/\",\"logo\":{\"@type\":\"ImageObject\",\"inLanguage\":\"en-US\",\"@id\":\"https:\\\/\\\/ranoja.ee\\\/#\\\/schema\\\/logo\\\/image\\\/\",\"url\":\"https:\\\/\\\/ranoja.ee\\\/wp-content\\\/uploads\\\/2023\\\/11\\\/ranoja-Logo.png\",\"contentUrl\":\"https:\\\/\\\/ranoja.ee\\\/wp-content\\\/uploads\\\/2023\\\/11\\\/ranoja-Logo.png\",\"width\":207,\"height\":58,\"caption\":\"Ranoja O\u00dc\"},\"image\":{\"@id\":\"https:\\\/\\\/ranoja.ee\\\/#\\\/schema\\\/logo\\\/image\\\/\"},\"sameAs\":[\"https:\\\/\\\/www.facebook.com\\\/ranoja.ee\",\"https:\\\/\\\/www.instagram.com\\\/ranoja__\\\/\"]}]}<\/script>\n<!-- \/ Yoast SEO plugin. -->","yoast_head_json":{"title":"K\u00f6nner & S\u00f6hnen akutrimmer KS MFT-20V","description":"K\u00f6nner & S\u00f6hnen akutrimmer KS MFT-20V Trimmer t\u00f6\u00f6tab 20 V nominaalpinge ja on soovituslik kasutada akusid, mille mahutavus on 2 Ah v\u00f5i 4 Ah.","robots":{"index":"index","follow":"follow","max-snippet":"max-snippet:-1","max-image-preview":"max-image-preview:large","max-video-preview":"max-video-preview:-1"},"canonical":"https:\/\/ranoja.ee\/toode\/konner-sohnen-akutrimmer-ks-mft-20v\/","og_locale":"en_US","og_type":"article","og_title":"K\u00f6nner & S\u00f6hnen akutrimmer KS MFT-20V","og_description":"K\u00f6nner & S\u00f6hnen akutrimmer KS MFT-20V Trimmer t\u00f6\u00f6tab 20 V nominaalpinge ja on soovituslik kasutada akusid, mille mahutavus on 2 Ah v\u00f5i 4 Ah.","og_url":"https:\/\/ranoja.ee\/toode\/konner-sohnen-akutrimmer-ks-mft-20v\/","og_site_name":"Ranoja","article_publisher":"https:\/\/www.facebook.com\/ranoja.ee","article_modified_time":"2026-04-08T07:00:07+00:00","og_image":[{"width":1600,"height":1600,"url":"https:\/\/ranoja.ee\/wp-content\/uploads\/2025\/09\/Konner-Sohnen-akutrimmer-KS-MFT-20V.webp","type":"image\/webp"}],"twitter_card":"summary_large_image","twitter_misc":{"Est. reading time":"2 minutes"},"schema":{"@context":"https:\/\/schema.org","@graph":[{"@type":"WebPage","@id":"https:\/\/ranoja.ee\/toode\/konner-sohnen-akutrimmer-ks-mft-20v\/","url":"https:\/\/ranoja.ee\/toode\/konner-sohnen-akutrimmer-ks-mft-20v\/","name":"K\u00f6nner & S\u00f6hnen akutrimmer KS MFT-20V","isPartOf":{"@id":"https:\/\/ranoja.ee\/#website"},"primaryImageOfPage":{"@id":"https:\/\/ranoja.ee\/toode\/konner-sohnen-akutrimmer-ks-mft-20v\/#primaryimage"},"image":{"@id":"https:\/\/ranoja.ee\/toode\/konner-sohnen-akutrimmer-ks-mft-20v\/#primaryimage"},"thumbnailUrl":"https:\/\/ranoja.ee\/wp-content\/uploads\/2025\/09\/Konner-Sohnen-akutrimmer-KS-MFT-20V.webp","datePublished":"2025-09-26T10:38:36+00:00","dateModified":"2026-04-08T07:00:07+00:00","description":"K\u00f6nner & S\u00f6hnen akutrimmer KS MFT-20V Trimmer t\u00f6\u00f6tab 20 V nominaalpinge ja on soovituslik kasutada akusid, mille mahutavus on 2 Ah v\u00f5i 4 Ah.","breadcrumb":{"@id":"https:\/\/ranoja.ee\/toode\/konner-sohnen-akutrimmer-ks-mft-20v\/#breadcrumb"},"inLanguage":"en-US","potentialAction":[{"@type":"ReadAction","target":["https:\/\/ranoja.ee\/toode\/konner-sohnen-akutrimmer-ks-mft-20v\/"]}]},{"@type":"ImageObject","inLanguage":"en-US","@id":"https:\/\/ranoja.ee\/toode\/konner-sohnen-akutrimmer-ks-mft-20v\/#primaryimage","url":"https:\/\/ranoja.ee\/wp-content\/uploads\/2025\/09\/Konner-Sohnen-akutrimmer-KS-MFT-20V.webp","contentUrl":"https:\/\/ranoja.ee\/wp-content\/uploads\/2025\/09\/Konner-Sohnen-akutrimmer-KS-MFT-20V.webp","width":1600,"height":1600,"caption":"K\u00f6nner & S\u00f6hnen akutrimmer KS MFT-20V"},{"@type":"BreadcrumbList","@id":"https:\/\/ranoja.ee\/toode\/konner-sohnen-akutrimmer-ks-mft-20v\/#breadcrumb","itemListElement":[{"@type":"ListItem","position":1,"name":"Home","item":"https:\/\/ranoja.ee\/"},{"@type":"ListItem","position":2,"name":"Shop","item":"https:\/\/ranoja.ee\/en\/shop\/"},{"@type":"ListItem","position":3,"name":"K\u00f6nner &#038; S\u00f6hnen akutrimmer KS MFT-20V"}]},{"@type":"WebSite","@id":"https:\/\/ranoja.ee\/#website","url":"https:\/\/ranoja.ee\/","name":"Ranoja","description":"Equipment Shop WooCommerce WordPress Theme for Machine &amp; Tools","publisher":{"@id":"https:\/\/ranoja.ee\/#organization"},"potentialAction":[{"@type":"SearchAction","target":{"@type":"EntryPoint","urlTemplate":"https:\/\/ranoja.ee\/?s={search_term_string}"},"query-input":{"@type":"PropertyValueSpecification","valueRequired":true,"valueName":"search_term_string"}}],"inLanguage":"en-US"},{"@type":"Organization","@id":"https:\/\/ranoja.ee\/#organization","name":"Ranoja O\u00dc","url":"https:\/\/ranoja.ee\/","logo":{"@type":"ImageObject","inLanguage":"en-US","@id":"https:\/\/ranoja.ee\/#\/schema\/logo\/image\/","url":"https:\/\/ranoja.ee\/wp-content\/uploads\/2023\/11\/ranoja-Logo.png","contentUrl":"https:\/\/ranoja.ee\/wp-content\/uploads\/2023\/11\/ranoja-Logo.png","width":207,"height":58,"caption":"Ranoja O\u00dc"},"image":{"@id":"https:\/\/ranoja.ee\/#\/schema\/logo\/image\/"},"sameAs":["https:\/\/www.facebook.com\/ranoja.ee","https:\/\/www.instagram.com\/ranoja__\/"]}]}},"_links":{"self":[{"href":"https:\/\/ranoja.ee\/en\/wp-json\/wp\/v2\/product\/21720","targetHints":{"allow":["GET"]}}],"collection":[{"href":"https:\/\/ranoja.ee\/en\/wp-json\/wp\/v2\/product"}],"about":[{"href":"https:\/\/ranoja.ee\/en\/wp-json\/wp\/v2\/types\/product"}],"wp:featuredmedia":[{"embeddable":true,"href":"https:\/\/ranoja.ee\/en\/wp-json\/wp\/v2\/media\/21739"}],"wp:attachment":[{"href":"https:\/\/ranoja.ee\/en\/wp-json\/wp\/v2\/media?parent=21720"}],"wp:term":[{"taxonomy":"product_cat","embeddable":true,"href":"https:\/\/ranoja.ee\/en\/wp-json\/wp\/v2\/product_cat?post=21720"},{"taxonomy":"product_tag","embeddable":true,"href":"https:\/\/ranoja.ee\/en\/wp-json\/wp\/v2\/product_tag?post=21720"}],"curies":[{"name":"wp","href":"https:\/\/api.w.org\/{rel}","templated":true}]}}