{"id":21695,"date":"2025-09-26T13:07:42","date_gmt":"2025-09-26T10:07:42","guid":{"rendered":"https:\/\/ranoja.ee\/?post_type=product&#038;p=21695"},"modified":"2026-04-08T10:00:07","modified_gmt":"2026-04-08T07:00:07","slug":"konner-sohnen-akutrimmer-ks-gt-20v","status":"publish","type":"product","link":"https:\/\/ranoja.ee\/en\/toode\/konner-sohnen-akutrimmer-ks-gt-20v\/","title":{"rendered":"K\u00f6nner &#038; S\u00f6hnen akutrimmer KS GT-20V"},"content":{"rendered":"<p>K\u00f6nner &#038; S\u00f6hnen akutrimmer KS GT-20V<\/p>\n<p>20 V liitium-ioon akuga varustatud juhtmeta trimmer, mis on m\u00f5eldud muru servade, piire ja umbrohtu korrastamiseks koduaias. See seade sobib eriti h\u00e4sti kasutajatele, kes soovivad liikuda vabalt ilma voolujuhtmetest s\u00f5ltumata ning v\u00e4\u00e4rtustavad mugavust ja lihtsust. Kuna aku ja laadija ei ole komplektis. On v\u00f5imalik kasutada br\u00e4ndi 20 V akus\u00fcsteemi erinevaid aku-v\u00f5imalusi (nt 2 Ah v\u00f5i 4 Ah), mis muudab selle mudeli paindlikuks ja kulut\u00f5husaks.<\/p>\n<p>Trimmeri mootor t\u00f6\u00f6tab t\u00fchik\u00e4igul kiirusega umbes 8500 p\/min. Mis v\u00f5imaldab saavutada \u00fcsna kiire l\u00f5ike ja sujuva t\u00f6\u00f6 ka tihedamas muru v\u00f5i umbrohu korral. L\u00f5ikelaiust tamiiliga on 250 mm, mis on piisavalt lai, et efektiivselt katta muru servad ja piirded. Samal ajal j\u00e4\u00e4des piisavalt t\u00e4pseks, et navigeerida kitsastes kohtades. Lisaks on kaasas ka niit-teradega pea, mille l\u00f5ikelaius on umbes 220 mm, mis lisab v\u00f5imsust ja v\u00f5imaldab v\u00f5tta ette ka tugevamaid taimkattega alasid.<\/p>\n<p>Niitn\u00f6\u00f6ri paksus umbes 1,6 mm \u2012 ja tamiili pikkus 4 m, v\u00f5imaldavad t\u00f6\u00f6 j\u00e4tkumist ilma tihti n\u00f6\u00f6ri vahetamata. Trimmeril on tugi-ratas, mis aitab hoida \u00fchtlast l\u00f5ikejoont \u00e4\u00e4retes ja piiridelt. Kaasaegsed ergonoomilised elemendid nagu kummist k\u00e4epide ja p\u00f6\u00f6ratav lisak\u00e4epide aitavad v\u00e4hendada v\u00e4simust pikema t\u00f6\u00f6 jooksul.<\/p>\n<p>KS GT-20V kaal j\u00e4\u00e4b umbes 1.95 kg, mis teeb seadme \u00fcsna kergeks ja mugavaks k\u00e4sitseda. M\u00fcra tase on m\u00f5\u00f5dukas \u2013 ligikaudu 71 dB(A) kasutaja l\u00e4hedal ja 96 dB(A) t\u00f6\u00f6\u00fclesannete maksimaalses koormuses. Teleskoopvarras ning vari-nurga seadistus v\u00f5imaldavad kohandamist vastavalt kasutaja k\u00f5rgusele ja t\u00f6\u00f6pinna tingimustele.<\/p>\n<p>K\u00f6nner &#038; S\u00f6hnen akutrimmer KS GT-20V<\/p>\n","protected":false},"excerpt":{"rendered":"<p>K\u00f6nner &#038; S\u00f6hnen akutrimmer KS GT-20V<br \/>\n<strong>Aku ja laadija ei kuulu komplekti<\/strong><br \/>\nKomplektis: Akutoitel trimmer, terade hoiukast, 2 \u00d7 pooli (1 eelpaigaldatud), kaitsekate, tugiratas, lisak\u00e4epide, 4 \u00d7 ristpeaga kruvi<br \/>\nPinge: 20 V<br \/>\nVajalike akude arv: 1<br \/>\nSoovitatav aku mahtuvus: 2 Ah, 4 Ah<br \/>\nAku t\u00fc\u00fcp: Liitiumioonaku<br \/>\nMootori t\u00fc\u00fcp: Harjadeta mootor<br \/>\nT\u00fchik\u00e4igukiirus: 8500 p\/min<br \/>\nL\u00f5ikelaius: 250 mm<br \/>\nTrimmeri l\u00f5iken\u00f6\u00f6ri paksus: 1.6 mm<br \/>\nTamiili pikkus: 4 m<br \/>\nRattad: 1<br \/>\nKaal: 1.95 kg<br \/>\n<strong>Eeldatav tarneaeg 1-7 t\u00f6\u00f6p\u00e4eva<\/strong><\/p>\n","protected":false},"featured_media":21718,"template":"","meta":{"inline_featured_image":false},"product_cat":[1079,1094,1103,896],"product_tag":[257,1813,2238,2240,2247,2251,2257,259],"class_list":{"0":"post-21695","1":"product","2":"type-product","3":"status-publish","4":"has-post-thumbnail","6":"product_brand-konner-sohnen","7":"product_cat-aiatehnika-ja-niidutehnika","8":"product_cat-akutooriistad","9":"product_cat-akutrimmerid","10":"product_cat-trimmerid-vosaloikurid","11":"product_tag-akutrimmer","12":"product_tag-konner-sohnen","13":"product_tag-ks-20v2-1","14":"product_tag-ks-20v4-1","15":"product_tag-ks-c24a","16":"product_tag-ks-c45a","17":"product_tag-ks-gt-20v","18":"product_tag-trimmer","20":"first","21":"outofstock","22":"taxable","23":"shipping-taxable","24":"purchasable","25":"product-type-simple"},"yoast_head":"<!-- This site is optimized with the Yoast SEO plugin v27.4 - https:\/\/yoast.com\/product\/yoast-seo-wordpress\/ -->\n<title>K\u00f6nner &amp; S\u00f6hnen akutrimmer KS GT-20V<\/title>\n<meta name=\"description\" content=\"K\u00f6nner &amp; S\u00f6hnen akutrimmer KS GT-20V Ergonoomilised elemendid nagu kummist k\u00e4epide ja p\u00f6\u00f6ratav lisak\u00e4epide aitavad v\u00e4hendada v\u00e4simust pikema t\u00f6\u00f6 jooksul.\" \/>\n<meta name=\"robots\" content=\"index, follow, max-snippet:-1, max-image-preview:large, max-video-preview:-1\" \/>\n<link rel=\"canonical\" href=\"https:\/\/ranoja.ee\/toode\/konner-sohnen-akutrimmer-ks-gt-20v\/\" \/>\n<meta property=\"og:locale\" content=\"en_US\" \/>\n<meta property=\"og:type\" content=\"article\" \/>\n<meta property=\"og:title\" content=\"K\u00f6nner &amp; S\u00f6hnen akutrimmer KS GT-20V\" \/>\n<meta property=\"og:description\" content=\"K\u00f6nner &amp; S\u00f6hnen akutrimmer KS GT-20V Ergonoomilised elemendid nagu kummist k\u00e4epide ja p\u00f6\u00f6ratav lisak\u00e4epide aitavad v\u00e4hendada v\u00e4simust pikema t\u00f6\u00f6 jooksul.\" \/>\n<meta property=\"og:url\" content=\"https:\/\/ranoja.ee\/toode\/konner-sohnen-akutrimmer-ks-gt-20v\/\" \/>\n<meta property=\"og:site_name\" content=\"Ranoja\" \/>\n<meta property=\"article:publisher\" content=\"https:\/\/www.facebook.com\/ranoja.ee\" \/>\n<meta property=\"article:modified_time\" content=\"2026-04-08T07:00:07+00:00\" \/>\n<meta property=\"og:image\" content=\"https:\/\/ranoja.ee\/wp-content\/uploads\/2025\/09\/Konner-Sohnen-akutrimmer-KS-GT-20V.webp\" \/>\n\t<meta property=\"og:image:width\" content=\"1600\" \/>\n\t<meta property=\"og:image:height\" content=\"1600\" \/>\n\t<meta property=\"og:image:type\" content=\"image\/webp\" \/>\n<meta name=\"twitter:card\" content=\"summary_large_image\" \/>\n<meta name=\"twitter:label1\" content=\"Est. reading time\" \/>\n\t<meta name=\"twitter:data1\" content=\"2 minutes\" \/>\n<script type=\"application\/ld+json\" class=\"yoast-schema-graph\">{\"@context\":\"https:\\\/\\\/schema.org\",\"@graph\":[{\"@type\":\"WebPage\",\"@id\":\"https:\\\/\\\/ranoja.ee\\\/toode\\\/konner-sohnen-akutrimmer-ks-gt-20v\\\/\",\"url\":\"https:\\\/\\\/ranoja.ee\\\/toode\\\/konner-sohnen-akutrimmer-ks-gt-20v\\\/\",\"name\":\"K\u00f6nner & S\u00f6hnen akutrimmer KS GT-20V\",\"isPartOf\":{\"@id\":\"https:\\\/\\\/ranoja.ee\\\/#website\"},\"primaryImageOfPage\":{\"@id\":\"https:\\\/\\\/ranoja.ee\\\/toode\\\/konner-sohnen-akutrimmer-ks-gt-20v\\\/#primaryimage\"},\"image\":{\"@id\":\"https:\\\/\\\/ranoja.ee\\\/toode\\\/konner-sohnen-akutrimmer-ks-gt-20v\\\/#primaryimage\"},\"thumbnailUrl\":\"https:\\\/\\\/ranoja.ee\\\/wp-content\\\/uploads\\\/2025\\\/09\\\/Konner-Sohnen-akutrimmer-KS-GT-20V.webp\",\"datePublished\":\"2025-09-26T10:07:42+00:00\",\"dateModified\":\"2026-04-08T07:00:07+00:00\",\"description\":\"K\u00f6nner & S\u00f6hnen akutrimmer KS GT-20V Ergonoomilised elemendid nagu kummist k\u00e4epide ja p\u00f6\u00f6ratav lisak\u00e4epide aitavad v\u00e4hendada v\u00e4simust pikema t\u00f6\u00f6 jooksul.\",\"breadcrumb\":{\"@id\":\"https:\\\/\\\/ranoja.ee\\\/toode\\\/konner-sohnen-akutrimmer-ks-gt-20v\\\/#breadcrumb\"},\"inLanguage\":\"en-US\",\"potentialAction\":[{\"@type\":\"ReadAction\",\"target\":[\"https:\\\/\\\/ranoja.ee\\\/toode\\\/konner-sohnen-akutrimmer-ks-gt-20v\\\/\"]}]},{\"@type\":\"ImageObject\",\"inLanguage\":\"en-US\",\"@id\":\"https:\\\/\\\/ranoja.ee\\\/toode\\\/konner-sohnen-akutrimmer-ks-gt-20v\\\/#primaryimage\",\"url\":\"https:\\\/\\\/ranoja.ee\\\/wp-content\\\/uploads\\\/2025\\\/09\\\/Konner-Sohnen-akutrimmer-KS-GT-20V.webp\",\"contentUrl\":\"https:\\\/\\\/ranoja.ee\\\/wp-content\\\/uploads\\\/2025\\\/09\\\/Konner-Sohnen-akutrimmer-KS-GT-20V.webp\",\"width\":1600,\"height\":1600,\"caption\":\"K\u00f6nner & S\u00f6hnen akutrimmer KS GT-20V\"},{\"@type\":\"BreadcrumbList\",\"@id\":\"https:\\\/\\\/ranoja.ee\\\/toode\\\/konner-sohnen-akutrimmer-ks-gt-20v\\\/#breadcrumb\",\"itemListElement\":[{\"@type\":\"ListItem\",\"position\":1,\"name\":\"Home\",\"item\":\"https:\\\/\\\/ranoja.ee\\\/\"},{\"@type\":\"ListItem\",\"position\":2,\"name\":\"Shop\",\"item\":\"https:\\\/\\\/ranoja.ee\\\/en\\\/shop\\\/\"},{\"@type\":\"ListItem\",\"position\":3,\"name\":\"K\u00f6nner &#038; S\u00f6hnen akutrimmer KS GT-20V\"}]},{\"@type\":\"WebSite\",\"@id\":\"https:\\\/\\\/ranoja.ee\\\/#website\",\"url\":\"https:\\\/\\\/ranoja.ee\\\/\",\"name\":\"Ranoja\",\"description\":\"Equipment Shop WooCommerce WordPress Theme for Machine &amp; Tools\",\"publisher\":{\"@id\":\"https:\\\/\\\/ranoja.ee\\\/#organization\"},\"potentialAction\":[{\"@type\":\"SearchAction\",\"target\":{\"@type\":\"EntryPoint\",\"urlTemplate\":\"https:\\\/\\\/ranoja.ee\\\/?s={search_term_string}\"},\"query-input\":{\"@type\":\"PropertyValueSpecification\",\"valueRequired\":true,\"valueName\":\"search_term_string\"}}],\"inLanguage\":\"en-US\"},{\"@type\":\"Organization\",\"@id\":\"https:\\\/\\\/ranoja.ee\\\/#organization\",\"name\":\"Ranoja O\u00dc\",\"url\":\"https:\\\/\\\/ranoja.ee\\\/\",\"logo\":{\"@type\":\"ImageObject\",\"inLanguage\":\"en-US\",\"@id\":\"https:\\\/\\\/ranoja.ee\\\/#\\\/schema\\\/logo\\\/image\\\/\",\"url\":\"https:\\\/\\\/ranoja.ee\\\/wp-content\\\/uploads\\\/2023\\\/11\\\/ranoja-Logo.png\",\"contentUrl\":\"https:\\\/\\\/ranoja.ee\\\/wp-content\\\/uploads\\\/2023\\\/11\\\/ranoja-Logo.png\",\"width\":207,\"height\":58,\"caption\":\"Ranoja O\u00dc\"},\"image\":{\"@id\":\"https:\\\/\\\/ranoja.ee\\\/#\\\/schema\\\/logo\\\/image\\\/\"},\"sameAs\":[\"https:\\\/\\\/www.facebook.com\\\/ranoja.ee\",\"https:\\\/\\\/www.instagram.com\\\/ranoja__\\\/\"]}]}<\/script>\n<!-- \/ Yoast SEO plugin. -->","yoast_head_json":{"title":"K\u00f6nner & S\u00f6hnen akutrimmer KS GT-20V","description":"K\u00f6nner & S\u00f6hnen akutrimmer KS GT-20V Ergonoomilised elemendid nagu kummist k\u00e4epide ja p\u00f6\u00f6ratav lisak\u00e4epide aitavad v\u00e4hendada v\u00e4simust pikema t\u00f6\u00f6 jooksul.","robots":{"index":"index","follow":"follow","max-snippet":"max-snippet:-1","max-image-preview":"max-image-preview:large","max-video-preview":"max-video-preview:-1"},"canonical":"https:\/\/ranoja.ee\/toode\/konner-sohnen-akutrimmer-ks-gt-20v\/","og_locale":"en_US","og_type":"article","og_title":"K\u00f6nner & S\u00f6hnen akutrimmer KS GT-20V","og_description":"K\u00f6nner & S\u00f6hnen akutrimmer KS GT-20V Ergonoomilised elemendid nagu kummist k\u00e4epide ja p\u00f6\u00f6ratav lisak\u00e4epide aitavad v\u00e4hendada v\u00e4simust pikema t\u00f6\u00f6 jooksul.","og_url":"https:\/\/ranoja.ee\/toode\/konner-sohnen-akutrimmer-ks-gt-20v\/","og_site_name":"Ranoja","article_publisher":"https:\/\/www.facebook.com\/ranoja.ee","article_modified_time":"2026-04-08T07:00:07+00:00","og_image":[{"width":1600,"height":1600,"url":"https:\/\/ranoja.ee\/wp-content\/uploads\/2025\/09\/Konner-Sohnen-akutrimmer-KS-GT-20V.webp","type":"image\/webp"}],"twitter_card":"summary_large_image","twitter_misc":{"Est. reading time":"2 minutes"},"schema":{"@context":"https:\/\/schema.org","@graph":[{"@type":"WebPage","@id":"https:\/\/ranoja.ee\/toode\/konner-sohnen-akutrimmer-ks-gt-20v\/","url":"https:\/\/ranoja.ee\/toode\/konner-sohnen-akutrimmer-ks-gt-20v\/","name":"K\u00f6nner & S\u00f6hnen akutrimmer KS GT-20V","isPartOf":{"@id":"https:\/\/ranoja.ee\/#website"},"primaryImageOfPage":{"@id":"https:\/\/ranoja.ee\/toode\/konner-sohnen-akutrimmer-ks-gt-20v\/#primaryimage"},"image":{"@id":"https:\/\/ranoja.ee\/toode\/konner-sohnen-akutrimmer-ks-gt-20v\/#primaryimage"},"thumbnailUrl":"https:\/\/ranoja.ee\/wp-content\/uploads\/2025\/09\/Konner-Sohnen-akutrimmer-KS-GT-20V.webp","datePublished":"2025-09-26T10:07:42+00:00","dateModified":"2026-04-08T07:00:07+00:00","description":"K\u00f6nner & S\u00f6hnen akutrimmer KS GT-20V Ergonoomilised elemendid nagu kummist k\u00e4epide ja p\u00f6\u00f6ratav lisak\u00e4epide aitavad v\u00e4hendada v\u00e4simust pikema t\u00f6\u00f6 jooksul.","breadcrumb":{"@id":"https:\/\/ranoja.ee\/toode\/konner-sohnen-akutrimmer-ks-gt-20v\/#breadcrumb"},"inLanguage":"en-US","potentialAction":[{"@type":"ReadAction","target":["https:\/\/ranoja.ee\/toode\/konner-sohnen-akutrimmer-ks-gt-20v\/"]}]},{"@type":"ImageObject","inLanguage":"en-US","@id":"https:\/\/ranoja.ee\/toode\/konner-sohnen-akutrimmer-ks-gt-20v\/#primaryimage","url":"https:\/\/ranoja.ee\/wp-content\/uploads\/2025\/09\/Konner-Sohnen-akutrimmer-KS-GT-20V.webp","contentUrl":"https:\/\/ranoja.ee\/wp-content\/uploads\/2025\/09\/Konner-Sohnen-akutrimmer-KS-GT-20V.webp","width":1600,"height":1600,"caption":"K\u00f6nner & S\u00f6hnen akutrimmer KS GT-20V"},{"@type":"BreadcrumbList","@id":"https:\/\/ranoja.ee\/toode\/konner-sohnen-akutrimmer-ks-gt-20v\/#breadcrumb","itemListElement":[{"@type":"ListItem","position":1,"name":"Home","item":"https:\/\/ranoja.ee\/"},{"@type":"ListItem","position":2,"name":"Shop","item":"https:\/\/ranoja.ee\/en\/shop\/"},{"@type":"ListItem","position":3,"name":"K\u00f6nner &#038; S\u00f6hnen akutrimmer KS GT-20V"}]},{"@type":"WebSite","@id":"https:\/\/ranoja.ee\/#website","url":"https:\/\/ranoja.ee\/","name":"Ranoja","description":"Equipment Shop WooCommerce WordPress Theme for Machine &amp; Tools","publisher":{"@id":"https:\/\/ranoja.ee\/#organization"},"potentialAction":[{"@type":"SearchAction","target":{"@type":"EntryPoint","urlTemplate":"https:\/\/ranoja.ee\/?s={search_term_string}"},"query-input":{"@type":"PropertyValueSpecification","valueRequired":true,"valueName":"search_term_string"}}],"inLanguage":"en-US"},{"@type":"Organization","@id":"https:\/\/ranoja.ee\/#organization","name":"Ranoja O\u00dc","url":"https:\/\/ranoja.ee\/","logo":{"@type":"ImageObject","inLanguage":"en-US","@id":"https:\/\/ranoja.ee\/#\/schema\/logo\/image\/","url":"https:\/\/ranoja.ee\/wp-content\/uploads\/2023\/11\/ranoja-Logo.png","contentUrl":"https:\/\/ranoja.ee\/wp-content\/uploads\/2023\/11\/ranoja-Logo.png","width":207,"height":58,"caption":"Ranoja O\u00dc"},"image":{"@id":"https:\/\/ranoja.ee\/#\/schema\/logo\/image\/"},"sameAs":["https:\/\/www.facebook.com\/ranoja.ee","https:\/\/www.instagram.com\/ranoja__\/"]}]}},"_links":{"self":[{"href":"https:\/\/ranoja.ee\/en\/wp-json\/wp\/v2\/product\/21695","targetHints":{"allow":["GET"]}}],"collection":[{"href":"https:\/\/ranoja.ee\/en\/wp-json\/wp\/v2\/product"}],"about":[{"href":"https:\/\/ranoja.ee\/en\/wp-json\/wp\/v2\/types\/product"}],"wp:featuredmedia":[{"embeddable":true,"href":"https:\/\/ranoja.ee\/en\/wp-json\/wp\/v2\/media\/21718"}],"wp:attachment":[{"href":"https:\/\/ranoja.ee\/en\/wp-json\/wp\/v2\/media?parent=21695"}],"wp:term":[{"taxonomy":"product_cat","embeddable":true,"href":"https:\/\/ranoja.ee\/en\/wp-json\/wp\/v2\/product_cat?post=21695"},{"taxonomy":"product_tag","embeddable":true,"href":"https:\/\/ranoja.ee\/en\/wp-json\/wp\/v2\/product_tag?post=21695"}],"curies":[{"name":"wp","href":"https:\/\/api.w.org\/{rel}","templated":true}]}}