{"id":21678,"date":"2025-09-26T12:50:31","date_gmt":"2025-09-26T09:50:31","guid":{"rendered":"https:\/\/ranoja.ee\/?post_type=product&#038;p=21678"},"modified":"2026-04-08T10:00:07","modified_gmt":"2026-04-08T07:00:07","slug":"konner-sohnen-akutrimmer-ks-bct-40v","status":"publish","type":"product","link":"https:\/\/ranoja.ee\/en\/toode\/konner-sohnen-akutrimmer-ks-bct-40v\/","title":{"rendered":"K\u00f6nner &#038; S\u00f6hnen akutrimmer KS BCT-40V"},"content":{"rendered":"<p>K\u00f6nner &#038; S\u00f6hnen akutrimmer KS BCT-40V<\/p>\n<p>V\u00f5imas ja mitmek\u00fclgne akutoitel trimmer, mis pakub kasutajale k\u00f5rget j\u00f5udlust ja paindlikkust. Seade t\u00f6\u00f6tab kahetasandilise 20V + 20V aku kombinatsiooniga, mis teeb kokku 40 V. V\u00f5imaldades suuremat v\u00f5imsust ja energiat n\u00f5udvates tingimustes. Soovitatavad akude mahutavused on 2 Ah kuni 8 Ah, s\u00f5ltuvalt kasutuskoormusest ja soovitud t\u00f6\u00f6ajast. Akud ja laadija ei kuulu komplekti, mis t\u00e4hendab, et need tuleb eraldi hankida.<\/p>\n<p>KS BCT-40V mootor on harjavaba, mis tagab t\u00f5husama t\u00f6\u00f6, v\u00e4hem hooldusvajadusi ja pikema t\u00f6\u00f6ea. T\u00fchik\u00e4igul saavutab seade p\u00f6\u00f6rded vahemikus umbes 5500-7500 p\/min. Mis annab piisava j\u00f5u nii n\u00f6\u00f6riga servade l\u00f5ikamiseks kui ka rohimislabaga paksemate taimede ja v\u00f5sa puhastamiseks.<\/p>\n<p>L\u00f5ikelaius tamiiliga on 300 mm ning ketaslaba puhul umbes 255 mm. Tamiili paksus on umbes 2 mm \u2013 see on piisav, et l\u00f5igata muru\u00e4\u00e4rte, servade ja v\u00e4iksemate rohuliblede puhul puhtalt ja efektiivselt. Ketaslaba v\u00f5imaldab v\u00f5tta ette ka tugevamaid umbrohte ja v\u00f5sa.<\/p>\n<p>Seade kaalub 3.6 kg, mis teeb selle piisavalt kergelt k\u00e4sitletavaks. \u00d5lahihmaga ja ergonoomilise varsasendiga kasutamine ei koorma liigselt selga ega k\u00e4si.<\/p>\n<p>Komplektis on trimmeril tavaliselt standardvarustus: trimmeri pea koos tamiiliga, ketaslaba (3-hambuline), kaitsekate ja juhend. Seade sobib h\u00e4sti kasutamiseks aeda piiride, servade, lillepeenarde \u00fcmber \u2013 ja samuti v\u00f5sa eemaldamiseks, kus on vaja rohkem j\u00f5udu \u2012 selleks sobib ketaslaba tarvik.<\/p>\n<p>K\u00f6nner &#038; S\u00f6hnen akutrimmer KS BCT-40V<\/p>\n","protected":false},"excerpt":{"rendered":"<p>K\u00f6nner &#038; S\u00f6hnen akutrimmer KS BCT-40V<br \/>\n<strong>Aku ja laadija ei kuulu komplekti<\/strong><br \/>\nPinge: 40 V, 20 V + 20 V<br \/>\nVajalike akude arv: 2<br \/>\nSoovitatav aku mahtuvus: 2 x 2 Ah, 2 x 4 Ah,2 x 6 AH, 2 x 8 AH<br \/>\nAku t\u00fc\u00fcp: Liitiumioonaku<br \/>\nMootori t\u00fc\u00fcp: Harjadeta mootor<br \/>\nT\u00fchik\u00e4igukiirus: 5500 \u2013 7500 p\/min<br \/>\nL\u00f5ikelaius tamiiliga: 300 mm<br \/>\nTera 3 &#8211; hambaline l\u00f5ikelaius: 255 mm<br \/>\nTrimmeri l\u00f5iken\u00f6\u00f6ri paksus: 2.0 mm<br \/>\nKaal: 3.6 kg<br \/>\n<strong>Eeldatav tarneaeg 1-7 t\u00f6\u00f6p\u00e4eva<\/strong><\/p>\n","protected":false},"featured_media":21693,"template":"","meta":{"inline_featured_image":false},"product_cat":[1079,1094,1103,896],"product_tag":[257,1813,2238,2240,2244,2246,2256,2247,2250,2251,259],"class_list":{"0":"post-21678","1":"product","2":"type-product","3":"status-publish","4":"has-post-thumbnail","6":"product_brand-konner-sohnen","7":"product_cat-aiatehnika-ja-niidutehnika","8":"product_cat-akutooriistad","9":"product_cat-akutrimmerid","10":"product_cat-trimmerid-vosaloikurid","11":"product_tag-akutrimmer","12":"product_tag-konner-sohnen","13":"product_tag-ks-20v2-1","14":"product_tag-ks-20v4-1","15":"product_tag-ks-20v6-2","16":"product_tag-ks-20v8-2","17":"product_tag-ks-bct-40v","18":"product_tag-ks-c24a","19":"product_tag-ks-c35a-2","20":"product_tag-ks-c45a","21":"product_tag-trimmer","23":"first","24":"outofstock","25":"taxable","26":"shipping-taxable","27":"purchasable","28":"product-type-simple"},"yoast_head":"<!-- This site is optimized with the Yoast SEO plugin v27.4 - https:\/\/yoast.com\/product\/yoast-seo-wordpress\/ -->\n<title>K\u00f6nner &amp; S\u00f6hnen akutrimmer KS BCT-40V<\/title>\n<meta name=\"description\" content=\"K\u00f6nner &amp; S\u00f6hnen akutrimmer KS BCT-40V Seade sobib h\u00e4sti kasutamiseks aeda piiride, servade, lillepeenarde \u00fcmber ja samuti v\u00f5sa eemaldamiseks.\" \/>\n<meta name=\"robots\" content=\"index, follow, max-snippet:-1, max-image-preview:large, max-video-preview:-1\" \/>\n<link rel=\"canonical\" href=\"https:\/\/ranoja.ee\/toode\/konner-sohnen-akutrimmer-ks-bct-40v\/\" \/>\n<meta property=\"og:locale\" content=\"en_US\" \/>\n<meta property=\"og:type\" content=\"article\" \/>\n<meta property=\"og:title\" content=\"K\u00f6nner &amp; S\u00f6hnen akutrimmer KS BCT-40V\" \/>\n<meta property=\"og:description\" content=\"K\u00f6nner &amp; S\u00f6hnen akutrimmer KS BCT-40V Seade sobib h\u00e4sti kasutamiseks aeda piiride, servade, lillepeenarde \u00fcmber ja samuti v\u00f5sa eemaldamiseks.\" \/>\n<meta property=\"og:url\" content=\"https:\/\/ranoja.ee\/toode\/konner-sohnen-akutrimmer-ks-bct-40v\/\" \/>\n<meta property=\"og:site_name\" content=\"Ranoja\" \/>\n<meta property=\"article:publisher\" content=\"https:\/\/www.facebook.com\/ranoja.ee\" \/>\n<meta property=\"article:modified_time\" content=\"2026-04-08T07:00:07+00:00\" \/>\n<meta property=\"og:image\" content=\"https:\/\/ranoja.ee\/wp-content\/uploads\/2025\/09\/Konner-Sohnen-akutrimmer-KS-BCT-40V.webp\" \/>\n\t<meta property=\"og:image:width\" content=\"1600\" \/>\n\t<meta property=\"og:image:height\" content=\"1600\" \/>\n\t<meta property=\"og:image:type\" content=\"image\/webp\" \/>\n<meta name=\"twitter:card\" content=\"summary_large_image\" \/>\n<meta name=\"twitter:label1\" content=\"Est. reading time\" \/>\n\t<meta name=\"twitter:data1\" content=\"2 minutes\" \/>\n<script type=\"application\/ld+json\" class=\"yoast-schema-graph\">{\"@context\":\"https:\\\/\\\/schema.org\",\"@graph\":[{\"@type\":\"WebPage\",\"@id\":\"https:\\\/\\\/ranoja.ee\\\/toode\\\/konner-sohnen-akutrimmer-ks-bct-40v\\\/\",\"url\":\"https:\\\/\\\/ranoja.ee\\\/toode\\\/konner-sohnen-akutrimmer-ks-bct-40v\\\/\",\"name\":\"K\u00f6nner & S\u00f6hnen akutrimmer KS BCT-40V\",\"isPartOf\":{\"@id\":\"https:\\\/\\\/ranoja.ee\\\/#website\"},\"primaryImageOfPage\":{\"@id\":\"https:\\\/\\\/ranoja.ee\\\/toode\\\/konner-sohnen-akutrimmer-ks-bct-40v\\\/#primaryimage\"},\"image\":{\"@id\":\"https:\\\/\\\/ranoja.ee\\\/toode\\\/konner-sohnen-akutrimmer-ks-bct-40v\\\/#primaryimage\"},\"thumbnailUrl\":\"https:\\\/\\\/ranoja.ee\\\/wp-content\\\/uploads\\\/2025\\\/09\\\/Konner-Sohnen-akutrimmer-KS-BCT-40V.webp\",\"datePublished\":\"2025-09-26T09:50:31+00:00\",\"dateModified\":\"2026-04-08T07:00:07+00:00\",\"description\":\"K\u00f6nner & S\u00f6hnen akutrimmer KS BCT-40V Seade sobib h\u00e4sti kasutamiseks aeda piiride, servade, lillepeenarde \u00fcmber ja samuti v\u00f5sa eemaldamiseks.\",\"breadcrumb\":{\"@id\":\"https:\\\/\\\/ranoja.ee\\\/toode\\\/konner-sohnen-akutrimmer-ks-bct-40v\\\/#breadcrumb\"},\"inLanguage\":\"en-US\",\"potentialAction\":[{\"@type\":\"ReadAction\",\"target\":[\"https:\\\/\\\/ranoja.ee\\\/toode\\\/konner-sohnen-akutrimmer-ks-bct-40v\\\/\"]}]},{\"@type\":\"ImageObject\",\"inLanguage\":\"en-US\",\"@id\":\"https:\\\/\\\/ranoja.ee\\\/toode\\\/konner-sohnen-akutrimmer-ks-bct-40v\\\/#primaryimage\",\"url\":\"https:\\\/\\\/ranoja.ee\\\/wp-content\\\/uploads\\\/2025\\\/09\\\/Konner-Sohnen-akutrimmer-KS-BCT-40V.webp\",\"contentUrl\":\"https:\\\/\\\/ranoja.ee\\\/wp-content\\\/uploads\\\/2025\\\/09\\\/Konner-Sohnen-akutrimmer-KS-BCT-40V.webp\",\"width\":1600,\"height\":1600,\"caption\":\"K\u00f6nner & S\u00f6hnen akutrimmer KS BCT-40V\"},{\"@type\":\"BreadcrumbList\",\"@id\":\"https:\\\/\\\/ranoja.ee\\\/toode\\\/konner-sohnen-akutrimmer-ks-bct-40v\\\/#breadcrumb\",\"itemListElement\":[{\"@type\":\"ListItem\",\"position\":1,\"name\":\"Home\",\"item\":\"https:\\\/\\\/ranoja.ee\\\/\"},{\"@type\":\"ListItem\",\"position\":2,\"name\":\"Shop\",\"item\":\"https:\\\/\\\/ranoja.ee\\\/en\\\/shop\\\/\"},{\"@type\":\"ListItem\",\"position\":3,\"name\":\"K\u00f6nner &#038; S\u00f6hnen akutrimmer KS BCT-40V\"}]},{\"@type\":\"WebSite\",\"@id\":\"https:\\\/\\\/ranoja.ee\\\/#website\",\"url\":\"https:\\\/\\\/ranoja.ee\\\/\",\"name\":\"Ranoja\",\"description\":\"Equipment Shop WooCommerce WordPress Theme for Machine &amp; Tools\",\"publisher\":{\"@id\":\"https:\\\/\\\/ranoja.ee\\\/#organization\"},\"potentialAction\":[{\"@type\":\"SearchAction\",\"target\":{\"@type\":\"EntryPoint\",\"urlTemplate\":\"https:\\\/\\\/ranoja.ee\\\/?s={search_term_string}\"},\"query-input\":{\"@type\":\"PropertyValueSpecification\",\"valueRequired\":true,\"valueName\":\"search_term_string\"}}],\"inLanguage\":\"en-US\"},{\"@type\":\"Organization\",\"@id\":\"https:\\\/\\\/ranoja.ee\\\/#organization\",\"name\":\"Ranoja O\u00dc\",\"url\":\"https:\\\/\\\/ranoja.ee\\\/\",\"logo\":{\"@type\":\"ImageObject\",\"inLanguage\":\"en-US\",\"@id\":\"https:\\\/\\\/ranoja.ee\\\/#\\\/schema\\\/logo\\\/image\\\/\",\"url\":\"https:\\\/\\\/ranoja.ee\\\/wp-content\\\/uploads\\\/2023\\\/11\\\/ranoja-Logo.png\",\"contentUrl\":\"https:\\\/\\\/ranoja.ee\\\/wp-content\\\/uploads\\\/2023\\\/11\\\/ranoja-Logo.png\",\"width\":207,\"height\":58,\"caption\":\"Ranoja O\u00dc\"},\"image\":{\"@id\":\"https:\\\/\\\/ranoja.ee\\\/#\\\/schema\\\/logo\\\/image\\\/\"},\"sameAs\":[\"https:\\\/\\\/www.facebook.com\\\/ranoja.ee\",\"https:\\\/\\\/www.instagram.com\\\/ranoja__\\\/\"]}]}<\/script>\n<!-- \/ Yoast SEO plugin. -->","yoast_head_json":{"title":"K\u00f6nner & S\u00f6hnen akutrimmer KS BCT-40V","description":"K\u00f6nner & S\u00f6hnen akutrimmer KS BCT-40V Seade sobib h\u00e4sti kasutamiseks aeda piiride, servade, lillepeenarde \u00fcmber ja samuti v\u00f5sa eemaldamiseks.","robots":{"index":"index","follow":"follow","max-snippet":"max-snippet:-1","max-image-preview":"max-image-preview:large","max-video-preview":"max-video-preview:-1"},"canonical":"https:\/\/ranoja.ee\/toode\/konner-sohnen-akutrimmer-ks-bct-40v\/","og_locale":"en_US","og_type":"article","og_title":"K\u00f6nner & S\u00f6hnen akutrimmer KS BCT-40V","og_description":"K\u00f6nner & S\u00f6hnen akutrimmer KS BCT-40V Seade sobib h\u00e4sti kasutamiseks aeda piiride, servade, lillepeenarde \u00fcmber ja samuti v\u00f5sa eemaldamiseks.","og_url":"https:\/\/ranoja.ee\/toode\/konner-sohnen-akutrimmer-ks-bct-40v\/","og_site_name":"Ranoja","article_publisher":"https:\/\/www.facebook.com\/ranoja.ee","article_modified_time":"2026-04-08T07:00:07+00:00","og_image":[{"width":1600,"height":1600,"url":"https:\/\/ranoja.ee\/wp-content\/uploads\/2025\/09\/Konner-Sohnen-akutrimmer-KS-BCT-40V.webp","type":"image\/webp"}],"twitter_card":"summary_large_image","twitter_misc":{"Est. reading time":"2 minutes"},"schema":{"@context":"https:\/\/schema.org","@graph":[{"@type":"WebPage","@id":"https:\/\/ranoja.ee\/toode\/konner-sohnen-akutrimmer-ks-bct-40v\/","url":"https:\/\/ranoja.ee\/toode\/konner-sohnen-akutrimmer-ks-bct-40v\/","name":"K\u00f6nner & S\u00f6hnen akutrimmer KS BCT-40V","isPartOf":{"@id":"https:\/\/ranoja.ee\/#website"},"primaryImageOfPage":{"@id":"https:\/\/ranoja.ee\/toode\/konner-sohnen-akutrimmer-ks-bct-40v\/#primaryimage"},"image":{"@id":"https:\/\/ranoja.ee\/toode\/konner-sohnen-akutrimmer-ks-bct-40v\/#primaryimage"},"thumbnailUrl":"https:\/\/ranoja.ee\/wp-content\/uploads\/2025\/09\/Konner-Sohnen-akutrimmer-KS-BCT-40V.webp","datePublished":"2025-09-26T09:50:31+00:00","dateModified":"2026-04-08T07:00:07+00:00","description":"K\u00f6nner & S\u00f6hnen akutrimmer KS BCT-40V Seade sobib h\u00e4sti kasutamiseks aeda piiride, servade, lillepeenarde \u00fcmber ja samuti v\u00f5sa eemaldamiseks.","breadcrumb":{"@id":"https:\/\/ranoja.ee\/toode\/konner-sohnen-akutrimmer-ks-bct-40v\/#breadcrumb"},"inLanguage":"en-US","potentialAction":[{"@type":"ReadAction","target":["https:\/\/ranoja.ee\/toode\/konner-sohnen-akutrimmer-ks-bct-40v\/"]}]},{"@type":"ImageObject","inLanguage":"en-US","@id":"https:\/\/ranoja.ee\/toode\/konner-sohnen-akutrimmer-ks-bct-40v\/#primaryimage","url":"https:\/\/ranoja.ee\/wp-content\/uploads\/2025\/09\/Konner-Sohnen-akutrimmer-KS-BCT-40V.webp","contentUrl":"https:\/\/ranoja.ee\/wp-content\/uploads\/2025\/09\/Konner-Sohnen-akutrimmer-KS-BCT-40V.webp","width":1600,"height":1600,"caption":"K\u00f6nner & S\u00f6hnen akutrimmer KS BCT-40V"},{"@type":"BreadcrumbList","@id":"https:\/\/ranoja.ee\/toode\/konner-sohnen-akutrimmer-ks-bct-40v\/#breadcrumb","itemListElement":[{"@type":"ListItem","position":1,"name":"Home","item":"https:\/\/ranoja.ee\/"},{"@type":"ListItem","position":2,"name":"Shop","item":"https:\/\/ranoja.ee\/en\/shop\/"},{"@type":"ListItem","position":3,"name":"K\u00f6nner &#038; S\u00f6hnen akutrimmer KS BCT-40V"}]},{"@type":"WebSite","@id":"https:\/\/ranoja.ee\/#website","url":"https:\/\/ranoja.ee\/","name":"Ranoja","description":"Equipment Shop WooCommerce WordPress Theme for Machine &amp; Tools","publisher":{"@id":"https:\/\/ranoja.ee\/#organization"},"potentialAction":[{"@type":"SearchAction","target":{"@type":"EntryPoint","urlTemplate":"https:\/\/ranoja.ee\/?s={search_term_string}"},"query-input":{"@type":"PropertyValueSpecification","valueRequired":true,"valueName":"search_term_string"}}],"inLanguage":"en-US"},{"@type":"Organization","@id":"https:\/\/ranoja.ee\/#organization","name":"Ranoja O\u00dc","url":"https:\/\/ranoja.ee\/","logo":{"@type":"ImageObject","inLanguage":"en-US","@id":"https:\/\/ranoja.ee\/#\/schema\/logo\/image\/","url":"https:\/\/ranoja.ee\/wp-content\/uploads\/2023\/11\/ranoja-Logo.png","contentUrl":"https:\/\/ranoja.ee\/wp-content\/uploads\/2023\/11\/ranoja-Logo.png","width":207,"height":58,"caption":"Ranoja O\u00dc"},"image":{"@id":"https:\/\/ranoja.ee\/#\/schema\/logo\/image\/"},"sameAs":["https:\/\/www.facebook.com\/ranoja.ee","https:\/\/www.instagram.com\/ranoja__\/"]}]}},"_links":{"self":[{"href":"https:\/\/ranoja.ee\/en\/wp-json\/wp\/v2\/product\/21678","targetHints":{"allow":["GET"]}}],"collection":[{"href":"https:\/\/ranoja.ee\/en\/wp-json\/wp\/v2\/product"}],"about":[{"href":"https:\/\/ranoja.ee\/en\/wp-json\/wp\/v2\/types\/product"}],"wp:featuredmedia":[{"embeddable":true,"href":"https:\/\/ranoja.ee\/en\/wp-json\/wp\/v2\/media\/21693"}],"wp:attachment":[{"href":"https:\/\/ranoja.ee\/en\/wp-json\/wp\/v2\/media?parent=21678"}],"wp:term":[{"taxonomy":"product_cat","embeddable":true,"href":"https:\/\/ranoja.ee\/en\/wp-json\/wp\/v2\/product_cat?post=21678"},{"taxonomy":"product_tag","embeddable":true,"href":"https:\/\/ranoja.ee\/en\/wp-json\/wp\/v2\/product_tag?post=21678"}],"curies":[{"name":"wp","href":"https:\/\/api.w.org\/{rel}","templated":true}]}}