{"id":21635,"date":"2025-09-26T11:13:41","date_gmt":"2025-09-26T08:13:41","guid":{"rendered":"https:\/\/ranoja.ee\/?post_type=product&#038;p=21635"},"modified":"2026-04-08T10:00:08","modified_gmt":"2026-04-08T07:00:08","slug":"konner-sohnen-akutrimmer-ks-cst-20v","status":"publish","type":"product","link":"https:\/\/ranoja.ee\/en\/toode\/konner-sohnen-akutrimmer-ks-cst-20v\/","title":{"rendered":"K\u00f6nner &#038; S\u00f6hnen akutrimmer KS CST-20V"},"content":{"rendered":"<p>K\u00f6nner &#038; S\u00f6hnen akutrimmer KS CST-20V<\/p>\n<p>Juhtmeta niidutriimer, mis on ideaalne t\u00f6\u00f6vahend aia hoolduseks \u2014 eriti servade, hekkide, muru\u00e4\u00e4rte ja kitsaste kohtade korrastamiseks. Seade t\u00f6\u00f6tab 20 V liitiumioonakuga ja sobiva akus\u00fcsteemiga, mis t\u00e4hendab vabadust elektrijuhtme tagaajamisest ning head liikuvust.<\/p>\n<p>Triimel on harjadeta mootor, mis t\u00f6\u00f6tab umbes 8000 p\u00f6\u00f6rdega minutis ilma koormuseta. T\u00f5husus ja t\u00f6\u00f6kiirus on sellel mudelil head. L\u00f5ikelaius n\u00f6\u00f6riga on umbes 300 mm, n\u00f6\u00f6rij\u00e4medus 1.6 &#8211; 1.8 mm, n\u00f6\u00f6ripikkus trimmeri peal 2.5 m, mis tagab piisavalt katvust ja efektset muru\u00e4\u00e4rte hooldust. <\/p>\n<p>Seade on disainitud kasutajamugavust silmas pidades: teleskoopvars, mille pikkuse vahemik on 93-123 cm. V\u00f5imaldab kohandada trimmeri pikkust vastavalt inimese pikkusele. <\/p>\n<p>P\u00f6\u00f6ratav k\u00e4epide ja reguleeritav mootori pea v\u00f5imaldavad muuta t\u00f6\u00f6asendit, et j\u00f5uda raskemini ligip\u00e4\u00e4setavate kohtadeni. Lihtsustab t\u00f6\u00f6d nurkades, servades ja \u00fcmber takistuste niidmist. <\/p>\n<p>Automaatne n\u00f6\u00f6risisestus t\u00e4hendab, et n\u00f6\u00f6r pikendub automaatselt, kui see l\u00f5ikamisel l\u00fchemaks muutub, ei pea peatuma ega k\u00e4sitsi sekkuma.<br \/>\nKaalu poolest on trimmer \u00fcpris kerge: kaal umbes 2.8 kg. <\/p>\n<p>K\u00f6nner &#038; S\u00f6hnen akutrimmer KS CST-20V<\/p>\n","protected":false},"excerpt":{"rendered":"<p>K\u00f6nner &#038; S\u00f6hnen akutrimmer KS CST-20V<br \/>\n<strong>Aku ja laadija ei kuulu komplekti<\/strong><br \/>\nKomplektis: Trimmer, pakend, kasutusjuhend, kaitsekate, pool 2.5 m l\u00f5ikej\u00f5hviga<br \/>\nPinge: 20 V<br \/>\nVajalike akude arv: 1<br \/>\nSoovitatav aku mahtuvus: 2 Ah, 4 Ah<br \/>\nAku t\u00fc\u00fcp: Liitiumioonaku<br \/>\nMootori t\u00fc\u00fcp: Harjadeta mootor<br \/>\nT\u00fchik\u00e4igukiirus: 8000 p\/min<br \/>\nTeleskooptoru: 93\u2013123 mm<br \/>\nL\u00f5ikelaius: 300 mm<br \/>\nTrimmeri l\u00f5iken\u00f6\u00f6ri paksus: 1.6\u20131.8 mm<br \/>\nJ\u00f5hvi pikkus: 2.5 m<br \/>\nRattad: 1<br \/>\nKaal: 2.8 kg<br \/>\n<strong>Eeldatav tarneaeg 1-7 t\u00f6\u00f6p\u00e4eva<\/strong><\/p>\n","protected":false},"featured_media":21656,"template":"","meta":{"inline_featured_image":false},"product_cat":[1079,1094,1103,896],"product_tag":[257,1813,2238,2240,2247,2251,2254,259],"class_list":{"0":"post-21635","1":"product","2":"type-product","3":"status-publish","4":"has-post-thumbnail","6":"product_brand-konner-sohnen","7":"product_cat-aiatehnika-ja-niidutehnika","8":"product_cat-akutooriistad","9":"product_cat-akutrimmerid","10":"product_cat-trimmerid-vosaloikurid","11":"product_tag-akutrimmer","12":"product_tag-konner-sohnen","13":"product_tag-ks-20v2-1","14":"product_tag-ks-20v4-1","15":"product_tag-ks-c24a","16":"product_tag-ks-c45a","17":"product_tag-ks-cst-20v","18":"product_tag-trimmer","20":"first","21":"outofstock","22":"taxable","23":"shipping-taxable","24":"purchasable","25":"product-type-simple"},"yoast_head":"<!-- This site is optimized with the Yoast SEO plugin v27.4 - https:\/\/yoast.com\/product\/yoast-seo-wordpress\/ -->\n<title>K\u00f6nner &amp; S\u00f6hnen akutrimmer KS CST-20V<\/title>\n<meta name=\"description\" content=\"K\u00f6nner &amp; S\u00f6hnen akutrimmer KS CST-20V Teleskoopvars, mille pikkuse vahemik on 93-123 cm, v\u00f5imaldab kohandada trimmeri pikkust vastavalt inimese pikkusele.\" \/>\n<meta name=\"robots\" content=\"index, follow, max-snippet:-1, max-image-preview:large, max-video-preview:-1\" \/>\n<link rel=\"canonical\" href=\"https:\/\/ranoja.ee\/toode\/konner-sohnen-akutrimmer-ks-cst-20v\/\" \/>\n<meta property=\"og:locale\" content=\"en_US\" \/>\n<meta property=\"og:type\" content=\"article\" \/>\n<meta property=\"og:title\" content=\"K\u00f6nner &amp; S\u00f6hnen akutrimmer KS CST-20V\" \/>\n<meta property=\"og:description\" content=\"K\u00f6nner &amp; S\u00f6hnen akutrimmer KS CST-20V Teleskoopvars, mille pikkuse vahemik on 93-123 cm, v\u00f5imaldab kohandada trimmeri pikkust vastavalt inimese pikkusele.\" \/>\n<meta property=\"og:url\" content=\"https:\/\/ranoja.ee\/toode\/konner-sohnen-akutrimmer-ks-cst-20v\/\" \/>\n<meta property=\"og:site_name\" content=\"Ranoja\" \/>\n<meta property=\"article:publisher\" content=\"https:\/\/www.facebook.com\/ranoja.ee\" \/>\n<meta property=\"article:modified_time\" content=\"2026-04-08T07:00:08+00:00\" \/>\n<meta property=\"og:image\" content=\"https:\/\/ranoja.ee\/wp-content\/uploads\/2025\/09\/Konner-Sohnen-akutrimmer-KS-CST-20V.webp\" \/>\n\t<meta property=\"og:image:width\" content=\"1600\" \/>\n\t<meta property=\"og:image:height\" content=\"1600\" \/>\n\t<meta property=\"og:image:type\" content=\"image\/webp\" \/>\n<meta name=\"twitter:card\" content=\"summary_large_image\" \/>\n<meta name=\"twitter:label1\" content=\"Est. reading time\" \/>\n\t<meta name=\"twitter:data1\" content=\"1 minute\" \/>\n<script type=\"application\/ld+json\" class=\"yoast-schema-graph\">{\"@context\":\"https:\\\/\\\/schema.org\",\"@graph\":[{\"@type\":\"WebPage\",\"@id\":\"https:\\\/\\\/ranoja.ee\\\/toode\\\/konner-sohnen-akutrimmer-ks-cst-20v\\\/\",\"url\":\"https:\\\/\\\/ranoja.ee\\\/toode\\\/konner-sohnen-akutrimmer-ks-cst-20v\\\/\",\"name\":\"K\u00f6nner & S\u00f6hnen akutrimmer KS CST-20V\",\"isPartOf\":{\"@id\":\"https:\\\/\\\/ranoja.ee\\\/#website\"},\"primaryImageOfPage\":{\"@id\":\"https:\\\/\\\/ranoja.ee\\\/toode\\\/konner-sohnen-akutrimmer-ks-cst-20v\\\/#primaryimage\"},\"image\":{\"@id\":\"https:\\\/\\\/ranoja.ee\\\/toode\\\/konner-sohnen-akutrimmer-ks-cst-20v\\\/#primaryimage\"},\"thumbnailUrl\":\"https:\\\/\\\/ranoja.ee\\\/wp-content\\\/uploads\\\/2025\\\/09\\\/Konner-Sohnen-akutrimmer-KS-CST-20V.webp\",\"datePublished\":\"2025-09-26T08:13:41+00:00\",\"dateModified\":\"2026-04-08T07:00:08+00:00\",\"description\":\"K\u00f6nner & S\u00f6hnen akutrimmer KS CST-20V Teleskoopvars, mille pikkuse vahemik on 93-123 cm, v\u00f5imaldab kohandada trimmeri pikkust vastavalt inimese pikkusele.\",\"breadcrumb\":{\"@id\":\"https:\\\/\\\/ranoja.ee\\\/toode\\\/konner-sohnen-akutrimmer-ks-cst-20v\\\/#breadcrumb\"},\"inLanguage\":\"en-US\",\"potentialAction\":[{\"@type\":\"ReadAction\",\"target\":[\"https:\\\/\\\/ranoja.ee\\\/toode\\\/konner-sohnen-akutrimmer-ks-cst-20v\\\/\"]}]},{\"@type\":\"ImageObject\",\"inLanguage\":\"en-US\",\"@id\":\"https:\\\/\\\/ranoja.ee\\\/toode\\\/konner-sohnen-akutrimmer-ks-cst-20v\\\/#primaryimage\",\"url\":\"https:\\\/\\\/ranoja.ee\\\/wp-content\\\/uploads\\\/2025\\\/09\\\/Konner-Sohnen-akutrimmer-KS-CST-20V.webp\",\"contentUrl\":\"https:\\\/\\\/ranoja.ee\\\/wp-content\\\/uploads\\\/2025\\\/09\\\/Konner-Sohnen-akutrimmer-KS-CST-20V.webp\",\"width\":1600,\"height\":1600,\"caption\":\"K\u00f6nner & S\u00f6hnen akutrimmer KS CST-20V\"},{\"@type\":\"BreadcrumbList\",\"@id\":\"https:\\\/\\\/ranoja.ee\\\/toode\\\/konner-sohnen-akutrimmer-ks-cst-20v\\\/#breadcrumb\",\"itemListElement\":[{\"@type\":\"ListItem\",\"position\":1,\"name\":\"Home\",\"item\":\"https:\\\/\\\/ranoja.ee\\\/\"},{\"@type\":\"ListItem\",\"position\":2,\"name\":\"Shop\",\"item\":\"https:\\\/\\\/ranoja.ee\\\/en\\\/shop\\\/\"},{\"@type\":\"ListItem\",\"position\":3,\"name\":\"K\u00f6nner &#038; S\u00f6hnen akutrimmer KS CST-20V\"}]},{\"@type\":\"WebSite\",\"@id\":\"https:\\\/\\\/ranoja.ee\\\/#website\",\"url\":\"https:\\\/\\\/ranoja.ee\\\/\",\"name\":\"Ranoja\",\"description\":\"Equipment Shop WooCommerce WordPress Theme for Machine &amp; Tools\",\"publisher\":{\"@id\":\"https:\\\/\\\/ranoja.ee\\\/#organization\"},\"potentialAction\":[{\"@type\":\"SearchAction\",\"target\":{\"@type\":\"EntryPoint\",\"urlTemplate\":\"https:\\\/\\\/ranoja.ee\\\/?s={search_term_string}\"},\"query-input\":{\"@type\":\"PropertyValueSpecification\",\"valueRequired\":true,\"valueName\":\"search_term_string\"}}],\"inLanguage\":\"en-US\"},{\"@type\":\"Organization\",\"@id\":\"https:\\\/\\\/ranoja.ee\\\/#organization\",\"name\":\"Ranoja O\u00dc\",\"url\":\"https:\\\/\\\/ranoja.ee\\\/\",\"logo\":{\"@type\":\"ImageObject\",\"inLanguage\":\"en-US\",\"@id\":\"https:\\\/\\\/ranoja.ee\\\/#\\\/schema\\\/logo\\\/image\\\/\",\"url\":\"https:\\\/\\\/ranoja.ee\\\/wp-content\\\/uploads\\\/2023\\\/11\\\/ranoja-Logo.png\",\"contentUrl\":\"https:\\\/\\\/ranoja.ee\\\/wp-content\\\/uploads\\\/2023\\\/11\\\/ranoja-Logo.png\",\"width\":207,\"height\":58,\"caption\":\"Ranoja O\u00dc\"},\"image\":{\"@id\":\"https:\\\/\\\/ranoja.ee\\\/#\\\/schema\\\/logo\\\/image\\\/\"},\"sameAs\":[\"https:\\\/\\\/www.facebook.com\\\/ranoja.ee\",\"https:\\\/\\\/www.instagram.com\\\/ranoja__\\\/\"]}]}<\/script>\n<!-- \/ Yoast SEO plugin. -->","yoast_head_json":{"title":"K\u00f6nner & S\u00f6hnen akutrimmer KS CST-20V","description":"K\u00f6nner & S\u00f6hnen akutrimmer KS CST-20V Teleskoopvars, mille pikkuse vahemik on 93-123 cm, v\u00f5imaldab kohandada trimmeri pikkust vastavalt inimese pikkusele.","robots":{"index":"index","follow":"follow","max-snippet":"max-snippet:-1","max-image-preview":"max-image-preview:large","max-video-preview":"max-video-preview:-1"},"canonical":"https:\/\/ranoja.ee\/toode\/konner-sohnen-akutrimmer-ks-cst-20v\/","og_locale":"en_US","og_type":"article","og_title":"K\u00f6nner & S\u00f6hnen akutrimmer KS CST-20V","og_description":"K\u00f6nner & S\u00f6hnen akutrimmer KS CST-20V Teleskoopvars, mille pikkuse vahemik on 93-123 cm, v\u00f5imaldab kohandada trimmeri pikkust vastavalt inimese pikkusele.","og_url":"https:\/\/ranoja.ee\/toode\/konner-sohnen-akutrimmer-ks-cst-20v\/","og_site_name":"Ranoja","article_publisher":"https:\/\/www.facebook.com\/ranoja.ee","article_modified_time":"2026-04-08T07:00:08+00:00","og_image":[{"width":1600,"height":1600,"url":"https:\/\/ranoja.ee\/wp-content\/uploads\/2025\/09\/Konner-Sohnen-akutrimmer-KS-CST-20V.webp","type":"image\/webp"}],"twitter_card":"summary_large_image","twitter_misc":{"Est. reading time":"1 minute"},"schema":{"@context":"https:\/\/schema.org","@graph":[{"@type":"WebPage","@id":"https:\/\/ranoja.ee\/toode\/konner-sohnen-akutrimmer-ks-cst-20v\/","url":"https:\/\/ranoja.ee\/toode\/konner-sohnen-akutrimmer-ks-cst-20v\/","name":"K\u00f6nner & S\u00f6hnen akutrimmer KS CST-20V","isPartOf":{"@id":"https:\/\/ranoja.ee\/#website"},"primaryImageOfPage":{"@id":"https:\/\/ranoja.ee\/toode\/konner-sohnen-akutrimmer-ks-cst-20v\/#primaryimage"},"image":{"@id":"https:\/\/ranoja.ee\/toode\/konner-sohnen-akutrimmer-ks-cst-20v\/#primaryimage"},"thumbnailUrl":"https:\/\/ranoja.ee\/wp-content\/uploads\/2025\/09\/Konner-Sohnen-akutrimmer-KS-CST-20V.webp","datePublished":"2025-09-26T08:13:41+00:00","dateModified":"2026-04-08T07:00:08+00:00","description":"K\u00f6nner & S\u00f6hnen akutrimmer KS CST-20V Teleskoopvars, mille pikkuse vahemik on 93-123 cm, v\u00f5imaldab kohandada trimmeri pikkust vastavalt inimese pikkusele.","breadcrumb":{"@id":"https:\/\/ranoja.ee\/toode\/konner-sohnen-akutrimmer-ks-cst-20v\/#breadcrumb"},"inLanguage":"en-US","potentialAction":[{"@type":"ReadAction","target":["https:\/\/ranoja.ee\/toode\/konner-sohnen-akutrimmer-ks-cst-20v\/"]}]},{"@type":"ImageObject","inLanguage":"en-US","@id":"https:\/\/ranoja.ee\/toode\/konner-sohnen-akutrimmer-ks-cst-20v\/#primaryimage","url":"https:\/\/ranoja.ee\/wp-content\/uploads\/2025\/09\/Konner-Sohnen-akutrimmer-KS-CST-20V.webp","contentUrl":"https:\/\/ranoja.ee\/wp-content\/uploads\/2025\/09\/Konner-Sohnen-akutrimmer-KS-CST-20V.webp","width":1600,"height":1600,"caption":"K\u00f6nner & S\u00f6hnen akutrimmer KS CST-20V"},{"@type":"BreadcrumbList","@id":"https:\/\/ranoja.ee\/toode\/konner-sohnen-akutrimmer-ks-cst-20v\/#breadcrumb","itemListElement":[{"@type":"ListItem","position":1,"name":"Home","item":"https:\/\/ranoja.ee\/"},{"@type":"ListItem","position":2,"name":"Shop","item":"https:\/\/ranoja.ee\/en\/shop\/"},{"@type":"ListItem","position":3,"name":"K\u00f6nner &#038; S\u00f6hnen akutrimmer KS CST-20V"}]},{"@type":"WebSite","@id":"https:\/\/ranoja.ee\/#website","url":"https:\/\/ranoja.ee\/","name":"Ranoja","description":"Equipment Shop WooCommerce WordPress Theme for Machine &amp; Tools","publisher":{"@id":"https:\/\/ranoja.ee\/#organization"},"potentialAction":[{"@type":"SearchAction","target":{"@type":"EntryPoint","urlTemplate":"https:\/\/ranoja.ee\/?s={search_term_string}"},"query-input":{"@type":"PropertyValueSpecification","valueRequired":true,"valueName":"search_term_string"}}],"inLanguage":"en-US"},{"@type":"Organization","@id":"https:\/\/ranoja.ee\/#organization","name":"Ranoja O\u00dc","url":"https:\/\/ranoja.ee\/","logo":{"@type":"ImageObject","inLanguage":"en-US","@id":"https:\/\/ranoja.ee\/#\/schema\/logo\/image\/","url":"https:\/\/ranoja.ee\/wp-content\/uploads\/2023\/11\/ranoja-Logo.png","contentUrl":"https:\/\/ranoja.ee\/wp-content\/uploads\/2023\/11\/ranoja-Logo.png","width":207,"height":58,"caption":"Ranoja O\u00dc"},"image":{"@id":"https:\/\/ranoja.ee\/#\/schema\/logo\/image\/"},"sameAs":["https:\/\/www.facebook.com\/ranoja.ee","https:\/\/www.instagram.com\/ranoja__\/"]}]}},"_links":{"self":[{"href":"https:\/\/ranoja.ee\/en\/wp-json\/wp\/v2\/product\/21635","targetHints":{"allow":["GET"]}}],"collection":[{"href":"https:\/\/ranoja.ee\/en\/wp-json\/wp\/v2\/product"}],"about":[{"href":"https:\/\/ranoja.ee\/en\/wp-json\/wp\/v2\/types\/product"}],"wp:featuredmedia":[{"embeddable":true,"href":"https:\/\/ranoja.ee\/en\/wp-json\/wp\/v2\/media\/21656"}],"wp:attachment":[{"href":"https:\/\/ranoja.ee\/en\/wp-json\/wp\/v2\/media?parent=21635"}],"wp:term":[{"taxonomy":"product_cat","embeddable":true,"href":"https:\/\/ranoja.ee\/en\/wp-json\/wp\/v2\/product_cat?post=21635"},{"taxonomy":"product_tag","embeddable":true,"href":"https:\/\/ranoja.ee\/en\/wp-json\/wp\/v2\/product_tag?post=21635"}],"curies":[{"name":"wp","href":"https:\/\/api.w.org\/{rel}","templated":true}]}}