{"id":21589,"date":"2025-09-25T17:12:28","date_gmt":"2025-09-25T14:12:28","guid":{"rendered":"https:\/\/ranoja.ee\/?post_type=product&#038;p=21589"},"modified":"2026-04-08T10:00:08","modified_gmt":"2026-04-08T07:00:08","slug":"konner-sohnen-akutoitega-muruniiduk-ks-43lm-40v","status":"publish","type":"product","link":"https:\/\/ranoja.ee\/en\/toode\/konner-sohnen-akutoitega-muruniiduk-ks-43lm-40v\/","title":{"rendered":"K\u00f6nner &#038; S\u00f6hnen akutoitega muruniiduk KS 43LM-40V"},"content":{"rendered":"<p>K\u00f6nner &#038; S\u00f6hnen akutoitega muruniiduk KS 43LM-40V<\/p>\n<p>V\u00f5imas ja usaldusv\u00e4\u00e4rne juhtmeta muruniiduk, mis on m\u00f5eldud keskmise suurusega aedade niidmiseks. Selle 43 cm l\u00f5ikelaius ja 6 astmega k\u00f5rguse reguleerimine (25\u201375 mm) v\u00f5imaldavad saavutada t\u00e4pset ja \u00fchtlast l\u00f5ikepinda. Selle kompaktsed m\u00f5\u00f5dud ja juhtmevaba t\u00f6\u00f6p\u00f5him\u00f5te tagavad liikumisvabaduse ja mugavuse, v\u00f5imaldades t\u00f6\u00f6tada kitsastes kohtades ja v\u00e4ltida elektrikaablite takerdumist.<\/p>\n<p>Muruniiduk t\u00f6\u00f6tab harjavaba mootoriga, mille p\u00f6\u00f6rlemiskiirus on kuni 3300 p\/min, tagades t\u00f5husa l\u00f5ikev\u00f5ime ja pikema t\u00f6\u00f6ea. Seade on varustatud 50-liitrise kogumiskotiga, mille t\u00e4ituvuse indikaator n\u00e4itab, millal on aeg see t\u00fchjendada. Lisaks on seadmel mult\u0161imisfunktsioon  mis purustab l\u00f5igatud muru ja tagastab selle maapinnale, pakkudes looduslikku v\u00e4etist.<\/p>\n<p>Iideaalne valik aednikele, kes otsivad usaldusv\u00e4\u00e4rset ja keskkonnas\u00f5bralikku lahendust oma aia hooldamiseks. Selle t\u00f6\u00f6kindel mootor, mitmekesised funktsioonid ja mugav kasutamine muudavad muru hooldamise lihtsaks ja meeldivaks.<\/p>\n<p>K\u00f6nner &#038; S\u00f6hnen akutoitega muruniiduk KS 43LM-40V<\/p>\n","protected":false},"excerpt":{"rendered":"<p>K\u00f6nner &#038; S\u00f6hnen akutoitega muruniiduk KS 43LM-40V<br \/>\n<strong>Aku ja laadija ei kuulu komplekti<\/strong><br \/>\nMuruniiduk t\u00f6\u00f6tab kahe akuga korraga<br \/>\nNimipinge: 40 V, 20 V + 20 V<br \/>\nSoovitatav aku mahtuvus: 2 x 2 Ah, 2 x 4 Ah<br \/>\nAku t\u00fc\u00fcp: Liitiumioonaku<br \/>\nVajalike akude arv: 2<br \/>\nMootori t\u00fc\u00fcp: Harjadeta mootor<br \/>\nT\u00fchik\u00e4igu kiirus: 3300 p\/min<br \/>\nM\u00fcratase: Lpa (7 m)\/Lwa, dB 71\/96<br \/>\nKogumiskoti maht: 50 l<br \/>\nReguleeritav niidu k\u00f5rgus: 25\u201375 mm 6 asendit<br \/>\nNiidulaius: 430 mm<br \/>\nMult\u0161imisfunktsioon<br \/>\nRattad: Ees 7 ja taga 10 tolli<br \/>\nMuruniiduki m\u00f5\u00f5tmed P x L x K: 1200 x 450 x 1070 mm<br \/>\nKaal: 12.5 kg<br \/>\n<strong>Eeldatav tarneaeg 1-7 t\u00f6\u00f6p\u00e4eva<\/strong><\/p>\n","protected":false},"featured_media":21610,"template":"","meta":{"inline_featured_image":false},"product_cat":[1079,1094,1259,1136],"product_tag":[266,1813,2238,2242,2253,2247,264],"class_list":{"0":"post-21589","1":"product","2":"type-product","3":"status-publish","4":"has-post-thumbnail","6":"product_brand-konner-sohnen","7":"product_cat-aiatehnika-ja-niidutehnika","8":"product_cat-akutooriistad","9":"product_cat-muruniidukid-aiatehnika-ja-niidutehnika","10":"product_cat-muruniidukid","11":"product_tag-akumuruniiduk","12":"product_tag-konner-sohnen","13":"product_tag-ks-20v2-1","14":"product_tag-ks-20v4-2","15":"product_tag-ks-43lm-40v","16":"product_tag-ks-c24a","17":"product_tag-muruniiduk","19":"first","20":"outofstock","21":"taxable","22":"shipping-taxable","23":"purchasable","24":"product-type-simple"},"yoast_head":"<!-- This site is optimized with the Yoast SEO plugin v27.4 - https:\/\/yoast.com\/product\/yoast-seo-wordpress\/ -->\n<title>K\u00f6nner &amp; S\u00f6hnen akutoitega muruniiduk KS 43LM-40V<\/title>\n<meta name=\"description\" content=\"K\u00f6nner &amp; S\u00f6hnen akutoitega muruniiduk KS 43LM-40V V\u00f5imas ja usaldusv\u00e4\u00e4rne juhtmeta muruniiduk, mis on m\u00f5eldud keskmise suurusega aedade niidmiseks.\" \/>\n<meta name=\"robots\" content=\"index, follow, max-snippet:-1, max-image-preview:large, max-video-preview:-1\" \/>\n<link rel=\"canonical\" href=\"https:\/\/ranoja.ee\/toode\/konner-sohnen-akutoitega-muruniiduk-ks-43lm-40v\/\" \/>\n<meta property=\"og:locale\" content=\"en_US\" \/>\n<meta property=\"og:type\" content=\"article\" \/>\n<meta property=\"og:title\" content=\"K\u00f6nner &amp; S\u00f6hnen akutoitega muruniiduk KS 43LM-40V\" \/>\n<meta property=\"og:description\" content=\"K\u00f6nner &amp; S\u00f6hnen akutoitega muruniiduk KS 43LM-40V V\u00f5imas ja usaldusv\u00e4\u00e4rne juhtmeta muruniiduk, mis on m\u00f5eldud keskmise suurusega aedade niidmiseks.\" \/>\n<meta property=\"og:url\" content=\"https:\/\/ranoja.ee\/toode\/konner-sohnen-akutoitega-muruniiduk-ks-43lm-40v\/\" \/>\n<meta property=\"og:site_name\" content=\"Ranoja\" \/>\n<meta property=\"article:publisher\" content=\"https:\/\/www.facebook.com\/ranoja.ee\" \/>\n<meta property=\"article:modified_time\" content=\"2026-04-08T07:00:08+00:00\" \/>\n<meta property=\"og:image\" content=\"https:\/\/ranoja.ee\/wp-content\/uploads\/2025\/09\/Konner-Sohnen-akutoitega-muruniiduk-KS-43LM-40V-12-2.webp\" \/>\n\t<meta property=\"og:image:width\" content=\"1600\" \/>\n\t<meta property=\"og:image:height\" content=\"1200\" \/>\n\t<meta property=\"og:image:type\" content=\"image\/webp\" \/>\n<meta name=\"twitter:card\" content=\"summary_large_image\" \/>\n<meta name=\"twitter:label1\" content=\"Est. reading time\" \/>\n\t<meta name=\"twitter:data1\" content=\"2 minutes\" \/>\n<script type=\"application\/ld+json\" class=\"yoast-schema-graph\">{\"@context\":\"https:\\\/\\\/schema.org\",\"@graph\":[{\"@type\":\"WebPage\",\"@id\":\"https:\\\/\\\/ranoja.ee\\\/toode\\\/konner-sohnen-akutoitega-muruniiduk-ks-43lm-40v\\\/\",\"url\":\"https:\\\/\\\/ranoja.ee\\\/toode\\\/konner-sohnen-akutoitega-muruniiduk-ks-43lm-40v\\\/\",\"name\":\"K\u00f6nner & S\u00f6hnen akutoitega muruniiduk KS 43LM-40V\",\"isPartOf\":{\"@id\":\"https:\\\/\\\/ranoja.ee\\\/#website\"},\"primaryImageOfPage\":{\"@id\":\"https:\\\/\\\/ranoja.ee\\\/toode\\\/konner-sohnen-akutoitega-muruniiduk-ks-43lm-40v\\\/#primaryimage\"},\"image\":{\"@id\":\"https:\\\/\\\/ranoja.ee\\\/toode\\\/konner-sohnen-akutoitega-muruniiduk-ks-43lm-40v\\\/#primaryimage\"},\"thumbnailUrl\":\"https:\\\/\\\/ranoja.ee\\\/wp-content\\\/uploads\\\/2025\\\/09\\\/Konner-Sohnen-akutoitega-muruniiduk-KS-43LM-40V-12-2.webp\",\"datePublished\":\"2025-09-25T14:12:28+00:00\",\"dateModified\":\"2026-04-08T07:00:08+00:00\",\"description\":\"K\u00f6nner & S\u00f6hnen akutoitega muruniiduk KS 43LM-40V V\u00f5imas ja usaldusv\u00e4\u00e4rne juhtmeta muruniiduk, mis on m\u00f5eldud keskmise suurusega aedade niidmiseks.\",\"breadcrumb\":{\"@id\":\"https:\\\/\\\/ranoja.ee\\\/toode\\\/konner-sohnen-akutoitega-muruniiduk-ks-43lm-40v\\\/#breadcrumb\"},\"inLanguage\":\"en-US\",\"potentialAction\":[{\"@type\":\"ReadAction\",\"target\":[\"https:\\\/\\\/ranoja.ee\\\/toode\\\/konner-sohnen-akutoitega-muruniiduk-ks-43lm-40v\\\/\"]}]},{\"@type\":\"ImageObject\",\"inLanguage\":\"en-US\",\"@id\":\"https:\\\/\\\/ranoja.ee\\\/toode\\\/konner-sohnen-akutoitega-muruniiduk-ks-43lm-40v\\\/#primaryimage\",\"url\":\"https:\\\/\\\/ranoja.ee\\\/wp-content\\\/uploads\\\/2025\\\/09\\\/Konner-Sohnen-akutoitega-muruniiduk-KS-43LM-40V-12-2.webp\",\"contentUrl\":\"https:\\\/\\\/ranoja.ee\\\/wp-content\\\/uploads\\\/2025\\\/09\\\/Konner-Sohnen-akutoitega-muruniiduk-KS-43LM-40V-12-2.webp\",\"width\":1600,\"height\":1200,\"caption\":\"K\u00f6nner & S\u00f6hnen akutoitega muruniiduk KS 43LM-40V\"},{\"@type\":\"BreadcrumbList\",\"@id\":\"https:\\\/\\\/ranoja.ee\\\/toode\\\/konner-sohnen-akutoitega-muruniiduk-ks-43lm-40v\\\/#breadcrumb\",\"itemListElement\":[{\"@type\":\"ListItem\",\"position\":1,\"name\":\"Home\",\"item\":\"https:\\\/\\\/ranoja.ee\\\/\"},{\"@type\":\"ListItem\",\"position\":2,\"name\":\"Shop\",\"item\":\"https:\\\/\\\/ranoja.ee\\\/en\\\/shop\\\/\"},{\"@type\":\"ListItem\",\"position\":3,\"name\":\"K\u00f6nner &#038; S\u00f6hnen akutoitega muruniiduk KS 43LM-40V\"}]},{\"@type\":\"WebSite\",\"@id\":\"https:\\\/\\\/ranoja.ee\\\/#website\",\"url\":\"https:\\\/\\\/ranoja.ee\\\/\",\"name\":\"Ranoja\",\"description\":\"Equipment Shop WooCommerce WordPress Theme for Machine &amp; Tools\",\"publisher\":{\"@id\":\"https:\\\/\\\/ranoja.ee\\\/#organization\"},\"potentialAction\":[{\"@type\":\"SearchAction\",\"target\":{\"@type\":\"EntryPoint\",\"urlTemplate\":\"https:\\\/\\\/ranoja.ee\\\/?s={search_term_string}\"},\"query-input\":{\"@type\":\"PropertyValueSpecification\",\"valueRequired\":true,\"valueName\":\"search_term_string\"}}],\"inLanguage\":\"en-US\"},{\"@type\":\"Organization\",\"@id\":\"https:\\\/\\\/ranoja.ee\\\/#organization\",\"name\":\"Ranoja O\u00dc\",\"url\":\"https:\\\/\\\/ranoja.ee\\\/\",\"logo\":{\"@type\":\"ImageObject\",\"inLanguage\":\"en-US\",\"@id\":\"https:\\\/\\\/ranoja.ee\\\/#\\\/schema\\\/logo\\\/image\\\/\",\"url\":\"https:\\\/\\\/ranoja.ee\\\/wp-content\\\/uploads\\\/2023\\\/11\\\/ranoja-Logo.png\",\"contentUrl\":\"https:\\\/\\\/ranoja.ee\\\/wp-content\\\/uploads\\\/2023\\\/11\\\/ranoja-Logo.png\",\"width\":207,\"height\":58,\"caption\":\"Ranoja O\u00dc\"},\"image\":{\"@id\":\"https:\\\/\\\/ranoja.ee\\\/#\\\/schema\\\/logo\\\/image\\\/\"},\"sameAs\":[\"https:\\\/\\\/www.facebook.com\\\/ranoja.ee\",\"https:\\\/\\\/www.instagram.com\\\/ranoja__\\\/\"]}]}<\/script>\n<!-- \/ Yoast SEO plugin. -->","yoast_head_json":{"title":"K\u00f6nner & S\u00f6hnen akutoitega muruniiduk KS 43LM-40V","description":"K\u00f6nner & S\u00f6hnen akutoitega muruniiduk KS 43LM-40V V\u00f5imas ja usaldusv\u00e4\u00e4rne juhtmeta muruniiduk, mis on m\u00f5eldud keskmise suurusega aedade niidmiseks.","robots":{"index":"index","follow":"follow","max-snippet":"max-snippet:-1","max-image-preview":"max-image-preview:large","max-video-preview":"max-video-preview:-1"},"canonical":"https:\/\/ranoja.ee\/toode\/konner-sohnen-akutoitega-muruniiduk-ks-43lm-40v\/","og_locale":"en_US","og_type":"article","og_title":"K\u00f6nner & S\u00f6hnen akutoitega muruniiduk KS 43LM-40V","og_description":"K\u00f6nner & S\u00f6hnen akutoitega muruniiduk KS 43LM-40V V\u00f5imas ja usaldusv\u00e4\u00e4rne juhtmeta muruniiduk, mis on m\u00f5eldud keskmise suurusega aedade niidmiseks.","og_url":"https:\/\/ranoja.ee\/toode\/konner-sohnen-akutoitega-muruniiduk-ks-43lm-40v\/","og_site_name":"Ranoja","article_publisher":"https:\/\/www.facebook.com\/ranoja.ee","article_modified_time":"2026-04-08T07:00:08+00:00","og_image":[{"width":1600,"height":1200,"url":"https:\/\/ranoja.ee\/wp-content\/uploads\/2025\/09\/Konner-Sohnen-akutoitega-muruniiduk-KS-43LM-40V-12-2.webp","type":"image\/webp"}],"twitter_card":"summary_large_image","twitter_misc":{"Est. reading time":"2 minutes"},"schema":{"@context":"https:\/\/schema.org","@graph":[{"@type":"WebPage","@id":"https:\/\/ranoja.ee\/toode\/konner-sohnen-akutoitega-muruniiduk-ks-43lm-40v\/","url":"https:\/\/ranoja.ee\/toode\/konner-sohnen-akutoitega-muruniiduk-ks-43lm-40v\/","name":"K\u00f6nner & S\u00f6hnen akutoitega muruniiduk KS 43LM-40V","isPartOf":{"@id":"https:\/\/ranoja.ee\/#website"},"primaryImageOfPage":{"@id":"https:\/\/ranoja.ee\/toode\/konner-sohnen-akutoitega-muruniiduk-ks-43lm-40v\/#primaryimage"},"image":{"@id":"https:\/\/ranoja.ee\/toode\/konner-sohnen-akutoitega-muruniiduk-ks-43lm-40v\/#primaryimage"},"thumbnailUrl":"https:\/\/ranoja.ee\/wp-content\/uploads\/2025\/09\/Konner-Sohnen-akutoitega-muruniiduk-KS-43LM-40V-12-2.webp","datePublished":"2025-09-25T14:12:28+00:00","dateModified":"2026-04-08T07:00:08+00:00","description":"K\u00f6nner & S\u00f6hnen akutoitega muruniiduk KS 43LM-40V V\u00f5imas ja usaldusv\u00e4\u00e4rne juhtmeta muruniiduk, mis on m\u00f5eldud keskmise suurusega aedade niidmiseks.","breadcrumb":{"@id":"https:\/\/ranoja.ee\/toode\/konner-sohnen-akutoitega-muruniiduk-ks-43lm-40v\/#breadcrumb"},"inLanguage":"en-US","potentialAction":[{"@type":"ReadAction","target":["https:\/\/ranoja.ee\/toode\/konner-sohnen-akutoitega-muruniiduk-ks-43lm-40v\/"]}]},{"@type":"ImageObject","inLanguage":"en-US","@id":"https:\/\/ranoja.ee\/toode\/konner-sohnen-akutoitega-muruniiduk-ks-43lm-40v\/#primaryimage","url":"https:\/\/ranoja.ee\/wp-content\/uploads\/2025\/09\/Konner-Sohnen-akutoitega-muruniiduk-KS-43LM-40V-12-2.webp","contentUrl":"https:\/\/ranoja.ee\/wp-content\/uploads\/2025\/09\/Konner-Sohnen-akutoitega-muruniiduk-KS-43LM-40V-12-2.webp","width":1600,"height":1200,"caption":"K\u00f6nner & S\u00f6hnen akutoitega muruniiduk KS 43LM-40V"},{"@type":"BreadcrumbList","@id":"https:\/\/ranoja.ee\/toode\/konner-sohnen-akutoitega-muruniiduk-ks-43lm-40v\/#breadcrumb","itemListElement":[{"@type":"ListItem","position":1,"name":"Home","item":"https:\/\/ranoja.ee\/"},{"@type":"ListItem","position":2,"name":"Shop","item":"https:\/\/ranoja.ee\/en\/shop\/"},{"@type":"ListItem","position":3,"name":"K\u00f6nner &#038; S\u00f6hnen akutoitega muruniiduk KS 43LM-40V"}]},{"@type":"WebSite","@id":"https:\/\/ranoja.ee\/#website","url":"https:\/\/ranoja.ee\/","name":"Ranoja","description":"Equipment Shop WooCommerce WordPress Theme for Machine &amp; Tools","publisher":{"@id":"https:\/\/ranoja.ee\/#organization"},"potentialAction":[{"@type":"SearchAction","target":{"@type":"EntryPoint","urlTemplate":"https:\/\/ranoja.ee\/?s={search_term_string}"},"query-input":{"@type":"PropertyValueSpecification","valueRequired":true,"valueName":"search_term_string"}}],"inLanguage":"en-US"},{"@type":"Organization","@id":"https:\/\/ranoja.ee\/#organization","name":"Ranoja O\u00dc","url":"https:\/\/ranoja.ee\/","logo":{"@type":"ImageObject","inLanguage":"en-US","@id":"https:\/\/ranoja.ee\/#\/schema\/logo\/image\/","url":"https:\/\/ranoja.ee\/wp-content\/uploads\/2023\/11\/ranoja-Logo.png","contentUrl":"https:\/\/ranoja.ee\/wp-content\/uploads\/2023\/11\/ranoja-Logo.png","width":207,"height":58,"caption":"Ranoja O\u00dc"},"image":{"@id":"https:\/\/ranoja.ee\/#\/schema\/logo\/image\/"},"sameAs":["https:\/\/www.facebook.com\/ranoja.ee","https:\/\/www.instagram.com\/ranoja__\/"]}]}},"_links":{"self":[{"href":"https:\/\/ranoja.ee\/en\/wp-json\/wp\/v2\/product\/21589","targetHints":{"allow":["GET"]}}],"collection":[{"href":"https:\/\/ranoja.ee\/en\/wp-json\/wp\/v2\/product"}],"about":[{"href":"https:\/\/ranoja.ee\/en\/wp-json\/wp\/v2\/types\/product"}],"wp:featuredmedia":[{"embeddable":true,"href":"https:\/\/ranoja.ee\/en\/wp-json\/wp\/v2\/media\/21610"}],"wp:attachment":[{"href":"https:\/\/ranoja.ee\/en\/wp-json\/wp\/v2\/media?parent=21589"}],"wp:term":[{"taxonomy":"product_cat","embeddable":true,"href":"https:\/\/ranoja.ee\/en\/wp-json\/wp\/v2\/product_cat?post=21589"},{"taxonomy":"product_tag","embeddable":true,"href":"https:\/\/ranoja.ee\/en\/wp-json\/wp\/v2\/product_tag?post=21589"}],"curies":[{"name":"wp","href":"https:\/\/api.w.org\/{rel}","templated":true}]}}