{"id":21552,"date":"2025-09-25T16:32:57","date_gmt":"2025-09-25T13:32:57","guid":{"rendered":"https:\/\/ranoja.ee\/?post_type=product&#038;p=21552"},"modified":"2026-04-08T10:00:08","modified_gmt":"2026-04-08T07:00:08","slug":"konner-sohnen-20-v-liitiumaku-laadija-ks-c35a-2","status":"publish","type":"product","link":"https:\/\/ranoja.ee\/en\/toode\/konner-sohnen-20-v-liitiumaku-laadija-ks-c35a-2\/","title":{"rendered":"K\u00f6nner &#038; S\u00f6hnen 20 V liitiumaku laadija KS C35A-2"},"content":{"rendered":"<p>K\u00f6nner &#038; S\u00f6hnen 20 V liitiumaku laadija KS C35A-2<\/p>\n<p>Kahetasandiline kiirlaadija, mis on m\u00f5eldud 20V liitiumioonakude laadimiseks. Selle laadija eesm\u00e4rk on pakkuda kiiret ja turvalist laadimisv\u00f5imalust k\u00f5igile K\u00f6nner &#038; S\u00f6hnen\u2019i 20V akus\u00fcsteemi kuuluvatele t\u00f6\u00f6riistadele.<\/p>\n<p>Laadija nimipinge on 230 V (50 Hz), mis sobib enamiku Euroopa riikide elektriv\u00f5rkudega. V\u00e4ljundpinge on 21.5 V ja v\u00e4ljundvool 2 \u00d7 3.5 A, v\u00f5imaldades laadida kahte akut korraga. See omadus on eriti kasulik, kui on vaja kiiresti laadida mitut akut, et tagada t\u00f6\u00f6riistade pidev t\u00f6\u00f6.<\/p>\n<p>Laadija on varustatud LED-indikaatoritega, mis n\u00e4itavad aku laadimisolekut, v\u00f5imaldades kasutajal j\u00e4lgida laadimisprotsessi reaalajas. Lisaks on laadijal mitmeastmeline kaitses\u00fcsteem, mis hoiab \u00e4ra \u00fclelaadimise, s\u00fcvat\u00fchjenemise, l\u00fchise, \u00fclekoormuse, \u00fclepinge ja \u00fclekuumenemise, tagades aku pikaealisuse ja t\u00f6\u00f6kindluse.<\/p>\n<p>K\u00f6nner &#038; S\u00f6hnen 20 V liitiumaku laadija KS C35A-2<\/p>\n","protected":false},"excerpt":{"rendered":"<p>K\u00f6nner &#038; S\u00f6hnen 20 V liitiumaku laadija KS C35A-2<br \/>\nNimipinge: 230 V<br \/>\nSagedus: 50 Hz<br \/>\nV\u00e4ljundpinge: 21.5 V<br \/>\nV\u00e4ljundvool: 2 x 3.5 A<br \/>\nKaitseklass II<br \/>\nLED-indikaatorid<br \/>\nKaal: 0.89 kg<br \/>\n<strong>Eeldatav tarneaeg 1-7 t\u00f6\u00f6p\u00e4eva<\/strong><\/p>\n","protected":false},"featured_media":21557,"template":"","meta":{"inline_featured_image":false},"product_cat":[1115,1094],"product_tag":[2248,1813,2249,2250],"class_list":{"0":"post-21552","1":"product","2":"type-product","3":"status-publish","4":"has-post-thumbnail","6":"product_brand-konner-sohnen","7":"product_cat-akud-ja-laadijad","8":"product_cat-akutooriistad","9":"product_tag-20-v-liitiumaku-laadija","10":"product_tag-konner-sohnen","11":"product_tag-konner-sohnen-20-v-liitiumaku-laadija","12":"product_tag-ks-c35a-2","14":"first","15":"outofstock","16":"taxable","17":"shipping-taxable","18":"purchasable","19":"product-type-simple"},"yoast_head":"<!-- This site is optimized with the Yoast SEO plugin v27.4 - https:\/\/yoast.com\/product\/yoast-seo-wordpress\/ -->\n<title>K\u00f6nner &amp; S\u00f6hnen 20 V liitiumaku laadija KS C35A-2<\/title>\n<meta name=\"description\" content=\"K\u00f6nner &amp; S\u00f6hnen 20 V liitiumaku laadija KS C35A-2 V\u00e4ljundpinge on 21.5 V ja v\u00e4ljundvool 2 \u00d7 3.5 A, v\u00f5imaldades laadida kahte akut korraga.\" \/>\n<meta name=\"robots\" content=\"index, follow, max-snippet:-1, max-image-preview:large, max-video-preview:-1\" \/>\n<link rel=\"canonical\" href=\"https:\/\/ranoja.ee\/toode\/konner-sohnen-20-v-liitiumaku-laadija-ks-c35a-2\/\" \/>\n<meta property=\"og:locale\" content=\"en_US\" \/>\n<meta property=\"og:type\" content=\"article\" \/>\n<meta property=\"og:title\" content=\"K\u00f6nner &amp; S\u00f6hnen 20 V liitiumaku laadija KS C35A-2\" \/>\n<meta property=\"og:description\" content=\"K\u00f6nner &amp; S\u00f6hnen 20 V liitiumaku laadija KS C35A-2 V\u00e4ljundpinge on 21.5 V ja v\u00e4ljundvool 2 \u00d7 3.5 A, v\u00f5imaldades laadida kahte akut korraga.\" \/>\n<meta property=\"og:url\" content=\"https:\/\/ranoja.ee\/toode\/konner-sohnen-20-v-liitiumaku-laadija-ks-c35a-2\/\" \/>\n<meta property=\"og:site_name\" content=\"Ranoja\" \/>\n<meta property=\"article:publisher\" content=\"https:\/\/www.facebook.com\/ranoja.ee\" \/>\n<meta property=\"article:modified_time\" content=\"2026-04-08T07:00:08+00:00\" \/>\n<meta property=\"og:image\" content=\"https:\/\/ranoja.ee\/wp-content\/uploads\/2025\/09\/Konner-Sohnen-20-V-liitiumaku-laadija-KS-C35A-2.webp\" \/>\n\t<meta property=\"og:image:width\" content=\"1600\" \/>\n\t<meta property=\"og:image:height\" content=\"921\" \/>\n\t<meta property=\"og:image:type\" content=\"image\/webp\" \/>\n<meta name=\"twitter:card\" content=\"summary_large_image\" \/>\n<meta name=\"twitter:label1\" content=\"Est. reading time\" \/>\n\t<meta name=\"twitter:data1\" content=\"1 minute\" \/>\n<script type=\"application\/ld+json\" class=\"yoast-schema-graph\">{\"@context\":\"https:\\\/\\\/schema.org\",\"@graph\":[{\"@type\":\"WebPage\",\"@id\":\"https:\\\/\\\/ranoja.ee\\\/toode\\\/konner-sohnen-20-v-liitiumaku-laadija-ks-c35a-2\\\/\",\"url\":\"https:\\\/\\\/ranoja.ee\\\/toode\\\/konner-sohnen-20-v-liitiumaku-laadija-ks-c35a-2\\\/\",\"name\":\"K\u00f6nner & S\u00f6hnen 20 V liitiumaku laadija KS C35A-2\",\"isPartOf\":{\"@id\":\"https:\\\/\\\/ranoja.ee\\\/#website\"},\"primaryImageOfPage\":{\"@id\":\"https:\\\/\\\/ranoja.ee\\\/toode\\\/konner-sohnen-20-v-liitiumaku-laadija-ks-c35a-2\\\/#primaryimage\"},\"image\":{\"@id\":\"https:\\\/\\\/ranoja.ee\\\/toode\\\/konner-sohnen-20-v-liitiumaku-laadija-ks-c35a-2\\\/#primaryimage\"},\"thumbnailUrl\":\"https:\\\/\\\/ranoja.ee\\\/wp-content\\\/uploads\\\/2025\\\/09\\\/Konner-Sohnen-20-V-liitiumaku-laadija-KS-C35A-2.webp\",\"datePublished\":\"2025-09-25T13:32:57+00:00\",\"dateModified\":\"2026-04-08T07:00:08+00:00\",\"description\":\"K\u00f6nner & S\u00f6hnen 20 V liitiumaku laadija KS C35A-2 V\u00e4ljundpinge on 21.5 V ja v\u00e4ljundvool 2 \u00d7 3.5 A, v\u00f5imaldades laadida kahte akut korraga.\",\"breadcrumb\":{\"@id\":\"https:\\\/\\\/ranoja.ee\\\/toode\\\/konner-sohnen-20-v-liitiumaku-laadija-ks-c35a-2\\\/#breadcrumb\"},\"inLanguage\":\"en-US\",\"potentialAction\":[{\"@type\":\"ReadAction\",\"target\":[\"https:\\\/\\\/ranoja.ee\\\/toode\\\/konner-sohnen-20-v-liitiumaku-laadija-ks-c35a-2\\\/\"]}]},{\"@type\":\"ImageObject\",\"inLanguage\":\"en-US\",\"@id\":\"https:\\\/\\\/ranoja.ee\\\/toode\\\/konner-sohnen-20-v-liitiumaku-laadija-ks-c35a-2\\\/#primaryimage\",\"url\":\"https:\\\/\\\/ranoja.ee\\\/wp-content\\\/uploads\\\/2025\\\/09\\\/Konner-Sohnen-20-V-liitiumaku-laadija-KS-C35A-2.webp\",\"contentUrl\":\"https:\\\/\\\/ranoja.ee\\\/wp-content\\\/uploads\\\/2025\\\/09\\\/Konner-Sohnen-20-V-liitiumaku-laadija-KS-C35A-2.webp\",\"width\":1600,\"height\":921,\"caption\":\"K\u00f6nner & S\u00f6hnen 20 V liitiumaku laadija KS C35A-2\"},{\"@type\":\"BreadcrumbList\",\"@id\":\"https:\\\/\\\/ranoja.ee\\\/toode\\\/konner-sohnen-20-v-liitiumaku-laadija-ks-c35a-2\\\/#breadcrumb\",\"itemListElement\":[{\"@type\":\"ListItem\",\"position\":1,\"name\":\"Home\",\"item\":\"https:\\\/\\\/ranoja.ee\\\/\"},{\"@type\":\"ListItem\",\"position\":2,\"name\":\"Shop\",\"item\":\"https:\\\/\\\/ranoja.ee\\\/en\\\/shop\\\/\"},{\"@type\":\"ListItem\",\"position\":3,\"name\":\"K\u00f6nner &#038; S\u00f6hnen 20 V liitiumaku laadija KS C35A-2\"}]},{\"@type\":\"WebSite\",\"@id\":\"https:\\\/\\\/ranoja.ee\\\/#website\",\"url\":\"https:\\\/\\\/ranoja.ee\\\/\",\"name\":\"Ranoja\",\"description\":\"Equipment Shop WooCommerce WordPress Theme for Machine &amp; Tools\",\"publisher\":{\"@id\":\"https:\\\/\\\/ranoja.ee\\\/#organization\"},\"potentialAction\":[{\"@type\":\"SearchAction\",\"target\":{\"@type\":\"EntryPoint\",\"urlTemplate\":\"https:\\\/\\\/ranoja.ee\\\/?s={search_term_string}\"},\"query-input\":{\"@type\":\"PropertyValueSpecification\",\"valueRequired\":true,\"valueName\":\"search_term_string\"}}],\"inLanguage\":\"en-US\"},{\"@type\":\"Organization\",\"@id\":\"https:\\\/\\\/ranoja.ee\\\/#organization\",\"name\":\"Ranoja O\u00dc\",\"url\":\"https:\\\/\\\/ranoja.ee\\\/\",\"logo\":{\"@type\":\"ImageObject\",\"inLanguage\":\"en-US\",\"@id\":\"https:\\\/\\\/ranoja.ee\\\/#\\\/schema\\\/logo\\\/image\\\/\",\"url\":\"https:\\\/\\\/ranoja.ee\\\/wp-content\\\/uploads\\\/2023\\\/11\\\/ranoja-Logo.png\",\"contentUrl\":\"https:\\\/\\\/ranoja.ee\\\/wp-content\\\/uploads\\\/2023\\\/11\\\/ranoja-Logo.png\",\"width\":207,\"height\":58,\"caption\":\"Ranoja O\u00dc\"},\"image\":{\"@id\":\"https:\\\/\\\/ranoja.ee\\\/#\\\/schema\\\/logo\\\/image\\\/\"},\"sameAs\":[\"https:\\\/\\\/www.facebook.com\\\/ranoja.ee\",\"https:\\\/\\\/www.instagram.com\\\/ranoja__\\\/\"]}]}<\/script>\n<!-- \/ Yoast SEO plugin. -->","yoast_head_json":{"title":"K\u00f6nner & S\u00f6hnen 20 V liitiumaku laadija KS C35A-2","description":"K\u00f6nner & S\u00f6hnen 20 V liitiumaku laadija KS C35A-2 V\u00e4ljundpinge on 21.5 V ja v\u00e4ljundvool 2 \u00d7 3.5 A, v\u00f5imaldades laadida kahte akut korraga.","robots":{"index":"index","follow":"follow","max-snippet":"max-snippet:-1","max-image-preview":"max-image-preview:large","max-video-preview":"max-video-preview:-1"},"canonical":"https:\/\/ranoja.ee\/toode\/konner-sohnen-20-v-liitiumaku-laadija-ks-c35a-2\/","og_locale":"en_US","og_type":"article","og_title":"K\u00f6nner & S\u00f6hnen 20 V liitiumaku laadija KS C35A-2","og_description":"K\u00f6nner & S\u00f6hnen 20 V liitiumaku laadija KS C35A-2 V\u00e4ljundpinge on 21.5 V ja v\u00e4ljundvool 2 \u00d7 3.5 A, v\u00f5imaldades laadida kahte akut korraga.","og_url":"https:\/\/ranoja.ee\/toode\/konner-sohnen-20-v-liitiumaku-laadija-ks-c35a-2\/","og_site_name":"Ranoja","article_publisher":"https:\/\/www.facebook.com\/ranoja.ee","article_modified_time":"2026-04-08T07:00:08+00:00","og_image":[{"width":1600,"height":921,"url":"https:\/\/ranoja.ee\/wp-content\/uploads\/2025\/09\/Konner-Sohnen-20-V-liitiumaku-laadija-KS-C35A-2.webp","type":"image\/webp"}],"twitter_card":"summary_large_image","twitter_misc":{"Est. reading time":"1 minute"},"schema":{"@context":"https:\/\/schema.org","@graph":[{"@type":"WebPage","@id":"https:\/\/ranoja.ee\/toode\/konner-sohnen-20-v-liitiumaku-laadija-ks-c35a-2\/","url":"https:\/\/ranoja.ee\/toode\/konner-sohnen-20-v-liitiumaku-laadija-ks-c35a-2\/","name":"K\u00f6nner & S\u00f6hnen 20 V liitiumaku laadija KS C35A-2","isPartOf":{"@id":"https:\/\/ranoja.ee\/#website"},"primaryImageOfPage":{"@id":"https:\/\/ranoja.ee\/toode\/konner-sohnen-20-v-liitiumaku-laadija-ks-c35a-2\/#primaryimage"},"image":{"@id":"https:\/\/ranoja.ee\/toode\/konner-sohnen-20-v-liitiumaku-laadija-ks-c35a-2\/#primaryimage"},"thumbnailUrl":"https:\/\/ranoja.ee\/wp-content\/uploads\/2025\/09\/Konner-Sohnen-20-V-liitiumaku-laadija-KS-C35A-2.webp","datePublished":"2025-09-25T13:32:57+00:00","dateModified":"2026-04-08T07:00:08+00:00","description":"K\u00f6nner & S\u00f6hnen 20 V liitiumaku laadija KS C35A-2 V\u00e4ljundpinge on 21.5 V ja v\u00e4ljundvool 2 \u00d7 3.5 A, v\u00f5imaldades laadida kahte akut korraga.","breadcrumb":{"@id":"https:\/\/ranoja.ee\/toode\/konner-sohnen-20-v-liitiumaku-laadija-ks-c35a-2\/#breadcrumb"},"inLanguage":"en-US","potentialAction":[{"@type":"ReadAction","target":["https:\/\/ranoja.ee\/toode\/konner-sohnen-20-v-liitiumaku-laadija-ks-c35a-2\/"]}]},{"@type":"ImageObject","inLanguage":"en-US","@id":"https:\/\/ranoja.ee\/toode\/konner-sohnen-20-v-liitiumaku-laadija-ks-c35a-2\/#primaryimage","url":"https:\/\/ranoja.ee\/wp-content\/uploads\/2025\/09\/Konner-Sohnen-20-V-liitiumaku-laadija-KS-C35A-2.webp","contentUrl":"https:\/\/ranoja.ee\/wp-content\/uploads\/2025\/09\/Konner-Sohnen-20-V-liitiumaku-laadija-KS-C35A-2.webp","width":1600,"height":921,"caption":"K\u00f6nner & S\u00f6hnen 20 V liitiumaku laadija KS C35A-2"},{"@type":"BreadcrumbList","@id":"https:\/\/ranoja.ee\/toode\/konner-sohnen-20-v-liitiumaku-laadija-ks-c35a-2\/#breadcrumb","itemListElement":[{"@type":"ListItem","position":1,"name":"Home","item":"https:\/\/ranoja.ee\/"},{"@type":"ListItem","position":2,"name":"Shop","item":"https:\/\/ranoja.ee\/en\/shop\/"},{"@type":"ListItem","position":3,"name":"K\u00f6nner &#038; S\u00f6hnen 20 V liitiumaku laadija KS C35A-2"}]},{"@type":"WebSite","@id":"https:\/\/ranoja.ee\/#website","url":"https:\/\/ranoja.ee\/","name":"Ranoja","description":"Equipment Shop WooCommerce WordPress Theme for Machine &amp; Tools","publisher":{"@id":"https:\/\/ranoja.ee\/#organization"},"potentialAction":[{"@type":"SearchAction","target":{"@type":"EntryPoint","urlTemplate":"https:\/\/ranoja.ee\/?s={search_term_string}"},"query-input":{"@type":"PropertyValueSpecification","valueRequired":true,"valueName":"search_term_string"}}],"inLanguage":"en-US"},{"@type":"Organization","@id":"https:\/\/ranoja.ee\/#organization","name":"Ranoja O\u00dc","url":"https:\/\/ranoja.ee\/","logo":{"@type":"ImageObject","inLanguage":"en-US","@id":"https:\/\/ranoja.ee\/#\/schema\/logo\/image\/","url":"https:\/\/ranoja.ee\/wp-content\/uploads\/2023\/11\/ranoja-Logo.png","contentUrl":"https:\/\/ranoja.ee\/wp-content\/uploads\/2023\/11\/ranoja-Logo.png","width":207,"height":58,"caption":"Ranoja O\u00dc"},"image":{"@id":"https:\/\/ranoja.ee\/#\/schema\/logo\/image\/"},"sameAs":["https:\/\/www.facebook.com\/ranoja.ee","https:\/\/www.instagram.com\/ranoja__\/"]}]}},"_links":{"self":[{"href":"https:\/\/ranoja.ee\/en\/wp-json\/wp\/v2\/product\/21552","targetHints":{"allow":["GET"]}}],"collection":[{"href":"https:\/\/ranoja.ee\/en\/wp-json\/wp\/v2\/product"}],"about":[{"href":"https:\/\/ranoja.ee\/en\/wp-json\/wp\/v2\/types\/product"}],"wp:featuredmedia":[{"embeddable":true,"href":"https:\/\/ranoja.ee\/en\/wp-json\/wp\/v2\/media\/21557"}],"wp:attachment":[{"href":"https:\/\/ranoja.ee\/en\/wp-json\/wp\/v2\/media?parent=21552"}],"wp:term":[{"taxonomy":"product_cat","embeddable":true,"href":"https:\/\/ranoja.ee\/en\/wp-json\/wp\/v2\/product_cat?post=21552"},{"taxonomy":"product_tag","embeddable":true,"href":"https:\/\/ranoja.ee\/en\/wp-json\/wp\/v2\/product_tag?post=21552"}],"curies":[{"name":"wp","href":"https:\/\/api.w.org\/{rel}","templated":true}]}}