{"id":21547,"date":"2025-09-25T16:32:30","date_gmt":"2025-09-25T13:32:30","guid":{"rendered":"https:\/\/ranoja.ee\/?post_type=product&#038;p=21547"},"modified":"2026-04-08T10:00:08","modified_gmt":"2026-04-08T07:00:08","slug":"konner-sohnen-20-v-liitiumaku-laadija-ks-c24a","status":"publish","type":"product","link":"https:\/\/ranoja.ee\/en\/toode\/konner-sohnen-20-v-liitiumaku-laadija-ks-c24a\/","title":{"rendered":"K\u00f6nner &#038; S\u00f6hnen 20 V liitiumaku laadija KS C24A"},"content":{"rendered":"<p>K\u00f6nner &#038; S\u00f6hnen 20 V liitiumaku laadija KS C24A<\/p>\n<p>Kompaktne ja usaldusv\u00e4\u00e4rne laadimisjaam, mis on m\u00f5eldud K\u00f6nner &#038; S\u00f6hnen 20V liitiumioonakude laadimiseks. See kuulub K\u00f6nner &#038; S\u00f6hnen\u2019i universaalsesse 20V akus\u00fcsteemi, pakkudes kiiret ja turvalist laadimist k\u00f5igile sellele s\u00fcsteemile kuuluvatele t\u00f6\u00f6riistadele.<\/p>\n<p>Laadija nimipinge on 230 V (50 Hz), mis sobib enamiku Euroopa riikide elektriv\u00f5rkudega. V\u00e4ljundpinge on 21.5 V ja v\u00e4ljundvool 2.4 A, mis tagab akude kiire ja efektiivse laadimise. Laadimisprotsessi j\u00e4lgimiseks on seadmel LED-indikaatorid, mis n\u00e4itavad aku laadimisolekut.<\/p>\n<p>Laadija on varustatud mitmeastmelise kaitses\u00fcsteemiga, mis hoiab \u00e4ra \u00fclelaadimise, l\u00fchised, \u00fclekuumenemise ja alalispinge, tagades aku pikaealisuse ja t\u00f6\u00f6kindluse. T\u00e4nu oma kompaktsele suurusele (170 \u00d7 85 \u00d7 115 mm) ja kergele kaalule (0,42 kg) on laadija lihtne hoiustada ja transportida.<\/p>\n<p>K\u00f6nner &#038; S\u00f6hnen 20 V liitiumaku laadija KS C24A<\/p>\n","protected":false},"excerpt":{"rendered":"<p>K\u00f6nner &#038; S\u00f6hnen 20 V liitiumaku laadija KS C24A<br \/>\nNimipinge: 230 V<br \/>\nSagedus: 50 HZ<br \/>\nNimiv\u00e4ljundi pinge: 21.5 V<br \/>\nNimiv\u00e4ljundi vool: 2.4 A<br \/>\nKaitseklass II<br \/>\nLED-indikaatorid<br \/>\nKaal: 0.42 kg<br \/>\n<strong>Eeldatav tarneaeg 1-7 t\u00f6\u00f6p\u00e4eva<\/strong><\/p>\n","protected":false},"featured_media":21550,"template":"","meta":{"inline_featured_image":false},"product_cat":[1115,1094],"product_tag":[2248,1813,2249,2247],"class_list":{"0":"post-21547","1":"product","2":"type-product","3":"status-publish","4":"has-post-thumbnail","6":"product_brand-konner-sohnen","7":"product_cat-akud-ja-laadijad","8":"product_cat-akutooriistad","9":"product_tag-20-v-liitiumaku-laadija","10":"product_tag-konner-sohnen","11":"product_tag-konner-sohnen-20-v-liitiumaku-laadija","12":"product_tag-ks-c24a","14":"first","15":"outofstock","16":"taxable","17":"shipping-taxable","18":"purchasable","19":"product-type-simple"},"yoast_head":"<!-- This site is optimized with the Yoast SEO plugin v27.4 - https:\/\/yoast.com\/product\/yoast-seo-wordpress\/ -->\n<title>K\u00f6nner &amp; S\u00f6hnen 20 V liitiumaku laadija KS C24A<\/title>\n<meta name=\"description\" content=\"K\u00f6nner &amp; S\u00f6hnen 20 V liitiumaku laadija KS C24A Laadimisprotsessi j\u00e4lgimiseks on seadmel LED-indikaatorid, mis n\u00e4itavad aku laadimisolekut.\" \/>\n<meta name=\"robots\" content=\"index, follow, max-snippet:-1, max-image-preview:large, max-video-preview:-1\" \/>\n<link rel=\"canonical\" href=\"https:\/\/ranoja.ee\/toode\/konner-sohnen-20-v-liitiumaku-laadija-ks-c24a\/\" \/>\n<meta property=\"og:locale\" content=\"en_US\" \/>\n<meta property=\"og:type\" content=\"article\" \/>\n<meta property=\"og:title\" content=\"K\u00f6nner &amp; S\u00f6hnen 20 V liitiumaku laadija KS C24A\" \/>\n<meta property=\"og:description\" content=\"K\u00f6nner &amp; S\u00f6hnen 20 V liitiumaku laadija KS C24A Laadimisprotsessi j\u00e4lgimiseks on seadmel LED-indikaatorid, mis n\u00e4itavad aku laadimisolekut.\" \/>\n<meta property=\"og:url\" content=\"https:\/\/ranoja.ee\/toode\/konner-sohnen-20-v-liitiumaku-laadija-ks-c24a\/\" \/>\n<meta property=\"og:site_name\" content=\"Ranoja\" \/>\n<meta property=\"article:publisher\" content=\"https:\/\/www.facebook.com\/ranoja.ee\" \/>\n<meta property=\"article:modified_time\" content=\"2026-04-08T07:00:08+00:00\" \/>\n<meta property=\"og:image\" content=\"https:\/\/ranoja.ee\/wp-content\/uploads\/2025\/09\/Konner-Sohnen-20-V-liitiumaku-laadija-KS-C24A.webp\" \/>\n\t<meta property=\"og:image:width\" content=\"1600\" \/>\n\t<meta property=\"og:image:height\" content=\"921\" \/>\n\t<meta property=\"og:image:type\" content=\"image\/webp\" \/>\n<meta name=\"twitter:card\" content=\"summary_large_image\" \/>\n<meta name=\"twitter:label1\" content=\"Est. reading time\" \/>\n\t<meta name=\"twitter:data1\" content=\"1 minute\" \/>\n<script type=\"application\/ld+json\" class=\"yoast-schema-graph\">{\"@context\":\"https:\\\/\\\/schema.org\",\"@graph\":[{\"@type\":\"WebPage\",\"@id\":\"https:\\\/\\\/ranoja.ee\\\/toode\\\/konner-sohnen-20-v-liitiumaku-laadija-ks-c24a\\\/\",\"url\":\"https:\\\/\\\/ranoja.ee\\\/toode\\\/konner-sohnen-20-v-liitiumaku-laadija-ks-c24a\\\/\",\"name\":\"K\u00f6nner & S\u00f6hnen 20 V liitiumaku laadija KS C24A\",\"isPartOf\":{\"@id\":\"https:\\\/\\\/ranoja.ee\\\/#website\"},\"primaryImageOfPage\":{\"@id\":\"https:\\\/\\\/ranoja.ee\\\/toode\\\/konner-sohnen-20-v-liitiumaku-laadija-ks-c24a\\\/#primaryimage\"},\"image\":{\"@id\":\"https:\\\/\\\/ranoja.ee\\\/toode\\\/konner-sohnen-20-v-liitiumaku-laadija-ks-c24a\\\/#primaryimage\"},\"thumbnailUrl\":\"https:\\\/\\\/ranoja.ee\\\/wp-content\\\/uploads\\\/2025\\\/09\\\/Konner-Sohnen-20-V-liitiumaku-laadija-KS-C24A.webp\",\"datePublished\":\"2025-09-25T13:32:30+00:00\",\"dateModified\":\"2026-04-08T07:00:08+00:00\",\"description\":\"K\u00f6nner & S\u00f6hnen 20 V liitiumaku laadija KS C24A Laadimisprotsessi j\u00e4lgimiseks on seadmel LED-indikaatorid, mis n\u00e4itavad aku laadimisolekut.\",\"breadcrumb\":{\"@id\":\"https:\\\/\\\/ranoja.ee\\\/toode\\\/konner-sohnen-20-v-liitiumaku-laadija-ks-c24a\\\/#breadcrumb\"},\"inLanguage\":\"en-US\",\"potentialAction\":[{\"@type\":\"ReadAction\",\"target\":[\"https:\\\/\\\/ranoja.ee\\\/toode\\\/konner-sohnen-20-v-liitiumaku-laadija-ks-c24a\\\/\"]}]},{\"@type\":\"ImageObject\",\"inLanguage\":\"en-US\",\"@id\":\"https:\\\/\\\/ranoja.ee\\\/toode\\\/konner-sohnen-20-v-liitiumaku-laadija-ks-c24a\\\/#primaryimage\",\"url\":\"https:\\\/\\\/ranoja.ee\\\/wp-content\\\/uploads\\\/2025\\\/09\\\/Konner-Sohnen-20-V-liitiumaku-laadija-KS-C24A.webp\",\"contentUrl\":\"https:\\\/\\\/ranoja.ee\\\/wp-content\\\/uploads\\\/2025\\\/09\\\/Konner-Sohnen-20-V-liitiumaku-laadija-KS-C24A.webp\",\"width\":1600,\"height\":921,\"caption\":\"K\u00f6nner & S\u00f6hnen 20 V liitiumaku laadija KS C24A\"},{\"@type\":\"BreadcrumbList\",\"@id\":\"https:\\\/\\\/ranoja.ee\\\/toode\\\/konner-sohnen-20-v-liitiumaku-laadija-ks-c24a\\\/#breadcrumb\",\"itemListElement\":[{\"@type\":\"ListItem\",\"position\":1,\"name\":\"Home\",\"item\":\"https:\\\/\\\/ranoja.ee\\\/\"},{\"@type\":\"ListItem\",\"position\":2,\"name\":\"Shop\",\"item\":\"https:\\\/\\\/ranoja.ee\\\/en\\\/shop\\\/\"},{\"@type\":\"ListItem\",\"position\":3,\"name\":\"K\u00f6nner &#038; S\u00f6hnen 20 V liitiumaku laadija KS C24A\"}]},{\"@type\":\"WebSite\",\"@id\":\"https:\\\/\\\/ranoja.ee\\\/#website\",\"url\":\"https:\\\/\\\/ranoja.ee\\\/\",\"name\":\"Ranoja\",\"description\":\"Equipment Shop WooCommerce WordPress Theme for Machine &amp; Tools\",\"publisher\":{\"@id\":\"https:\\\/\\\/ranoja.ee\\\/#organization\"},\"potentialAction\":[{\"@type\":\"SearchAction\",\"target\":{\"@type\":\"EntryPoint\",\"urlTemplate\":\"https:\\\/\\\/ranoja.ee\\\/?s={search_term_string}\"},\"query-input\":{\"@type\":\"PropertyValueSpecification\",\"valueRequired\":true,\"valueName\":\"search_term_string\"}}],\"inLanguage\":\"en-US\"},{\"@type\":\"Organization\",\"@id\":\"https:\\\/\\\/ranoja.ee\\\/#organization\",\"name\":\"Ranoja O\u00dc\",\"url\":\"https:\\\/\\\/ranoja.ee\\\/\",\"logo\":{\"@type\":\"ImageObject\",\"inLanguage\":\"en-US\",\"@id\":\"https:\\\/\\\/ranoja.ee\\\/#\\\/schema\\\/logo\\\/image\\\/\",\"url\":\"https:\\\/\\\/ranoja.ee\\\/wp-content\\\/uploads\\\/2023\\\/11\\\/ranoja-Logo.png\",\"contentUrl\":\"https:\\\/\\\/ranoja.ee\\\/wp-content\\\/uploads\\\/2023\\\/11\\\/ranoja-Logo.png\",\"width\":207,\"height\":58,\"caption\":\"Ranoja O\u00dc\"},\"image\":{\"@id\":\"https:\\\/\\\/ranoja.ee\\\/#\\\/schema\\\/logo\\\/image\\\/\"},\"sameAs\":[\"https:\\\/\\\/www.facebook.com\\\/ranoja.ee\",\"https:\\\/\\\/www.instagram.com\\\/ranoja__\\\/\"]}]}<\/script>\n<!-- \/ Yoast SEO plugin. -->","yoast_head_json":{"title":"K\u00f6nner & S\u00f6hnen 20 V liitiumaku laadija KS C24A","description":"K\u00f6nner & S\u00f6hnen 20 V liitiumaku laadija KS C24A Laadimisprotsessi j\u00e4lgimiseks on seadmel LED-indikaatorid, mis n\u00e4itavad aku laadimisolekut.","robots":{"index":"index","follow":"follow","max-snippet":"max-snippet:-1","max-image-preview":"max-image-preview:large","max-video-preview":"max-video-preview:-1"},"canonical":"https:\/\/ranoja.ee\/toode\/konner-sohnen-20-v-liitiumaku-laadija-ks-c24a\/","og_locale":"en_US","og_type":"article","og_title":"K\u00f6nner & S\u00f6hnen 20 V liitiumaku laadija KS C24A","og_description":"K\u00f6nner & S\u00f6hnen 20 V liitiumaku laadija KS C24A Laadimisprotsessi j\u00e4lgimiseks on seadmel LED-indikaatorid, mis n\u00e4itavad aku laadimisolekut.","og_url":"https:\/\/ranoja.ee\/toode\/konner-sohnen-20-v-liitiumaku-laadija-ks-c24a\/","og_site_name":"Ranoja","article_publisher":"https:\/\/www.facebook.com\/ranoja.ee","article_modified_time":"2026-04-08T07:00:08+00:00","og_image":[{"width":1600,"height":921,"url":"https:\/\/ranoja.ee\/wp-content\/uploads\/2025\/09\/Konner-Sohnen-20-V-liitiumaku-laadija-KS-C24A.webp","type":"image\/webp"}],"twitter_card":"summary_large_image","twitter_misc":{"Est. reading time":"1 minute"},"schema":{"@context":"https:\/\/schema.org","@graph":[{"@type":"WebPage","@id":"https:\/\/ranoja.ee\/toode\/konner-sohnen-20-v-liitiumaku-laadija-ks-c24a\/","url":"https:\/\/ranoja.ee\/toode\/konner-sohnen-20-v-liitiumaku-laadija-ks-c24a\/","name":"K\u00f6nner & S\u00f6hnen 20 V liitiumaku laadija KS C24A","isPartOf":{"@id":"https:\/\/ranoja.ee\/#website"},"primaryImageOfPage":{"@id":"https:\/\/ranoja.ee\/toode\/konner-sohnen-20-v-liitiumaku-laadija-ks-c24a\/#primaryimage"},"image":{"@id":"https:\/\/ranoja.ee\/toode\/konner-sohnen-20-v-liitiumaku-laadija-ks-c24a\/#primaryimage"},"thumbnailUrl":"https:\/\/ranoja.ee\/wp-content\/uploads\/2025\/09\/Konner-Sohnen-20-V-liitiumaku-laadija-KS-C24A.webp","datePublished":"2025-09-25T13:32:30+00:00","dateModified":"2026-04-08T07:00:08+00:00","description":"K\u00f6nner & S\u00f6hnen 20 V liitiumaku laadija KS C24A Laadimisprotsessi j\u00e4lgimiseks on seadmel LED-indikaatorid, mis n\u00e4itavad aku laadimisolekut.","breadcrumb":{"@id":"https:\/\/ranoja.ee\/toode\/konner-sohnen-20-v-liitiumaku-laadija-ks-c24a\/#breadcrumb"},"inLanguage":"en-US","potentialAction":[{"@type":"ReadAction","target":["https:\/\/ranoja.ee\/toode\/konner-sohnen-20-v-liitiumaku-laadija-ks-c24a\/"]}]},{"@type":"ImageObject","inLanguage":"en-US","@id":"https:\/\/ranoja.ee\/toode\/konner-sohnen-20-v-liitiumaku-laadija-ks-c24a\/#primaryimage","url":"https:\/\/ranoja.ee\/wp-content\/uploads\/2025\/09\/Konner-Sohnen-20-V-liitiumaku-laadija-KS-C24A.webp","contentUrl":"https:\/\/ranoja.ee\/wp-content\/uploads\/2025\/09\/Konner-Sohnen-20-V-liitiumaku-laadija-KS-C24A.webp","width":1600,"height":921,"caption":"K\u00f6nner & S\u00f6hnen 20 V liitiumaku laadija KS C24A"},{"@type":"BreadcrumbList","@id":"https:\/\/ranoja.ee\/toode\/konner-sohnen-20-v-liitiumaku-laadija-ks-c24a\/#breadcrumb","itemListElement":[{"@type":"ListItem","position":1,"name":"Home","item":"https:\/\/ranoja.ee\/"},{"@type":"ListItem","position":2,"name":"Shop","item":"https:\/\/ranoja.ee\/en\/shop\/"},{"@type":"ListItem","position":3,"name":"K\u00f6nner &#038; S\u00f6hnen 20 V liitiumaku laadija KS C24A"}]},{"@type":"WebSite","@id":"https:\/\/ranoja.ee\/#website","url":"https:\/\/ranoja.ee\/","name":"Ranoja","description":"Equipment Shop WooCommerce WordPress Theme for Machine &amp; Tools","publisher":{"@id":"https:\/\/ranoja.ee\/#organization"},"potentialAction":[{"@type":"SearchAction","target":{"@type":"EntryPoint","urlTemplate":"https:\/\/ranoja.ee\/?s={search_term_string}"},"query-input":{"@type":"PropertyValueSpecification","valueRequired":true,"valueName":"search_term_string"}}],"inLanguage":"en-US"},{"@type":"Organization","@id":"https:\/\/ranoja.ee\/#organization","name":"Ranoja O\u00dc","url":"https:\/\/ranoja.ee\/","logo":{"@type":"ImageObject","inLanguage":"en-US","@id":"https:\/\/ranoja.ee\/#\/schema\/logo\/image\/","url":"https:\/\/ranoja.ee\/wp-content\/uploads\/2023\/11\/ranoja-Logo.png","contentUrl":"https:\/\/ranoja.ee\/wp-content\/uploads\/2023\/11\/ranoja-Logo.png","width":207,"height":58,"caption":"Ranoja O\u00dc"},"image":{"@id":"https:\/\/ranoja.ee\/#\/schema\/logo\/image\/"},"sameAs":["https:\/\/www.facebook.com\/ranoja.ee","https:\/\/www.instagram.com\/ranoja__\/"]}]}},"_links":{"self":[{"href":"https:\/\/ranoja.ee\/en\/wp-json\/wp\/v2\/product\/21547","targetHints":{"allow":["GET"]}}],"collection":[{"href":"https:\/\/ranoja.ee\/en\/wp-json\/wp\/v2\/product"}],"about":[{"href":"https:\/\/ranoja.ee\/en\/wp-json\/wp\/v2\/types\/product"}],"wp:featuredmedia":[{"embeddable":true,"href":"https:\/\/ranoja.ee\/en\/wp-json\/wp\/v2\/media\/21550"}],"wp:attachment":[{"href":"https:\/\/ranoja.ee\/en\/wp-json\/wp\/v2\/media?parent=21547"}],"wp:term":[{"taxonomy":"product_cat","embeddable":true,"href":"https:\/\/ranoja.ee\/en\/wp-json\/wp\/v2\/product_cat?post=21547"},{"taxonomy":"product_tag","embeddable":true,"href":"https:\/\/ranoja.ee\/en\/wp-json\/wp\/v2\/product_tag?post=21547"}],"curies":[{"name":"wp","href":"https:\/\/api.w.org\/{rel}","templated":true}]}}