{"id":21544,"date":"2025-09-25T15:26:58","date_gmt":"2025-09-25T12:26:58","guid":{"rendered":"https:\/\/ranoja.ee\/?post_type=product&#038;p=21544"},"modified":"2026-04-08T10:00:08","modified_gmt":"2026-04-08T07:00:08","slug":"konner-sohnen-20-v-liitiumaku-ks-20v8-2","status":"publish","type":"product","link":"https:\/\/ranoja.ee\/en\/toode\/konner-sohnen-20-v-liitiumaku-ks-20v8-2\/","title":{"rendered":"K\u00f6nner &#038; S\u00f6hnen 20 V liitiumaku KS 20V8-2"},"content":{"rendered":"<p>K\u00f6nner &#038; S\u00f6hnen 20 V liitiumaku KS 20V8-2<\/p>\n<p>Suure mahutavusega 20V liitiumioonaku, mis kuulub K\u00f6nner &#038; S\u00f6hnen\u2019i universaalsesse 20V akus\u00fcsteemi. Selle aku eesm\u00e4rk on pakkuda pikemat t\u00f6\u00f6aega ja usaldusv\u00e4\u00e4rset toidet n\u00f5udlikumatele kasutajatele, kes vajavad oma t\u00f6\u00f6riistadele pidevat ja stabiilset energiat.<\/p>\n<p>Aku 8.0 Ah mahutavus (160 Wh) tagab m\u00e4rkimisv\u00e4\u00e4rselt pikema t\u00f6\u00f6aja v\u00f5rreldes v\u00e4iksema mahutavusega akudega. V\u00f5imaldades t\u00f6\u00f6tada suuremate projektide kallal ilma sagedaste laadimispausideta. T\u00e4nu kaasaegsele liitiumioontehnoloogiale on aku kerge, energiat\u00f5hus ja pika elueaga. V\u00e4ga madal iset\u00fchjenemise m\u00e4\u00e4r t\u00e4hendab, et aku on valmis kasutamiseks ka p\u00e4rast pikemat seismist.<\/p>\n<p>Aku on varustatud intelligentse kaitses\u00fcsteemiga, mis hoiab \u00e4ra \u00fclelaadimise, s\u00fcvat\u00fchjenemise, \u00fclekuumenemise ja l\u00fchise, tagades t\u00f6\u00f6kindluse ja pikendades aku eluiga. Kiirlaadimise funktsiooniga saab aku t\u00e4is laadida ligikaudu 150\u2013180 minutiga, mis tagab kiire t\u00f6\u00f6 j\u00e4tkamise.<\/p>\n<p>K\u00f6nner &#038; S\u00f6hnen 20 V liitiumaku KS 20V8-2<\/p>\n","protected":false},"excerpt":{"rendered":"<p>K\u00f6nner &#038; S\u00f6hnen 20 V liitiumaku KS 20V8-2<br \/>\nPinge: 20 V<br \/>\nAku mahutavus: 8.0 Ah (160 Wh)<br \/>\nAku t\u00fc\u00fcp: Liitiumioon (Li-Ion)<br \/>\nAku laadimisaeg: Umbes 150 &#8211; 180 min kiirlaadijaga<br \/>\nAkul olevad kaitsed: \u00dclelaadimise, s\u00fcvat\u00fchjenemise, \u00fclekuumenemise ja l\u00fchisekaitse<br \/>\nKaal: 1.9 kg<br \/>\n<strong>Eeldatav tarneaeg 1-7 t\u00f6\u00f6p\u00e4eva<\/strong><\/p>\n","protected":false},"featured_media":21545,"template":"","meta":{"inline_featured_image":false},"product_cat":[1115,1094],"product_tag":[192,2245,1813,2246],"class_list":{"0":"post-21544","1":"product","2":"type-product","3":"status-publish","4":"has-post-thumbnail","6":"product_brand-konner-sohnen","7":"product_cat-akud-ja-laadijad","8":"product_cat-akutooriistad","9":"product_tag-aku","10":"product_tag-aku-8-ah","11":"product_tag-konner-sohnen","12":"product_tag-ks-20v8-2","14":"first","15":"outofstock","16":"taxable","17":"shipping-taxable","18":"purchasable","19":"product-type-simple"},"yoast_head":"<!-- This site is optimized with the Yoast SEO plugin v27.4 - https:\/\/yoast.com\/product\/yoast-seo-wordpress\/ -->\n<title>K\u00f6nner &amp; S\u00f6hnen 20 V liitiumaku KS 20V8-2<\/title>\n<meta name=\"description\" content=\"K\u00f6nner &amp; S\u00f6hnen 20 V liitiumaku KS 20V8-2 V\u00e4ga madal iset\u00fchjenemise m\u00e4\u00e4r t\u00e4hendab, et aku on valmis kasutamiseks ka p\u00e4rast pikemat seismist.\" \/>\n<meta name=\"robots\" content=\"index, follow, max-snippet:-1, max-image-preview:large, max-video-preview:-1\" \/>\n<link rel=\"canonical\" href=\"https:\/\/ranoja.ee\/toode\/konner-sohnen-20-v-liitiumaku-ks-20v8-2\/\" \/>\n<meta property=\"og:locale\" content=\"en_US\" \/>\n<meta property=\"og:type\" content=\"article\" \/>\n<meta property=\"og:title\" content=\"K\u00f6nner &amp; S\u00f6hnen 20 V liitiumaku KS 20V8-2\" \/>\n<meta property=\"og:description\" content=\"K\u00f6nner &amp; S\u00f6hnen 20 V liitiumaku KS 20V8-2 V\u00e4ga madal iset\u00fchjenemise m\u00e4\u00e4r t\u00e4hendab, et aku on valmis kasutamiseks ka p\u00e4rast pikemat seismist.\" \/>\n<meta property=\"og:url\" content=\"https:\/\/ranoja.ee\/toode\/konner-sohnen-20-v-liitiumaku-ks-20v8-2\/\" \/>\n<meta property=\"og:site_name\" content=\"Ranoja\" \/>\n<meta property=\"article:publisher\" content=\"https:\/\/www.facebook.com\/ranoja.ee\" \/>\n<meta property=\"article:modified_time\" content=\"2026-04-08T07:00:08+00:00\" \/>\n<meta property=\"og:image\" content=\"https:\/\/ranoja.ee\/wp-content\/uploads\/2025\/09\/Konner-Sohnen-20-V-liitiumaku-KS-20V8-2.webp\" \/>\n\t<meta property=\"og:image:width\" content=\"800\" \/>\n\t<meta property=\"og:image:height\" content=\"800\" \/>\n\t<meta property=\"og:image:type\" content=\"image\/webp\" \/>\n<meta name=\"twitter:card\" content=\"summary_large_image\" \/>\n<meta name=\"twitter:label1\" content=\"Est. reading time\" \/>\n\t<meta name=\"twitter:data1\" content=\"2 minutes\" \/>\n<script type=\"application\/ld+json\" class=\"yoast-schema-graph\">{\"@context\":\"https:\\\/\\\/schema.org\",\"@graph\":[{\"@type\":\"WebPage\",\"@id\":\"https:\\\/\\\/ranoja.ee\\\/toode\\\/konner-sohnen-20-v-liitiumaku-ks-20v8-2\\\/\",\"url\":\"https:\\\/\\\/ranoja.ee\\\/toode\\\/konner-sohnen-20-v-liitiumaku-ks-20v8-2\\\/\",\"name\":\"K\u00f6nner & S\u00f6hnen 20 V liitiumaku KS 20V8-2\",\"isPartOf\":{\"@id\":\"https:\\\/\\\/ranoja.ee\\\/#website\"},\"primaryImageOfPage\":{\"@id\":\"https:\\\/\\\/ranoja.ee\\\/toode\\\/konner-sohnen-20-v-liitiumaku-ks-20v8-2\\\/#primaryimage\"},\"image\":{\"@id\":\"https:\\\/\\\/ranoja.ee\\\/toode\\\/konner-sohnen-20-v-liitiumaku-ks-20v8-2\\\/#primaryimage\"},\"thumbnailUrl\":\"https:\\\/\\\/ranoja.ee\\\/wp-content\\\/uploads\\\/2025\\\/09\\\/Konner-Sohnen-20-V-liitiumaku-KS-20V8-2.webp\",\"datePublished\":\"2025-09-25T12:26:58+00:00\",\"dateModified\":\"2026-04-08T07:00:08+00:00\",\"description\":\"K\u00f6nner & S\u00f6hnen 20 V liitiumaku KS 20V8-2 V\u00e4ga madal iset\u00fchjenemise m\u00e4\u00e4r t\u00e4hendab, et aku on valmis kasutamiseks ka p\u00e4rast pikemat seismist.\",\"breadcrumb\":{\"@id\":\"https:\\\/\\\/ranoja.ee\\\/toode\\\/konner-sohnen-20-v-liitiumaku-ks-20v8-2\\\/#breadcrumb\"},\"inLanguage\":\"en-US\",\"potentialAction\":[{\"@type\":\"ReadAction\",\"target\":[\"https:\\\/\\\/ranoja.ee\\\/toode\\\/konner-sohnen-20-v-liitiumaku-ks-20v8-2\\\/\"]}]},{\"@type\":\"ImageObject\",\"inLanguage\":\"en-US\",\"@id\":\"https:\\\/\\\/ranoja.ee\\\/toode\\\/konner-sohnen-20-v-liitiumaku-ks-20v8-2\\\/#primaryimage\",\"url\":\"https:\\\/\\\/ranoja.ee\\\/wp-content\\\/uploads\\\/2025\\\/09\\\/Konner-Sohnen-20-V-liitiumaku-KS-20V8-2.webp\",\"contentUrl\":\"https:\\\/\\\/ranoja.ee\\\/wp-content\\\/uploads\\\/2025\\\/09\\\/Konner-Sohnen-20-V-liitiumaku-KS-20V8-2.webp\",\"width\":800,\"height\":800,\"caption\":\"K\u00f6nner & S\u00f6hnen 20 V liitiumaku KS 20V8-2\"},{\"@type\":\"BreadcrumbList\",\"@id\":\"https:\\\/\\\/ranoja.ee\\\/toode\\\/konner-sohnen-20-v-liitiumaku-ks-20v8-2\\\/#breadcrumb\",\"itemListElement\":[{\"@type\":\"ListItem\",\"position\":1,\"name\":\"Home\",\"item\":\"https:\\\/\\\/ranoja.ee\\\/\"},{\"@type\":\"ListItem\",\"position\":2,\"name\":\"Shop\",\"item\":\"https:\\\/\\\/ranoja.ee\\\/en\\\/shop\\\/\"},{\"@type\":\"ListItem\",\"position\":3,\"name\":\"K\u00f6nner &#038; S\u00f6hnen 20 V liitiumaku KS 20V8-2\"}]},{\"@type\":\"WebSite\",\"@id\":\"https:\\\/\\\/ranoja.ee\\\/#website\",\"url\":\"https:\\\/\\\/ranoja.ee\\\/\",\"name\":\"Ranoja\",\"description\":\"Equipment Shop WooCommerce WordPress Theme for Machine &amp; Tools\",\"publisher\":{\"@id\":\"https:\\\/\\\/ranoja.ee\\\/#organization\"},\"potentialAction\":[{\"@type\":\"SearchAction\",\"target\":{\"@type\":\"EntryPoint\",\"urlTemplate\":\"https:\\\/\\\/ranoja.ee\\\/?s={search_term_string}\"},\"query-input\":{\"@type\":\"PropertyValueSpecification\",\"valueRequired\":true,\"valueName\":\"search_term_string\"}}],\"inLanguage\":\"en-US\"},{\"@type\":\"Organization\",\"@id\":\"https:\\\/\\\/ranoja.ee\\\/#organization\",\"name\":\"Ranoja O\u00dc\",\"url\":\"https:\\\/\\\/ranoja.ee\\\/\",\"logo\":{\"@type\":\"ImageObject\",\"inLanguage\":\"en-US\",\"@id\":\"https:\\\/\\\/ranoja.ee\\\/#\\\/schema\\\/logo\\\/image\\\/\",\"url\":\"https:\\\/\\\/ranoja.ee\\\/wp-content\\\/uploads\\\/2023\\\/11\\\/ranoja-Logo.png\",\"contentUrl\":\"https:\\\/\\\/ranoja.ee\\\/wp-content\\\/uploads\\\/2023\\\/11\\\/ranoja-Logo.png\",\"width\":207,\"height\":58,\"caption\":\"Ranoja O\u00dc\"},\"image\":{\"@id\":\"https:\\\/\\\/ranoja.ee\\\/#\\\/schema\\\/logo\\\/image\\\/\"},\"sameAs\":[\"https:\\\/\\\/www.facebook.com\\\/ranoja.ee\",\"https:\\\/\\\/www.instagram.com\\\/ranoja__\\\/\"]}]}<\/script>\n<!-- \/ Yoast SEO plugin. -->","yoast_head_json":{"title":"K\u00f6nner & S\u00f6hnen 20 V liitiumaku KS 20V8-2","description":"K\u00f6nner & S\u00f6hnen 20 V liitiumaku KS 20V8-2 V\u00e4ga madal iset\u00fchjenemise m\u00e4\u00e4r t\u00e4hendab, et aku on valmis kasutamiseks ka p\u00e4rast pikemat seismist.","robots":{"index":"index","follow":"follow","max-snippet":"max-snippet:-1","max-image-preview":"max-image-preview:large","max-video-preview":"max-video-preview:-1"},"canonical":"https:\/\/ranoja.ee\/toode\/konner-sohnen-20-v-liitiumaku-ks-20v8-2\/","og_locale":"en_US","og_type":"article","og_title":"K\u00f6nner & S\u00f6hnen 20 V liitiumaku KS 20V8-2","og_description":"K\u00f6nner & S\u00f6hnen 20 V liitiumaku KS 20V8-2 V\u00e4ga madal iset\u00fchjenemise m\u00e4\u00e4r t\u00e4hendab, et aku on valmis kasutamiseks ka p\u00e4rast pikemat seismist.","og_url":"https:\/\/ranoja.ee\/toode\/konner-sohnen-20-v-liitiumaku-ks-20v8-2\/","og_site_name":"Ranoja","article_publisher":"https:\/\/www.facebook.com\/ranoja.ee","article_modified_time":"2026-04-08T07:00:08+00:00","og_image":[{"width":800,"height":800,"url":"https:\/\/ranoja.ee\/wp-content\/uploads\/2025\/09\/Konner-Sohnen-20-V-liitiumaku-KS-20V8-2.webp","type":"image\/webp"}],"twitter_card":"summary_large_image","twitter_misc":{"Est. reading time":"2 minutes"},"schema":{"@context":"https:\/\/schema.org","@graph":[{"@type":"WebPage","@id":"https:\/\/ranoja.ee\/toode\/konner-sohnen-20-v-liitiumaku-ks-20v8-2\/","url":"https:\/\/ranoja.ee\/toode\/konner-sohnen-20-v-liitiumaku-ks-20v8-2\/","name":"K\u00f6nner & S\u00f6hnen 20 V liitiumaku KS 20V8-2","isPartOf":{"@id":"https:\/\/ranoja.ee\/#website"},"primaryImageOfPage":{"@id":"https:\/\/ranoja.ee\/toode\/konner-sohnen-20-v-liitiumaku-ks-20v8-2\/#primaryimage"},"image":{"@id":"https:\/\/ranoja.ee\/toode\/konner-sohnen-20-v-liitiumaku-ks-20v8-2\/#primaryimage"},"thumbnailUrl":"https:\/\/ranoja.ee\/wp-content\/uploads\/2025\/09\/Konner-Sohnen-20-V-liitiumaku-KS-20V8-2.webp","datePublished":"2025-09-25T12:26:58+00:00","dateModified":"2026-04-08T07:00:08+00:00","description":"K\u00f6nner & S\u00f6hnen 20 V liitiumaku KS 20V8-2 V\u00e4ga madal iset\u00fchjenemise m\u00e4\u00e4r t\u00e4hendab, et aku on valmis kasutamiseks ka p\u00e4rast pikemat seismist.","breadcrumb":{"@id":"https:\/\/ranoja.ee\/toode\/konner-sohnen-20-v-liitiumaku-ks-20v8-2\/#breadcrumb"},"inLanguage":"en-US","potentialAction":[{"@type":"ReadAction","target":["https:\/\/ranoja.ee\/toode\/konner-sohnen-20-v-liitiumaku-ks-20v8-2\/"]}]},{"@type":"ImageObject","inLanguage":"en-US","@id":"https:\/\/ranoja.ee\/toode\/konner-sohnen-20-v-liitiumaku-ks-20v8-2\/#primaryimage","url":"https:\/\/ranoja.ee\/wp-content\/uploads\/2025\/09\/Konner-Sohnen-20-V-liitiumaku-KS-20V8-2.webp","contentUrl":"https:\/\/ranoja.ee\/wp-content\/uploads\/2025\/09\/Konner-Sohnen-20-V-liitiumaku-KS-20V8-2.webp","width":800,"height":800,"caption":"K\u00f6nner & S\u00f6hnen 20 V liitiumaku KS 20V8-2"},{"@type":"BreadcrumbList","@id":"https:\/\/ranoja.ee\/toode\/konner-sohnen-20-v-liitiumaku-ks-20v8-2\/#breadcrumb","itemListElement":[{"@type":"ListItem","position":1,"name":"Home","item":"https:\/\/ranoja.ee\/"},{"@type":"ListItem","position":2,"name":"Shop","item":"https:\/\/ranoja.ee\/en\/shop\/"},{"@type":"ListItem","position":3,"name":"K\u00f6nner &#038; S\u00f6hnen 20 V liitiumaku KS 20V8-2"}]},{"@type":"WebSite","@id":"https:\/\/ranoja.ee\/#website","url":"https:\/\/ranoja.ee\/","name":"Ranoja","description":"Equipment Shop WooCommerce WordPress Theme for Machine &amp; Tools","publisher":{"@id":"https:\/\/ranoja.ee\/#organization"},"potentialAction":[{"@type":"SearchAction","target":{"@type":"EntryPoint","urlTemplate":"https:\/\/ranoja.ee\/?s={search_term_string}"},"query-input":{"@type":"PropertyValueSpecification","valueRequired":true,"valueName":"search_term_string"}}],"inLanguage":"en-US"},{"@type":"Organization","@id":"https:\/\/ranoja.ee\/#organization","name":"Ranoja O\u00dc","url":"https:\/\/ranoja.ee\/","logo":{"@type":"ImageObject","inLanguage":"en-US","@id":"https:\/\/ranoja.ee\/#\/schema\/logo\/image\/","url":"https:\/\/ranoja.ee\/wp-content\/uploads\/2023\/11\/ranoja-Logo.png","contentUrl":"https:\/\/ranoja.ee\/wp-content\/uploads\/2023\/11\/ranoja-Logo.png","width":207,"height":58,"caption":"Ranoja O\u00dc"},"image":{"@id":"https:\/\/ranoja.ee\/#\/schema\/logo\/image\/"},"sameAs":["https:\/\/www.facebook.com\/ranoja.ee","https:\/\/www.instagram.com\/ranoja__\/"]}]}},"_links":{"self":[{"href":"https:\/\/ranoja.ee\/en\/wp-json\/wp\/v2\/product\/21544","targetHints":{"allow":["GET"]}}],"collection":[{"href":"https:\/\/ranoja.ee\/en\/wp-json\/wp\/v2\/product"}],"about":[{"href":"https:\/\/ranoja.ee\/en\/wp-json\/wp\/v2\/types\/product"}],"wp:featuredmedia":[{"embeddable":true,"href":"https:\/\/ranoja.ee\/en\/wp-json\/wp\/v2\/media\/21545"}],"wp:attachment":[{"href":"https:\/\/ranoja.ee\/en\/wp-json\/wp\/v2\/media?parent=21544"}],"wp:term":[{"taxonomy":"product_cat","embeddable":true,"href":"https:\/\/ranoja.ee\/en\/wp-json\/wp\/v2\/product_cat?post=21544"},{"taxonomy":"product_tag","embeddable":true,"href":"https:\/\/ranoja.ee\/en\/wp-json\/wp\/v2\/product_tag?post=21544"}],"curies":[{"name":"wp","href":"https:\/\/api.w.org\/{rel}","templated":true}]}}