{"id":21515,"date":"2025-09-24T17:21:28","date_gmt":"2025-09-24T14:21:28","guid":{"rendered":"https:\/\/ranoja.ee\/?post_type=product&#038;p=21515"},"modified":"2026-04-14T11:59:21","modified_gmt":"2026-04-14T08:59:21","slug":"konner-sohnen-kaasaskantav-paikesepaneel-ks-sp210w-4","status":"publish","type":"product","link":"https:\/\/ranoja.ee\/en\/toode\/konner-sohnen-kaasaskantav-paikesepaneel-ks-sp210w-4\/","title":{"rendered":"K\u00f6nner &#038; S\u00f6hnen kaasaskantav p\u00e4ikesepaneel KS SP210W-4"},"content":{"rendered":"<p>K\u00f6nner &#038; S\u00f6hnen kaasaskantav p\u00e4ikesepaneel KS SP210W-4<\/p>\n<p>Suure v\u00f5imsusega, professionaalseks kasutamiseks m\u00f5eldud kaasaskantav p\u00e4ikesepaneel, mis tagab maksimaalse energiatootlikkuse ka keerukates tingimustes. See mudel pakub muljetavaldavat 210 W nimiv\u00f5imsust. Mis on piisav isegi suurema akumahutavusega kaasaskantavate j\u00f5ujaamade kiireks ja t\u00f5husaks laadimiseks. Paneel kasutab k\u00f5rgelt efektiivseid monokristallilisi p\u00e4ikesemooduleid, mille energiakonversiooni kasutegur ulatub kuni 22%-ni. Mis t\u00e4hendab, et see suudab muundada suure osa p\u00e4ikesekiirgusest kasutatavaks elektriks.<\/p>\n<p>KS SP210W-4 on kokkupandav, neljast segmendist koosnev paneel, mis on hoolimata suurest v\u00f5imsusest kerge ja kompaktne. T\u00e4nu tugevale ja veekindlale kattele. Sobib see ideaalselt matkamiseks, telkimiseks, haagissuvilaga reisimiseks v\u00f5i t\u00f6\u00f6deks kohtades, kus p\u00fcsivat elektriv\u00f5rku ei ole. Sisseehitatud tugijalad v\u00f5imaldavad paneeli paigutada \u00f5ige nurga alla, et saavutada parim p\u00e4ikesevalguse p\u00fc\u00fcdmine ja l\u00fchim laadimisaeg.<\/p>\n<p>See p\u00e4ikesepaneel on varustatud standardsete DC-v\u00e4ljunditega ning \u00fchildub enamikku MPPT v\u00f5i PWM kontrolleritega kaasaskantavate j\u00f5ujaamadega. Vajadusel saab kasutada ka adaptereid Andersoni v\u00f5i XT60 \u00fchenduseks, et sobitada see erinevate seadmetega.<\/p>\n<p>\u2705 Sobivad mudelid K\u00f6nner &#038; S\u00f6hnen kaasaskantavadest j\u00f5ujaamade valikust:<\/p>\n<p>KS 500PS \u2013 v\u00e4ga hea sobivus; laadib jaama 210 W v\u00f5imsusega 2\u20133 tunniga t\u00e4is (t\u00e4ieliku p\u00e4ikesega).<br \/>\nKS 1200PS \u2013 suurep\u00e4rane lahendus, laadib jaama umbes 6\u20137 tunniga.<br \/>\nKS 2000PS ja KS 2500PS \u2013 ideaalne valik, suudab m\u00e4rkimisv\u00e4\u00e4rselt v\u00e4hendada laadimisaega; soovitatav paralleel\u00fchenduses kasutada mitut 210 W paneeli veelgi kiiremaks laadimiseks.<br \/>\nKS 3000PS ja KS 5200PS \u2013 t\u00f6\u00f6tab v\u00e4ga h\u00e4sti, kuid \u00fche paneeliga laadimine v\u00f5tab aega; suure aku korral on m\u00f5istlik \u00fchendada kaks v\u00f5i enam paneeli.<\/p>\n<p>\ud83d\udd0c \u00dchilduvus ja \u00fchendused:<br \/>\nKS SP210W-4 t\u00f6\u00f6tab DC5521, Anderson v\u00f5i XT60 sisenditega j\u00f5ujaamadega, mis toetavad 18\u201321 V MPPT v\u00f5i PWM p\u00e4ikeselaadimist. Selle suur v\u00f5imsus t\u00e4hendab, et see kasutab t\u00e4ielikult \u00e4ra suurema jaama laadimisv\u00f5imekuse, tagades l\u00fchima v\u00f5imaliku laadimisaja.<\/p>\n<p>\u26a0\ufe0f Oluline arvestada:<\/p>\n<p>V\u00e4iksematele jaamadele, nagu KS 200PS v\u00f5i KS 300PS, on see paneel samuti tehniliselt sobiv, kuid v\u00f5ib \u00fcletada nende maksimaalset lubatud PV sisendv\u00f5imsust \u2013 seet\u00f5ttu tuleks enne \u00fchendamist kontrollida jaama spetsifikatsiooni.<\/p>\n<p>K\u00f6nner &#038; S\u00f6hnen kaasaskantav p\u00e4ikesepaneel KS SP210W-4<\/p>\n","protected":false},"excerpt":{"rendered":"<p>K\u00f6nner &#038; S\u00f6hnen kaasaskantav p\u00e4ikesepaneel KS SP210W-4<br \/>\nP\u00e4ikesepaneel: 4 x 210 W<br \/>\nPinge: 19.44 V<br \/>\nVool: 10.8 A<br \/>\nP\u00e4ikesepaneeli v\u00e4ljund:\tMC4 Solar Porti saab \u00fchendada j\u00e4rjestikku 600 W paneele<br \/>\nM\u00f5\u00f5tmed kokkuvolditult: 681 \u00d7 555 \u00d7 65 mm<br \/>\nM\u00f5\u00f5tmed lahtivolditult: 2070 \u00d7 681 \u00d7 3 mm<br \/>\nKaasas p\u00e4ikesepaneelig:\tMC4 to XT60 kaabel<br \/>\nKaal: 5.3 kg<br \/>\n<strong>Eeldatav tarneaeg 1-7 t\u00f6\u00f6p\u00e4eva<\/strong><\/p>\n","protected":false},"featured_media":21517,"template":"","meta":{"inline_featured_image":false},"product_cat":[1090,102],"product_tag":[2232,1813,2228,2217,2235,2237,2227,2222,2236,2231],"class_list":{"0":"post-21515","1":"product","2":"type-product","3":"status-publish","4":"has-post-thumbnail","6":"product_brand-konner-sohnen","7":"product_cat-ehitustehnika","8":"product_cat-generaatorid-ja-inverterid","9":"product_tag-kaasaskantav-paikesepaneel","10":"product_tag-konner-sohnen","11":"product_tag-ks-1200ps","12":"product_tag-ks-2000ps","13":"product_tag-ks-2500ps","14":"product_tag-ks-3000ps","15":"product_tag-ks-500ps","16":"product_tag-ks-5200ps","17":"product_tag-ks-sp210w-4","18":"product_tag-paikesepaneel","20":"first","21":"outofstock","22":"taxable","23":"shipping-taxable","24":"purchasable","25":"product-type-simple"},"yoast_head":"<!-- This site is optimized with the Yoast SEO plugin v27.4 - https:\/\/yoast.com\/product\/yoast-seo-wordpress\/ -->\n<title>K\u00f6nner &amp; S\u00f6hnen kaasaskantav p\u00e4ikesepaneel KS SP210W-4<\/title>\n<meta name=\"description\" content=\"K\u00f6nner &amp; S\u00f6hnen kaasaskantav p\u00e4ikesepaneel KS SP210W-4 Suure v\u00f5imsusega, professionaalseks kasutamiseks m\u00f5eldud kaasaskantav p\u00e4ikesepaneel.\" \/>\n<meta name=\"robots\" content=\"index, follow, max-snippet:-1, max-image-preview:large, max-video-preview:-1\" \/>\n<link rel=\"canonical\" href=\"https:\/\/ranoja.ee\/toode\/konner-sohnen-kaasaskantav-paikesepaneel-ks-sp210w-4\/\" \/>\n<meta property=\"og:locale\" content=\"en_US\" \/>\n<meta property=\"og:type\" content=\"article\" \/>\n<meta property=\"og:title\" content=\"K\u00f6nner &amp; S\u00f6hnen kaasaskantav p\u00e4ikesepaneel KS SP210W-4\" \/>\n<meta property=\"og:description\" content=\"K\u00f6nner &amp; S\u00f6hnen kaasaskantav p\u00e4ikesepaneel KS SP210W-4 Suure v\u00f5imsusega, professionaalseks kasutamiseks m\u00f5eldud kaasaskantav p\u00e4ikesepaneel.\" \/>\n<meta property=\"og:url\" content=\"https:\/\/ranoja.ee\/toode\/konner-sohnen-kaasaskantav-paikesepaneel-ks-sp210w-4\/\" \/>\n<meta property=\"og:site_name\" content=\"Ranoja\" \/>\n<meta property=\"article:publisher\" content=\"https:\/\/www.facebook.com\/ranoja.ee\" \/>\n<meta property=\"article:modified_time\" content=\"2026-04-14T08:59:21+00:00\" \/>\n<meta property=\"og:image\" content=\"https:\/\/ranoja.ee\/wp-content\/uploads\/2025\/09\/Konner-Sohnen-kaasaskantav-paikesepaneel-KS-SP210W-4.jpg\" \/>\n\t<meta property=\"og:image:width\" content=\"768\" \/>\n\t<meta property=\"og:image:height\" content=\"576\" \/>\n\t<meta property=\"og:image:type\" content=\"image\/jpeg\" \/>\n<meta name=\"twitter:card\" content=\"summary_large_image\" \/>\n<meta name=\"twitter:label1\" content=\"Est. reading time\" \/>\n\t<meta name=\"twitter:data1\" content=\"2 minutes\" \/>\n<script type=\"application\/ld+json\" class=\"yoast-schema-graph\">{\"@context\":\"https:\\\/\\\/schema.org\",\"@graph\":[{\"@type\":\"WebPage\",\"@id\":\"https:\\\/\\\/ranoja.ee\\\/toode\\\/konner-sohnen-kaasaskantav-paikesepaneel-ks-sp210w-4\\\/\",\"url\":\"https:\\\/\\\/ranoja.ee\\\/toode\\\/konner-sohnen-kaasaskantav-paikesepaneel-ks-sp210w-4\\\/\",\"name\":\"K\u00f6nner & S\u00f6hnen kaasaskantav p\u00e4ikesepaneel KS SP210W-4\",\"isPartOf\":{\"@id\":\"https:\\\/\\\/ranoja.ee\\\/#website\"},\"primaryImageOfPage\":{\"@id\":\"https:\\\/\\\/ranoja.ee\\\/toode\\\/konner-sohnen-kaasaskantav-paikesepaneel-ks-sp210w-4\\\/#primaryimage\"},\"image\":{\"@id\":\"https:\\\/\\\/ranoja.ee\\\/toode\\\/konner-sohnen-kaasaskantav-paikesepaneel-ks-sp210w-4\\\/#primaryimage\"},\"thumbnailUrl\":\"https:\\\/\\\/ranoja.ee\\\/wp-content\\\/uploads\\\/2025\\\/09\\\/Konner-Sohnen-kaasaskantav-paikesepaneel-KS-SP210W-4.jpg\",\"datePublished\":\"2025-09-24T14:21:28+00:00\",\"dateModified\":\"2026-04-14T08:59:21+00:00\",\"description\":\"K\u00f6nner & S\u00f6hnen kaasaskantav p\u00e4ikesepaneel KS SP210W-4 Suure v\u00f5imsusega, professionaalseks kasutamiseks m\u00f5eldud kaasaskantav p\u00e4ikesepaneel.\",\"breadcrumb\":{\"@id\":\"https:\\\/\\\/ranoja.ee\\\/toode\\\/konner-sohnen-kaasaskantav-paikesepaneel-ks-sp210w-4\\\/#breadcrumb\"},\"inLanguage\":\"en-US\",\"potentialAction\":[{\"@type\":\"ReadAction\",\"target\":[\"https:\\\/\\\/ranoja.ee\\\/toode\\\/konner-sohnen-kaasaskantav-paikesepaneel-ks-sp210w-4\\\/\"]}]},{\"@type\":\"ImageObject\",\"inLanguage\":\"en-US\",\"@id\":\"https:\\\/\\\/ranoja.ee\\\/toode\\\/konner-sohnen-kaasaskantav-paikesepaneel-ks-sp210w-4\\\/#primaryimage\",\"url\":\"https:\\\/\\\/ranoja.ee\\\/wp-content\\\/uploads\\\/2025\\\/09\\\/Konner-Sohnen-kaasaskantav-paikesepaneel-KS-SP210W-4.jpg\",\"contentUrl\":\"https:\\\/\\\/ranoja.ee\\\/wp-content\\\/uploads\\\/2025\\\/09\\\/Konner-Sohnen-kaasaskantav-paikesepaneel-KS-SP210W-4.jpg\",\"width\":768,\"height\":576,\"caption\":\"K\u00f6nner & S\u00f6hnen kaasaskantav p\u00e4ikesepaneel KS SP210W-4\"},{\"@type\":\"BreadcrumbList\",\"@id\":\"https:\\\/\\\/ranoja.ee\\\/toode\\\/konner-sohnen-kaasaskantav-paikesepaneel-ks-sp210w-4\\\/#breadcrumb\",\"itemListElement\":[{\"@type\":\"ListItem\",\"position\":1,\"name\":\"Home\",\"item\":\"https:\\\/\\\/ranoja.ee\\\/\"},{\"@type\":\"ListItem\",\"position\":2,\"name\":\"Shop\",\"item\":\"https:\\\/\\\/ranoja.ee\\\/en\\\/shop\\\/\"},{\"@type\":\"ListItem\",\"position\":3,\"name\":\"K\u00f6nner &#038; S\u00f6hnen kaasaskantav p\u00e4ikesepaneel KS SP210W-4\"}]},{\"@type\":\"WebSite\",\"@id\":\"https:\\\/\\\/ranoja.ee\\\/#website\",\"url\":\"https:\\\/\\\/ranoja.ee\\\/\",\"name\":\"Ranoja\",\"description\":\"Equipment Shop WooCommerce WordPress Theme for Machine &amp; Tools\",\"publisher\":{\"@id\":\"https:\\\/\\\/ranoja.ee\\\/#organization\"},\"potentialAction\":[{\"@type\":\"SearchAction\",\"target\":{\"@type\":\"EntryPoint\",\"urlTemplate\":\"https:\\\/\\\/ranoja.ee\\\/?s={search_term_string}\"},\"query-input\":{\"@type\":\"PropertyValueSpecification\",\"valueRequired\":true,\"valueName\":\"search_term_string\"}}],\"inLanguage\":\"en-US\"},{\"@type\":\"Organization\",\"@id\":\"https:\\\/\\\/ranoja.ee\\\/#organization\",\"name\":\"Ranoja O\u00dc\",\"url\":\"https:\\\/\\\/ranoja.ee\\\/\",\"logo\":{\"@type\":\"ImageObject\",\"inLanguage\":\"en-US\",\"@id\":\"https:\\\/\\\/ranoja.ee\\\/#\\\/schema\\\/logo\\\/image\\\/\",\"url\":\"https:\\\/\\\/ranoja.ee\\\/wp-content\\\/uploads\\\/2023\\\/11\\\/ranoja-Logo.png\",\"contentUrl\":\"https:\\\/\\\/ranoja.ee\\\/wp-content\\\/uploads\\\/2023\\\/11\\\/ranoja-Logo.png\",\"width\":207,\"height\":58,\"caption\":\"Ranoja O\u00dc\"},\"image\":{\"@id\":\"https:\\\/\\\/ranoja.ee\\\/#\\\/schema\\\/logo\\\/image\\\/\"},\"sameAs\":[\"https:\\\/\\\/www.facebook.com\\\/ranoja.ee\",\"https:\\\/\\\/www.instagram.com\\\/ranoja__\\\/\"]}]}<\/script>\n<!-- \/ Yoast SEO plugin. -->","yoast_head_json":{"title":"K\u00f6nner & S\u00f6hnen kaasaskantav p\u00e4ikesepaneel KS SP210W-4","description":"K\u00f6nner & S\u00f6hnen kaasaskantav p\u00e4ikesepaneel KS SP210W-4 Suure v\u00f5imsusega, professionaalseks kasutamiseks m\u00f5eldud kaasaskantav p\u00e4ikesepaneel.","robots":{"index":"index","follow":"follow","max-snippet":"max-snippet:-1","max-image-preview":"max-image-preview:large","max-video-preview":"max-video-preview:-1"},"canonical":"https:\/\/ranoja.ee\/toode\/konner-sohnen-kaasaskantav-paikesepaneel-ks-sp210w-4\/","og_locale":"en_US","og_type":"article","og_title":"K\u00f6nner & S\u00f6hnen kaasaskantav p\u00e4ikesepaneel KS SP210W-4","og_description":"K\u00f6nner & S\u00f6hnen kaasaskantav p\u00e4ikesepaneel KS SP210W-4 Suure v\u00f5imsusega, professionaalseks kasutamiseks m\u00f5eldud kaasaskantav p\u00e4ikesepaneel.","og_url":"https:\/\/ranoja.ee\/toode\/konner-sohnen-kaasaskantav-paikesepaneel-ks-sp210w-4\/","og_site_name":"Ranoja","article_publisher":"https:\/\/www.facebook.com\/ranoja.ee","article_modified_time":"2026-04-14T08:59:21+00:00","og_image":[{"width":768,"height":576,"url":"https:\/\/ranoja.ee\/wp-content\/uploads\/2025\/09\/Konner-Sohnen-kaasaskantav-paikesepaneel-KS-SP210W-4.jpg","type":"image\/jpeg"}],"twitter_card":"summary_large_image","twitter_misc":{"Est. reading time":"2 minutes"},"schema":{"@context":"https:\/\/schema.org","@graph":[{"@type":"WebPage","@id":"https:\/\/ranoja.ee\/toode\/konner-sohnen-kaasaskantav-paikesepaneel-ks-sp210w-4\/","url":"https:\/\/ranoja.ee\/toode\/konner-sohnen-kaasaskantav-paikesepaneel-ks-sp210w-4\/","name":"K\u00f6nner & S\u00f6hnen kaasaskantav p\u00e4ikesepaneel KS SP210W-4","isPartOf":{"@id":"https:\/\/ranoja.ee\/#website"},"primaryImageOfPage":{"@id":"https:\/\/ranoja.ee\/toode\/konner-sohnen-kaasaskantav-paikesepaneel-ks-sp210w-4\/#primaryimage"},"image":{"@id":"https:\/\/ranoja.ee\/toode\/konner-sohnen-kaasaskantav-paikesepaneel-ks-sp210w-4\/#primaryimage"},"thumbnailUrl":"https:\/\/ranoja.ee\/wp-content\/uploads\/2025\/09\/Konner-Sohnen-kaasaskantav-paikesepaneel-KS-SP210W-4.jpg","datePublished":"2025-09-24T14:21:28+00:00","dateModified":"2026-04-14T08:59:21+00:00","description":"K\u00f6nner & S\u00f6hnen kaasaskantav p\u00e4ikesepaneel KS SP210W-4 Suure v\u00f5imsusega, professionaalseks kasutamiseks m\u00f5eldud kaasaskantav p\u00e4ikesepaneel.","breadcrumb":{"@id":"https:\/\/ranoja.ee\/toode\/konner-sohnen-kaasaskantav-paikesepaneel-ks-sp210w-4\/#breadcrumb"},"inLanguage":"en-US","potentialAction":[{"@type":"ReadAction","target":["https:\/\/ranoja.ee\/toode\/konner-sohnen-kaasaskantav-paikesepaneel-ks-sp210w-4\/"]}]},{"@type":"ImageObject","inLanguage":"en-US","@id":"https:\/\/ranoja.ee\/toode\/konner-sohnen-kaasaskantav-paikesepaneel-ks-sp210w-4\/#primaryimage","url":"https:\/\/ranoja.ee\/wp-content\/uploads\/2025\/09\/Konner-Sohnen-kaasaskantav-paikesepaneel-KS-SP210W-4.jpg","contentUrl":"https:\/\/ranoja.ee\/wp-content\/uploads\/2025\/09\/Konner-Sohnen-kaasaskantav-paikesepaneel-KS-SP210W-4.jpg","width":768,"height":576,"caption":"K\u00f6nner & S\u00f6hnen kaasaskantav p\u00e4ikesepaneel KS SP210W-4"},{"@type":"BreadcrumbList","@id":"https:\/\/ranoja.ee\/toode\/konner-sohnen-kaasaskantav-paikesepaneel-ks-sp210w-4\/#breadcrumb","itemListElement":[{"@type":"ListItem","position":1,"name":"Home","item":"https:\/\/ranoja.ee\/"},{"@type":"ListItem","position":2,"name":"Shop","item":"https:\/\/ranoja.ee\/en\/shop\/"},{"@type":"ListItem","position":3,"name":"K\u00f6nner &#038; S\u00f6hnen kaasaskantav p\u00e4ikesepaneel KS SP210W-4"}]},{"@type":"WebSite","@id":"https:\/\/ranoja.ee\/#website","url":"https:\/\/ranoja.ee\/","name":"Ranoja","description":"Equipment Shop WooCommerce WordPress Theme for Machine &amp; Tools","publisher":{"@id":"https:\/\/ranoja.ee\/#organization"},"potentialAction":[{"@type":"SearchAction","target":{"@type":"EntryPoint","urlTemplate":"https:\/\/ranoja.ee\/?s={search_term_string}"},"query-input":{"@type":"PropertyValueSpecification","valueRequired":true,"valueName":"search_term_string"}}],"inLanguage":"en-US"},{"@type":"Organization","@id":"https:\/\/ranoja.ee\/#organization","name":"Ranoja O\u00dc","url":"https:\/\/ranoja.ee\/","logo":{"@type":"ImageObject","inLanguage":"en-US","@id":"https:\/\/ranoja.ee\/#\/schema\/logo\/image\/","url":"https:\/\/ranoja.ee\/wp-content\/uploads\/2023\/11\/ranoja-Logo.png","contentUrl":"https:\/\/ranoja.ee\/wp-content\/uploads\/2023\/11\/ranoja-Logo.png","width":207,"height":58,"caption":"Ranoja O\u00dc"},"image":{"@id":"https:\/\/ranoja.ee\/#\/schema\/logo\/image\/"},"sameAs":["https:\/\/www.facebook.com\/ranoja.ee","https:\/\/www.instagram.com\/ranoja__\/"]}]}},"_links":{"self":[{"href":"https:\/\/ranoja.ee\/en\/wp-json\/wp\/v2\/product\/21515","targetHints":{"allow":["GET"]}}],"collection":[{"href":"https:\/\/ranoja.ee\/en\/wp-json\/wp\/v2\/product"}],"about":[{"href":"https:\/\/ranoja.ee\/en\/wp-json\/wp\/v2\/types\/product"}],"wp:featuredmedia":[{"embeddable":true,"href":"https:\/\/ranoja.ee\/en\/wp-json\/wp\/v2\/media\/21517"}],"wp:attachment":[{"href":"https:\/\/ranoja.ee\/en\/wp-json\/wp\/v2\/media?parent=21515"}],"wp:term":[{"taxonomy":"product_cat","embeddable":true,"href":"https:\/\/ranoja.ee\/en\/wp-json\/wp\/v2\/product_cat?post=21515"},{"taxonomy":"product_tag","embeddable":true,"href":"https:\/\/ranoja.ee\/en\/wp-json\/wp\/v2\/product_tag?post=21515"}],"curies":[{"name":"wp","href":"https:\/\/api.w.org\/{rel}","templated":true}]}}