{"id":21312,"date":"2025-09-18T17:25:22","date_gmt":"2025-09-18T14:25:22","guid":{"rendered":"https:\/\/ranoja.ee\/?post_type=product&#038;p=21312"},"modified":"2026-04-14T11:59:21","modified_gmt":"2026-04-14T08:59:21","slug":"konner-sohnen-kaasaskantav-joujaam-ks-200ps","status":"publish","type":"product","link":"https:\/\/ranoja.ee\/en\/toode\/konner-sohnen-kaasaskantav-joujaam-ks-200ps\/","title":{"rendered":"K\u00f6nner &#038; S\u00f6hnen kaasaskantav j\u00f5ujaam KS 200PS"},"content":{"rendered":"<p>K\u00f6nner &#038; S\u00f6hnen kaasaskantav j\u00f5ujaam KS 200PS<\/p>\n<p>K\u00f6nner &#038; S\u00f6hnen KS 200PS on kompaktne ja mitmek\u00fclgne kaasaskantav energiajaam, mis on loodud v\u00e4iksemate elektriseadmete toiteks ja mobiilseks kasutuseks. See sobib suurep\u00e4raselt neile, kes otsivad kerget ja lihtsasti kaasaskantavat lahendust, et tagada elektrivarustus matkadel, telkimisel, piknikul v\u00f5i h\u00e4daolukordades. Seadmel on sisseehitatud kvaliteetne liitiumioonaku, mis pakub t\u00f6\u00f6kindlat ja stabiilset voolu. Aku mahtuvus on piisav v\u00e4ikeste seadmete, n\u00e4iteks nutitelefonide, s\u00fclearvutite, kaamerate, LED-valgustite ja teiste madala energiatarbega seadmete laadimiseks v\u00f5i toiteks.<\/p>\n<p>KS 200PS v\u00e4ljundite valik on mitmekesine: seadmel on \u00fcks v\u00f5i mitu 230 V AC pistikupesa puhta siinuslainega, mis sobib tundlike elektroonikaseadmete toiteks. Lisaks on saadaval mitu USB-A ja USB-C porti, mis v\u00f5imaldavad mugavalt laadida mobiilseid seadmeid. Samuti on olemas 12 V DC v\u00e4ljund, mis sobib auto tarvikute v\u00f5i v\u00e4iksemate kompressorite ja jahutusseadmete toiteks.<\/p>\n<p>Seade on kerge ja kompaktne, mist\u00f5ttu on seda mugav kaasas kanda. Intuitiivne LED-ekraan n\u00e4itab aku laetuse taset, sisend- ja v\u00e4ljundv\u00f5imsust, mis aitab kasutajal oma energiatarbimist j\u00e4lgida. KS 200PS saab laadida mitmel viisil \u2013 seinavoolust (AC), autosigaretipistiku kaudu v\u00f5i p\u00e4ikesepaneelidega, mis teeb selle ideaalseks lahenduseks off-grid olukordades.<\/p>\n<p>Kokkuv\u00f5ttes on KS 200PS praktiline, keskkonnas\u00f5bralik ja t\u00f6\u00f6kindel kaasaskantav toiteallikas, mis annab vabaduse ja kindlustunde, et sinu v\u00e4ikesed seadmed on alati t\u00f6\u00f6korras, \u00fcksk\u00f5ik kus sa ka ei viibiks. See on suurep\u00e4rane valik matkamiseks, t\u00f6\u00f6ks v\u00e4listingimustes, v\u00e4iksemate elektrikatkestuste \u00fcletamiseks ja igap\u00e4evaste mobiilsete vajaduste rahuldamiseks.<\/p>\n<p>K\u00f6nner &#038; S\u00f6hnen kaasaskantav j\u00f5ujaam KS 200PS<\/p>\n","protected":false},"excerpt":{"rendered":"<p>K\u00f6nner &#038; S\u00f6hnen kaasaskantav j\u00f5ujaam KS 200PS<br \/>\nHinnatud v\u00f5imsus: 200 W<br \/>\nTippv\u00f5imsus: 320 W (3-5 sekundit)<br \/>\nAku maht: 222 W\u22c5h (20 \u0410\u22c5h, 11.1 V)<br \/>\nAku t\u00fc\u00fcp: Lithium-ion laetav aku<br \/>\nLaadimissisend: 15 V\/3 A<br \/>\nVahelduvvoolu v\u00e4ljund (AC): 1 x Schuko 230 V\/50 Hz (Modified Sine Wave)<br \/>\nAlalisvoolu v\u00e4ljund (DC): 2 x DC 9~12.5 V\/10 A (15 \u0410 maksimaalselt)<br \/>\nUSB v\u00e4ljund: 2 \u00d7 5 V\/2.1 A maksimaalne<br \/>\nUSB Quick Charge: 3.0 5~9 V\/2 A<br \/>\nType-C v\u00e4ljund: 5~9 V\/2 A PD 18 W<br \/>\nV\u00f5imalik p\u00e4ikesepaneeliga laadida: Solarpanel KS SP60W-3<br \/>\nLED lamp<br \/>\nT\u00f6\u00f6temperatuur \u00b0C: -10 \u00b0C \u2026 40 \u00b0C<br \/>\nNetom\u00f5\u00f5tmed P x L x K: 213 x 106 x 180 mm<br \/>\nKaal: 2.4 kg<br \/>\n<strong>Eeldatav tarneaeg 1-7 t\u00f6\u00f6p\u00e4eva<\/strong><\/p>\n","protected":false},"featured_media":21335,"template":"","meta":{"inline_featured_image":false},"product_cat":[1090,102],"product_tag":[2223,2218,1813,2224,2233,2225,2234,2219],"class_list":{"0":"post-21312","1":"product","2":"type-product","3":"status-publish","4":"has-post-thumbnail","6":"product_brand-konner-sohnen","7":"product_cat-ehitustehnika","8":"product_cat-generaatorid-ja-inverterid","9":"product_tag-kaasaskantav-joujaam","10":"product_tag-kaasaskantav-paikeseelektrijaam","11":"product_tag-konner-sohnen","12":"product_tag-ks-200ps","13":"product_tag-ks-sp28w-4","14":"product_tag-ks-sp60w-3","15":"product_tag-ks-sp90w-3","16":"product_tag-paikeseelektrijaam","18":"first","19":"outofstock","20":"taxable","21":"shipping-taxable","22":"purchasable","23":"product-type-simple"},"yoast_head":"<!-- This site is optimized with the Yoast SEO plugin v27.4 - https:\/\/yoast.com\/product\/yoast-seo-wordpress\/ -->\n<title>K\u00f6nner &amp; S\u00f6hnen kaasaskantav j\u00f5ujaam KS 200PS<\/title>\n<meta name=\"description\" content=\"K\u00f6nner &amp; S\u00f6hnen kaasaskantav j\u00f5ujaam KS 200PS Kaasaskantavat j\u00f5ujaama on v\u00f5imalik laadida p\u00e4ikesepaneeliga K\u00f6nner &amp; S\u00f6hnen KS SP60W-3.\" \/>\n<meta name=\"robots\" content=\"index, follow, max-snippet:-1, max-image-preview:large, max-video-preview:-1\" \/>\n<link rel=\"canonical\" href=\"https:\/\/ranoja.ee\/toode\/konner-sohnen-kaasaskantav-joujaam-ks-200ps\/\" \/>\n<meta property=\"og:locale\" content=\"en_US\" \/>\n<meta property=\"og:type\" content=\"article\" \/>\n<meta property=\"og:title\" content=\"K\u00f6nner &amp; S\u00f6hnen kaasaskantav j\u00f5ujaam KS 200PS\" \/>\n<meta property=\"og:description\" content=\"K\u00f6nner &amp; S\u00f6hnen kaasaskantav j\u00f5ujaam KS 200PS Kaasaskantavat j\u00f5ujaama on v\u00f5imalik laadida p\u00e4ikesepaneeliga K\u00f6nner &amp; S\u00f6hnen KS SP60W-3.\" \/>\n<meta property=\"og:url\" content=\"https:\/\/ranoja.ee\/toode\/konner-sohnen-kaasaskantav-joujaam-ks-200ps\/\" \/>\n<meta property=\"og:site_name\" content=\"Ranoja\" \/>\n<meta property=\"article:publisher\" content=\"https:\/\/www.facebook.com\/ranoja.ee\" \/>\n<meta property=\"article:modified_time\" content=\"2026-04-14T08:59:21+00:00\" \/>\n<meta property=\"og:image\" content=\"https:\/\/ranoja.ee\/wp-content\/uploads\/2025\/09\/Konner-Sohnen-kaasaskantav-joujaam-KS-200PS.webp\" \/>\n\t<meta property=\"og:image:width\" content=\"1600\" \/>\n\t<meta property=\"og:image:height\" content=\"1200\" \/>\n\t<meta property=\"og:image:type\" content=\"image\/webp\" \/>\n<meta name=\"twitter:card\" content=\"summary_large_image\" \/>\n<meta name=\"twitter:label1\" content=\"Est. reading time\" \/>\n\t<meta name=\"twitter:data1\" content=\"2 minutes\" \/>\n<script type=\"application\/ld+json\" class=\"yoast-schema-graph\">{\"@context\":\"https:\\\/\\\/schema.org\",\"@graph\":[{\"@type\":\"WebPage\",\"@id\":\"https:\\\/\\\/ranoja.ee\\\/toode\\\/konner-sohnen-kaasaskantav-joujaam-ks-200ps\\\/\",\"url\":\"https:\\\/\\\/ranoja.ee\\\/toode\\\/konner-sohnen-kaasaskantav-joujaam-ks-200ps\\\/\",\"name\":\"K\u00f6nner & S\u00f6hnen kaasaskantav j\u00f5ujaam KS 200PS\",\"isPartOf\":{\"@id\":\"https:\\\/\\\/ranoja.ee\\\/#website\"},\"primaryImageOfPage\":{\"@id\":\"https:\\\/\\\/ranoja.ee\\\/toode\\\/konner-sohnen-kaasaskantav-joujaam-ks-200ps\\\/#primaryimage\"},\"image\":{\"@id\":\"https:\\\/\\\/ranoja.ee\\\/toode\\\/konner-sohnen-kaasaskantav-joujaam-ks-200ps\\\/#primaryimage\"},\"thumbnailUrl\":\"https:\\\/\\\/ranoja.ee\\\/wp-content\\\/uploads\\\/2025\\\/09\\\/Konner-Sohnen-kaasaskantav-joujaam-KS-200PS.webp\",\"datePublished\":\"2025-09-18T14:25:22+00:00\",\"dateModified\":\"2026-04-14T08:59:21+00:00\",\"description\":\"K\u00f6nner & S\u00f6hnen kaasaskantav j\u00f5ujaam KS 200PS Kaasaskantavat j\u00f5ujaama on v\u00f5imalik laadida p\u00e4ikesepaneeliga K\u00f6nner & S\u00f6hnen KS SP60W-3.\",\"breadcrumb\":{\"@id\":\"https:\\\/\\\/ranoja.ee\\\/toode\\\/konner-sohnen-kaasaskantav-joujaam-ks-200ps\\\/#breadcrumb\"},\"inLanguage\":\"en-US\",\"potentialAction\":[{\"@type\":\"ReadAction\",\"target\":[\"https:\\\/\\\/ranoja.ee\\\/toode\\\/konner-sohnen-kaasaskantav-joujaam-ks-200ps\\\/\"]}]},{\"@type\":\"ImageObject\",\"inLanguage\":\"en-US\",\"@id\":\"https:\\\/\\\/ranoja.ee\\\/toode\\\/konner-sohnen-kaasaskantav-joujaam-ks-200ps\\\/#primaryimage\",\"url\":\"https:\\\/\\\/ranoja.ee\\\/wp-content\\\/uploads\\\/2025\\\/09\\\/Konner-Sohnen-kaasaskantav-joujaam-KS-200PS.webp\",\"contentUrl\":\"https:\\\/\\\/ranoja.ee\\\/wp-content\\\/uploads\\\/2025\\\/09\\\/Konner-Sohnen-kaasaskantav-joujaam-KS-200PS.webp\",\"width\":1600,\"height\":1200,\"caption\":\"K\u00f6nner & S\u00f6hnen kaasaskantav j\u00f5ujaam KS 200PS\"},{\"@type\":\"BreadcrumbList\",\"@id\":\"https:\\\/\\\/ranoja.ee\\\/toode\\\/konner-sohnen-kaasaskantav-joujaam-ks-200ps\\\/#breadcrumb\",\"itemListElement\":[{\"@type\":\"ListItem\",\"position\":1,\"name\":\"Home\",\"item\":\"https:\\\/\\\/ranoja.ee\\\/\"},{\"@type\":\"ListItem\",\"position\":2,\"name\":\"Shop\",\"item\":\"https:\\\/\\\/ranoja.ee\\\/en\\\/shop\\\/\"},{\"@type\":\"ListItem\",\"position\":3,\"name\":\"K\u00f6nner &#038; S\u00f6hnen kaasaskantav j\u00f5ujaam KS 200PS\"}]},{\"@type\":\"WebSite\",\"@id\":\"https:\\\/\\\/ranoja.ee\\\/#website\",\"url\":\"https:\\\/\\\/ranoja.ee\\\/\",\"name\":\"Ranoja\",\"description\":\"Equipment Shop WooCommerce WordPress Theme for Machine &amp; Tools\",\"publisher\":{\"@id\":\"https:\\\/\\\/ranoja.ee\\\/#organization\"},\"potentialAction\":[{\"@type\":\"SearchAction\",\"target\":{\"@type\":\"EntryPoint\",\"urlTemplate\":\"https:\\\/\\\/ranoja.ee\\\/?s={search_term_string}\"},\"query-input\":{\"@type\":\"PropertyValueSpecification\",\"valueRequired\":true,\"valueName\":\"search_term_string\"}}],\"inLanguage\":\"en-US\"},{\"@type\":\"Organization\",\"@id\":\"https:\\\/\\\/ranoja.ee\\\/#organization\",\"name\":\"Ranoja O\u00dc\",\"url\":\"https:\\\/\\\/ranoja.ee\\\/\",\"logo\":{\"@type\":\"ImageObject\",\"inLanguage\":\"en-US\",\"@id\":\"https:\\\/\\\/ranoja.ee\\\/#\\\/schema\\\/logo\\\/image\\\/\",\"url\":\"https:\\\/\\\/ranoja.ee\\\/wp-content\\\/uploads\\\/2023\\\/11\\\/ranoja-Logo.png\",\"contentUrl\":\"https:\\\/\\\/ranoja.ee\\\/wp-content\\\/uploads\\\/2023\\\/11\\\/ranoja-Logo.png\",\"width\":207,\"height\":58,\"caption\":\"Ranoja O\u00dc\"},\"image\":{\"@id\":\"https:\\\/\\\/ranoja.ee\\\/#\\\/schema\\\/logo\\\/image\\\/\"},\"sameAs\":[\"https:\\\/\\\/www.facebook.com\\\/ranoja.ee\",\"https:\\\/\\\/www.instagram.com\\\/ranoja__\\\/\"]}]}<\/script>\n<!-- \/ Yoast SEO plugin. -->","yoast_head_json":{"title":"K\u00f6nner & S\u00f6hnen kaasaskantav j\u00f5ujaam KS 200PS","description":"K\u00f6nner & S\u00f6hnen kaasaskantav j\u00f5ujaam KS 200PS Kaasaskantavat j\u00f5ujaama on v\u00f5imalik laadida p\u00e4ikesepaneeliga K\u00f6nner & S\u00f6hnen KS SP60W-3.","robots":{"index":"index","follow":"follow","max-snippet":"max-snippet:-1","max-image-preview":"max-image-preview:large","max-video-preview":"max-video-preview:-1"},"canonical":"https:\/\/ranoja.ee\/toode\/konner-sohnen-kaasaskantav-joujaam-ks-200ps\/","og_locale":"en_US","og_type":"article","og_title":"K\u00f6nner & S\u00f6hnen kaasaskantav j\u00f5ujaam KS 200PS","og_description":"K\u00f6nner & S\u00f6hnen kaasaskantav j\u00f5ujaam KS 200PS Kaasaskantavat j\u00f5ujaama on v\u00f5imalik laadida p\u00e4ikesepaneeliga K\u00f6nner & S\u00f6hnen KS SP60W-3.","og_url":"https:\/\/ranoja.ee\/toode\/konner-sohnen-kaasaskantav-joujaam-ks-200ps\/","og_site_name":"Ranoja","article_publisher":"https:\/\/www.facebook.com\/ranoja.ee","article_modified_time":"2026-04-14T08:59:21+00:00","og_image":[{"width":1600,"height":1200,"url":"https:\/\/ranoja.ee\/wp-content\/uploads\/2025\/09\/Konner-Sohnen-kaasaskantav-joujaam-KS-200PS.webp","type":"image\/webp"}],"twitter_card":"summary_large_image","twitter_misc":{"Est. reading time":"2 minutes"},"schema":{"@context":"https:\/\/schema.org","@graph":[{"@type":"WebPage","@id":"https:\/\/ranoja.ee\/toode\/konner-sohnen-kaasaskantav-joujaam-ks-200ps\/","url":"https:\/\/ranoja.ee\/toode\/konner-sohnen-kaasaskantav-joujaam-ks-200ps\/","name":"K\u00f6nner & S\u00f6hnen kaasaskantav j\u00f5ujaam KS 200PS","isPartOf":{"@id":"https:\/\/ranoja.ee\/#website"},"primaryImageOfPage":{"@id":"https:\/\/ranoja.ee\/toode\/konner-sohnen-kaasaskantav-joujaam-ks-200ps\/#primaryimage"},"image":{"@id":"https:\/\/ranoja.ee\/toode\/konner-sohnen-kaasaskantav-joujaam-ks-200ps\/#primaryimage"},"thumbnailUrl":"https:\/\/ranoja.ee\/wp-content\/uploads\/2025\/09\/Konner-Sohnen-kaasaskantav-joujaam-KS-200PS.webp","datePublished":"2025-09-18T14:25:22+00:00","dateModified":"2026-04-14T08:59:21+00:00","description":"K\u00f6nner & S\u00f6hnen kaasaskantav j\u00f5ujaam KS 200PS Kaasaskantavat j\u00f5ujaama on v\u00f5imalik laadida p\u00e4ikesepaneeliga K\u00f6nner & S\u00f6hnen KS SP60W-3.","breadcrumb":{"@id":"https:\/\/ranoja.ee\/toode\/konner-sohnen-kaasaskantav-joujaam-ks-200ps\/#breadcrumb"},"inLanguage":"en-US","potentialAction":[{"@type":"ReadAction","target":["https:\/\/ranoja.ee\/toode\/konner-sohnen-kaasaskantav-joujaam-ks-200ps\/"]}]},{"@type":"ImageObject","inLanguage":"en-US","@id":"https:\/\/ranoja.ee\/toode\/konner-sohnen-kaasaskantav-joujaam-ks-200ps\/#primaryimage","url":"https:\/\/ranoja.ee\/wp-content\/uploads\/2025\/09\/Konner-Sohnen-kaasaskantav-joujaam-KS-200PS.webp","contentUrl":"https:\/\/ranoja.ee\/wp-content\/uploads\/2025\/09\/Konner-Sohnen-kaasaskantav-joujaam-KS-200PS.webp","width":1600,"height":1200,"caption":"K\u00f6nner & S\u00f6hnen kaasaskantav j\u00f5ujaam KS 200PS"},{"@type":"BreadcrumbList","@id":"https:\/\/ranoja.ee\/toode\/konner-sohnen-kaasaskantav-joujaam-ks-200ps\/#breadcrumb","itemListElement":[{"@type":"ListItem","position":1,"name":"Home","item":"https:\/\/ranoja.ee\/"},{"@type":"ListItem","position":2,"name":"Shop","item":"https:\/\/ranoja.ee\/en\/shop\/"},{"@type":"ListItem","position":3,"name":"K\u00f6nner &#038; S\u00f6hnen kaasaskantav j\u00f5ujaam KS 200PS"}]},{"@type":"WebSite","@id":"https:\/\/ranoja.ee\/#website","url":"https:\/\/ranoja.ee\/","name":"Ranoja","description":"Equipment Shop WooCommerce WordPress Theme for Machine &amp; Tools","publisher":{"@id":"https:\/\/ranoja.ee\/#organization"},"potentialAction":[{"@type":"SearchAction","target":{"@type":"EntryPoint","urlTemplate":"https:\/\/ranoja.ee\/?s={search_term_string}"},"query-input":{"@type":"PropertyValueSpecification","valueRequired":true,"valueName":"search_term_string"}}],"inLanguage":"en-US"},{"@type":"Organization","@id":"https:\/\/ranoja.ee\/#organization","name":"Ranoja O\u00dc","url":"https:\/\/ranoja.ee\/","logo":{"@type":"ImageObject","inLanguage":"en-US","@id":"https:\/\/ranoja.ee\/#\/schema\/logo\/image\/","url":"https:\/\/ranoja.ee\/wp-content\/uploads\/2023\/11\/ranoja-Logo.png","contentUrl":"https:\/\/ranoja.ee\/wp-content\/uploads\/2023\/11\/ranoja-Logo.png","width":207,"height":58,"caption":"Ranoja O\u00dc"},"image":{"@id":"https:\/\/ranoja.ee\/#\/schema\/logo\/image\/"},"sameAs":["https:\/\/www.facebook.com\/ranoja.ee","https:\/\/www.instagram.com\/ranoja__\/"]}]}},"_links":{"self":[{"href":"https:\/\/ranoja.ee\/en\/wp-json\/wp\/v2\/product\/21312","targetHints":{"allow":["GET"]}}],"collection":[{"href":"https:\/\/ranoja.ee\/en\/wp-json\/wp\/v2\/product"}],"about":[{"href":"https:\/\/ranoja.ee\/en\/wp-json\/wp\/v2\/types\/product"}],"wp:featuredmedia":[{"embeddable":true,"href":"https:\/\/ranoja.ee\/en\/wp-json\/wp\/v2\/media\/21335"}],"wp:attachment":[{"href":"https:\/\/ranoja.ee\/en\/wp-json\/wp\/v2\/media?parent=21312"}],"wp:term":[{"taxonomy":"product_cat","embeddable":true,"href":"https:\/\/ranoja.ee\/en\/wp-json\/wp\/v2\/product_cat?post=21312"},{"taxonomy":"product_tag","embeddable":true,"href":"https:\/\/ranoja.ee\/en\/wp-json\/wp\/v2\/product_tag?post=21312"}],"curies":[{"name":"wp","href":"https:\/\/api.w.org\/{rel}","templated":true}]}}