{"id":21225,"date":"2025-09-18T14:30:28","date_gmt":"2025-09-18T11:30:28","guid":{"rendered":"https:\/\/ranoja.ee\/?post_type=product&#038;p=21225"},"modified":"2026-04-14T11:59:21","modified_gmt":"2026-04-14T08:59:21","slug":"konner-sohnen-kaasaskantav-joujaam-ks-2500-ps","status":"publish","type":"product","link":"https:\/\/ranoja.ee\/en\/toode\/konner-sohnen-kaasaskantav-joujaam-ks-2500-ps\/","title":{"rendered":"K\u00f6nner &#038; S\u00f6hnen kaasaskantav j\u00f5ujaam KS 2500 PS"},"content":{"rendered":"<p>K\u00f6nner &#038; S\u00f6hnen kaasaskantav j\u00f5ujaam KS 2500 PS<\/p>\n<p>KS 2500PS on v\u00f5imas kaasaskantav energiajaam, mis on m\u00f5eldud neile, kes vajavad autonoomset ja mitmek\u00fclgset elektritoidet v\u00e4ljaspool tavap\u00e4rast elektriv\u00f5rku. Telkimiseks, maaja\u00adkasutuseks, h\u00e4daolukordades v\u00f5i kui soovitakse s\u00e4\u00e4sta elektrikulu p\u00e4ikesepaneelide abil. Seade \u00fchendab endas liitiumraudfosfaat akus\u00fcsteemi, inverteri, p\u00e4ikese-laadija (MPPT), UPS-funktsiooni ja mitmeid v\u00e4ljundeid.<\/p>\n<p>Aku on 2560 Wh (100 Ah), nominal-pingega 25.6 V, mis annab piisava energiasisaldise keskmise v\u00f5rgukoormusega seadmete toiteks. LiFePO\u2084 tehnoloogia tagab pika eluea \u2014 kuni umbes 6000 laadimis-\/t\u00fchjendus\u00adts\u00fcklit, mis t\u00e4hendab pikemat kasutusiga.<\/p>\n<p>V\u00f5imsuselt suudab inverter toota 2500 W nimiv\u00f5imsus, puhta siinuslainega, mis sobib ka tundlikule elektroonikale. P\u00e4ikesepaneelide kaudu saab laadida kuni ~1,6 kW v\u00f5imsusega; maksimaalne laadimisvool PV-sisendil on kuni 60 A. MPPT-muundur t\u00f6\u00f6tab maksimaalse efektiivsusega kuni ~98 %, mis t\u00e4hendab, et v\u00e4iksem osakaal energiast l\u00e4heb kaduma.<\/p>\n<p>Seade suudab muuta voolu automaatselt UPS-re\u017eiimis \u2014 kui elektriv\u00f5rk katkeb, l\u00fclitatakse toide \u00fcle aku kaudu v\u00e4ga kiiresti 10 ms UPS\/VDE standardi j\u00e4rgi, 20 ms APL re\u017eiimis, et v\u00e4ltida seadmete katkestamist.<\/p>\n<p>K\u00f6nner &#038; S\u00f6hnen kaasaskantav j\u00f5ujaam KS 2500 PS<\/p>\n","protected":false},"excerpt":{"rendered":"<p>K\u00f6nner &#038; S\u00f6hnen kaasaskantav j\u00f5ujaam KS 2500 PS<br \/>\nNimiv\u00f5imsus: 2500 W<br \/>\nV\u00e4ljundi vorm: Puhas siinuslaine<br \/>\nAku mahutavus: 100 Ah\/ 2560 Wh<br \/>\nAku t\u00fc\u00fcp: Liitiumraudfosfaat aku<br \/>\nEluts\u00fckkel: \u22646000*<br \/>\nAku nimipinge alalisvool (DC): 25.6 V<br \/>\nEfektiivsus: 90%<br \/>\nP\u00e4ikesepaneelidest tulev laadimisvool maksimaalne: 60 A<br \/>\nMaksimaalne v\u00f5imsuse punkt p\u00e4ikesepaneelil (MPP) muunduri maksimaalne efektiivsus: 98%<br \/>\nP\u00e4ikesepaneelide maksimaalne t\u00fchik\u00e4igupinge: Alalisvoolu v\u00e4ljund (DC) 145 V<br \/>\nP\u00e4ikese-laadija (MPPT) pingevahemik p\u00e4ikesepaneelist: Alalisvoolu v\u00e4ljund (DC) 30~128 V<br \/>\nMaksimaalne laadimisv\u00f5imsus p\u00e4ikeseenergia laadimine (PV) sisend: 1.6 kw<br \/>\nV\u00f5rgu v\u00f5i generaatori kaudu laadimine (AC) sisend: 1.6 kW<br \/>\nNominaalne sisendpinge: 230 V \u00b1 5%<br \/>\nV\u00e4ljundi pesad: Vahelduvvoolu v\u00e4ljund (AC) 3 x 230 V ja 2 x alalisvoolu v\u00e4ljund (DC) 12 V<br \/>\nUSB v\u00e4ljundid: 4 \u00d7 Type-A (5V), 1 \u00d7 Type-C (5V)<br \/>\nNominaalne pingevahemik v\u00f5rgust tulevale elektrile (AC): 90 &#8211; 280 V<br \/>\nSagedus: 50 Hz<br \/>\n\u00dclekande aeg: 10 ms UPS, VDE ja  20 ms APL<br \/>\nLaadimisvool v\u00f5rgu v\u00f5i generaatori kaudu laadimine (AC): 60 A<br \/>\nM\u00f5\u00f5dud (P x L x K): 485 x 356 x 420 mm<br \/>\nKaal: 31 kg<br \/>\n<strong>Eeldatav tarneaeg 1-7 t\u00f6\u00f6p\u00e4eva<\/strong><\/p>\n","protected":false},"featured_media":21232,"template":"","meta":{"inline_featured_image":false},"product_cat":[1090,102],"product_tag":[2218,1813,2220,2236,2234,2219],"class_list":{"0":"post-21225","1":"product","2":"type-product","3":"status-publish","4":"has-post-thumbnail","6":"product_brand-konner-sohnen","7":"product_cat-ehitustehnika","8":"product_cat-generaatorid-ja-inverterid","9":"product_tag-kaasaskantav-paikeseelektrijaam","10":"product_tag-konner-sohnen","11":"product_tag-ks-2500-ps","12":"product_tag-ks-sp210w-4","13":"product_tag-ks-sp90w-3","14":"product_tag-paikeseelektrijaam","16":"first","17":"outofstock","18":"taxable","19":"shipping-taxable","20":"purchasable","21":"product-type-simple"},"yoast_head":"<!-- This site is optimized with the Yoast SEO plugin v27.4 - https:\/\/yoast.com\/product\/yoast-seo-wordpress\/ -->\n<title>K\u00f6nner &amp; S\u00f6hnen kaasaskantav j\u00f5ujaam KS 2500 PS<\/title>\n<meta name=\"description\" content=\"K\u00f6nner &amp; S\u00f6hnen kaasaskantav j\u00f5ujaam KS 2500 PS M\u00f5eldud neile, kes vajavad autonoomset ja mitmek\u00fclgset elektritoidet v\u00e4ljaspool tavap\u00e4rast elektriv\u00f5rku.\" \/>\n<meta name=\"robots\" content=\"index, follow, max-snippet:-1, max-image-preview:large, max-video-preview:-1\" \/>\n<link rel=\"canonical\" href=\"https:\/\/ranoja.ee\/toode\/konner-sohnen-kaasaskantav-joujaam-ks-2500-ps\/\" \/>\n<meta property=\"og:locale\" content=\"en_US\" \/>\n<meta property=\"og:type\" content=\"article\" \/>\n<meta property=\"og:title\" content=\"K\u00f6nner &amp; S\u00f6hnen kaasaskantav j\u00f5ujaam KS 2500 PS\" \/>\n<meta property=\"og:description\" content=\"K\u00f6nner &amp; S\u00f6hnen kaasaskantav j\u00f5ujaam KS 2500 PS M\u00f5eldud neile, kes vajavad autonoomset ja mitmek\u00fclgset elektritoidet v\u00e4ljaspool tavap\u00e4rast elektriv\u00f5rku.\" \/>\n<meta property=\"og:url\" content=\"https:\/\/ranoja.ee\/toode\/konner-sohnen-kaasaskantav-joujaam-ks-2500-ps\/\" \/>\n<meta property=\"og:site_name\" content=\"Ranoja\" \/>\n<meta property=\"article:publisher\" content=\"https:\/\/www.facebook.com\/ranoja.ee\" \/>\n<meta property=\"article:modified_time\" content=\"2026-04-14T08:59:21+00:00\" \/>\n<meta property=\"og:image\" content=\"https:\/\/ranoja.ee\/wp-content\/uploads\/2025\/09\/Konner-Sohnen-kaasaskantav-joujaam-KS-2500-PS-10.webp\" \/>\n\t<meta property=\"og:image:width\" content=\"1600\" \/>\n\t<meta property=\"og:image:height\" content=\"1200\" \/>\n\t<meta property=\"og:image:type\" content=\"image\/webp\" \/>\n<meta name=\"twitter:card\" content=\"summary_large_image\" \/>\n<meta name=\"twitter:label1\" content=\"Est. reading time\" \/>\n\t<meta name=\"twitter:data1\" content=\"2 minutes\" \/>\n<script type=\"application\/ld+json\" class=\"yoast-schema-graph\">{\"@context\":\"https:\\\/\\\/schema.org\",\"@graph\":[{\"@type\":\"WebPage\",\"@id\":\"https:\\\/\\\/ranoja.ee\\\/toode\\\/konner-sohnen-kaasaskantav-joujaam-ks-2500-ps\\\/\",\"url\":\"https:\\\/\\\/ranoja.ee\\\/toode\\\/konner-sohnen-kaasaskantav-joujaam-ks-2500-ps\\\/\",\"name\":\"K\u00f6nner & S\u00f6hnen kaasaskantav j\u00f5ujaam KS 2500 PS\",\"isPartOf\":{\"@id\":\"https:\\\/\\\/ranoja.ee\\\/#website\"},\"primaryImageOfPage\":{\"@id\":\"https:\\\/\\\/ranoja.ee\\\/toode\\\/konner-sohnen-kaasaskantav-joujaam-ks-2500-ps\\\/#primaryimage\"},\"image\":{\"@id\":\"https:\\\/\\\/ranoja.ee\\\/toode\\\/konner-sohnen-kaasaskantav-joujaam-ks-2500-ps\\\/#primaryimage\"},\"thumbnailUrl\":\"https:\\\/\\\/ranoja.ee\\\/wp-content\\\/uploads\\\/2025\\\/09\\\/Konner-Sohnen-kaasaskantav-joujaam-KS-2500-PS-10.webp\",\"datePublished\":\"2025-09-18T11:30:28+00:00\",\"dateModified\":\"2026-04-14T08:59:21+00:00\",\"description\":\"K\u00f6nner & S\u00f6hnen kaasaskantav j\u00f5ujaam KS 2500 PS M\u00f5eldud neile, kes vajavad autonoomset ja mitmek\u00fclgset elektritoidet v\u00e4ljaspool tavap\u00e4rast elektriv\u00f5rku.\",\"breadcrumb\":{\"@id\":\"https:\\\/\\\/ranoja.ee\\\/toode\\\/konner-sohnen-kaasaskantav-joujaam-ks-2500-ps\\\/#breadcrumb\"},\"inLanguage\":\"en-US\",\"potentialAction\":[{\"@type\":\"ReadAction\",\"target\":[\"https:\\\/\\\/ranoja.ee\\\/toode\\\/konner-sohnen-kaasaskantav-joujaam-ks-2500-ps\\\/\"]}]},{\"@type\":\"ImageObject\",\"inLanguage\":\"en-US\",\"@id\":\"https:\\\/\\\/ranoja.ee\\\/toode\\\/konner-sohnen-kaasaskantav-joujaam-ks-2500-ps\\\/#primaryimage\",\"url\":\"https:\\\/\\\/ranoja.ee\\\/wp-content\\\/uploads\\\/2025\\\/09\\\/Konner-Sohnen-kaasaskantav-joujaam-KS-2500-PS-10.webp\",\"contentUrl\":\"https:\\\/\\\/ranoja.ee\\\/wp-content\\\/uploads\\\/2025\\\/09\\\/Konner-Sohnen-kaasaskantav-joujaam-KS-2500-PS-10.webp\",\"width\":1600,\"height\":1200,\"caption\":\"K\u00f6nner & S\u00f6hnen kaasaskantav j\u00f5ujaam KS 2500 PS\"},{\"@type\":\"BreadcrumbList\",\"@id\":\"https:\\\/\\\/ranoja.ee\\\/toode\\\/konner-sohnen-kaasaskantav-joujaam-ks-2500-ps\\\/#breadcrumb\",\"itemListElement\":[{\"@type\":\"ListItem\",\"position\":1,\"name\":\"Home\",\"item\":\"https:\\\/\\\/ranoja.ee\\\/\"},{\"@type\":\"ListItem\",\"position\":2,\"name\":\"Shop\",\"item\":\"https:\\\/\\\/ranoja.ee\\\/en\\\/shop\\\/\"},{\"@type\":\"ListItem\",\"position\":3,\"name\":\"K\u00f6nner &#038; S\u00f6hnen kaasaskantav j\u00f5ujaam KS 2500 PS\"}]},{\"@type\":\"WebSite\",\"@id\":\"https:\\\/\\\/ranoja.ee\\\/#website\",\"url\":\"https:\\\/\\\/ranoja.ee\\\/\",\"name\":\"Ranoja\",\"description\":\"Equipment Shop WooCommerce WordPress Theme for Machine &amp; Tools\",\"publisher\":{\"@id\":\"https:\\\/\\\/ranoja.ee\\\/#organization\"},\"potentialAction\":[{\"@type\":\"SearchAction\",\"target\":{\"@type\":\"EntryPoint\",\"urlTemplate\":\"https:\\\/\\\/ranoja.ee\\\/?s={search_term_string}\"},\"query-input\":{\"@type\":\"PropertyValueSpecification\",\"valueRequired\":true,\"valueName\":\"search_term_string\"}}],\"inLanguage\":\"en-US\"},{\"@type\":\"Organization\",\"@id\":\"https:\\\/\\\/ranoja.ee\\\/#organization\",\"name\":\"Ranoja O\u00dc\",\"url\":\"https:\\\/\\\/ranoja.ee\\\/\",\"logo\":{\"@type\":\"ImageObject\",\"inLanguage\":\"en-US\",\"@id\":\"https:\\\/\\\/ranoja.ee\\\/#\\\/schema\\\/logo\\\/image\\\/\",\"url\":\"https:\\\/\\\/ranoja.ee\\\/wp-content\\\/uploads\\\/2023\\\/11\\\/ranoja-Logo.png\",\"contentUrl\":\"https:\\\/\\\/ranoja.ee\\\/wp-content\\\/uploads\\\/2023\\\/11\\\/ranoja-Logo.png\",\"width\":207,\"height\":58,\"caption\":\"Ranoja O\u00dc\"},\"image\":{\"@id\":\"https:\\\/\\\/ranoja.ee\\\/#\\\/schema\\\/logo\\\/image\\\/\"},\"sameAs\":[\"https:\\\/\\\/www.facebook.com\\\/ranoja.ee\",\"https:\\\/\\\/www.instagram.com\\\/ranoja__\\\/\"]}]}<\/script>\n<!-- \/ Yoast SEO plugin. -->","yoast_head_json":{"title":"K\u00f6nner & S\u00f6hnen kaasaskantav j\u00f5ujaam KS 2500 PS","description":"K\u00f6nner & S\u00f6hnen kaasaskantav j\u00f5ujaam KS 2500 PS M\u00f5eldud neile, kes vajavad autonoomset ja mitmek\u00fclgset elektritoidet v\u00e4ljaspool tavap\u00e4rast elektriv\u00f5rku.","robots":{"index":"index","follow":"follow","max-snippet":"max-snippet:-1","max-image-preview":"max-image-preview:large","max-video-preview":"max-video-preview:-1"},"canonical":"https:\/\/ranoja.ee\/toode\/konner-sohnen-kaasaskantav-joujaam-ks-2500-ps\/","og_locale":"en_US","og_type":"article","og_title":"K\u00f6nner & S\u00f6hnen kaasaskantav j\u00f5ujaam KS 2500 PS","og_description":"K\u00f6nner & S\u00f6hnen kaasaskantav j\u00f5ujaam KS 2500 PS M\u00f5eldud neile, kes vajavad autonoomset ja mitmek\u00fclgset elektritoidet v\u00e4ljaspool tavap\u00e4rast elektriv\u00f5rku.","og_url":"https:\/\/ranoja.ee\/toode\/konner-sohnen-kaasaskantav-joujaam-ks-2500-ps\/","og_site_name":"Ranoja","article_publisher":"https:\/\/www.facebook.com\/ranoja.ee","article_modified_time":"2026-04-14T08:59:21+00:00","og_image":[{"width":1600,"height":1200,"url":"https:\/\/ranoja.ee\/wp-content\/uploads\/2025\/09\/Konner-Sohnen-kaasaskantav-joujaam-KS-2500-PS-10.webp","type":"image\/webp"}],"twitter_card":"summary_large_image","twitter_misc":{"Est. reading time":"2 minutes"},"schema":{"@context":"https:\/\/schema.org","@graph":[{"@type":"WebPage","@id":"https:\/\/ranoja.ee\/toode\/konner-sohnen-kaasaskantav-joujaam-ks-2500-ps\/","url":"https:\/\/ranoja.ee\/toode\/konner-sohnen-kaasaskantav-joujaam-ks-2500-ps\/","name":"K\u00f6nner & S\u00f6hnen kaasaskantav j\u00f5ujaam KS 2500 PS","isPartOf":{"@id":"https:\/\/ranoja.ee\/#website"},"primaryImageOfPage":{"@id":"https:\/\/ranoja.ee\/toode\/konner-sohnen-kaasaskantav-joujaam-ks-2500-ps\/#primaryimage"},"image":{"@id":"https:\/\/ranoja.ee\/toode\/konner-sohnen-kaasaskantav-joujaam-ks-2500-ps\/#primaryimage"},"thumbnailUrl":"https:\/\/ranoja.ee\/wp-content\/uploads\/2025\/09\/Konner-Sohnen-kaasaskantav-joujaam-KS-2500-PS-10.webp","datePublished":"2025-09-18T11:30:28+00:00","dateModified":"2026-04-14T08:59:21+00:00","description":"K\u00f6nner & S\u00f6hnen kaasaskantav j\u00f5ujaam KS 2500 PS M\u00f5eldud neile, kes vajavad autonoomset ja mitmek\u00fclgset elektritoidet v\u00e4ljaspool tavap\u00e4rast elektriv\u00f5rku.","breadcrumb":{"@id":"https:\/\/ranoja.ee\/toode\/konner-sohnen-kaasaskantav-joujaam-ks-2500-ps\/#breadcrumb"},"inLanguage":"en-US","potentialAction":[{"@type":"ReadAction","target":["https:\/\/ranoja.ee\/toode\/konner-sohnen-kaasaskantav-joujaam-ks-2500-ps\/"]}]},{"@type":"ImageObject","inLanguage":"en-US","@id":"https:\/\/ranoja.ee\/toode\/konner-sohnen-kaasaskantav-joujaam-ks-2500-ps\/#primaryimage","url":"https:\/\/ranoja.ee\/wp-content\/uploads\/2025\/09\/Konner-Sohnen-kaasaskantav-joujaam-KS-2500-PS-10.webp","contentUrl":"https:\/\/ranoja.ee\/wp-content\/uploads\/2025\/09\/Konner-Sohnen-kaasaskantav-joujaam-KS-2500-PS-10.webp","width":1600,"height":1200,"caption":"K\u00f6nner & S\u00f6hnen kaasaskantav j\u00f5ujaam KS 2500 PS"},{"@type":"BreadcrumbList","@id":"https:\/\/ranoja.ee\/toode\/konner-sohnen-kaasaskantav-joujaam-ks-2500-ps\/#breadcrumb","itemListElement":[{"@type":"ListItem","position":1,"name":"Home","item":"https:\/\/ranoja.ee\/"},{"@type":"ListItem","position":2,"name":"Shop","item":"https:\/\/ranoja.ee\/en\/shop\/"},{"@type":"ListItem","position":3,"name":"K\u00f6nner &#038; S\u00f6hnen kaasaskantav j\u00f5ujaam KS 2500 PS"}]},{"@type":"WebSite","@id":"https:\/\/ranoja.ee\/#website","url":"https:\/\/ranoja.ee\/","name":"Ranoja","description":"Equipment Shop WooCommerce WordPress Theme for Machine &amp; Tools","publisher":{"@id":"https:\/\/ranoja.ee\/#organization"},"potentialAction":[{"@type":"SearchAction","target":{"@type":"EntryPoint","urlTemplate":"https:\/\/ranoja.ee\/?s={search_term_string}"},"query-input":{"@type":"PropertyValueSpecification","valueRequired":true,"valueName":"search_term_string"}}],"inLanguage":"en-US"},{"@type":"Organization","@id":"https:\/\/ranoja.ee\/#organization","name":"Ranoja O\u00dc","url":"https:\/\/ranoja.ee\/","logo":{"@type":"ImageObject","inLanguage":"en-US","@id":"https:\/\/ranoja.ee\/#\/schema\/logo\/image\/","url":"https:\/\/ranoja.ee\/wp-content\/uploads\/2023\/11\/ranoja-Logo.png","contentUrl":"https:\/\/ranoja.ee\/wp-content\/uploads\/2023\/11\/ranoja-Logo.png","width":207,"height":58,"caption":"Ranoja O\u00dc"},"image":{"@id":"https:\/\/ranoja.ee\/#\/schema\/logo\/image\/"},"sameAs":["https:\/\/www.facebook.com\/ranoja.ee","https:\/\/www.instagram.com\/ranoja__\/"]}]}},"_links":{"self":[{"href":"https:\/\/ranoja.ee\/en\/wp-json\/wp\/v2\/product\/21225","targetHints":{"allow":["GET"]}}],"collection":[{"href":"https:\/\/ranoja.ee\/en\/wp-json\/wp\/v2\/product"}],"about":[{"href":"https:\/\/ranoja.ee\/en\/wp-json\/wp\/v2\/types\/product"}],"wp:featuredmedia":[{"embeddable":true,"href":"https:\/\/ranoja.ee\/en\/wp-json\/wp\/v2\/media\/21232"}],"wp:attachment":[{"href":"https:\/\/ranoja.ee\/en\/wp-json\/wp\/v2\/media?parent=21225"}],"wp:term":[{"taxonomy":"product_cat","embeddable":true,"href":"https:\/\/ranoja.ee\/en\/wp-json\/wp\/v2\/product_cat?post=21225"},{"taxonomy":"product_tag","embeddable":true,"href":"https:\/\/ranoja.ee\/en\/wp-json\/wp\/v2\/product_tag?post=21225"}],"curies":[{"name":"wp","href":"https:\/\/api.w.org\/{rel}","templated":true}]}}