{"id":21121,"date":"2025-09-17T14:08:00","date_gmt":"2025-09-17T11:08:00","guid":{"rendered":"https:\/\/ranoja.ee\/?post_type=product&#038;p=21121"},"modified":"2026-04-08T10:00:09","modified_gmt":"2026-04-08T07:00:09","slug":"konner-sohnen-elektriline-muruniiduk-ks-38lm","status":"publish","type":"product","link":"https:\/\/ranoja.ee\/en\/toode\/konner-sohnen-elektriline-muruniiduk-ks-38lm\/","title":{"rendered":"K\u00f6nner &#038; S\u00f6hnen elektriline muruniiduk KS 38LM"},"content":{"rendered":"<p>K\u00f6nner &#038; S\u00f6hnen elektriline muruniiduk KS 38LM<\/p>\n<p>Kasutusmugavus ja eelised:<\/p>\n<p>Kergesti k\u00e4sitsetav: Kompaktne disain ja kerge kaal muudavad masina man\u00f6\u00f6verdamise lihtsaks.<br \/>\nReguleeritav l\u00f5ike k\u00f5rgus: Viie astme l\u00f5ike k\u00f5rgus v\u00f5imaldab kohandada l\u00f5ike vastavalt muru seisundile.<br \/>\nKogumiskoti t\u00e4idetaseme indikaator: N\u00e4itab, millal on aeg kott t\u00fchjendada.<br \/>\nKokkupandav k\u00e4epide: Lihtne hoiustada ja transportida.<br \/>\nT\u00f6\u00f6riistavaba kokkupanek: Lihtne kokkupanek ilma t\u00f6\u00f6riistadeta muudab kasutusele v\u00f5tmise kiireks ja vaevatuks.<\/p>\n<p>Elektriline muruniiduk sobib ideaalselt keskmise suurusega aedade hooldamiseks. Kompaktne suurus ja kerge kaal muudavad selle sobivaks kitsastes kohtades t\u00f6\u00f6tamiseks. Reguleeritav l\u00f5ike k\u00f5rgus v\u00f5imaldab saavutada soovitud l\u00f5ike tulemuse erinevates tingimustes.<\/p>\n<p>KS 38LM on usaldusv\u00e4\u00e4rne ja kasutajas\u00f5bralik elektriline muruniiduk, mis pakub head hinna ja kvaliteedi suhet. Selle kompaktne disain ja mugavad omadused muudavad aia hooldamise lihtsaks ja nauditavaks.<\/p>\n<p>K\u00f6nner &#038; S\u00f6hnen elektriline muruniiduk KS 38LM<\/p>\n","protected":false},"excerpt":{"rendered":"<p>K\u00f6nner &#038; S\u00f6hnen elektriline muruniiduk KS 38LM<br \/>\nPinge: 230 \u2013 240 V<br \/>\nMootori v\u00f5imsus: 1400 W<br \/>\nT\u00fchik\u00e4igukiirus: 3250 p\/min<br \/>\nMootori t\u00fc\u00fcp: Harjamootor, elektrimootor<br \/>\nL\u00f5ike laius: 380 mm<br \/>\nL\u00f5ikes\u00fcsteem: P\u00f6\u00f6rlev tera<br \/>\nL\u00f5ike k\u00f5rgus: 5 astet 25-75 mm<br \/>\nKogumiskoti maht: 40 L<br \/>\nKogumiskotil on t\u00e4idetaseme indikaator<br \/>\nM\u00f5\u00f5dud (P x L x K): 1200 \u00d7 450 \u00d7 980 mm<br \/>\nRataste suurus: Ees 6 ja taga 8 tolli<br \/>\nReguleeritavad k\u00e4epidemed<br \/>\nKaal: 11.9 kg<br \/>\n<strong>Eeldatav tarneaeg 1-7 t\u00f6\u00f6p\u00e4eva<\/strong><\/p>\n","protected":false},"featured_media":21144,"template":"","meta":{"inline_featured_image":false},"product_cat":[1079,1259],"product_tag":[2213,1813,2214,264],"class_list":{"0":"post-21121","1":"product","2":"type-product","3":"status-publish","4":"has-post-thumbnail","6":"product_brand-konner-sohnen","7":"product_cat-aiatehnika-ja-niidutehnika","8":"product_cat-muruniidukid-aiatehnika-ja-niidutehnika","9":"product_tag-elektriline-muruniiduk","10":"product_tag-konner-sohnen","11":"product_tag-ks-38lm","12":"product_tag-muruniiduk","14":"first","15":"outofstock","16":"taxable","17":"shipping-taxable","18":"purchasable","19":"product-type-simple"},"yoast_head":"<!-- This site is optimized with the Yoast SEO plugin v27.4 - https:\/\/yoast.com\/product\/yoast-seo-wordpress\/ -->\n<title>K\u00f6nner &amp; S\u00f6hnen elektriline muruniiduk KS 38LM<\/title>\n<meta name=\"description\" content=\"K\u00f6nner &amp; S\u00f6hnen elektriline muruniiduk KS 38LM Elektriline muruniiduk sobib ideaalselt keskmise suurusega aedade hooldamiseks.\" \/>\n<meta name=\"robots\" content=\"index, follow, max-snippet:-1, max-image-preview:large, max-video-preview:-1\" \/>\n<link rel=\"canonical\" href=\"https:\/\/ranoja.ee\/toode\/konner-sohnen-elektriline-muruniiduk-ks-38lm\/\" \/>\n<meta property=\"og:locale\" content=\"en_US\" \/>\n<meta property=\"og:type\" content=\"article\" \/>\n<meta property=\"og:title\" content=\"K\u00f6nner &amp; S\u00f6hnen elektriline muruniiduk KS 38LM\" \/>\n<meta property=\"og:description\" content=\"K\u00f6nner &amp; S\u00f6hnen elektriline muruniiduk KS 38LM Elektriline muruniiduk sobib ideaalselt keskmise suurusega aedade hooldamiseks.\" \/>\n<meta property=\"og:url\" content=\"https:\/\/ranoja.ee\/toode\/konner-sohnen-elektriline-muruniiduk-ks-38lm\/\" \/>\n<meta property=\"og:site_name\" content=\"Ranoja\" \/>\n<meta property=\"article:publisher\" content=\"https:\/\/www.facebook.com\/ranoja.ee\" \/>\n<meta property=\"article:modified_time\" content=\"2026-04-08T07:00:09+00:00\" \/>\n<meta property=\"og:image\" content=\"https:\/\/ranoja.ee\/wp-content\/uploads\/2025\/09\/Konner-Sohnen-elektriline-muruniiduk-KS-38LM.webp\" \/>\n\t<meta property=\"og:image:width\" content=\"1600\" \/>\n\t<meta property=\"og:image:height\" content=\"1200\" \/>\n\t<meta property=\"og:image:type\" content=\"image\/webp\" \/>\n<meta name=\"twitter:card\" content=\"summary_large_image\" \/>\n<meta name=\"twitter:label1\" content=\"Est. reading time\" \/>\n\t<meta name=\"twitter:data1\" content=\"1 minute\" \/>\n<script type=\"application\/ld+json\" class=\"yoast-schema-graph\">{\"@context\":\"https:\\\/\\\/schema.org\",\"@graph\":[{\"@type\":\"WebPage\",\"@id\":\"https:\\\/\\\/ranoja.ee\\\/toode\\\/konner-sohnen-elektriline-muruniiduk-ks-38lm\\\/\",\"url\":\"https:\\\/\\\/ranoja.ee\\\/toode\\\/konner-sohnen-elektriline-muruniiduk-ks-38lm\\\/\",\"name\":\"K\u00f6nner & S\u00f6hnen elektriline muruniiduk KS 38LM\",\"isPartOf\":{\"@id\":\"https:\\\/\\\/ranoja.ee\\\/#website\"},\"primaryImageOfPage\":{\"@id\":\"https:\\\/\\\/ranoja.ee\\\/toode\\\/konner-sohnen-elektriline-muruniiduk-ks-38lm\\\/#primaryimage\"},\"image\":{\"@id\":\"https:\\\/\\\/ranoja.ee\\\/toode\\\/konner-sohnen-elektriline-muruniiduk-ks-38lm\\\/#primaryimage\"},\"thumbnailUrl\":\"https:\\\/\\\/ranoja.ee\\\/wp-content\\\/uploads\\\/2025\\\/09\\\/Konner-Sohnen-elektriline-muruniiduk-KS-38LM.webp\",\"datePublished\":\"2025-09-17T11:08:00+00:00\",\"dateModified\":\"2026-04-08T07:00:09+00:00\",\"description\":\"K\u00f6nner & S\u00f6hnen elektriline muruniiduk KS 38LM Elektriline muruniiduk sobib ideaalselt keskmise suurusega aedade hooldamiseks.\",\"breadcrumb\":{\"@id\":\"https:\\\/\\\/ranoja.ee\\\/toode\\\/konner-sohnen-elektriline-muruniiduk-ks-38lm\\\/#breadcrumb\"},\"inLanguage\":\"en-US\",\"potentialAction\":[{\"@type\":\"ReadAction\",\"target\":[\"https:\\\/\\\/ranoja.ee\\\/toode\\\/konner-sohnen-elektriline-muruniiduk-ks-38lm\\\/\"]}]},{\"@type\":\"ImageObject\",\"inLanguage\":\"en-US\",\"@id\":\"https:\\\/\\\/ranoja.ee\\\/toode\\\/konner-sohnen-elektriline-muruniiduk-ks-38lm\\\/#primaryimage\",\"url\":\"https:\\\/\\\/ranoja.ee\\\/wp-content\\\/uploads\\\/2025\\\/09\\\/Konner-Sohnen-elektriline-muruniiduk-KS-38LM.webp\",\"contentUrl\":\"https:\\\/\\\/ranoja.ee\\\/wp-content\\\/uploads\\\/2025\\\/09\\\/Konner-Sohnen-elektriline-muruniiduk-KS-38LM.webp\",\"width\":1600,\"height\":1200,\"caption\":\"K\u00f6nner & S\u00f6hnen elektriline muruniiduk KS 38LM\"},{\"@type\":\"BreadcrumbList\",\"@id\":\"https:\\\/\\\/ranoja.ee\\\/toode\\\/konner-sohnen-elektriline-muruniiduk-ks-38lm\\\/#breadcrumb\",\"itemListElement\":[{\"@type\":\"ListItem\",\"position\":1,\"name\":\"Home\",\"item\":\"https:\\\/\\\/ranoja.ee\\\/\"},{\"@type\":\"ListItem\",\"position\":2,\"name\":\"Shop\",\"item\":\"https:\\\/\\\/ranoja.ee\\\/en\\\/shop\\\/\"},{\"@type\":\"ListItem\",\"position\":3,\"name\":\"K\u00f6nner &#038; S\u00f6hnen elektriline muruniiduk KS 38LM\"}]},{\"@type\":\"WebSite\",\"@id\":\"https:\\\/\\\/ranoja.ee\\\/#website\",\"url\":\"https:\\\/\\\/ranoja.ee\\\/\",\"name\":\"Ranoja\",\"description\":\"Equipment Shop WooCommerce WordPress Theme for Machine &amp; Tools\",\"publisher\":{\"@id\":\"https:\\\/\\\/ranoja.ee\\\/#organization\"},\"potentialAction\":[{\"@type\":\"SearchAction\",\"target\":{\"@type\":\"EntryPoint\",\"urlTemplate\":\"https:\\\/\\\/ranoja.ee\\\/?s={search_term_string}\"},\"query-input\":{\"@type\":\"PropertyValueSpecification\",\"valueRequired\":true,\"valueName\":\"search_term_string\"}}],\"inLanguage\":\"en-US\"},{\"@type\":\"Organization\",\"@id\":\"https:\\\/\\\/ranoja.ee\\\/#organization\",\"name\":\"Ranoja O\u00dc\",\"url\":\"https:\\\/\\\/ranoja.ee\\\/\",\"logo\":{\"@type\":\"ImageObject\",\"inLanguage\":\"en-US\",\"@id\":\"https:\\\/\\\/ranoja.ee\\\/#\\\/schema\\\/logo\\\/image\\\/\",\"url\":\"https:\\\/\\\/ranoja.ee\\\/wp-content\\\/uploads\\\/2023\\\/11\\\/ranoja-Logo.png\",\"contentUrl\":\"https:\\\/\\\/ranoja.ee\\\/wp-content\\\/uploads\\\/2023\\\/11\\\/ranoja-Logo.png\",\"width\":207,\"height\":58,\"caption\":\"Ranoja O\u00dc\"},\"image\":{\"@id\":\"https:\\\/\\\/ranoja.ee\\\/#\\\/schema\\\/logo\\\/image\\\/\"},\"sameAs\":[\"https:\\\/\\\/www.facebook.com\\\/ranoja.ee\",\"https:\\\/\\\/www.instagram.com\\\/ranoja__\\\/\"]}]}<\/script>\n<!-- \/ Yoast SEO plugin. -->","yoast_head_json":{"title":"K\u00f6nner & S\u00f6hnen elektriline muruniiduk KS 38LM","description":"K\u00f6nner & S\u00f6hnen elektriline muruniiduk KS 38LM Elektriline muruniiduk sobib ideaalselt keskmise suurusega aedade hooldamiseks.","robots":{"index":"index","follow":"follow","max-snippet":"max-snippet:-1","max-image-preview":"max-image-preview:large","max-video-preview":"max-video-preview:-1"},"canonical":"https:\/\/ranoja.ee\/toode\/konner-sohnen-elektriline-muruniiduk-ks-38lm\/","og_locale":"en_US","og_type":"article","og_title":"K\u00f6nner & S\u00f6hnen elektriline muruniiduk KS 38LM","og_description":"K\u00f6nner & S\u00f6hnen elektriline muruniiduk KS 38LM Elektriline muruniiduk sobib ideaalselt keskmise suurusega aedade hooldamiseks.","og_url":"https:\/\/ranoja.ee\/toode\/konner-sohnen-elektriline-muruniiduk-ks-38lm\/","og_site_name":"Ranoja","article_publisher":"https:\/\/www.facebook.com\/ranoja.ee","article_modified_time":"2026-04-08T07:00:09+00:00","og_image":[{"width":1600,"height":1200,"url":"https:\/\/ranoja.ee\/wp-content\/uploads\/2025\/09\/Konner-Sohnen-elektriline-muruniiduk-KS-38LM.webp","type":"image\/webp"}],"twitter_card":"summary_large_image","twitter_misc":{"Est. reading time":"1 minute"},"schema":{"@context":"https:\/\/schema.org","@graph":[{"@type":"WebPage","@id":"https:\/\/ranoja.ee\/toode\/konner-sohnen-elektriline-muruniiduk-ks-38lm\/","url":"https:\/\/ranoja.ee\/toode\/konner-sohnen-elektriline-muruniiduk-ks-38lm\/","name":"K\u00f6nner & S\u00f6hnen elektriline muruniiduk KS 38LM","isPartOf":{"@id":"https:\/\/ranoja.ee\/#website"},"primaryImageOfPage":{"@id":"https:\/\/ranoja.ee\/toode\/konner-sohnen-elektriline-muruniiduk-ks-38lm\/#primaryimage"},"image":{"@id":"https:\/\/ranoja.ee\/toode\/konner-sohnen-elektriline-muruniiduk-ks-38lm\/#primaryimage"},"thumbnailUrl":"https:\/\/ranoja.ee\/wp-content\/uploads\/2025\/09\/Konner-Sohnen-elektriline-muruniiduk-KS-38LM.webp","datePublished":"2025-09-17T11:08:00+00:00","dateModified":"2026-04-08T07:00:09+00:00","description":"K\u00f6nner & S\u00f6hnen elektriline muruniiduk KS 38LM Elektriline muruniiduk sobib ideaalselt keskmise suurusega aedade hooldamiseks.","breadcrumb":{"@id":"https:\/\/ranoja.ee\/toode\/konner-sohnen-elektriline-muruniiduk-ks-38lm\/#breadcrumb"},"inLanguage":"en-US","potentialAction":[{"@type":"ReadAction","target":["https:\/\/ranoja.ee\/toode\/konner-sohnen-elektriline-muruniiduk-ks-38lm\/"]}]},{"@type":"ImageObject","inLanguage":"en-US","@id":"https:\/\/ranoja.ee\/toode\/konner-sohnen-elektriline-muruniiduk-ks-38lm\/#primaryimage","url":"https:\/\/ranoja.ee\/wp-content\/uploads\/2025\/09\/Konner-Sohnen-elektriline-muruniiduk-KS-38LM.webp","contentUrl":"https:\/\/ranoja.ee\/wp-content\/uploads\/2025\/09\/Konner-Sohnen-elektriline-muruniiduk-KS-38LM.webp","width":1600,"height":1200,"caption":"K\u00f6nner & S\u00f6hnen elektriline muruniiduk KS 38LM"},{"@type":"BreadcrumbList","@id":"https:\/\/ranoja.ee\/toode\/konner-sohnen-elektriline-muruniiduk-ks-38lm\/#breadcrumb","itemListElement":[{"@type":"ListItem","position":1,"name":"Home","item":"https:\/\/ranoja.ee\/"},{"@type":"ListItem","position":2,"name":"Shop","item":"https:\/\/ranoja.ee\/en\/shop\/"},{"@type":"ListItem","position":3,"name":"K\u00f6nner &#038; S\u00f6hnen elektriline muruniiduk KS 38LM"}]},{"@type":"WebSite","@id":"https:\/\/ranoja.ee\/#website","url":"https:\/\/ranoja.ee\/","name":"Ranoja","description":"Equipment Shop WooCommerce WordPress Theme for Machine &amp; Tools","publisher":{"@id":"https:\/\/ranoja.ee\/#organization"},"potentialAction":[{"@type":"SearchAction","target":{"@type":"EntryPoint","urlTemplate":"https:\/\/ranoja.ee\/?s={search_term_string}"},"query-input":{"@type":"PropertyValueSpecification","valueRequired":true,"valueName":"search_term_string"}}],"inLanguage":"en-US"},{"@type":"Organization","@id":"https:\/\/ranoja.ee\/#organization","name":"Ranoja O\u00dc","url":"https:\/\/ranoja.ee\/","logo":{"@type":"ImageObject","inLanguage":"en-US","@id":"https:\/\/ranoja.ee\/#\/schema\/logo\/image\/","url":"https:\/\/ranoja.ee\/wp-content\/uploads\/2023\/11\/ranoja-Logo.png","contentUrl":"https:\/\/ranoja.ee\/wp-content\/uploads\/2023\/11\/ranoja-Logo.png","width":207,"height":58,"caption":"Ranoja O\u00dc"},"image":{"@id":"https:\/\/ranoja.ee\/#\/schema\/logo\/image\/"},"sameAs":["https:\/\/www.facebook.com\/ranoja.ee","https:\/\/www.instagram.com\/ranoja__\/"]}]}},"_links":{"self":[{"href":"https:\/\/ranoja.ee\/en\/wp-json\/wp\/v2\/product\/21121","targetHints":{"allow":["GET"]}}],"collection":[{"href":"https:\/\/ranoja.ee\/en\/wp-json\/wp\/v2\/product"}],"about":[{"href":"https:\/\/ranoja.ee\/en\/wp-json\/wp\/v2\/types\/product"}],"wp:featuredmedia":[{"embeddable":true,"href":"https:\/\/ranoja.ee\/en\/wp-json\/wp\/v2\/media\/21144"}],"wp:attachment":[{"href":"https:\/\/ranoja.ee\/en\/wp-json\/wp\/v2\/media?parent=21121"}],"wp:term":[{"taxonomy":"product_cat","embeddable":true,"href":"https:\/\/ranoja.ee\/en\/wp-json\/wp\/v2\/product_cat?post=21121"},{"taxonomy":"product_tag","embeddable":true,"href":"https:\/\/ranoja.ee\/en\/wp-json\/wp\/v2\/product_tag?post=21121"}],"curies":[{"name":"wp","href":"https:\/\/api.w.org\/{rel}","templated":true}]}}