{"id":21100,"date":"2025-09-17T14:06:57","date_gmt":"2025-09-17T11:06:57","guid":{"rendered":"https:\/\/ranoja.ee\/?post_type=product&#038;p=21100"},"modified":"2026-04-08T10:00:09","modified_gmt":"2026-04-08T07:00:09","slug":"konner-sohnen-elektriline-muruniiduk-ks-32lm","status":"publish","type":"product","link":"https:\/\/ranoja.ee\/en\/toode\/konner-sohnen-elektriline-muruniiduk-ks-32lm\/","title":{"rendered":"K\u00f6nner &#038; S\u00f6hnen elektriline muruniiduk KS 32LM"},"content":{"rendered":"<p>K\u00f6nner &#038; S\u00f6hnen elektriline muruniiduk KS 32LM<\/p>\n<p>Kasutusmugavus ja eelised:<\/p>\n<p>Kergesti k\u00e4sitsetav: Kerge kaal ja tasakaalustatud konstruktsioon tagavad mugava man\u00f6\u00f6verdusv\u00f5ime.<br \/>\nReguleeritav l\u00f5ike k\u00f5rgus: Kolme astme l\u00f5ike k\u00f5rgus v\u00f5imaldab kohandada l\u00f5ike vastavalt muru seisundile.<br \/>\nKogumiskoti t\u00e4idetaseme indikaator: Kogumiskotil on t\u00e4idetaseme indikaator, mis n\u00e4itab, millal on aeg kott t\u00fchjendada.<br \/>\nKokkupandav k\u00e4epide: Kergesti kokkupandav k\u00e4epide v\u00f5imaldab mugavat hoiustamist.<br \/>\nT\u00f6\u00f6riistavaba kokkupanek: Lihtne kokkupanek ilma t\u00f6\u00f6riistadeta muudab kasutusele v\u00f5tmise kiireks ja vaevatuks.<\/p>\n<p>Elektriline muruniiduk sobib ideaalselt v\u00e4ikeste ja keskmise suurusega aedade hooldamiseks. Kompaktne suurus ja kerge kaal muudavad selle sobivaks kitsastes kohtades t\u00f6\u00f6tamiseks. Reguleeritav l\u00f5ike k\u00f5rgus v\u00f5imaldab saavutada soovitud l\u00f5ike tulemuse erinevates tingimustes.<\/p>\n<p>K\u00f6nner &#038; S\u00f6hnen on usaldusv\u00e4\u00e4rne ja kasutajas\u00f5bralik elektrilise muruniiduki tootja, mis pakub head hinna ja kvaliteedi suhet. Selle kompaktne disain ja mugavad omadused muudavad aia hooldamise lihtsaks ja nauditavaks.<\/p>\n<p>K\u00f6nner &#038; S\u00f6hnen elektriline muruniiduk KS 32LM<\/p>\n","protected":false},"excerpt":{"rendered":"<p>K\u00f6nner &#038; S\u00f6hnen elektriline muruniiduk KS 32LM<br \/>\nPinge: 230 \u2013 240 V<br \/>\nMootori v\u00f5imsus: 1000 W<br \/>\nT\u00fchik\u00e4igukiirus: 3450 p\/min<br \/>\nMootori t\u00fc\u00fcp: Harjamootor, elektrimootor<br \/>\nL\u00f5ike laius: 320 mm<br \/>\nL\u00f5ikes\u00fcsteem: P\u00f6\u00f6rlev tera<br \/>\nL\u00f5ike k\u00f5rgus: 3 astet 25,45,65 mm<br \/>\nKogumiskoti maht: 25 L<br \/>\nKogumiskotil on t\u00e4idetaseme indikaator<br \/>\nM\u00f5\u00f5dud (P x L x K): 1150 \u00d7 450 \u00d7 900 mm<br \/>\nRataste suurus: 5.5<br \/>\nKaal: 6.9 kg<br \/>\n<strong>Eeldatav tarneaeg 1-7 t\u00f6\u00f6p\u00e4eva<\/strong><\/p>\n","protected":false},"featured_media":21103,"template":"","meta":{"inline_featured_image":false},"product_cat":[1079,1259],"product_tag":[2213,1813,2212,264],"class_list":{"0":"post-21100","1":"product","2":"type-product","3":"status-publish","4":"has-post-thumbnail","6":"product_brand-konner-sohnen","7":"product_cat-aiatehnika-ja-niidutehnika","8":"product_cat-muruniidukid-aiatehnika-ja-niidutehnika","9":"product_tag-elektriline-muruniiduk","10":"product_tag-konner-sohnen","11":"product_tag-ks-32lm","12":"product_tag-muruniiduk","14":"first","15":"outofstock","16":"taxable","17":"shipping-taxable","18":"purchasable","19":"product-type-simple"},"yoast_head":"<!-- This site is optimized with the Yoast SEO plugin v27.4 - https:\/\/yoast.com\/product\/yoast-seo-wordpress\/ -->\n<title>K\u00f6nner &amp; S\u00f6hnen elektriline muruniiduk KS 32LM<\/title>\n<meta name=\"description\" content=\"K\u00f6nner &amp; S\u00f6hnen elektriline muruniiduk KS 32LM Elektriline muruniiduk sobib ideaalselt v\u00e4ikeste ja keskmise suurusega aedade hooldamiseks.\" \/>\n<meta name=\"robots\" content=\"index, follow, max-snippet:-1, max-image-preview:large, max-video-preview:-1\" \/>\n<link rel=\"canonical\" href=\"https:\/\/ranoja.ee\/toode\/konner-sohnen-elektriline-muruniiduk-ks-32lm\/\" \/>\n<meta property=\"og:locale\" content=\"en_US\" \/>\n<meta property=\"og:type\" content=\"article\" \/>\n<meta property=\"og:title\" content=\"K\u00f6nner &amp; S\u00f6hnen elektriline muruniiduk KS 32LM\" \/>\n<meta property=\"og:description\" content=\"K\u00f6nner &amp; S\u00f6hnen elektriline muruniiduk KS 32LM Elektriline muruniiduk sobib ideaalselt v\u00e4ikeste ja keskmise suurusega aedade hooldamiseks.\" \/>\n<meta property=\"og:url\" content=\"https:\/\/ranoja.ee\/toode\/konner-sohnen-elektriline-muruniiduk-ks-32lm\/\" \/>\n<meta property=\"og:site_name\" content=\"Ranoja\" \/>\n<meta property=\"article:publisher\" content=\"https:\/\/www.facebook.com\/ranoja.ee\" \/>\n<meta property=\"article:modified_time\" content=\"2026-04-08T07:00:09+00:00\" \/>\n<meta property=\"og:image\" content=\"https:\/\/ranoja.ee\/wp-content\/uploads\/2025\/09\/Konner-Sohnen-elektriline-muruniiduk-KS-32LM-9.webp\" \/>\n\t<meta property=\"og:image:width\" content=\"1600\" \/>\n\t<meta property=\"og:image:height\" content=\"1200\" \/>\n\t<meta property=\"og:image:type\" content=\"image\/webp\" \/>\n<meta name=\"twitter:card\" content=\"summary_large_image\" \/>\n<meta name=\"twitter:label1\" content=\"Est. reading time\" \/>\n\t<meta name=\"twitter:data1\" content=\"1 minute\" \/>\n<script type=\"application\/ld+json\" class=\"yoast-schema-graph\">{\"@context\":\"https:\\\/\\\/schema.org\",\"@graph\":[{\"@type\":\"WebPage\",\"@id\":\"https:\\\/\\\/ranoja.ee\\\/toode\\\/konner-sohnen-elektriline-muruniiduk-ks-32lm\\\/\",\"url\":\"https:\\\/\\\/ranoja.ee\\\/toode\\\/konner-sohnen-elektriline-muruniiduk-ks-32lm\\\/\",\"name\":\"K\u00f6nner & S\u00f6hnen elektriline muruniiduk KS 32LM\",\"isPartOf\":{\"@id\":\"https:\\\/\\\/ranoja.ee\\\/#website\"},\"primaryImageOfPage\":{\"@id\":\"https:\\\/\\\/ranoja.ee\\\/toode\\\/konner-sohnen-elektriline-muruniiduk-ks-32lm\\\/#primaryimage\"},\"image\":{\"@id\":\"https:\\\/\\\/ranoja.ee\\\/toode\\\/konner-sohnen-elektriline-muruniiduk-ks-32lm\\\/#primaryimage\"},\"thumbnailUrl\":\"https:\\\/\\\/ranoja.ee\\\/wp-content\\\/uploads\\\/2025\\\/09\\\/Konner-Sohnen-elektriline-muruniiduk-KS-32LM-9.webp\",\"datePublished\":\"2025-09-17T11:06:57+00:00\",\"dateModified\":\"2026-04-08T07:00:09+00:00\",\"description\":\"K\u00f6nner & S\u00f6hnen elektriline muruniiduk KS 32LM Elektriline muruniiduk sobib ideaalselt v\u00e4ikeste ja keskmise suurusega aedade hooldamiseks.\",\"breadcrumb\":{\"@id\":\"https:\\\/\\\/ranoja.ee\\\/toode\\\/konner-sohnen-elektriline-muruniiduk-ks-32lm\\\/#breadcrumb\"},\"inLanguage\":\"en-US\",\"potentialAction\":[{\"@type\":\"ReadAction\",\"target\":[\"https:\\\/\\\/ranoja.ee\\\/toode\\\/konner-sohnen-elektriline-muruniiduk-ks-32lm\\\/\"]}]},{\"@type\":\"ImageObject\",\"inLanguage\":\"en-US\",\"@id\":\"https:\\\/\\\/ranoja.ee\\\/toode\\\/konner-sohnen-elektriline-muruniiduk-ks-32lm\\\/#primaryimage\",\"url\":\"https:\\\/\\\/ranoja.ee\\\/wp-content\\\/uploads\\\/2025\\\/09\\\/Konner-Sohnen-elektriline-muruniiduk-KS-32LM-9.webp\",\"contentUrl\":\"https:\\\/\\\/ranoja.ee\\\/wp-content\\\/uploads\\\/2025\\\/09\\\/Konner-Sohnen-elektriline-muruniiduk-KS-32LM-9.webp\",\"width\":1600,\"height\":1200,\"caption\":\"K\u00f6nner & S\u00f6hnen elektriline muruniiduk KS 32LM\"},{\"@type\":\"BreadcrumbList\",\"@id\":\"https:\\\/\\\/ranoja.ee\\\/toode\\\/konner-sohnen-elektriline-muruniiduk-ks-32lm\\\/#breadcrumb\",\"itemListElement\":[{\"@type\":\"ListItem\",\"position\":1,\"name\":\"Home\",\"item\":\"https:\\\/\\\/ranoja.ee\\\/\"},{\"@type\":\"ListItem\",\"position\":2,\"name\":\"Shop\",\"item\":\"https:\\\/\\\/ranoja.ee\\\/en\\\/shop\\\/\"},{\"@type\":\"ListItem\",\"position\":3,\"name\":\"K\u00f6nner &#038; S\u00f6hnen elektriline muruniiduk KS 32LM\"}]},{\"@type\":\"WebSite\",\"@id\":\"https:\\\/\\\/ranoja.ee\\\/#website\",\"url\":\"https:\\\/\\\/ranoja.ee\\\/\",\"name\":\"Ranoja\",\"description\":\"Equipment Shop WooCommerce WordPress Theme for Machine &amp; Tools\",\"publisher\":{\"@id\":\"https:\\\/\\\/ranoja.ee\\\/#organization\"},\"potentialAction\":[{\"@type\":\"SearchAction\",\"target\":{\"@type\":\"EntryPoint\",\"urlTemplate\":\"https:\\\/\\\/ranoja.ee\\\/?s={search_term_string}\"},\"query-input\":{\"@type\":\"PropertyValueSpecification\",\"valueRequired\":true,\"valueName\":\"search_term_string\"}}],\"inLanguage\":\"en-US\"},{\"@type\":\"Organization\",\"@id\":\"https:\\\/\\\/ranoja.ee\\\/#organization\",\"name\":\"Ranoja O\u00dc\",\"url\":\"https:\\\/\\\/ranoja.ee\\\/\",\"logo\":{\"@type\":\"ImageObject\",\"inLanguage\":\"en-US\",\"@id\":\"https:\\\/\\\/ranoja.ee\\\/#\\\/schema\\\/logo\\\/image\\\/\",\"url\":\"https:\\\/\\\/ranoja.ee\\\/wp-content\\\/uploads\\\/2023\\\/11\\\/ranoja-Logo.png\",\"contentUrl\":\"https:\\\/\\\/ranoja.ee\\\/wp-content\\\/uploads\\\/2023\\\/11\\\/ranoja-Logo.png\",\"width\":207,\"height\":58,\"caption\":\"Ranoja O\u00dc\"},\"image\":{\"@id\":\"https:\\\/\\\/ranoja.ee\\\/#\\\/schema\\\/logo\\\/image\\\/\"},\"sameAs\":[\"https:\\\/\\\/www.facebook.com\\\/ranoja.ee\",\"https:\\\/\\\/www.instagram.com\\\/ranoja__\\\/\"]}]}<\/script>\n<!-- \/ Yoast SEO plugin. -->","yoast_head_json":{"title":"K\u00f6nner & S\u00f6hnen elektriline muruniiduk KS 32LM","description":"K\u00f6nner & S\u00f6hnen elektriline muruniiduk KS 32LM Elektriline muruniiduk sobib ideaalselt v\u00e4ikeste ja keskmise suurusega aedade hooldamiseks.","robots":{"index":"index","follow":"follow","max-snippet":"max-snippet:-1","max-image-preview":"max-image-preview:large","max-video-preview":"max-video-preview:-1"},"canonical":"https:\/\/ranoja.ee\/toode\/konner-sohnen-elektriline-muruniiduk-ks-32lm\/","og_locale":"en_US","og_type":"article","og_title":"K\u00f6nner & S\u00f6hnen elektriline muruniiduk KS 32LM","og_description":"K\u00f6nner & S\u00f6hnen elektriline muruniiduk KS 32LM Elektriline muruniiduk sobib ideaalselt v\u00e4ikeste ja keskmise suurusega aedade hooldamiseks.","og_url":"https:\/\/ranoja.ee\/toode\/konner-sohnen-elektriline-muruniiduk-ks-32lm\/","og_site_name":"Ranoja","article_publisher":"https:\/\/www.facebook.com\/ranoja.ee","article_modified_time":"2026-04-08T07:00:09+00:00","og_image":[{"width":1600,"height":1200,"url":"https:\/\/ranoja.ee\/wp-content\/uploads\/2025\/09\/Konner-Sohnen-elektriline-muruniiduk-KS-32LM-9.webp","type":"image\/webp"}],"twitter_card":"summary_large_image","twitter_misc":{"Est. reading time":"1 minute"},"schema":{"@context":"https:\/\/schema.org","@graph":[{"@type":"WebPage","@id":"https:\/\/ranoja.ee\/toode\/konner-sohnen-elektriline-muruniiduk-ks-32lm\/","url":"https:\/\/ranoja.ee\/toode\/konner-sohnen-elektriline-muruniiduk-ks-32lm\/","name":"K\u00f6nner & S\u00f6hnen elektriline muruniiduk KS 32LM","isPartOf":{"@id":"https:\/\/ranoja.ee\/#website"},"primaryImageOfPage":{"@id":"https:\/\/ranoja.ee\/toode\/konner-sohnen-elektriline-muruniiduk-ks-32lm\/#primaryimage"},"image":{"@id":"https:\/\/ranoja.ee\/toode\/konner-sohnen-elektriline-muruniiduk-ks-32lm\/#primaryimage"},"thumbnailUrl":"https:\/\/ranoja.ee\/wp-content\/uploads\/2025\/09\/Konner-Sohnen-elektriline-muruniiduk-KS-32LM-9.webp","datePublished":"2025-09-17T11:06:57+00:00","dateModified":"2026-04-08T07:00:09+00:00","description":"K\u00f6nner & S\u00f6hnen elektriline muruniiduk KS 32LM Elektriline muruniiduk sobib ideaalselt v\u00e4ikeste ja keskmise suurusega aedade hooldamiseks.","breadcrumb":{"@id":"https:\/\/ranoja.ee\/toode\/konner-sohnen-elektriline-muruniiduk-ks-32lm\/#breadcrumb"},"inLanguage":"en-US","potentialAction":[{"@type":"ReadAction","target":["https:\/\/ranoja.ee\/toode\/konner-sohnen-elektriline-muruniiduk-ks-32lm\/"]}]},{"@type":"ImageObject","inLanguage":"en-US","@id":"https:\/\/ranoja.ee\/toode\/konner-sohnen-elektriline-muruniiduk-ks-32lm\/#primaryimage","url":"https:\/\/ranoja.ee\/wp-content\/uploads\/2025\/09\/Konner-Sohnen-elektriline-muruniiduk-KS-32LM-9.webp","contentUrl":"https:\/\/ranoja.ee\/wp-content\/uploads\/2025\/09\/Konner-Sohnen-elektriline-muruniiduk-KS-32LM-9.webp","width":1600,"height":1200,"caption":"K\u00f6nner & S\u00f6hnen elektriline muruniiduk KS 32LM"},{"@type":"BreadcrumbList","@id":"https:\/\/ranoja.ee\/toode\/konner-sohnen-elektriline-muruniiduk-ks-32lm\/#breadcrumb","itemListElement":[{"@type":"ListItem","position":1,"name":"Home","item":"https:\/\/ranoja.ee\/"},{"@type":"ListItem","position":2,"name":"Shop","item":"https:\/\/ranoja.ee\/en\/shop\/"},{"@type":"ListItem","position":3,"name":"K\u00f6nner &#038; S\u00f6hnen elektriline muruniiduk KS 32LM"}]},{"@type":"WebSite","@id":"https:\/\/ranoja.ee\/#website","url":"https:\/\/ranoja.ee\/","name":"Ranoja","description":"Equipment Shop WooCommerce WordPress Theme for Machine &amp; Tools","publisher":{"@id":"https:\/\/ranoja.ee\/#organization"},"potentialAction":[{"@type":"SearchAction","target":{"@type":"EntryPoint","urlTemplate":"https:\/\/ranoja.ee\/?s={search_term_string}"},"query-input":{"@type":"PropertyValueSpecification","valueRequired":true,"valueName":"search_term_string"}}],"inLanguage":"en-US"},{"@type":"Organization","@id":"https:\/\/ranoja.ee\/#organization","name":"Ranoja O\u00dc","url":"https:\/\/ranoja.ee\/","logo":{"@type":"ImageObject","inLanguage":"en-US","@id":"https:\/\/ranoja.ee\/#\/schema\/logo\/image\/","url":"https:\/\/ranoja.ee\/wp-content\/uploads\/2023\/11\/ranoja-Logo.png","contentUrl":"https:\/\/ranoja.ee\/wp-content\/uploads\/2023\/11\/ranoja-Logo.png","width":207,"height":58,"caption":"Ranoja O\u00dc"},"image":{"@id":"https:\/\/ranoja.ee\/#\/schema\/logo\/image\/"},"sameAs":["https:\/\/www.facebook.com\/ranoja.ee","https:\/\/www.instagram.com\/ranoja__\/"]}]}},"_links":{"self":[{"href":"https:\/\/ranoja.ee\/en\/wp-json\/wp\/v2\/product\/21100","targetHints":{"allow":["GET"]}}],"collection":[{"href":"https:\/\/ranoja.ee\/en\/wp-json\/wp\/v2\/product"}],"about":[{"href":"https:\/\/ranoja.ee\/en\/wp-json\/wp\/v2\/types\/product"}],"wp:featuredmedia":[{"embeddable":true,"href":"https:\/\/ranoja.ee\/en\/wp-json\/wp\/v2\/media\/21103"}],"wp:attachment":[{"href":"https:\/\/ranoja.ee\/en\/wp-json\/wp\/v2\/media?parent=21100"}],"wp:term":[{"taxonomy":"product_cat","embeddable":true,"href":"https:\/\/ranoja.ee\/en\/wp-json\/wp\/v2\/product_cat?post=21100"},{"taxonomy":"product_tag","embeddable":true,"href":"https:\/\/ranoja.ee\/en\/wp-json\/wp\/v2\/product_tag?post=21100"}],"curies":[{"name":"wp","href":"https:\/\/api.w.org\/{rel}","templated":true}]}}