{"id":21055,"date":"2025-09-17T10:34:50","date_gmt":"2025-09-17T07:34:50","guid":{"rendered":"https:\/\/ranoja.ee\/?post_type=product&#038;p=21055"},"modified":"2026-04-08T10:00:10","modified_gmt":"2026-04-08T07:00:10","slug":"multifunktsionaalsele-masina-tuli-konner-sohnen-ks-mfm-lamp","status":"publish","type":"product","link":"https:\/\/ranoja.ee\/en\/toode\/multifunktsionaalsele-masina-tuli-konner-sohnen-ks-mfm-lamp\/","title":{"rendered":"Multifunktsionaalsele masina tuli K\u00f6nner &#038; S\u00f6hnen KS MFM LAMP"},"content":{"rendered":"<p>Multifunktsionaalsele masina tuli K\u00f6nner &#038; S\u00f6hnen KS MFM LAMP<\/p>\n<p>KS MFM LAMP on K\u00f6nner &#038; S\u00f6hnen multifunktsionaalse masina lisatarvik \u2014 LED-esilatern, mis parandab n\u00e4htavust t\u00f6\u00f6 alal pimedal ajal v\u00f5i halbades ilmastikutingimustes udu, lume, tolm jms. <\/p>\n<p>Peamised omadused:<br \/>\nLED tuli sobib mudelitele KS 7HP-MFM-60, KS 7HP-MFM 80 ja KS 7HP-MFM-80E. <\/p>\n<p>LED-lahendus annab tugeva ja \u00fchtlase valgustuse t\u00f6\u00f6piirkonnale, aidates masina juhtimisel suurendada ohutust ja t\u00f6\u00f6 efektiivsust.<br \/>\nPaigaldamine on lihtne \u2014 lamp kinnitub masina juhtpaneelile ning \u00fchendatakse masina toite\u00fchendusele. <\/p>\n<p>KS MFM LAMP on hea t\u00e4iendus multifunktsionaalsele masinaplokile, kuna v\u00f5imaldab t\u00f6\u00f6tada varasema pimeduse saabudes v\u00f5i halva n\u00e4htavusega olukordades \u2014 n\u00e4iteks talvel, vihmaga v\u00f5i udus. See parandab t\u00f6\u00f6ohutust ja v\u00f5imaldab t\u00f6\u00f6 j\u00e4tkumist ka siis, kui loomulik valgus ei piisa.<\/p>\n<p>Multifunktsionaalsele masina tuli K\u00f6nner &#038; S\u00f6hnen KS MFM LAMP<\/p>\n","protected":false},"excerpt":{"rendered":"<p>Multifunktsionaalsele masina tuli K\u00f6nner &#038; S\u00f6hnen KS MFM LAMP<br \/>\nLED tuli sobib multifunktsionaalsele masinaplokile KS 7HP-MFM 60, KS 7HP-MFM 80 ja KS 7HP-MFM 80E<br \/>\nKaal: 0.16<br \/>\n<strong>Eeldatav tarneaeg 1-7 t\u00f6\u00f6p\u00e4eva<\/strong><\/p>\n","protected":false},"featured_media":21056,"template":"","meta":{"inline_featured_image":false},"product_cat":[1090,1093],"product_tag":[1813,2196,2193,2197,2206,654,2194,2195],"class_list":{"0":"post-21055","1":"product","2":"type-product","3":"status-publish","4":"has-post-thumbnail","6":"product_brand-konner-sohnen","7":"product_cat-ehitustehnika","8":"product_cat-tanavapuhastusharjad","9":"product_tag-konner-sohnen","10":"product_tag-ks-7hp-mfm-60","11":"product_tag-ks-7hp-mfm-80","12":"product_tag-ks-7hp-mfm-80e","13":"product_tag-ks-mfm-lamp","14":"product_tag-led-tuli","15":"product_tag-multifunktsionaalne-masin","16":"product_tag-tanavapuhastusharjad","18":"first","19":"outofstock","20":"taxable","21":"shipping-taxable","22":"purchasable","23":"product-type-simple"},"yoast_head":"<!-- This site is optimized with the Yoast SEO plugin v27.4 - https:\/\/yoast.com\/product\/yoast-seo-wordpress\/ -->\n<title>Multifunktsionaalsele masina tuli K\u00f6nner &amp; S\u00f6hnen KS MFM LAMP<\/title>\n<meta name=\"description\" content=\"Multifunktsionaalsele masina tuli K\u00f6nner &amp; S\u00f6hnen KS MFM LAMP V\u00f5imaldab t\u00f6\u00f6tada varasema pimeduse saabudes v\u00f5i halva n\u00e4htavusega olukordades.\" \/>\n<meta name=\"robots\" content=\"index, follow, max-snippet:-1, max-image-preview:large, max-video-preview:-1\" \/>\n<link rel=\"canonical\" href=\"https:\/\/ranoja.ee\/toode\/multifunktsionaalsele-masina-tuli-konner-sohnen-ks-mfm-lamp\/\" \/>\n<meta property=\"og:locale\" content=\"en_US\" \/>\n<meta property=\"og:type\" content=\"article\" \/>\n<meta property=\"og:title\" content=\"Multifunktsionaalsele masina tuli K\u00f6nner &amp; S\u00f6hnen KS MFM LAMP\" \/>\n<meta property=\"og:description\" content=\"Multifunktsionaalsele masina tuli K\u00f6nner &amp; S\u00f6hnen KS MFM LAMP V\u00f5imaldab t\u00f6\u00f6tada varasema pimeduse saabudes v\u00f5i halva n\u00e4htavusega olukordades.\" \/>\n<meta property=\"og:url\" content=\"https:\/\/ranoja.ee\/toode\/multifunktsionaalsele-masina-tuli-konner-sohnen-ks-mfm-lamp\/\" \/>\n<meta property=\"og:site_name\" content=\"Ranoja\" \/>\n<meta property=\"article:publisher\" content=\"https:\/\/www.facebook.com\/ranoja.ee\" \/>\n<meta property=\"article:modified_time\" content=\"2026-04-08T07:00:10+00:00\" \/>\n<meta property=\"og:image\" content=\"https:\/\/ranoja.ee\/wp-content\/uploads\/2025\/09\/Multifunktsionaalsele-masina-tuli-Konner-Sohnen-KS-MFM-LAMP.webp\" \/>\n\t<meta property=\"og:image:width\" content=\"999\" \/>\n\t<meta property=\"og:image:height\" content=\"792\" \/>\n\t<meta property=\"og:image:type\" content=\"image\/webp\" \/>\n<meta name=\"twitter:card\" content=\"summary_large_image\" \/>\n<meta name=\"twitter:label1\" content=\"Est. reading time\" \/>\n\t<meta name=\"twitter:data1\" content=\"1 minute\" \/>\n<script type=\"application\/ld+json\" class=\"yoast-schema-graph\">{\"@context\":\"https:\\\/\\\/schema.org\",\"@graph\":[{\"@type\":\"WebPage\",\"@id\":\"https:\\\/\\\/ranoja.ee\\\/toode\\\/multifunktsionaalsele-masina-tuli-konner-sohnen-ks-mfm-lamp\\\/\",\"url\":\"https:\\\/\\\/ranoja.ee\\\/toode\\\/multifunktsionaalsele-masina-tuli-konner-sohnen-ks-mfm-lamp\\\/\",\"name\":\"Multifunktsionaalsele masina tuli K\u00f6nner & S\u00f6hnen KS MFM LAMP\",\"isPartOf\":{\"@id\":\"https:\\\/\\\/ranoja.ee\\\/#website\"},\"primaryImageOfPage\":{\"@id\":\"https:\\\/\\\/ranoja.ee\\\/toode\\\/multifunktsionaalsele-masina-tuli-konner-sohnen-ks-mfm-lamp\\\/#primaryimage\"},\"image\":{\"@id\":\"https:\\\/\\\/ranoja.ee\\\/toode\\\/multifunktsionaalsele-masina-tuli-konner-sohnen-ks-mfm-lamp\\\/#primaryimage\"},\"thumbnailUrl\":\"https:\\\/\\\/ranoja.ee\\\/wp-content\\\/uploads\\\/2025\\\/09\\\/Multifunktsionaalsele-masina-tuli-Konner-Sohnen-KS-MFM-LAMP.webp\",\"datePublished\":\"2025-09-17T07:34:50+00:00\",\"dateModified\":\"2026-04-08T07:00:10+00:00\",\"description\":\"Multifunktsionaalsele masina tuli K\u00f6nner & S\u00f6hnen KS MFM LAMP V\u00f5imaldab t\u00f6\u00f6tada varasema pimeduse saabudes v\u00f5i halva n\u00e4htavusega olukordades.\",\"breadcrumb\":{\"@id\":\"https:\\\/\\\/ranoja.ee\\\/toode\\\/multifunktsionaalsele-masina-tuli-konner-sohnen-ks-mfm-lamp\\\/#breadcrumb\"},\"inLanguage\":\"en-US\",\"potentialAction\":[{\"@type\":\"ReadAction\",\"target\":[\"https:\\\/\\\/ranoja.ee\\\/toode\\\/multifunktsionaalsele-masina-tuli-konner-sohnen-ks-mfm-lamp\\\/\"]}]},{\"@type\":\"ImageObject\",\"inLanguage\":\"en-US\",\"@id\":\"https:\\\/\\\/ranoja.ee\\\/toode\\\/multifunktsionaalsele-masina-tuli-konner-sohnen-ks-mfm-lamp\\\/#primaryimage\",\"url\":\"https:\\\/\\\/ranoja.ee\\\/wp-content\\\/uploads\\\/2025\\\/09\\\/Multifunktsionaalsele-masina-tuli-Konner-Sohnen-KS-MFM-LAMP.webp\",\"contentUrl\":\"https:\\\/\\\/ranoja.ee\\\/wp-content\\\/uploads\\\/2025\\\/09\\\/Multifunktsionaalsele-masina-tuli-Konner-Sohnen-KS-MFM-LAMP.webp\",\"width\":999,\"height\":792,\"caption\":\"Multifunktsionaalsele masina tuli K\u00f6nner & S\u00f6hnen KS MFM LAMP\"},{\"@type\":\"BreadcrumbList\",\"@id\":\"https:\\\/\\\/ranoja.ee\\\/toode\\\/multifunktsionaalsele-masina-tuli-konner-sohnen-ks-mfm-lamp\\\/#breadcrumb\",\"itemListElement\":[{\"@type\":\"ListItem\",\"position\":1,\"name\":\"Home\",\"item\":\"https:\\\/\\\/ranoja.ee\\\/\"},{\"@type\":\"ListItem\",\"position\":2,\"name\":\"Shop\",\"item\":\"https:\\\/\\\/ranoja.ee\\\/en\\\/shop\\\/\"},{\"@type\":\"ListItem\",\"position\":3,\"name\":\"Multifunktsionaalsele masina tuli K\u00f6nner &#038; S\u00f6hnen KS MFM LAMP\"}]},{\"@type\":\"WebSite\",\"@id\":\"https:\\\/\\\/ranoja.ee\\\/#website\",\"url\":\"https:\\\/\\\/ranoja.ee\\\/\",\"name\":\"Ranoja\",\"description\":\"Equipment Shop WooCommerce WordPress Theme for Machine &amp; Tools\",\"publisher\":{\"@id\":\"https:\\\/\\\/ranoja.ee\\\/#organization\"},\"potentialAction\":[{\"@type\":\"SearchAction\",\"target\":{\"@type\":\"EntryPoint\",\"urlTemplate\":\"https:\\\/\\\/ranoja.ee\\\/?s={search_term_string}\"},\"query-input\":{\"@type\":\"PropertyValueSpecification\",\"valueRequired\":true,\"valueName\":\"search_term_string\"}}],\"inLanguage\":\"en-US\"},{\"@type\":\"Organization\",\"@id\":\"https:\\\/\\\/ranoja.ee\\\/#organization\",\"name\":\"Ranoja O\u00dc\",\"url\":\"https:\\\/\\\/ranoja.ee\\\/\",\"logo\":{\"@type\":\"ImageObject\",\"inLanguage\":\"en-US\",\"@id\":\"https:\\\/\\\/ranoja.ee\\\/#\\\/schema\\\/logo\\\/image\\\/\",\"url\":\"https:\\\/\\\/ranoja.ee\\\/wp-content\\\/uploads\\\/2023\\\/11\\\/ranoja-Logo.png\",\"contentUrl\":\"https:\\\/\\\/ranoja.ee\\\/wp-content\\\/uploads\\\/2023\\\/11\\\/ranoja-Logo.png\",\"width\":207,\"height\":58,\"caption\":\"Ranoja O\u00dc\"},\"image\":{\"@id\":\"https:\\\/\\\/ranoja.ee\\\/#\\\/schema\\\/logo\\\/image\\\/\"},\"sameAs\":[\"https:\\\/\\\/www.facebook.com\\\/ranoja.ee\",\"https:\\\/\\\/www.instagram.com\\\/ranoja__\\\/\"]}]}<\/script>\n<!-- \/ Yoast SEO plugin. -->","yoast_head_json":{"title":"Multifunktsionaalsele masina tuli K\u00f6nner & S\u00f6hnen KS MFM LAMP","description":"Multifunktsionaalsele masina tuli K\u00f6nner & S\u00f6hnen KS MFM LAMP V\u00f5imaldab t\u00f6\u00f6tada varasema pimeduse saabudes v\u00f5i halva n\u00e4htavusega olukordades.","robots":{"index":"index","follow":"follow","max-snippet":"max-snippet:-1","max-image-preview":"max-image-preview:large","max-video-preview":"max-video-preview:-1"},"canonical":"https:\/\/ranoja.ee\/toode\/multifunktsionaalsele-masina-tuli-konner-sohnen-ks-mfm-lamp\/","og_locale":"en_US","og_type":"article","og_title":"Multifunktsionaalsele masina tuli K\u00f6nner & S\u00f6hnen KS MFM LAMP","og_description":"Multifunktsionaalsele masina tuli K\u00f6nner & S\u00f6hnen KS MFM LAMP V\u00f5imaldab t\u00f6\u00f6tada varasema pimeduse saabudes v\u00f5i halva n\u00e4htavusega olukordades.","og_url":"https:\/\/ranoja.ee\/toode\/multifunktsionaalsele-masina-tuli-konner-sohnen-ks-mfm-lamp\/","og_site_name":"Ranoja","article_publisher":"https:\/\/www.facebook.com\/ranoja.ee","article_modified_time":"2026-04-08T07:00:10+00:00","og_image":[{"width":999,"height":792,"url":"https:\/\/ranoja.ee\/wp-content\/uploads\/2025\/09\/Multifunktsionaalsele-masina-tuli-Konner-Sohnen-KS-MFM-LAMP.webp","type":"image\/webp"}],"twitter_card":"summary_large_image","twitter_misc":{"Est. reading time":"1 minute"},"schema":{"@context":"https:\/\/schema.org","@graph":[{"@type":"WebPage","@id":"https:\/\/ranoja.ee\/toode\/multifunktsionaalsele-masina-tuli-konner-sohnen-ks-mfm-lamp\/","url":"https:\/\/ranoja.ee\/toode\/multifunktsionaalsele-masina-tuli-konner-sohnen-ks-mfm-lamp\/","name":"Multifunktsionaalsele masina tuli K\u00f6nner & S\u00f6hnen KS MFM LAMP","isPartOf":{"@id":"https:\/\/ranoja.ee\/#website"},"primaryImageOfPage":{"@id":"https:\/\/ranoja.ee\/toode\/multifunktsionaalsele-masina-tuli-konner-sohnen-ks-mfm-lamp\/#primaryimage"},"image":{"@id":"https:\/\/ranoja.ee\/toode\/multifunktsionaalsele-masina-tuli-konner-sohnen-ks-mfm-lamp\/#primaryimage"},"thumbnailUrl":"https:\/\/ranoja.ee\/wp-content\/uploads\/2025\/09\/Multifunktsionaalsele-masina-tuli-Konner-Sohnen-KS-MFM-LAMP.webp","datePublished":"2025-09-17T07:34:50+00:00","dateModified":"2026-04-08T07:00:10+00:00","description":"Multifunktsionaalsele masina tuli K\u00f6nner & S\u00f6hnen KS MFM LAMP V\u00f5imaldab t\u00f6\u00f6tada varasema pimeduse saabudes v\u00f5i halva n\u00e4htavusega olukordades.","breadcrumb":{"@id":"https:\/\/ranoja.ee\/toode\/multifunktsionaalsele-masina-tuli-konner-sohnen-ks-mfm-lamp\/#breadcrumb"},"inLanguage":"en-US","potentialAction":[{"@type":"ReadAction","target":["https:\/\/ranoja.ee\/toode\/multifunktsionaalsele-masina-tuli-konner-sohnen-ks-mfm-lamp\/"]}]},{"@type":"ImageObject","inLanguage":"en-US","@id":"https:\/\/ranoja.ee\/toode\/multifunktsionaalsele-masina-tuli-konner-sohnen-ks-mfm-lamp\/#primaryimage","url":"https:\/\/ranoja.ee\/wp-content\/uploads\/2025\/09\/Multifunktsionaalsele-masina-tuli-Konner-Sohnen-KS-MFM-LAMP.webp","contentUrl":"https:\/\/ranoja.ee\/wp-content\/uploads\/2025\/09\/Multifunktsionaalsele-masina-tuli-Konner-Sohnen-KS-MFM-LAMP.webp","width":999,"height":792,"caption":"Multifunktsionaalsele masina tuli K\u00f6nner & S\u00f6hnen KS MFM LAMP"},{"@type":"BreadcrumbList","@id":"https:\/\/ranoja.ee\/toode\/multifunktsionaalsele-masina-tuli-konner-sohnen-ks-mfm-lamp\/#breadcrumb","itemListElement":[{"@type":"ListItem","position":1,"name":"Home","item":"https:\/\/ranoja.ee\/"},{"@type":"ListItem","position":2,"name":"Shop","item":"https:\/\/ranoja.ee\/en\/shop\/"},{"@type":"ListItem","position":3,"name":"Multifunktsionaalsele masina tuli K\u00f6nner &#038; S\u00f6hnen KS MFM LAMP"}]},{"@type":"WebSite","@id":"https:\/\/ranoja.ee\/#website","url":"https:\/\/ranoja.ee\/","name":"Ranoja","description":"Equipment Shop WooCommerce WordPress Theme for Machine &amp; Tools","publisher":{"@id":"https:\/\/ranoja.ee\/#organization"},"potentialAction":[{"@type":"SearchAction","target":{"@type":"EntryPoint","urlTemplate":"https:\/\/ranoja.ee\/?s={search_term_string}"},"query-input":{"@type":"PropertyValueSpecification","valueRequired":true,"valueName":"search_term_string"}}],"inLanguage":"en-US"},{"@type":"Organization","@id":"https:\/\/ranoja.ee\/#organization","name":"Ranoja O\u00dc","url":"https:\/\/ranoja.ee\/","logo":{"@type":"ImageObject","inLanguage":"en-US","@id":"https:\/\/ranoja.ee\/#\/schema\/logo\/image\/","url":"https:\/\/ranoja.ee\/wp-content\/uploads\/2023\/11\/ranoja-Logo.png","contentUrl":"https:\/\/ranoja.ee\/wp-content\/uploads\/2023\/11\/ranoja-Logo.png","width":207,"height":58,"caption":"Ranoja O\u00dc"},"image":{"@id":"https:\/\/ranoja.ee\/#\/schema\/logo\/image\/"},"sameAs":["https:\/\/www.facebook.com\/ranoja.ee","https:\/\/www.instagram.com\/ranoja__\/"]}]}},"_links":{"self":[{"href":"https:\/\/ranoja.ee\/en\/wp-json\/wp\/v2\/product\/21055","targetHints":{"allow":["GET"]}}],"collection":[{"href":"https:\/\/ranoja.ee\/en\/wp-json\/wp\/v2\/product"}],"about":[{"href":"https:\/\/ranoja.ee\/en\/wp-json\/wp\/v2\/types\/product"}],"wp:featuredmedia":[{"embeddable":true,"href":"https:\/\/ranoja.ee\/en\/wp-json\/wp\/v2\/media\/21056"}],"wp:attachment":[{"href":"https:\/\/ranoja.ee\/en\/wp-json\/wp\/v2\/media?parent=21055"}],"wp:term":[{"taxonomy":"product_cat","embeddable":true,"href":"https:\/\/ranoja.ee\/en\/wp-json\/wp\/v2\/product_cat?post=21055"},{"taxonomy":"product_tag","embeddable":true,"href":"https:\/\/ranoja.ee\/en\/wp-json\/wp\/v2\/product_tag?post=21055"}],"curies":[{"name":"wp","href":"https:\/\/api.w.org\/{rel}","templated":true}]}}