{"id":21050,"date":"2025-09-17T10:16:15","date_gmt":"2025-09-17T07:16:15","guid":{"rendered":"https:\/\/ranoja.ee\/?post_type=product&#038;p=21050"},"modified":"2026-04-08T10:00:10","modified_gmt":"2026-04-08T07:00:10","slug":"varuharjade-komplekt-konner-sohnen-ks-mfm-bk-80-26","status":"publish","type":"product","link":"https:\/\/ranoja.ee\/en\/toode\/varuharjade-komplekt-konner-sohnen-ks-mfm-bk-80-26\/","title":{"rendered":"Varuharjade komplekt K\u00f6nner &#038; S\u00f6hnen KS MFM BK 80\/26"},"content":{"rendered":"<p>Varuharjade komplekt K\u00f6nner &#038; S\u00f6hnen KS MFM BK 80\/26 <\/p>\n<p>On harjatarvik \/ varuharjade komplekt K\u00f6nner &#038; S\u00f6hnen multifunktsionaalsele masinale. Sobides mudelitele K\u00f6nner &#038; S\u00f6hnen KS 7HP-MFM 80, KS 7HP-MFM 80E ja KS 7HP-MFM 60. <\/p>\n<p>See komplekt on m\u00f5eldud aastaringseks kasutamiseks, et hoida masina p\u00fchkimishari efektiivne \u2014 tolmu, mustuse, langenud lehtede ja kergete lume ladestuste eemaldamiseks. <\/p>\n<p>Komplekti omadused teevad selle praktiliseks valikuks kodu- ja aiakasutusse. See v\u00f5imaldab s\u00e4\u00e4sta aega ja ressursse, kuna iga kord pole vaja osta uut harja, vaid saab asendada kulunud harjased uute komplekti harjaste vastu. Komplektis on 26 harjase \u00fcksust, mis koos moodustavad 80 cm laiuse harja t\u00f6\u00f6pinna. Harjased on vastupidavad ja kavandatud suhteliselt intensiivseks kasutamiseks. <\/p>\n<p>Harja-komplekt sobib igap\u00e4evaseks p\u00fchkimist\u00f6\u00f6ks, et masin saaks t\u00f5husalt t\u00f6\u00f6tada kas tolmu, mustuse, lehtede v\u00f5i kerge lume eemaldamiseks pinnalt.<br \/>\nKomplekti harjased tagavad masina p\u00fchkimisharja m\u00e4rgatava t\u00f6\u00f6v\u00f5ime taastamise, kui olemasolevad harjased on kulunud v\u00f5i v\u00e4hem efektiivsed.<\/p>\n<p>Varuharjade komplekt K\u00f6nner &#038; S\u00f6hnen KS MFM BK 80\/26 <\/p>\n","protected":false},"excerpt":{"rendered":"<p>Varuharjade komplekt K\u00f6nner &#038; S\u00f6hnen KS MFM BK 80\/26<br \/>\nT\u00f6\u00f6 laius: 80 cm<br \/>\nHarjaste arv: 26 harjaelementi<br \/>\nVaruharjade komplekt sobib multifunktsionaalsele masinaplokile KS 7HP-MFM 60, KS 7HP-MFM 80 ja KS 7HP-MFM 80E<br \/>\nKaal: 5<br \/>\n<strong>Eeldatav tarneaeg 1-7 t\u00f6\u00f6p\u00e4eva<\/strong><\/p>\n","protected":false},"featured_media":21053,"template":"","meta":{"inline_featured_image":false},"product_cat":[1090,1093],"product_tag":[1813,2196,2193,2197,2205,2194,2195],"class_list":{"0":"post-21050","1":"product","2":"type-product","3":"status-publish","4":"has-post-thumbnail","6":"product_brand-konner-sohnen","7":"product_cat-ehitustehnika","8":"product_cat-tanavapuhastusharjad","9":"product_tag-konner-sohnen","10":"product_tag-ks-7hp-mfm-60","11":"product_tag-ks-7hp-mfm-80","12":"product_tag-ks-7hp-mfm-80e","13":"product_tag-ks-mfm-bk-80-26","14":"product_tag-multifunktsionaalne-masin","15":"product_tag-tanavapuhastusharjad","17":"first","18":"outofstock","19":"taxable","20":"shipping-taxable","21":"purchasable","22":"product-type-simple"},"yoast_head":"<!-- This site is optimized with the Yoast SEO plugin v27.4 - https:\/\/yoast.com\/product\/yoast-seo-wordpress\/ -->\n<title>Varuharjade komplekt K\u00f6nner &amp; S\u00f6hnen KS MFM BK 80\/26<\/title>\n<meta name=\"description\" content=\"Varuharjade komplekt K\u00f6nner &amp; S\u00f6hnen KS MFM BK 80\/26 See komplekt on m\u00f5eldud aastaringseks kasutamiseks, et hoida masina p\u00fchkimishari efektiivne.\" \/>\n<meta name=\"robots\" content=\"index, follow, max-snippet:-1, max-image-preview:large, max-video-preview:-1\" \/>\n<link rel=\"canonical\" href=\"https:\/\/ranoja.ee\/toode\/varuharjade-komplekt-konner-sohnen-ks-mfm-bk-80-26\/\" \/>\n<meta property=\"og:locale\" content=\"en_US\" \/>\n<meta property=\"og:type\" content=\"article\" \/>\n<meta property=\"og:title\" content=\"Varuharjade komplekt K\u00f6nner &amp; S\u00f6hnen KS MFM BK 80\/26\" \/>\n<meta property=\"og:description\" content=\"Varuharjade komplekt K\u00f6nner &amp; S\u00f6hnen KS MFM BK 80\/26 See komplekt on m\u00f5eldud aastaringseks kasutamiseks, et hoida masina p\u00fchkimishari efektiivne.\" \/>\n<meta property=\"og:url\" content=\"https:\/\/ranoja.ee\/toode\/varuharjade-komplekt-konner-sohnen-ks-mfm-bk-80-26\/\" \/>\n<meta property=\"og:site_name\" content=\"Ranoja\" \/>\n<meta property=\"article:publisher\" content=\"https:\/\/www.facebook.com\/ranoja.ee\" \/>\n<meta property=\"article:modified_time\" content=\"2026-04-08T07:00:10+00:00\" \/>\n<meta property=\"og:image\" content=\"https:\/\/ranoja.ee\/wp-content\/uploads\/2025\/09\/Varuharjade-komplekt-Konner-Sohnen-KS-MFM-BK-80-26.webp\" \/>\n\t<meta property=\"og:image:width\" content=\"900\" \/>\n\t<meta property=\"og:image:height\" content=\"713\" \/>\n\t<meta property=\"og:image:type\" content=\"image\/webp\" \/>\n<meta name=\"twitter:card\" content=\"summary_large_image\" \/>\n<meta name=\"twitter:label1\" content=\"Est. reading time\" \/>\n\t<meta name=\"twitter:data1\" content=\"2 minutes\" \/>\n<script type=\"application\/ld+json\" class=\"yoast-schema-graph\">{\"@context\":\"https:\\\/\\\/schema.org\",\"@graph\":[{\"@type\":\"WebPage\",\"@id\":\"https:\\\/\\\/ranoja.ee\\\/toode\\\/varuharjade-komplekt-konner-sohnen-ks-mfm-bk-80-26\\\/\",\"url\":\"https:\\\/\\\/ranoja.ee\\\/toode\\\/varuharjade-komplekt-konner-sohnen-ks-mfm-bk-80-26\\\/\",\"name\":\"Varuharjade komplekt K\u00f6nner & S\u00f6hnen KS MFM BK 80\\\/26\",\"isPartOf\":{\"@id\":\"https:\\\/\\\/ranoja.ee\\\/#website\"},\"primaryImageOfPage\":{\"@id\":\"https:\\\/\\\/ranoja.ee\\\/toode\\\/varuharjade-komplekt-konner-sohnen-ks-mfm-bk-80-26\\\/#primaryimage\"},\"image\":{\"@id\":\"https:\\\/\\\/ranoja.ee\\\/toode\\\/varuharjade-komplekt-konner-sohnen-ks-mfm-bk-80-26\\\/#primaryimage\"},\"thumbnailUrl\":\"https:\\\/\\\/ranoja.ee\\\/wp-content\\\/uploads\\\/2025\\\/09\\\/Varuharjade-komplekt-Konner-Sohnen-KS-MFM-BK-80-26.webp\",\"datePublished\":\"2025-09-17T07:16:15+00:00\",\"dateModified\":\"2026-04-08T07:00:10+00:00\",\"description\":\"Varuharjade komplekt K\u00f6nner & S\u00f6hnen KS MFM BK 80\\\/26 See komplekt on m\u00f5eldud aastaringseks kasutamiseks, et hoida masina p\u00fchkimishari efektiivne.\",\"breadcrumb\":{\"@id\":\"https:\\\/\\\/ranoja.ee\\\/toode\\\/varuharjade-komplekt-konner-sohnen-ks-mfm-bk-80-26\\\/#breadcrumb\"},\"inLanguage\":\"en-US\",\"potentialAction\":[{\"@type\":\"ReadAction\",\"target\":[\"https:\\\/\\\/ranoja.ee\\\/toode\\\/varuharjade-komplekt-konner-sohnen-ks-mfm-bk-80-26\\\/\"]}]},{\"@type\":\"ImageObject\",\"inLanguage\":\"en-US\",\"@id\":\"https:\\\/\\\/ranoja.ee\\\/toode\\\/varuharjade-komplekt-konner-sohnen-ks-mfm-bk-80-26\\\/#primaryimage\",\"url\":\"https:\\\/\\\/ranoja.ee\\\/wp-content\\\/uploads\\\/2025\\\/09\\\/Varuharjade-komplekt-Konner-Sohnen-KS-MFM-BK-80-26.webp\",\"contentUrl\":\"https:\\\/\\\/ranoja.ee\\\/wp-content\\\/uploads\\\/2025\\\/09\\\/Varuharjade-komplekt-Konner-Sohnen-KS-MFM-BK-80-26.webp\",\"width\":900,\"height\":713,\"caption\":\"Varuharjade komplekt K\u00f6nner & S\u00f6hnen KS MFM BK 80\\\/26\"},{\"@type\":\"BreadcrumbList\",\"@id\":\"https:\\\/\\\/ranoja.ee\\\/toode\\\/varuharjade-komplekt-konner-sohnen-ks-mfm-bk-80-26\\\/#breadcrumb\",\"itemListElement\":[{\"@type\":\"ListItem\",\"position\":1,\"name\":\"Home\",\"item\":\"https:\\\/\\\/ranoja.ee\\\/\"},{\"@type\":\"ListItem\",\"position\":2,\"name\":\"Shop\",\"item\":\"https:\\\/\\\/ranoja.ee\\\/en\\\/shop\\\/\"},{\"@type\":\"ListItem\",\"position\":3,\"name\":\"Varuharjade komplekt K\u00f6nner &#038; S\u00f6hnen KS MFM BK 80\\\/26\"}]},{\"@type\":\"WebSite\",\"@id\":\"https:\\\/\\\/ranoja.ee\\\/#website\",\"url\":\"https:\\\/\\\/ranoja.ee\\\/\",\"name\":\"Ranoja\",\"description\":\"Equipment Shop WooCommerce WordPress Theme for Machine &amp; Tools\",\"publisher\":{\"@id\":\"https:\\\/\\\/ranoja.ee\\\/#organization\"},\"potentialAction\":[{\"@type\":\"SearchAction\",\"target\":{\"@type\":\"EntryPoint\",\"urlTemplate\":\"https:\\\/\\\/ranoja.ee\\\/?s={search_term_string}\"},\"query-input\":{\"@type\":\"PropertyValueSpecification\",\"valueRequired\":true,\"valueName\":\"search_term_string\"}}],\"inLanguage\":\"en-US\"},{\"@type\":\"Organization\",\"@id\":\"https:\\\/\\\/ranoja.ee\\\/#organization\",\"name\":\"Ranoja O\u00dc\",\"url\":\"https:\\\/\\\/ranoja.ee\\\/\",\"logo\":{\"@type\":\"ImageObject\",\"inLanguage\":\"en-US\",\"@id\":\"https:\\\/\\\/ranoja.ee\\\/#\\\/schema\\\/logo\\\/image\\\/\",\"url\":\"https:\\\/\\\/ranoja.ee\\\/wp-content\\\/uploads\\\/2023\\\/11\\\/ranoja-Logo.png\",\"contentUrl\":\"https:\\\/\\\/ranoja.ee\\\/wp-content\\\/uploads\\\/2023\\\/11\\\/ranoja-Logo.png\",\"width\":207,\"height\":58,\"caption\":\"Ranoja O\u00dc\"},\"image\":{\"@id\":\"https:\\\/\\\/ranoja.ee\\\/#\\\/schema\\\/logo\\\/image\\\/\"},\"sameAs\":[\"https:\\\/\\\/www.facebook.com\\\/ranoja.ee\",\"https:\\\/\\\/www.instagram.com\\\/ranoja__\\\/\"]}]}<\/script>\n<!-- \/ Yoast SEO plugin. -->","yoast_head_json":{"title":"Varuharjade komplekt K\u00f6nner & S\u00f6hnen KS MFM BK 80\/26","description":"Varuharjade komplekt K\u00f6nner & S\u00f6hnen KS MFM BK 80\/26 See komplekt on m\u00f5eldud aastaringseks kasutamiseks, et hoida masina p\u00fchkimishari efektiivne.","robots":{"index":"index","follow":"follow","max-snippet":"max-snippet:-1","max-image-preview":"max-image-preview:large","max-video-preview":"max-video-preview:-1"},"canonical":"https:\/\/ranoja.ee\/toode\/varuharjade-komplekt-konner-sohnen-ks-mfm-bk-80-26\/","og_locale":"en_US","og_type":"article","og_title":"Varuharjade komplekt K\u00f6nner & S\u00f6hnen KS MFM BK 80\/26","og_description":"Varuharjade komplekt K\u00f6nner & S\u00f6hnen KS MFM BK 80\/26 See komplekt on m\u00f5eldud aastaringseks kasutamiseks, et hoida masina p\u00fchkimishari efektiivne.","og_url":"https:\/\/ranoja.ee\/toode\/varuharjade-komplekt-konner-sohnen-ks-mfm-bk-80-26\/","og_site_name":"Ranoja","article_publisher":"https:\/\/www.facebook.com\/ranoja.ee","article_modified_time":"2026-04-08T07:00:10+00:00","og_image":[{"width":900,"height":713,"url":"https:\/\/ranoja.ee\/wp-content\/uploads\/2025\/09\/Varuharjade-komplekt-Konner-Sohnen-KS-MFM-BK-80-26.webp","type":"image\/webp"}],"twitter_card":"summary_large_image","twitter_misc":{"Est. reading time":"2 minutes"},"schema":{"@context":"https:\/\/schema.org","@graph":[{"@type":"WebPage","@id":"https:\/\/ranoja.ee\/toode\/varuharjade-komplekt-konner-sohnen-ks-mfm-bk-80-26\/","url":"https:\/\/ranoja.ee\/toode\/varuharjade-komplekt-konner-sohnen-ks-mfm-bk-80-26\/","name":"Varuharjade komplekt K\u00f6nner & S\u00f6hnen KS MFM BK 80\/26","isPartOf":{"@id":"https:\/\/ranoja.ee\/#website"},"primaryImageOfPage":{"@id":"https:\/\/ranoja.ee\/toode\/varuharjade-komplekt-konner-sohnen-ks-mfm-bk-80-26\/#primaryimage"},"image":{"@id":"https:\/\/ranoja.ee\/toode\/varuharjade-komplekt-konner-sohnen-ks-mfm-bk-80-26\/#primaryimage"},"thumbnailUrl":"https:\/\/ranoja.ee\/wp-content\/uploads\/2025\/09\/Varuharjade-komplekt-Konner-Sohnen-KS-MFM-BK-80-26.webp","datePublished":"2025-09-17T07:16:15+00:00","dateModified":"2026-04-08T07:00:10+00:00","description":"Varuharjade komplekt K\u00f6nner & S\u00f6hnen KS MFM BK 80\/26 See komplekt on m\u00f5eldud aastaringseks kasutamiseks, et hoida masina p\u00fchkimishari efektiivne.","breadcrumb":{"@id":"https:\/\/ranoja.ee\/toode\/varuharjade-komplekt-konner-sohnen-ks-mfm-bk-80-26\/#breadcrumb"},"inLanguage":"en-US","potentialAction":[{"@type":"ReadAction","target":["https:\/\/ranoja.ee\/toode\/varuharjade-komplekt-konner-sohnen-ks-mfm-bk-80-26\/"]}]},{"@type":"ImageObject","inLanguage":"en-US","@id":"https:\/\/ranoja.ee\/toode\/varuharjade-komplekt-konner-sohnen-ks-mfm-bk-80-26\/#primaryimage","url":"https:\/\/ranoja.ee\/wp-content\/uploads\/2025\/09\/Varuharjade-komplekt-Konner-Sohnen-KS-MFM-BK-80-26.webp","contentUrl":"https:\/\/ranoja.ee\/wp-content\/uploads\/2025\/09\/Varuharjade-komplekt-Konner-Sohnen-KS-MFM-BK-80-26.webp","width":900,"height":713,"caption":"Varuharjade komplekt K\u00f6nner & S\u00f6hnen KS MFM BK 80\/26"},{"@type":"BreadcrumbList","@id":"https:\/\/ranoja.ee\/toode\/varuharjade-komplekt-konner-sohnen-ks-mfm-bk-80-26\/#breadcrumb","itemListElement":[{"@type":"ListItem","position":1,"name":"Home","item":"https:\/\/ranoja.ee\/"},{"@type":"ListItem","position":2,"name":"Shop","item":"https:\/\/ranoja.ee\/en\/shop\/"},{"@type":"ListItem","position":3,"name":"Varuharjade komplekt K\u00f6nner &#038; S\u00f6hnen KS MFM BK 80\/26"}]},{"@type":"WebSite","@id":"https:\/\/ranoja.ee\/#website","url":"https:\/\/ranoja.ee\/","name":"Ranoja","description":"Equipment Shop WooCommerce WordPress Theme for Machine &amp; Tools","publisher":{"@id":"https:\/\/ranoja.ee\/#organization"},"potentialAction":[{"@type":"SearchAction","target":{"@type":"EntryPoint","urlTemplate":"https:\/\/ranoja.ee\/?s={search_term_string}"},"query-input":{"@type":"PropertyValueSpecification","valueRequired":true,"valueName":"search_term_string"}}],"inLanguage":"en-US"},{"@type":"Organization","@id":"https:\/\/ranoja.ee\/#organization","name":"Ranoja O\u00dc","url":"https:\/\/ranoja.ee\/","logo":{"@type":"ImageObject","inLanguage":"en-US","@id":"https:\/\/ranoja.ee\/#\/schema\/logo\/image\/","url":"https:\/\/ranoja.ee\/wp-content\/uploads\/2023\/11\/ranoja-Logo.png","contentUrl":"https:\/\/ranoja.ee\/wp-content\/uploads\/2023\/11\/ranoja-Logo.png","width":207,"height":58,"caption":"Ranoja O\u00dc"},"image":{"@id":"https:\/\/ranoja.ee\/#\/schema\/logo\/image\/"},"sameAs":["https:\/\/www.facebook.com\/ranoja.ee","https:\/\/www.instagram.com\/ranoja__\/"]}]}},"_links":{"self":[{"href":"https:\/\/ranoja.ee\/en\/wp-json\/wp\/v2\/product\/21050","targetHints":{"allow":["GET"]}}],"collection":[{"href":"https:\/\/ranoja.ee\/en\/wp-json\/wp\/v2\/product"}],"about":[{"href":"https:\/\/ranoja.ee\/en\/wp-json\/wp\/v2\/types\/product"}],"wp:featuredmedia":[{"embeddable":true,"href":"https:\/\/ranoja.ee\/en\/wp-json\/wp\/v2\/media\/21053"}],"wp:attachment":[{"href":"https:\/\/ranoja.ee\/en\/wp-json\/wp\/v2\/media?parent=21050"}],"wp:term":[{"taxonomy":"product_cat","embeddable":true,"href":"https:\/\/ranoja.ee\/en\/wp-json\/wp\/v2\/product_cat?post=21050"},{"taxonomy":"product_tag","embeddable":true,"href":"https:\/\/ranoja.ee\/en\/wp-json\/wp\/v2\/product_tag?post=21050"}],"curies":[{"name":"wp","href":"https:\/\/api.w.org\/{rel}","templated":true}]}}