{"id":21035,"date":"2025-09-15T17:09:14","date_gmt":"2025-09-15T14:09:14","guid":{"rendered":"https:\/\/ranoja.ee\/?post_type=product&#038;p=21035"},"modified":"2026-04-08T10:00:10","modified_gmt":"2026-04-08T07:00:10","slug":"lumepuhur-konner-sohnen-ks-mfm-sb-60","status":"publish","type":"product","link":"https:\/\/ranoja.ee\/en\/toode\/lumepuhur-konner-sohnen-ks-mfm-sb-60\/","title":{"rendered":"Lumepuhur K\u00f6nner &#038; S\u00f6hnen KS MFM-SB 60"},"content":{"rendered":"<p>Lumepuhur K\u00f6nner &#038; S\u00f6hnen KS MFM-SB 60<\/p>\n<p>Multifunktsionaalse masinaplokiga \u00fchilduv lumepuhur, mis muudab masinast t\u00f5husa ja mitmek\u00fclgse talvise koristusseadme. See on m\u00f5eldud kinnitamiseks KS 7HP-MFM 60, KS 7HP-MFM 80 ja KS 7HP-MFM 80E masinaplokile. Pakkudes efektiivset lahendust lume eemaldamiseks v\u00e4ikestelt ja keskmise suurusega pindadelt, nagu sisses\u00f5iduteed, k\u00f5nniteed, parkimisplatsid ja hoovialad.<\/p>\n<p>T\u00f6\u00f6tab kaheastmelise lumepuhurina: esmane kruvimehhanism l\u00f5ikab ja kogub lume, seej\u00e4rel suunatakse see ventilaatori abil v\u00e4ljaviigikraani kaudu eemale. V\u00e4ljaviske kaugus v\u00f5ib s\u00f5ltuvalt lume t\u00fc\u00fcbist ja niiskusest olla kuni 10 meetrit. Mis v\u00f5imaldab suunata lume sinna, kus see ei sega liiklust ega ohutust. Seadmel on p\u00f6\u00f6ratav v\u00e4ljavisketoru, umbes 190\u2013270\u00b0 reguleerimisulatusega, mida saab k\u00e4sitsi juhtida, et m\u00e4\u00e4rata lume viske suunda.<\/p>\n<p>Lumepuhuri t\u00f6\u00f6laius on 60 cm, mis tagab hea man\u00f6\u00f6verdusv\u00f5ime ka kitsamatel k\u00f5nniteedel, kuid katab piisava ala, et t\u00f6\u00f6 oleks kiire. Netokaal on umbes 21 kg, mis teeb seadmest stabiilse, kuid mitte liialt raske lisavarustuse. Paigaldamine on lihtne t\u00e4nu masinaplokile m\u00f5eldud standardkinnitustele \u2013 seade lukustatakse pedaali abil ning on vajadusel sama lihtsalt eemaldatav.<\/p>\n<p>KS MFM-SB 60 sobib ideaalselt kodukasutajatele ja v\u00e4iksematele majapidamistele, kus on vaja regulaarset lumekoristust, kuid ei soovita investeerida eraldiseisvasse lumepuhurisse. See v\u00f5imaldab multifunktsionaalse masinaplokiga t\u00f6\u00f6tada aastaringselt \u2013 suvel saab kasutada harja v\u00f5i tolmukasti, talvel lumepuhurit. Regulaarne hooldus mehhanismide puhastamine ja m\u00e4\u00e4rimine tagab seadme pika t\u00f6\u00f6ea.<\/p>\n<p>Lumepuhur K\u00f6nner &#038; S\u00f6hnen KS MFM-SB 60<\/p>\n","protected":false},"excerpt":{"rendered":"<p>Lumepuhur K\u00f6nner &#038; S\u00f6hnen KS MFM-SB 60<br \/>\nT\u00f6\u00f6 laius: 60cm<br \/>\nLume v\u00e4ljaviske kaugus: Kuni 10 meetrit<br \/>\nV\u00e4ljaviske toru reguleerimisulatusega: 190\u2013270\u00b0 mida saab k\u00e4sitsi juhtida<br \/>\nLumepuhur sobib multifunktsionaalsele masinaplokile KS 7HP-MFM 60, KS 7HP-MFM 80 ja KS 7HP-MFM 80E<br \/>\nKaal: 21<br \/>\n<strong>Eeldatav tarneaeg 1-7 t\u00f6\u00f6p\u00e4eva<\/strong><\/p>\n","protected":false},"featured_media":21038,"template":"","meta":{"inline_featured_image":false},"product_cat":[1090,1093],"product_tag":[1813,2196,2193,2197,2204,578,2194,2195],"class_list":{"0":"post-21035","1":"product","2":"type-product","3":"status-publish","4":"has-post-thumbnail","6":"product_brand-konner-sohnen","7":"product_cat-ehitustehnika","8":"product_cat-tanavapuhastusharjad","9":"product_tag-konner-sohnen","10":"product_tag-ks-7hp-mfm-60","11":"product_tag-ks-7hp-mfm-80","12":"product_tag-ks-7hp-mfm-80e","13":"product_tag-ks-mfm-sb-60","14":"product_tag-lumepuhur","15":"product_tag-multifunktsionaalne-masin","16":"product_tag-tanavapuhastusharjad","18":"first","19":"outofstock","20":"taxable","21":"shipping-taxable","22":"purchasable","23":"product-type-simple"},"yoast_head":"<!-- This site is optimized with the Yoast SEO plugin v27.4 - https:\/\/yoast.com\/product\/yoast-seo-wordpress\/ -->\n<title>Lumepuhur K\u00f6nner &amp; S\u00f6hnen KS MFM-SB 60<\/title>\n<meta name=\"description\" content=\"Lumepuhur K\u00f6nner &amp; S\u00f6hnen KS MFM-SB 60 Lumepuhuri v\u00e4ljaviske kaugus v\u00f5ib s\u00f5ltuvalt lume t\u00fc\u00fcbist ja niiskusest olla kuni 10 meetrit.\" \/>\n<meta name=\"robots\" content=\"index, follow, max-snippet:-1, max-image-preview:large, max-video-preview:-1\" \/>\n<link rel=\"canonical\" href=\"https:\/\/ranoja.ee\/toode\/lumepuhur-konner-sohnen-ks-mfm-sb-60\/\" \/>\n<meta property=\"og:locale\" content=\"en_US\" \/>\n<meta property=\"og:type\" content=\"article\" \/>\n<meta property=\"og:title\" content=\"Lumepuhur K\u00f6nner &amp; S\u00f6hnen KS MFM-SB 60\" \/>\n<meta property=\"og:description\" content=\"Lumepuhur K\u00f6nner &amp; S\u00f6hnen KS MFM-SB 60 Lumepuhuri v\u00e4ljaviske kaugus v\u00f5ib s\u00f5ltuvalt lume t\u00fc\u00fcbist ja niiskusest olla kuni 10 meetrit.\" \/>\n<meta property=\"og:url\" content=\"https:\/\/ranoja.ee\/toode\/lumepuhur-konner-sohnen-ks-mfm-sb-60\/\" \/>\n<meta property=\"og:site_name\" content=\"Ranoja\" \/>\n<meta property=\"article:publisher\" content=\"https:\/\/www.facebook.com\/ranoja.ee\" \/>\n<meta property=\"article:modified_time\" content=\"2026-04-08T07:00:10+00:00\" \/>\n<meta property=\"og:image\" content=\"https:\/\/ranoja.ee\/wp-content\/uploads\/2025\/09\/Multifunktsionaalne-masina-lumepuhur-Konner-Sohnen-KS-MFM-SB-60.webp\" \/>\n\t<meta property=\"og:image:width\" content=\"1000\" \/>\n\t<meta property=\"og:image:height\" content=\"792\" \/>\n\t<meta property=\"og:image:type\" content=\"image\/webp\" \/>\n<meta name=\"twitter:card\" content=\"summary_large_image\" \/>\n<meta name=\"twitter:label1\" content=\"Est. reading time\" \/>\n\t<meta name=\"twitter:data1\" content=\"2 minutes\" \/>\n<script type=\"application\/ld+json\" class=\"yoast-schema-graph\">{\"@context\":\"https:\\\/\\\/schema.org\",\"@graph\":[{\"@type\":\"WebPage\",\"@id\":\"https:\\\/\\\/ranoja.ee\\\/toode\\\/lumepuhur-konner-sohnen-ks-mfm-sb-60\\\/\",\"url\":\"https:\\\/\\\/ranoja.ee\\\/toode\\\/lumepuhur-konner-sohnen-ks-mfm-sb-60\\\/\",\"name\":\"Lumepuhur K\u00f6nner & S\u00f6hnen KS MFM-SB 60\",\"isPartOf\":{\"@id\":\"https:\\\/\\\/ranoja.ee\\\/#website\"},\"primaryImageOfPage\":{\"@id\":\"https:\\\/\\\/ranoja.ee\\\/toode\\\/lumepuhur-konner-sohnen-ks-mfm-sb-60\\\/#primaryimage\"},\"image\":{\"@id\":\"https:\\\/\\\/ranoja.ee\\\/toode\\\/lumepuhur-konner-sohnen-ks-mfm-sb-60\\\/#primaryimage\"},\"thumbnailUrl\":\"https:\\\/\\\/ranoja.ee\\\/wp-content\\\/uploads\\\/2025\\\/09\\\/Multifunktsionaalne-masina-lumepuhur-Konner-Sohnen-KS-MFM-SB-60.webp\",\"datePublished\":\"2025-09-15T14:09:14+00:00\",\"dateModified\":\"2026-04-08T07:00:10+00:00\",\"description\":\"Lumepuhur K\u00f6nner & S\u00f6hnen KS MFM-SB 60 Lumepuhuri v\u00e4ljaviske kaugus v\u00f5ib s\u00f5ltuvalt lume t\u00fc\u00fcbist ja niiskusest olla kuni 10 meetrit.\",\"breadcrumb\":{\"@id\":\"https:\\\/\\\/ranoja.ee\\\/toode\\\/lumepuhur-konner-sohnen-ks-mfm-sb-60\\\/#breadcrumb\"},\"inLanguage\":\"en-US\",\"potentialAction\":[{\"@type\":\"ReadAction\",\"target\":[\"https:\\\/\\\/ranoja.ee\\\/toode\\\/lumepuhur-konner-sohnen-ks-mfm-sb-60\\\/\"]}]},{\"@type\":\"ImageObject\",\"inLanguage\":\"en-US\",\"@id\":\"https:\\\/\\\/ranoja.ee\\\/toode\\\/lumepuhur-konner-sohnen-ks-mfm-sb-60\\\/#primaryimage\",\"url\":\"https:\\\/\\\/ranoja.ee\\\/wp-content\\\/uploads\\\/2025\\\/09\\\/Multifunktsionaalne-masina-lumepuhur-Konner-Sohnen-KS-MFM-SB-60.webp\",\"contentUrl\":\"https:\\\/\\\/ranoja.ee\\\/wp-content\\\/uploads\\\/2025\\\/09\\\/Multifunktsionaalne-masina-lumepuhur-Konner-Sohnen-KS-MFM-SB-60.webp\",\"width\":1000,\"height\":792,\"caption\":\"Multifunktsionaalne masina lumepuhur K\u00f6nner & S\u00f6hnen KS MFM-SB 60\"},{\"@type\":\"BreadcrumbList\",\"@id\":\"https:\\\/\\\/ranoja.ee\\\/toode\\\/lumepuhur-konner-sohnen-ks-mfm-sb-60\\\/#breadcrumb\",\"itemListElement\":[{\"@type\":\"ListItem\",\"position\":1,\"name\":\"Home\",\"item\":\"https:\\\/\\\/ranoja.ee\\\/\"},{\"@type\":\"ListItem\",\"position\":2,\"name\":\"Shop\",\"item\":\"https:\\\/\\\/ranoja.ee\\\/en\\\/shop\\\/\"},{\"@type\":\"ListItem\",\"position\":3,\"name\":\"Lumepuhur K\u00f6nner &#038; S\u00f6hnen KS MFM-SB 60\"}]},{\"@type\":\"WebSite\",\"@id\":\"https:\\\/\\\/ranoja.ee\\\/#website\",\"url\":\"https:\\\/\\\/ranoja.ee\\\/\",\"name\":\"Ranoja\",\"description\":\"Equipment Shop WooCommerce WordPress Theme for Machine &amp; Tools\",\"publisher\":{\"@id\":\"https:\\\/\\\/ranoja.ee\\\/#organization\"},\"potentialAction\":[{\"@type\":\"SearchAction\",\"target\":{\"@type\":\"EntryPoint\",\"urlTemplate\":\"https:\\\/\\\/ranoja.ee\\\/?s={search_term_string}\"},\"query-input\":{\"@type\":\"PropertyValueSpecification\",\"valueRequired\":true,\"valueName\":\"search_term_string\"}}],\"inLanguage\":\"en-US\"},{\"@type\":\"Organization\",\"@id\":\"https:\\\/\\\/ranoja.ee\\\/#organization\",\"name\":\"Ranoja O\u00dc\",\"url\":\"https:\\\/\\\/ranoja.ee\\\/\",\"logo\":{\"@type\":\"ImageObject\",\"inLanguage\":\"en-US\",\"@id\":\"https:\\\/\\\/ranoja.ee\\\/#\\\/schema\\\/logo\\\/image\\\/\",\"url\":\"https:\\\/\\\/ranoja.ee\\\/wp-content\\\/uploads\\\/2023\\\/11\\\/ranoja-Logo.png\",\"contentUrl\":\"https:\\\/\\\/ranoja.ee\\\/wp-content\\\/uploads\\\/2023\\\/11\\\/ranoja-Logo.png\",\"width\":207,\"height\":58,\"caption\":\"Ranoja O\u00dc\"},\"image\":{\"@id\":\"https:\\\/\\\/ranoja.ee\\\/#\\\/schema\\\/logo\\\/image\\\/\"},\"sameAs\":[\"https:\\\/\\\/www.facebook.com\\\/ranoja.ee\",\"https:\\\/\\\/www.instagram.com\\\/ranoja__\\\/\"]}]}<\/script>\n<!-- \/ Yoast SEO plugin. -->","yoast_head_json":{"title":"Lumepuhur K\u00f6nner & S\u00f6hnen KS MFM-SB 60","description":"Lumepuhur K\u00f6nner & S\u00f6hnen KS MFM-SB 60 Lumepuhuri v\u00e4ljaviske kaugus v\u00f5ib s\u00f5ltuvalt lume t\u00fc\u00fcbist ja niiskusest olla kuni 10 meetrit.","robots":{"index":"index","follow":"follow","max-snippet":"max-snippet:-1","max-image-preview":"max-image-preview:large","max-video-preview":"max-video-preview:-1"},"canonical":"https:\/\/ranoja.ee\/toode\/lumepuhur-konner-sohnen-ks-mfm-sb-60\/","og_locale":"en_US","og_type":"article","og_title":"Lumepuhur K\u00f6nner & S\u00f6hnen KS MFM-SB 60","og_description":"Lumepuhur K\u00f6nner & S\u00f6hnen KS MFM-SB 60 Lumepuhuri v\u00e4ljaviske kaugus v\u00f5ib s\u00f5ltuvalt lume t\u00fc\u00fcbist ja niiskusest olla kuni 10 meetrit.","og_url":"https:\/\/ranoja.ee\/toode\/lumepuhur-konner-sohnen-ks-mfm-sb-60\/","og_site_name":"Ranoja","article_publisher":"https:\/\/www.facebook.com\/ranoja.ee","article_modified_time":"2026-04-08T07:00:10+00:00","og_image":[{"width":1000,"height":792,"url":"https:\/\/ranoja.ee\/wp-content\/uploads\/2025\/09\/Multifunktsionaalne-masina-lumepuhur-Konner-Sohnen-KS-MFM-SB-60.webp","type":"image\/webp"}],"twitter_card":"summary_large_image","twitter_misc":{"Est. reading time":"2 minutes"},"schema":{"@context":"https:\/\/schema.org","@graph":[{"@type":"WebPage","@id":"https:\/\/ranoja.ee\/toode\/lumepuhur-konner-sohnen-ks-mfm-sb-60\/","url":"https:\/\/ranoja.ee\/toode\/lumepuhur-konner-sohnen-ks-mfm-sb-60\/","name":"Lumepuhur K\u00f6nner & S\u00f6hnen KS MFM-SB 60","isPartOf":{"@id":"https:\/\/ranoja.ee\/#website"},"primaryImageOfPage":{"@id":"https:\/\/ranoja.ee\/toode\/lumepuhur-konner-sohnen-ks-mfm-sb-60\/#primaryimage"},"image":{"@id":"https:\/\/ranoja.ee\/toode\/lumepuhur-konner-sohnen-ks-mfm-sb-60\/#primaryimage"},"thumbnailUrl":"https:\/\/ranoja.ee\/wp-content\/uploads\/2025\/09\/Multifunktsionaalne-masina-lumepuhur-Konner-Sohnen-KS-MFM-SB-60.webp","datePublished":"2025-09-15T14:09:14+00:00","dateModified":"2026-04-08T07:00:10+00:00","description":"Lumepuhur K\u00f6nner & S\u00f6hnen KS MFM-SB 60 Lumepuhuri v\u00e4ljaviske kaugus v\u00f5ib s\u00f5ltuvalt lume t\u00fc\u00fcbist ja niiskusest olla kuni 10 meetrit.","breadcrumb":{"@id":"https:\/\/ranoja.ee\/toode\/lumepuhur-konner-sohnen-ks-mfm-sb-60\/#breadcrumb"},"inLanguage":"en-US","potentialAction":[{"@type":"ReadAction","target":["https:\/\/ranoja.ee\/toode\/lumepuhur-konner-sohnen-ks-mfm-sb-60\/"]}]},{"@type":"ImageObject","inLanguage":"en-US","@id":"https:\/\/ranoja.ee\/toode\/lumepuhur-konner-sohnen-ks-mfm-sb-60\/#primaryimage","url":"https:\/\/ranoja.ee\/wp-content\/uploads\/2025\/09\/Multifunktsionaalne-masina-lumepuhur-Konner-Sohnen-KS-MFM-SB-60.webp","contentUrl":"https:\/\/ranoja.ee\/wp-content\/uploads\/2025\/09\/Multifunktsionaalne-masina-lumepuhur-Konner-Sohnen-KS-MFM-SB-60.webp","width":1000,"height":792,"caption":"Multifunktsionaalne masina lumepuhur K\u00f6nner & S\u00f6hnen KS MFM-SB 60"},{"@type":"BreadcrumbList","@id":"https:\/\/ranoja.ee\/toode\/lumepuhur-konner-sohnen-ks-mfm-sb-60\/#breadcrumb","itemListElement":[{"@type":"ListItem","position":1,"name":"Home","item":"https:\/\/ranoja.ee\/"},{"@type":"ListItem","position":2,"name":"Shop","item":"https:\/\/ranoja.ee\/en\/shop\/"},{"@type":"ListItem","position":3,"name":"Lumepuhur K\u00f6nner &#038; S\u00f6hnen KS MFM-SB 60"}]},{"@type":"WebSite","@id":"https:\/\/ranoja.ee\/#website","url":"https:\/\/ranoja.ee\/","name":"Ranoja","description":"Equipment Shop WooCommerce WordPress Theme for Machine &amp; Tools","publisher":{"@id":"https:\/\/ranoja.ee\/#organization"},"potentialAction":[{"@type":"SearchAction","target":{"@type":"EntryPoint","urlTemplate":"https:\/\/ranoja.ee\/?s={search_term_string}"},"query-input":{"@type":"PropertyValueSpecification","valueRequired":true,"valueName":"search_term_string"}}],"inLanguage":"en-US"},{"@type":"Organization","@id":"https:\/\/ranoja.ee\/#organization","name":"Ranoja O\u00dc","url":"https:\/\/ranoja.ee\/","logo":{"@type":"ImageObject","inLanguage":"en-US","@id":"https:\/\/ranoja.ee\/#\/schema\/logo\/image\/","url":"https:\/\/ranoja.ee\/wp-content\/uploads\/2023\/11\/ranoja-Logo.png","contentUrl":"https:\/\/ranoja.ee\/wp-content\/uploads\/2023\/11\/ranoja-Logo.png","width":207,"height":58,"caption":"Ranoja O\u00dc"},"image":{"@id":"https:\/\/ranoja.ee\/#\/schema\/logo\/image\/"},"sameAs":["https:\/\/www.facebook.com\/ranoja.ee","https:\/\/www.instagram.com\/ranoja__\/"]}]}},"_links":{"self":[{"href":"https:\/\/ranoja.ee\/en\/wp-json\/wp\/v2\/product\/21035","targetHints":{"allow":["GET"]}}],"collection":[{"href":"https:\/\/ranoja.ee\/en\/wp-json\/wp\/v2\/product"}],"about":[{"href":"https:\/\/ranoja.ee\/en\/wp-json\/wp\/v2\/types\/product"}],"wp:featuredmedia":[{"embeddable":true,"href":"https:\/\/ranoja.ee\/en\/wp-json\/wp\/v2\/media\/21038"}],"wp:attachment":[{"href":"https:\/\/ranoja.ee\/en\/wp-json\/wp\/v2\/media?parent=21035"}],"wp:term":[{"taxonomy":"product_cat","embeddable":true,"href":"https:\/\/ranoja.ee\/en\/wp-json\/wp\/v2\/product_cat?post=21035"},{"taxonomy":"product_tag","embeddable":true,"href":"https:\/\/ranoja.ee\/en\/wp-json\/wp\/v2\/product_tag?post=21035"}],"curies":[{"name":"wp","href":"https:\/\/api.w.org\/{rel}","templated":true}]}}