{"id":21025,"date":"2025-09-15T16:22:18","date_gmt":"2025-09-15T13:22:18","guid":{"rendered":"https:\/\/ranoja.ee\/?post_type=product&#038;p=21025"},"modified":"2026-04-08T10:00:10","modified_gmt":"2026-04-08T07:00:10","slug":"mustusekoguja-konner-sohnen-ks-mfm-db-60","status":"publish","type":"product","link":"https:\/\/ranoja.ee\/en\/toode\/mustusekoguja-konner-sohnen-ks-mfm-db-60\/","title":{"rendered":"Mustusekoguja K\u00f6nner &#038; S\u00f6hnen KS MFM-DB 60"},"content":{"rendered":"<p>Mustusekoguja K\u00f6nner &#038; S\u00f6hnen KS MFM-DB 60<\/p>\n<p>K\u00f6nner &#038; S\u00f6hnen KS MFM-DB 60 on praktiline tolmu- ja prahikonteiner, mis on m\u00f5eldud kasutamiseks koos multifunktsionaalsete masinatega, eelk\u00f5ige mudeliga KS 7HP-MFM 60. See lisaseade kinnitatakse masina p\u00fchkimisharjade ette ning v\u00f5imaldab t\u00f5husalt koguda tolmu, liiva, lehti ja muud kerget pr\u00fcgi, mis harjamise k\u00e4igus lahti l\u00fckatakse. Selle tulemusel j\u00e4\u00e4b pind puhtamaks ja \u00f5hku paiskub oluliselt v\u00e4hem tolmu, mis teeb t\u00f6\u00f6 keskkonnas\u00f5bralikumaks ja mugavamaks.<\/p>\n<p>KS MFM-DB 60 t\u00f6\u00f6ala on 60 cm lai. Mis on sobiv kodu- ja v\u00e4iksemate kommertspindade hooldamiseks \u2013 k\u00f5nniteed, parklad, garaa\u017eid, hoovialad ja tootmisp\u00f5randad. Konteiner on valmistatud vastupidavatest materjalidest ning varustatud 360\u00b0 p\u00f6\u00f6rlevate ratastega. Mis v\u00f5imaldavad kerget man\u00f6\u00f6verdamist ja \u00fchtlast liikumist ka eba\u00fchtlastel pindadel. Kompaktne disain ja v\u00e4ike kaal (umbes 6,6 kg) muudavad selle lihtsalt paigaldatavaks ja eemaldatavaks.<\/p>\n<p>Seade sobib ideaalselt regulaarseks koristamiseks. Kus on vaja kiiresti ja efektiivselt eemaldada mustust, ilma et see laiali lendaks. Konteiner aitab s\u00e4\u00e4sta t\u00f6\u00f6aega, kuna v\u00e4hendab vajadust k\u00e4sitsi kokku p\u00fchkimise ja prahi kogumise j\u00e4rele.<\/p>\n<p>KS MFM-DB 60 ei ole m\u00f5eldud v\u00e4ga raskete esemete ega suure hulga j\u00e4\u00e4tmete kogumiseks, kuid igap\u00e4evases kasutuses on see suurep\u00e4rane t\u00e4iendus multifunktsionaalsele masinale, muutes selle t\u00f6\u00f6 veelgi mitmek\u00fclgsemaks ja efektiivsemaks.<\/p>\n<p>Mustusekoguja K\u00f6nner &#038; S\u00f6hnen KS MFM-DB 60<\/p>\n","protected":false},"excerpt":{"rendered":"<p>Mustusekoguja K\u00f6nner &#038; S\u00f6hnen KS MFM-DB 60<br \/>\nT\u00f6\u00f6 laius: 60 cm<br \/>\nKoguja sobib multifunktsionaalsele masinaplokile KS 7HP-MFM 60<br \/>\nKaal: 6.6<br \/>\n<strong>Eeldatav tarneaeg 1-7 t\u00f6\u00f6p\u00e4eva<\/strong><\/p>\n","protected":false},"featured_media":21028,"template":"","meta":{"inline_featured_image":false},"product_cat":[1090,1093],"product_tag":[1813,2196,2202,2194,2195],"class_list":{"0":"post-21025","1":"product","2":"type-product","3":"status-publish","4":"has-post-thumbnail","6":"product_brand-konner-sohnen","7":"product_cat-ehitustehnika","8":"product_cat-tanavapuhastusharjad","9":"product_tag-konner-sohnen","10":"product_tag-ks-7hp-mfm-60","11":"product_tag-ks-mfm-db-60","12":"product_tag-multifunktsionaalne-masin","13":"product_tag-tanavapuhastusharjad","15":"first","16":"outofstock","17":"taxable","18":"shipping-taxable","19":"purchasable","20":"product-type-simple"},"yoast_head":"<!-- This site is optimized with the Yoast SEO plugin v27.4 - https:\/\/yoast.com\/product\/yoast-seo-wordpress\/ -->\n<title>Mustusekoguja K\u00f6nner &amp; S\u00f6hnen KS MFM-DB 60<\/title>\n<meta name=\"description\" content=\"Mustusekoguja K\u00f6nner &amp; S\u00f6hnen KS MFM-DB 60 Mustusekoguja on valmistatud vastupidavatest materjalidest ning varustatud 360\u00b0 p\u00f6\u00f6rlevate ratastega.\" \/>\n<meta name=\"robots\" content=\"index, follow, max-snippet:-1, max-image-preview:large, max-video-preview:-1\" \/>\n<link rel=\"canonical\" href=\"https:\/\/ranoja.ee\/toode\/mustusekoguja-konner-sohnen-ks-mfm-db-60\/\" \/>\n<meta property=\"og:locale\" content=\"en_US\" \/>\n<meta property=\"og:type\" content=\"article\" \/>\n<meta property=\"og:title\" content=\"Mustusekoguja K\u00f6nner &amp; S\u00f6hnen KS MFM-DB 60\" \/>\n<meta property=\"og:description\" content=\"Mustusekoguja K\u00f6nner &amp; S\u00f6hnen KS MFM-DB 60 Mustusekoguja on valmistatud vastupidavatest materjalidest ning varustatud 360\u00b0 p\u00f6\u00f6rlevate ratastega.\" \/>\n<meta property=\"og:url\" content=\"https:\/\/ranoja.ee\/toode\/mustusekoguja-konner-sohnen-ks-mfm-db-60\/\" \/>\n<meta property=\"og:site_name\" content=\"Ranoja\" \/>\n<meta property=\"article:publisher\" content=\"https:\/\/www.facebook.com\/ranoja.ee\" \/>\n<meta property=\"article:modified_time\" content=\"2026-04-08T07:00:10+00:00\" \/>\n<meta property=\"og:image\" content=\"https:\/\/ranoja.ee\/wp-content\/uploads\/2025\/09\/Multifunktsionaalne-masina-koguja-Konner-Sohnen-KS-MFM-DB-60.webp\" \/>\n\t<meta property=\"og:image:width\" content=\"1000\" \/>\n\t<meta property=\"og:image:height\" content=\"792\" \/>\n\t<meta property=\"og:image:type\" content=\"image\/webp\" \/>\n<meta name=\"twitter:card\" content=\"summary_large_image\" \/>\n<meta name=\"twitter:label1\" content=\"Est. reading time\" \/>\n\t<meta name=\"twitter:data1\" content=\"2 minutes\" \/>\n<script type=\"application\/ld+json\" class=\"yoast-schema-graph\">{\"@context\":\"https:\\\/\\\/schema.org\",\"@graph\":[{\"@type\":\"WebPage\",\"@id\":\"https:\\\/\\\/ranoja.ee\\\/toode\\\/mustusekoguja-konner-sohnen-ks-mfm-db-60\\\/\",\"url\":\"https:\\\/\\\/ranoja.ee\\\/toode\\\/mustusekoguja-konner-sohnen-ks-mfm-db-60\\\/\",\"name\":\"Mustusekoguja K\u00f6nner & S\u00f6hnen KS MFM-DB 60\",\"isPartOf\":{\"@id\":\"https:\\\/\\\/ranoja.ee\\\/#website\"},\"primaryImageOfPage\":{\"@id\":\"https:\\\/\\\/ranoja.ee\\\/toode\\\/mustusekoguja-konner-sohnen-ks-mfm-db-60\\\/#primaryimage\"},\"image\":{\"@id\":\"https:\\\/\\\/ranoja.ee\\\/toode\\\/mustusekoguja-konner-sohnen-ks-mfm-db-60\\\/#primaryimage\"},\"thumbnailUrl\":\"https:\\\/\\\/ranoja.ee\\\/wp-content\\\/uploads\\\/2025\\\/09\\\/Multifunktsionaalne-masina-koguja-Konner-Sohnen-KS-MFM-DB-60.webp\",\"datePublished\":\"2025-09-15T13:22:18+00:00\",\"dateModified\":\"2026-04-08T07:00:10+00:00\",\"description\":\"Mustusekoguja K\u00f6nner & S\u00f6hnen KS MFM-DB 60 Mustusekoguja on valmistatud vastupidavatest materjalidest ning varustatud 360\u00b0 p\u00f6\u00f6rlevate ratastega.\",\"breadcrumb\":{\"@id\":\"https:\\\/\\\/ranoja.ee\\\/toode\\\/mustusekoguja-konner-sohnen-ks-mfm-db-60\\\/#breadcrumb\"},\"inLanguage\":\"en-US\",\"potentialAction\":[{\"@type\":\"ReadAction\",\"target\":[\"https:\\\/\\\/ranoja.ee\\\/toode\\\/mustusekoguja-konner-sohnen-ks-mfm-db-60\\\/\"]}]},{\"@type\":\"ImageObject\",\"inLanguage\":\"en-US\",\"@id\":\"https:\\\/\\\/ranoja.ee\\\/toode\\\/mustusekoguja-konner-sohnen-ks-mfm-db-60\\\/#primaryimage\",\"url\":\"https:\\\/\\\/ranoja.ee\\\/wp-content\\\/uploads\\\/2025\\\/09\\\/Multifunktsionaalne-masina-koguja-Konner-Sohnen-KS-MFM-DB-60.webp\",\"contentUrl\":\"https:\\\/\\\/ranoja.ee\\\/wp-content\\\/uploads\\\/2025\\\/09\\\/Multifunktsionaalne-masina-koguja-Konner-Sohnen-KS-MFM-DB-60.webp\",\"width\":1000,\"height\":792,\"caption\":\"Multifunktsionaalne masina koguja K\u00f6nner & S\u00f6hnen KS MFM-DB 60\"},{\"@type\":\"BreadcrumbList\",\"@id\":\"https:\\\/\\\/ranoja.ee\\\/toode\\\/mustusekoguja-konner-sohnen-ks-mfm-db-60\\\/#breadcrumb\",\"itemListElement\":[{\"@type\":\"ListItem\",\"position\":1,\"name\":\"Home\",\"item\":\"https:\\\/\\\/ranoja.ee\\\/\"},{\"@type\":\"ListItem\",\"position\":2,\"name\":\"Shop\",\"item\":\"https:\\\/\\\/ranoja.ee\\\/en\\\/shop\\\/\"},{\"@type\":\"ListItem\",\"position\":3,\"name\":\"Mustusekoguja K\u00f6nner &#038; S\u00f6hnen KS MFM-DB 60\"}]},{\"@type\":\"WebSite\",\"@id\":\"https:\\\/\\\/ranoja.ee\\\/#website\",\"url\":\"https:\\\/\\\/ranoja.ee\\\/\",\"name\":\"Ranoja\",\"description\":\"Equipment Shop WooCommerce WordPress Theme for Machine &amp; Tools\",\"publisher\":{\"@id\":\"https:\\\/\\\/ranoja.ee\\\/#organization\"},\"potentialAction\":[{\"@type\":\"SearchAction\",\"target\":{\"@type\":\"EntryPoint\",\"urlTemplate\":\"https:\\\/\\\/ranoja.ee\\\/?s={search_term_string}\"},\"query-input\":{\"@type\":\"PropertyValueSpecification\",\"valueRequired\":true,\"valueName\":\"search_term_string\"}}],\"inLanguage\":\"en-US\"},{\"@type\":\"Organization\",\"@id\":\"https:\\\/\\\/ranoja.ee\\\/#organization\",\"name\":\"Ranoja O\u00dc\",\"url\":\"https:\\\/\\\/ranoja.ee\\\/\",\"logo\":{\"@type\":\"ImageObject\",\"inLanguage\":\"en-US\",\"@id\":\"https:\\\/\\\/ranoja.ee\\\/#\\\/schema\\\/logo\\\/image\\\/\",\"url\":\"https:\\\/\\\/ranoja.ee\\\/wp-content\\\/uploads\\\/2023\\\/11\\\/ranoja-Logo.png\",\"contentUrl\":\"https:\\\/\\\/ranoja.ee\\\/wp-content\\\/uploads\\\/2023\\\/11\\\/ranoja-Logo.png\",\"width\":207,\"height\":58,\"caption\":\"Ranoja O\u00dc\"},\"image\":{\"@id\":\"https:\\\/\\\/ranoja.ee\\\/#\\\/schema\\\/logo\\\/image\\\/\"},\"sameAs\":[\"https:\\\/\\\/www.facebook.com\\\/ranoja.ee\",\"https:\\\/\\\/www.instagram.com\\\/ranoja__\\\/\"]}]}<\/script>\n<!-- \/ Yoast SEO plugin. -->","yoast_head_json":{"title":"Mustusekoguja K\u00f6nner & S\u00f6hnen KS MFM-DB 60","description":"Mustusekoguja K\u00f6nner & S\u00f6hnen KS MFM-DB 60 Mustusekoguja on valmistatud vastupidavatest materjalidest ning varustatud 360\u00b0 p\u00f6\u00f6rlevate ratastega.","robots":{"index":"index","follow":"follow","max-snippet":"max-snippet:-1","max-image-preview":"max-image-preview:large","max-video-preview":"max-video-preview:-1"},"canonical":"https:\/\/ranoja.ee\/toode\/mustusekoguja-konner-sohnen-ks-mfm-db-60\/","og_locale":"en_US","og_type":"article","og_title":"Mustusekoguja K\u00f6nner & S\u00f6hnen KS MFM-DB 60","og_description":"Mustusekoguja K\u00f6nner & S\u00f6hnen KS MFM-DB 60 Mustusekoguja on valmistatud vastupidavatest materjalidest ning varustatud 360\u00b0 p\u00f6\u00f6rlevate ratastega.","og_url":"https:\/\/ranoja.ee\/toode\/mustusekoguja-konner-sohnen-ks-mfm-db-60\/","og_site_name":"Ranoja","article_publisher":"https:\/\/www.facebook.com\/ranoja.ee","article_modified_time":"2026-04-08T07:00:10+00:00","og_image":[{"width":1000,"height":792,"url":"https:\/\/ranoja.ee\/wp-content\/uploads\/2025\/09\/Multifunktsionaalne-masina-koguja-Konner-Sohnen-KS-MFM-DB-60.webp","type":"image\/webp"}],"twitter_card":"summary_large_image","twitter_misc":{"Est. reading time":"2 minutes"},"schema":{"@context":"https:\/\/schema.org","@graph":[{"@type":"WebPage","@id":"https:\/\/ranoja.ee\/toode\/mustusekoguja-konner-sohnen-ks-mfm-db-60\/","url":"https:\/\/ranoja.ee\/toode\/mustusekoguja-konner-sohnen-ks-mfm-db-60\/","name":"Mustusekoguja K\u00f6nner & S\u00f6hnen KS MFM-DB 60","isPartOf":{"@id":"https:\/\/ranoja.ee\/#website"},"primaryImageOfPage":{"@id":"https:\/\/ranoja.ee\/toode\/mustusekoguja-konner-sohnen-ks-mfm-db-60\/#primaryimage"},"image":{"@id":"https:\/\/ranoja.ee\/toode\/mustusekoguja-konner-sohnen-ks-mfm-db-60\/#primaryimage"},"thumbnailUrl":"https:\/\/ranoja.ee\/wp-content\/uploads\/2025\/09\/Multifunktsionaalne-masina-koguja-Konner-Sohnen-KS-MFM-DB-60.webp","datePublished":"2025-09-15T13:22:18+00:00","dateModified":"2026-04-08T07:00:10+00:00","description":"Mustusekoguja K\u00f6nner & S\u00f6hnen KS MFM-DB 60 Mustusekoguja on valmistatud vastupidavatest materjalidest ning varustatud 360\u00b0 p\u00f6\u00f6rlevate ratastega.","breadcrumb":{"@id":"https:\/\/ranoja.ee\/toode\/mustusekoguja-konner-sohnen-ks-mfm-db-60\/#breadcrumb"},"inLanguage":"en-US","potentialAction":[{"@type":"ReadAction","target":["https:\/\/ranoja.ee\/toode\/mustusekoguja-konner-sohnen-ks-mfm-db-60\/"]}]},{"@type":"ImageObject","inLanguage":"en-US","@id":"https:\/\/ranoja.ee\/toode\/mustusekoguja-konner-sohnen-ks-mfm-db-60\/#primaryimage","url":"https:\/\/ranoja.ee\/wp-content\/uploads\/2025\/09\/Multifunktsionaalne-masina-koguja-Konner-Sohnen-KS-MFM-DB-60.webp","contentUrl":"https:\/\/ranoja.ee\/wp-content\/uploads\/2025\/09\/Multifunktsionaalne-masina-koguja-Konner-Sohnen-KS-MFM-DB-60.webp","width":1000,"height":792,"caption":"Multifunktsionaalne masina koguja K\u00f6nner & S\u00f6hnen KS MFM-DB 60"},{"@type":"BreadcrumbList","@id":"https:\/\/ranoja.ee\/toode\/mustusekoguja-konner-sohnen-ks-mfm-db-60\/#breadcrumb","itemListElement":[{"@type":"ListItem","position":1,"name":"Home","item":"https:\/\/ranoja.ee\/"},{"@type":"ListItem","position":2,"name":"Shop","item":"https:\/\/ranoja.ee\/en\/shop\/"},{"@type":"ListItem","position":3,"name":"Mustusekoguja K\u00f6nner &#038; S\u00f6hnen KS MFM-DB 60"}]},{"@type":"WebSite","@id":"https:\/\/ranoja.ee\/#website","url":"https:\/\/ranoja.ee\/","name":"Ranoja","description":"Equipment Shop WooCommerce WordPress Theme for Machine &amp; Tools","publisher":{"@id":"https:\/\/ranoja.ee\/#organization"},"potentialAction":[{"@type":"SearchAction","target":{"@type":"EntryPoint","urlTemplate":"https:\/\/ranoja.ee\/?s={search_term_string}"},"query-input":{"@type":"PropertyValueSpecification","valueRequired":true,"valueName":"search_term_string"}}],"inLanguage":"en-US"},{"@type":"Organization","@id":"https:\/\/ranoja.ee\/#organization","name":"Ranoja O\u00dc","url":"https:\/\/ranoja.ee\/","logo":{"@type":"ImageObject","inLanguage":"en-US","@id":"https:\/\/ranoja.ee\/#\/schema\/logo\/image\/","url":"https:\/\/ranoja.ee\/wp-content\/uploads\/2023\/11\/ranoja-Logo.png","contentUrl":"https:\/\/ranoja.ee\/wp-content\/uploads\/2023\/11\/ranoja-Logo.png","width":207,"height":58,"caption":"Ranoja O\u00dc"},"image":{"@id":"https:\/\/ranoja.ee\/#\/schema\/logo\/image\/"},"sameAs":["https:\/\/www.facebook.com\/ranoja.ee","https:\/\/www.instagram.com\/ranoja__\/"]}]}},"_links":{"self":[{"href":"https:\/\/ranoja.ee\/en\/wp-json\/wp\/v2\/product\/21025","targetHints":{"allow":["GET"]}}],"collection":[{"href":"https:\/\/ranoja.ee\/en\/wp-json\/wp\/v2\/product"}],"about":[{"href":"https:\/\/ranoja.ee\/en\/wp-json\/wp\/v2\/types\/product"}],"wp:featuredmedia":[{"embeddable":true,"href":"https:\/\/ranoja.ee\/en\/wp-json\/wp\/v2\/media\/21028"}],"wp:attachment":[{"href":"https:\/\/ranoja.ee\/en\/wp-json\/wp\/v2\/media?parent=21025"}],"wp:term":[{"taxonomy":"product_cat","embeddable":true,"href":"https:\/\/ranoja.ee\/en\/wp-json\/wp\/v2\/product_cat?post=21025"},{"taxonomy":"product_tag","embeddable":true,"href":"https:\/\/ranoja.ee\/en\/wp-json\/wp\/v2\/product_tag?post=21025"}],"curies":[{"name":"wp","href":"https:\/\/api.w.org\/{rel}","templated":true}]}}