{"id":21017,"date":"2025-09-12T15:36:06","date_gmt":"2025-09-12T12:36:06","guid":{"rendered":"https:\/\/ranoja.ee\/?post_type=product&#038;p=21017"},"modified":"2026-04-08T10:00:10","modified_gmt":"2026-04-08T07:00:10","slug":"multifunktsionaalne-masina-sahk-konner-sohnen-ks-mfm-ss-80","status":"publish","type":"product","link":"https:\/\/ranoja.ee\/en\/toode\/multifunktsionaalne-masina-sahk-konner-sohnen-ks-mfm-ss-80\/","title":{"rendered":"Multifunktsionaalne masina sahk K\u00f6nner &#038; S\u00f6hnen KS MFM-SS 80"},"content":{"rendered":"<p>Multifunktsionaalne masina sahk K\u00f6nner &#038; S\u00f6hnen KS MFM-SS 80<\/p>\n<p>KS MFM-SS 80 on sahk lisaseade K\u00f6nner &#038; S\u00f6hnen multifunktsionaalsele masinaplokile. See sahk on m\u00f5eldud pehmemate materjalide, nt lumi, liiv, sodi jne l\u00fckkamiseks. L\u00fchemaks nihutamiseks, pindade puhastamiseks ja tasandamiseks, kus pole vaja murda j\u00e4\u00e4d v\u00f5i lund. Konstruktsioon on lihtne, tugev ja kasutajas\u00f5bralik.<\/p>\n<p>Tehnilised andmed:<\/p>\n<p>T\u00f6\u00f6tamis-laius: 80 cm, mis v\u00f5imaldab katta suhteliselt laia ala korraga.<br \/>\nNetokaal: 9.8 kg.<br \/>\nSaha m\u00f5\u00f5tmed (L \u00d7 W \u00d7 H): ligikaudu 800 \u00d7 100 \u00d7 445 mm.<\/p>\n<p>Sahk on valmistatud robustselt, et see taluks t\u00f6\u00f6koormust, milleks on lume, liiva v\u00f5i muu kerge materjali liigutamine. Disainis on eeldatavasti olemas kinnituspunktid multifunktsionaalsele masinaplokile KS 7HP-MFM 80E. Mis v\u00f5imaldab saha kiiresti ja kindlalt paigaldada ning vajadusel vahetada ka teiste lisade vastu. <\/p>\n<p>KS MFM-SS 80 sobib h\u00e4sti j\u00e4rgnevates olukordades ja tingimustes:<\/p>\n<p>Multifunktsionaalne t\u00f6\u00f6riist \u2013 ideaalne siis, kui sul on v\u00f5i plaanid omada K\u00f6nner &#038; S\u00f6hnen multifunktsiooniplokki KS 7HP-MFM 80E. Ja soovid kasutada masinat aasta-ringi mitme otstarbega. Sahk on \u00fcks lisavarustus, mis laiendab masina v\u00f5imalusi. <\/p>\n<p>Lume eemaldamine ja puhastamine \u2013 v\u00e4rske lumi, kerge lumevaip, k\u00f5nniteed, sisses\u00f5iduteed, platsid. Sobib h\u00e4sti pehmemates tingimustes, kus lumi ei ole j\u00e4\u00e4tunud v\u00f5i kive t\u00e4is.<\/p>\n<p>Liiva ja v\u00e4ikeste materjalide liigutamine \u2013 nt liivapuhastus, sodi koristamine, kruntide ettevalmistamine v\u00f5i tasandamine kerge pinnasega.<\/p>\n<p>Kodune\/aiakasutus ja v\u00e4iksemad alad \u2013 sahk ei ole v\u00e4ga raske ega suur, kaasas kandes ja vahetades sobib h\u00e4sti koduseks kasutamiseks. Kui kasutad multifunktsioonimasinat v\u00e4iksemate t\u00f6\u00f6de jaoks.<\/p>\n<p>Multifunktsionaalne masina sahk K\u00f6nner &#038; S\u00f6hnen KS MFM-SS 80<\/p>\n","protected":false},"excerpt":{"rendered":"<p>Multifunktsionaalne masina sahk K\u00f6nner &#038; S\u00f6hnen KS MFM-SS 80<br \/>\nT\u00f6\u00f6 laius: 80 cm<br \/>\nM\u00f5\u00f5tmed (L \u00d7 K \u00d7 S): 800 \u00d7 100 \u00d7 445 mm<br \/>\nSahk sobib multifunktsionaalsele masinaplokile KS 7HP-MFM 80E ja KS 7HP-MFM 80<br \/>\nKaal: 9.8<br \/>\n<strong>Eeldatav tarneaeg 1-7 t\u00f6\u00f6p\u00e4eva<\/strong><\/p>\n","protected":false},"featured_media":21020,"template":"","meta":{"inline_featured_image":false},"product_cat":[1090,1093],"product_tag":[1813,2193,2197,2201,2194,1065,2195],"class_list":{"0":"post-21017","1":"product","2":"type-product","3":"status-publish","4":"has-post-thumbnail","6":"product_brand-konner-sohnen","7":"product_cat-ehitustehnika","8":"product_cat-tanavapuhastusharjad","9":"product_tag-konner-sohnen","10":"product_tag-ks-7hp-mfm-80","11":"product_tag-ks-7hp-mfm-80e","12":"product_tag-ks-mfm-ss-80","13":"product_tag-multifunktsionaalne-masin","14":"product_tag-sahk","15":"product_tag-tanavapuhastusharjad","17":"first","18":"outofstock","19":"taxable","20":"shipping-taxable","21":"purchasable","22":"product-type-simple"},"yoast_head":"<!-- This site is optimized with the Yoast SEO plugin v27.4 - https:\/\/yoast.com\/product\/yoast-seo-wordpress\/ -->\n<title>Multifunktsionaalne masina sahk K\u00f6nner &amp; S\u00f6hnen KS MFM-SS 60<\/title>\n<meta name=\"description\" content=\"Multifunktsionaalne masina sahk K\u00f6nner &amp; S\u00f6hnen KS MFM-SS 60 See sahk on m\u00f5eldud lume, liiva, sodi ja kergete materjalide lihtsaks nihutamiseks.\" \/>\n<meta name=\"robots\" content=\"index, follow, max-snippet:-1, max-image-preview:large, max-video-preview:-1\" \/>\n<link rel=\"canonical\" href=\"https:\/\/ranoja.ee\/toode\/multifunktsionaalne-masina-sahk-konner-sohnen-ks-mfm-ss-80\/\" \/>\n<meta property=\"og:locale\" content=\"en_US\" \/>\n<meta property=\"og:type\" content=\"article\" \/>\n<meta property=\"og:title\" content=\"Multifunktsionaalne masina sahk K\u00f6nner &amp; S\u00f6hnen KS MFM-SS 60\" \/>\n<meta property=\"og:description\" content=\"Multifunktsionaalne masina sahk K\u00f6nner &amp; S\u00f6hnen KS MFM-SS 60 See sahk on m\u00f5eldud lume, liiva, sodi ja kergete materjalide lihtsaks nihutamiseks.\" \/>\n<meta property=\"og:url\" content=\"https:\/\/ranoja.ee\/toode\/multifunktsionaalne-masina-sahk-konner-sohnen-ks-mfm-ss-80\/\" \/>\n<meta property=\"og:site_name\" content=\"Ranoja\" \/>\n<meta property=\"article:publisher\" content=\"https:\/\/www.facebook.com\/ranoja.ee\" \/>\n<meta property=\"article:modified_time\" content=\"2026-04-08T07:00:10+00:00\" \/>\n<meta property=\"og:image\" content=\"https:\/\/ranoja.ee\/wp-content\/uploads\/2025\/09\/Multifunktsionaalne-masina-sahk-Konner-Sohnen-KS-MFM-SS-80.webp\" \/>\n\t<meta property=\"og:image:width\" content=\"1000\" \/>\n\t<meta property=\"og:image:height\" content=\"792\" \/>\n\t<meta property=\"og:image:type\" content=\"image\/webp\" \/>\n<meta name=\"twitter:card\" content=\"summary_large_image\" \/>\n<meta name=\"twitter:label1\" content=\"Est. reading time\" \/>\n\t<meta name=\"twitter:data1\" content=\"2 minutes\" \/>\n<script type=\"application\/ld+json\" class=\"yoast-schema-graph\">{\"@context\":\"https:\\\/\\\/schema.org\",\"@graph\":[{\"@type\":\"WebPage\",\"@id\":\"https:\\\/\\\/ranoja.ee\\\/toode\\\/multifunktsionaalne-masina-sahk-konner-sohnen-ks-mfm-ss-80\\\/\",\"url\":\"https:\\\/\\\/ranoja.ee\\\/toode\\\/multifunktsionaalne-masina-sahk-konner-sohnen-ks-mfm-ss-80\\\/\",\"name\":\"Multifunktsionaalne masina sahk K\u00f6nner & S\u00f6hnen KS MFM-SS 60\",\"isPartOf\":{\"@id\":\"https:\\\/\\\/ranoja.ee\\\/#website\"},\"primaryImageOfPage\":{\"@id\":\"https:\\\/\\\/ranoja.ee\\\/toode\\\/multifunktsionaalne-masina-sahk-konner-sohnen-ks-mfm-ss-80\\\/#primaryimage\"},\"image\":{\"@id\":\"https:\\\/\\\/ranoja.ee\\\/toode\\\/multifunktsionaalne-masina-sahk-konner-sohnen-ks-mfm-ss-80\\\/#primaryimage\"},\"thumbnailUrl\":\"https:\\\/\\\/ranoja.ee\\\/wp-content\\\/uploads\\\/2025\\\/09\\\/Multifunktsionaalne-masina-sahk-Konner-Sohnen-KS-MFM-SS-80.webp\",\"datePublished\":\"2025-09-12T12:36:06+00:00\",\"dateModified\":\"2026-04-08T07:00:10+00:00\",\"description\":\"Multifunktsionaalne masina sahk K\u00f6nner & S\u00f6hnen KS MFM-SS 60 See sahk on m\u00f5eldud lume, liiva, sodi ja kergete materjalide lihtsaks nihutamiseks.\",\"breadcrumb\":{\"@id\":\"https:\\\/\\\/ranoja.ee\\\/toode\\\/multifunktsionaalne-masina-sahk-konner-sohnen-ks-mfm-ss-80\\\/#breadcrumb\"},\"inLanguage\":\"en-US\",\"potentialAction\":[{\"@type\":\"ReadAction\",\"target\":[\"https:\\\/\\\/ranoja.ee\\\/toode\\\/multifunktsionaalne-masina-sahk-konner-sohnen-ks-mfm-ss-80\\\/\"]}]},{\"@type\":\"ImageObject\",\"inLanguage\":\"en-US\",\"@id\":\"https:\\\/\\\/ranoja.ee\\\/toode\\\/multifunktsionaalne-masina-sahk-konner-sohnen-ks-mfm-ss-80\\\/#primaryimage\",\"url\":\"https:\\\/\\\/ranoja.ee\\\/wp-content\\\/uploads\\\/2025\\\/09\\\/Multifunktsionaalne-masina-sahk-Konner-Sohnen-KS-MFM-SS-80.webp\",\"contentUrl\":\"https:\\\/\\\/ranoja.ee\\\/wp-content\\\/uploads\\\/2025\\\/09\\\/Multifunktsionaalne-masina-sahk-Konner-Sohnen-KS-MFM-SS-80.webp\",\"width\":1000,\"height\":792,\"caption\":\"Multifunktsionaalne masina sahk K\u00f6nner & S\u00f6hnen KS MFM-SS 80\"},{\"@type\":\"BreadcrumbList\",\"@id\":\"https:\\\/\\\/ranoja.ee\\\/toode\\\/multifunktsionaalne-masina-sahk-konner-sohnen-ks-mfm-ss-80\\\/#breadcrumb\",\"itemListElement\":[{\"@type\":\"ListItem\",\"position\":1,\"name\":\"Home\",\"item\":\"https:\\\/\\\/ranoja.ee\\\/\"},{\"@type\":\"ListItem\",\"position\":2,\"name\":\"Shop\",\"item\":\"https:\\\/\\\/ranoja.ee\\\/en\\\/shop\\\/\"},{\"@type\":\"ListItem\",\"position\":3,\"name\":\"Multifunktsionaalne masina sahk K\u00f6nner &#038; S\u00f6hnen KS MFM-SS 80\"}]},{\"@type\":\"WebSite\",\"@id\":\"https:\\\/\\\/ranoja.ee\\\/#website\",\"url\":\"https:\\\/\\\/ranoja.ee\\\/\",\"name\":\"Ranoja\",\"description\":\"Equipment Shop WooCommerce WordPress Theme for Machine &amp; Tools\",\"publisher\":{\"@id\":\"https:\\\/\\\/ranoja.ee\\\/#organization\"},\"potentialAction\":[{\"@type\":\"SearchAction\",\"target\":{\"@type\":\"EntryPoint\",\"urlTemplate\":\"https:\\\/\\\/ranoja.ee\\\/?s={search_term_string}\"},\"query-input\":{\"@type\":\"PropertyValueSpecification\",\"valueRequired\":true,\"valueName\":\"search_term_string\"}}],\"inLanguage\":\"en-US\"},{\"@type\":\"Organization\",\"@id\":\"https:\\\/\\\/ranoja.ee\\\/#organization\",\"name\":\"Ranoja O\u00dc\",\"url\":\"https:\\\/\\\/ranoja.ee\\\/\",\"logo\":{\"@type\":\"ImageObject\",\"inLanguage\":\"en-US\",\"@id\":\"https:\\\/\\\/ranoja.ee\\\/#\\\/schema\\\/logo\\\/image\\\/\",\"url\":\"https:\\\/\\\/ranoja.ee\\\/wp-content\\\/uploads\\\/2023\\\/11\\\/ranoja-Logo.png\",\"contentUrl\":\"https:\\\/\\\/ranoja.ee\\\/wp-content\\\/uploads\\\/2023\\\/11\\\/ranoja-Logo.png\",\"width\":207,\"height\":58,\"caption\":\"Ranoja O\u00dc\"},\"image\":{\"@id\":\"https:\\\/\\\/ranoja.ee\\\/#\\\/schema\\\/logo\\\/image\\\/\"},\"sameAs\":[\"https:\\\/\\\/www.facebook.com\\\/ranoja.ee\",\"https:\\\/\\\/www.instagram.com\\\/ranoja__\\\/\"]}]}<\/script>\n<!-- \/ Yoast SEO plugin. -->","yoast_head_json":{"title":"Multifunktsionaalne masina sahk K\u00f6nner & S\u00f6hnen KS MFM-SS 60","description":"Multifunktsionaalne masina sahk K\u00f6nner & S\u00f6hnen KS MFM-SS 60 See sahk on m\u00f5eldud lume, liiva, sodi ja kergete materjalide lihtsaks nihutamiseks.","robots":{"index":"index","follow":"follow","max-snippet":"max-snippet:-1","max-image-preview":"max-image-preview:large","max-video-preview":"max-video-preview:-1"},"canonical":"https:\/\/ranoja.ee\/toode\/multifunktsionaalne-masina-sahk-konner-sohnen-ks-mfm-ss-80\/","og_locale":"en_US","og_type":"article","og_title":"Multifunktsionaalne masina sahk K\u00f6nner & S\u00f6hnen KS MFM-SS 60","og_description":"Multifunktsionaalne masina sahk K\u00f6nner & S\u00f6hnen KS MFM-SS 60 See sahk on m\u00f5eldud lume, liiva, sodi ja kergete materjalide lihtsaks nihutamiseks.","og_url":"https:\/\/ranoja.ee\/toode\/multifunktsionaalne-masina-sahk-konner-sohnen-ks-mfm-ss-80\/","og_site_name":"Ranoja","article_publisher":"https:\/\/www.facebook.com\/ranoja.ee","article_modified_time":"2026-04-08T07:00:10+00:00","og_image":[{"width":1000,"height":792,"url":"https:\/\/ranoja.ee\/wp-content\/uploads\/2025\/09\/Multifunktsionaalne-masina-sahk-Konner-Sohnen-KS-MFM-SS-80.webp","type":"image\/webp"}],"twitter_card":"summary_large_image","twitter_misc":{"Est. reading time":"2 minutes"},"schema":{"@context":"https:\/\/schema.org","@graph":[{"@type":"WebPage","@id":"https:\/\/ranoja.ee\/toode\/multifunktsionaalne-masina-sahk-konner-sohnen-ks-mfm-ss-80\/","url":"https:\/\/ranoja.ee\/toode\/multifunktsionaalne-masina-sahk-konner-sohnen-ks-mfm-ss-80\/","name":"Multifunktsionaalne masina sahk K\u00f6nner & S\u00f6hnen KS MFM-SS 60","isPartOf":{"@id":"https:\/\/ranoja.ee\/#website"},"primaryImageOfPage":{"@id":"https:\/\/ranoja.ee\/toode\/multifunktsionaalne-masina-sahk-konner-sohnen-ks-mfm-ss-80\/#primaryimage"},"image":{"@id":"https:\/\/ranoja.ee\/toode\/multifunktsionaalne-masina-sahk-konner-sohnen-ks-mfm-ss-80\/#primaryimage"},"thumbnailUrl":"https:\/\/ranoja.ee\/wp-content\/uploads\/2025\/09\/Multifunktsionaalne-masina-sahk-Konner-Sohnen-KS-MFM-SS-80.webp","datePublished":"2025-09-12T12:36:06+00:00","dateModified":"2026-04-08T07:00:10+00:00","description":"Multifunktsionaalne masina sahk K\u00f6nner & S\u00f6hnen KS MFM-SS 60 See sahk on m\u00f5eldud lume, liiva, sodi ja kergete materjalide lihtsaks nihutamiseks.","breadcrumb":{"@id":"https:\/\/ranoja.ee\/toode\/multifunktsionaalne-masina-sahk-konner-sohnen-ks-mfm-ss-80\/#breadcrumb"},"inLanguage":"en-US","potentialAction":[{"@type":"ReadAction","target":["https:\/\/ranoja.ee\/toode\/multifunktsionaalne-masina-sahk-konner-sohnen-ks-mfm-ss-80\/"]}]},{"@type":"ImageObject","inLanguage":"en-US","@id":"https:\/\/ranoja.ee\/toode\/multifunktsionaalne-masina-sahk-konner-sohnen-ks-mfm-ss-80\/#primaryimage","url":"https:\/\/ranoja.ee\/wp-content\/uploads\/2025\/09\/Multifunktsionaalne-masina-sahk-Konner-Sohnen-KS-MFM-SS-80.webp","contentUrl":"https:\/\/ranoja.ee\/wp-content\/uploads\/2025\/09\/Multifunktsionaalne-masina-sahk-Konner-Sohnen-KS-MFM-SS-80.webp","width":1000,"height":792,"caption":"Multifunktsionaalne masina sahk K\u00f6nner & S\u00f6hnen KS MFM-SS 80"},{"@type":"BreadcrumbList","@id":"https:\/\/ranoja.ee\/toode\/multifunktsionaalne-masina-sahk-konner-sohnen-ks-mfm-ss-80\/#breadcrumb","itemListElement":[{"@type":"ListItem","position":1,"name":"Home","item":"https:\/\/ranoja.ee\/"},{"@type":"ListItem","position":2,"name":"Shop","item":"https:\/\/ranoja.ee\/en\/shop\/"},{"@type":"ListItem","position":3,"name":"Multifunktsionaalne masina sahk K\u00f6nner &#038; S\u00f6hnen KS MFM-SS 80"}]},{"@type":"WebSite","@id":"https:\/\/ranoja.ee\/#website","url":"https:\/\/ranoja.ee\/","name":"Ranoja","description":"Equipment Shop WooCommerce WordPress Theme for Machine &amp; Tools","publisher":{"@id":"https:\/\/ranoja.ee\/#organization"},"potentialAction":[{"@type":"SearchAction","target":{"@type":"EntryPoint","urlTemplate":"https:\/\/ranoja.ee\/?s={search_term_string}"},"query-input":{"@type":"PropertyValueSpecification","valueRequired":true,"valueName":"search_term_string"}}],"inLanguage":"en-US"},{"@type":"Organization","@id":"https:\/\/ranoja.ee\/#organization","name":"Ranoja O\u00dc","url":"https:\/\/ranoja.ee\/","logo":{"@type":"ImageObject","inLanguage":"en-US","@id":"https:\/\/ranoja.ee\/#\/schema\/logo\/image\/","url":"https:\/\/ranoja.ee\/wp-content\/uploads\/2023\/11\/ranoja-Logo.png","contentUrl":"https:\/\/ranoja.ee\/wp-content\/uploads\/2023\/11\/ranoja-Logo.png","width":207,"height":58,"caption":"Ranoja O\u00dc"},"image":{"@id":"https:\/\/ranoja.ee\/#\/schema\/logo\/image\/"},"sameAs":["https:\/\/www.facebook.com\/ranoja.ee","https:\/\/www.instagram.com\/ranoja__\/"]}]}},"_links":{"self":[{"href":"https:\/\/ranoja.ee\/en\/wp-json\/wp\/v2\/product\/21017","targetHints":{"allow":["GET"]}}],"collection":[{"href":"https:\/\/ranoja.ee\/en\/wp-json\/wp\/v2\/product"}],"about":[{"href":"https:\/\/ranoja.ee\/en\/wp-json\/wp\/v2\/types\/product"}],"wp:featuredmedia":[{"embeddable":true,"href":"https:\/\/ranoja.ee\/en\/wp-json\/wp\/v2\/media\/21020"}],"wp:attachment":[{"href":"https:\/\/ranoja.ee\/en\/wp-json\/wp\/v2\/media?parent=21017"}],"wp:term":[{"taxonomy":"product_cat","embeddable":true,"href":"https:\/\/ranoja.ee\/en\/wp-json\/wp\/v2\/product_cat?post=21017"},{"taxonomy":"product_tag","embeddable":true,"href":"https:\/\/ranoja.ee\/en\/wp-json\/wp\/v2\/product_tag?post=21017"}],"curies":[{"name":"wp","href":"https:\/\/api.w.org\/{rel}","templated":true}]}}