{"id":21012,"date":"2025-09-12T14:43:20","date_gmt":"2025-09-12T11:43:20","guid":{"rendered":"https:\/\/ranoja.ee\/?post_type=product&#038;p=21012"},"modified":"2026-04-08T10:00:10","modified_gmt":"2026-04-08T07:00:10","slug":"multifunktsionaalne-masina-sahk-konner-sohnen-ks-mfm-ss-60","status":"publish","type":"product","link":"https:\/\/ranoja.ee\/en\/toode\/multifunktsionaalne-masina-sahk-konner-sohnen-ks-mfm-ss-60\/","title":{"rendered":"Multifunktsionaalne masina sahk K\u00f6nner &#038; S\u00f6hnen KS MFM-SS 60"},"content":{"rendered":"<p>Multifunktsionaalne masina sahk K\u00f6nner &#038; S\u00f6hnen KS MFM-SS 60<\/p>\n<p>KS MFM-SS 60 on lumelabida t\u00fc\u00fcpne lisaseade K\u00f6nner &#038; S\u00f6hnen multifunktsionaalsetele masinaplokkidele, peamiselt mudelile KS 7HP-MFM 60. See sahk on m\u00f5eldud lume, liiva, sodi ja kergete materjalide nihutamiseks v\u00f5i puhastamiseks pinnalt. Kus klassikaline labidas v\u00f5i lumepuhur v\u00f5ib olla liiga j\u00e4ik v\u00f5i koormav.<\/p>\n<p>Saha laius on 60 cm, mis v\u00f5imaldab \u00fcsna laia puhastusalaga t\u00f6\u00f6tamist. Samas s\u00e4ilitades man\u00f6\u00f6verdamisv\u00f5ime. Konstruktsioon on kerge \u2013 netokaal umbes 6,6 kg, brutokaal umbes 7,7 kg, mis teeb selle paigaldamise ja eemaldamise lihtsaks. Seadme m\u00f5\u00f5tmed on umbes 600 \u00d7 100 \u00d7 445 mm (L \u00d7 K \u00d7 S) neto m\u00f5\u00f5tudes. <\/p>\n<p>Labida raam ja konstruktsioon on piisavalt vastupidavad igap\u00e4evaseks kasutamiseks \u2013 materjalide puhul kasutatakse metalli ja tugevdatud osi, et taluda kulumist ja lume\/sodi liikumisest tulenevat mehaanilist koormust. Kahes nurgas on ka mugavad k\u00e4epidemed paigaldamiseks ja kandmiseks. <\/p>\n<p>Multifunktsionaalne masina sahk K\u00f6nner &#038; S\u00f6hnen KS MFM-SS 60<\/p>\n","protected":false},"excerpt":{"rendered":"<p>Multifunktsionaalne masina sahk K\u00f6nner &#038; S\u00f6hnen KS MFM-SS 60<br \/>\nT\u00f6\u00f6 laius: 60 cm<br \/>\nM\u00f5\u00f5tmed (L \u00d7 K \u00d7 S): 600 \u00d7 100 \u00d7 445 mm<br \/>\nSahk sobib multifunktsionaalsele masinaplokile KS 7HP-MFM 60<br \/>\nKaal: 7.7<br \/>\n<strong>Eeldatav tarneaeg 1-7 t\u00f6\u00f6p\u00e4eva<\/strong><\/p>\n","protected":false},"featured_media":21013,"template":"","meta":{"inline_featured_image":false},"product_cat":[1090,1093],"product_tag":[1813,2196,2200,2194,1065,2195],"class_list":{"0":"post-21012","1":"product","2":"type-product","3":"status-publish","4":"has-post-thumbnail","6":"product_brand-konner-sohnen","7":"product_cat-ehitustehnika","8":"product_cat-tanavapuhastusharjad","9":"product_tag-konner-sohnen","10":"product_tag-ks-7hp-mfm-60","11":"product_tag-ks-mfm-ss-60","12":"product_tag-multifunktsionaalne-masin","13":"product_tag-sahk","14":"product_tag-tanavapuhastusharjad","16":"first","17":"outofstock","18":"taxable","19":"shipping-taxable","20":"purchasable","21":"product-type-simple"},"yoast_head":"<!-- This site is optimized with the Yoast SEO plugin v27.4 - https:\/\/yoast.com\/product\/yoast-seo-wordpress\/ -->\n<title>Multifunktsionaalne masina sahk K\u00f6nner &amp; S\u00f6hnen KS MFM-SS 60<\/title>\n<meta name=\"description\" content=\"Multifunktsionaalne masina sahk K\u00f6nner &amp; S\u00f6hnen KS MFM-SS 60 See sahk on m\u00f5eldud lume, liiva, sodi ja kergete materjalide nihutamiseks.\" \/>\n<meta name=\"robots\" content=\"index, follow, max-snippet:-1, max-image-preview:large, max-video-preview:-1\" \/>\n<link rel=\"canonical\" href=\"https:\/\/ranoja.ee\/toode\/multifunktsionaalne-masina-sahk-konner-sohnen-ks-mfm-ss-60\/\" \/>\n<meta property=\"og:locale\" content=\"en_US\" \/>\n<meta property=\"og:type\" content=\"article\" \/>\n<meta property=\"og:title\" content=\"Multifunktsionaalne masina sahk K\u00f6nner &amp; S\u00f6hnen KS MFM-SS 60\" \/>\n<meta property=\"og:description\" content=\"Multifunktsionaalne masina sahk K\u00f6nner &amp; S\u00f6hnen KS MFM-SS 60 See sahk on m\u00f5eldud lume, liiva, sodi ja kergete materjalide nihutamiseks.\" \/>\n<meta property=\"og:url\" content=\"https:\/\/ranoja.ee\/toode\/multifunktsionaalne-masina-sahk-konner-sohnen-ks-mfm-ss-60\/\" \/>\n<meta property=\"og:site_name\" content=\"Ranoja\" \/>\n<meta property=\"article:publisher\" content=\"https:\/\/www.facebook.com\/ranoja.ee\" \/>\n<meta property=\"article:modified_time\" content=\"2026-04-08T07:00:10+00:00\" \/>\n<meta property=\"og:image\" content=\"https:\/\/ranoja.ee\/wp-content\/uploads\/2025\/09\/Multifunktsionaalne-masina-sahk-Konner-Sohnen-KS-MFM-SS-60-2.webp\" \/>\n\t<meta property=\"og:image:width\" content=\"671\" \/>\n\t<meta property=\"og:image:height\" content=\"531\" \/>\n\t<meta property=\"og:image:type\" content=\"image\/webp\" \/>\n<meta name=\"twitter:card\" content=\"summary_large_image\" \/>\n<meta name=\"twitter:label1\" content=\"Est. reading time\" \/>\n\t<meta name=\"twitter:data1\" content=\"1 minute\" \/>\n<script type=\"application\/ld+json\" class=\"yoast-schema-graph\">{\"@context\":\"https:\\\/\\\/schema.org\",\"@graph\":[{\"@type\":\"WebPage\",\"@id\":\"https:\\\/\\\/ranoja.ee\\\/toode\\\/multifunktsionaalne-masina-sahk-konner-sohnen-ks-mfm-ss-60\\\/\",\"url\":\"https:\\\/\\\/ranoja.ee\\\/toode\\\/multifunktsionaalne-masina-sahk-konner-sohnen-ks-mfm-ss-60\\\/\",\"name\":\"Multifunktsionaalne masina sahk K\u00f6nner & S\u00f6hnen KS MFM-SS 60\",\"isPartOf\":{\"@id\":\"https:\\\/\\\/ranoja.ee\\\/#website\"},\"primaryImageOfPage\":{\"@id\":\"https:\\\/\\\/ranoja.ee\\\/toode\\\/multifunktsionaalne-masina-sahk-konner-sohnen-ks-mfm-ss-60\\\/#primaryimage\"},\"image\":{\"@id\":\"https:\\\/\\\/ranoja.ee\\\/toode\\\/multifunktsionaalne-masina-sahk-konner-sohnen-ks-mfm-ss-60\\\/#primaryimage\"},\"thumbnailUrl\":\"https:\\\/\\\/ranoja.ee\\\/wp-content\\\/uploads\\\/2025\\\/09\\\/Multifunktsionaalne-masina-sahk-Konner-Sohnen-KS-MFM-SS-60-2.webp\",\"datePublished\":\"2025-09-12T11:43:20+00:00\",\"dateModified\":\"2026-04-08T07:00:10+00:00\",\"description\":\"Multifunktsionaalne masina sahk K\u00f6nner & S\u00f6hnen KS MFM-SS 60 See sahk on m\u00f5eldud lume, liiva, sodi ja kergete materjalide nihutamiseks.\",\"breadcrumb\":{\"@id\":\"https:\\\/\\\/ranoja.ee\\\/toode\\\/multifunktsionaalne-masina-sahk-konner-sohnen-ks-mfm-ss-60\\\/#breadcrumb\"},\"inLanguage\":\"en-US\",\"potentialAction\":[{\"@type\":\"ReadAction\",\"target\":[\"https:\\\/\\\/ranoja.ee\\\/toode\\\/multifunktsionaalne-masina-sahk-konner-sohnen-ks-mfm-ss-60\\\/\"]}]},{\"@type\":\"ImageObject\",\"inLanguage\":\"en-US\",\"@id\":\"https:\\\/\\\/ranoja.ee\\\/toode\\\/multifunktsionaalne-masina-sahk-konner-sohnen-ks-mfm-ss-60\\\/#primaryimage\",\"url\":\"https:\\\/\\\/ranoja.ee\\\/wp-content\\\/uploads\\\/2025\\\/09\\\/Multifunktsionaalne-masina-sahk-Konner-Sohnen-KS-MFM-SS-60-2.webp\",\"contentUrl\":\"https:\\\/\\\/ranoja.ee\\\/wp-content\\\/uploads\\\/2025\\\/09\\\/Multifunktsionaalne-masina-sahk-Konner-Sohnen-KS-MFM-SS-60-2.webp\",\"width\":671,\"height\":531,\"caption\":\"Multifunktsionaalne masina sahk K\u00f6nner & S\u00f6hnen KS MFM-SS 60\"},{\"@type\":\"BreadcrumbList\",\"@id\":\"https:\\\/\\\/ranoja.ee\\\/toode\\\/multifunktsionaalne-masina-sahk-konner-sohnen-ks-mfm-ss-60\\\/#breadcrumb\",\"itemListElement\":[{\"@type\":\"ListItem\",\"position\":1,\"name\":\"Home\",\"item\":\"https:\\\/\\\/ranoja.ee\\\/\"},{\"@type\":\"ListItem\",\"position\":2,\"name\":\"Shop\",\"item\":\"https:\\\/\\\/ranoja.ee\\\/en\\\/shop\\\/\"},{\"@type\":\"ListItem\",\"position\":3,\"name\":\"Multifunktsionaalne masina sahk K\u00f6nner &#038; S\u00f6hnen KS MFM-SS 60\"}]},{\"@type\":\"WebSite\",\"@id\":\"https:\\\/\\\/ranoja.ee\\\/#website\",\"url\":\"https:\\\/\\\/ranoja.ee\\\/\",\"name\":\"Ranoja\",\"description\":\"Equipment Shop WooCommerce WordPress Theme for Machine &amp; Tools\",\"publisher\":{\"@id\":\"https:\\\/\\\/ranoja.ee\\\/#organization\"},\"potentialAction\":[{\"@type\":\"SearchAction\",\"target\":{\"@type\":\"EntryPoint\",\"urlTemplate\":\"https:\\\/\\\/ranoja.ee\\\/?s={search_term_string}\"},\"query-input\":{\"@type\":\"PropertyValueSpecification\",\"valueRequired\":true,\"valueName\":\"search_term_string\"}}],\"inLanguage\":\"en-US\"},{\"@type\":\"Organization\",\"@id\":\"https:\\\/\\\/ranoja.ee\\\/#organization\",\"name\":\"Ranoja O\u00dc\",\"url\":\"https:\\\/\\\/ranoja.ee\\\/\",\"logo\":{\"@type\":\"ImageObject\",\"inLanguage\":\"en-US\",\"@id\":\"https:\\\/\\\/ranoja.ee\\\/#\\\/schema\\\/logo\\\/image\\\/\",\"url\":\"https:\\\/\\\/ranoja.ee\\\/wp-content\\\/uploads\\\/2023\\\/11\\\/ranoja-Logo.png\",\"contentUrl\":\"https:\\\/\\\/ranoja.ee\\\/wp-content\\\/uploads\\\/2023\\\/11\\\/ranoja-Logo.png\",\"width\":207,\"height\":58,\"caption\":\"Ranoja O\u00dc\"},\"image\":{\"@id\":\"https:\\\/\\\/ranoja.ee\\\/#\\\/schema\\\/logo\\\/image\\\/\"},\"sameAs\":[\"https:\\\/\\\/www.facebook.com\\\/ranoja.ee\",\"https:\\\/\\\/www.instagram.com\\\/ranoja__\\\/\"]}]}<\/script>\n<!-- \/ Yoast SEO plugin. -->","yoast_head_json":{"title":"Multifunktsionaalne masina sahk K\u00f6nner & S\u00f6hnen KS MFM-SS 60","description":"Multifunktsionaalne masina sahk K\u00f6nner & S\u00f6hnen KS MFM-SS 60 See sahk on m\u00f5eldud lume, liiva, sodi ja kergete materjalide nihutamiseks.","robots":{"index":"index","follow":"follow","max-snippet":"max-snippet:-1","max-image-preview":"max-image-preview:large","max-video-preview":"max-video-preview:-1"},"canonical":"https:\/\/ranoja.ee\/toode\/multifunktsionaalne-masina-sahk-konner-sohnen-ks-mfm-ss-60\/","og_locale":"en_US","og_type":"article","og_title":"Multifunktsionaalne masina sahk K\u00f6nner & S\u00f6hnen KS MFM-SS 60","og_description":"Multifunktsionaalne masina sahk K\u00f6nner & S\u00f6hnen KS MFM-SS 60 See sahk on m\u00f5eldud lume, liiva, sodi ja kergete materjalide nihutamiseks.","og_url":"https:\/\/ranoja.ee\/toode\/multifunktsionaalne-masina-sahk-konner-sohnen-ks-mfm-ss-60\/","og_site_name":"Ranoja","article_publisher":"https:\/\/www.facebook.com\/ranoja.ee","article_modified_time":"2026-04-08T07:00:10+00:00","og_image":[{"width":671,"height":531,"url":"https:\/\/ranoja.ee\/wp-content\/uploads\/2025\/09\/Multifunktsionaalne-masina-sahk-Konner-Sohnen-KS-MFM-SS-60-2.webp","type":"image\/webp"}],"twitter_card":"summary_large_image","twitter_misc":{"Est. reading time":"1 minute"},"schema":{"@context":"https:\/\/schema.org","@graph":[{"@type":"WebPage","@id":"https:\/\/ranoja.ee\/toode\/multifunktsionaalne-masina-sahk-konner-sohnen-ks-mfm-ss-60\/","url":"https:\/\/ranoja.ee\/toode\/multifunktsionaalne-masina-sahk-konner-sohnen-ks-mfm-ss-60\/","name":"Multifunktsionaalne masina sahk K\u00f6nner & S\u00f6hnen KS MFM-SS 60","isPartOf":{"@id":"https:\/\/ranoja.ee\/#website"},"primaryImageOfPage":{"@id":"https:\/\/ranoja.ee\/toode\/multifunktsionaalne-masina-sahk-konner-sohnen-ks-mfm-ss-60\/#primaryimage"},"image":{"@id":"https:\/\/ranoja.ee\/toode\/multifunktsionaalne-masina-sahk-konner-sohnen-ks-mfm-ss-60\/#primaryimage"},"thumbnailUrl":"https:\/\/ranoja.ee\/wp-content\/uploads\/2025\/09\/Multifunktsionaalne-masina-sahk-Konner-Sohnen-KS-MFM-SS-60-2.webp","datePublished":"2025-09-12T11:43:20+00:00","dateModified":"2026-04-08T07:00:10+00:00","description":"Multifunktsionaalne masina sahk K\u00f6nner & S\u00f6hnen KS MFM-SS 60 See sahk on m\u00f5eldud lume, liiva, sodi ja kergete materjalide nihutamiseks.","breadcrumb":{"@id":"https:\/\/ranoja.ee\/toode\/multifunktsionaalne-masina-sahk-konner-sohnen-ks-mfm-ss-60\/#breadcrumb"},"inLanguage":"en-US","potentialAction":[{"@type":"ReadAction","target":["https:\/\/ranoja.ee\/toode\/multifunktsionaalne-masina-sahk-konner-sohnen-ks-mfm-ss-60\/"]}]},{"@type":"ImageObject","inLanguage":"en-US","@id":"https:\/\/ranoja.ee\/toode\/multifunktsionaalne-masina-sahk-konner-sohnen-ks-mfm-ss-60\/#primaryimage","url":"https:\/\/ranoja.ee\/wp-content\/uploads\/2025\/09\/Multifunktsionaalne-masina-sahk-Konner-Sohnen-KS-MFM-SS-60-2.webp","contentUrl":"https:\/\/ranoja.ee\/wp-content\/uploads\/2025\/09\/Multifunktsionaalne-masina-sahk-Konner-Sohnen-KS-MFM-SS-60-2.webp","width":671,"height":531,"caption":"Multifunktsionaalne masina sahk K\u00f6nner & S\u00f6hnen KS MFM-SS 60"},{"@type":"BreadcrumbList","@id":"https:\/\/ranoja.ee\/toode\/multifunktsionaalne-masina-sahk-konner-sohnen-ks-mfm-ss-60\/#breadcrumb","itemListElement":[{"@type":"ListItem","position":1,"name":"Home","item":"https:\/\/ranoja.ee\/"},{"@type":"ListItem","position":2,"name":"Shop","item":"https:\/\/ranoja.ee\/en\/shop\/"},{"@type":"ListItem","position":3,"name":"Multifunktsionaalne masina sahk K\u00f6nner &#038; S\u00f6hnen KS MFM-SS 60"}]},{"@type":"WebSite","@id":"https:\/\/ranoja.ee\/#website","url":"https:\/\/ranoja.ee\/","name":"Ranoja","description":"Equipment Shop WooCommerce WordPress Theme for Machine &amp; Tools","publisher":{"@id":"https:\/\/ranoja.ee\/#organization"},"potentialAction":[{"@type":"SearchAction","target":{"@type":"EntryPoint","urlTemplate":"https:\/\/ranoja.ee\/?s={search_term_string}"},"query-input":{"@type":"PropertyValueSpecification","valueRequired":true,"valueName":"search_term_string"}}],"inLanguage":"en-US"},{"@type":"Organization","@id":"https:\/\/ranoja.ee\/#organization","name":"Ranoja O\u00dc","url":"https:\/\/ranoja.ee\/","logo":{"@type":"ImageObject","inLanguage":"en-US","@id":"https:\/\/ranoja.ee\/#\/schema\/logo\/image\/","url":"https:\/\/ranoja.ee\/wp-content\/uploads\/2023\/11\/ranoja-Logo.png","contentUrl":"https:\/\/ranoja.ee\/wp-content\/uploads\/2023\/11\/ranoja-Logo.png","width":207,"height":58,"caption":"Ranoja O\u00dc"},"image":{"@id":"https:\/\/ranoja.ee\/#\/schema\/logo\/image\/"},"sameAs":["https:\/\/www.facebook.com\/ranoja.ee","https:\/\/www.instagram.com\/ranoja__\/"]}]}},"_links":{"self":[{"href":"https:\/\/ranoja.ee\/en\/wp-json\/wp\/v2\/product\/21012","targetHints":{"allow":["GET"]}}],"collection":[{"href":"https:\/\/ranoja.ee\/en\/wp-json\/wp\/v2\/product"}],"about":[{"href":"https:\/\/ranoja.ee\/en\/wp-json\/wp\/v2\/types\/product"}],"wp:featuredmedia":[{"embeddable":true,"href":"https:\/\/ranoja.ee\/en\/wp-json\/wp\/v2\/media\/21013"}],"wp:attachment":[{"href":"https:\/\/ranoja.ee\/en\/wp-json\/wp\/v2\/media?parent=21012"}],"wp:term":[{"taxonomy":"product_cat","embeddable":true,"href":"https:\/\/ranoja.ee\/en\/wp-json\/wp\/v2\/product_cat?post=21012"},{"taxonomy":"product_tag","embeddable":true,"href":"https:\/\/ranoja.ee\/en\/wp-json\/wp\/v2\/product_tag?post=21012"}],"curies":[{"name":"wp","href":"https:\/\/api.w.org\/{rel}","templated":true}]}}