{"id":20959,"date":"2025-09-12T13:36:03","date_gmt":"2025-09-12T10:36:03","guid":{"rendered":"https:\/\/ranoja.ee\/?post_type=product&#038;p=20959"},"modified":"2026-04-08T10:00:10","modified_gmt":"2026-04-08T07:00:10","slug":"multifunktsionaalne-masin-konner-sohnen-ks-7hp-mfm-60","status":"publish","type":"product","link":"https:\/\/ranoja.ee\/en\/toode\/multifunktsionaalne-masin-konner-sohnen-ks-7hp-mfm-60\/","title":{"rendered":"Multifunktsionaalne masin K\u00f6nner &#038; S\u00f6hnen KS 7HP-MFM 60"},"content":{"rendered":"<p>Multifunktsionaalne masin K\u00f6nner &#038; S\u00f6hnen KS 7HP-MFM 60<\/p>\n<p>See K\u00f6nner &#038; S\u00f6hneni suure j\u00f5udlusega multifunktsionaalne masin on m\u00f5eldud laiaulatuslikuks p\u00f5llumajanduslikuks tegevuseks aastaringselt. Masina silmapaistvaks omaduseks on iseliikuv j\u00f5udlus ja aktiivsed lisaseadmed. Mis v\u00e4listavad vajaduse t\u00e4iendava kasutajapingutuse j\u00e4rele ning v\u00f5imaldavad masinal toime tulla mitmesuguste t\u00f6\u00f6dega. Nagu lume, tolmu, mustuse, langenud lehtede v\u00f5i muu prahi koristamisega ja palju muud. <\/p>\n<p>Masinal on neli erinevat lisaseadet, sealhulgas:<br \/>\nHari<br \/>\nMustuse koguja<br \/>\nLumepuhur<br \/>\nLumesahk<br \/>\nLisaseadmed on paigaldatud mootoriplokile, muutes selle masina asendamatuks abiliseks aastaringselt. Iga lisaseade on saadaval eraldi vastavalt teie vajadustele.<\/p>\n<p>See K\u00f6nner &#038; S\u00f6hneni suure j\u00f5udlusega multifunktsionaalne masin on varustatud tugeva 5.5 hj bensiinimootoriga. Mis vastab k\u00f5igile Euroopa kvaliteedistandarditele, sealhulgas uusimale EURO 5 heitgaasistandardile. Masinal on suurendatud k\u00e4ikude arv. Mis v\u00f5imaldab teil valida iga konkreetse lisaseadme jaoks soovitud kiiruse, roolinurga ja kalde, parandades seel\u00e4bi oluliselt t\u00f6\u00f6 efektiivsust.<\/p>\n<p>K\u00f6nner &#038; S\u00f6hneni multifunktsionaalse masina 5 P\u00d5HILIST EELIST:<\/p>\n<p>KULUDE S\u00c4\u00c4STJA \u2013 pole vaja osta eraldi seadmeid iga t\u00f6\u00f6 jaoks.<br \/>\nAJAS\u00c4\u00c4STJA \u2013 lisaseadmeid saab vahetada sekunditega ilma lisat\u00f6\u00f6riistade ja erioskusteta.<br \/>\nVAEVUSTE S\u00c4\u00c4STJA \u2013 pole vaja erinevaid seadmeid kokku panna ja lahti v\u00f5tta, piisab lisaseadme vahetamisest.<br \/>\nKASUTUS- JA HOOLDUSS\u00c4\u00c4STJA \u2013 pole vaja erinevaid seadmeid osta, tankida ja hooldada.<br \/>\nRUUMI S\u00c4\u00c4STJA \u2013 kompaktse disainiga masin v\u00f5tab ruumi vaid \u00fche eseme v\u00f5rra ja seda kasutatakse aastaringselt, selle asemel, et suurema osa aastast lihtsalt seista.<\/p>\n<p>Multifunktsionaalne masin K\u00f6nner &#038; S\u00f6hnen KS 7HP-MFM 60<\/p>\n","protected":false},"excerpt":{"rendered":"<p>Multifunktsionaalne masin K\u00f6nner &#038; S\u00f6hnen KS 7HP-MFM 60<br \/>\nMootori k\u00e4ivitus t\u00fc\u00fcp: Manuaalne<br \/>\nT\u00f6\u00f6 laius: 60 cm<br \/>\nMootori mudel: H200<br \/>\nMootori t\u00fc\u00fcp: Bensiinimootor<br \/>\nMootori v\u00f5imsus: 5.5 hj<br \/>\nMootori t\u00f6\u00f6maht: 196 cm3<br \/>\nK\u00e4ikude arv: +5 +4 +3 +2 +1 0 -1 -2<br \/>\nK\u00fctusepaagi maht: 2.5 l<br \/>\nKarteri maht: 0.6 l<br \/>\nK\u00fctusekulu:  1.2 &#8211; 1.8 l\/h<br \/>\nP\u00f6\u00f6rlemiskiirus: 255 p\/min<br \/>\nReguleeritav p\u00f6\u00f6rdenurk: \u00b1 15\u00b0<br \/>\nNeto m\u00f5\u00f5tmed (P x L x K): 1400 x 600 x 1100 mm<br \/>\nKaal: 72 kg<br \/>\n<strong>Eeldatav tarneaeg 1-7 t\u00f6\u00f6p\u00e4eva<\/strong><\/p>\n","protected":false},"featured_media":20966,"template":"","meta":{"inline_featured_image":false},"product_cat":[1090,1093],"product_tag":[1813,2196,2205,2206,2208,2207,2202,2204,2200,2194,2195],"class_list":{"0":"post-20959","1":"product","2":"type-product","3":"status-publish","4":"has-post-thumbnail","6":"product_brand-konner-sohnen","7":"product_cat-ehitustehnika","8":"product_cat-tanavapuhastusharjad","9":"product_tag-konner-sohnen","10":"product_tag-ks-7hp-mfm-60","11":"product_tag-ks-mfm-bk-80-26","12":"product_tag-ks-mfm-lamp","13":"product_tag-ks-mfm-rw-13-4-1","14":"product_tag-ks-mfm-sc-13-4-1","15":"product_tag-ks-mfm-db-60","16":"product_tag-ks-mfm-sb-60","17":"product_tag-ks-mfm-ss-60","18":"product_tag-multifunktsionaalne-masin","19":"product_tag-tanavapuhastusharjad","21":"first","22":"outofstock","23":"taxable","24":"shipping-taxable","25":"purchasable","26":"product-type-simple"},"yoast_head":"<!-- This site is optimized with the Yoast SEO plugin v27.4 - https:\/\/yoast.com\/product\/yoast-seo-wordpress\/ -->\n<title>Multifunktsionaalne masin K\u00f6nner &amp; S\u00f6hnen KS 7HP-MFM 60<\/title>\n<meta name=\"description\" content=\"Multifunktsionaalne masin K\u00f6nner &amp; S\u00f6hnen KS 7HP-MFM 60 Suure j\u00f5udlusega multifunktsionaalne masin on varustatud tugeva 5.5 hj bensiinimootoriga.\" \/>\n<meta name=\"robots\" content=\"index, follow, max-snippet:-1, max-image-preview:large, max-video-preview:-1\" \/>\n<link rel=\"canonical\" href=\"https:\/\/ranoja.ee\/toode\/multifunktsionaalne-masin-konner-sohnen-ks-7hp-mfm-60\/\" \/>\n<meta property=\"og:locale\" content=\"en_US\" \/>\n<meta property=\"og:type\" content=\"article\" \/>\n<meta property=\"og:title\" content=\"Multifunktsionaalne masin K\u00f6nner &amp; S\u00f6hnen KS 7HP-MFM 60\" \/>\n<meta property=\"og:description\" content=\"Multifunktsionaalne masin K\u00f6nner &amp; S\u00f6hnen KS 7HP-MFM 60 Suure j\u00f5udlusega multifunktsionaalne masin on varustatud tugeva 5.5 hj bensiinimootoriga.\" \/>\n<meta property=\"og:url\" content=\"https:\/\/ranoja.ee\/toode\/multifunktsionaalne-masin-konner-sohnen-ks-7hp-mfm-60\/\" \/>\n<meta property=\"og:site_name\" content=\"Ranoja\" \/>\n<meta property=\"article:publisher\" content=\"https:\/\/www.facebook.com\/ranoja.ee\" \/>\n<meta property=\"article:modified_time\" content=\"2026-04-08T07:00:10+00:00\" \/>\n<meta property=\"og:image\" content=\"https:\/\/ranoja.ee\/wp-content\/uploads\/2025\/09\/Multifunktsionaalne-masin-Konner-Sohnen-KS-7HP-MFM-60.webp\" \/>\n\t<meta property=\"og:image:width\" content=\"1104\" \/>\n\t<meta property=\"og:image:height\" content=\"875\" \/>\n\t<meta property=\"og:image:type\" content=\"image\/webp\" \/>\n<meta name=\"twitter:card\" content=\"summary_large_image\" \/>\n<meta name=\"twitter:label1\" content=\"Est. reading time\" \/>\n\t<meta name=\"twitter:data1\" content=\"2 minutes\" \/>\n<script type=\"application\/ld+json\" class=\"yoast-schema-graph\">{\"@context\":\"https:\\\/\\\/schema.org\",\"@graph\":[{\"@type\":\"WebPage\",\"@id\":\"https:\\\/\\\/ranoja.ee\\\/toode\\\/multifunktsionaalne-masin-konner-sohnen-ks-7hp-mfm-60\\\/\",\"url\":\"https:\\\/\\\/ranoja.ee\\\/toode\\\/multifunktsionaalne-masin-konner-sohnen-ks-7hp-mfm-60\\\/\",\"name\":\"Multifunktsionaalne masin K\u00f6nner & S\u00f6hnen KS 7HP-MFM 60\",\"isPartOf\":{\"@id\":\"https:\\\/\\\/ranoja.ee\\\/#website\"},\"primaryImageOfPage\":{\"@id\":\"https:\\\/\\\/ranoja.ee\\\/toode\\\/multifunktsionaalne-masin-konner-sohnen-ks-7hp-mfm-60\\\/#primaryimage\"},\"image\":{\"@id\":\"https:\\\/\\\/ranoja.ee\\\/toode\\\/multifunktsionaalne-masin-konner-sohnen-ks-7hp-mfm-60\\\/#primaryimage\"},\"thumbnailUrl\":\"https:\\\/\\\/ranoja.ee\\\/wp-content\\\/uploads\\\/2025\\\/09\\\/Multifunktsionaalne-masin-Konner-Sohnen-KS-7HP-MFM-60.webp\",\"datePublished\":\"2025-09-12T10:36:03+00:00\",\"dateModified\":\"2026-04-08T07:00:10+00:00\",\"description\":\"Multifunktsionaalne masin K\u00f6nner & S\u00f6hnen KS 7HP-MFM 60 Suure j\u00f5udlusega multifunktsionaalne masin on varustatud tugeva 5.5 hj bensiinimootoriga.\",\"breadcrumb\":{\"@id\":\"https:\\\/\\\/ranoja.ee\\\/toode\\\/multifunktsionaalne-masin-konner-sohnen-ks-7hp-mfm-60\\\/#breadcrumb\"},\"inLanguage\":\"en-US\",\"potentialAction\":[{\"@type\":\"ReadAction\",\"target\":[\"https:\\\/\\\/ranoja.ee\\\/toode\\\/multifunktsionaalne-masin-konner-sohnen-ks-7hp-mfm-60\\\/\"]}]},{\"@type\":\"ImageObject\",\"inLanguage\":\"en-US\",\"@id\":\"https:\\\/\\\/ranoja.ee\\\/toode\\\/multifunktsionaalne-masin-konner-sohnen-ks-7hp-mfm-60\\\/#primaryimage\",\"url\":\"https:\\\/\\\/ranoja.ee\\\/wp-content\\\/uploads\\\/2025\\\/09\\\/Multifunktsionaalne-masin-Konner-Sohnen-KS-7HP-MFM-60.webp\",\"contentUrl\":\"https:\\\/\\\/ranoja.ee\\\/wp-content\\\/uploads\\\/2025\\\/09\\\/Multifunktsionaalne-masin-Konner-Sohnen-KS-7HP-MFM-60.webp\",\"width\":1104,\"height\":875,\"caption\":\"Multifunktsionaalne masin K\u00f6nner & S\u00f6hnen KS 7HP-MFM 60\"},{\"@type\":\"BreadcrumbList\",\"@id\":\"https:\\\/\\\/ranoja.ee\\\/toode\\\/multifunktsionaalne-masin-konner-sohnen-ks-7hp-mfm-60\\\/#breadcrumb\",\"itemListElement\":[{\"@type\":\"ListItem\",\"position\":1,\"name\":\"Home\",\"item\":\"https:\\\/\\\/ranoja.ee\\\/\"},{\"@type\":\"ListItem\",\"position\":2,\"name\":\"Shop\",\"item\":\"https:\\\/\\\/ranoja.ee\\\/en\\\/shop\\\/\"},{\"@type\":\"ListItem\",\"position\":3,\"name\":\"Multifunktsionaalne masin K\u00f6nner &#038; S\u00f6hnen KS 7HP-MFM 60\"}]},{\"@type\":\"WebSite\",\"@id\":\"https:\\\/\\\/ranoja.ee\\\/#website\",\"url\":\"https:\\\/\\\/ranoja.ee\\\/\",\"name\":\"Ranoja\",\"description\":\"Equipment Shop WooCommerce WordPress Theme for Machine &amp; Tools\",\"publisher\":{\"@id\":\"https:\\\/\\\/ranoja.ee\\\/#organization\"},\"potentialAction\":[{\"@type\":\"SearchAction\",\"target\":{\"@type\":\"EntryPoint\",\"urlTemplate\":\"https:\\\/\\\/ranoja.ee\\\/?s={search_term_string}\"},\"query-input\":{\"@type\":\"PropertyValueSpecification\",\"valueRequired\":true,\"valueName\":\"search_term_string\"}}],\"inLanguage\":\"en-US\"},{\"@type\":\"Organization\",\"@id\":\"https:\\\/\\\/ranoja.ee\\\/#organization\",\"name\":\"Ranoja O\u00dc\",\"url\":\"https:\\\/\\\/ranoja.ee\\\/\",\"logo\":{\"@type\":\"ImageObject\",\"inLanguage\":\"en-US\",\"@id\":\"https:\\\/\\\/ranoja.ee\\\/#\\\/schema\\\/logo\\\/image\\\/\",\"url\":\"https:\\\/\\\/ranoja.ee\\\/wp-content\\\/uploads\\\/2023\\\/11\\\/ranoja-Logo.png\",\"contentUrl\":\"https:\\\/\\\/ranoja.ee\\\/wp-content\\\/uploads\\\/2023\\\/11\\\/ranoja-Logo.png\",\"width\":207,\"height\":58,\"caption\":\"Ranoja O\u00dc\"},\"image\":{\"@id\":\"https:\\\/\\\/ranoja.ee\\\/#\\\/schema\\\/logo\\\/image\\\/\"},\"sameAs\":[\"https:\\\/\\\/www.facebook.com\\\/ranoja.ee\",\"https:\\\/\\\/www.instagram.com\\\/ranoja__\\\/\"]}]}<\/script>\n<!-- \/ Yoast SEO plugin. -->","yoast_head_json":{"title":"Multifunktsionaalne masin K\u00f6nner & S\u00f6hnen KS 7HP-MFM 60","description":"Multifunktsionaalne masin K\u00f6nner & S\u00f6hnen KS 7HP-MFM 60 Suure j\u00f5udlusega multifunktsionaalne masin on varustatud tugeva 5.5 hj bensiinimootoriga.","robots":{"index":"index","follow":"follow","max-snippet":"max-snippet:-1","max-image-preview":"max-image-preview:large","max-video-preview":"max-video-preview:-1"},"canonical":"https:\/\/ranoja.ee\/toode\/multifunktsionaalne-masin-konner-sohnen-ks-7hp-mfm-60\/","og_locale":"en_US","og_type":"article","og_title":"Multifunktsionaalne masin K\u00f6nner & S\u00f6hnen KS 7HP-MFM 60","og_description":"Multifunktsionaalne masin K\u00f6nner & S\u00f6hnen KS 7HP-MFM 60 Suure j\u00f5udlusega multifunktsionaalne masin on varustatud tugeva 5.5 hj bensiinimootoriga.","og_url":"https:\/\/ranoja.ee\/toode\/multifunktsionaalne-masin-konner-sohnen-ks-7hp-mfm-60\/","og_site_name":"Ranoja","article_publisher":"https:\/\/www.facebook.com\/ranoja.ee","article_modified_time":"2026-04-08T07:00:10+00:00","og_image":[{"width":1104,"height":875,"url":"https:\/\/ranoja.ee\/wp-content\/uploads\/2025\/09\/Multifunktsionaalne-masin-Konner-Sohnen-KS-7HP-MFM-60.webp","type":"image\/webp"}],"twitter_card":"summary_large_image","twitter_misc":{"Est. reading time":"2 minutes"},"schema":{"@context":"https:\/\/schema.org","@graph":[{"@type":"WebPage","@id":"https:\/\/ranoja.ee\/toode\/multifunktsionaalne-masin-konner-sohnen-ks-7hp-mfm-60\/","url":"https:\/\/ranoja.ee\/toode\/multifunktsionaalne-masin-konner-sohnen-ks-7hp-mfm-60\/","name":"Multifunktsionaalne masin K\u00f6nner & S\u00f6hnen KS 7HP-MFM 60","isPartOf":{"@id":"https:\/\/ranoja.ee\/#website"},"primaryImageOfPage":{"@id":"https:\/\/ranoja.ee\/toode\/multifunktsionaalne-masin-konner-sohnen-ks-7hp-mfm-60\/#primaryimage"},"image":{"@id":"https:\/\/ranoja.ee\/toode\/multifunktsionaalne-masin-konner-sohnen-ks-7hp-mfm-60\/#primaryimage"},"thumbnailUrl":"https:\/\/ranoja.ee\/wp-content\/uploads\/2025\/09\/Multifunktsionaalne-masin-Konner-Sohnen-KS-7HP-MFM-60.webp","datePublished":"2025-09-12T10:36:03+00:00","dateModified":"2026-04-08T07:00:10+00:00","description":"Multifunktsionaalne masin K\u00f6nner & S\u00f6hnen KS 7HP-MFM 60 Suure j\u00f5udlusega multifunktsionaalne masin on varustatud tugeva 5.5 hj bensiinimootoriga.","breadcrumb":{"@id":"https:\/\/ranoja.ee\/toode\/multifunktsionaalne-masin-konner-sohnen-ks-7hp-mfm-60\/#breadcrumb"},"inLanguage":"en-US","potentialAction":[{"@type":"ReadAction","target":["https:\/\/ranoja.ee\/toode\/multifunktsionaalne-masin-konner-sohnen-ks-7hp-mfm-60\/"]}]},{"@type":"ImageObject","inLanguage":"en-US","@id":"https:\/\/ranoja.ee\/toode\/multifunktsionaalne-masin-konner-sohnen-ks-7hp-mfm-60\/#primaryimage","url":"https:\/\/ranoja.ee\/wp-content\/uploads\/2025\/09\/Multifunktsionaalne-masin-Konner-Sohnen-KS-7HP-MFM-60.webp","contentUrl":"https:\/\/ranoja.ee\/wp-content\/uploads\/2025\/09\/Multifunktsionaalne-masin-Konner-Sohnen-KS-7HP-MFM-60.webp","width":1104,"height":875,"caption":"Multifunktsionaalne masin K\u00f6nner & S\u00f6hnen KS 7HP-MFM 60"},{"@type":"BreadcrumbList","@id":"https:\/\/ranoja.ee\/toode\/multifunktsionaalne-masin-konner-sohnen-ks-7hp-mfm-60\/#breadcrumb","itemListElement":[{"@type":"ListItem","position":1,"name":"Home","item":"https:\/\/ranoja.ee\/"},{"@type":"ListItem","position":2,"name":"Shop","item":"https:\/\/ranoja.ee\/en\/shop\/"},{"@type":"ListItem","position":3,"name":"Multifunktsionaalne masin K\u00f6nner &#038; S\u00f6hnen KS 7HP-MFM 60"}]},{"@type":"WebSite","@id":"https:\/\/ranoja.ee\/#website","url":"https:\/\/ranoja.ee\/","name":"Ranoja","description":"Equipment Shop WooCommerce WordPress Theme for Machine &amp; Tools","publisher":{"@id":"https:\/\/ranoja.ee\/#organization"},"potentialAction":[{"@type":"SearchAction","target":{"@type":"EntryPoint","urlTemplate":"https:\/\/ranoja.ee\/?s={search_term_string}"},"query-input":{"@type":"PropertyValueSpecification","valueRequired":true,"valueName":"search_term_string"}}],"inLanguage":"en-US"},{"@type":"Organization","@id":"https:\/\/ranoja.ee\/#organization","name":"Ranoja O\u00dc","url":"https:\/\/ranoja.ee\/","logo":{"@type":"ImageObject","inLanguage":"en-US","@id":"https:\/\/ranoja.ee\/#\/schema\/logo\/image\/","url":"https:\/\/ranoja.ee\/wp-content\/uploads\/2023\/11\/ranoja-Logo.png","contentUrl":"https:\/\/ranoja.ee\/wp-content\/uploads\/2023\/11\/ranoja-Logo.png","width":207,"height":58,"caption":"Ranoja O\u00dc"},"image":{"@id":"https:\/\/ranoja.ee\/#\/schema\/logo\/image\/"},"sameAs":["https:\/\/www.facebook.com\/ranoja.ee","https:\/\/www.instagram.com\/ranoja__\/"]}]}},"_links":{"self":[{"href":"https:\/\/ranoja.ee\/en\/wp-json\/wp\/v2\/product\/20959","targetHints":{"allow":["GET"]}}],"collection":[{"href":"https:\/\/ranoja.ee\/en\/wp-json\/wp\/v2\/product"}],"about":[{"href":"https:\/\/ranoja.ee\/en\/wp-json\/wp\/v2\/types\/product"}],"wp:featuredmedia":[{"embeddable":true,"href":"https:\/\/ranoja.ee\/en\/wp-json\/wp\/v2\/media\/20966"}],"wp:attachment":[{"href":"https:\/\/ranoja.ee\/en\/wp-json\/wp\/v2\/media?parent=20959"}],"wp:term":[{"taxonomy":"product_cat","embeddable":true,"href":"https:\/\/ranoja.ee\/en\/wp-json\/wp\/v2\/product_cat?post=20959"},{"taxonomy":"product_tag","embeddable":true,"href":"https:\/\/ranoja.ee\/en\/wp-json\/wp\/v2\/product_tag?post=20959"}],"curies":[{"name":"wp","href":"https:\/\/api.w.org\/{rel}","templated":true}]}}