{"id":20792,"date":"2025-09-05T20:35:13","date_gmt":"2025-09-05T17:35:13","guid":{"rendered":"https:\/\/ranoja.ee\/?post_type=product&#038;p=20792"},"modified":"2026-04-08T10:00:11","modified_gmt":"2026-04-08T07:00:11","slug":"konner-sohnen-mullafreesi-rattakinnituse-telg-ks-at23","status":"publish","type":"product","link":"https:\/\/ranoja.ee\/en\/toode\/konner-sohnen-mullafreesi-rattakinnituse-telg-ks-at23\/","title":{"rendered":"K\u00f6nner &#038; S\u00f6hnen mullafreesi rattakinnituse telg KS AT23"},"content":{"rendered":"<p>K\u00f6nner &#038; S\u00f6hnen mullafreesi rattakinnituse telg KS AT23<\/p>\n<p>Poolv\u00f5ll on v\u00e4ike, kuid \u00fclioluline lisatarvik K\u00f6nner &#038; S\u00f6hnen bensiinimullafreesidele. Mis v\u00f5imaldab mugavalt ja stabiilselt kinnitada tugirattid v\u00f5i metallrattaid. See terasest valmistatud komponent on m\u00f5eldud kasutamiseks peamiselt transportimiseks \u2014 et freesi oleks lihtsam teisaldada v\u00e4ljas t\u00f6\u00f6tades.<\/p>\n<p>Poolv\u00f5lli konstruktsioon on l\u00e4bim\u00f5eldud: see on v\u00e4hemalt 20 cm pikk ja 23 mm kuuskantp\u00f5hise v\u00f5lliga, mis tagab kindla sobivuse freesi konstruktsiooniga. Kuuskantsed k\u00fcljed aitavad v\u00e4ltida rataste libisemist. Mis tagavad kindla p\u00f6\u00f6ramise ning stabiilsuse ka eba\u00fchtlastel pindadel .<\/p>\n<p>Seda tarvikut saab kasutada nii \u00fches t\u00fckis kui ka paaris, s\u00f5ltuvalt vajadusest. See mahub ratta k\u00fclge lihtsalt ja t\u00f6\u00f6tab mitme erineva mullafreesi mudeliga \u2014 nimelt:   KS 7HP-850A, KS 7HP-950A, KS 7HP-950S, KS 7HP-1050G ja KS 9HP-1350G-3.<\/p>\n<p>Seega on see modulaarne lahendus, mis sobib mitmekesise mudelivalikuga ja laiendab freesi kasutusv\u00f5imalusi.<br \/>\nPoolv\u00f5ll on vastupidav, valmistatud tugevast metallist, mis teeb selle t\u00f6\u00f6kindlaks igap\u00e4evaseks aiapidust\u00f6\u00f6s ja transpordiks.<\/p>\n<p>Paigaldus on lihtne, see n\u00f5uab vaid poolv\u00f5lli sisestamist freesi ja ratta vahele, ilma keeruliste t\u00f6\u00f6riistade v\u00f5i paigaldustoiminguteta.<\/p>\n<p>Kokkuv\u00f5ttes annab KS AT23 sulle lihtsa, taskukohase ja praktilise viisi. Kuidas lisada mullafreesile mobiilsust, parandada transporti ja tagada kindlam rataste kinnitamine. <\/p>\n<p>K\u00f6nner &#038; S\u00f6hnen mullafreesi rattakinnituse telg KS AT23<\/p>\n","protected":false},"excerpt":{"rendered":"<p>K\u00f6nner &#038; S\u00f6hnen mullafreesi rattakinnituse telg KS AT23<br \/>\nKuuskantp\u00f5hise v\u00f5lli l\u00e4bim\u00f5\u00f5t: 23 mm<br \/>\nPikkus: 20 cm<br \/>\nLihtne kinnitada mullafreesi k\u00fclge<br \/>\nTugev metallkonstruktsioon<br \/>\nRattakinnituse telg sobib j\u00e4rgmistele mullafreesidele:<br \/>\nKS 7HP-850A<br \/>\nKS 7HP-950A<br \/>\nKS 7HP-950S<br \/>\nKS 7HP-1050G<br \/>\nKS 9HP-1350G-3<br \/>\nKaal: 13 kg<br \/>\n<strong>Eeldatav tarneaeg 1-7 t\u00f6\u00f6p\u00e4eva<\/strong><\/p>\n","protected":false},"featured_media":20795,"template":"","meta":{"inline_featured_image":false},"product_cat":[1079,1082],"product_tag":[1186,1813,2170,2167,2168,2169,2171,2172,2182,1174],"class_list":{"0":"post-20792","1":"product","2":"type-product","3":"status-publish","4":"has-post-thumbnail","6":"product_brand-konner-sohnen","7":"product_cat-aiatehnika-ja-niidutehnika","8":"product_cat-mullafreesid","9":"product_tag-ader","10":"product_tag-konner-sohnen","11":"product_tag-ks-7hp-1050g","12":"product_tag-ks-7hp-850a","13":"product_tag-ks-7hp-950a","14":"product_tag-ks-7hp-950s","15":"product_tag-ks-9hp-1350g-3-400","16":"product_tag-ks-9hp-1350g-3-500","17":"product_tag-ks-at23","18":"product_tag-mullafrees","20":"first","21":"outofstock","22":"taxable","23":"shipping-taxable","24":"purchasable","25":"product-type-simple"},"yoast_head":"<!-- This site is optimized with the Yoast SEO plugin v27.4 - https:\/\/yoast.com\/product\/yoast-seo-wordpress\/ -->\n<title>K\u00f6nner &amp; S\u00f6hnen mullafreesi rattakinnituse telg KS AT23<\/title>\n<meta name=\"description\" content=\"K\u00f6nner &amp; S\u00f6hnen mullafreesi rattakinnituse telg KS AT23 See terasest valmistatud komponent on m\u00f5eldud kasutamiseks peamiselt transportimiseks.\" \/>\n<meta name=\"robots\" content=\"index, follow, max-snippet:-1, max-image-preview:large, max-video-preview:-1\" \/>\n<link rel=\"canonical\" href=\"https:\/\/ranoja.ee\/toode\/konner-sohnen-mullafreesi-rattakinnituse-telg-ks-at23\/\" \/>\n<meta property=\"og:locale\" content=\"en_US\" \/>\n<meta property=\"og:type\" content=\"article\" \/>\n<meta property=\"og:title\" content=\"K\u00f6nner &amp; S\u00f6hnen mullafreesi rattakinnituse telg KS AT23\" \/>\n<meta property=\"og:description\" content=\"K\u00f6nner &amp; S\u00f6hnen mullafreesi rattakinnituse telg KS AT23 See terasest valmistatud komponent on m\u00f5eldud kasutamiseks peamiselt transportimiseks.\" \/>\n<meta property=\"og:url\" content=\"https:\/\/ranoja.ee\/toode\/konner-sohnen-mullafreesi-rattakinnituse-telg-ks-at23\/\" \/>\n<meta property=\"og:site_name\" content=\"Ranoja\" \/>\n<meta property=\"article:publisher\" content=\"https:\/\/www.facebook.com\/ranoja.ee\" \/>\n<meta property=\"article:modified_time\" content=\"2026-04-08T07:00:11+00:00\" \/>\n<meta property=\"og:image\" content=\"https:\/\/ranoja.ee\/wp-content\/uploads\/2025\/09\/Konner-Sohnen-mullafreesi-rattakinnituse-telg-KS-AT23.webp\" \/>\n\t<meta property=\"og:image:width\" content=\"550\" \/>\n\t<meta property=\"og:image:height\" content=\"436\" \/>\n\t<meta property=\"og:image:type\" content=\"image\/webp\" \/>\n<meta name=\"twitter:card\" content=\"summary_large_image\" \/>\n<meta name=\"twitter:label1\" content=\"Est. reading time\" \/>\n\t<meta name=\"twitter:data1\" content=\"2 minutes\" \/>\n<script type=\"application\/ld+json\" class=\"yoast-schema-graph\">{\"@context\":\"https:\\\/\\\/schema.org\",\"@graph\":[{\"@type\":\"WebPage\",\"@id\":\"https:\\\/\\\/ranoja.ee\\\/toode\\\/konner-sohnen-mullafreesi-rattakinnituse-telg-ks-at23\\\/\",\"url\":\"https:\\\/\\\/ranoja.ee\\\/toode\\\/konner-sohnen-mullafreesi-rattakinnituse-telg-ks-at23\\\/\",\"name\":\"K\u00f6nner & S\u00f6hnen mullafreesi rattakinnituse telg KS AT23\",\"isPartOf\":{\"@id\":\"https:\\\/\\\/ranoja.ee\\\/#website\"},\"primaryImageOfPage\":{\"@id\":\"https:\\\/\\\/ranoja.ee\\\/toode\\\/konner-sohnen-mullafreesi-rattakinnituse-telg-ks-at23\\\/#primaryimage\"},\"image\":{\"@id\":\"https:\\\/\\\/ranoja.ee\\\/toode\\\/konner-sohnen-mullafreesi-rattakinnituse-telg-ks-at23\\\/#primaryimage\"},\"thumbnailUrl\":\"https:\\\/\\\/ranoja.ee\\\/wp-content\\\/uploads\\\/2025\\\/09\\\/Konner-Sohnen-mullafreesi-rattakinnituse-telg-KS-AT23.webp\",\"datePublished\":\"2025-09-05T17:35:13+00:00\",\"dateModified\":\"2026-04-08T07:00:11+00:00\",\"description\":\"K\u00f6nner & S\u00f6hnen mullafreesi rattakinnituse telg KS AT23 See terasest valmistatud komponent on m\u00f5eldud kasutamiseks peamiselt transportimiseks.\",\"breadcrumb\":{\"@id\":\"https:\\\/\\\/ranoja.ee\\\/toode\\\/konner-sohnen-mullafreesi-rattakinnituse-telg-ks-at23\\\/#breadcrumb\"},\"inLanguage\":\"en-US\",\"potentialAction\":[{\"@type\":\"ReadAction\",\"target\":[\"https:\\\/\\\/ranoja.ee\\\/toode\\\/konner-sohnen-mullafreesi-rattakinnituse-telg-ks-at23\\\/\"]}]},{\"@type\":\"ImageObject\",\"inLanguage\":\"en-US\",\"@id\":\"https:\\\/\\\/ranoja.ee\\\/toode\\\/konner-sohnen-mullafreesi-rattakinnituse-telg-ks-at23\\\/#primaryimage\",\"url\":\"https:\\\/\\\/ranoja.ee\\\/wp-content\\\/uploads\\\/2025\\\/09\\\/Konner-Sohnen-mullafreesi-rattakinnituse-telg-KS-AT23.webp\",\"contentUrl\":\"https:\\\/\\\/ranoja.ee\\\/wp-content\\\/uploads\\\/2025\\\/09\\\/Konner-Sohnen-mullafreesi-rattakinnituse-telg-KS-AT23.webp\",\"width\":550,\"height\":436,\"caption\":\"K\u00f6nner & S\u00f6hnen mullafreesi rattakinnituse telg KS AT23\"},{\"@type\":\"BreadcrumbList\",\"@id\":\"https:\\\/\\\/ranoja.ee\\\/toode\\\/konner-sohnen-mullafreesi-rattakinnituse-telg-ks-at23\\\/#breadcrumb\",\"itemListElement\":[{\"@type\":\"ListItem\",\"position\":1,\"name\":\"Home\",\"item\":\"https:\\\/\\\/ranoja.ee\\\/\"},{\"@type\":\"ListItem\",\"position\":2,\"name\":\"Shop\",\"item\":\"https:\\\/\\\/ranoja.ee\\\/en\\\/shop\\\/\"},{\"@type\":\"ListItem\",\"position\":3,\"name\":\"K\u00f6nner &#038; S\u00f6hnen mullafreesi rattakinnituse telg KS AT23\"}]},{\"@type\":\"WebSite\",\"@id\":\"https:\\\/\\\/ranoja.ee\\\/#website\",\"url\":\"https:\\\/\\\/ranoja.ee\\\/\",\"name\":\"Ranoja\",\"description\":\"Equipment Shop WooCommerce WordPress Theme for Machine &amp; Tools\",\"publisher\":{\"@id\":\"https:\\\/\\\/ranoja.ee\\\/#organization\"},\"potentialAction\":[{\"@type\":\"SearchAction\",\"target\":{\"@type\":\"EntryPoint\",\"urlTemplate\":\"https:\\\/\\\/ranoja.ee\\\/?s={search_term_string}\"},\"query-input\":{\"@type\":\"PropertyValueSpecification\",\"valueRequired\":true,\"valueName\":\"search_term_string\"}}],\"inLanguage\":\"en-US\"},{\"@type\":\"Organization\",\"@id\":\"https:\\\/\\\/ranoja.ee\\\/#organization\",\"name\":\"Ranoja O\u00dc\",\"url\":\"https:\\\/\\\/ranoja.ee\\\/\",\"logo\":{\"@type\":\"ImageObject\",\"inLanguage\":\"en-US\",\"@id\":\"https:\\\/\\\/ranoja.ee\\\/#\\\/schema\\\/logo\\\/image\\\/\",\"url\":\"https:\\\/\\\/ranoja.ee\\\/wp-content\\\/uploads\\\/2023\\\/11\\\/ranoja-Logo.png\",\"contentUrl\":\"https:\\\/\\\/ranoja.ee\\\/wp-content\\\/uploads\\\/2023\\\/11\\\/ranoja-Logo.png\",\"width\":207,\"height\":58,\"caption\":\"Ranoja O\u00dc\"},\"image\":{\"@id\":\"https:\\\/\\\/ranoja.ee\\\/#\\\/schema\\\/logo\\\/image\\\/\"},\"sameAs\":[\"https:\\\/\\\/www.facebook.com\\\/ranoja.ee\",\"https:\\\/\\\/www.instagram.com\\\/ranoja__\\\/\"]}]}<\/script>\n<!-- \/ Yoast SEO plugin. -->","yoast_head_json":{"title":"K\u00f6nner & S\u00f6hnen mullafreesi rattakinnituse telg KS AT23","description":"K\u00f6nner & S\u00f6hnen mullafreesi rattakinnituse telg KS AT23 See terasest valmistatud komponent on m\u00f5eldud kasutamiseks peamiselt transportimiseks.","robots":{"index":"index","follow":"follow","max-snippet":"max-snippet:-1","max-image-preview":"max-image-preview:large","max-video-preview":"max-video-preview:-1"},"canonical":"https:\/\/ranoja.ee\/toode\/konner-sohnen-mullafreesi-rattakinnituse-telg-ks-at23\/","og_locale":"en_US","og_type":"article","og_title":"K\u00f6nner & S\u00f6hnen mullafreesi rattakinnituse telg KS AT23","og_description":"K\u00f6nner & S\u00f6hnen mullafreesi rattakinnituse telg KS AT23 See terasest valmistatud komponent on m\u00f5eldud kasutamiseks peamiselt transportimiseks.","og_url":"https:\/\/ranoja.ee\/toode\/konner-sohnen-mullafreesi-rattakinnituse-telg-ks-at23\/","og_site_name":"Ranoja","article_publisher":"https:\/\/www.facebook.com\/ranoja.ee","article_modified_time":"2026-04-08T07:00:11+00:00","og_image":[{"width":550,"height":436,"url":"https:\/\/ranoja.ee\/wp-content\/uploads\/2025\/09\/Konner-Sohnen-mullafreesi-rattakinnituse-telg-KS-AT23.webp","type":"image\/webp"}],"twitter_card":"summary_large_image","twitter_misc":{"Est. reading time":"2 minutes"},"schema":{"@context":"https:\/\/schema.org","@graph":[{"@type":"WebPage","@id":"https:\/\/ranoja.ee\/toode\/konner-sohnen-mullafreesi-rattakinnituse-telg-ks-at23\/","url":"https:\/\/ranoja.ee\/toode\/konner-sohnen-mullafreesi-rattakinnituse-telg-ks-at23\/","name":"K\u00f6nner & S\u00f6hnen mullafreesi rattakinnituse telg KS AT23","isPartOf":{"@id":"https:\/\/ranoja.ee\/#website"},"primaryImageOfPage":{"@id":"https:\/\/ranoja.ee\/toode\/konner-sohnen-mullafreesi-rattakinnituse-telg-ks-at23\/#primaryimage"},"image":{"@id":"https:\/\/ranoja.ee\/toode\/konner-sohnen-mullafreesi-rattakinnituse-telg-ks-at23\/#primaryimage"},"thumbnailUrl":"https:\/\/ranoja.ee\/wp-content\/uploads\/2025\/09\/Konner-Sohnen-mullafreesi-rattakinnituse-telg-KS-AT23.webp","datePublished":"2025-09-05T17:35:13+00:00","dateModified":"2026-04-08T07:00:11+00:00","description":"K\u00f6nner & S\u00f6hnen mullafreesi rattakinnituse telg KS AT23 See terasest valmistatud komponent on m\u00f5eldud kasutamiseks peamiselt transportimiseks.","breadcrumb":{"@id":"https:\/\/ranoja.ee\/toode\/konner-sohnen-mullafreesi-rattakinnituse-telg-ks-at23\/#breadcrumb"},"inLanguage":"en-US","potentialAction":[{"@type":"ReadAction","target":["https:\/\/ranoja.ee\/toode\/konner-sohnen-mullafreesi-rattakinnituse-telg-ks-at23\/"]}]},{"@type":"ImageObject","inLanguage":"en-US","@id":"https:\/\/ranoja.ee\/toode\/konner-sohnen-mullafreesi-rattakinnituse-telg-ks-at23\/#primaryimage","url":"https:\/\/ranoja.ee\/wp-content\/uploads\/2025\/09\/Konner-Sohnen-mullafreesi-rattakinnituse-telg-KS-AT23.webp","contentUrl":"https:\/\/ranoja.ee\/wp-content\/uploads\/2025\/09\/Konner-Sohnen-mullafreesi-rattakinnituse-telg-KS-AT23.webp","width":550,"height":436,"caption":"K\u00f6nner & S\u00f6hnen mullafreesi rattakinnituse telg KS AT23"},{"@type":"BreadcrumbList","@id":"https:\/\/ranoja.ee\/toode\/konner-sohnen-mullafreesi-rattakinnituse-telg-ks-at23\/#breadcrumb","itemListElement":[{"@type":"ListItem","position":1,"name":"Home","item":"https:\/\/ranoja.ee\/"},{"@type":"ListItem","position":2,"name":"Shop","item":"https:\/\/ranoja.ee\/en\/shop\/"},{"@type":"ListItem","position":3,"name":"K\u00f6nner &#038; S\u00f6hnen mullafreesi rattakinnituse telg KS AT23"}]},{"@type":"WebSite","@id":"https:\/\/ranoja.ee\/#website","url":"https:\/\/ranoja.ee\/","name":"Ranoja","description":"Equipment Shop WooCommerce WordPress Theme for Machine &amp; Tools","publisher":{"@id":"https:\/\/ranoja.ee\/#organization"},"potentialAction":[{"@type":"SearchAction","target":{"@type":"EntryPoint","urlTemplate":"https:\/\/ranoja.ee\/?s={search_term_string}"},"query-input":{"@type":"PropertyValueSpecification","valueRequired":true,"valueName":"search_term_string"}}],"inLanguage":"en-US"},{"@type":"Organization","@id":"https:\/\/ranoja.ee\/#organization","name":"Ranoja O\u00dc","url":"https:\/\/ranoja.ee\/","logo":{"@type":"ImageObject","inLanguage":"en-US","@id":"https:\/\/ranoja.ee\/#\/schema\/logo\/image\/","url":"https:\/\/ranoja.ee\/wp-content\/uploads\/2023\/11\/ranoja-Logo.png","contentUrl":"https:\/\/ranoja.ee\/wp-content\/uploads\/2023\/11\/ranoja-Logo.png","width":207,"height":58,"caption":"Ranoja O\u00dc"},"image":{"@id":"https:\/\/ranoja.ee\/#\/schema\/logo\/image\/"},"sameAs":["https:\/\/www.facebook.com\/ranoja.ee","https:\/\/www.instagram.com\/ranoja__\/"]}]}},"_links":{"self":[{"href":"https:\/\/ranoja.ee\/en\/wp-json\/wp\/v2\/product\/20792","targetHints":{"allow":["GET"]}}],"collection":[{"href":"https:\/\/ranoja.ee\/en\/wp-json\/wp\/v2\/product"}],"about":[{"href":"https:\/\/ranoja.ee\/en\/wp-json\/wp\/v2\/types\/product"}],"wp:featuredmedia":[{"embeddable":true,"href":"https:\/\/ranoja.ee\/en\/wp-json\/wp\/v2\/media\/20795"}],"wp:attachment":[{"href":"https:\/\/ranoja.ee\/en\/wp-json\/wp\/v2\/media?parent=20792"}],"wp:term":[{"taxonomy":"product_cat","embeddable":true,"href":"https:\/\/ranoja.ee\/en\/wp-json\/wp\/v2\/product_cat?post=20792"},{"taxonomy":"product_tag","embeddable":true,"href":"https:\/\/ranoja.ee\/en\/wp-json\/wp\/v2\/product_tag?post=20792"}],"curies":[{"name":"wp","href":"https:\/\/api.w.org\/{rel}","templated":true}]}}