{"id":20746,"date":"2025-09-05T16:22:57","date_gmt":"2025-09-05T13:22:57","guid":{"rendered":"https:\/\/ranoja.ee\/?post_type=product&#038;p=20746"},"modified":"2026-04-08T10:00:12","modified_gmt":"2026-04-08T07:00:12","slug":"konner-sohnen-mullafreesi-rattad-ks-rw50","status":"publish","type":"product","link":"https:\/\/ranoja.ee\/en\/toode\/konner-sohnen-mullafreesi-rattad-ks-rw50\/","title":{"rendered":"K\u00f6nner &#038; S\u00f6hnen mullafreesi rattad KS RW50"},"content":{"rendered":"<p>K\u00f6nner &#038; S\u00f6hnen mullafreesi rattad KS RW50<\/p>\n<p>KS RW50 on 5.00-12\u2033 suuruses k\u00f5rgprofiilne pneumaatilised rattad, mis on spetsiaalselt loodud K\u00f6nner &#038; S\u00f6hnen bensiinimullafreesidega \u00fchilduvaks.<br \/>\nNeed rattad parandavad oluliselt man\u00f6\u00f6verdusv\u00f5imet ja mobiilsust nii mullal kui ka teistel pinnastel.<\/p>\n<p>Rattad \u00fchilduvad j\u00e4rgmiste mullafreesi mudelitega:<br \/>\nKS 7HP-1050G<br \/>\nKS 9HP-1350G-3 <\/p>\n<p>Funktsioone ja eeliseid:<\/p>\n<p>Tugev profiil:<br \/>\nRattaprofiil on k\u00f5rge, mis parandab man\u00f6\u00f6verdamist ja l\u00e4bivust erinevatel pinnastel.<\/p>\n<p>Vibratsiooni summutus:<br \/>\nPneumaatilised rattad neelavad paremini maapinnast tuleva vibratsiooni, muutes freesi k\u00e4sitsemise mugavamaks.<\/p>\n<p>Paranenud haarduvus:<br \/>\nT\u00e4nu s\u00fcgavale mustrile tagavad suurep\u00e4rase veoj\u00f5u, eriti kasulik eba\u00fchtlastel v\u00f5i m\u00e4rgadel aladel.<\/p>\n<p>Paigaldus ja kasutamine:<br \/>\nPaigaldamine n\u00f5uab freesi, l\u00f5iketerade kaitsmete eemaldamist, et rattaid saaks kinnitada freesile.<\/p>\n<p>Kokkuv\u00f5te:<br \/>\nKS RW50 pneumaatilised rattad on v\u00e4\u00e4rtuslik tarvik, mis muudab sinu KS 7HP-1050G v\u00f5i KS 9HP-1350G-3 mullafreesi liikuvamaks ja t\u00f5husamaks ka keerukamal maastikul.<br \/>\nSobitus 5.00-12\u2033; kaal ainult ~9,6 kg.<br \/>\nSuur profiil ja s\u00fcgav muster parandavad veoj\u00f5udu ja vibratsiooni neeldumist.<br \/>\nH\u00f5lbustab liikumist ja muudab kasutamise v\u00e4hem pingeliseks.<br \/>\nN\u00f5uab tiibade eemaldamist ning m\u00fc\u00fcgil kahekaupa.<\/p>\n<p>K\u00f6nner &#038; S\u00f6hnen mullafreesi rattad KS RW50<\/p>\n","protected":false},"excerpt":{"rendered":"<p>K\u00f6nner &#038; S\u00f6hnen mullafreesi rattad KS RW50<br \/>\nRataste l\u00e4bim\u00f5\u00f5t: 5.00-12\u2033<br \/>\nRattad \u00fchilduvad j\u00e4rgmiste mullafreesi mudelitega:<br \/>\nKS 7HP-1050G<br \/>\nKS 9HP-1350G-3<br \/>\nKaal: 9.6 kg<br \/>\n<strong>Eeldatav tarneaeg 1-7 t\u00f6\u00f6p\u00e4eva<\/strong><\/p>\n","protected":false},"featured_media":20751,"template":"","meta":{"inline_featured_image":false},"product_cat":[1079,1082],"product_tag":[1813,2170,2171,2172,2175,1174,2174],"class_list":{"0":"post-20746","1":"product","2":"type-product","3":"status-publish","4":"has-post-thumbnail","6":"product_brand-konner-sohnen","7":"product_cat-aiatehnika-ja-niidutehnika","8":"product_cat-mullafreesid","9":"product_tag-konner-sohnen","10":"product_tag-ks-7hp-1050g","11":"product_tag-ks-9hp-1350g-3-400","12":"product_tag-ks-9hp-1350g-3-500","13":"product_tag-ks-rw50","14":"product_tag-mullafrees","15":"product_tag-rattad","17":"first","18":"outofstock","19":"taxable","20":"shipping-taxable","21":"purchasable","22":"product-type-simple"},"yoast_head":"<!-- This site is optimized with the Yoast SEO plugin v27.4 - https:\/\/yoast.com\/product\/yoast-seo-wordpress\/ -->\n<title>K\u00f6nner &amp; S\u00f6hnen mullafreesi rattad KS RW50<\/title>\n<meta name=\"description\" content=\"K\u00f6nner &amp; S\u00f6hnen mullafreesi rattad KS RW50 On suurep\u00e4rane lisa, mis muudab mullafreeside transportimise ja man\u00f6\u00f6verdamise lihtsamaks ja mugavamaks.\" \/>\n<meta name=\"robots\" content=\"index, follow, max-snippet:-1, max-image-preview:large, max-video-preview:-1\" \/>\n<link rel=\"canonical\" href=\"https:\/\/ranoja.ee\/toode\/konner-sohnen-mullafreesi-rattad-ks-rw50\/\" \/>\n<meta property=\"og:locale\" content=\"en_US\" \/>\n<meta property=\"og:type\" content=\"article\" \/>\n<meta property=\"og:title\" content=\"K\u00f6nner &amp; S\u00f6hnen mullafreesi rattad KS RW50\" \/>\n<meta property=\"og:description\" content=\"K\u00f6nner &amp; S\u00f6hnen mullafreesi rattad KS RW50 On suurep\u00e4rane lisa, mis muudab mullafreeside transportimise ja man\u00f6\u00f6verdamise lihtsamaks ja mugavamaks.\" \/>\n<meta property=\"og:url\" content=\"https:\/\/ranoja.ee\/toode\/konner-sohnen-mullafreesi-rattad-ks-rw50\/\" \/>\n<meta property=\"og:site_name\" content=\"Ranoja\" \/>\n<meta property=\"article:publisher\" content=\"https:\/\/www.facebook.com\/ranoja.ee\" \/>\n<meta property=\"article:modified_time\" content=\"2026-04-08T07:00:12+00:00\" \/>\n<meta property=\"og:image\" content=\"https:\/\/ranoja.ee\/wp-content\/uploads\/2025\/09\/Konner-Sohnen-mullafreesi-rattad-KS-RW50.webp\" \/>\n\t<meta property=\"og:image:width\" content=\"1000\" \/>\n\t<meta property=\"og:image:height\" content=\"792\" \/>\n\t<meta property=\"og:image:type\" content=\"image\/webp\" \/>\n<meta name=\"twitter:card\" content=\"summary_large_image\" \/>\n<meta name=\"twitter:label1\" content=\"Est. reading time\" \/>\n\t<meta name=\"twitter:data1\" content=\"2 minutes\" \/>\n<script type=\"application\/ld+json\" class=\"yoast-schema-graph\">{\"@context\":\"https:\\\/\\\/schema.org\",\"@graph\":[{\"@type\":\"WebPage\",\"@id\":\"https:\\\/\\\/ranoja.ee\\\/toode\\\/konner-sohnen-mullafreesi-rattad-ks-rw50\\\/\",\"url\":\"https:\\\/\\\/ranoja.ee\\\/toode\\\/konner-sohnen-mullafreesi-rattad-ks-rw50\\\/\",\"name\":\"K\u00f6nner & S\u00f6hnen mullafreesi rattad KS RW50\",\"isPartOf\":{\"@id\":\"https:\\\/\\\/ranoja.ee\\\/#website\"},\"primaryImageOfPage\":{\"@id\":\"https:\\\/\\\/ranoja.ee\\\/toode\\\/konner-sohnen-mullafreesi-rattad-ks-rw50\\\/#primaryimage\"},\"image\":{\"@id\":\"https:\\\/\\\/ranoja.ee\\\/toode\\\/konner-sohnen-mullafreesi-rattad-ks-rw50\\\/#primaryimage\"},\"thumbnailUrl\":\"https:\\\/\\\/ranoja.ee\\\/wp-content\\\/uploads\\\/2025\\\/09\\\/Konner-Sohnen-mullafreesi-rattad-KS-RW50.webp\",\"datePublished\":\"2025-09-05T13:22:57+00:00\",\"dateModified\":\"2026-04-08T07:00:12+00:00\",\"description\":\"K\u00f6nner & S\u00f6hnen mullafreesi rattad KS RW50 On suurep\u00e4rane lisa, mis muudab mullafreeside transportimise ja man\u00f6\u00f6verdamise lihtsamaks ja mugavamaks.\",\"breadcrumb\":{\"@id\":\"https:\\\/\\\/ranoja.ee\\\/toode\\\/konner-sohnen-mullafreesi-rattad-ks-rw50\\\/#breadcrumb\"},\"inLanguage\":\"en-US\",\"potentialAction\":[{\"@type\":\"ReadAction\",\"target\":[\"https:\\\/\\\/ranoja.ee\\\/toode\\\/konner-sohnen-mullafreesi-rattad-ks-rw50\\\/\"]}]},{\"@type\":\"ImageObject\",\"inLanguage\":\"en-US\",\"@id\":\"https:\\\/\\\/ranoja.ee\\\/toode\\\/konner-sohnen-mullafreesi-rattad-ks-rw50\\\/#primaryimage\",\"url\":\"https:\\\/\\\/ranoja.ee\\\/wp-content\\\/uploads\\\/2025\\\/09\\\/Konner-Sohnen-mullafreesi-rattad-KS-RW50.webp\",\"contentUrl\":\"https:\\\/\\\/ranoja.ee\\\/wp-content\\\/uploads\\\/2025\\\/09\\\/Konner-Sohnen-mullafreesi-rattad-KS-RW50.webp\",\"width\":1000,\"height\":792,\"caption\":\"K\u00f6nner & S\u00f6hnen mullafreesi rattad KS RW50\"},{\"@type\":\"BreadcrumbList\",\"@id\":\"https:\\\/\\\/ranoja.ee\\\/toode\\\/konner-sohnen-mullafreesi-rattad-ks-rw50\\\/#breadcrumb\",\"itemListElement\":[{\"@type\":\"ListItem\",\"position\":1,\"name\":\"Home\",\"item\":\"https:\\\/\\\/ranoja.ee\\\/\"},{\"@type\":\"ListItem\",\"position\":2,\"name\":\"Shop\",\"item\":\"https:\\\/\\\/ranoja.ee\\\/en\\\/shop\\\/\"},{\"@type\":\"ListItem\",\"position\":3,\"name\":\"K\u00f6nner &#038; S\u00f6hnen mullafreesi rattad KS RW50\"}]},{\"@type\":\"WebSite\",\"@id\":\"https:\\\/\\\/ranoja.ee\\\/#website\",\"url\":\"https:\\\/\\\/ranoja.ee\\\/\",\"name\":\"Ranoja\",\"description\":\"Equipment Shop WooCommerce WordPress Theme for Machine &amp; Tools\",\"publisher\":{\"@id\":\"https:\\\/\\\/ranoja.ee\\\/#organization\"},\"potentialAction\":[{\"@type\":\"SearchAction\",\"target\":{\"@type\":\"EntryPoint\",\"urlTemplate\":\"https:\\\/\\\/ranoja.ee\\\/?s={search_term_string}\"},\"query-input\":{\"@type\":\"PropertyValueSpecification\",\"valueRequired\":true,\"valueName\":\"search_term_string\"}}],\"inLanguage\":\"en-US\"},{\"@type\":\"Organization\",\"@id\":\"https:\\\/\\\/ranoja.ee\\\/#organization\",\"name\":\"Ranoja O\u00dc\",\"url\":\"https:\\\/\\\/ranoja.ee\\\/\",\"logo\":{\"@type\":\"ImageObject\",\"inLanguage\":\"en-US\",\"@id\":\"https:\\\/\\\/ranoja.ee\\\/#\\\/schema\\\/logo\\\/image\\\/\",\"url\":\"https:\\\/\\\/ranoja.ee\\\/wp-content\\\/uploads\\\/2023\\\/11\\\/ranoja-Logo.png\",\"contentUrl\":\"https:\\\/\\\/ranoja.ee\\\/wp-content\\\/uploads\\\/2023\\\/11\\\/ranoja-Logo.png\",\"width\":207,\"height\":58,\"caption\":\"Ranoja O\u00dc\"},\"image\":{\"@id\":\"https:\\\/\\\/ranoja.ee\\\/#\\\/schema\\\/logo\\\/image\\\/\"},\"sameAs\":[\"https:\\\/\\\/www.facebook.com\\\/ranoja.ee\",\"https:\\\/\\\/www.instagram.com\\\/ranoja__\\\/\"]}]}<\/script>\n<!-- \/ Yoast SEO plugin. -->","yoast_head_json":{"title":"K\u00f6nner & S\u00f6hnen mullafreesi rattad KS RW50","description":"K\u00f6nner & S\u00f6hnen mullafreesi rattad KS RW50 On suurep\u00e4rane lisa, mis muudab mullafreeside transportimise ja man\u00f6\u00f6verdamise lihtsamaks ja mugavamaks.","robots":{"index":"index","follow":"follow","max-snippet":"max-snippet:-1","max-image-preview":"max-image-preview:large","max-video-preview":"max-video-preview:-1"},"canonical":"https:\/\/ranoja.ee\/toode\/konner-sohnen-mullafreesi-rattad-ks-rw50\/","og_locale":"en_US","og_type":"article","og_title":"K\u00f6nner & S\u00f6hnen mullafreesi rattad KS RW50","og_description":"K\u00f6nner & S\u00f6hnen mullafreesi rattad KS RW50 On suurep\u00e4rane lisa, mis muudab mullafreeside transportimise ja man\u00f6\u00f6verdamise lihtsamaks ja mugavamaks.","og_url":"https:\/\/ranoja.ee\/toode\/konner-sohnen-mullafreesi-rattad-ks-rw50\/","og_site_name":"Ranoja","article_publisher":"https:\/\/www.facebook.com\/ranoja.ee","article_modified_time":"2026-04-08T07:00:12+00:00","og_image":[{"width":1000,"height":792,"url":"https:\/\/ranoja.ee\/wp-content\/uploads\/2025\/09\/Konner-Sohnen-mullafreesi-rattad-KS-RW50.webp","type":"image\/webp"}],"twitter_card":"summary_large_image","twitter_misc":{"Est. reading time":"2 minutes"},"schema":{"@context":"https:\/\/schema.org","@graph":[{"@type":"WebPage","@id":"https:\/\/ranoja.ee\/toode\/konner-sohnen-mullafreesi-rattad-ks-rw50\/","url":"https:\/\/ranoja.ee\/toode\/konner-sohnen-mullafreesi-rattad-ks-rw50\/","name":"K\u00f6nner & S\u00f6hnen mullafreesi rattad KS RW50","isPartOf":{"@id":"https:\/\/ranoja.ee\/#website"},"primaryImageOfPage":{"@id":"https:\/\/ranoja.ee\/toode\/konner-sohnen-mullafreesi-rattad-ks-rw50\/#primaryimage"},"image":{"@id":"https:\/\/ranoja.ee\/toode\/konner-sohnen-mullafreesi-rattad-ks-rw50\/#primaryimage"},"thumbnailUrl":"https:\/\/ranoja.ee\/wp-content\/uploads\/2025\/09\/Konner-Sohnen-mullafreesi-rattad-KS-RW50.webp","datePublished":"2025-09-05T13:22:57+00:00","dateModified":"2026-04-08T07:00:12+00:00","description":"K\u00f6nner & S\u00f6hnen mullafreesi rattad KS RW50 On suurep\u00e4rane lisa, mis muudab mullafreeside transportimise ja man\u00f6\u00f6verdamise lihtsamaks ja mugavamaks.","breadcrumb":{"@id":"https:\/\/ranoja.ee\/toode\/konner-sohnen-mullafreesi-rattad-ks-rw50\/#breadcrumb"},"inLanguage":"en-US","potentialAction":[{"@type":"ReadAction","target":["https:\/\/ranoja.ee\/toode\/konner-sohnen-mullafreesi-rattad-ks-rw50\/"]}]},{"@type":"ImageObject","inLanguage":"en-US","@id":"https:\/\/ranoja.ee\/toode\/konner-sohnen-mullafreesi-rattad-ks-rw50\/#primaryimage","url":"https:\/\/ranoja.ee\/wp-content\/uploads\/2025\/09\/Konner-Sohnen-mullafreesi-rattad-KS-RW50.webp","contentUrl":"https:\/\/ranoja.ee\/wp-content\/uploads\/2025\/09\/Konner-Sohnen-mullafreesi-rattad-KS-RW50.webp","width":1000,"height":792,"caption":"K\u00f6nner & S\u00f6hnen mullafreesi rattad KS RW50"},{"@type":"BreadcrumbList","@id":"https:\/\/ranoja.ee\/toode\/konner-sohnen-mullafreesi-rattad-ks-rw50\/#breadcrumb","itemListElement":[{"@type":"ListItem","position":1,"name":"Home","item":"https:\/\/ranoja.ee\/"},{"@type":"ListItem","position":2,"name":"Shop","item":"https:\/\/ranoja.ee\/en\/shop\/"},{"@type":"ListItem","position":3,"name":"K\u00f6nner &#038; S\u00f6hnen mullafreesi rattad KS RW50"}]},{"@type":"WebSite","@id":"https:\/\/ranoja.ee\/#website","url":"https:\/\/ranoja.ee\/","name":"Ranoja","description":"Equipment Shop WooCommerce WordPress Theme for Machine &amp; Tools","publisher":{"@id":"https:\/\/ranoja.ee\/#organization"},"potentialAction":[{"@type":"SearchAction","target":{"@type":"EntryPoint","urlTemplate":"https:\/\/ranoja.ee\/?s={search_term_string}"},"query-input":{"@type":"PropertyValueSpecification","valueRequired":true,"valueName":"search_term_string"}}],"inLanguage":"en-US"},{"@type":"Organization","@id":"https:\/\/ranoja.ee\/#organization","name":"Ranoja O\u00dc","url":"https:\/\/ranoja.ee\/","logo":{"@type":"ImageObject","inLanguage":"en-US","@id":"https:\/\/ranoja.ee\/#\/schema\/logo\/image\/","url":"https:\/\/ranoja.ee\/wp-content\/uploads\/2023\/11\/ranoja-Logo.png","contentUrl":"https:\/\/ranoja.ee\/wp-content\/uploads\/2023\/11\/ranoja-Logo.png","width":207,"height":58,"caption":"Ranoja O\u00dc"},"image":{"@id":"https:\/\/ranoja.ee\/#\/schema\/logo\/image\/"},"sameAs":["https:\/\/www.facebook.com\/ranoja.ee","https:\/\/www.instagram.com\/ranoja__\/"]}]}},"_links":{"self":[{"href":"https:\/\/ranoja.ee\/en\/wp-json\/wp\/v2\/product\/20746","targetHints":{"allow":["GET"]}}],"collection":[{"href":"https:\/\/ranoja.ee\/en\/wp-json\/wp\/v2\/product"}],"about":[{"href":"https:\/\/ranoja.ee\/en\/wp-json\/wp\/v2\/types\/product"}],"wp:featuredmedia":[{"embeddable":true,"href":"https:\/\/ranoja.ee\/en\/wp-json\/wp\/v2\/media\/20751"}],"wp:attachment":[{"href":"https:\/\/ranoja.ee\/en\/wp-json\/wp\/v2\/media?parent=20746"}],"wp:term":[{"taxonomy":"product_cat","embeddable":true,"href":"https:\/\/ranoja.ee\/en\/wp-json\/wp\/v2\/product_cat?post=20746"},{"taxonomy":"product_tag","embeddable":true,"href":"https:\/\/ranoja.ee\/en\/wp-json\/wp\/v2\/product_tag?post=20746"}],"curies":[{"name":"wp","href":"https:\/\/api.w.org\/{rel}","templated":true}]}}