{"id":20735,"date":"2025-09-05T14:28:02","date_gmt":"2025-09-05T11:28:02","guid":{"rendered":"https:\/\/ranoja.ee\/?post_type=product&#038;p=20735"},"modified":"2026-04-08T10:00:12","modified_gmt":"2026-04-08T07:00:12","slug":"konner-sohnen-mullafreesi-rattad-ks-rw40","status":"publish","type":"product","link":"https:\/\/ranoja.ee\/en\/toode\/konner-sohnen-mullafreesi-rattad-ks-rw40\/","title":{"rendered":"K\u00f6nner &#038; S\u00f6hnen mullafreesi rattad KS RW40"},"content":{"rendered":"<p>K\u00f6nner &#038; S\u00f6hnen mullafreesi rattad KS RW40<\/p>\n<p>KS RW40 on 4.00-8\u2033 suuruses k\u00f5rgprofiilne pneumaatilised rattad, mis on spetsiaalselt loodud K\u00f6nner &#038; S\u00f6hnen bensiinimullafreesidega \u00fchilduvaks.<br \/>\nNeed rattad parandavad oluliselt man\u00f6\u00f6verdusv\u00f5imet ja mobiilsust nii mullal kui ka teistel pinnastel.<\/p>\n<p>Rattad \u00fchilduvad j\u00e4rgmiste mullafreesi mudelitega:<\/p>\n<p>KS 7HP-950A<br \/>\nKS 7HP-950S<br \/>\nKS 7HP-1050G<br \/>\nKS 9HP-1350G-3 <\/p>\n<p>Rataste peamised omadused:<\/p>\n<p>Suurus: 4.00-8\u2033 ehk ligikaudu 10 cm lai ja suure l\u00e4bim\u00f5\u00f5duga, mis tagab parema pinna haarduvuse.<br \/>\nRataste t\u00fc\u00fcp: pneumaatiline \u2013 kaitseb maad, summutab vibratsiooni ja lihtsustab liigutamist.<br \/>\nEesm\u00e4rk: h\u00f5lbustada freesi liigutamist ja v\u00e4hendada t\u00f6\u00f6m\u00fcrakasutust.<\/p>\n<p>T\u00e4helepanu tasub p\u00f6\u00f6rata:<\/p>\n<p>Paigaldamiseks tuleb eemaldada freesi l\u00f5iketerade kaitsmed.<br \/>\nMudelite KS 7HP-850A ning KS 7HP-950A puhul ei kuulu pneumaatilised rattad (KS RW40) komplekti. Kui soovid neid kasutada, tuleb lisaks ratastele osta ka spetsiaalsed poolv\u00f5llid (semi-axles) l\u00e4bim\u00f5\u00f5duga 23 mm. Pneumaatilised rattad vajavad kindlat telge, millele rattad kinnitada.<br \/>\nElektriliste mullafreeside standardne telg v\u00f5ib olla erinevat l\u00e4bim\u00f5\u00f5tu.<br \/>\nSobiliku 23 mm poolv\u00f5lli olemasolu tagab, et rataste paigaldus on kindel ja turvaline. Ilma sellise sobiva v\u00f5llita ei saa rattaid fikseerida.<\/p>\n<p>L\u00fchidalt ratastest:<br \/>\nKS RW40 on suurep\u00e4rane lisa, mis muudab mullafreeside transportimise ja man\u00f6\u00f6verdamise lihtsamaks ja mugavamaks, eriti eba\u00fchtlastel pinnastel. Rattad sobivad mitmete v\u00f5imsate bensiinimudelitega, mis teeb need mitmek\u00fclgseks ja praktiliseks t\u00e4ienduskomponendiks.<\/p>\n<p>K\u00f6nner &#038; S\u00f6hnen mullafreesi rattad KS RW40 <\/p>\n","protected":false},"excerpt":{"rendered":"<p>K\u00f6nner &#038; S\u00f6hnen mullafreesi rattad KS RW40<br \/>\nRataste l\u00e4bim\u00f5\u00f5t: 4,00\u20138,00&#8243;<br \/>\nRattad \u00fchilduvad j\u00e4rgmiste mullafreesi mudelitega:<br \/>\nKS 7HP-950A<br \/>\nKS 7HP-950S<br \/>\nKS 7HP-1050G<br \/>\nKS 9HP-1350G-3<br \/>\nKaal: 4 kg<br \/>\n<strong>Eeldatav tarneaeg 1-7 t\u00f6\u00f6p\u00e4eva<\/strong><\/p>\n","protected":false},"featured_media":20738,"template":"","meta":{"inline_featured_image":false},"product_cat":[1079,1082],"product_tag":[1813,2170,2168,2169,2171,2172,2173,1174,2174],"class_list":{"0":"post-20735","1":"product","2":"type-product","3":"status-publish","4":"has-post-thumbnail","6":"product_brand-konner-sohnen","7":"product_cat-aiatehnika-ja-niidutehnika","8":"product_cat-mullafreesid","9":"product_tag-konner-sohnen","10":"product_tag-ks-7hp-1050g","11":"product_tag-ks-7hp-950a","12":"product_tag-ks-7hp-950s","13":"product_tag-ks-9hp-1350g-3-400","14":"product_tag-ks-9hp-1350g-3-500","15":"product_tag-ks-rw40","16":"product_tag-mullafrees","17":"product_tag-rattad","19":"first","20":"outofstock","21":"taxable","22":"shipping-taxable","23":"purchasable","24":"product-type-simple"},"yoast_head":"<!-- This site is optimized with the Yoast SEO plugin v27.4 - https:\/\/yoast.com\/product\/yoast-seo-wordpress\/ -->\n<title>K\u00f6nner &amp; S\u00f6hnen mullafreesi rattad KS RW40<\/title>\n<meta name=\"description\" content=\"K\u00f6nner &amp; S\u00f6hnen mullafreesi rattad KS RW40 On suurep\u00e4rane lisa, mis muudab mullafreeside transportimise ja man\u00f6\u00f6verdamise lihtsamaks ja mugavamaks.\" \/>\n<meta name=\"robots\" content=\"index, follow, max-snippet:-1, max-image-preview:large, max-video-preview:-1\" \/>\n<link rel=\"canonical\" href=\"https:\/\/ranoja.ee\/toode\/konner-sohnen-mullafreesi-rattad-ks-rw40\/\" \/>\n<meta property=\"og:locale\" content=\"en_US\" \/>\n<meta property=\"og:type\" content=\"article\" \/>\n<meta property=\"og:title\" content=\"K\u00f6nner &amp; S\u00f6hnen mullafreesi rattad KS RW40\" \/>\n<meta property=\"og:description\" content=\"K\u00f6nner &amp; S\u00f6hnen mullafreesi rattad KS RW40 On suurep\u00e4rane lisa, mis muudab mullafreeside transportimise ja man\u00f6\u00f6verdamise lihtsamaks ja mugavamaks.\" \/>\n<meta property=\"og:url\" content=\"https:\/\/ranoja.ee\/toode\/konner-sohnen-mullafreesi-rattad-ks-rw40\/\" \/>\n<meta property=\"og:site_name\" content=\"Ranoja\" \/>\n<meta property=\"article:publisher\" content=\"https:\/\/www.facebook.com\/ranoja.ee\" \/>\n<meta property=\"article:modified_time\" content=\"2026-04-08T07:00:12+00:00\" \/>\n<meta property=\"og:image\" content=\"https:\/\/ranoja.ee\/wp-content\/uploads\/2025\/09\/Konner-Sohnen-mullafreesi-rattad-KS-RW40-3.webp\" \/>\n\t<meta property=\"og:image:width\" content=\"900\" \/>\n\t<meta property=\"og:image:height\" content=\"713\" \/>\n\t<meta property=\"og:image:type\" content=\"image\/webp\" \/>\n<meta name=\"twitter:card\" content=\"summary_large_image\" \/>\n<meta name=\"twitter:label1\" content=\"Est. reading time\" \/>\n\t<meta name=\"twitter:data1\" content=\"2 minutes\" \/>\n<script type=\"application\/ld+json\" class=\"yoast-schema-graph\">{\"@context\":\"https:\\\/\\\/schema.org\",\"@graph\":[{\"@type\":\"WebPage\",\"@id\":\"https:\\\/\\\/ranoja.ee\\\/toode\\\/konner-sohnen-mullafreesi-rattad-ks-rw40\\\/\",\"url\":\"https:\\\/\\\/ranoja.ee\\\/toode\\\/konner-sohnen-mullafreesi-rattad-ks-rw40\\\/\",\"name\":\"K\u00f6nner & S\u00f6hnen mullafreesi rattad KS RW40\",\"isPartOf\":{\"@id\":\"https:\\\/\\\/ranoja.ee\\\/#website\"},\"primaryImageOfPage\":{\"@id\":\"https:\\\/\\\/ranoja.ee\\\/toode\\\/konner-sohnen-mullafreesi-rattad-ks-rw40\\\/#primaryimage\"},\"image\":{\"@id\":\"https:\\\/\\\/ranoja.ee\\\/toode\\\/konner-sohnen-mullafreesi-rattad-ks-rw40\\\/#primaryimage\"},\"thumbnailUrl\":\"https:\\\/\\\/ranoja.ee\\\/wp-content\\\/uploads\\\/2025\\\/09\\\/Konner-Sohnen-mullafreesi-rattad-KS-RW40-3.webp\",\"datePublished\":\"2025-09-05T11:28:02+00:00\",\"dateModified\":\"2026-04-08T07:00:12+00:00\",\"description\":\"K\u00f6nner & S\u00f6hnen mullafreesi rattad KS RW40 On suurep\u00e4rane lisa, mis muudab mullafreeside transportimise ja man\u00f6\u00f6verdamise lihtsamaks ja mugavamaks.\",\"breadcrumb\":{\"@id\":\"https:\\\/\\\/ranoja.ee\\\/toode\\\/konner-sohnen-mullafreesi-rattad-ks-rw40\\\/#breadcrumb\"},\"inLanguage\":\"en-US\",\"potentialAction\":[{\"@type\":\"ReadAction\",\"target\":[\"https:\\\/\\\/ranoja.ee\\\/toode\\\/konner-sohnen-mullafreesi-rattad-ks-rw40\\\/\"]}]},{\"@type\":\"ImageObject\",\"inLanguage\":\"en-US\",\"@id\":\"https:\\\/\\\/ranoja.ee\\\/toode\\\/konner-sohnen-mullafreesi-rattad-ks-rw40\\\/#primaryimage\",\"url\":\"https:\\\/\\\/ranoja.ee\\\/wp-content\\\/uploads\\\/2025\\\/09\\\/Konner-Sohnen-mullafreesi-rattad-KS-RW40-3.webp\",\"contentUrl\":\"https:\\\/\\\/ranoja.ee\\\/wp-content\\\/uploads\\\/2025\\\/09\\\/Konner-Sohnen-mullafreesi-rattad-KS-RW40-3.webp\",\"width\":900,\"height\":713,\"caption\":\"K\u00f6nner & S\u00f6hnen mullafreesi rattad KS RW40\"},{\"@type\":\"BreadcrumbList\",\"@id\":\"https:\\\/\\\/ranoja.ee\\\/toode\\\/konner-sohnen-mullafreesi-rattad-ks-rw40\\\/#breadcrumb\",\"itemListElement\":[{\"@type\":\"ListItem\",\"position\":1,\"name\":\"Home\",\"item\":\"https:\\\/\\\/ranoja.ee\\\/\"},{\"@type\":\"ListItem\",\"position\":2,\"name\":\"Shop\",\"item\":\"https:\\\/\\\/ranoja.ee\\\/en\\\/shop\\\/\"},{\"@type\":\"ListItem\",\"position\":3,\"name\":\"K\u00f6nner &#038; S\u00f6hnen mullafreesi rattad KS RW40\"}]},{\"@type\":\"WebSite\",\"@id\":\"https:\\\/\\\/ranoja.ee\\\/#website\",\"url\":\"https:\\\/\\\/ranoja.ee\\\/\",\"name\":\"Ranoja\",\"description\":\"Equipment Shop WooCommerce WordPress Theme for Machine &amp; Tools\",\"publisher\":{\"@id\":\"https:\\\/\\\/ranoja.ee\\\/#organization\"},\"potentialAction\":[{\"@type\":\"SearchAction\",\"target\":{\"@type\":\"EntryPoint\",\"urlTemplate\":\"https:\\\/\\\/ranoja.ee\\\/?s={search_term_string}\"},\"query-input\":{\"@type\":\"PropertyValueSpecification\",\"valueRequired\":true,\"valueName\":\"search_term_string\"}}],\"inLanguage\":\"en-US\"},{\"@type\":\"Organization\",\"@id\":\"https:\\\/\\\/ranoja.ee\\\/#organization\",\"name\":\"Ranoja O\u00dc\",\"url\":\"https:\\\/\\\/ranoja.ee\\\/\",\"logo\":{\"@type\":\"ImageObject\",\"inLanguage\":\"en-US\",\"@id\":\"https:\\\/\\\/ranoja.ee\\\/#\\\/schema\\\/logo\\\/image\\\/\",\"url\":\"https:\\\/\\\/ranoja.ee\\\/wp-content\\\/uploads\\\/2023\\\/11\\\/ranoja-Logo.png\",\"contentUrl\":\"https:\\\/\\\/ranoja.ee\\\/wp-content\\\/uploads\\\/2023\\\/11\\\/ranoja-Logo.png\",\"width\":207,\"height\":58,\"caption\":\"Ranoja O\u00dc\"},\"image\":{\"@id\":\"https:\\\/\\\/ranoja.ee\\\/#\\\/schema\\\/logo\\\/image\\\/\"},\"sameAs\":[\"https:\\\/\\\/www.facebook.com\\\/ranoja.ee\",\"https:\\\/\\\/www.instagram.com\\\/ranoja__\\\/\"]}]}<\/script>\n<!-- \/ Yoast SEO plugin. -->","yoast_head_json":{"title":"K\u00f6nner & S\u00f6hnen mullafreesi rattad KS RW40","description":"K\u00f6nner & S\u00f6hnen mullafreesi rattad KS RW40 On suurep\u00e4rane lisa, mis muudab mullafreeside transportimise ja man\u00f6\u00f6verdamise lihtsamaks ja mugavamaks.","robots":{"index":"index","follow":"follow","max-snippet":"max-snippet:-1","max-image-preview":"max-image-preview:large","max-video-preview":"max-video-preview:-1"},"canonical":"https:\/\/ranoja.ee\/toode\/konner-sohnen-mullafreesi-rattad-ks-rw40\/","og_locale":"en_US","og_type":"article","og_title":"K\u00f6nner & S\u00f6hnen mullafreesi rattad KS RW40","og_description":"K\u00f6nner & S\u00f6hnen mullafreesi rattad KS RW40 On suurep\u00e4rane lisa, mis muudab mullafreeside transportimise ja man\u00f6\u00f6verdamise lihtsamaks ja mugavamaks.","og_url":"https:\/\/ranoja.ee\/toode\/konner-sohnen-mullafreesi-rattad-ks-rw40\/","og_site_name":"Ranoja","article_publisher":"https:\/\/www.facebook.com\/ranoja.ee","article_modified_time":"2026-04-08T07:00:12+00:00","og_image":[{"width":900,"height":713,"url":"https:\/\/ranoja.ee\/wp-content\/uploads\/2025\/09\/Konner-Sohnen-mullafreesi-rattad-KS-RW40-3.webp","type":"image\/webp"}],"twitter_card":"summary_large_image","twitter_misc":{"Est. reading time":"2 minutes"},"schema":{"@context":"https:\/\/schema.org","@graph":[{"@type":"WebPage","@id":"https:\/\/ranoja.ee\/toode\/konner-sohnen-mullafreesi-rattad-ks-rw40\/","url":"https:\/\/ranoja.ee\/toode\/konner-sohnen-mullafreesi-rattad-ks-rw40\/","name":"K\u00f6nner & S\u00f6hnen mullafreesi rattad KS RW40","isPartOf":{"@id":"https:\/\/ranoja.ee\/#website"},"primaryImageOfPage":{"@id":"https:\/\/ranoja.ee\/toode\/konner-sohnen-mullafreesi-rattad-ks-rw40\/#primaryimage"},"image":{"@id":"https:\/\/ranoja.ee\/toode\/konner-sohnen-mullafreesi-rattad-ks-rw40\/#primaryimage"},"thumbnailUrl":"https:\/\/ranoja.ee\/wp-content\/uploads\/2025\/09\/Konner-Sohnen-mullafreesi-rattad-KS-RW40-3.webp","datePublished":"2025-09-05T11:28:02+00:00","dateModified":"2026-04-08T07:00:12+00:00","description":"K\u00f6nner & S\u00f6hnen mullafreesi rattad KS RW40 On suurep\u00e4rane lisa, mis muudab mullafreeside transportimise ja man\u00f6\u00f6verdamise lihtsamaks ja mugavamaks.","breadcrumb":{"@id":"https:\/\/ranoja.ee\/toode\/konner-sohnen-mullafreesi-rattad-ks-rw40\/#breadcrumb"},"inLanguage":"en-US","potentialAction":[{"@type":"ReadAction","target":["https:\/\/ranoja.ee\/toode\/konner-sohnen-mullafreesi-rattad-ks-rw40\/"]}]},{"@type":"ImageObject","inLanguage":"en-US","@id":"https:\/\/ranoja.ee\/toode\/konner-sohnen-mullafreesi-rattad-ks-rw40\/#primaryimage","url":"https:\/\/ranoja.ee\/wp-content\/uploads\/2025\/09\/Konner-Sohnen-mullafreesi-rattad-KS-RW40-3.webp","contentUrl":"https:\/\/ranoja.ee\/wp-content\/uploads\/2025\/09\/Konner-Sohnen-mullafreesi-rattad-KS-RW40-3.webp","width":900,"height":713,"caption":"K\u00f6nner & S\u00f6hnen mullafreesi rattad KS RW40"},{"@type":"BreadcrumbList","@id":"https:\/\/ranoja.ee\/toode\/konner-sohnen-mullafreesi-rattad-ks-rw40\/#breadcrumb","itemListElement":[{"@type":"ListItem","position":1,"name":"Home","item":"https:\/\/ranoja.ee\/"},{"@type":"ListItem","position":2,"name":"Shop","item":"https:\/\/ranoja.ee\/en\/shop\/"},{"@type":"ListItem","position":3,"name":"K\u00f6nner &#038; S\u00f6hnen mullafreesi rattad KS RW40"}]},{"@type":"WebSite","@id":"https:\/\/ranoja.ee\/#website","url":"https:\/\/ranoja.ee\/","name":"Ranoja","description":"Equipment Shop WooCommerce WordPress Theme for Machine &amp; Tools","publisher":{"@id":"https:\/\/ranoja.ee\/#organization"},"potentialAction":[{"@type":"SearchAction","target":{"@type":"EntryPoint","urlTemplate":"https:\/\/ranoja.ee\/?s={search_term_string}"},"query-input":{"@type":"PropertyValueSpecification","valueRequired":true,"valueName":"search_term_string"}}],"inLanguage":"en-US"},{"@type":"Organization","@id":"https:\/\/ranoja.ee\/#organization","name":"Ranoja O\u00dc","url":"https:\/\/ranoja.ee\/","logo":{"@type":"ImageObject","inLanguage":"en-US","@id":"https:\/\/ranoja.ee\/#\/schema\/logo\/image\/","url":"https:\/\/ranoja.ee\/wp-content\/uploads\/2023\/11\/ranoja-Logo.png","contentUrl":"https:\/\/ranoja.ee\/wp-content\/uploads\/2023\/11\/ranoja-Logo.png","width":207,"height":58,"caption":"Ranoja O\u00dc"},"image":{"@id":"https:\/\/ranoja.ee\/#\/schema\/logo\/image\/"},"sameAs":["https:\/\/www.facebook.com\/ranoja.ee","https:\/\/www.instagram.com\/ranoja__\/"]}]}},"_links":{"self":[{"href":"https:\/\/ranoja.ee\/en\/wp-json\/wp\/v2\/product\/20735","targetHints":{"allow":["GET"]}}],"collection":[{"href":"https:\/\/ranoja.ee\/en\/wp-json\/wp\/v2\/product"}],"about":[{"href":"https:\/\/ranoja.ee\/en\/wp-json\/wp\/v2\/types\/product"}],"wp:featuredmedia":[{"embeddable":true,"href":"https:\/\/ranoja.ee\/en\/wp-json\/wp\/v2\/media\/20738"}],"wp:attachment":[{"href":"https:\/\/ranoja.ee\/en\/wp-json\/wp\/v2\/media?parent=20735"}],"wp:term":[{"taxonomy":"product_cat","embeddable":true,"href":"https:\/\/ranoja.ee\/en\/wp-json\/wp\/v2\/product_cat?post=20735"},{"taxonomy":"product_tag","embeddable":true,"href":"https:\/\/ranoja.ee\/en\/wp-json\/wp\/v2\/product_tag?post=20735"}],"curies":[{"name":"wp","href":"https:\/\/api.w.org\/{rel}","templated":true}]}}