{"id":20550,"date":"2025-09-04T16:22:36","date_gmt":"2025-09-04T13:22:36","guid":{"rendered":"https:\/\/ranoja.ee\/?post_type=product&#038;p=20550"},"modified":"2026-04-08T10:00:12","modified_gmt":"2026-04-08T07:00:12","slug":"elektriline-puulohkuja-konner-sohnen-ks-12the-v-65-40","status":"publish","type":"product","link":"https:\/\/ranoja.ee\/en\/toode\/elektriline-puulohkuja-konner-sohnen-ks-12the-v-65-40\/","title":{"rendered":"Elektriline puul\u00f5hkuja K\u00f6nner &#038; S\u00f6hnen KS 12THE V 65\/40"},"content":{"rendered":"<p>Elektriline puul\u00f5hkuja K\u00f6nner &#038; S\u00f6hnen KS 12THE V 65\/40<\/p>\n<p>Elektriline puul\u00f5hkuja peamised eelised kasutajale:<br \/>\nK\u00f6nner &#038; S\u00f6hnen puul\u00f5hkuja on varustatud v\u00f5imsa, t\u00f6\u00f6kindla ja keskkonnas\u00f5braliku elektrimootoriga.<br \/>\nH\u00fcdrauliliste puul\u00f5hkujate sujuv t\u00f6\u00f6 v\u00f5imaldab notte ohutult l\u00f5hestada, nii et teil on piisavalt aega j\u00e4rgmise noti ettevalmistamiseks.<br \/>\nL\u00f5hkumiskiil on valmistatud raami sisse keevitatud karastatud terasest, mis talub suuri koormusi ja on v\u00f5imeline l\u00f5hkuma igasuguseid notte, nii kuivi kui ka m\u00e4rgu.<br \/>\nKahe hoovaga juhtimiss\u00fcsteem tagab operaatori suurema ohutuse.<br \/>\nPuul\u00f5hkuja on varustatud ratastega, et seda oleks lihtne liigutada isegi ebatasasel pinnal, n\u00e4iteks kruusal v\u00f5i pinnasel.<\/p>\n<p>\u00dcldised turva- ja kasutusomadused puul\u00f5hkujatel:<br \/>\nK\u00f5ik mudelid on varustatud karastatud terasest l\u00f5hki- v\u00f5i kiiltriivastusega, tagavad t\u00f6\u00f6ohutuse kahehoovastiku s\u00fcsteemi ja valikuliste turvavarustustega. Samuti on enamus mudeleid ratastega, lihtsustades transporti ka ebatasastel pindadel.<\/p>\n<p>Sobivus vastavalt kasutaja vajadustele:<br \/>\nKodu- ja aed-kasutajale: 6\u20137 t mudelid (KSB 6THE, KS 7THE) on piisavad v\u00e4iksemate nottide ja hooajalise k\u00fcttepuude tegemiseks. Kerge, kompaktne ja keskkonnas\u00f5bralik.<\/p>\n<p>Raske t\u00f6\u00f6 ja suurem kogus:<br \/>\nVertikaalsed mudelid (KS 8THE V ja KS 12THE V) sobivad intensiivsemaks t\u00f6\u00f6ks ja v\u00e4hendavad operatsioonikoormust.<br \/>\nK\u00e4sitledes suuremaid paku diameetreid ja pikkusi.<\/p>\n<p>T\u00f5husus ja kiirus:<br \/>\nKineetilised mudelid, eriti KS 8TKE ja KS 15TKG, on suure j\u00f5udlusega ja t\u00f6\u00f6kindlad. Sobivad t\u00f6\u00f6tamiseks suurema t\u00f6\u00f6mahtude korral, ts\u00fckli ajal alla 2 sekundi.<\/p>\n<p>Professionaalne ja intensiivne kasutamine:<br \/>\nKS 27THG (27 t) on k\u00f5ige v\u00f5imsam ja robustsem mudel \u2014 ideaalne taludesse, v\u00e4ikemetsanduse v\u00f5i suuremate pakkude t\u00f6\u00f6tlemiseks.<br \/>\nV\u00f5imalusega t\u00f6\u00f6tada nii vertikaalses kui horisontaalses positsioonis. <\/p>\n<p>Puul\u00f5hkujate kokkuv\u00f5te:<br \/>\nK\u00f6nner &#038; S\u00f6hnen puul\u00f5hkujate valik on laiahaardeline, h\u00f5lmates:<br \/>\nElektrilised h\u00fcdraulilised mudelid 6\u201312 tonnise l\u00f5hkumisj\u00f5uga, horisontaalne\/vertikaalne.<br \/>\nElektrilised kineetilised mudelid 8 tonnise l\u00f5hkumisj\u00f5uga \u2013 v\u00e4ga kiired l\u00f5hkujad.<br \/>\nBensiinimootoriga kineetilised mudelid 15\u201327 tonnise l\u00f5hkumisj\u00f5uga  \u2013 eriti v\u00f5imsad l\u00f5hkujad.<\/p>\n<p>K\u00f5ik mudelid tagavad t\u00f6\u00f6ohutuse, vastupidavuse, lihtsa transportimise ja m\u00f5istliku j\u00f5udluse vastavalt erinevatele kasutajate vajadustele. Alates koduaias kasutamisest kuni professionaalseks metsat\u00f6\u00f6ks.<\/p>\n<p>Elektriline puul\u00f5hkuja K\u00f6nner &#038; S\u00f6hnen KS 12THE V 65\/40<\/p>\n","protected":false},"excerpt":{"rendered":"<p>Elektriline puul\u00f5hkuja K\u00f6nner &#038; S\u00f6hnen KS 12THE V 65\/40<br \/>\nPinge: 230V<br \/>\nSagedus: 50 Hz<br \/>\nKaitseklass: IP54M<br \/>\nMootori v\u00f5imsus: 2300 W<br \/>\nMootori t\u00fc\u00fcp: Elektriline<br \/>\nMootori mudel: KS ECO 2300<br \/>\nL\u00f5hkumisj\u00f5ud: 12 tonni<br \/>\nL\u00f5hkumis ts\u00fckliaeg: ~ 25 sekundit<br \/>\nMaksimaalne l\u00f5hkumispikkus: 650 mm<br \/>\nMaksimaalne l\u00f5hkumisdiameeter: 400 mm<br \/>\nT\u00f6\u00f6asend: Vertikaalne<br \/>\nH\u00fcdraulika\u00f5li maht: 2.9 l<br \/>\nKaabli pikkus: 1.6 m<br \/>\nTranspordirattad: 8 tolli<br \/>\nNetom\u00f5\u00f5tmed: (P x L x K): 770 x 610 x 1550 mm<br \/>\nNetokaal: 110 kg<br \/>\n<strong>Eeldatav tarneaeg 1-7 t\u00f6\u00f6p\u00e4eva<\/strong><\/p>\n","protected":false},"featured_media":20553,"template":"","meta":{"inline_featured_image":false},"product_cat":[1087,1089],"product_tag":[1813,2164,472],"class_list":{"0":"post-20550","1":"product","2":"type-product","3":"status-publish","4":"has-post-thumbnail","6":"product_brand-konner-sohnen","7":"product_cat-metsatehnika","8":"product_cat-puulohkumismasinad","9":"product_tag-konner-sohnen","10":"product_tag-ks-12the-v-65-40","11":"product_tag-puulohkumismasin","13":"first","14":"outofstock","15":"taxable","16":"shipping-taxable","17":"purchasable","18":"product-type-simple"},"yoast_head":"<!-- This site is optimized with the Yoast SEO plugin v27.4 - https:\/\/yoast.com\/product\/yoast-seo-wordpress\/ -->\n<title>Elektriline puul\u00f5hkuja K\u00f6nner &amp; S\u00f6hnen KS 12THE V 65\/40<\/title>\n<meta name=\"description\" content=\"Elektriline puul\u00f5hkuja K\u00f6nner &amp; S\u00f6hnen KS 12THE V 65\/40 Kahe hoovaga juhtimiss\u00fcsteem tagab operaatori suurema ohutuse, puul\u00f5hkujaga t\u00f6\u00f6d tehes.\" \/>\n<meta name=\"robots\" content=\"index, follow, max-snippet:-1, max-image-preview:large, max-video-preview:-1\" \/>\n<link rel=\"canonical\" href=\"https:\/\/ranoja.ee\/toode\/elektriline-puulohkuja-konner-sohnen-ks-12the-v-65-40\/\" \/>\n<meta property=\"og:locale\" content=\"en_US\" \/>\n<meta property=\"og:type\" content=\"article\" \/>\n<meta property=\"og:title\" content=\"Elektriline puul\u00f5hkuja K\u00f6nner &amp; S\u00f6hnen KS 12THE V 65\/40\" \/>\n<meta property=\"og:description\" content=\"Elektriline puul\u00f5hkuja K\u00f6nner &amp; S\u00f6hnen KS 12THE V 65\/40 Kahe hoovaga juhtimiss\u00fcsteem tagab operaatori suurema ohutuse, puul\u00f5hkujaga t\u00f6\u00f6d tehes.\" \/>\n<meta property=\"og:url\" content=\"https:\/\/ranoja.ee\/toode\/elektriline-puulohkuja-konner-sohnen-ks-12the-v-65-40\/\" \/>\n<meta property=\"og:site_name\" content=\"Ranoja\" \/>\n<meta property=\"article:publisher\" content=\"https:\/\/www.facebook.com\/ranoja.ee\" \/>\n<meta property=\"article:modified_time\" content=\"2026-04-08T07:00:12+00:00\" \/>\n<meta property=\"og:image\" content=\"https:\/\/ranoja.ee\/wp-content\/uploads\/2025\/09\/Elektriline-puulohkuja-Konner-Sohnen-KS-12THE-V-65-40-3.webp\" \/>\n\t<meta property=\"og:image:width\" content=\"1600\" \/>\n\t<meta property=\"og:image:height\" content=\"1200\" \/>\n\t<meta property=\"og:image:type\" content=\"image\/webp\" \/>\n<meta name=\"twitter:card\" content=\"summary_large_image\" \/>\n<meta name=\"twitter:label1\" content=\"Est. reading time\" \/>\n\t<meta name=\"twitter:data1\" content=\"2 minutes\" \/>\n<script type=\"application\/ld+json\" class=\"yoast-schema-graph\">{\"@context\":\"https:\\\/\\\/schema.org\",\"@graph\":[{\"@type\":\"WebPage\",\"@id\":\"https:\\\/\\\/ranoja.ee\\\/toode\\\/elektriline-puulohkuja-konner-sohnen-ks-12the-v-65-40\\\/\",\"url\":\"https:\\\/\\\/ranoja.ee\\\/toode\\\/elektriline-puulohkuja-konner-sohnen-ks-12the-v-65-40\\\/\",\"name\":\"Elektriline puul\u00f5hkuja K\u00f6nner & S\u00f6hnen KS 12THE V 65\\\/40\",\"isPartOf\":{\"@id\":\"https:\\\/\\\/ranoja.ee\\\/#website\"},\"primaryImageOfPage\":{\"@id\":\"https:\\\/\\\/ranoja.ee\\\/toode\\\/elektriline-puulohkuja-konner-sohnen-ks-12the-v-65-40\\\/#primaryimage\"},\"image\":{\"@id\":\"https:\\\/\\\/ranoja.ee\\\/toode\\\/elektriline-puulohkuja-konner-sohnen-ks-12the-v-65-40\\\/#primaryimage\"},\"thumbnailUrl\":\"https:\\\/\\\/ranoja.ee\\\/wp-content\\\/uploads\\\/2025\\\/09\\\/Elektriline-puulohkuja-Konner-Sohnen-KS-12THE-V-65-40-3.webp\",\"datePublished\":\"2025-09-04T13:22:36+00:00\",\"dateModified\":\"2026-04-08T07:00:12+00:00\",\"description\":\"Elektriline puul\u00f5hkuja K\u00f6nner & S\u00f6hnen KS 12THE V 65\\\/40 Kahe hoovaga juhtimiss\u00fcsteem tagab operaatori suurema ohutuse, puul\u00f5hkujaga t\u00f6\u00f6d tehes.\",\"breadcrumb\":{\"@id\":\"https:\\\/\\\/ranoja.ee\\\/toode\\\/elektriline-puulohkuja-konner-sohnen-ks-12the-v-65-40\\\/#breadcrumb\"},\"inLanguage\":\"en-US\",\"potentialAction\":[{\"@type\":\"ReadAction\",\"target\":[\"https:\\\/\\\/ranoja.ee\\\/toode\\\/elektriline-puulohkuja-konner-sohnen-ks-12the-v-65-40\\\/\"]}]},{\"@type\":\"ImageObject\",\"inLanguage\":\"en-US\",\"@id\":\"https:\\\/\\\/ranoja.ee\\\/toode\\\/elektriline-puulohkuja-konner-sohnen-ks-12the-v-65-40\\\/#primaryimage\",\"url\":\"https:\\\/\\\/ranoja.ee\\\/wp-content\\\/uploads\\\/2025\\\/09\\\/Elektriline-puulohkuja-Konner-Sohnen-KS-12THE-V-65-40-3.webp\",\"contentUrl\":\"https:\\\/\\\/ranoja.ee\\\/wp-content\\\/uploads\\\/2025\\\/09\\\/Elektriline-puulohkuja-Konner-Sohnen-KS-12THE-V-65-40-3.webp\",\"width\":1600,\"height\":1200,\"caption\":\"Elektriline puul\u00f5hkuja K\u00f6nner & S\u00f6hnen KS 12THE V 65\\\/40\"},{\"@type\":\"BreadcrumbList\",\"@id\":\"https:\\\/\\\/ranoja.ee\\\/toode\\\/elektriline-puulohkuja-konner-sohnen-ks-12the-v-65-40\\\/#breadcrumb\",\"itemListElement\":[{\"@type\":\"ListItem\",\"position\":1,\"name\":\"Home\",\"item\":\"https:\\\/\\\/ranoja.ee\\\/\"},{\"@type\":\"ListItem\",\"position\":2,\"name\":\"Shop\",\"item\":\"https:\\\/\\\/ranoja.ee\\\/en\\\/shop\\\/\"},{\"@type\":\"ListItem\",\"position\":3,\"name\":\"Elektriline puul\u00f5hkuja K\u00f6nner &#038; S\u00f6hnen KS 12THE V 65\\\/40\"}]},{\"@type\":\"WebSite\",\"@id\":\"https:\\\/\\\/ranoja.ee\\\/#website\",\"url\":\"https:\\\/\\\/ranoja.ee\\\/\",\"name\":\"Ranoja\",\"description\":\"Equipment Shop WooCommerce WordPress Theme for Machine &amp; Tools\",\"publisher\":{\"@id\":\"https:\\\/\\\/ranoja.ee\\\/#organization\"},\"potentialAction\":[{\"@type\":\"SearchAction\",\"target\":{\"@type\":\"EntryPoint\",\"urlTemplate\":\"https:\\\/\\\/ranoja.ee\\\/?s={search_term_string}\"},\"query-input\":{\"@type\":\"PropertyValueSpecification\",\"valueRequired\":true,\"valueName\":\"search_term_string\"}}],\"inLanguage\":\"en-US\"},{\"@type\":\"Organization\",\"@id\":\"https:\\\/\\\/ranoja.ee\\\/#organization\",\"name\":\"Ranoja O\u00dc\",\"url\":\"https:\\\/\\\/ranoja.ee\\\/\",\"logo\":{\"@type\":\"ImageObject\",\"inLanguage\":\"en-US\",\"@id\":\"https:\\\/\\\/ranoja.ee\\\/#\\\/schema\\\/logo\\\/image\\\/\",\"url\":\"https:\\\/\\\/ranoja.ee\\\/wp-content\\\/uploads\\\/2023\\\/11\\\/ranoja-Logo.png\",\"contentUrl\":\"https:\\\/\\\/ranoja.ee\\\/wp-content\\\/uploads\\\/2023\\\/11\\\/ranoja-Logo.png\",\"width\":207,\"height\":58,\"caption\":\"Ranoja O\u00dc\"},\"image\":{\"@id\":\"https:\\\/\\\/ranoja.ee\\\/#\\\/schema\\\/logo\\\/image\\\/\"},\"sameAs\":[\"https:\\\/\\\/www.facebook.com\\\/ranoja.ee\",\"https:\\\/\\\/www.instagram.com\\\/ranoja__\\\/\"]}]}<\/script>\n<!-- \/ Yoast SEO plugin. -->","yoast_head_json":{"title":"Elektriline puul\u00f5hkuja K\u00f6nner & S\u00f6hnen KS 12THE V 65\/40","description":"Elektriline puul\u00f5hkuja K\u00f6nner & S\u00f6hnen KS 12THE V 65\/40 Kahe hoovaga juhtimiss\u00fcsteem tagab operaatori suurema ohutuse, puul\u00f5hkujaga t\u00f6\u00f6d tehes.","robots":{"index":"index","follow":"follow","max-snippet":"max-snippet:-1","max-image-preview":"max-image-preview:large","max-video-preview":"max-video-preview:-1"},"canonical":"https:\/\/ranoja.ee\/toode\/elektriline-puulohkuja-konner-sohnen-ks-12the-v-65-40\/","og_locale":"en_US","og_type":"article","og_title":"Elektriline puul\u00f5hkuja K\u00f6nner & S\u00f6hnen KS 12THE V 65\/40","og_description":"Elektriline puul\u00f5hkuja K\u00f6nner & S\u00f6hnen KS 12THE V 65\/40 Kahe hoovaga juhtimiss\u00fcsteem tagab operaatori suurema ohutuse, puul\u00f5hkujaga t\u00f6\u00f6d tehes.","og_url":"https:\/\/ranoja.ee\/toode\/elektriline-puulohkuja-konner-sohnen-ks-12the-v-65-40\/","og_site_name":"Ranoja","article_publisher":"https:\/\/www.facebook.com\/ranoja.ee","article_modified_time":"2026-04-08T07:00:12+00:00","og_image":[{"width":1600,"height":1200,"url":"https:\/\/ranoja.ee\/wp-content\/uploads\/2025\/09\/Elektriline-puulohkuja-Konner-Sohnen-KS-12THE-V-65-40-3.webp","type":"image\/webp"}],"twitter_card":"summary_large_image","twitter_misc":{"Est. reading time":"2 minutes"},"schema":{"@context":"https:\/\/schema.org","@graph":[{"@type":"WebPage","@id":"https:\/\/ranoja.ee\/toode\/elektriline-puulohkuja-konner-sohnen-ks-12the-v-65-40\/","url":"https:\/\/ranoja.ee\/toode\/elektriline-puulohkuja-konner-sohnen-ks-12the-v-65-40\/","name":"Elektriline puul\u00f5hkuja K\u00f6nner & S\u00f6hnen KS 12THE V 65\/40","isPartOf":{"@id":"https:\/\/ranoja.ee\/#website"},"primaryImageOfPage":{"@id":"https:\/\/ranoja.ee\/toode\/elektriline-puulohkuja-konner-sohnen-ks-12the-v-65-40\/#primaryimage"},"image":{"@id":"https:\/\/ranoja.ee\/toode\/elektriline-puulohkuja-konner-sohnen-ks-12the-v-65-40\/#primaryimage"},"thumbnailUrl":"https:\/\/ranoja.ee\/wp-content\/uploads\/2025\/09\/Elektriline-puulohkuja-Konner-Sohnen-KS-12THE-V-65-40-3.webp","datePublished":"2025-09-04T13:22:36+00:00","dateModified":"2026-04-08T07:00:12+00:00","description":"Elektriline puul\u00f5hkuja K\u00f6nner & S\u00f6hnen KS 12THE V 65\/40 Kahe hoovaga juhtimiss\u00fcsteem tagab operaatori suurema ohutuse, puul\u00f5hkujaga t\u00f6\u00f6d tehes.","breadcrumb":{"@id":"https:\/\/ranoja.ee\/toode\/elektriline-puulohkuja-konner-sohnen-ks-12the-v-65-40\/#breadcrumb"},"inLanguage":"en-US","potentialAction":[{"@type":"ReadAction","target":["https:\/\/ranoja.ee\/toode\/elektriline-puulohkuja-konner-sohnen-ks-12the-v-65-40\/"]}]},{"@type":"ImageObject","inLanguage":"en-US","@id":"https:\/\/ranoja.ee\/toode\/elektriline-puulohkuja-konner-sohnen-ks-12the-v-65-40\/#primaryimage","url":"https:\/\/ranoja.ee\/wp-content\/uploads\/2025\/09\/Elektriline-puulohkuja-Konner-Sohnen-KS-12THE-V-65-40-3.webp","contentUrl":"https:\/\/ranoja.ee\/wp-content\/uploads\/2025\/09\/Elektriline-puulohkuja-Konner-Sohnen-KS-12THE-V-65-40-3.webp","width":1600,"height":1200,"caption":"Elektriline puul\u00f5hkuja K\u00f6nner & S\u00f6hnen KS 12THE V 65\/40"},{"@type":"BreadcrumbList","@id":"https:\/\/ranoja.ee\/toode\/elektriline-puulohkuja-konner-sohnen-ks-12the-v-65-40\/#breadcrumb","itemListElement":[{"@type":"ListItem","position":1,"name":"Home","item":"https:\/\/ranoja.ee\/"},{"@type":"ListItem","position":2,"name":"Shop","item":"https:\/\/ranoja.ee\/en\/shop\/"},{"@type":"ListItem","position":3,"name":"Elektriline puul\u00f5hkuja K\u00f6nner &#038; S\u00f6hnen KS 12THE V 65\/40"}]},{"@type":"WebSite","@id":"https:\/\/ranoja.ee\/#website","url":"https:\/\/ranoja.ee\/","name":"Ranoja","description":"Equipment Shop WooCommerce WordPress Theme for Machine &amp; Tools","publisher":{"@id":"https:\/\/ranoja.ee\/#organization"},"potentialAction":[{"@type":"SearchAction","target":{"@type":"EntryPoint","urlTemplate":"https:\/\/ranoja.ee\/?s={search_term_string}"},"query-input":{"@type":"PropertyValueSpecification","valueRequired":true,"valueName":"search_term_string"}}],"inLanguage":"en-US"},{"@type":"Organization","@id":"https:\/\/ranoja.ee\/#organization","name":"Ranoja O\u00dc","url":"https:\/\/ranoja.ee\/","logo":{"@type":"ImageObject","inLanguage":"en-US","@id":"https:\/\/ranoja.ee\/#\/schema\/logo\/image\/","url":"https:\/\/ranoja.ee\/wp-content\/uploads\/2023\/11\/ranoja-Logo.png","contentUrl":"https:\/\/ranoja.ee\/wp-content\/uploads\/2023\/11\/ranoja-Logo.png","width":207,"height":58,"caption":"Ranoja O\u00dc"},"image":{"@id":"https:\/\/ranoja.ee\/#\/schema\/logo\/image\/"},"sameAs":["https:\/\/www.facebook.com\/ranoja.ee","https:\/\/www.instagram.com\/ranoja__\/"]}]}},"_links":{"self":[{"href":"https:\/\/ranoja.ee\/en\/wp-json\/wp\/v2\/product\/20550","targetHints":{"allow":["GET"]}}],"collection":[{"href":"https:\/\/ranoja.ee\/en\/wp-json\/wp\/v2\/product"}],"about":[{"href":"https:\/\/ranoja.ee\/en\/wp-json\/wp\/v2\/types\/product"}],"wp:featuredmedia":[{"embeddable":true,"href":"https:\/\/ranoja.ee\/en\/wp-json\/wp\/v2\/media\/20553"}],"wp:attachment":[{"href":"https:\/\/ranoja.ee\/en\/wp-json\/wp\/v2\/media?parent=20550"}],"wp:term":[{"taxonomy":"product_cat","embeddable":true,"href":"https:\/\/ranoja.ee\/en\/wp-json\/wp\/v2\/product_cat?post=20550"},{"taxonomy":"product_tag","embeddable":true,"href":"https:\/\/ranoja.ee\/en\/wp-json\/wp\/v2\/product_tag?post=20550"}],"curies":[{"name":"wp","href":"https:\/\/api.w.org\/{rel}","templated":true}]}}