{"id":20441,"date":"2025-09-04T10:30:30","date_gmt":"2025-09-04T07:30:30","guid":{"rendered":"https:\/\/ranoja.ee\/?post_type=product&#038;p=20441"},"modified":"2026-04-08T10:00:13","modified_gmt":"2026-04-08T07:00:13","slug":"survepesur-konner-sohnen-ks-pw145v","status":"publish","type":"product","link":"https:\/\/ranoja.ee\/en\/toode\/survepesur-konner-sohnen-ks-pw145v\/","title":{"rendered":"Survepesur K\u00f6nner &#038; S\u00f6hnen KS PW145V"},"content":{"rendered":"<p>Survepesur K\u00f6nner &#038; S\u00f6hnen KS PW145V<\/p>\n<p>Survepesuri KS PW145V peamised eelised kasutajale:<br \/>\nTeleskoopk\u00e4epide \u2013 h\u00f5lpsaks transportimiseks ja ruumis\u00e4\u00e4stlikuks hoiustamiseks.<br \/>\nAutomaatne k\u00e4ivitus-\/seiskamiss\u00fcsteem \u2013 energias\u00e4\u00e4stlik s\u00fcsteem, mis pikendab seadme eluiga.<br \/>\nKomplektis vahuotsik ja p\u00f6\u00f6rlev otsik \u2013 t\u00f5hus puhastus paksu vahuga.<br \/>\nAlumiiniumkorpus roostevabast terasest kolbidega \u2013 suur vastupidavus ja pikk kasutusiga.<br \/>\nMadalale asetatud voolikuparapool \u2013 suurendab stabiilsust t\u00f6\u00f6tamise ajal ja lihtsustab transporti.<\/p>\n<p>K\u00f6nner &#038; S\u00f6hnen survepesurid kuuluvad professionaalsele kuni koduseks kasutamiseks m\u00f5eldud aiat\u00f6\u00f6riistade valikusse.<br \/>\nSurvepesurid tuginevad Saksa kvaliteedile ja Euroopa standarditele vastavalt.<\/p>\n<p>Survepesurite seeria mudelid:<br \/>\nKS PW130H, KS PW145V, KS PW160HV ja KS PW160V-BL on v\u00e4lja t\u00f6\u00f6tatud just selleks, et<br \/>\nlahendada tavakasutajate sagedased murekohad. Ebapiisav survej\u00f5ud, ebastabiilne konstruktsioon, liigne m\u00fcra, eba\u00fchtlane surve t\u00f6\u00f6 ajal ja<br \/>\nsamuti teenindus- ning varuosaprobleemid.<\/p>\n<p>Peamised omadused ja mudelid:<br \/>\nKS PW130H:<br \/>\nKompaktne ja kerge; mugav transportida ning hoiustada.<br \/>\nRototspihusti, kiirkinnitusega \u00fchendus, kolmer\u00f5huline telg-pump, Total Stop s\u00fcsteem, termokaitse ja tarvikute hoiustamine korpuses.<\/p>\n<p>KS PW160V-BL harjadeta mootoriga mudel:<br \/>\nHarjadeta induktsioonmootor \u2013 k\u00f5rge j\u00f5udlus, vastupidavus, energiat\u00f5husus ja minimaalne hooldus.<br \/>\nTotal Stop, teleskoopk\u00e4epide, kiirkinnitusega \u00fchendus, metallne spray-lans, vooliku parapool, tugevdatud 8-meetrine survevoolik.<\/p>\n<p>KS PW160HV<br \/>\nV\u00f5imaldab t\u00f6\u00f6tada nii horisontaalselt kui vertikaalselt; v\u00f5imsus 1800\u20132200 W.<br \/>\nIntegreeritud vahuotsik, automaatne Start\/Stop s\u00fcsteem, 8-meetrine voolik, kiirkinnitus, alumiinium-pumba korpus, roostevaba kolb.<\/p>\n<p>KS PW160V-BL:<br \/>\nHarjadet induktsioonmootor, maksimum\u00adr\u00f5hk 160 bar \/ t\u00f6\u00f6\u00adr\u00f5hk 110 bar, 8 m tugevdatud voolik, Total Stop s\u00fcsteem, vastupidav ning energiat\u00f5hus.<\/p>\n<p>T\u00f6\u00f6kindlus:<br \/>\nK\u00f6nner &#038; S\u00f6hnen r\u00f5hutab oma toodete t\u00f6\u00f6kindlust: iga toode l\u00e4bib seerianumbriga j\u00e4lgimise, tootmis- ja koormustestid, et<br \/>\ntagada survepesurite kvaliteet ja kindel t\u00f6\u00f6kindlus.<br \/>\nUued survepesurid on disainitud p\u00fcsima stabiilsemana, vaiksemana ja mugavamana kasutamiseks \u2013<br \/>\narvestades kasutajate kaebustele konkurentide mudelite puhul.<\/p>\n<p>Kasutusala:<br \/>\nK\u00f6nner &#038; S\u00f6hnen survepesureid sobib kasutada:<br \/>\nKoduaias ja taluhoovis<br \/>\nAutode ja mootorrataste pesuks<br \/>\nGaraa\u017ei, terrasside ja aiatehnika puhastamiseks<\/p>\n<p>Survepesur K\u00f6nner &#038; S\u00f6hnen KS PW145V<\/p>\n","protected":false},"excerpt":{"rendered":"<p>Survepesur K\u00f6nner &#038; S\u00f6hnen KS PW145V<br \/>\nMootoriv\u00f5imsus: 1800W<br \/>\nToide: 230V \/ 50Hz<br \/>\nMaksimaalne t\u00f6\u00f6surve: 145 bar<br \/>\nMinimaalne t\u00f6\u00f6surve: 100 bar<br \/>\nVee voolukiirus: 5.5 l\/min<br \/>\nSurvevooliku pikkus: 7 m<br \/>\nToitekaabli pikkus: 5 m<br \/>\nKomplektis: kiir\u00fchendusega pesup\u00fcstol, pikendustoru, reguleeritav pihustiotsik, p\u00f6\u00f6rdotsik,<br \/>\n7 m k\u00f5rgsurvevoolik, 5 m toitekaabel, vahuotsik 550 ml, veefilter, otsiku puhastustihvt<br \/>\nSurvepesuri brutom\u00f5\u00f5tmed (P x L x K): 365 \u00d7 305 \u00d7 555 mm<br \/>\nKaal: 9.2 Kg<br \/>\n<strong>Seadme eeldatav tarneaeg 1-7 t\u00f6\u00f6p\u00e4eva<\/strong><\/p>\n","protected":false},"featured_media":20454,"template":"","meta":{"inline_featured_image":false},"product_cat":[1079,89],"product_tag":[1813,2158,586,589],"class_list":{"0":"post-20441","1":"product","2":"type-product","3":"status-publish","4":"has-post-thumbnail","6":"product_brand-konner-sohnen","7":"product_cat-aiatehnika-ja-niidutehnika","8":"product_cat-survepesurid","9":"product_tag-konner-sohnen","10":"product_tag-ks-pw145v","11":"product_tag-survekas","12":"product_tag-survespesur","14":"first","15":"outofstock","16":"taxable","17":"shipping-taxable","18":"purchasable","19":"product-type-simple"},"yoast_head":"<!-- This site is optimized with the Yoast SEO plugin v27.4 - https:\/\/yoast.com\/product\/yoast-seo-wordpress\/ -->\n<title>Survepesur K\u00f6nner &amp; S\u00f6hnen KS PW145V<\/title>\n<meta name=\"description\" content=\"Survepesur K\u00f6nner &amp; S\u00f6hnen KS PW145V Survepesuri teleskoopk\u00e4epide on m\u00f5eldud h\u00f5lpsaks transportimiseks ja ruumis\u00e4\u00e4stlikuks hoiustamiseks.\" \/>\n<meta name=\"robots\" content=\"index, follow, max-snippet:-1, max-image-preview:large, max-video-preview:-1\" \/>\n<link rel=\"canonical\" href=\"https:\/\/ranoja.ee\/toode\/survepesur-konner-sohnen-ks-pw145v\/\" \/>\n<meta property=\"og:locale\" content=\"en_US\" \/>\n<meta property=\"og:type\" content=\"article\" \/>\n<meta property=\"og:title\" content=\"Survepesur K\u00f6nner &amp; S\u00f6hnen KS PW145V\" \/>\n<meta property=\"og:description\" content=\"Survepesur K\u00f6nner &amp; S\u00f6hnen KS PW145V Survepesuri teleskoopk\u00e4epide on m\u00f5eldud h\u00f5lpsaks transportimiseks ja ruumis\u00e4\u00e4stlikuks hoiustamiseks.\" \/>\n<meta property=\"og:url\" content=\"https:\/\/ranoja.ee\/toode\/survepesur-konner-sohnen-ks-pw145v\/\" \/>\n<meta property=\"og:site_name\" content=\"Ranoja\" \/>\n<meta property=\"article:publisher\" content=\"https:\/\/www.facebook.com\/ranoja.ee\" \/>\n<meta property=\"article:modified_time\" content=\"2026-04-08T07:00:13+00:00\" \/>\n<meta property=\"og:image\" content=\"https:\/\/ranoja.ee\/wp-content\/uploads\/2025\/09\/Survepesur-Konner-Sohnen-KS-PW145V.webp\" \/>\n\t<meta property=\"og:image:width\" content=\"1600\" \/>\n\t<meta property=\"og:image:height\" content=\"1600\" \/>\n\t<meta property=\"og:image:type\" content=\"image\/webp\" \/>\n<meta name=\"twitter:card\" content=\"summary_large_image\" \/>\n<meta name=\"twitter:label1\" content=\"Est. reading time\" \/>\n\t<meta name=\"twitter:data1\" content=\"2 minutes\" \/>\n<script type=\"application\/ld+json\" class=\"yoast-schema-graph\">{\"@context\":\"https:\\\/\\\/schema.org\",\"@graph\":[{\"@type\":\"WebPage\",\"@id\":\"https:\\\/\\\/ranoja.ee\\\/toode\\\/survepesur-konner-sohnen-ks-pw145v\\\/\",\"url\":\"https:\\\/\\\/ranoja.ee\\\/toode\\\/survepesur-konner-sohnen-ks-pw145v\\\/\",\"name\":\"Survepesur K\u00f6nner & S\u00f6hnen KS PW145V\",\"isPartOf\":{\"@id\":\"https:\\\/\\\/ranoja.ee\\\/#website\"},\"primaryImageOfPage\":{\"@id\":\"https:\\\/\\\/ranoja.ee\\\/toode\\\/survepesur-konner-sohnen-ks-pw145v\\\/#primaryimage\"},\"image\":{\"@id\":\"https:\\\/\\\/ranoja.ee\\\/toode\\\/survepesur-konner-sohnen-ks-pw145v\\\/#primaryimage\"},\"thumbnailUrl\":\"https:\\\/\\\/ranoja.ee\\\/wp-content\\\/uploads\\\/2025\\\/09\\\/Survepesur-Konner-Sohnen-KS-PW145V.webp\",\"datePublished\":\"2025-09-04T07:30:30+00:00\",\"dateModified\":\"2026-04-08T07:00:13+00:00\",\"description\":\"Survepesur K\u00f6nner & S\u00f6hnen KS PW145V Survepesuri teleskoopk\u00e4epide on m\u00f5eldud h\u00f5lpsaks transportimiseks ja ruumis\u00e4\u00e4stlikuks hoiustamiseks.\",\"breadcrumb\":{\"@id\":\"https:\\\/\\\/ranoja.ee\\\/toode\\\/survepesur-konner-sohnen-ks-pw145v\\\/#breadcrumb\"},\"inLanguage\":\"en-US\",\"potentialAction\":[{\"@type\":\"ReadAction\",\"target\":[\"https:\\\/\\\/ranoja.ee\\\/toode\\\/survepesur-konner-sohnen-ks-pw145v\\\/\"]}]},{\"@type\":\"ImageObject\",\"inLanguage\":\"en-US\",\"@id\":\"https:\\\/\\\/ranoja.ee\\\/toode\\\/survepesur-konner-sohnen-ks-pw145v\\\/#primaryimage\",\"url\":\"https:\\\/\\\/ranoja.ee\\\/wp-content\\\/uploads\\\/2025\\\/09\\\/Survepesur-Konner-Sohnen-KS-PW145V.webp\",\"contentUrl\":\"https:\\\/\\\/ranoja.ee\\\/wp-content\\\/uploads\\\/2025\\\/09\\\/Survepesur-Konner-Sohnen-KS-PW145V.webp\",\"width\":1600,\"height\":1600,\"caption\":\"Survepesur K\u00f6nner & S\u00f6hnen KS PW145V\"},{\"@type\":\"BreadcrumbList\",\"@id\":\"https:\\\/\\\/ranoja.ee\\\/toode\\\/survepesur-konner-sohnen-ks-pw145v\\\/#breadcrumb\",\"itemListElement\":[{\"@type\":\"ListItem\",\"position\":1,\"name\":\"Home\",\"item\":\"https:\\\/\\\/ranoja.ee\\\/\"},{\"@type\":\"ListItem\",\"position\":2,\"name\":\"Shop\",\"item\":\"https:\\\/\\\/ranoja.ee\\\/en\\\/shop\\\/\"},{\"@type\":\"ListItem\",\"position\":3,\"name\":\"Survepesur K\u00f6nner &#038; S\u00f6hnen KS PW145V\"}]},{\"@type\":\"WebSite\",\"@id\":\"https:\\\/\\\/ranoja.ee\\\/#website\",\"url\":\"https:\\\/\\\/ranoja.ee\\\/\",\"name\":\"Ranoja\",\"description\":\"Equipment Shop WooCommerce WordPress Theme for Machine &amp; Tools\",\"publisher\":{\"@id\":\"https:\\\/\\\/ranoja.ee\\\/#organization\"},\"potentialAction\":[{\"@type\":\"SearchAction\",\"target\":{\"@type\":\"EntryPoint\",\"urlTemplate\":\"https:\\\/\\\/ranoja.ee\\\/?s={search_term_string}\"},\"query-input\":{\"@type\":\"PropertyValueSpecification\",\"valueRequired\":true,\"valueName\":\"search_term_string\"}}],\"inLanguage\":\"en-US\"},{\"@type\":\"Organization\",\"@id\":\"https:\\\/\\\/ranoja.ee\\\/#organization\",\"name\":\"Ranoja O\u00dc\",\"url\":\"https:\\\/\\\/ranoja.ee\\\/\",\"logo\":{\"@type\":\"ImageObject\",\"inLanguage\":\"en-US\",\"@id\":\"https:\\\/\\\/ranoja.ee\\\/#\\\/schema\\\/logo\\\/image\\\/\",\"url\":\"https:\\\/\\\/ranoja.ee\\\/wp-content\\\/uploads\\\/2023\\\/11\\\/ranoja-Logo.png\",\"contentUrl\":\"https:\\\/\\\/ranoja.ee\\\/wp-content\\\/uploads\\\/2023\\\/11\\\/ranoja-Logo.png\",\"width\":207,\"height\":58,\"caption\":\"Ranoja O\u00dc\"},\"image\":{\"@id\":\"https:\\\/\\\/ranoja.ee\\\/#\\\/schema\\\/logo\\\/image\\\/\"},\"sameAs\":[\"https:\\\/\\\/www.facebook.com\\\/ranoja.ee\",\"https:\\\/\\\/www.instagram.com\\\/ranoja__\\\/\"]}]}<\/script>\n<!-- \/ Yoast SEO plugin. -->","yoast_head_json":{"title":"Survepesur K\u00f6nner & S\u00f6hnen KS PW145V","description":"Survepesur K\u00f6nner & S\u00f6hnen KS PW145V Survepesuri teleskoopk\u00e4epide on m\u00f5eldud h\u00f5lpsaks transportimiseks ja ruumis\u00e4\u00e4stlikuks hoiustamiseks.","robots":{"index":"index","follow":"follow","max-snippet":"max-snippet:-1","max-image-preview":"max-image-preview:large","max-video-preview":"max-video-preview:-1"},"canonical":"https:\/\/ranoja.ee\/toode\/survepesur-konner-sohnen-ks-pw145v\/","og_locale":"en_US","og_type":"article","og_title":"Survepesur K\u00f6nner & S\u00f6hnen KS PW145V","og_description":"Survepesur K\u00f6nner & S\u00f6hnen KS PW145V Survepesuri teleskoopk\u00e4epide on m\u00f5eldud h\u00f5lpsaks transportimiseks ja ruumis\u00e4\u00e4stlikuks hoiustamiseks.","og_url":"https:\/\/ranoja.ee\/toode\/survepesur-konner-sohnen-ks-pw145v\/","og_site_name":"Ranoja","article_publisher":"https:\/\/www.facebook.com\/ranoja.ee","article_modified_time":"2026-04-08T07:00:13+00:00","og_image":[{"width":1600,"height":1600,"url":"https:\/\/ranoja.ee\/wp-content\/uploads\/2025\/09\/Survepesur-Konner-Sohnen-KS-PW145V.webp","type":"image\/webp"}],"twitter_card":"summary_large_image","twitter_misc":{"Est. reading time":"2 minutes"},"schema":{"@context":"https:\/\/schema.org","@graph":[{"@type":"WebPage","@id":"https:\/\/ranoja.ee\/toode\/survepesur-konner-sohnen-ks-pw145v\/","url":"https:\/\/ranoja.ee\/toode\/survepesur-konner-sohnen-ks-pw145v\/","name":"Survepesur K\u00f6nner & S\u00f6hnen KS PW145V","isPartOf":{"@id":"https:\/\/ranoja.ee\/#website"},"primaryImageOfPage":{"@id":"https:\/\/ranoja.ee\/toode\/survepesur-konner-sohnen-ks-pw145v\/#primaryimage"},"image":{"@id":"https:\/\/ranoja.ee\/toode\/survepesur-konner-sohnen-ks-pw145v\/#primaryimage"},"thumbnailUrl":"https:\/\/ranoja.ee\/wp-content\/uploads\/2025\/09\/Survepesur-Konner-Sohnen-KS-PW145V.webp","datePublished":"2025-09-04T07:30:30+00:00","dateModified":"2026-04-08T07:00:13+00:00","description":"Survepesur K\u00f6nner & S\u00f6hnen KS PW145V Survepesuri teleskoopk\u00e4epide on m\u00f5eldud h\u00f5lpsaks transportimiseks ja ruumis\u00e4\u00e4stlikuks hoiustamiseks.","breadcrumb":{"@id":"https:\/\/ranoja.ee\/toode\/survepesur-konner-sohnen-ks-pw145v\/#breadcrumb"},"inLanguage":"en-US","potentialAction":[{"@type":"ReadAction","target":["https:\/\/ranoja.ee\/toode\/survepesur-konner-sohnen-ks-pw145v\/"]}]},{"@type":"ImageObject","inLanguage":"en-US","@id":"https:\/\/ranoja.ee\/toode\/survepesur-konner-sohnen-ks-pw145v\/#primaryimage","url":"https:\/\/ranoja.ee\/wp-content\/uploads\/2025\/09\/Survepesur-Konner-Sohnen-KS-PW145V.webp","contentUrl":"https:\/\/ranoja.ee\/wp-content\/uploads\/2025\/09\/Survepesur-Konner-Sohnen-KS-PW145V.webp","width":1600,"height":1600,"caption":"Survepesur K\u00f6nner & S\u00f6hnen KS PW145V"},{"@type":"BreadcrumbList","@id":"https:\/\/ranoja.ee\/toode\/survepesur-konner-sohnen-ks-pw145v\/#breadcrumb","itemListElement":[{"@type":"ListItem","position":1,"name":"Home","item":"https:\/\/ranoja.ee\/"},{"@type":"ListItem","position":2,"name":"Shop","item":"https:\/\/ranoja.ee\/en\/shop\/"},{"@type":"ListItem","position":3,"name":"Survepesur K\u00f6nner &#038; S\u00f6hnen KS PW145V"}]},{"@type":"WebSite","@id":"https:\/\/ranoja.ee\/#website","url":"https:\/\/ranoja.ee\/","name":"Ranoja","description":"Equipment Shop WooCommerce WordPress Theme for Machine &amp; Tools","publisher":{"@id":"https:\/\/ranoja.ee\/#organization"},"potentialAction":[{"@type":"SearchAction","target":{"@type":"EntryPoint","urlTemplate":"https:\/\/ranoja.ee\/?s={search_term_string}"},"query-input":{"@type":"PropertyValueSpecification","valueRequired":true,"valueName":"search_term_string"}}],"inLanguage":"en-US"},{"@type":"Organization","@id":"https:\/\/ranoja.ee\/#organization","name":"Ranoja O\u00dc","url":"https:\/\/ranoja.ee\/","logo":{"@type":"ImageObject","inLanguage":"en-US","@id":"https:\/\/ranoja.ee\/#\/schema\/logo\/image\/","url":"https:\/\/ranoja.ee\/wp-content\/uploads\/2023\/11\/ranoja-Logo.png","contentUrl":"https:\/\/ranoja.ee\/wp-content\/uploads\/2023\/11\/ranoja-Logo.png","width":207,"height":58,"caption":"Ranoja O\u00dc"},"image":{"@id":"https:\/\/ranoja.ee\/#\/schema\/logo\/image\/"},"sameAs":["https:\/\/www.facebook.com\/ranoja.ee","https:\/\/www.instagram.com\/ranoja__\/"]}]}},"_links":{"self":[{"href":"https:\/\/ranoja.ee\/en\/wp-json\/wp\/v2\/product\/20441","targetHints":{"allow":["GET"]}}],"collection":[{"href":"https:\/\/ranoja.ee\/en\/wp-json\/wp\/v2\/product"}],"about":[{"href":"https:\/\/ranoja.ee\/en\/wp-json\/wp\/v2\/types\/product"}],"wp:featuredmedia":[{"embeddable":true,"href":"https:\/\/ranoja.ee\/en\/wp-json\/wp\/v2\/media\/20454"}],"wp:attachment":[{"href":"https:\/\/ranoja.ee\/en\/wp-json\/wp\/v2\/media?parent=20441"}],"wp:term":[{"taxonomy":"product_cat","embeddable":true,"href":"https:\/\/ranoja.ee\/en\/wp-json\/wp\/v2\/product_cat?post=20441"},{"taxonomy":"product_tag","embeddable":true,"href":"https:\/\/ranoja.ee\/en\/wp-json\/wp\/v2\/product_tag?post=20441"}],"curies":[{"name":"wp","href":"https:\/\/api.w.org\/{rel}","templated":true}]}}