{"id":20376,"date":"2025-08-22T16:08:49","date_gmt":"2025-08-22T13:08:49","guid":{"rendered":"https:\/\/ranoja.ee\/?post_type=product&#038;p=20376"},"modified":"2026-04-14T11:59:22","modified_gmt":"2026-04-14T08:59:22","slug":"ulekandeluliti-konner-sohnen-ks-ats-4-100hd","status":"publish","type":"product","link":"https:\/\/ranoja.ee\/en\/toode\/ulekandeluliti-konner-sohnen-ks-ats-4-100hd\/","title":{"rendered":"\u00dclekandel\u00fcliti K\u00f6nner &#038; S\u00f6hnen KS ATS 4\/100HD"},"content":{"rendered":"<p>\u00dclekandel\u00fcliti K\u00f6nner &#038; S\u00f6hnen KS ATS 4\/100HD<\/p>\n<p>Saksa kaubam\u00e4rgi \u201cK\u00f6nner &#038; S\u00f6hnen\u201d KS ATS 4\/100HD ATS-seade (Automatic Transfer Switch) k\u00e4ivitab elektrijaama automaatselt ja edastab sellele koormuse, kui p\u00f5hitoiteallikas on v\u00e4lja l\u00fclitatud, ning peatab elektrijaama automaatselt, kui kesktoiteallikas on v\u00e4lja l\u00fclitatud. varustamine taastub. See \u00fchildub K\u00f6nneri ja S\u00f6hneni diiselelektrijaamadega. ATS-seade v\u00f5ib t\u00f6\u00f6tada nii automaat- kui ka manuaalre\u017eiimis.<\/p>\n<p>FUNKTSIOONID:<br \/>\nUniversaalne disain v\u00f5imaldab ATS-seadme \u00fchendamist \u00fche- ja kolmefaasiliste v\u00f5rkudega<br \/>\nAutomaatne\/k\u00e4sitsi t\u00f6\u00f6tamine<br \/>\nMootoriga t\u00f6\u00f6tav l\u00fcliti<br \/>\nJuhtkaablite klemmiplokk<br \/>\nPinge LED-id<br \/>\nKaitsev metallist korpus<\/p>\n<p>ATS-SEADME PROGRAMMEERITAV LOOGIKAKONTROLLER:<br \/>\nAutomaatne\/k\u00e4sitsi t\u00f6\u00f6tamine.<br \/>\nMootori k\u00e4ivitusaja programmeerimine p\u00e4rast voolukatkestust .<br \/>\nMootori soojenemisaja programmeerimine enne tarbijaga \u00fchendamist.<br \/>\nStarteri t\u00f6\u00f6aja seadistamine.<br \/>\nMootori j\u00f5udluse j\u00e4lgimine.<br \/>\nAku laadimine generaatoril on v\u00e4lja l\u00fclitatud.<\/p>\n<p>K\u00f6nner &amp; S\u00f6hnen on saksa kvaliteeti pakkuv br\u00e4nd. Meie valik sisaldab generaatorid, aiat\u00f6\u00f6riistad ja voolutooted. Oleme tuntud usaldusv\u00e4\u00e4rsuse ja soodsa hinna poolest.<\/p>\n<p>ATS plokk \u2013 automaatne \u00fclekandel\u00fcliti generaatoritele<\/p>\n<p>ATS plokk ehk Automatic Transfer Switch on seade, mis tagab elektri automaatse \u00fcmberl\u00fclituse v\u00f5rgu ja generaatori vahel. Automaatne voolu \u00fcmberl\u00fclitamine toimub kiiresti ja turvaliselt. ATS tagab elektrivarustuse katkematu t\u00f6\u00f6 kriitilistes olukordades.<\/p>\n<p>M\u00e4rks\u00f5nad ja kasutusvaldkonnad:<br \/>\nATS plokk generaatoritele<br \/>\nautomaatne \u00fcmberl\u00fclitus v\u00f5rgu ja generaatori vahel,<br \/>\nelektrikatkestuste lahendus, avariitoide, varutoide, katkematu elektri\u00fchendus,<br \/>\nt\u00f6\u00f6stushooned, eramajad, kontorid, serveriruumid, ehitusobjektid<br \/>\nelektrigeneraatorid, diiselgeneraatorid, bensiinigeneraatorid<\/p>\n<p>Sobib kasutamiseks:<br \/>\nK\u00f6nnen &#038; Schonnen generaatorid n\u00e4iteks: KS 7000DE, KS 9000E, KS 12000DE-ATS, KS 15000DE-3<br \/>\nTeised elektrigeneraatorid ja seadmed erinevatelt tootjatelt<br \/>\nAutomaatne t\u00f6\u00f6 diiselgeneraatoritega ja bensiinimootoriga generaatoritega<\/p>\n<p>Eelised:<br \/>\nAutomaatne \u00fcmberl\u00fclitus elektrikatkestuse korral<br \/>\nLihtne paigaldus ja t\u00f6\u00f6kindel lahendus<br \/>\nKaitseb elektriseadmeid \u00fclepingete ja voolukatkestuste eest<br \/>\nTagab pideva elektrivarustuse kodus, ettev\u00f5ttes v\u00f5i t\u00f6\u00f6stuses<\/p>\n<p>\u00dclekandel\u00fcliti K\u00f6nner &#038; S\u00f6hnen KS ATS 4\/100HD<\/p>\n","protected":false},"excerpt":{"rendered":"<p>\u00dclekandel\u00fcliti K\u00f6nner &#038; S\u00f6hnen KS ATS 4\/100HD<br \/>\nPinge:230V\/400V<br \/>\nTippv\u00f5imsuse n\u00f5udlus: 18W<br \/>\nMaksimaalne v\u00f5imsus 230V: 23KW<br \/>\nVool maksimaalne 230V: 100A<br \/>\nMaksimaalne v\u00f5imsus 400V: 55KW<br \/>\nVool maksimaalne: 400V 100A<br \/>\nT\u00f6\u00f6keskkond: -20 kuni 45 \u00b0\u0421; niiskus: \u2a7d50%<br \/>\nS\u00e4ilituskeskkond: -30\u00b0C kuni 70\u00b0C; niiskus: \u2a7d50%<br \/>\nIP kaitseklass: IP44<br \/>\nIsolatsiooniklass: AC1.0KV \/ 1min 1mA<br \/>\nKaal: 22.3Kg<br \/>\n<strong>Eeldatav tarneaeg 1-7 t\u00f6\u00f6p\u00e4eva<\/strong><\/p>\n","protected":false},"featured_media":20377,"template":"","meta":{"inline_featured_image":false},"product_cat":[1090,102],"product_tag":[2138,1813,2109,2105,2108,2106,2115,2107,2110,2148],"class_list":{"0":"post-20376","1":"product","2":"type-product","3":"status-publish","4":"has-post-thumbnail","6":"product_brand-konner-sohnen","7":"product_cat-ehitustehnika","8":"product_cat-generaatorid-ja-inverterid","9":"product_tag-automaatne-ulekandeluliti","10":"product_tag-konner-sohnen","11":"product_tag-ks-18-1de-g","12":"product_tag-ks-18-1xm","13":"product_tag-ks-18-1ye","14":"product_tag-ks-25-3lm","15":"product_tag-ks-33-3de-g","16":"product_tag-ks-33-3xm","17":"product_tag-ks-33-3ye","18":"product_tag-ks-ats-4-100hd","20":"first","21":"outofstock","22":"taxable","23":"shipping-taxable","24":"purchasable","25":"product-type-simple"},"yoast_head":"<!-- This site is optimized with the Yoast SEO plugin v27.4 - https:\/\/yoast.com\/product\/yoast-seo-wordpress\/ -->\n<title>\u00dclekandel\u00fcliti K\u00f6nner &amp; S\u00f6hnen KS ATS 4\/100HD<\/title>\n<meta name=\"description\" content=\"\u00dclekandel\u00fcliti K\u00f6nner &amp; S\u00f6hnen KS ATS 4\/100HD Universaalne disain v\u00f5imaldab ATS-seadme \u00fchendamist \u00fche- ja kolmefaasiliste v\u00f5rkudega.\" \/>\n<meta name=\"robots\" content=\"index, follow, max-snippet:-1, max-image-preview:large, max-video-preview:-1\" \/>\n<link rel=\"canonical\" href=\"https:\/\/ranoja.ee\/toode\/ulekandeluliti-konner-sohnen-ks-ats-4-100hd\/\" \/>\n<meta property=\"og:locale\" content=\"en_US\" \/>\n<meta property=\"og:type\" content=\"article\" \/>\n<meta property=\"og:title\" content=\"\u00dclekandel\u00fcliti K\u00f6nner &amp; S\u00f6hnen KS ATS 4\/100HD\" \/>\n<meta property=\"og:description\" content=\"\u00dclekandel\u00fcliti K\u00f6nner &amp; S\u00f6hnen KS ATS 4\/100HD Universaalne disain v\u00f5imaldab ATS-seadme \u00fchendamist \u00fche- ja kolmefaasiliste v\u00f5rkudega.\" \/>\n<meta property=\"og:url\" content=\"https:\/\/ranoja.ee\/toode\/ulekandeluliti-konner-sohnen-ks-ats-4-100hd\/\" \/>\n<meta property=\"og:site_name\" content=\"Ranoja\" \/>\n<meta property=\"article:publisher\" content=\"https:\/\/www.facebook.com\/ranoja.ee\" \/>\n<meta property=\"article:modified_time\" content=\"2026-04-14T08:59:22+00:00\" \/>\n<meta property=\"og:image\" content=\"https:\/\/ranoja.ee\/wp-content\/uploads\/2025\/08\/Ulekandeluliti-Konner-Sohnen-KS-ATS-4-100HD.webp\" \/>\n\t<meta property=\"og:image:width\" content=\"1600\" \/>\n\t<meta property=\"og:image:height\" content=\"1200\" \/>\n\t<meta property=\"og:image:type\" content=\"image\/webp\" \/>\n<meta name=\"twitter:card\" content=\"summary_large_image\" \/>\n<meta name=\"twitter:label1\" content=\"Est. reading time\" \/>\n\t<meta name=\"twitter:data1\" content=\"2 minutes\" \/>\n<script type=\"application\/ld+json\" class=\"yoast-schema-graph\">{\"@context\":\"https:\\\/\\\/schema.org\",\"@graph\":[{\"@type\":\"WebPage\",\"@id\":\"https:\\\/\\\/ranoja.ee\\\/toode\\\/ulekandeluliti-konner-sohnen-ks-ats-4-100hd\\\/\",\"url\":\"https:\\\/\\\/ranoja.ee\\\/toode\\\/ulekandeluliti-konner-sohnen-ks-ats-4-100hd\\\/\",\"name\":\"\u00dclekandel\u00fcliti K\u00f6nner & S\u00f6hnen KS ATS 4\\\/100HD\",\"isPartOf\":{\"@id\":\"https:\\\/\\\/ranoja.ee\\\/#website\"},\"primaryImageOfPage\":{\"@id\":\"https:\\\/\\\/ranoja.ee\\\/toode\\\/ulekandeluliti-konner-sohnen-ks-ats-4-100hd\\\/#primaryimage\"},\"image\":{\"@id\":\"https:\\\/\\\/ranoja.ee\\\/toode\\\/ulekandeluliti-konner-sohnen-ks-ats-4-100hd\\\/#primaryimage\"},\"thumbnailUrl\":\"https:\\\/\\\/ranoja.ee\\\/wp-content\\\/uploads\\\/2025\\\/08\\\/Ulekandeluliti-Konner-Sohnen-KS-ATS-4-100HD.webp\",\"datePublished\":\"2025-08-22T13:08:49+00:00\",\"dateModified\":\"2026-04-14T08:59:22+00:00\",\"description\":\"\u00dclekandel\u00fcliti K\u00f6nner & S\u00f6hnen KS ATS 4\\\/100HD Universaalne disain v\u00f5imaldab ATS-seadme \u00fchendamist \u00fche- ja kolmefaasiliste v\u00f5rkudega.\",\"breadcrumb\":{\"@id\":\"https:\\\/\\\/ranoja.ee\\\/toode\\\/ulekandeluliti-konner-sohnen-ks-ats-4-100hd\\\/#breadcrumb\"},\"inLanguage\":\"en-US\",\"potentialAction\":[{\"@type\":\"ReadAction\",\"target\":[\"https:\\\/\\\/ranoja.ee\\\/toode\\\/ulekandeluliti-konner-sohnen-ks-ats-4-100hd\\\/\"]}]},{\"@type\":\"ImageObject\",\"inLanguage\":\"en-US\",\"@id\":\"https:\\\/\\\/ranoja.ee\\\/toode\\\/ulekandeluliti-konner-sohnen-ks-ats-4-100hd\\\/#primaryimage\",\"url\":\"https:\\\/\\\/ranoja.ee\\\/wp-content\\\/uploads\\\/2025\\\/08\\\/Ulekandeluliti-Konner-Sohnen-KS-ATS-4-100HD.webp\",\"contentUrl\":\"https:\\\/\\\/ranoja.ee\\\/wp-content\\\/uploads\\\/2025\\\/08\\\/Ulekandeluliti-Konner-Sohnen-KS-ATS-4-100HD.webp\",\"width\":1600,\"height\":1200,\"caption\":\"\u00dclekandel\u00fcliti K\u00f6nner & S\u00f6hnen KS ATS 4\\\/100HD\"},{\"@type\":\"BreadcrumbList\",\"@id\":\"https:\\\/\\\/ranoja.ee\\\/toode\\\/ulekandeluliti-konner-sohnen-ks-ats-4-100hd\\\/#breadcrumb\",\"itemListElement\":[{\"@type\":\"ListItem\",\"position\":1,\"name\":\"Home\",\"item\":\"https:\\\/\\\/ranoja.ee\\\/\"},{\"@type\":\"ListItem\",\"position\":2,\"name\":\"Shop\",\"item\":\"https:\\\/\\\/ranoja.ee\\\/en\\\/shop\\\/\"},{\"@type\":\"ListItem\",\"position\":3,\"name\":\"\u00dclekandel\u00fcliti K\u00f6nner &#038; S\u00f6hnen KS ATS 4\\\/100HD\"}]},{\"@type\":\"WebSite\",\"@id\":\"https:\\\/\\\/ranoja.ee\\\/#website\",\"url\":\"https:\\\/\\\/ranoja.ee\\\/\",\"name\":\"Ranoja\",\"description\":\"Equipment Shop WooCommerce WordPress Theme for Machine &amp; Tools\",\"publisher\":{\"@id\":\"https:\\\/\\\/ranoja.ee\\\/#organization\"},\"potentialAction\":[{\"@type\":\"SearchAction\",\"target\":{\"@type\":\"EntryPoint\",\"urlTemplate\":\"https:\\\/\\\/ranoja.ee\\\/?s={search_term_string}\"},\"query-input\":{\"@type\":\"PropertyValueSpecification\",\"valueRequired\":true,\"valueName\":\"search_term_string\"}}],\"inLanguage\":\"en-US\"},{\"@type\":\"Organization\",\"@id\":\"https:\\\/\\\/ranoja.ee\\\/#organization\",\"name\":\"Ranoja O\u00dc\",\"url\":\"https:\\\/\\\/ranoja.ee\\\/\",\"logo\":{\"@type\":\"ImageObject\",\"inLanguage\":\"en-US\",\"@id\":\"https:\\\/\\\/ranoja.ee\\\/#\\\/schema\\\/logo\\\/image\\\/\",\"url\":\"https:\\\/\\\/ranoja.ee\\\/wp-content\\\/uploads\\\/2023\\\/11\\\/ranoja-Logo.png\",\"contentUrl\":\"https:\\\/\\\/ranoja.ee\\\/wp-content\\\/uploads\\\/2023\\\/11\\\/ranoja-Logo.png\",\"width\":207,\"height\":58,\"caption\":\"Ranoja O\u00dc\"},\"image\":{\"@id\":\"https:\\\/\\\/ranoja.ee\\\/#\\\/schema\\\/logo\\\/image\\\/\"},\"sameAs\":[\"https:\\\/\\\/www.facebook.com\\\/ranoja.ee\",\"https:\\\/\\\/www.instagram.com\\\/ranoja__\\\/\"]}]}<\/script>\n<!-- \/ Yoast SEO plugin. -->","yoast_head_json":{"title":"\u00dclekandel\u00fcliti K\u00f6nner & S\u00f6hnen KS ATS 4\/100HD","description":"\u00dclekandel\u00fcliti K\u00f6nner & S\u00f6hnen KS ATS 4\/100HD Universaalne disain v\u00f5imaldab ATS-seadme \u00fchendamist \u00fche- ja kolmefaasiliste v\u00f5rkudega.","robots":{"index":"index","follow":"follow","max-snippet":"max-snippet:-1","max-image-preview":"max-image-preview:large","max-video-preview":"max-video-preview:-1"},"canonical":"https:\/\/ranoja.ee\/toode\/ulekandeluliti-konner-sohnen-ks-ats-4-100hd\/","og_locale":"en_US","og_type":"article","og_title":"\u00dclekandel\u00fcliti K\u00f6nner & S\u00f6hnen KS ATS 4\/100HD","og_description":"\u00dclekandel\u00fcliti K\u00f6nner & S\u00f6hnen KS ATS 4\/100HD Universaalne disain v\u00f5imaldab ATS-seadme \u00fchendamist \u00fche- ja kolmefaasiliste v\u00f5rkudega.","og_url":"https:\/\/ranoja.ee\/toode\/ulekandeluliti-konner-sohnen-ks-ats-4-100hd\/","og_site_name":"Ranoja","article_publisher":"https:\/\/www.facebook.com\/ranoja.ee","article_modified_time":"2026-04-14T08:59:22+00:00","og_image":[{"width":1600,"height":1200,"url":"https:\/\/ranoja.ee\/wp-content\/uploads\/2025\/08\/Ulekandeluliti-Konner-Sohnen-KS-ATS-4-100HD.webp","type":"image\/webp"}],"twitter_card":"summary_large_image","twitter_misc":{"Est. reading time":"2 minutes"},"schema":{"@context":"https:\/\/schema.org","@graph":[{"@type":"WebPage","@id":"https:\/\/ranoja.ee\/toode\/ulekandeluliti-konner-sohnen-ks-ats-4-100hd\/","url":"https:\/\/ranoja.ee\/toode\/ulekandeluliti-konner-sohnen-ks-ats-4-100hd\/","name":"\u00dclekandel\u00fcliti K\u00f6nner & S\u00f6hnen KS ATS 4\/100HD","isPartOf":{"@id":"https:\/\/ranoja.ee\/#website"},"primaryImageOfPage":{"@id":"https:\/\/ranoja.ee\/toode\/ulekandeluliti-konner-sohnen-ks-ats-4-100hd\/#primaryimage"},"image":{"@id":"https:\/\/ranoja.ee\/toode\/ulekandeluliti-konner-sohnen-ks-ats-4-100hd\/#primaryimage"},"thumbnailUrl":"https:\/\/ranoja.ee\/wp-content\/uploads\/2025\/08\/Ulekandeluliti-Konner-Sohnen-KS-ATS-4-100HD.webp","datePublished":"2025-08-22T13:08:49+00:00","dateModified":"2026-04-14T08:59:22+00:00","description":"\u00dclekandel\u00fcliti K\u00f6nner & S\u00f6hnen KS ATS 4\/100HD Universaalne disain v\u00f5imaldab ATS-seadme \u00fchendamist \u00fche- ja kolmefaasiliste v\u00f5rkudega.","breadcrumb":{"@id":"https:\/\/ranoja.ee\/toode\/ulekandeluliti-konner-sohnen-ks-ats-4-100hd\/#breadcrumb"},"inLanguage":"en-US","potentialAction":[{"@type":"ReadAction","target":["https:\/\/ranoja.ee\/toode\/ulekandeluliti-konner-sohnen-ks-ats-4-100hd\/"]}]},{"@type":"ImageObject","inLanguage":"en-US","@id":"https:\/\/ranoja.ee\/toode\/ulekandeluliti-konner-sohnen-ks-ats-4-100hd\/#primaryimage","url":"https:\/\/ranoja.ee\/wp-content\/uploads\/2025\/08\/Ulekandeluliti-Konner-Sohnen-KS-ATS-4-100HD.webp","contentUrl":"https:\/\/ranoja.ee\/wp-content\/uploads\/2025\/08\/Ulekandeluliti-Konner-Sohnen-KS-ATS-4-100HD.webp","width":1600,"height":1200,"caption":"\u00dclekandel\u00fcliti K\u00f6nner & S\u00f6hnen KS ATS 4\/100HD"},{"@type":"BreadcrumbList","@id":"https:\/\/ranoja.ee\/toode\/ulekandeluliti-konner-sohnen-ks-ats-4-100hd\/#breadcrumb","itemListElement":[{"@type":"ListItem","position":1,"name":"Home","item":"https:\/\/ranoja.ee\/"},{"@type":"ListItem","position":2,"name":"Shop","item":"https:\/\/ranoja.ee\/en\/shop\/"},{"@type":"ListItem","position":3,"name":"\u00dclekandel\u00fcliti K\u00f6nner &#038; S\u00f6hnen KS ATS 4\/100HD"}]},{"@type":"WebSite","@id":"https:\/\/ranoja.ee\/#website","url":"https:\/\/ranoja.ee\/","name":"Ranoja","description":"Equipment Shop WooCommerce WordPress Theme for Machine &amp; Tools","publisher":{"@id":"https:\/\/ranoja.ee\/#organization"},"potentialAction":[{"@type":"SearchAction","target":{"@type":"EntryPoint","urlTemplate":"https:\/\/ranoja.ee\/?s={search_term_string}"},"query-input":{"@type":"PropertyValueSpecification","valueRequired":true,"valueName":"search_term_string"}}],"inLanguage":"en-US"},{"@type":"Organization","@id":"https:\/\/ranoja.ee\/#organization","name":"Ranoja O\u00dc","url":"https:\/\/ranoja.ee\/","logo":{"@type":"ImageObject","inLanguage":"en-US","@id":"https:\/\/ranoja.ee\/#\/schema\/logo\/image\/","url":"https:\/\/ranoja.ee\/wp-content\/uploads\/2023\/11\/ranoja-Logo.png","contentUrl":"https:\/\/ranoja.ee\/wp-content\/uploads\/2023\/11\/ranoja-Logo.png","width":207,"height":58,"caption":"Ranoja O\u00dc"},"image":{"@id":"https:\/\/ranoja.ee\/#\/schema\/logo\/image\/"},"sameAs":["https:\/\/www.facebook.com\/ranoja.ee","https:\/\/www.instagram.com\/ranoja__\/"]}]}},"_links":{"self":[{"href":"https:\/\/ranoja.ee\/en\/wp-json\/wp\/v2\/product\/20376","targetHints":{"allow":["GET"]}}],"collection":[{"href":"https:\/\/ranoja.ee\/en\/wp-json\/wp\/v2\/product"}],"about":[{"href":"https:\/\/ranoja.ee\/en\/wp-json\/wp\/v2\/types\/product"}],"wp:featuredmedia":[{"embeddable":true,"href":"https:\/\/ranoja.ee\/en\/wp-json\/wp\/v2\/media\/20377"}],"wp:attachment":[{"href":"https:\/\/ranoja.ee\/en\/wp-json\/wp\/v2\/media?parent=20376"}],"wp:term":[{"taxonomy":"product_cat","embeddable":true,"href":"https:\/\/ranoja.ee\/en\/wp-json\/wp\/v2\/product_cat?post=20376"},{"taxonomy":"product_tag","embeddable":true,"href":"https:\/\/ranoja.ee\/en\/wp-json\/wp\/v2\/product_tag?post=20376"}],"curies":[{"name":"wp","href":"https:\/\/api.w.org\/{rel}","templated":true}]}}