{"id":20357,"date":"2025-08-22T15:18:06","date_gmt":"2025-08-22T12:18:06","guid":{"rendered":"https:\/\/ranoja.ee\/?post_type=product&#038;p=20357"},"modified":"2026-04-14T11:59:22","modified_gmt":"2026-04-14T08:59:22","slug":"ulekandeluliti-konner-sohnen-ks-ats-4-63d","status":"publish","type":"product","link":"https:\/\/ranoja.ee\/en\/toode\/ulekandeluliti-konner-sohnen-ks-ats-4-63d\/","title":{"rendered":"\u00dclekandel\u00fcliti K\u00f6nner &#038; S\u00f6hnen KS ATS 4\/63D"},"content":{"rendered":"<p>\u00dclekandel\u00fcliti K\u00f6nner &#038; S\u00f6hnen KS ATS 4\/63D<\/p>\n<p>Saksa kaubam\u00e4rgi K\u00f6nner &#038; S\u00f6hnen automaatne \u00fclekandel\u00fcliti (ATS) KS ATS 4\/63D-Inverter k\u00e4ivitab automaatselt generaatori, l\u00fclitab sellele koormuse, kui p\u00f5hitoiteallikas on lahti \u00fchendatud, ja peatab generaatori automaatselt, kui keskv\u00f5rk taastub.<\/p>\n<p>ATS-seadmel on suvised ja talvised t\u00f6\u00f6re\u017eiimid, mis v\u00f5imaldavad teil valida \u00f5hkk\u00fcttes\u00fcsteemi k\u00fctteaja.<br \/>\nSellel on voltmeeter ja generaatori h\u00e4daseiskamisnupp. ATS-seade v\u00f5ib t\u00f6\u00f6tada nii automaat- kui ka manuaalre\u017eiimis.<\/p>\n<p>Mudel KS ATS 4\/63D-Inverter sobib diiselinvertergeneraatoritele \u201cK\u00f6nner&#038;S\u00f6hnen\u201d KS 6100iDE ATSR ja KS 9500iDE ATSR.<\/p>\n<p>EELISED:<br \/>\nUniversaalne disain v\u00f5imaldab ATS-i kasutada \u00fche- ja kolmefaasilistes v\u00f5rkudes koos 8-kontaktilise juhtkaabli pistikuga.<br \/>\nVarustatud voltmeetriga.<br \/>\nGeneraatori h\u00e4daseiskamisnupp, mis annab lisakaitsev\u00f5imaluse.<br \/>\nHoiab aku laetuna.<br \/>\nSuvised ja talvised t\u00f6\u00f6re\u017eiimid.<\/p>\n<p>ATS-SEADME PROGRAMMEERITAV LOOGIKAKONTROLLER:<br \/>\nAutomaatne\/k\u00e4sitsi t\u00f6\u00f6tamine.<br \/>\nMootori k\u00e4ivitusaja programmeerimine p\u00e4rast voolukatkestust .<br \/>\nMootori soojenemisaja programmeerimine enne tarbijaga \u00fchendamist.<br \/>\nStarteri t\u00f6\u00f6aja seadistamine.<br \/>\nMootori j\u00f5udluse j\u00e4lgimine.<br \/>\nAku laadimine generaatoril on v\u00e4lja l\u00fclitatud.<\/p>\n<p>K\u00f6nner &amp; S\u00f6hnen on saksa kvaliteeti pakkuv br\u00e4nd. Meie valik sisaldab generaatorid, aiat\u00f6\u00f6riistad ja voolutooted. Oleme tuntud usaldusv\u00e4\u00e4rsuse ja soodsa hinna poolest.<\/p>\n<p>ATS plokk ehk Automatic Transfer Switch on seade, mis tagab elektri automaatse \u00fcmberl\u00fclituse v\u00f5rgu ja generaatori vahel.<br \/>\nAutomaatne voolu \u00fcmberl\u00fclitamine toimub kiiresti ja turvaliselt. ATS tagab elektrivarustuse katkematu t\u00f6\u00f6 kriitilistes olukordades.<\/p>\n<p>M\u00e4rks\u00f5nad ja kasutusvaldkonnad:<br \/>\nATS plokk generaatoritele<br \/>\nautomaatne \u00fcmberl\u00fclitus v\u00f5rgu ja generaatori vahel,<br \/>\nelektrikatkestuste lahendus, avariitoide, varutoide, katkematu elektri\u00fchendus,<br \/>\nt\u00f6\u00f6stushooned, eramajad, kontorid, serveriruumid, ehitusobjektid<br \/>\nelektrigeneraatorid, diiselgeneraatorid, bensiinigeneraatorid<\/p>\n<p>Sobib kasutamiseks:<br \/>\nK\u00f6nnen &#038; Schonnen generaatorid n\u00e4iteks: KS 7000DE, KS 9000E, KS 12000DE-ATS, KS 15000DE-3<br \/>\nTeised elektrigeneraatorid ja seadmed erinevatelt tootjatelt<br \/>\nAutomaatne t\u00f6\u00f6 diiselgeneraatoritega ja bensiinimootoriga generaatoritega<\/p>\n<p>Eelised:<br \/>\nAutomaatne \u00fcmberl\u00fclitus elektrikatkestuse korral<br \/>\nLihtne paigaldus ja t\u00f6\u00f6kindel lahendus<br \/>\nKaitseb elektriseadmeid \u00fclepingete ja voolukatkestuste eest<br \/>\nTagab pideva elektrivarustuse kodus, ettev\u00f5ttes v\u00f5i t\u00f6\u00f6stuses<\/p>\n<p>\u00dclekandel\u00fcliti K\u00f6nner &#038; S\u00f6hnen KS ATS 4\/63D<\/p>\n","protected":false},"excerpt":{"rendered":"<p>\u00dclekandel\u00fcliti K\u00f6nner &#038; S\u00f6hnen KS ATS 4\/63D<br \/>\nPinge: 230V\/400V<br \/>\nSagedus: 50 Hz<br \/>\nMaksimaalne v\u00f5imsus 230V: 14.5KW<br \/>\nVool maksimaalne 230V: 63A<br \/>\nMaksimaalne v\u00f5imsus 400V: 41,5KW<br \/>\nVool maksimaalne 400V: 63A<br \/>\nT\u00f6\u00f6keskkond: Alates -10\u00b0C to 55\u00b0C; \u00f5huniiskus: \u2a7d60%<br \/>\nS\u00e4ilituskeskkond: Alates -10\u00b0C to 70\u00b0C; \u00f5huniiskus: \u2a7d60%<br \/>\nIP kaitseklass: IP21<br \/>\nMaksimaalne aku laadimisvool sisseehitatud toiteallikast: 3A<br \/>\nJuhtkaabli pikkus: 10m<br \/>\nKaal: 10Kg<br \/>\n<strong>Eeldatav tarneaeg 1-7 t\u00f6\u00f6p\u00e4eva<\/strong><\/p>\n","protected":false},"featured_media":20360,"template":"","meta":{"inline_featured_image":false},"product_cat":[1090,102],"product_tag":[2138,1813,2145,2088,2146],"class_list":{"0":"post-20357","1":"product","2":"type-product","3":"status-publish","4":"has-post-thumbnail","6":"product_brand-konner-sohnen","7":"product_cat-ehitustehnika","8":"product_cat-generaatorid-ja-inverterid","9":"product_tag-automaatne-ulekandeluliti","10":"product_tag-konner-sohnen","11":"product_tag-ks-6100ide-atsr","12":"product_tag-ks-9500ide-atsr","13":"product_tag-ks-ats-4-63d","15":"first","16":"outofstock","17":"taxable","18":"shipping-taxable","19":"purchasable","20":"product-type-simple"},"yoast_head":"<!-- This site is optimized with the Yoast SEO plugin v27.4 - https:\/\/yoast.com\/product\/yoast-seo-wordpress\/ -->\n<title>\u00dclekandel\u00fcliti K\u00f6nner &amp; S\u00f6hnen KS ATS 4\/63D<\/title>\n<meta name=\"description\" content=\"\u00dclekandel\u00fcliti K\u00f6nner &amp; S\u00f6hnen KS ATS 4\/63D ATS-seade sobib diiselinvertergeneraatoritele KS 6100iDE ATSR ja KS 9500iDE ATSR.\" \/>\n<meta name=\"robots\" content=\"index, follow, max-snippet:-1, max-image-preview:large, max-video-preview:-1\" \/>\n<link rel=\"canonical\" href=\"https:\/\/ranoja.ee\/toode\/ulekandeluliti-konner-sohnen-ks-ats-4-63d\/\" \/>\n<meta property=\"og:locale\" content=\"en_US\" \/>\n<meta property=\"og:type\" content=\"article\" \/>\n<meta property=\"og:title\" content=\"\u00dclekandel\u00fcliti K\u00f6nner &amp; S\u00f6hnen KS ATS 4\/63D\" \/>\n<meta property=\"og:description\" content=\"\u00dclekandel\u00fcliti K\u00f6nner &amp; S\u00f6hnen KS ATS 4\/63D ATS-seade sobib diiselinvertergeneraatoritele KS 6100iDE ATSR ja KS 9500iDE ATSR.\" \/>\n<meta property=\"og:url\" content=\"https:\/\/ranoja.ee\/toode\/ulekandeluliti-konner-sohnen-ks-ats-4-63d\/\" \/>\n<meta property=\"og:site_name\" content=\"Ranoja\" \/>\n<meta property=\"article:publisher\" content=\"https:\/\/www.facebook.com\/ranoja.ee\" \/>\n<meta property=\"article:modified_time\" content=\"2026-04-14T08:59:22+00:00\" \/>\n<meta property=\"og:image\" content=\"https:\/\/ranoja.ee\/wp-content\/uploads\/2025\/08\/Automaatne-ulekandeluliti-Konner-Sohnen-KS-ATS-4-63D-Inverter-3.jpg\" \/>\n\t<meta property=\"og:image:width\" content=\"768\" \/>\n\t<meta property=\"og:image:height\" content=\"576\" \/>\n\t<meta property=\"og:image:type\" content=\"image\/jpeg\" \/>\n<meta name=\"twitter:card\" content=\"summary_large_image\" \/>\n<meta name=\"twitter:label1\" content=\"Est. reading time\" \/>\n\t<meta name=\"twitter:data1\" content=\"2 minutes\" \/>\n<script type=\"application\/ld+json\" class=\"yoast-schema-graph\">{\"@context\":\"https:\\\/\\\/schema.org\",\"@graph\":[{\"@type\":\"WebPage\",\"@id\":\"https:\\\/\\\/ranoja.ee\\\/toode\\\/ulekandeluliti-konner-sohnen-ks-ats-4-63d\\\/\",\"url\":\"https:\\\/\\\/ranoja.ee\\\/toode\\\/ulekandeluliti-konner-sohnen-ks-ats-4-63d\\\/\",\"name\":\"\u00dclekandel\u00fcliti K\u00f6nner & S\u00f6hnen KS ATS 4\\\/63D\",\"isPartOf\":{\"@id\":\"https:\\\/\\\/ranoja.ee\\\/#website\"},\"primaryImageOfPage\":{\"@id\":\"https:\\\/\\\/ranoja.ee\\\/toode\\\/ulekandeluliti-konner-sohnen-ks-ats-4-63d\\\/#primaryimage\"},\"image\":{\"@id\":\"https:\\\/\\\/ranoja.ee\\\/toode\\\/ulekandeluliti-konner-sohnen-ks-ats-4-63d\\\/#primaryimage\"},\"thumbnailUrl\":\"https:\\\/\\\/ranoja.ee\\\/wp-content\\\/uploads\\\/2025\\\/08\\\/Automaatne-ulekandeluliti-Konner-Sohnen-KS-ATS-4-63D-Inverter-3.jpg\",\"datePublished\":\"2025-08-22T12:18:06+00:00\",\"dateModified\":\"2026-04-14T08:59:22+00:00\",\"description\":\"\u00dclekandel\u00fcliti K\u00f6nner & S\u00f6hnen KS ATS 4\\\/63D ATS-seade sobib diiselinvertergeneraatoritele KS 6100iDE ATSR ja KS 9500iDE ATSR.\",\"breadcrumb\":{\"@id\":\"https:\\\/\\\/ranoja.ee\\\/toode\\\/ulekandeluliti-konner-sohnen-ks-ats-4-63d\\\/#breadcrumb\"},\"inLanguage\":\"en-US\",\"potentialAction\":[{\"@type\":\"ReadAction\",\"target\":[\"https:\\\/\\\/ranoja.ee\\\/toode\\\/ulekandeluliti-konner-sohnen-ks-ats-4-63d\\\/\"]}]},{\"@type\":\"ImageObject\",\"inLanguage\":\"en-US\",\"@id\":\"https:\\\/\\\/ranoja.ee\\\/toode\\\/ulekandeluliti-konner-sohnen-ks-ats-4-63d\\\/#primaryimage\",\"url\":\"https:\\\/\\\/ranoja.ee\\\/wp-content\\\/uploads\\\/2025\\\/08\\\/Automaatne-ulekandeluliti-Konner-Sohnen-KS-ATS-4-63D-Inverter-3.jpg\",\"contentUrl\":\"https:\\\/\\\/ranoja.ee\\\/wp-content\\\/uploads\\\/2025\\\/08\\\/Automaatne-ulekandeluliti-Konner-Sohnen-KS-ATS-4-63D-Inverter-3.jpg\",\"width\":768,\"height\":576,\"caption\":\"Automaatne \u00fclekandel\u00fcliti K\u00f6nner & S\u00f6hnen KS ATS 4\\\/63D-Inverter\"},{\"@type\":\"BreadcrumbList\",\"@id\":\"https:\\\/\\\/ranoja.ee\\\/toode\\\/ulekandeluliti-konner-sohnen-ks-ats-4-63d\\\/#breadcrumb\",\"itemListElement\":[{\"@type\":\"ListItem\",\"position\":1,\"name\":\"Home\",\"item\":\"https:\\\/\\\/ranoja.ee\\\/\"},{\"@type\":\"ListItem\",\"position\":2,\"name\":\"Shop\",\"item\":\"https:\\\/\\\/ranoja.ee\\\/en\\\/shop\\\/\"},{\"@type\":\"ListItem\",\"position\":3,\"name\":\"\u00dclekandel\u00fcliti K\u00f6nner &#038; S\u00f6hnen KS ATS 4\\\/63D\"}]},{\"@type\":\"WebSite\",\"@id\":\"https:\\\/\\\/ranoja.ee\\\/#website\",\"url\":\"https:\\\/\\\/ranoja.ee\\\/\",\"name\":\"Ranoja\",\"description\":\"Equipment Shop WooCommerce WordPress Theme for Machine &amp; Tools\",\"publisher\":{\"@id\":\"https:\\\/\\\/ranoja.ee\\\/#organization\"},\"potentialAction\":[{\"@type\":\"SearchAction\",\"target\":{\"@type\":\"EntryPoint\",\"urlTemplate\":\"https:\\\/\\\/ranoja.ee\\\/?s={search_term_string}\"},\"query-input\":{\"@type\":\"PropertyValueSpecification\",\"valueRequired\":true,\"valueName\":\"search_term_string\"}}],\"inLanguage\":\"en-US\"},{\"@type\":\"Organization\",\"@id\":\"https:\\\/\\\/ranoja.ee\\\/#organization\",\"name\":\"Ranoja O\u00dc\",\"url\":\"https:\\\/\\\/ranoja.ee\\\/\",\"logo\":{\"@type\":\"ImageObject\",\"inLanguage\":\"en-US\",\"@id\":\"https:\\\/\\\/ranoja.ee\\\/#\\\/schema\\\/logo\\\/image\\\/\",\"url\":\"https:\\\/\\\/ranoja.ee\\\/wp-content\\\/uploads\\\/2023\\\/11\\\/ranoja-Logo.png\",\"contentUrl\":\"https:\\\/\\\/ranoja.ee\\\/wp-content\\\/uploads\\\/2023\\\/11\\\/ranoja-Logo.png\",\"width\":207,\"height\":58,\"caption\":\"Ranoja O\u00dc\"},\"image\":{\"@id\":\"https:\\\/\\\/ranoja.ee\\\/#\\\/schema\\\/logo\\\/image\\\/\"},\"sameAs\":[\"https:\\\/\\\/www.facebook.com\\\/ranoja.ee\",\"https:\\\/\\\/www.instagram.com\\\/ranoja__\\\/\"]}]}<\/script>\n<!-- \/ Yoast SEO plugin. -->","yoast_head_json":{"title":"\u00dclekandel\u00fcliti K\u00f6nner & S\u00f6hnen KS ATS 4\/63D","description":"\u00dclekandel\u00fcliti K\u00f6nner & S\u00f6hnen KS ATS 4\/63D ATS-seade sobib diiselinvertergeneraatoritele KS 6100iDE ATSR ja KS 9500iDE ATSR.","robots":{"index":"index","follow":"follow","max-snippet":"max-snippet:-1","max-image-preview":"max-image-preview:large","max-video-preview":"max-video-preview:-1"},"canonical":"https:\/\/ranoja.ee\/toode\/ulekandeluliti-konner-sohnen-ks-ats-4-63d\/","og_locale":"en_US","og_type":"article","og_title":"\u00dclekandel\u00fcliti K\u00f6nner & S\u00f6hnen KS ATS 4\/63D","og_description":"\u00dclekandel\u00fcliti K\u00f6nner & S\u00f6hnen KS ATS 4\/63D ATS-seade sobib diiselinvertergeneraatoritele KS 6100iDE ATSR ja KS 9500iDE ATSR.","og_url":"https:\/\/ranoja.ee\/toode\/ulekandeluliti-konner-sohnen-ks-ats-4-63d\/","og_site_name":"Ranoja","article_publisher":"https:\/\/www.facebook.com\/ranoja.ee","article_modified_time":"2026-04-14T08:59:22+00:00","og_image":[{"width":768,"height":576,"url":"https:\/\/ranoja.ee\/wp-content\/uploads\/2025\/08\/Automaatne-ulekandeluliti-Konner-Sohnen-KS-ATS-4-63D-Inverter-3.jpg","type":"image\/jpeg"}],"twitter_card":"summary_large_image","twitter_misc":{"Est. reading time":"2 minutes"},"schema":{"@context":"https:\/\/schema.org","@graph":[{"@type":"WebPage","@id":"https:\/\/ranoja.ee\/toode\/ulekandeluliti-konner-sohnen-ks-ats-4-63d\/","url":"https:\/\/ranoja.ee\/toode\/ulekandeluliti-konner-sohnen-ks-ats-4-63d\/","name":"\u00dclekandel\u00fcliti K\u00f6nner & S\u00f6hnen KS ATS 4\/63D","isPartOf":{"@id":"https:\/\/ranoja.ee\/#website"},"primaryImageOfPage":{"@id":"https:\/\/ranoja.ee\/toode\/ulekandeluliti-konner-sohnen-ks-ats-4-63d\/#primaryimage"},"image":{"@id":"https:\/\/ranoja.ee\/toode\/ulekandeluliti-konner-sohnen-ks-ats-4-63d\/#primaryimage"},"thumbnailUrl":"https:\/\/ranoja.ee\/wp-content\/uploads\/2025\/08\/Automaatne-ulekandeluliti-Konner-Sohnen-KS-ATS-4-63D-Inverter-3.jpg","datePublished":"2025-08-22T12:18:06+00:00","dateModified":"2026-04-14T08:59:22+00:00","description":"\u00dclekandel\u00fcliti K\u00f6nner & S\u00f6hnen KS ATS 4\/63D ATS-seade sobib diiselinvertergeneraatoritele KS 6100iDE ATSR ja KS 9500iDE ATSR.","breadcrumb":{"@id":"https:\/\/ranoja.ee\/toode\/ulekandeluliti-konner-sohnen-ks-ats-4-63d\/#breadcrumb"},"inLanguage":"en-US","potentialAction":[{"@type":"ReadAction","target":["https:\/\/ranoja.ee\/toode\/ulekandeluliti-konner-sohnen-ks-ats-4-63d\/"]}]},{"@type":"ImageObject","inLanguage":"en-US","@id":"https:\/\/ranoja.ee\/toode\/ulekandeluliti-konner-sohnen-ks-ats-4-63d\/#primaryimage","url":"https:\/\/ranoja.ee\/wp-content\/uploads\/2025\/08\/Automaatne-ulekandeluliti-Konner-Sohnen-KS-ATS-4-63D-Inverter-3.jpg","contentUrl":"https:\/\/ranoja.ee\/wp-content\/uploads\/2025\/08\/Automaatne-ulekandeluliti-Konner-Sohnen-KS-ATS-4-63D-Inverter-3.jpg","width":768,"height":576,"caption":"Automaatne \u00fclekandel\u00fcliti K\u00f6nner & S\u00f6hnen KS ATS 4\/63D-Inverter"},{"@type":"BreadcrumbList","@id":"https:\/\/ranoja.ee\/toode\/ulekandeluliti-konner-sohnen-ks-ats-4-63d\/#breadcrumb","itemListElement":[{"@type":"ListItem","position":1,"name":"Home","item":"https:\/\/ranoja.ee\/"},{"@type":"ListItem","position":2,"name":"Shop","item":"https:\/\/ranoja.ee\/en\/shop\/"},{"@type":"ListItem","position":3,"name":"\u00dclekandel\u00fcliti K\u00f6nner &#038; S\u00f6hnen KS ATS 4\/63D"}]},{"@type":"WebSite","@id":"https:\/\/ranoja.ee\/#website","url":"https:\/\/ranoja.ee\/","name":"Ranoja","description":"Equipment Shop WooCommerce WordPress Theme for Machine &amp; Tools","publisher":{"@id":"https:\/\/ranoja.ee\/#organization"},"potentialAction":[{"@type":"SearchAction","target":{"@type":"EntryPoint","urlTemplate":"https:\/\/ranoja.ee\/?s={search_term_string}"},"query-input":{"@type":"PropertyValueSpecification","valueRequired":true,"valueName":"search_term_string"}}],"inLanguage":"en-US"},{"@type":"Organization","@id":"https:\/\/ranoja.ee\/#organization","name":"Ranoja O\u00dc","url":"https:\/\/ranoja.ee\/","logo":{"@type":"ImageObject","inLanguage":"en-US","@id":"https:\/\/ranoja.ee\/#\/schema\/logo\/image\/","url":"https:\/\/ranoja.ee\/wp-content\/uploads\/2023\/11\/ranoja-Logo.png","contentUrl":"https:\/\/ranoja.ee\/wp-content\/uploads\/2023\/11\/ranoja-Logo.png","width":207,"height":58,"caption":"Ranoja O\u00dc"},"image":{"@id":"https:\/\/ranoja.ee\/#\/schema\/logo\/image\/"},"sameAs":["https:\/\/www.facebook.com\/ranoja.ee","https:\/\/www.instagram.com\/ranoja__\/"]}]}},"_links":{"self":[{"href":"https:\/\/ranoja.ee\/en\/wp-json\/wp\/v2\/product\/20357","targetHints":{"allow":["GET"]}}],"collection":[{"href":"https:\/\/ranoja.ee\/en\/wp-json\/wp\/v2\/product"}],"about":[{"href":"https:\/\/ranoja.ee\/en\/wp-json\/wp\/v2\/types\/product"}],"wp:featuredmedia":[{"embeddable":true,"href":"https:\/\/ranoja.ee\/en\/wp-json\/wp\/v2\/media\/20360"}],"wp:attachment":[{"href":"https:\/\/ranoja.ee\/en\/wp-json\/wp\/v2\/media?parent=20357"}],"wp:term":[{"taxonomy":"product_cat","embeddable":true,"href":"https:\/\/ranoja.ee\/en\/wp-json\/wp\/v2\/product_cat?post=20357"},{"taxonomy":"product_tag","embeddable":true,"href":"https:\/\/ranoja.ee\/en\/wp-json\/wp\/v2\/product_tag?post=20357"}],"curies":[{"name":"wp","href":"https:\/\/api.w.org\/{rel}","templated":true}]}}