{"id":20330,"date":"2025-08-22T13:50:10","date_gmt":"2025-08-22T10:50:10","guid":{"rendered":"https:\/\/ranoja.ee\/?post_type=product&#038;p=20330"},"modified":"2026-04-14T11:59:22","modified_gmt":"2026-04-14T08:59:22","slug":"automaatne-ulekandeluliti-konner-sohnen-ks-ats-4-25-bensiin","status":"publish","type":"product","link":"https:\/\/ranoja.ee\/en\/toode\/automaatne-ulekandeluliti-konner-sohnen-ks-ats-4-25-bensiin\/","title":{"rendered":"Automaatne \u00fclekandel\u00fcliti K\u00f6nner &#038; S\u00f6hnen KS ATS 4\/25 Bensiin"},"content":{"rendered":"<p>Automaatne \u00fclekandel\u00fcliti K\u00f6nner &#038; S\u00f6hnen KS ATS 4\/25 Bensiin<\/p>\n<p>ATS (Automatic Transfer Switch) seade k\u00e4ivitab automaatselt generaatori ja edastab sellele koormuse, kui p\u00f5hitoiteallikas on v\u00e4lja l\u00fclitatud ning peatab generaatori automaatselt, kui tsentraalne toiteallikas taastub. See \u00fchildub bensiini invertergeneraatoritega, mis on varustatud 8-kontaktilise pistikuga automaatse \u00fclekandel\u00fcliti (ATS-sisend) jaoks.<\/p>\n<p>ATS seadmel on PLC mootori k\u00e4ivitamise aja seadistamiseks p\u00e4rast voolukatkestust, mootori soojenemiseks enne voolutarbijaga \u00fchendamist ning ka vigadega teavitamiseks. Seadmel on generaatori h\u00e4daseiskamisenupp.  ATS-seade v\u00f5ib t\u00f6\u00f6tada nii automaat- kui ka manuaalre\u017eiimis.<\/p>\n<p>ATS-\u00dcKSUSE PROGRAMMEERITAV LOOGIKAJUHT:<br \/>\nAutomaatne\/k\u00e4sijuhtimine<br \/>\nMootori k\u00e4ivitusaja programmeerimine p\u00e4rast voolukatkestust<br \/>\nMootori soojenemisaja programmeerimine enne tarbijaga \u00fchendamist<br \/>\nStarteri t\u00f6\u00f6aja seadistamine<br \/>\nMootori j\u00f5udluse j\u00e4lgimine<br \/>\nAku laadimine, kui generaator on v\u00e4lja l\u00fclitatud<\/p>\n<p>KS ATS 4\/25 Bensiin ATS seade \u00fchildub K\u00f6nner &#038; S\u00f6hneni bensiini invertergeneraatoriga KS 8100iE ATSR koos integreeritud 8-kontaktilise ATS-pistikuga.<\/p>\n<p>ATS-SEADME PROGRAMMEERITAV LOOGIKAKONTROLLER:<br \/>\nAutomaatne\/k\u00e4sitsi t\u00f6\u00f6tamine.<br \/>\nMootori k\u00e4ivitusaja programmeerimine p\u00e4rast voolukatkestust .<br \/>\nMootori soojenemisaja programmeerimine enne tarbijaga \u00fchendamist.<br \/>\nStarteri t\u00f6\u00f6aja seadistamine.<br \/>\nMootori j\u00f5udluse j\u00e4lgimine.<br \/>\nAku laadimine generaatoril on v\u00e4lja l\u00fclitatud.<\/p>\n<p>K\u00f6nner &amp; S\u00f6hnen on saksa kvaliteeti pakkuv br\u00e4nd. Meie valik sisaldab generaatorid, aiat\u00f6\u00f6riistad ja voolutooted. Oleme tuntud usaldusv\u00e4\u00e4rsuse ja soodsa hinna poolest.<\/p>\n<p>ATS plokk \u2013 automaatne \u00fclekandel\u00fcliti generaatoritele<\/p>\n<p>ATS plokk ehk Automatic Transfer Switch on seade, mis tagab elektri automaatse \u00fcmberl\u00fclituse v\u00f5rgu ja generaatori vahel. Automaatne voolu \u00fcmberl\u00fclitamine toimub kiiresti ja turvaliselt. ATS tagab elektrivarustuse katkematu t\u00f6\u00f6 kriitilistes olukordades.<\/p>\n<p>M\u00e4rks\u00f5nad ja kasutusvaldkonnad:<br \/>\nATS plokk generaatoritele<br \/>\nautomaatne \u00fcmberl\u00fclitus v\u00f5rgu ja generaatori vahel,<br \/>\nelektrikatkestuste lahendus, avariitoide, varutoide, katkematu elektri\u00fchendus,<br \/>\nt\u00f6\u00f6stushooned, eramajad, kontorid, serveriruumid, ehitusobjektid<br \/>\nelektrigeneraatorid, diiselgeneraatorid, bensiinigeneraatorid<\/p>\n<p>Sobib kasutamiseks:<br \/>\nK\u00f6nnen &#038; Schonnen generaatorid n\u00e4iteks: KS 7000DE, KS 9000E, KS 12000DE-ATS, KS 15000DE-3<br \/>\nTeised elektrigeneraatorid ja seadmed erinevatelt tootjatelt<br \/>\nAutomaatne t\u00f6\u00f6 diiselgeneraatoritega ja bensiinimootoriga generaatoritega<\/p>\n<p>Eelised:<br \/>\nAutomaatne \u00fcmberl\u00fclitus elektrikatkestuse korral<br \/>\nLihtne paigaldus ja t\u00f6\u00f6kindel lahendus<br \/>\nKaitseb elektriseadmeid \u00fclepingete ja voolukatkestuste eest<br \/>\nTagab pideva elektrivarustuse kodus, ettev\u00f5ttes v\u00f5i t\u00f6\u00f6stuses<\/p>\n<p>Automaatne \u00fclekandel\u00fcliti K\u00f6nner &#038; S\u00f6hnen KS ATS 4\/25 Bensiin<\/p>\n","protected":false},"excerpt":{"rendered":"<p>Automaatne \u00fclekandel\u00fcliti K\u00f6nner &#038; S\u00f6hnen KS ATS 4\/25 Bensiin<br \/>\nPinge:230V\/400V<br \/>\nTippv\u00f5imsuse n\u00f5udlus: Ootere\u017eiimis: 0,36 W, t\u00f6\u00f6re\u017eiimis: 1,2 W<br \/>\nMaksimaalne v\u00f5imsus 230V: 5.75 (11.5)KW<br \/>\nVool maksimaalne 230V: 25(50)A<br \/>\nMaksimaalne v\u00f5imsus 400V: 12KW<br \/>\nVool maksimaalne: 400V 25A<br \/>\nSagedus: 50 Hz<br \/>\nT\u00f6\u00f6keskkond: Alates -10\u00b0C to 55\u00b0C; niiskus: \u2a7d60%<br \/>\nS\u00e4ilituskeskkond: Alates -10\u00b0C to 70\u00b0C; niiskus: \u2a7d60%<br \/>\nIP kaitseklass: IP41<br \/>\nIsolatsiooniklass: AC1.0KV \/ 1min 1mA<br \/>\nMaksimaalne aku laadimisvool sisseehitatud toiteallikast: 2A<br \/>\nJuhtkaabli pikkus: 5m<br \/>\nKaal: 6.5Kg<br \/>\n<strong>Eeldatav tarneaeg 1-7 t\u00f6\u00f6p\u00e4eva<\/strong><\/p>\n","protected":false},"featured_media":20333,"template":"","meta":{"inline_featured_image":false},"product_cat":[1090,102],"product_tag":[2138,1813,2135,2141],"class_list":{"0":"post-20330","1":"product","2":"type-product","3":"status-publish","4":"has-post-thumbnail","6":"product_brand-konner-sohnen","7":"product_cat-ehitustehnika","8":"product_cat-generaatorid-ja-inverterid","9":"product_tag-automaatne-ulekandeluliti","10":"product_tag-konner-sohnen","11":"product_tag-ks-8100ie-atsr","12":"product_tag-ks-ats-4-25-bensiin","14":"first","15":"outofstock","16":"taxable","17":"shipping-taxable","18":"purchasable","19":"product-type-simple"},"yoast_head":"<!-- This site is optimized with the Yoast SEO plugin v27.4 - https:\/\/yoast.com\/product\/yoast-seo-wordpress\/ -->\n<title>Automaatne \u00fclekandel\u00fcliti K\u00f6nner &amp; S\u00f6hnen KS ATS 4\/25 Bensiin<\/title>\n<meta name=\"description\" content=\"Automaatne \u00fclekandel\u00fcliti K\u00f6nner &amp; S\u00f6hnen KS ATS 4\/32-12 ATS ATS (automaatne \u00fclekandel\u00fcliti) -seade v\u00f5ib t\u00f6\u00f6tada nii automaat- kui ka manuaalre\u017eiimis.\" \/>\n<meta name=\"robots\" content=\"index, follow, max-snippet:-1, max-image-preview:large, max-video-preview:-1\" \/>\n<link rel=\"canonical\" href=\"https:\/\/ranoja.ee\/toode\/automaatne-ulekandeluliti-konner-sohnen-ks-ats-4-25-bensiin\/\" \/>\n<meta property=\"og:locale\" content=\"en_US\" \/>\n<meta property=\"og:type\" content=\"article\" \/>\n<meta property=\"og:title\" content=\"Automaatne \u00fclekandel\u00fcliti K\u00f6nner &amp; S\u00f6hnen KS ATS 4\/25 Bensiin\" \/>\n<meta property=\"og:description\" content=\"Automaatne \u00fclekandel\u00fcliti K\u00f6nner &amp; S\u00f6hnen KS ATS 4\/32-12 ATS ATS (automaatne \u00fclekandel\u00fcliti) -seade v\u00f5ib t\u00f6\u00f6tada nii automaat- kui ka manuaalre\u017eiimis.\" \/>\n<meta property=\"og:url\" content=\"https:\/\/ranoja.ee\/toode\/automaatne-ulekandeluliti-konner-sohnen-ks-ats-4-25-bensiin\/\" \/>\n<meta property=\"og:site_name\" content=\"Ranoja\" \/>\n<meta property=\"article:publisher\" content=\"https:\/\/www.facebook.com\/ranoja.ee\" \/>\n<meta property=\"article:modified_time\" content=\"2026-04-14T08:59:22+00:00\" \/>\n<meta property=\"og:image\" content=\"https:\/\/ranoja.ee\/wp-content\/uploads\/2025\/08\/Automaatne-ulekandeluliti-Konner-Sohnen-KS-ATS-4-25-Bensiin-4.webp\" \/>\n\t<meta property=\"og:image:width\" content=\"1600\" \/>\n\t<meta property=\"og:image:height\" content=\"1600\" \/>\n\t<meta property=\"og:image:type\" content=\"image\/webp\" \/>\n<meta name=\"twitter:card\" content=\"summary_large_image\" \/>\n<meta name=\"twitter:label1\" content=\"Est. reading time\" \/>\n\t<meta name=\"twitter:data1\" content=\"2 minutes\" \/>\n<script type=\"application\/ld+json\" class=\"yoast-schema-graph\">{\"@context\":\"https:\\\/\\\/schema.org\",\"@graph\":[{\"@type\":\"WebPage\",\"@id\":\"https:\\\/\\\/ranoja.ee\\\/toode\\\/automaatne-ulekandeluliti-konner-sohnen-ks-ats-4-25-bensiin\\\/\",\"url\":\"https:\\\/\\\/ranoja.ee\\\/toode\\\/automaatne-ulekandeluliti-konner-sohnen-ks-ats-4-25-bensiin\\\/\",\"name\":\"Automaatne \u00fclekandel\u00fcliti K\u00f6nner & S\u00f6hnen KS ATS 4\\\/25 Bensiin\",\"isPartOf\":{\"@id\":\"https:\\\/\\\/ranoja.ee\\\/#website\"},\"primaryImageOfPage\":{\"@id\":\"https:\\\/\\\/ranoja.ee\\\/toode\\\/automaatne-ulekandeluliti-konner-sohnen-ks-ats-4-25-bensiin\\\/#primaryimage\"},\"image\":{\"@id\":\"https:\\\/\\\/ranoja.ee\\\/toode\\\/automaatne-ulekandeluliti-konner-sohnen-ks-ats-4-25-bensiin\\\/#primaryimage\"},\"thumbnailUrl\":\"https:\\\/\\\/ranoja.ee\\\/wp-content\\\/uploads\\\/2025\\\/08\\\/Automaatne-ulekandeluliti-Konner-Sohnen-KS-ATS-4-25-Bensiin-4.webp\",\"datePublished\":\"2025-08-22T10:50:10+00:00\",\"dateModified\":\"2026-04-14T08:59:22+00:00\",\"description\":\"Automaatne \u00fclekandel\u00fcliti K\u00f6nner & S\u00f6hnen KS ATS 4\\\/32-12 ATS ATS (automaatne \u00fclekandel\u00fcliti) -seade v\u00f5ib t\u00f6\u00f6tada nii automaat- kui ka manuaalre\u017eiimis.\",\"breadcrumb\":{\"@id\":\"https:\\\/\\\/ranoja.ee\\\/toode\\\/automaatne-ulekandeluliti-konner-sohnen-ks-ats-4-25-bensiin\\\/#breadcrumb\"},\"inLanguage\":\"en-US\",\"potentialAction\":[{\"@type\":\"ReadAction\",\"target\":[\"https:\\\/\\\/ranoja.ee\\\/toode\\\/automaatne-ulekandeluliti-konner-sohnen-ks-ats-4-25-bensiin\\\/\"]}]},{\"@type\":\"ImageObject\",\"inLanguage\":\"en-US\",\"@id\":\"https:\\\/\\\/ranoja.ee\\\/toode\\\/automaatne-ulekandeluliti-konner-sohnen-ks-ats-4-25-bensiin\\\/#primaryimage\",\"url\":\"https:\\\/\\\/ranoja.ee\\\/wp-content\\\/uploads\\\/2025\\\/08\\\/Automaatne-ulekandeluliti-Konner-Sohnen-KS-ATS-4-25-Bensiin-4.webp\",\"contentUrl\":\"https:\\\/\\\/ranoja.ee\\\/wp-content\\\/uploads\\\/2025\\\/08\\\/Automaatne-ulekandeluliti-Konner-Sohnen-KS-ATS-4-25-Bensiin-4.webp\",\"width\":1600,\"height\":1600,\"caption\":\"Automaatne \u00fclekandel\u00fcliti K\u00f6nner & S\u00f6hnen KS ATS 4\\\/25 Bensiin\"},{\"@type\":\"BreadcrumbList\",\"@id\":\"https:\\\/\\\/ranoja.ee\\\/toode\\\/automaatne-ulekandeluliti-konner-sohnen-ks-ats-4-25-bensiin\\\/#breadcrumb\",\"itemListElement\":[{\"@type\":\"ListItem\",\"position\":1,\"name\":\"Home\",\"item\":\"https:\\\/\\\/ranoja.ee\\\/\"},{\"@type\":\"ListItem\",\"position\":2,\"name\":\"Shop\",\"item\":\"https:\\\/\\\/ranoja.ee\\\/en\\\/shop\\\/\"},{\"@type\":\"ListItem\",\"position\":3,\"name\":\"Automaatne \u00fclekandel\u00fcliti K\u00f6nner &#038; S\u00f6hnen KS ATS 4\\\/25 Bensiin\"}]},{\"@type\":\"WebSite\",\"@id\":\"https:\\\/\\\/ranoja.ee\\\/#website\",\"url\":\"https:\\\/\\\/ranoja.ee\\\/\",\"name\":\"Ranoja\",\"description\":\"Equipment Shop WooCommerce WordPress Theme for Machine &amp; Tools\",\"publisher\":{\"@id\":\"https:\\\/\\\/ranoja.ee\\\/#organization\"},\"potentialAction\":[{\"@type\":\"SearchAction\",\"target\":{\"@type\":\"EntryPoint\",\"urlTemplate\":\"https:\\\/\\\/ranoja.ee\\\/?s={search_term_string}\"},\"query-input\":{\"@type\":\"PropertyValueSpecification\",\"valueRequired\":true,\"valueName\":\"search_term_string\"}}],\"inLanguage\":\"en-US\"},{\"@type\":\"Organization\",\"@id\":\"https:\\\/\\\/ranoja.ee\\\/#organization\",\"name\":\"Ranoja O\u00dc\",\"url\":\"https:\\\/\\\/ranoja.ee\\\/\",\"logo\":{\"@type\":\"ImageObject\",\"inLanguage\":\"en-US\",\"@id\":\"https:\\\/\\\/ranoja.ee\\\/#\\\/schema\\\/logo\\\/image\\\/\",\"url\":\"https:\\\/\\\/ranoja.ee\\\/wp-content\\\/uploads\\\/2023\\\/11\\\/ranoja-Logo.png\",\"contentUrl\":\"https:\\\/\\\/ranoja.ee\\\/wp-content\\\/uploads\\\/2023\\\/11\\\/ranoja-Logo.png\",\"width\":207,\"height\":58,\"caption\":\"Ranoja O\u00dc\"},\"image\":{\"@id\":\"https:\\\/\\\/ranoja.ee\\\/#\\\/schema\\\/logo\\\/image\\\/\"},\"sameAs\":[\"https:\\\/\\\/www.facebook.com\\\/ranoja.ee\",\"https:\\\/\\\/www.instagram.com\\\/ranoja__\\\/\"]}]}<\/script>\n<!-- \/ Yoast SEO plugin. -->","yoast_head_json":{"title":"Automaatne \u00fclekandel\u00fcliti K\u00f6nner & S\u00f6hnen KS ATS 4\/25 Bensiin","description":"Automaatne \u00fclekandel\u00fcliti K\u00f6nner & S\u00f6hnen KS ATS 4\/32-12 ATS ATS (automaatne \u00fclekandel\u00fcliti) -seade v\u00f5ib t\u00f6\u00f6tada nii automaat- kui ka manuaalre\u017eiimis.","robots":{"index":"index","follow":"follow","max-snippet":"max-snippet:-1","max-image-preview":"max-image-preview:large","max-video-preview":"max-video-preview:-1"},"canonical":"https:\/\/ranoja.ee\/toode\/automaatne-ulekandeluliti-konner-sohnen-ks-ats-4-25-bensiin\/","og_locale":"en_US","og_type":"article","og_title":"Automaatne \u00fclekandel\u00fcliti K\u00f6nner & S\u00f6hnen KS ATS 4\/25 Bensiin","og_description":"Automaatne \u00fclekandel\u00fcliti K\u00f6nner & S\u00f6hnen KS ATS 4\/32-12 ATS ATS (automaatne \u00fclekandel\u00fcliti) -seade v\u00f5ib t\u00f6\u00f6tada nii automaat- kui ka manuaalre\u017eiimis.","og_url":"https:\/\/ranoja.ee\/toode\/automaatne-ulekandeluliti-konner-sohnen-ks-ats-4-25-bensiin\/","og_site_name":"Ranoja","article_publisher":"https:\/\/www.facebook.com\/ranoja.ee","article_modified_time":"2026-04-14T08:59:22+00:00","og_image":[{"width":1600,"height":1600,"url":"https:\/\/ranoja.ee\/wp-content\/uploads\/2025\/08\/Automaatne-ulekandeluliti-Konner-Sohnen-KS-ATS-4-25-Bensiin-4.webp","type":"image\/webp"}],"twitter_card":"summary_large_image","twitter_misc":{"Est. reading time":"2 minutes"},"schema":{"@context":"https:\/\/schema.org","@graph":[{"@type":"WebPage","@id":"https:\/\/ranoja.ee\/toode\/automaatne-ulekandeluliti-konner-sohnen-ks-ats-4-25-bensiin\/","url":"https:\/\/ranoja.ee\/toode\/automaatne-ulekandeluliti-konner-sohnen-ks-ats-4-25-bensiin\/","name":"Automaatne \u00fclekandel\u00fcliti K\u00f6nner & S\u00f6hnen KS ATS 4\/25 Bensiin","isPartOf":{"@id":"https:\/\/ranoja.ee\/#website"},"primaryImageOfPage":{"@id":"https:\/\/ranoja.ee\/toode\/automaatne-ulekandeluliti-konner-sohnen-ks-ats-4-25-bensiin\/#primaryimage"},"image":{"@id":"https:\/\/ranoja.ee\/toode\/automaatne-ulekandeluliti-konner-sohnen-ks-ats-4-25-bensiin\/#primaryimage"},"thumbnailUrl":"https:\/\/ranoja.ee\/wp-content\/uploads\/2025\/08\/Automaatne-ulekandeluliti-Konner-Sohnen-KS-ATS-4-25-Bensiin-4.webp","datePublished":"2025-08-22T10:50:10+00:00","dateModified":"2026-04-14T08:59:22+00:00","description":"Automaatne \u00fclekandel\u00fcliti K\u00f6nner & S\u00f6hnen KS ATS 4\/32-12 ATS ATS (automaatne \u00fclekandel\u00fcliti) -seade v\u00f5ib t\u00f6\u00f6tada nii automaat- kui ka manuaalre\u017eiimis.","breadcrumb":{"@id":"https:\/\/ranoja.ee\/toode\/automaatne-ulekandeluliti-konner-sohnen-ks-ats-4-25-bensiin\/#breadcrumb"},"inLanguage":"en-US","potentialAction":[{"@type":"ReadAction","target":["https:\/\/ranoja.ee\/toode\/automaatne-ulekandeluliti-konner-sohnen-ks-ats-4-25-bensiin\/"]}]},{"@type":"ImageObject","inLanguage":"en-US","@id":"https:\/\/ranoja.ee\/toode\/automaatne-ulekandeluliti-konner-sohnen-ks-ats-4-25-bensiin\/#primaryimage","url":"https:\/\/ranoja.ee\/wp-content\/uploads\/2025\/08\/Automaatne-ulekandeluliti-Konner-Sohnen-KS-ATS-4-25-Bensiin-4.webp","contentUrl":"https:\/\/ranoja.ee\/wp-content\/uploads\/2025\/08\/Automaatne-ulekandeluliti-Konner-Sohnen-KS-ATS-4-25-Bensiin-4.webp","width":1600,"height":1600,"caption":"Automaatne \u00fclekandel\u00fcliti K\u00f6nner & S\u00f6hnen KS ATS 4\/25 Bensiin"},{"@type":"BreadcrumbList","@id":"https:\/\/ranoja.ee\/toode\/automaatne-ulekandeluliti-konner-sohnen-ks-ats-4-25-bensiin\/#breadcrumb","itemListElement":[{"@type":"ListItem","position":1,"name":"Home","item":"https:\/\/ranoja.ee\/"},{"@type":"ListItem","position":2,"name":"Shop","item":"https:\/\/ranoja.ee\/en\/shop\/"},{"@type":"ListItem","position":3,"name":"Automaatne \u00fclekandel\u00fcliti K\u00f6nner &#038; S\u00f6hnen KS ATS 4\/25 Bensiin"}]},{"@type":"WebSite","@id":"https:\/\/ranoja.ee\/#website","url":"https:\/\/ranoja.ee\/","name":"Ranoja","description":"Equipment Shop WooCommerce WordPress Theme for Machine &amp; Tools","publisher":{"@id":"https:\/\/ranoja.ee\/#organization"},"potentialAction":[{"@type":"SearchAction","target":{"@type":"EntryPoint","urlTemplate":"https:\/\/ranoja.ee\/?s={search_term_string}"},"query-input":{"@type":"PropertyValueSpecification","valueRequired":true,"valueName":"search_term_string"}}],"inLanguage":"en-US"},{"@type":"Organization","@id":"https:\/\/ranoja.ee\/#organization","name":"Ranoja O\u00dc","url":"https:\/\/ranoja.ee\/","logo":{"@type":"ImageObject","inLanguage":"en-US","@id":"https:\/\/ranoja.ee\/#\/schema\/logo\/image\/","url":"https:\/\/ranoja.ee\/wp-content\/uploads\/2023\/11\/ranoja-Logo.png","contentUrl":"https:\/\/ranoja.ee\/wp-content\/uploads\/2023\/11\/ranoja-Logo.png","width":207,"height":58,"caption":"Ranoja O\u00dc"},"image":{"@id":"https:\/\/ranoja.ee\/#\/schema\/logo\/image\/"},"sameAs":["https:\/\/www.facebook.com\/ranoja.ee","https:\/\/www.instagram.com\/ranoja__\/"]}]}},"_links":{"self":[{"href":"https:\/\/ranoja.ee\/en\/wp-json\/wp\/v2\/product\/20330","targetHints":{"allow":["GET"]}}],"collection":[{"href":"https:\/\/ranoja.ee\/en\/wp-json\/wp\/v2\/product"}],"about":[{"href":"https:\/\/ranoja.ee\/en\/wp-json\/wp\/v2\/types\/product"}],"wp:featuredmedia":[{"embeddable":true,"href":"https:\/\/ranoja.ee\/en\/wp-json\/wp\/v2\/media\/20333"}],"wp:attachment":[{"href":"https:\/\/ranoja.ee\/en\/wp-json\/wp\/v2\/media?parent=20330"}],"wp:term":[{"taxonomy":"product_cat","embeddable":true,"href":"https:\/\/ranoja.ee\/en\/wp-json\/wp\/v2\/product_cat?post=20330"},{"taxonomy":"product_tag","embeddable":true,"href":"https:\/\/ranoja.ee\/en\/wp-json\/wp\/v2\/product_tag?post=20330"}],"curies":[{"name":"wp","href":"https:\/\/api.w.org\/{rel}","templated":true}]}}