{"id":20251,"date":"2025-08-19T16:48:19","date_gmt":"2025-08-19T13:48:19","guid":{"rendered":"https:\/\/ranoja.ee\/?post_type=product&#038;p=20251"},"modified":"2026-04-14T11:59:23","modified_gmt":"2026-04-14T08:59:23","slug":"invertergeneraator-konner-sohnen-ks-8100ieg","status":"publish","type":"product","link":"https:\/\/ranoja.ee\/en\/toode\/invertergeneraator-konner-sohnen-ks-8100ieg\/","title":{"rendered":"Invertergeneraator K\u00f6nner &#038; S\u00f6hnen KS 8100iEG"},"content":{"rendered":"<p>Invertergeneraator K\u00f6nner &#038; S\u00f6hnen KS 8100iEG<\/p>\n<p>Invertergeneraator KS 8100iEG on kasutajas\u00f5bralik kaasaskantav energiaallikas. Inverteriga bensiinimootoriga generaatorite valikus on mudelid v\u00f5imsusega 1,8\u20138,0 kW. Elektrienergia topeltmuundamine tagab puhta siinuslaine ja 50 Hz sageduse, mis tagab tundliku ja \u00fclit\u00e4pse elektroonika usaldusv\u00e4\u00e4rse t\u00f6\u00f6.<\/p>\n<p>K\u00f5ik mudelid p\u00f5hinevad j\u00f5ulistel mootoritel, mis vastavad k\u00f5igile Euroopa kvaliteedistandarditele, sh EURO V. K\u00f6nner &#038; S\u00f6hnen invertergeneraatorite mootoritel on Economy re\u017eiim, mis v\u00f5imaldab kasutada generaatorit madalatel p\u00f6\u00f6retel ja v\u00e4hendab k\u00fctusekulu kuni 50%.<\/p>\n<p>EELISED:<\/p>\n<p>PUHAS SIINUSLAINE<br \/>\nSisseehitatud mikroprotsessori juhtimisega elektroonikaseade j\u00e4lgib generaatori t\u00f6\u00f6d ja tagab stabiilse v\u00e4ljundpinge 230V 50Hz sinusoidi kujul, mis sobib tundliku elektroonika t\u00f6\u00f6kindlaks t\u00f6\u00f6ks.<\/p>\n<p>KOMPLEKT<br \/>\nKomplekt sisaldab k\u00f5ike, mida vajate LPG k\u00fctusena kasutamiseks:<br \/>\n1. 1,5 m pikkune voolik gaasiballooni \u00fchendamiseks tagab mugava \u00fchenduse. Lihtsalt \u00fchendage generaator silindriga ja k\u00e4ivitage mootor.<br \/>\n2. Voolik on varustatud reduktoriga, mis on paigaldatud balloonile, et suurendada gaasijuhtme t\u00f6\u00f6kindlust. See v\u00e4hendab r\u00f5hku ja v\u00e4listab gaasi\u00fchenduse \u00fclekoormamise v\u00f5imaluse. Lihtsalt \u00fchendage generaator silindriga ja k\u00e4ivitage mootor.<\/p>\n<p>K\u00f6nner &amp; S\u00f6hnen on saksa kvaliteeti pakkuv br\u00e4nd. Meie valik sisaldab generaatorid, aiat\u00f6\u00f6riistad ja voolutooted. Oleme tuntud usaldusv\u00e4\u00e4rsuse ja soodsa hinna poolest.<\/p>\n<p>Tootekategooriad:<br \/>\nInvertergeneraatorid<br \/>\nKompaktsed kaasaskantavad generaatorid. Sobivad tundlike elektroonikaseadmete jaoks. Madal k\u00fctusekulu, stabiilne pinge ja madal m\u00fcratase.<\/p>\n<p>Diiselgeneraatorid<br \/>\nV\u00f5imsad seadmed kuni 16\u202fkVA. Singel\u2011 ja 3\u2011faasilised mudelid. Sobivad t\u00f6\u00f6stuslikuks ja koduseks kasutuseks.<\/p>\n<p>P\u00f5hiv\u00e4\u00e4rtused:<br \/>\nEuroopa kvaliteet taskukohase hinnaga.<br \/>\nEuro\u202fV heitgaasistandard, EFI ja PVA tehnoloogiad. Igal mootoril oma seerianumber. Testitud ja sertifitseeritud seadmed.<br \/>\nLai tootevalik generaatorid + aiat\u00f6\u00f6riistad: murutrimmer, aiapuhurid, log splitters, motopumbad, survepesurid, aku- ja laadijad<br \/>\nTeenindus ja garantii olemas kogu Euroopas. Dimax Group toetab varuosi ja tehnilist tuge.<\/p>\n<p>K\u00f6nner &amp; S\u00f6hnen generaatorid:<br \/>\nInvertergeneraatorid<br \/>\nDiiselgeneraatorid<br \/>\n48\u202fV DC generaator<br \/>\nMatka generaator<br \/>\nKodune varugeneraator<br \/>\nEuro V generaator<\/p>\n<p>K\u00f6nner &amp; S\u00f6hnen pakub usaldusv\u00e4\u00e4rseid ja mitmek\u00fclgseid generaatorilahendusi. Tootevalik katab inverter\u2011, diisel\u2011 ja DC generaatorid. Lisaks aiat\u00f6\u00f6riistad ning tehniline tugi.<br \/>\nIdeaalne valik kodu ja professionaalseks kasutamiseks.<\/p>\n<p>Invertergeneraator K\u00f6nner &#038; S\u00f6hnen KS 8100iEG<\/p>\n","protected":false},"excerpt":{"rendered":"<p>Invertergeneraator K\u00f6nner &#038; S\u00f6hnen KS 8100iEG<br \/>\nPinge: 230V<br \/>\nMaksimaalne v\u00f5imsus: 8.0KW<br \/>\nNominaalne v\u00f5imsus: 7.2KW<br \/>\nVool maksimaalne: 34.8A<br \/>\nKaitseklass: IP23M<br \/>\nSagedus: 50HZ<br \/>\nPistikupesad: 1 x 230V ja 1 x 230V 32A<br \/>\nUSB-v\u00e4ljund: 5V\/1A5V\/2.1A<br \/>\nT\u00f6\u00f6aeg: Kuni 7.1 tundi (50% koormusel)<br \/>\nMootori silindri t\u00f6\u00f6maht: 458m3<br \/>\nMootori v\u00f5imsus: 16HP<br \/>\nMootor: 4-taktiline, 1-silindriline, LPG\/bensiinimootor, \u00f5hkjahutus<br \/>\nMootori k\u00e4ivitamine: Elektriline<br \/>\nK\u00fctusepaagi maht: 20L<br \/>\nKarteri maht: 1.1L<br \/>\nParalleel\u00fchenduse v\u00f5imalus puudub<br \/>\nLed ekraan: Pinge, sagedus, t\u00f6\u00f6aeg<br \/>\nATS v\u00e4ljund: Automaatne \u00fclekande l\u00fcliti<br \/>\nKaal: 74Kg<br \/>\n<strong>Eeldatav tarneaeg 1-7 t\u00f6\u00f6p\u00e4eva<\/strong><\/p>\n","protected":false},"featured_media":20272,"template":"","meta":{"inline_featured_image":false},"product_cat":[1090,102],"product_tag":[421,2087,1813,2136],"class_list":{"0":"post-20251","1":"product","2":"type-product","3":"status-publish","4":"has-post-thumbnail","6":"product_brand-konner-sohnen","7":"product_cat-ehitustehnika","8":"product_cat-generaatorid-ja-inverterid","9":"product_tag-generaator","10":"product_tag-invertergeneraator","11":"product_tag-konner-sohnen","12":"product_tag-ks-8100ieg","14":"first","15":"outofstock","16":"taxable","17":"shipping-taxable","18":"purchasable","19":"product-type-simple"},"yoast_head":"<!-- This site is optimized with the Yoast SEO plugin v27.4 - https:\/\/yoast.com\/product\/yoast-seo-wordpress\/ -->\n<title>Invertergeneraator K\u00f6nner &amp; S\u00f6hnen KS 8100iEG<\/title>\n<meta name=\"description\" content=\"Invertergeneraator K\u00f6nner &amp; S\u00f6hnen KS 8100iEG Generaatori komplekt sisaldab k\u00f5ike, mida vajate LPG k\u00fctusena kasutamiseks: voolik ja ballooni reduktor.\" \/>\n<meta name=\"robots\" content=\"index, follow, max-snippet:-1, max-image-preview:large, max-video-preview:-1\" \/>\n<link rel=\"canonical\" href=\"https:\/\/ranoja.ee\/toode\/invertergeneraator-konner-sohnen-ks-8100ieg\/\" \/>\n<meta property=\"og:locale\" content=\"en_US\" \/>\n<meta property=\"og:type\" content=\"article\" \/>\n<meta property=\"og:title\" content=\"Invertergeneraator K\u00f6nner &amp; S\u00f6hnen KS 8100iEG\" \/>\n<meta property=\"og:description\" content=\"Invertergeneraator K\u00f6nner &amp; S\u00f6hnen KS 8100iEG Generaatori komplekt sisaldab k\u00f5ike, mida vajate LPG k\u00fctusena kasutamiseks: voolik ja ballooni reduktor.\" \/>\n<meta property=\"og:url\" content=\"https:\/\/ranoja.ee\/toode\/invertergeneraator-konner-sohnen-ks-8100ieg\/\" \/>\n<meta property=\"og:site_name\" content=\"Ranoja\" \/>\n<meta property=\"article:publisher\" content=\"https:\/\/www.facebook.com\/ranoja.ee\" \/>\n<meta property=\"article:modified_time\" content=\"2026-04-14T08:59:23+00:00\" \/>\n<meta property=\"og:image\" content=\"https:\/\/ranoja.ee\/wp-content\/uploads\/2025\/08\/Invertergeneraator-Konner-Sohnen-KS-8100iEG.webp\" \/>\n\t<meta property=\"og:image:width\" content=\"1000\" \/>\n\t<meta property=\"og:image:height\" content=\"1000\" \/>\n\t<meta property=\"og:image:type\" content=\"image\/webp\" \/>\n<meta name=\"twitter:card\" content=\"summary_large_image\" \/>\n<meta name=\"twitter:label1\" content=\"Est. reading time\" \/>\n\t<meta name=\"twitter:data1\" content=\"2 minutes\" \/>\n<script type=\"application\/ld+json\" class=\"yoast-schema-graph\">{\"@context\":\"https:\\\/\\\/schema.org\",\"@graph\":[{\"@type\":\"WebPage\",\"@id\":\"https:\\\/\\\/ranoja.ee\\\/toode\\\/invertergeneraator-konner-sohnen-ks-8100ieg\\\/\",\"url\":\"https:\\\/\\\/ranoja.ee\\\/toode\\\/invertergeneraator-konner-sohnen-ks-8100ieg\\\/\",\"name\":\"Invertergeneraator K\u00f6nner & S\u00f6hnen KS 8100iEG\",\"isPartOf\":{\"@id\":\"https:\\\/\\\/ranoja.ee\\\/#website\"},\"primaryImageOfPage\":{\"@id\":\"https:\\\/\\\/ranoja.ee\\\/toode\\\/invertergeneraator-konner-sohnen-ks-8100ieg\\\/#primaryimage\"},\"image\":{\"@id\":\"https:\\\/\\\/ranoja.ee\\\/toode\\\/invertergeneraator-konner-sohnen-ks-8100ieg\\\/#primaryimage\"},\"thumbnailUrl\":\"https:\\\/\\\/ranoja.ee\\\/wp-content\\\/uploads\\\/2025\\\/08\\\/Invertergeneraator-Konner-Sohnen-KS-8100iEG.webp\",\"datePublished\":\"2025-08-19T13:48:19+00:00\",\"dateModified\":\"2026-04-14T08:59:23+00:00\",\"description\":\"Invertergeneraator K\u00f6nner & S\u00f6hnen KS 8100iEG Generaatori komplekt sisaldab k\u00f5ike, mida vajate LPG k\u00fctusena kasutamiseks: voolik ja ballooni reduktor.\",\"breadcrumb\":{\"@id\":\"https:\\\/\\\/ranoja.ee\\\/toode\\\/invertergeneraator-konner-sohnen-ks-8100ieg\\\/#breadcrumb\"},\"inLanguage\":\"en-US\",\"potentialAction\":[{\"@type\":\"ReadAction\",\"target\":[\"https:\\\/\\\/ranoja.ee\\\/toode\\\/invertergeneraator-konner-sohnen-ks-8100ieg\\\/\"]}]},{\"@type\":\"ImageObject\",\"inLanguage\":\"en-US\",\"@id\":\"https:\\\/\\\/ranoja.ee\\\/toode\\\/invertergeneraator-konner-sohnen-ks-8100ieg\\\/#primaryimage\",\"url\":\"https:\\\/\\\/ranoja.ee\\\/wp-content\\\/uploads\\\/2025\\\/08\\\/Invertergeneraator-Konner-Sohnen-KS-8100iEG.webp\",\"contentUrl\":\"https:\\\/\\\/ranoja.ee\\\/wp-content\\\/uploads\\\/2025\\\/08\\\/Invertergeneraator-Konner-Sohnen-KS-8100iEG.webp\",\"width\":1000,\"height\":1000,\"caption\":\"Invertergeneraator K\u00f6nner & S\u00f6hnen KS 8100iEG\"},{\"@type\":\"BreadcrumbList\",\"@id\":\"https:\\\/\\\/ranoja.ee\\\/toode\\\/invertergeneraator-konner-sohnen-ks-8100ieg\\\/#breadcrumb\",\"itemListElement\":[{\"@type\":\"ListItem\",\"position\":1,\"name\":\"Home\",\"item\":\"https:\\\/\\\/ranoja.ee\\\/\"},{\"@type\":\"ListItem\",\"position\":2,\"name\":\"Shop\",\"item\":\"https:\\\/\\\/ranoja.ee\\\/en\\\/shop\\\/\"},{\"@type\":\"ListItem\",\"position\":3,\"name\":\"Invertergeneraator K\u00f6nner &#038; S\u00f6hnen KS 8100iEG\"}]},{\"@type\":\"WebSite\",\"@id\":\"https:\\\/\\\/ranoja.ee\\\/#website\",\"url\":\"https:\\\/\\\/ranoja.ee\\\/\",\"name\":\"Ranoja\",\"description\":\"Equipment Shop WooCommerce WordPress Theme for Machine &amp; Tools\",\"publisher\":{\"@id\":\"https:\\\/\\\/ranoja.ee\\\/#organization\"},\"potentialAction\":[{\"@type\":\"SearchAction\",\"target\":{\"@type\":\"EntryPoint\",\"urlTemplate\":\"https:\\\/\\\/ranoja.ee\\\/?s={search_term_string}\"},\"query-input\":{\"@type\":\"PropertyValueSpecification\",\"valueRequired\":true,\"valueName\":\"search_term_string\"}}],\"inLanguage\":\"en-US\"},{\"@type\":\"Organization\",\"@id\":\"https:\\\/\\\/ranoja.ee\\\/#organization\",\"name\":\"Ranoja O\u00dc\",\"url\":\"https:\\\/\\\/ranoja.ee\\\/\",\"logo\":{\"@type\":\"ImageObject\",\"inLanguage\":\"en-US\",\"@id\":\"https:\\\/\\\/ranoja.ee\\\/#\\\/schema\\\/logo\\\/image\\\/\",\"url\":\"https:\\\/\\\/ranoja.ee\\\/wp-content\\\/uploads\\\/2023\\\/11\\\/ranoja-Logo.png\",\"contentUrl\":\"https:\\\/\\\/ranoja.ee\\\/wp-content\\\/uploads\\\/2023\\\/11\\\/ranoja-Logo.png\",\"width\":207,\"height\":58,\"caption\":\"Ranoja O\u00dc\"},\"image\":{\"@id\":\"https:\\\/\\\/ranoja.ee\\\/#\\\/schema\\\/logo\\\/image\\\/\"},\"sameAs\":[\"https:\\\/\\\/www.facebook.com\\\/ranoja.ee\",\"https:\\\/\\\/www.instagram.com\\\/ranoja__\\\/\"]}]}<\/script>\n<!-- \/ Yoast SEO plugin. -->","yoast_head_json":{"title":"Invertergeneraator K\u00f6nner & S\u00f6hnen KS 8100iEG","description":"Invertergeneraator K\u00f6nner & S\u00f6hnen KS 8100iEG Generaatori komplekt sisaldab k\u00f5ike, mida vajate LPG k\u00fctusena kasutamiseks: voolik ja ballooni reduktor.","robots":{"index":"index","follow":"follow","max-snippet":"max-snippet:-1","max-image-preview":"max-image-preview:large","max-video-preview":"max-video-preview:-1"},"canonical":"https:\/\/ranoja.ee\/toode\/invertergeneraator-konner-sohnen-ks-8100ieg\/","og_locale":"en_US","og_type":"article","og_title":"Invertergeneraator K\u00f6nner & S\u00f6hnen KS 8100iEG","og_description":"Invertergeneraator K\u00f6nner & S\u00f6hnen KS 8100iEG Generaatori komplekt sisaldab k\u00f5ike, mida vajate LPG k\u00fctusena kasutamiseks: voolik ja ballooni reduktor.","og_url":"https:\/\/ranoja.ee\/toode\/invertergeneraator-konner-sohnen-ks-8100ieg\/","og_site_name":"Ranoja","article_publisher":"https:\/\/www.facebook.com\/ranoja.ee","article_modified_time":"2026-04-14T08:59:23+00:00","og_image":[{"width":1000,"height":1000,"url":"https:\/\/ranoja.ee\/wp-content\/uploads\/2025\/08\/Invertergeneraator-Konner-Sohnen-KS-8100iEG.webp","type":"image\/webp"}],"twitter_card":"summary_large_image","twitter_misc":{"Est. reading time":"2 minutes"},"schema":{"@context":"https:\/\/schema.org","@graph":[{"@type":"WebPage","@id":"https:\/\/ranoja.ee\/toode\/invertergeneraator-konner-sohnen-ks-8100ieg\/","url":"https:\/\/ranoja.ee\/toode\/invertergeneraator-konner-sohnen-ks-8100ieg\/","name":"Invertergeneraator K\u00f6nner & S\u00f6hnen KS 8100iEG","isPartOf":{"@id":"https:\/\/ranoja.ee\/#website"},"primaryImageOfPage":{"@id":"https:\/\/ranoja.ee\/toode\/invertergeneraator-konner-sohnen-ks-8100ieg\/#primaryimage"},"image":{"@id":"https:\/\/ranoja.ee\/toode\/invertergeneraator-konner-sohnen-ks-8100ieg\/#primaryimage"},"thumbnailUrl":"https:\/\/ranoja.ee\/wp-content\/uploads\/2025\/08\/Invertergeneraator-Konner-Sohnen-KS-8100iEG.webp","datePublished":"2025-08-19T13:48:19+00:00","dateModified":"2026-04-14T08:59:23+00:00","description":"Invertergeneraator K\u00f6nner & S\u00f6hnen KS 8100iEG Generaatori komplekt sisaldab k\u00f5ike, mida vajate LPG k\u00fctusena kasutamiseks: voolik ja ballooni reduktor.","breadcrumb":{"@id":"https:\/\/ranoja.ee\/toode\/invertergeneraator-konner-sohnen-ks-8100ieg\/#breadcrumb"},"inLanguage":"en-US","potentialAction":[{"@type":"ReadAction","target":["https:\/\/ranoja.ee\/toode\/invertergeneraator-konner-sohnen-ks-8100ieg\/"]}]},{"@type":"ImageObject","inLanguage":"en-US","@id":"https:\/\/ranoja.ee\/toode\/invertergeneraator-konner-sohnen-ks-8100ieg\/#primaryimage","url":"https:\/\/ranoja.ee\/wp-content\/uploads\/2025\/08\/Invertergeneraator-Konner-Sohnen-KS-8100iEG.webp","contentUrl":"https:\/\/ranoja.ee\/wp-content\/uploads\/2025\/08\/Invertergeneraator-Konner-Sohnen-KS-8100iEG.webp","width":1000,"height":1000,"caption":"Invertergeneraator K\u00f6nner & S\u00f6hnen KS 8100iEG"},{"@type":"BreadcrumbList","@id":"https:\/\/ranoja.ee\/toode\/invertergeneraator-konner-sohnen-ks-8100ieg\/#breadcrumb","itemListElement":[{"@type":"ListItem","position":1,"name":"Home","item":"https:\/\/ranoja.ee\/"},{"@type":"ListItem","position":2,"name":"Shop","item":"https:\/\/ranoja.ee\/en\/shop\/"},{"@type":"ListItem","position":3,"name":"Invertergeneraator K\u00f6nner &#038; S\u00f6hnen KS 8100iEG"}]},{"@type":"WebSite","@id":"https:\/\/ranoja.ee\/#website","url":"https:\/\/ranoja.ee\/","name":"Ranoja","description":"Equipment Shop WooCommerce WordPress Theme for Machine &amp; Tools","publisher":{"@id":"https:\/\/ranoja.ee\/#organization"},"potentialAction":[{"@type":"SearchAction","target":{"@type":"EntryPoint","urlTemplate":"https:\/\/ranoja.ee\/?s={search_term_string}"},"query-input":{"@type":"PropertyValueSpecification","valueRequired":true,"valueName":"search_term_string"}}],"inLanguage":"en-US"},{"@type":"Organization","@id":"https:\/\/ranoja.ee\/#organization","name":"Ranoja O\u00dc","url":"https:\/\/ranoja.ee\/","logo":{"@type":"ImageObject","inLanguage":"en-US","@id":"https:\/\/ranoja.ee\/#\/schema\/logo\/image\/","url":"https:\/\/ranoja.ee\/wp-content\/uploads\/2023\/11\/ranoja-Logo.png","contentUrl":"https:\/\/ranoja.ee\/wp-content\/uploads\/2023\/11\/ranoja-Logo.png","width":207,"height":58,"caption":"Ranoja O\u00dc"},"image":{"@id":"https:\/\/ranoja.ee\/#\/schema\/logo\/image\/"},"sameAs":["https:\/\/www.facebook.com\/ranoja.ee","https:\/\/www.instagram.com\/ranoja__\/"]}]}},"_links":{"self":[{"href":"https:\/\/ranoja.ee\/en\/wp-json\/wp\/v2\/product\/20251","targetHints":{"allow":["GET"]}}],"collection":[{"href":"https:\/\/ranoja.ee\/en\/wp-json\/wp\/v2\/product"}],"about":[{"href":"https:\/\/ranoja.ee\/en\/wp-json\/wp\/v2\/types\/product"}],"wp:featuredmedia":[{"embeddable":true,"href":"https:\/\/ranoja.ee\/en\/wp-json\/wp\/v2\/media\/20272"}],"wp:attachment":[{"href":"https:\/\/ranoja.ee\/en\/wp-json\/wp\/v2\/media?parent=20251"}],"wp:term":[{"taxonomy":"product_cat","embeddable":true,"href":"https:\/\/ranoja.ee\/en\/wp-json\/wp\/v2\/product_cat?post=20251"},{"taxonomy":"product_tag","embeddable":true,"href":"https:\/\/ranoja.ee\/en\/wp-json\/wp\/v2\/product_tag?post=20251"}],"curies":[{"name":"wp","href":"https:\/\/api.w.org\/{rel}","templated":true}]}}