{"id":20110,"date":"2025-08-19T10:31:22","date_gmt":"2025-08-19T07:31:22","guid":{"rendered":"https:\/\/ranoja.ee\/?post_type=product&#038;p=20110"},"modified":"2026-04-14T11:59:23","modified_gmt":"2026-04-14T08:59:23","slug":"invertergeneraator-konner-sohnen-ks-4000ie-s-ats","status":"publish","type":"product","link":"https:\/\/ranoja.ee\/en\/toode\/invertergeneraator-konner-sohnen-ks-4000ie-s-ats\/","title":{"rendered":"Invertergeneraator K\u00f6nner &#038; S\u00f6hnen KS 4000iE S ATS"},"content":{"rendered":"<p>Invertergeneraator K\u00f6nner &#038; S\u00f6hnen KS 4000iE S ATS<\/p>\n<p>Ainult individuaal elektri tarbijatele<br \/>\nInvertergeneraatoril KS 4000iE S ATS on sisseehitatud ATS-seade ja seda saab juhtida nii k\u00e4sitsi kui ka automaatselt.<\/p>\n<p>Generaatori paremal k\u00fcljel olev OFF-RUN p\u00f6\u00f6rdl\u00fcliti \u00fchendab endas k\u00fctusekraani, sisemise 12 V toiteallika l\u00fcliti ja s\u00fc\u00fctel\u00fcliti. Kui generaatorit ei kasutata, peaks see j\u00e4\u00e4ma V\u00c4LJAS, et generaatorisse paigaldatud liitiumaku ei t\u00fchjeneks.<\/p>\n<p>Generaatoriga on kaasas lahti \u00fchendatud aku, mis tuleb esmakordsel kasutamisel \u00fchendada vasaku k\u00fcljekatte alla. Akut laetakse sisemise laadimismooduli abil kohe, kui generaator t\u00f6\u00f6tab v\u00f5i 230V pinge tuleb V\u00d5RGISISENDI (olenemata p\u00f6\u00f6rdl\u00fcliti asendist).<\/p>\n<p>MAINS INPUT 230V \u00fchendust j\u00e4lgitakse kohe, kui l\u00fclitate p\u00f6\u00f6rdl\u00fcliti asendisse RUN ja l\u00fclitate ATS SWITCH asendisse ON. Kui 230 V pinge MAINS SISENDIL eba\u00f5nnestub, k\u00e4ivitab ATS-kontroller generaatori ja l\u00fclitab selle 230 V v\u00e4ljundpesad inverteri moodulile.<\/p>\n<p>KS 4000iE S ATS-il on 2 x 230V pistikupesa, mida l\u00fclitatakse s\u00f5ltuvalt generaatori versioonist erinevalt.<br \/>\nK\u00f6nner &amp; S\u00f6hnen on saksa kvaliteeti pakkuv br\u00e4nd. Meie valik sisaldab generaatorid, aiat\u00f6\u00f6riistad ja voolutooted. Oleme tuntud usaldusv\u00e4\u00e4rsuse ja soodsa hinna poolest.<\/p>\n<p>Tootekategooriad:<br \/>\nInvertergeneraatorid<br \/>\nKompaktsed kaasaskantavad generaatorid. Sobivad tundlike elektroonikaseadmete jaoks. Madal k\u00fctusekulu, stabiilne pinge ja madal m\u00fcratase.<\/p>\n<p>Diiselgeneraatorid<br \/>\nV\u00f5imsad seadmed kuni 16\u202fkVA. Singel\u2011 ja 3\u2011faasilised mudelid. Sobivad t\u00f6\u00f6stuslikuks ja koduseks kasutuseks.<\/p>\n<p>P\u00f5hiv\u00e4\u00e4rtused:<br \/>\nEuroopa kvaliteet taskukohase hinnaga.<br \/>\nEuro\u202fV heitgaasistandard, EFI ja PVA tehnoloogiad. Igal mootoril oma seerianumber. Testitud ja sertifitseeritud seadmed.<br \/>\nLai tootevalik generaatorid + aiat\u00f6\u00f6riistad: murutrimmer, aiapuhurid, log splitters, motopumbad, survepesurid, aku- ja laadijad<br \/>\nTeenindus ja garantii olemas kogu Euroopas. Dimax Group toetab varuosi ja tehnilist tuge.<\/p>\n<p>K\u00f6nner &amp; S\u00f6hnen generaatorid:<br \/>\nInvertergeneraatorid<br \/>\nDiiselgeneraatorid<br \/>\n48\u202fV DC generaator<br \/>\nMatka generaator<br \/>\nKodune varugeneraator<br \/>\nEuro V generaator<\/p>\n<p>K\u00f6nner &amp; S\u00f6hnen pakub usaldusv\u00e4\u00e4rseid ja mitmek\u00fclgseid generaatorilahendusi. Tootevalik katab inverter\u2011, diisel\u2011 ja DC generaatorid. Lisaks aiat\u00f6\u00f6riistad ning tehniline tugi.<br \/>\nIdeaalne valik kodu ja professionaalseks kasutamiseks.<\/p>\n<p>Invertergeneraator K\u00f6nner &#038; S\u00f6hnen KS 4000iE S ATS<\/p>\n","protected":false},"excerpt":{"rendered":"<p>Invertergeneraator K\u00f6nner &#038; S\u00f6hnen KS 4000iE S ATS<br \/>\nKasutus: Ainult individuaal elektri tarbijatele<br \/>\nPinge: 230V<br \/>\nMaksimaalne v\u00f5imsus: 4.0KW<br \/>\nNominaalne v\u00f5imsus: 3.5KW<br \/>\nVool maksimaalne: 17.4A<br \/>\nSagedus: 50HZ<br \/>\nKaitseklass: IP23M<br \/>\nPistikupesad: 2 x 230V<br \/>\nMootori silindri t\u00f6\u00f6maht: 223m3<br \/>\nMootori v\u00f5imsus: 7.5HP<br \/>\nMootor: 4-taktiline, 1-silindriline, bensiinimootor, \u00f5hkjahutus<br \/>\nMootori k\u00e4ivitamine: Manuaalne ja elektriline<br \/>\nK\u00fctusepaagi maht: 12L<br \/>\nKarteri maht: 0.6L<br \/>\nLED-ekraan: Pinge, sagedus, t\u00f6\u00f6aeg<br \/>\nKaal: 43.4Kg<br \/>\n<strong>Eeldatav tarneaeg 1-7 t\u00f6\u00f6p\u00e4eva<\/strong><\/p>\n","protected":false},"featured_media":20115,"template":"","meta":{"inline_featured_image":false},"product_cat":[1090,102],"product_tag":[421,2087,1813,2130],"class_list":{"0":"post-20110","1":"product","2":"type-product","3":"status-publish","4":"has-post-thumbnail","6":"product_brand-konner-sohnen","7":"product_cat-ehitustehnika","8":"product_cat-generaatorid-ja-inverterid","9":"product_tag-generaator","10":"product_tag-invertergeneraator","11":"product_tag-konner-sohnen","12":"product_tag-ks-4000ie-s-ats","14":"first","15":"outofstock","16":"taxable","17":"shipping-taxable","18":"purchasable","19":"product-type-simple"},"yoast_head":"<!-- This site is optimized with the Yoast SEO plugin v27.4 - https:\/\/yoast.com\/product\/yoast-seo-wordpress\/ -->\n<title>Invertergeneraator K\u00f6nner &amp; S\u00f6hnen KS 4000iE S ATS<\/title>\n<meta name=\"description\" content=\"Invertergeneraator K\u00f6nner &amp; S\u00f6hnen KS 4000iE S ATS Generaatoriga on v\u00f5imalik varustada elektritarbijaid, kes saavad t\u00f6\u00f6tada nii TN-is kui ka IT-s\u00fcsteemis.\" \/>\n<meta name=\"robots\" content=\"index, follow, max-snippet:-1, max-image-preview:large, max-video-preview:-1\" \/>\n<link rel=\"canonical\" href=\"https:\/\/ranoja.ee\/toode\/invertergeneraator-konner-sohnen-ks-4000ie-s-ats\/\" \/>\n<meta property=\"og:locale\" content=\"en_US\" \/>\n<meta property=\"og:type\" content=\"article\" \/>\n<meta property=\"og:title\" content=\"Invertergeneraator K\u00f6nner &amp; S\u00f6hnen KS 4000iE S ATS\" \/>\n<meta property=\"og:description\" content=\"Invertergeneraator K\u00f6nner &amp; S\u00f6hnen KS 4000iE S ATS Generaatoriga on v\u00f5imalik varustada elektritarbijaid, kes saavad t\u00f6\u00f6tada nii TN-is kui ka IT-s\u00fcsteemis.\" \/>\n<meta property=\"og:url\" content=\"https:\/\/ranoja.ee\/toode\/invertergeneraator-konner-sohnen-ks-4000ie-s-ats\/\" \/>\n<meta property=\"og:site_name\" content=\"Ranoja\" \/>\n<meta property=\"article:publisher\" content=\"https:\/\/www.facebook.com\/ranoja.ee\" \/>\n<meta property=\"article:modified_time\" content=\"2026-04-14T08:59:23+00:00\" \/>\n<meta property=\"og:image\" content=\"https:\/\/ranoja.ee\/wp-content\/uploads\/2025\/08\/Invertergeneraator-Konner-Sohnen-KS-4000iE-S-ATS-4.webp\" \/>\n\t<meta property=\"og:image:width\" content=\"1600\" \/>\n\t<meta property=\"og:image:height\" content=\"1200\" \/>\n\t<meta property=\"og:image:type\" content=\"image\/webp\" \/>\n<meta name=\"twitter:card\" content=\"summary_large_image\" \/>\n<meta name=\"twitter:label1\" content=\"Est. reading time\" \/>\n\t<meta name=\"twitter:data1\" content=\"2 minutes\" \/>\n<script type=\"application\/ld+json\" class=\"yoast-schema-graph\">{\"@context\":\"https:\\\/\\\/schema.org\",\"@graph\":[{\"@type\":\"WebPage\",\"@id\":\"https:\\\/\\\/ranoja.ee\\\/toode\\\/invertergeneraator-konner-sohnen-ks-4000ie-s-ats\\\/\",\"url\":\"https:\\\/\\\/ranoja.ee\\\/toode\\\/invertergeneraator-konner-sohnen-ks-4000ie-s-ats\\\/\",\"name\":\"Invertergeneraator K\u00f6nner & S\u00f6hnen KS 4000iE S ATS\",\"isPartOf\":{\"@id\":\"https:\\\/\\\/ranoja.ee\\\/#website\"},\"primaryImageOfPage\":{\"@id\":\"https:\\\/\\\/ranoja.ee\\\/toode\\\/invertergeneraator-konner-sohnen-ks-4000ie-s-ats\\\/#primaryimage\"},\"image\":{\"@id\":\"https:\\\/\\\/ranoja.ee\\\/toode\\\/invertergeneraator-konner-sohnen-ks-4000ie-s-ats\\\/#primaryimage\"},\"thumbnailUrl\":\"https:\\\/\\\/ranoja.ee\\\/wp-content\\\/uploads\\\/2025\\\/08\\\/Invertergeneraator-Konner-Sohnen-KS-4000iE-S-ATS-4.webp\",\"datePublished\":\"2025-08-19T07:31:22+00:00\",\"dateModified\":\"2026-04-14T08:59:23+00:00\",\"description\":\"Invertergeneraator K\u00f6nner & S\u00f6hnen KS 4000iE S ATS Generaatoriga on v\u00f5imalik varustada elektritarbijaid, kes saavad t\u00f6\u00f6tada nii TN-is kui ka IT-s\u00fcsteemis.\",\"breadcrumb\":{\"@id\":\"https:\\\/\\\/ranoja.ee\\\/toode\\\/invertergeneraator-konner-sohnen-ks-4000ie-s-ats\\\/#breadcrumb\"},\"inLanguage\":\"en-US\",\"potentialAction\":[{\"@type\":\"ReadAction\",\"target\":[\"https:\\\/\\\/ranoja.ee\\\/toode\\\/invertergeneraator-konner-sohnen-ks-4000ie-s-ats\\\/\"]}]},{\"@type\":\"ImageObject\",\"inLanguage\":\"en-US\",\"@id\":\"https:\\\/\\\/ranoja.ee\\\/toode\\\/invertergeneraator-konner-sohnen-ks-4000ie-s-ats\\\/#primaryimage\",\"url\":\"https:\\\/\\\/ranoja.ee\\\/wp-content\\\/uploads\\\/2025\\\/08\\\/Invertergeneraator-Konner-Sohnen-KS-4000iE-S-ATS-4.webp\",\"contentUrl\":\"https:\\\/\\\/ranoja.ee\\\/wp-content\\\/uploads\\\/2025\\\/08\\\/Invertergeneraator-Konner-Sohnen-KS-4000iE-S-ATS-4.webp\",\"width\":1600,\"height\":1200,\"caption\":\"Invertergeneraator K\u00f6nner & S\u00f6hnen KS 4000iE S ATS\"},{\"@type\":\"BreadcrumbList\",\"@id\":\"https:\\\/\\\/ranoja.ee\\\/toode\\\/invertergeneraator-konner-sohnen-ks-4000ie-s-ats\\\/#breadcrumb\",\"itemListElement\":[{\"@type\":\"ListItem\",\"position\":1,\"name\":\"Home\",\"item\":\"https:\\\/\\\/ranoja.ee\\\/\"},{\"@type\":\"ListItem\",\"position\":2,\"name\":\"Shop\",\"item\":\"https:\\\/\\\/ranoja.ee\\\/en\\\/shop\\\/\"},{\"@type\":\"ListItem\",\"position\":3,\"name\":\"Invertergeneraator K\u00f6nner &#038; S\u00f6hnen KS 4000iE S ATS\"}]},{\"@type\":\"WebSite\",\"@id\":\"https:\\\/\\\/ranoja.ee\\\/#website\",\"url\":\"https:\\\/\\\/ranoja.ee\\\/\",\"name\":\"Ranoja\",\"description\":\"Equipment Shop WooCommerce WordPress Theme for Machine &amp; Tools\",\"publisher\":{\"@id\":\"https:\\\/\\\/ranoja.ee\\\/#organization\"},\"potentialAction\":[{\"@type\":\"SearchAction\",\"target\":{\"@type\":\"EntryPoint\",\"urlTemplate\":\"https:\\\/\\\/ranoja.ee\\\/?s={search_term_string}\"},\"query-input\":{\"@type\":\"PropertyValueSpecification\",\"valueRequired\":true,\"valueName\":\"search_term_string\"}}],\"inLanguage\":\"en-US\"},{\"@type\":\"Organization\",\"@id\":\"https:\\\/\\\/ranoja.ee\\\/#organization\",\"name\":\"Ranoja O\u00dc\",\"url\":\"https:\\\/\\\/ranoja.ee\\\/\",\"logo\":{\"@type\":\"ImageObject\",\"inLanguage\":\"en-US\",\"@id\":\"https:\\\/\\\/ranoja.ee\\\/#\\\/schema\\\/logo\\\/image\\\/\",\"url\":\"https:\\\/\\\/ranoja.ee\\\/wp-content\\\/uploads\\\/2023\\\/11\\\/ranoja-Logo.png\",\"contentUrl\":\"https:\\\/\\\/ranoja.ee\\\/wp-content\\\/uploads\\\/2023\\\/11\\\/ranoja-Logo.png\",\"width\":207,\"height\":58,\"caption\":\"Ranoja O\u00dc\"},\"image\":{\"@id\":\"https:\\\/\\\/ranoja.ee\\\/#\\\/schema\\\/logo\\\/image\\\/\"},\"sameAs\":[\"https:\\\/\\\/www.facebook.com\\\/ranoja.ee\",\"https:\\\/\\\/www.instagram.com\\\/ranoja__\\\/\"]}]}<\/script>\n<!-- \/ Yoast SEO plugin. -->","yoast_head_json":{"title":"Invertergeneraator K\u00f6nner & S\u00f6hnen KS 4000iE S ATS","description":"Invertergeneraator K\u00f6nner & S\u00f6hnen KS 4000iE S ATS Generaatoriga on v\u00f5imalik varustada elektritarbijaid, kes saavad t\u00f6\u00f6tada nii TN-is kui ka IT-s\u00fcsteemis.","robots":{"index":"index","follow":"follow","max-snippet":"max-snippet:-1","max-image-preview":"max-image-preview:large","max-video-preview":"max-video-preview:-1"},"canonical":"https:\/\/ranoja.ee\/toode\/invertergeneraator-konner-sohnen-ks-4000ie-s-ats\/","og_locale":"en_US","og_type":"article","og_title":"Invertergeneraator K\u00f6nner & S\u00f6hnen KS 4000iE S ATS","og_description":"Invertergeneraator K\u00f6nner & S\u00f6hnen KS 4000iE S ATS Generaatoriga on v\u00f5imalik varustada elektritarbijaid, kes saavad t\u00f6\u00f6tada nii TN-is kui ka IT-s\u00fcsteemis.","og_url":"https:\/\/ranoja.ee\/toode\/invertergeneraator-konner-sohnen-ks-4000ie-s-ats\/","og_site_name":"Ranoja","article_publisher":"https:\/\/www.facebook.com\/ranoja.ee","article_modified_time":"2026-04-14T08:59:23+00:00","og_image":[{"width":1600,"height":1200,"url":"https:\/\/ranoja.ee\/wp-content\/uploads\/2025\/08\/Invertergeneraator-Konner-Sohnen-KS-4000iE-S-ATS-4.webp","type":"image\/webp"}],"twitter_card":"summary_large_image","twitter_misc":{"Est. reading time":"2 minutes"},"schema":{"@context":"https:\/\/schema.org","@graph":[{"@type":"WebPage","@id":"https:\/\/ranoja.ee\/toode\/invertergeneraator-konner-sohnen-ks-4000ie-s-ats\/","url":"https:\/\/ranoja.ee\/toode\/invertergeneraator-konner-sohnen-ks-4000ie-s-ats\/","name":"Invertergeneraator K\u00f6nner & S\u00f6hnen KS 4000iE S ATS","isPartOf":{"@id":"https:\/\/ranoja.ee\/#website"},"primaryImageOfPage":{"@id":"https:\/\/ranoja.ee\/toode\/invertergeneraator-konner-sohnen-ks-4000ie-s-ats\/#primaryimage"},"image":{"@id":"https:\/\/ranoja.ee\/toode\/invertergeneraator-konner-sohnen-ks-4000ie-s-ats\/#primaryimage"},"thumbnailUrl":"https:\/\/ranoja.ee\/wp-content\/uploads\/2025\/08\/Invertergeneraator-Konner-Sohnen-KS-4000iE-S-ATS-4.webp","datePublished":"2025-08-19T07:31:22+00:00","dateModified":"2026-04-14T08:59:23+00:00","description":"Invertergeneraator K\u00f6nner & S\u00f6hnen KS 4000iE S ATS Generaatoriga on v\u00f5imalik varustada elektritarbijaid, kes saavad t\u00f6\u00f6tada nii TN-is kui ka IT-s\u00fcsteemis.","breadcrumb":{"@id":"https:\/\/ranoja.ee\/toode\/invertergeneraator-konner-sohnen-ks-4000ie-s-ats\/#breadcrumb"},"inLanguage":"en-US","potentialAction":[{"@type":"ReadAction","target":["https:\/\/ranoja.ee\/toode\/invertergeneraator-konner-sohnen-ks-4000ie-s-ats\/"]}]},{"@type":"ImageObject","inLanguage":"en-US","@id":"https:\/\/ranoja.ee\/toode\/invertergeneraator-konner-sohnen-ks-4000ie-s-ats\/#primaryimage","url":"https:\/\/ranoja.ee\/wp-content\/uploads\/2025\/08\/Invertergeneraator-Konner-Sohnen-KS-4000iE-S-ATS-4.webp","contentUrl":"https:\/\/ranoja.ee\/wp-content\/uploads\/2025\/08\/Invertergeneraator-Konner-Sohnen-KS-4000iE-S-ATS-4.webp","width":1600,"height":1200,"caption":"Invertergeneraator K\u00f6nner & S\u00f6hnen KS 4000iE S ATS"},{"@type":"BreadcrumbList","@id":"https:\/\/ranoja.ee\/toode\/invertergeneraator-konner-sohnen-ks-4000ie-s-ats\/#breadcrumb","itemListElement":[{"@type":"ListItem","position":1,"name":"Home","item":"https:\/\/ranoja.ee\/"},{"@type":"ListItem","position":2,"name":"Shop","item":"https:\/\/ranoja.ee\/en\/shop\/"},{"@type":"ListItem","position":3,"name":"Invertergeneraator K\u00f6nner &#038; S\u00f6hnen KS 4000iE S ATS"}]},{"@type":"WebSite","@id":"https:\/\/ranoja.ee\/#website","url":"https:\/\/ranoja.ee\/","name":"Ranoja","description":"Equipment Shop WooCommerce WordPress Theme for Machine &amp; Tools","publisher":{"@id":"https:\/\/ranoja.ee\/#organization"},"potentialAction":[{"@type":"SearchAction","target":{"@type":"EntryPoint","urlTemplate":"https:\/\/ranoja.ee\/?s={search_term_string}"},"query-input":{"@type":"PropertyValueSpecification","valueRequired":true,"valueName":"search_term_string"}}],"inLanguage":"en-US"},{"@type":"Organization","@id":"https:\/\/ranoja.ee\/#organization","name":"Ranoja O\u00dc","url":"https:\/\/ranoja.ee\/","logo":{"@type":"ImageObject","inLanguage":"en-US","@id":"https:\/\/ranoja.ee\/#\/schema\/logo\/image\/","url":"https:\/\/ranoja.ee\/wp-content\/uploads\/2023\/11\/ranoja-Logo.png","contentUrl":"https:\/\/ranoja.ee\/wp-content\/uploads\/2023\/11\/ranoja-Logo.png","width":207,"height":58,"caption":"Ranoja O\u00dc"},"image":{"@id":"https:\/\/ranoja.ee\/#\/schema\/logo\/image\/"},"sameAs":["https:\/\/www.facebook.com\/ranoja.ee","https:\/\/www.instagram.com\/ranoja__\/"]}]}},"_links":{"self":[{"href":"https:\/\/ranoja.ee\/en\/wp-json\/wp\/v2\/product\/20110","targetHints":{"allow":["GET"]}}],"collection":[{"href":"https:\/\/ranoja.ee\/en\/wp-json\/wp\/v2\/product"}],"about":[{"href":"https:\/\/ranoja.ee\/en\/wp-json\/wp\/v2\/types\/product"}],"wp:featuredmedia":[{"embeddable":true,"href":"https:\/\/ranoja.ee\/en\/wp-json\/wp\/v2\/media\/20115"}],"wp:attachment":[{"href":"https:\/\/ranoja.ee\/en\/wp-json\/wp\/v2\/media?parent=20110"}],"wp:term":[{"taxonomy":"product_cat","embeddable":true,"href":"https:\/\/ranoja.ee\/en\/wp-json\/wp\/v2\/product_cat?post=20110"},{"taxonomy":"product_tag","embeddable":true,"href":"https:\/\/ranoja.ee\/en\/wp-json\/wp\/v2\/product_tag?post=20110"}],"curies":[{"name":"wp","href":"https:\/\/api.w.org\/{rel}","templated":true}]}}