{"id":19731,"date":"2025-08-13T14:42:13","date_gmt":"2025-08-13T11:42:13","guid":{"rendered":"https:\/\/ranoja.ee\/?post_type=product&#038;p=19731"},"modified":"2026-04-14T11:59:24","modified_gmt":"2026-04-14T08:59:24","slug":"kolmefaasiline-diisel-generaator-konner-sohnen-ks-33-3de-g","status":"publish","type":"product","link":"https:\/\/ranoja.ee\/en\/toode\/kolmefaasiline-diisel-generaator-konner-sohnen-ks-33-3de-g\/","title":{"rendered":"Kolmefaasiline diisel generaator K\u00f6nner &#038; S\u00f6hnen KS 33-3DE-G"},"content":{"rendered":"<p>Kolmefaasiline diisel generaator K\u00f6nner &#038; S\u00f6hnen KS 33-3DE-G<\/p>\n<p>Elektrijaamas on v\u00e4ikese kiirusega vedelikjahutusega Deutzi neljasilindriline mootor. Saksa ettev\u00f5ttel Deutz on 150-aastane diiselmootorite (sealhulgas autodele ja p\u00f5llumajandusmasinatele m\u00f5eldud) valmistamise ajalugu, mis sisaldavad tipptasemel tehnoloogiaid ja materjale ning k\u00f5rget kvaliteeti, t\u00f6\u00f6kindlus, t\u00f5rgeteta j\u00f5udlus ja vastupidavus. Deutzi mootorid n\u00e4itavad suurep\u00e4rast j\u00f5udlust k\u00f5ige ebasoodsamates tingimustes ja taluvad maksimaalset koormust.<\/p>\n<p>Diiselgeneraator on arustatud neljapooluselise harjadeta vahelduvvoolugeneraatoriga koos automaatse pingeregulaatoriga, eelsoojendiga k\u00fclmal aastaajal kasutamiseks, 57-liitrise k\u00fctusepaagiga, mis pakub 15-tunnist autonoomset t\u00f6\u00f6d ilma tankimine, k\u00fctusekulu 3,7 liitrit tunnis keskmise 50% koormuse juures, automaatse start\/stopp s\u00fcsteemi \u00fchendamise v\u00f5imalusega ning iga ilmaga vandaalivastane helikindel korrosioonivastase kattega korpus.<\/p>\n<p>EELISED:<\/p>\n<p>VESIJAHUTUS<br \/>\nVesijahutusega mootoris\u00fcsteem tagab seadme t\u00f6\u00f6kindla t\u00f6\u00f6 ja hoiab \u00e4ra mootori enneaegse rikke. Mootori t\u00f5hus jahutus v\u00f5imaldab sellel generaatorikomplektil kokku puutuda k\u00f5rgete \u00fcmbritseva \u00f5hu temperatuuridega.<\/p>\n<p>EELSOOJENDI<br \/>\nMootori eelsoojendi h\u00f5lbustab elektrijaama k\u00e4ivitamist ilma mootorit koormamata, isegi k\u00fclmal aastaajal miinustemperatuuridel. S\u00fcsteem eelsoojendab automaatselt mootori vees\u00e4rgi vajaliku temperatuurini ja hoiab mootori temperatuuri, et h\u00f5lbustada mootori k\u00e4ivitamist iga ilmaga.<\/p>\n<p>K\u00f6nner &amp; S\u00f6hnen on saksa kvaliteeti pakkuv br\u00e4nd. Meie valik sisaldab generaatorid, aiat\u00f6\u00f6riistad ja voolutooted. Oleme tuntud usaldusv\u00e4\u00e4rsuse ja soodsa hinna poolest.<\/p>\n<p>Tootekategooriad:<br \/>\nInvertergeneraatorid<br \/>\nKompaktsed kaasaskantavad generaatorid. Sobivad tundlike elektroonikaseadmete jaoks. Madal k\u00fctusekulu, stabiilne pinge ja madal m\u00fcratase.<\/p>\n<p>Diiselgeneraatorid<br \/>\nV\u00f5imsad seadmed kuni 16\u202fkVA. Singel\u2011 ja 3\u2011faasilised mudelid. Sobivad t\u00f6\u00f6stuslikuks ja koduseks kasutuseks.<\/p>\n<p>P\u00f5hiv\u00e4\u00e4rtused:<br \/>\nEuroopa kvaliteet taskukohase hinnaga.<br \/>\nEuro\u202fV heitgaasistandard, EFI ja PVA tehnoloogiad. Igal mootoril oma seerianumber. Testitud ja sertifitseeritud seadmed.<br \/>\nLai tootevalik generaatorid + aiat\u00f6\u00f6riistad: murutrimmer, aiapuhurid, log splitters, motopumbad, survepesurid, aku- ja laadijad<br \/>\nTeenindus ja garantii olemas kogu Euroopas. Dimax Group toetab varuosi ja tehnilist tuge.<\/p>\n<p>K\u00f6nner &amp; S\u00f6hnen generaatorid:<br \/>\nInvertergeneraatorid<br \/>\nDiiselgeneraatorid<br \/>\n48\u202fV DC generaator<br \/>\nMatka generaator<br \/>\nKodune varugeneraator<br \/>\nEuro V generaator<\/p>\n<p>K\u00f6nner &amp; S\u00f6hnen pakub usaldusv\u00e4\u00e4rseid ja mitmek\u00fclgseid generaatorilahendusi. Tootevalik katab inverter\u2011, diisel\u2011 ja DC generaatorid. Lisaks aiat\u00f6\u00f6riistad ning tehniline tugi.<br \/>\nIdeaalne valik kodu ja professionaalseks kasutamiseks.<\/p>\n<p>Kolmefaasiline diisel generaator K\u00f6nner &#038; S\u00f6hnen KS 33-3DE-G<\/p>\n","protected":false},"excerpt":{"rendered":"<p>Kolmefaasiline diisel generaator K\u00f6nner &#038; S\u00f6hnen KS 33-3DE-G<br \/>\nPinge: 230V\/400V<br \/>\nMaksimaalne v\u00f5imsus 400V: 33kVA<br \/>\nMaksimaalne nominaalne v\u00f5imsus 400V: 30kVA<br \/>\nVool maksimaalne: 47.63A<br \/>\nKaitseklass: IP24<br \/>\nSisseehitatud akulaadia<br \/>\nAku: 85Ah<br \/>\nK\u00fctusepaagi maht: 57L<br \/>\nKarteri maht: 7.5L<br \/>\nJahutusvedeliku maht: 15.8L<br \/>\nEelsoojendi<br \/>\nMootori silindri t\u00f6\u00f6maht: 3168m3<br \/>\nMootor: 4-taktiline, 4-silindriline, diiselmootoriga, vesijahutusega<br \/>\nMootori k\u00e4ivitamine: Automaatne ja manuaalne<br \/>\nMootori p\u00f6\u00f6rlemiskiiruse juhtimine: elektrooniline<br \/>\nT\u00f6\u00f6aeg: Kuni 15 tundi (50% koormusel)<br \/>\nK\u00fctusekulu 50% koormuse juures: 3.7l\/h<br \/>\nPistikupesad: 1 x 230 V, 1 x 400 V 16 A, 1 x 400 V 32 A<br \/>\nToitev\u00e4ljundi kontroller: Pinge stabiliseerimiss\u00fcsteem AVR<br \/>\nKorpuse t\u00fc\u00fcp: Helikindel, niiskuskindel, vandaalivastane, vandaalivastane<br \/>\nJuhtseade: multifunktsionaalne digitaalne kontroller<br \/>\nKaal: 760Kg<br \/>\n<strong>Eeldatav tarneaeg 1-7 t\u00f6\u00f6p\u00e4eva<\/strong><\/p>\n","protected":false},"featured_media":19750,"template":"","meta":{"inline_featured_image":false},"product_cat":[1090,102],"product_tag":[2112,1813,2115],"class_list":{"0":"post-19731","1":"product","2":"type-product","3":"status-publish","4":"has-post-thumbnail","6":"product_brand-konner-sohnen","7":"product_cat-ehitustehnika","8":"product_cat-generaatorid-ja-inverterid","9":"product_tag-diisel-generaator","10":"product_tag-konner-sohnen","11":"product_tag-ks-33-3de-g","13":"first","14":"outofstock","15":"taxable","16":"shipping-taxable","17":"purchasable","18":"product-type-simple"},"yoast_head":"<!-- This site is optimized with the Yoast SEO plugin v27.4 - https:\/\/yoast.com\/product\/yoast-seo-wordpress\/ -->\n<title>Kolmefaasiline diisel generaator K\u00f6nner &amp; S\u00f6hnen KS 33-3DE-G<\/title>\n<meta name=\"description\" content=\"Kolmefaasiline diisel generaator K\u00f6nner &amp; S\u00f6hnen KS 33-3DE-G Generaatoril on v\u00e4ikese kiirusega vedelikjahutusega Deutzi neljasilindriline mootor.\" \/>\n<meta name=\"robots\" content=\"index, follow, max-snippet:-1, max-image-preview:large, max-video-preview:-1\" \/>\n<link rel=\"canonical\" href=\"https:\/\/ranoja.ee\/toode\/kolmefaasiline-diisel-generaator-konner-sohnen-ks-33-3de-g\/\" \/>\n<meta property=\"og:locale\" content=\"en_US\" \/>\n<meta property=\"og:type\" content=\"article\" \/>\n<meta property=\"og:title\" content=\"Kolmefaasiline diisel generaator K\u00f6nner &amp; S\u00f6hnen KS 33-3DE-G\" \/>\n<meta property=\"og:description\" content=\"Kolmefaasiline diisel generaator K\u00f6nner &amp; S\u00f6hnen KS 33-3DE-G Generaatoril on v\u00e4ikese kiirusega vedelikjahutusega Deutzi neljasilindriline mootor.\" \/>\n<meta property=\"og:url\" content=\"https:\/\/ranoja.ee\/toode\/kolmefaasiline-diisel-generaator-konner-sohnen-ks-33-3de-g\/\" \/>\n<meta property=\"og:site_name\" content=\"Ranoja\" \/>\n<meta property=\"article:publisher\" content=\"https:\/\/www.facebook.com\/ranoja.ee\" \/>\n<meta property=\"article:modified_time\" content=\"2026-04-14T08:59:24+00:00\" \/>\n<meta property=\"og:image\" content=\"https:\/\/ranoja.ee\/wp-content\/uploads\/2025\/08\/Kolmefaasiline-diisel-generaator-Konner-Sohnen-KS-33-3DE-G.jpg\" \/>\n\t<meta property=\"og:image:width\" content=\"768\" \/>\n\t<meta property=\"og:image:height\" content=\"576\" \/>\n\t<meta property=\"og:image:type\" content=\"image\/jpeg\" \/>\n<meta name=\"twitter:card\" content=\"summary_large_image\" \/>\n<meta name=\"twitter:label1\" content=\"Est. reading time\" \/>\n\t<meta name=\"twitter:data1\" content=\"2 minutes\" \/>\n<script type=\"application\/ld+json\" class=\"yoast-schema-graph\">{\"@context\":\"https:\\\/\\\/schema.org\",\"@graph\":[{\"@type\":\"WebPage\",\"@id\":\"https:\\\/\\\/ranoja.ee\\\/toode\\\/kolmefaasiline-diisel-generaator-konner-sohnen-ks-33-3de-g\\\/\",\"url\":\"https:\\\/\\\/ranoja.ee\\\/toode\\\/kolmefaasiline-diisel-generaator-konner-sohnen-ks-33-3de-g\\\/\",\"name\":\"Kolmefaasiline diisel generaator K\u00f6nner & S\u00f6hnen KS 33-3DE-G\",\"isPartOf\":{\"@id\":\"https:\\\/\\\/ranoja.ee\\\/#website\"},\"primaryImageOfPage\":{\"@id\":\"https:\\\/\\\/ranoja.ee\\\/toode\\\/kolmefaasiline-diisel-generaator-konner-sohnen-ks-33-3de-g\\\/#primaryimage\"},\"image\":{\"@id\":\"https:\\\/\\\/ranoja.ee\\\/toode\\\/kolmefaasiline-diisel-generaator-konner-sohnen-ks-33-3de-g\\\/#primaryimage\"},\"thumbnailUrl\":\"https:\\\/\\\/ranoja.ee\\\/wp-content\\\/uploads\\\/2025\\\/08\\\/Kolmefaasiline-diisel-generaator-Konner-Sohnen-KS-33-3DE-G.jpg\",\"datePublished\":\"2025-08-13T11:42:13+00:00\",\"dateModified\":\"2026-04-14T08:59:24+00:00\",\"description\":\"Kolmefaasiline diisel generaator K\u00f6nner & S\u00f6hnen KS 33-3DE-G Generaatoril on v\u00e4ikese kiirusega vedelikjahutusega Deutzi neljasilindriline mootor.\",\"breadcrumb\":{\"@id\":\"https:\\\/\\\/ranoja.ee\\\/toode\\\/kolmefaasiline-diisel-generaator-konner-sohnen-ks-33-3de-g\\\/#breadcrumb\"},\"inLanguage\":\"en-US\",\"potentialAction\":[{\"@type\":\"ReadAction\",\"target\":[\"https:\\\/\\\/ranoja.ee\\\/toode\\\/kolmefaasiline-diisel-generaator-konner-sohnen-ks-33-3de-g\\\/\"]}]},{\"@type\":\"ImageObject\",\"inLanguage\":\"en-US\",\"@id\":\"https:\\\/\\\/ranoja.ee\\\/toode\\\/kolmefaasiline-diisel-generaator-konner-sohnen-ks-33-3de-g\\\/#primaryimage\",\"url\":\"https:\\\/\\\/ranoja.ee\\\/wp-content\\\/uploads\\\/2025\\\/08\\\/Kolmefaasiline-diisel-generaator-Konner-Sohnen-KS-33-3DE-G.jpg\",\"contentUrl\":\"https:\\\/\\\/ranoja.ee\\\/wp-content\\\/uploads\\\/2025\\\/08\\\/Kolmefaasiline-diisel-generaator-Konner-Sohnen-KS-33-3DE-G.jpg\",\"width\":768,\"height\":576,\"caption\":\"Kolmefaasiline diisel generaator K\u00f6nner & S\u00f6hnen KS 33-3DE-G\"},{\"@type\":\"BreadcrumbList\",\"@id\":\"https:\\\/\\\/ranoja.ee\\\/toode\\\/kolmefaasiline-diisel-generaator-konner-sohnen-ks-33-3de-g\\\/#breadcrumb\",\"itemListElement\":[{\"@type\":\"ListItem\",\"position\":1,\"name\":\"Home\",\"item\":\"https:\\\/\\\/ranoja.ee\\\/\"},{\"@type\":\"ListItem\",\"position\":2,\"name\":\"Shop\",\"item\":\"https:\\\/\\\/ranoja.ee\\\/en\\\/shop\\\/\"},{\"@type\":\"ListItem\",\"position\":3,\"name\":\"Kolmefaasiline diisel generaator K\u00f6nner &#038; S\u00f6hnen KS 33-3DE-G\"}]},{\"@type\":\"WebSite\",\"@id\":\"https:\\\/\\\/ranoja.ee\\\/#website\",\"url\":\"https:\\\/\\\/ranoja.ee\\\/\",\"name\":\"Ranoja\",\"description\":\"Equipment Shop WooCommerce WordPress Theme for Machine &amp; Tools\",\"publisher\":{\"@id\":\"https:\\\/\\\/ranoja.ee\\\/#organization\"},\"potentialAction\":[{\"@type\":\"SearchAction\",\"target\":{\"@type\":\"EntryPoint\",\"urlTemplate\":\"https:\\\/\\\/ranoja.ee\\\/?s={search_term_string}\"},\"query-input\":{\"@type\":\"PropertyValueSpecification\",\"valueRequired\":true,\"valueName\":\"search_term_string\"}}],\"inLanguage\":\"en-US\"},{\"@type\":\"Organization\",\"@id\":\"https:\\\/\\\/ranoja.ee\\\/#organization\",\"name\":\"Ranoja O\u00dc\",\"url\":\"https:\\\/\\\/ranoja.ee\\\/\",\"logo\":{\"@type\":\"ImageObject\",\"inLanguage\":\"en-US\",\"@id\":\"https:\\\/\\\/ranoja.ee\\\/#\\\/schema\\\/logo\\\/image\\\/\",\"url\":\"https:\\\/\\\/ranoja.ee\\\/wp-content\\\/uploads\\\/2023\\\/11\\\/ranoja-Logo.png\",\"contentUrl\":\"https:\\\/\\\/ranoja.ee\\\/wp-content\\\/uploads\\\/2023\\\/11\\\/ranoja-Logo.png\",\"width\":207,\"height\":58,\"caption\":\"Ranoja O\u00dc\"},\"image\":{\"@id\":\"https:\\\/\\\/ranoja.ee\\\/#\\\/schema\\\/logo\\\/image\\\/\"},\"sameAs\":[\"https:\\\/\\\/www.facebook.com\\\/ranoja.ee\",\"https:\\\/\\\/www.instagram.com\\\/ranoja__\\\/\"]}]}<\/script>\n<!-- \/ Yoast SEO plugin. -->","yoast_head_json":{"title":"Kolmefaasiline diisel generaator K\u00f6nner & S\u00f6hnen KS 33-3DE-G","description":"Kolmefaasiline diisel generaator K\u00f6nner & S\u00f6hnen KS 33-3DE-G Generaatoril on v\u00e4ikese kiirusega vedelikjahutusega Deutzi neljasilindriline mootor.","robots":{"index":"index","follow":"follow","max-snippet":"max-snippet:-1","max-image-preview":"max-image-preview:large","max-video-preview":"max-video-preview:-1"},"canonical":"https:\/\/ranoja.ee\/toode\/kolmefaasiline-diisel-generaator-konner-sohnen-ks-33-3de-g\/","og_locale":"en_US","og_type":"article","og_title":"Kolmefaasiline diisel generaator K\u00f6nner & S\u00f6hnen KS 33-3DE-G","og_description":"Kolmefaasiline diisel generaator K\u00f6nner & S\u00f6hnen KS 33-3DE-G Generaatoril on v\u00e4ikese kiirusega vedelikjahutusega Deutzi neljasilindriline mootor.","og_url":"https:\/\/ranoja.ee\/toode\/kolmefaasiline-diisel-generaator-konner-sohnen-ks-33-3de-g\/","og_site_name":"Ranoja","article_publisher":"https:\/\/www.facebook.com\/ranoja.ee","article_modified_time":"2026-04-14T08:59:24+00:00","og_image":[{"width":768,"height":576,"url":"https:\/\/ranoja.ee\/wp-content\/uploads\/2025\/08\/Kolmefaasiline-diisel-generaator-Konner-Sohnen-KS-33-3DE-G.jpg","type":"image\/jpeg"}],"twitter_card":"summary_large_image","twitter_misc":{"Est. reading time":"2 minutes"},"schema":{"@context":"https:\/\/schema.org","@graph":[{"@type":"WebPage","@id":"https:\/\/ranoja.ee\/toode\/kolmefaasiline-diisel-generaator-konner-sohnen-ks-33-3de-g\/","url":"https:\/\/ranoja.ee\/toode\/kolmefaasiline-diisel-generaator-konner-sohnen-ks-33-3de-g\/","name":"Kolmefaasiline diisel generaator K\u00f6nner & S\u00f6hnen KS 33-3DE-G","isPartOf":{"@id":"https:\/\/ranoja.ee\/#website"},"primaryImageOfPage":{"@id":"https:\/\/ranoja.ee\/toode\/kolmefaasiline-diisel-generaator-konner-sohnen-ks-33-3de-g\/#primaryimage"},"image":{"@id":"https:\/\/ranoja.ee\/toode\/kolmefaasiline-diisel-generaator-konner-sohnen-ks-33-3de-g\/#primaryimage"},"thumbnailUrl":"https:\/\/ranoja.ee\/wp-content\/uploads\/2025\/08\/Kolmefaasiline-diisel-generaator-Konner-Sohnen-KS-33-3DE-G.jpg","datePublished":"2025-08-13T11:42:13+00:00","dateModified":"2026-04-14T08:59:24+00:00","description":"Kolmefaasiline diisel generaator K\u00f6nner & S\u00f6hnen KS 33-3DE-G Generaatoril on v\u00e4ikese kiirusega vedelikjahutusega Deutzi neljasilindriline mootor.","breadcrumb":{"@id":"https:\/\/ranoja.ee\/toode\/kolmefaasiline-diisel-generaator-konner-sohnen-ks-33-3de-g\/#breadcrumb"},"inLanguage":"en-US","potentialAction":[{"@type":"ReadAction","target":["https:\/\/ranoja.ee\/toode\/kolmefaasiline-diisel-generaator-konner-sohnen-ks-33-3de-g\/"]}]},{"@type":"ImageObject","inLanguage":"en-US","@id":"https:\/\/ranoja.ee\/toode\/kolmefaasiline-diisel-generaator-konner-sohnen-ks-33-3de-g\/#primaryimage","url":"https:\/\/ranoja.ee\/wp-content\/uploads\/2025\/08\/Kolmefaasiline-diisel-generaator-Konner-Sohnen-KS-33-3DE-G.jpg","contentUrl":"https:\/\/ranoja.ee\/wp-content\/uploads\/2025\/08\/Kolmefaasiline-diisel-generaator-Konner-Sohnen-KS-33-3DE-G.jpg","width":768,"height":576,"caption":"Kolmefaasiline diisel generaator K\u00f6nner & S\u00f6hnen KS 33-3DE-G"},{"@type":"BreadcrumbList","@id":"https:\/\/ranoja.ee\/toode\/kolmefaasiline-diisel-generaator-konner-sohnen-ks-33-3de-g\/#breadcrumb","itemListElement":[{"@type":"ListItem","position":1,"name":"Home","item":"https:\/\/ranoja.ee\/"},{"@type":"ListItem","position":2,"name":"Shop","item":"https:\/\/ranoja.ee\/en\/shop\/"},{"@type":"ListItem","position":3,"name":"Kolmefaasiline diisel generaator K\u00f6nner &#038; S\u00f6hnen KS 33-3DE-G"}]},{"@type":"WebSite","@id":"https:\/\/ranoja.ee\/#website","url":"https:\/\/ranoja.ee\/","name":"Ranoja","description":"Equipment Shop WooCommerce WordPress Theme for Machine &amp; Tools","publisher":{"@id":"https:\/\/ranoja.ee\/#organization"},"potentialAction":[{"@type":"SearchAction","target":{"@type":"EntryPoint","urlTemplate":"https:\/\/ranoja.ee\/?s={search_term_string}"},"query-input":{"@type":"PropertyValueSpecification","valueRequired":true,"valueName":"search_term_string"}}],"inLanguage":"en-US"},{"@type":"Organization","@id":"https:\/\/ranoja.ee\/#organization","name":"Ranoja O\u00dc","url":"https:\/\/ranoja.ee\/","logo":{"@type":"ImageObject","inLanguage":"en-US","@id":"https:\/\/ranoja.ee\/#\/schema\/logo\/image\/","url":"https:\/\/ranoja.ee\/wp-content\/uploads\/2023\/11\/ranoja-Logo.png","contentUrl":"https:\/\/ranoja.ee\/wp-content\/uploads\/2023\/11\/ranoja-Logo.png","width":207,"height":58,"caption":"Ranoja O\u00dc"},"image":{"@id":"https:\/\/ranoja.ee\/#\/schema\/logo\/image\/"},"sameAs":["https:\/\/www.facebook.com\/ranoja.ee","https:\/\/www.instagram.com\/ranoja__\/"]}]}},"_links":{"self":[{"href":"https:\/\/ranoja.ee\/en\/wp-json\/wp\/v2\/product\/19731","targetHints":{"allow":["GET"]}}],"collection":[{"href":"https:\/\/ranoja.ee\/en\/wp-json\/wp\/v2\/product"}],"about":[{"href":"https:\/\/ranoja.ee\/en\/wp-json\/wp\/v2\/types\/product"}],"wp:featuredmedia":[{"embeddable":true,"href":"https:\/\/ranoja.ee\/en\/wp-json\/wp\/v2\/media\/19750"}],"wp:attachment":[{"href":"https:\/\/ranoja.ee\/en\/wp-json\/wp\/v2\/media?parent=19731"}],"wp:term":[{"taxonomy":"product_cat","embeddable":true,"href":"https:\/\/ranoja.ee\/en\/wp-json\/wp\/v2\/product_cat?post=19731"},{"taxonomy":"product_tag","embeddable":true,"href":"https:\/\/ranoja.ee\/en\/wp-json\/wp\/v2\/product_tag?post=19731"}],"curies":[{"name":"wp","href":"https:\/\/api.w.org\/{rel}","templated":true}]}}