{"id":19652,"date":"2025-08-13T09:25:15","date_gmt":"2025-08-13T06:25:15","guid":{"rendered":"https:\/\/ranoja.ee\/?post_type=product&#038;p=19652"},"modified":"2026-02-20T14:09:13","modified_gmt":"2026-02-20T11:09:13","slug":"robotniiduk-s5-sunseeker-1600-m%c2%b2-kaablivaba","status":"publish","type":"product","link":"https:\/\/ranoja.ee\/en\/toode\/robotniiduk-s5-sunseeker-1600-m%c2%b2-kaablivaba\/","title":{"rendered":"Robotniiduk S5 Sunseeker 1600 m\u00b2 (kaablivaba)"},"content":{"rendered":"<p>Robotniiduk S5 Sunseeker 1600 m\u00b2 (kaablivaba) on juhtmevaba robotniiduk kuni 1600 m2 suurustele murupindadele. Niidukil on AONaviTM positsioneerimis- ja navigeerimiss\u00fcsteem, mis kasutab reaalajas kinemaatilist (RTK) satelliitpositsioneerimise tehnoloogiat ja VSLAM visuaalset navigatsiooni. K\u00f5ik see tagab t\u00e4pse piiride kaardistamise ja niidutrajektoori s\u00f5ltumata takistustest v\u00f5i niidetava pinna ainulaadsest kujust.<br \/>\nVison AI System on varustatud kahe 3D kaameraga. Nii tajub niiduk \u00fcmbritsevat keskkonda ja navigeerib sujuvalt takistuste vahel. Patenteeritud s\u00fcva\u00f5ppe algoritme treenitakse pidevalt kogutud andmete kaudu. Nii \u00f5pib niiduk p\u00fcsivalt \u00fcmbritsevat paremini m\u00f5istma.<br \/>\nSee AWD kolmeratta veoga mudel pakub erakordset 60% ronimisv\u00f5imet, muutes selle ideaalseks ka v\u00e4ljakutseterohkete pinnavormidega aladel.<\/p>\n<p>Robotniiduk S5 Sunseeker 1600 m\u00b2 (kaablivaba)<\/p>\n<h3 class=\"\" data-start=\"0\" data-end=\"32\"><strong data-start=\"4\" data-end=\"30\">Miks valida mururobot?<\/strong><\/h3>\n<p class=\"\" data-start=\"34\" data-end=\"181\">Mururobot on nutikas ja praktiline lahendus, mis teeb muruniitmise lihtsaks ja vaevatuks. Siin on peamised p\u00f5hjused, miks tasub valida mururobot:<\/p>\n<h3 class=\"\" data-start=\"183\" data-end=\"215\"><strong data-start=\"187\" data-end=\"213\">1. Ajas\u00e4\u00e4st ja mugavus<\/strong><\/h3>\n<p class=\"\" data-start=\"216\" data-end=\"528\">\u2705 <strong data-start=\"218\" data-end=\"245\">T\u00e4isautomaatne niitmine<\/strong> \u2013 Mururobot hoolitseb muru eest iseseisvalt, ilma et peaksid ise vaeva n\u00e4gema.<br data-start=\"324\" data-end=\"327\" \/>\u2705 <strong data-start=\"329\" data-end=\"351\">Ajastatud niitmine<\/strong> \u2013 Saad seadistada niitmisgraafiku vastavalt enda eelistustele.<br data-start=\"414\" data-end=\"417\" \/>\u2705 <strong data-start=\"419\" data-end=\"457\">Ei mingit rohuj\u00e4\u00e4tmete koristamist<\/strong> \u2013 Robotniiduk mult\u0161ib muru peeneks ja tagastab toitained pinnasesse.<\/p>\n<h3 class=\"\" data-start=\"530\" data-end=\"569\"><strong data-start=\"534\" data-end=\"567\">2. T\u00e4iuslikult hooldatud muru<\/strong><\/h3>\n<p class=\"\" data-start=\"570\" data-end=\"863\">\ud83c\udf3f <strong data-start=\"573\" data-end=\"601\">\u00dchtlane ja sage niitmine<\/strong> \u2013 Robotniiduk hoiab muru alati ideaalses pikkuses.<br data-start=\"652\" data-end=\"655\" \/>\ud83c\udf3f <strong data-start=\"658\" data-end=\"681\">Mult\u0161imisfunktsioon<\/strong> \u2013 Parandab muru tervist, kuna peenestatud l\u00f5ikmed toimivad loodusliku v\u00e4etisena.<br data-start=\"762\" data-end=\"765\" \/>\ud83c\udf3f <strong data-start=\"768\" data-end=\"795\">Ei tekita rataste j\u00e4lgi<\/strong> \u2013 T\u00e4nu juhuslikule liikumismustrile ei j\u00e4\u00e4 murule koledaid j\u00e4lgi.<\/p>\n<h3 class=\"\" data-start=\"865\" data-end=\"908\"><strong data-start=\"869\" data-end=\"906\">3. T\u00f6\u00f6tab vaikselt ja \u00f6konoomselt<\/strong><\/h3>\n<p class=\"\" data-start=\"909\" data-end=\"1132\">\ud83d\udd0b <strong data-start=\"912\" data-end=\"934\">Madal energiatarve<\/strong> \u2013 Elektritoitel t\u00f6\u00f6tavad robotniidukid on energias\u00e4\u00e4stlikumad kui bensiininiidukid.<br data-start=\"1018\" data-end=\"1021\" \/>\ud83d\udd07 <strong data-start=\"1024\" data-end=\"1043\">V\u00e4ga vaikne t\u00f6\u00f6<\/strong> \u2013 V\u00f5rreldes tavaliste niidukitega on robotniidukid m\u00e4rksa vaiksemad ja h\u00e4irivad v\u00e4hem.<\/p>\n","protected":false},"excerpt":{"rendered":"<p>Robotniiduk S5 Sunseeker 1600 m\u00b2 (kaablivaba)<\/p>\n<p>TEHNILISED N\u00c4ITAJAD<br \/>\nTehnoloogia RTK+AI+VSLAM<br \/>\nMax. niidetav ala 1.600 m\u00b2<br \/>\nNiiduk\u00f5rgus min.\/max. 20-60 mm<br \/>\nNiiduk\u00f5rguse seadistus k\u00e4sitsi<br \/>\nNiidulaius 20 cm<br \/>\nAku mahutavus 5 Ah<br \/>\nLaadimisvool 3A<br \/>\nMax. n\u00f5lva kalle 30\u00b0 \/ 60 %<br \/>\nSeadistatavaid alasid Kuni 6<br \/>\nM\u00fcratase 59 dB<\/p>\n<p>ERIOMADUSED<br \/>\nPiirdekaablita<br \/>\nRTK-tugijaam<br \/>\nApp\/Wifi\/Bluetooth<br \/>\nS\u00fcstemaatiline niitmine<br \/>\nAWD-kolmeratta veos\u00fcsteem<br \/>\nServal\u00f5ikus<br \/>\nUjuv niiduseade<br \/>\nTakistuste tuvastamine<br \/>\nVihmaandur<br \/>\nAlexa \/ Google Home nutiassistendi tugi<br \/>\nFOTA (FirmwareOverTheAir)<\/p>\n<p>Tootja garantii 2 +1 aastat registreerides seadme 30 p\u00e4eva jooksul ostukuup\u00e4evast veebik\u00fcljel sunseekerelite.com<\/p>\n<p><strong>Eeldatav tarneaeg 1-7 t\u00f6\u00f6p\u00e4eva<\/strong><\/p>\n[embed]https:\/\/youtube.com\/shorts\/cFAjLPeQgUQ?si=yoHRBzA8_tBm4Ppg[\/embed]\n","protected":false},"featured_media":19659,"template":"","meta":{"inline_featured_image":false},"product_cat":[1079,1080],"product_tag":[1150,567,1144,2111,1798,1799],"class_list":{"0":"post-19652","1":"product","2":"type-product","3":"status-publish","4":"has-post-thumbnail","6":"product_brand-sunseeker","7":"product_cat-aiatehnika-ja-niidutehnika","8":"product_cat-robotniidukid","9":"product_tag-mururobot","10":"product_tag-niiduk","11":"product_tag-robotniiduk","12":"product_tag-s5-sunseeker","13":"product_tag-sun-seeker","14":"product_tag-sunseeker","16":"first","17":"instock","18":"taxable","19":"shipping-taxable","20":"purchasable","21":"product-type-simple"},"yoast_head":"<!-- This site is optimized with the Yoast SEO plugin v27.4 - https:\/\/yoast.com\/product\/yoast-seo-wordpress\/ -->\n<title>Robotniiduk S5 Sunseeker 1600 m\u00b2 (kaablivaba)<\/title>\n<meta name=\"description\" content=\"Robotniiduk S5 Sunseeker 1600 m\u00b2 (kaablivaba) - Tehnoloogia RTK+AI+VSLAM - ison AI System on varustatud kahe 3D kaameraga T\u00e4ielikult juhtmevaba mururobot\" \/>\n<meta name=\"robots\" content=\"index, follow, max-snippet:-1, max-image-preview:large, max-video-preview:-1\" \/>\n<link rel=\"canonical\" href=\"https:\/\/ranoja.ee\/toode\/robotniiduk-s5-sunseeker-1600-m\u00b2-kaablivaba\/\" \/>\n<meta property=\"og:locale\" content=\"en_US\" \/>\n<meta property=\"og:type\" content=\"article\" \/>\n<meta property=\"og:title\" content=\"Robotniiduk S5 Sunseeker 1600 m\u00b2 (kaablivaba)\" \/>\n<meta property=\"og:description\" content=\"Robotniiduk S5 Sunseeker 1600 m\u00b2 (kaablivaba) - Tehnoloogia RTK+AI+VSLAM - ison AI System on varustatud kahe 3D kaameraga T\u00e4ielikult juhtmevaba mururobot\" \/>\n<meta property=\"og:url\" content=\"https:\/\/ranoja.ee\/toode\/robotniiduk-s5-sunseeker-1600-m\u00b2-kaablivaba\/\" \/>\n<meta property=\"og:site_name\" content=\"Ranoja\" \/>\n<meta property=\"article:publisher\" content=\"https:\/\/www.facebook.com\/ranoja.ee\" \/>\n<meta property=\"article:modified_time\" content=\"2026-02-20T11:09:13+00:00\" \/>\n<meta property=\"og:image\" content=\"https:\/\/ranoja.ee\/wp-content\/uploads\/2025\/08\/Robotniiduk-S5-Sunseeker-1600-m\u00b2-kaablivaba-1.png\" \/>\n\t<meta property=\"og:image:width\" content=\"900\" \/>\n\t<meta property=\"og:image:height\" content=\"900\" \/>\n\t<meta property=\"og:image:type\" content=\"image\/png\" \/>\n<meta name=\"twitter:card\" content=\"summary_large_image\" \/>\n<meta name=\"twitter:label1\" content=\"Est. reading time\" \/>\n\t<meta name=\"twitter:data1\" content=\"2 minutes\" \/>\n<script type=\"application\/ld+json\" class=\"yoast-schema-graph\">{\"@context\":\"https:\\\/\\\/schema.org\",\"@graph\":[{\"@type\":\"WebPage\",\"@id\":\"https:\\\/\\\/ranoja.ee\\\/toode\\\/robotniiduk-s5-sunseeker-1600-m%c2%b2-kaablivaba\\\/\",\"url\":\"https:\\\/\\\/ranoja.ee\\\/toode\\\/robotniiduk-s5-sunseeker-1600-m%c2%b2-kaablivaba\\\/\",\"name\":\"Robotniiduk S5 Sunseeker 1600 m\u00b2 (kaablivaba)\",\"isPartOf\":{\"@id\":\"https:\\\/\\\/ranoja.ee\\\/#website\"},\"primaryImageOfPage\":{\"@id\":\"https:\\\/\\\/ranoja.ee\\\/toode\\\/robotniiduk-s5-sunseeker-1600-m%c2%b2-kaablivaba\\\/#primaryimage\"},\"image\":{\"@id\":\"https:\\\/\\\/ranoja.ee\\\/toode\\\/robotniiduk-s5-sunseeker-1600-m%c2%b2-kaablivaba\\\/#primaryimage\"},\"thumbnailUrl\":\"https:\\\/\\\/ranoja.ee\\\/wp-content\\\/uploads\\\/2025\\\/08\\\/Robotniiduk-S5-Sunseeker-1600-m\u00b2-kaablivaba-1.png\",\"datePublished\":\"2025-08-13T06:25:15+00:00\",\"dateModified\":\"2026-02-20T11:09:13+00:00\",\"description\":\"Robotniiduk S5 Sunseeker 1600 m\u00b2 (kaablivaba) - Tehnoloogia RTK+AI+VSLAM - ison AI System on varustatud kahe 3D kaameraga T\u00e4ielikult juhtmevaba mururobot\",\"breadcrumb\":{\"@id\":\"https:\\\/\\\/ranoja.ee\\\/toode\\\/robotniiduk-s5-sunseeker-1600-m%c2%b2-kaablivaba\\\/#breadcrumb\"},\"inLanguage\":\"en-US\",\"potentialAction\":[{\"@type\":\"ReadAction\",\"target\":[\"https:\\\/\\\/ranoja.ee\\\/toode\\\/robotniiduk-s5-sunseeker-1600-m%c2%b2-kaablivaba\\\/\"]}]},{\"@type\":\"ImageObject\",\"inLanguage\":\"en-US\",\"@id\":\"https:\\\/\\\/ranoja.ee\\\/toode\\\/robotniiduk-s5-sunseeker-1600-m%c2%b2-kaablivaba\\\/#primaryimage\",\"url\":\"https:\\\/\\\/ranoja.ee\\\/wp-content\\\/uploads\\\/2025\\\/08\\\/Robotniiduk-S5-Sunseeker-1600-m\u00b2-kaablivaba-1.png\",\"contentUrl\":\"https:\\\/\\\/ranoja.ee\\\/wp-content\\\/uploads\\\/2025\\\/08\\\/Robotniiduk-S5-Sunseeker-1600-m\u00b2-kaablivaba-1.png\",\"width\":900,\"height\":900,\"caption\":\"Robotniiduk S5 Sunseeker 1600 m\u00b2 (kaablivaba)\"},{\"@type\":\"BreadcrumbList\",\"@id\":\"https:\\\/\\\/ranoja.ee\\\/toode\\\/robotniiduk-s5-sunseeker-1600-m%c2%b2-kaablivaba\\\/#breadcrumb\",\"itemListElement\":[{\"@type\":\"ListItem\",\"position\":1,\"name\":\"Home\",\"item\":\"https:\\\/\\\/ranoja.ee\\\/\"},{\"@type\":\"ListItem\",\"position\":2,\"name\":\"Shop\",\"item\":\"https:\\\/\\\/ranoja.ee\\\/en\\\/shop\\\/\"},{\"@type\":\"ListItem\",\"position\":3,\"name\":\"Robotniiduk S5 Sunseeker 1600 m\u00b2 (kaablivaba)\"}]},{\"@type\":\"WebSite\",\"@id\":\"https:\\\/\\\/ranoja.ee\\\/#website\",\"url\":\"https:\\\/\\\/ranoja.ee\\\/\",\"name\":\"Ranoja\",\"description\":\"Equipment Shop WooCommerce WordPress Theme for Machine &amp; Tools\",\"publisher\":{\"@id\":\"https:\\\/\\\/ranoja.ee\\\/#organization\"},\"potentialAction\":[{\"@type\":\"SearchAction\",\"target\":{\"@type\":\"EntryPoint\",\"urlTemplate\":\"https:\\\/\\\/ranoja.ee\\\/?s={search_term_string}\"},\"query-input\":{\"@type\":\"PropertyValueSpecification\",\"valueRequired\":true,\"valueName\":\"search_term_string\"}}],\"inLanguage\":\"en-US\"},{\"@type\":\"Organization\",\"@id\":\"https:\\\/\\\/ranoja.ee\\\/#organization\",\"name\":\"Ranoja O\u00dc\",\"url\":\"https:\\\/\\\/ranoja.ee\\\/\",\"logo\":{\"@type\":\"ImageObject\",\"inLanguage\":\"en-US\",\"@id\":\"https:\\\/\\\/ranoja.ee\\\/#\\\/schema\\\/logo\\\/image\\\/\",\"url\":\"https:\\\/\\\/ranoja.ee\\\/wp-content\\\/uploads\\\/2023\\\/11\\\/ranoja-Logo.png\",\"contentUrl\":\"https:\\\/\\\/ranoja.ee\\\/wp-content\\\/uploads\\\/2023\\\/11\\\/ranoja-Logo.png\",\"width\":207,\"height\":58,\"caption\":\"Ranoja O\u00dc\"},\"image\":{\"@id\":\"https:\\\/\\\/ranoja.ee\\\/#\\\/schema\\\/logo\\\/image\\\/\"},\"sameAs\":[\"https:\\\/\\\/www.facebook.com\\\/ranoja.ee\",\"https:\\\/\\\/www.instagram.com\\\/ranoja__\\\/\"]}]}<\/script>\n<!-- \/ Yoast SEO plugin. -->","yoast_head_json":{"title":"Robotniiduk S5 Sunseeker 1600 m\u00b2 (kaablivaba)","description":"Robotniiduk S5 Sunseeker 1600 m\u00b2 (kaablivaba) - Tehnoloogia RTK+AI+VSLAM - ison AI System on varustatud kahe 3D kaameraga T\u00e4ielikult juhtmevaba mururobot","robots":{"index":"index","follow":"follow","max-snippet":"max-snippet:-1","max-image-preview":"max-image-preview:large","max-video-preview":"max-video-preview:-1"},"canonical":"https:\/\/ranoja.ee\/toode\/robotniiduk-s5-sunseeker-1600-m\u00b2-kaablivaba\/","og_locale":"en_US","og_type":"article","og_title":"Robotniiduk S5 Sunseeker 1600 m\u00b2 (kaablivaba)","og_description":"Robotniiduk S5 Sunseeker 1600 m\u00b2 (kaablivaba) - Tehnoloogia RTK+AI+VSLAM - ison AI System on varustatud kahe 3D kaameraga T\u00e4ielikult juhtmevaba mururobot","og_url":"https:\/\/ranoja.ee\/toode\/robotniiduk-s5-sunseeker-1600-m\u00b2-kaablivaba\/","og_site_name":"Ranoja","article_publisher":"https:\/\/www.facebook.com\/ranoja.ee","article_modified_time":"2026-02-20T11:09:13+00:00","og_image":[{"width":900,"height":900,"url":"https:\/\/ranoja.ee\/wp-content\/uploads\/2025\/08\/Robotniiduk-S5-Sunseeker-1600-m\u00b2-kaablivaba-1.png","type":"image\/png"}],"twitter_card":"summary_large_image","twitter_misc":{"Est. reading time":"2 minutes"},"schema":{"@context":"https:\/\/schema.org","@graph":[{"@type":"WebPage","@id":"https:\/\/ranoja.ee\/toode\/robotniiduk-s5-sunseeker-1600-m%c2%b2-kaablivaba\/","url":"https:\/\/ranoja.ee\/toode\/robotniiduk-s5-sunseeker-1600-m%c2%b2-kaablivaba\/","name":"Robotniiduk S5 Sunseeker 1600 m\u00b2 (kaablivaba)","isPartOf":{"@id":"https:\/\/ranoja.ee\/#website"},"primaryImageOfPage":{"@id":"https:\/\/ranoja.ee\/toode\/robotniiduk-s5-sunseeker-1600-m%c2%b2-kaablivaba\/#primaryimage"},"image":{"@id":"https:\/\/ranoja.ee\/toode\/robotniiduk-s5-sunseeker-1600-m%c2%b2-kaablivaba\/#primaryimage"},"thumbnailUrl":"https:\/\/ranoja.ee\/wp-content\/uploads\/2025\/08\/Robotniiduk-S5-Sunseeker-1600-m\u00b2-kaablivaba-1.png","datePublished":"2025-08-13T06:25:15+00:00","dateModified":"2026-02-20T11:09:13+00:00","description":"Robotniiduk S5 Sunseeker 1600 m\u00b2 (kaablivaba) - Tehnoloogia RTK+AI+VSLAM - ison AI System on varustatud kahe 3D kaameraga T\u00e4ielikult juhtmevaba mururobot","breadcrumb":{"@id":"https:\/\/ranoja.ee\/toode\/robotniiduk-s5-sunseeker-1600-m%c2%b2-kaablivaba\/#breadcrumb"},"inLanguage":"en-US","potentialAction":[{"@type":"ReadAction","target":["https:\/\/ranoja.ee\/toode\/robotniiduk-s5-sunseeker-1600-m%c2%b2-kaablivaba\/"]}]},{"@type":"ImageObject","inLanguage":"en-US","@id":"https:\/\/ranoja.ee\/toode\/robotniiduk-s5-sunseeker-1600-m%c2%b2-kaablivaba\/#primaryimage","url":"https:\/\/ranoja.ee\/wp-content\/uploads\/2025\/08\/Robotniiduk-S5-Sunseeker-1600-m\u00b2-kaablivaba-1.png","contentUrl":"https:\/\/ranoja.ee\/wp-content\/uploads\/2025\/08\/Robotniiduk-S5-Sunseeker-1600-m\u00b2-kaablivaba-1.png","width":900,"height":900,"caption":"Robotniiduk S5 Sunseeker 1600 m\u00b2 (kaablivaba)"},{"@type":"BreadcrumbList","@id":"https:\/\/ranoja.ee\/toode\/robotniiduk-s5-sunseeker-1600-m%c2%b2-kaablivaba\/#breadcrumb","itemListElement":[{"@type":"ListItem","position":1,"name":"Home","item":"https:\/\/ranoja.ee\/"},{"@type":"ListItem","position":2,"name":"Shop","item":"https:\/\/ranoja.ee\/en\/shop\/"},{"@type":"ListItem","position":3,"name":"Robotniiduk S5 Sunseeker 1600 m\u00b2 (kaablivaba)"}]},{"@type":"WebSite","@id":"https:\/\/ranoja.ee\/#website","url":"https:\/\/ranoja.ee\/","name":"Ranoja","description":"Equipment Shop WooCommerce WordPress Theme for Machine &amp; Tools","publisher":{"@id":"https:\/\/ranoja.ee\/#organization"},"potentialAction":[{"@type":"SearchAction","target":{"@type":"EntryPoint","urlTemplate":"https:\/\/ranoja.ee\/?s={search_term_string}"},"query-input":{"@type":"PropertyValueSpecification","valueRequired":true,"valueName":"search_term_string"}}],"inLanguage":"en-US"},{"@type":"Organization","@id":"https:\/\/ranoja.ee\/#organization","name":"Ranoja O\u00dc","url":"https:\/\/ranoja.ee\/","logo":{"@type":"ImageObject","inLanguage":"en-US","@id":"https:\/\/ranoja.ee\/#\/schema\/logo\/image\/","url":"https:\/\/ranoja.ee\/wp-content\/uploads\/2023\/11\/ranoja-Logo.png","contentUrl":"https:\/\/ranoja.ee\/wp-content\/uploads\/2023\/11\/ranoja-Logo.png","width":207,"height":58,"caption":"Ranoja O\u00dc"},"image":{"@id":"https:\/\/ranoja.ee\/#\/schema\/logo\/image\/"},"sameAs":["https:\/\/www.facebook.com\/ranoja.ee","https:\/\/www.instagram.com\/ranoja__\/"]}]}},"_links":{"self":[{"href":"https:\/\/ranoja.ee\/en\/wp-json\/wp\/v2\/product\/19652","targetHints":{"allow":["GET"]}}],"collection":[{"href":"https:\/\/ranoja.ee\/en\/wp-json\/wp\/v2\/product"}],"about":[{"href":"https:\/\/ranoja.ee\/en\/wp-json\/wp\/v2\/types\/product"}],"wp:featuredmedia":[{"embeddable":true,"href":"https:\/\/ranoja.ee\/en\/wp-json\/wp\/v2\/media\/19659"}],"wp:attachment":[{"href":"https:\/\/ranoja.ee\/en\/wp-json\/wp\/v2\/media?parent=19652"}],"wp:term":[{"taxonomy":"product_cat","embeddable":true,"href":"https:\/\/ranoja.ee\/en\/wp-json\/wp\/v2\/product_cat?post=19652"},{"taxonomy":"product_tag","embeddable":true,"href":"https:\/\/ranoja.ee\/en\/wp-json\/wp\/v2\/product_tag?post=19652"}],"curies":[{"name":"wp","href":"https:\/\/api.w.org\/{rel}","templated":true}]}}